{"id":17049,"date":"2018-12-03T14:18:16","date_gmt":"2018-12-03T13:18:16","guid":{"rendered":"https:\/\/gobio-robot.com\/contact-form-2\/"},"modified":"2023-02-01T14:21:21","modified_gmt":"2023-02-01T13:21:21","slug":"contact-form-2","status":"publish","type":"page","link":"https:\/\/gobio-robot.com\/en\/contact-form-2\/","title":{"rendered":"Merci !"},"content":{"rendered":"<div class=\"wpb-content-wrapper\"><p>[vc_row][vc_column][vc_column_text]Nous vous remercions pour votre demande de renseignement. <strong>Le lien d\u2019acc\u00e8s au(x) document(s) souhait\u00e9(s) vous a \u00e9t\u00e9 transmis par email.<\/strong><\/p>\n<p>Pensez \u00e0 v\u00e9rifier vos spams. Si vous rencontriez des probl\u00e8mes de t\u00e9l\u00e9chargement, \u00e9crivez-nous via <a href=\"https:\/\/gobio-robot.com\/contact\/\">notre formulaire de contact.<\/a>[\/vc_column_text][\/vc_column][\/vc_row]<\/p>\n<\/div>","protected":false},"excerpt":{"rendered":"<p>[vc_row][vc_column][vc_column_text]Nous vous remercions pour votre demande de renseignement. Le lien d\u2019acc\u00e8s au(x) document(s) souhait\u00e9(s) vous a \u00e9t\u00e9 transmis par email. Pensez \u00e0 v\u00e9rifier vos spams. Si vous rencontriez des probl\u00e8mes&hellip;<\/p>\n","protected":false},"author":2,"featured_media":13363,"parent":0,"menu_order":0,"comment_status":"closed","ping_status":"closed","template":"","meta":{"_acf_changed":false,"footnotes":""},"class_list":["post-17049","page","type-page","status-publish","has-post-thumbnail","hentry"],"acf":[],"yoast_head":"<title>Merci ! - GOBIO<\/title>\n<meta name=\"robots\" content=\"index, follow, max-snippet:-1, max-image-preview:large, max-video-preview:-1\" \/>\n<link rel=\"canonical\" href=\"https:\/\/gobio-robot.com\/en\/contact-form-2\/\" \/>\n<meta property=\"og:locale\" content=\"en_US\" \/>\n<meta property=\"og:type\" content=\"article\" \/>\n<meta property=\"og:title\" content=\"Merci ! - GOBIO\" \/>\n<meta property=\"og:description\" content=\"[vc_row][vc_column][vc_column_text]Nous vous remercions pour votre demande de renseignement. Le lien d\u2019acc\u00e8s au(x) document(s) souhait\u00e9(s) vous a \u00e9t\u00e9 transmis par email. Pensez \u00e0 v\u00e9rifier vos spams. Si vous rencontriez des probl\u00e8mes&hellip;\" \/>\n<meta property=\"og:url\" content=\"https:\/\/gobio-robot.com\/en\/contact-form-2\/\" \/>\n<meta property=\"og:site_name\" content=\"GOBIO\" \/>\n<meta property=\"article:modified_time\" content=\"2023-02-01T13:21:21+00:00\" \/>\n<meta property=\"og:image\" content=\"https:\/\/gobio-robot.com\/wp-content\/uploads\/sites\/6\/2017\/05\/batiment-gebe2-vue-aerienne.jpg\" \/>\n\t<meta property=\"og:image:width\" content=\"2000\" \/>\n\t<meta property=\"og:image:height\" content=\"1500\" \/>\n\t<meta property=\"og:image:type\" content=\"image\/jpeg\" \/>\n<meta name=\"twitter:card\" content=\"summary_large_image\" \/>\n<script type=\"application\/ld+json\" class=\"yoast-schema-graph\">{\"@context\":\"https:\\\/\\\/schema.org\",\"@graph\":[{\"@type\":\"WebPage\",\"@id\":\"https:\\\/\\\/gobio-robot.com\\\/en\\\/contact-form-2\\\/\",\"url\":\"https:\\\/\\\/gobio-robot.com\\\/en\\\/contact-form-2\\\/\",\"name\":\"Merci ! - GOBIO\",\"isPartOf\":{\"@id\":\"https:\\\/\\\/gobio-robot.com\\\/#website\"},\"primaryImageOfPage\":{\"@id\":\"https:\\\/\\\/gobio-robot.com\\\/en\\\/contact-form-2\\\/#primaryimage\"},\"image\":{\"@id\":\"https:\\\/\\\/gobio-robot.com\\\/en\\\/contact-form-2\\\/#primaryimage\"},\"thumbnailUrl\":\"https:\\\/\\\/gobio-robot.com\\\/wp-content\\\/uploads\\\/sites\\\/6\\\/2017\\\/05\\\/batiment-gebe2-vue-aerienne.jpg\",\"datePublished\":\"2018-12-03T13:18:16+00:00\",\"dateModified\":\"2023-02-01T13:21:21+00:00\",\"breadcrumb\":{\"@id\":\"https:\\\/\\\/gobio-robot.com\\\/en\\\/contact-form-2\\\/#breadcrumb\"},\"inLanguage\":\"en-US\",\"potentialAction\":[{\"@type\":\"ReadAction\",\"target\":[\"https:\\\/\\\/gobio-robot.com\\\/en\\\/contact-form-2\\\/\"]}]},{\"@type\":\"ImageObject\",\"inLanguage\":\"en-US\",\"@id\":\"https:\\\/\\\/gobio-robot.com\\\/en\\\/contact-form-2\\\/#primaryimage\",\"url\":\"https:\\\/\\\/gobio-robot.com\\\/wp-content\\\/uploads\\\/sites\\\/6\\\/2017\\\/05\\\/batiment-gebe2-vue-aerienne.jpg\",\"contentUrl\":\"https:\\\/\\\/gobio-robot.com\\\/wp-content\\\/uploads\\\/sites\\\/6\\\/2017\\\/05\\\/batiment-gebe2-vue-aerienne.jpg\",\"width\":2000,\"height\":1500,\"caption\":\"GOBIO by GEBE2\"},{\"@type\":\"BreadcrumbList\",\"@id\":\"https:\\\/\\\/gobio-robot.com\\\/en\\\/contact-form-2\\\/#breadcrumb\",\"itemListElement\":[{\"@type\":\"ListItem\",\"position\":1,\"name\":\"Home\",\"item\":\"https:\\\/\\\/gobio-robot.com\\\/en\\\/\"},{\"@type\":\"ListItem\",\"position\":2,\"name\":\"Merci !\"}]},{\"@type\":\"WebSite\",\"@id\":\"https:\\\/\\\/gobio-robot.com\\\/#website\",\"url\":\"https:\\\/\\\/gobio-robot.com\\\/\",\"name\":\"GOBIO\",\"description\":\"\",\"potentialAction\":[{\"@type\":\"SearchAction\",\"target\":{\"@type\":\"EntryPoint\",\"urlTemplate\":\"https:\\\/\\\/gobio-robot.com\\\/?s={search_term_string}\"},\"query-input\":{\"@type\":\"PropertyValueSpecification\",\"valueRequired\":true,\"valueName\":\"search_term_string\"}}],\"inLanguage\":\"en-US\"}]}<\/script>","yoast_head_json":{"title":"Merci ! - GOBIO","robots":{"index":"index","follow":"follow","max-snippet":"max-snippet:-1","max-image-preview":"max-image-preview:large","max-video-preview":"max-video-preview:-1"},"canonical":"https:\/\/gobio-robot.com\/en\/contact-form-2\/","og_locale":"en_US","og_type":"article","og_title":"Merci ! - GOBIO","og_description":"[vc_row][vc_column][vc_column_text]Nous vous remercions pour votre demande de renseignement. Le lien d\u2019acc\u00e8s au(x) document(s) souhait\u00e9(s) vous a \u00e9t\u00e9 transmis par email. Pensez \u00e0 v\u00e9rifier vos spams. Si vous rencontriez des probl\u00e8mes&hellip;","og_url":"https:\/\/gobio-robot.com\/en\/contact-form-2\/","og_site_name":"GOBIO","article_modified_time":"2023-02-01T13:21:21+00:00","og_image":[{"width":2000,"height":1500,"url":"https:\/\/gobio-robot.com\/wp-content\/uploads\/sites\/6\/2017\/05\/batiment-gebe2-vue-aerienne.jpg","type":"image\/jpeg"}],"twitter_card":"summary_large_image","schema":{"@context":"https:\/\/schema.org","@graph":[{"@type":"WebPage","@id":"https:\/\/gobio-robot.com\/en\/contact-form-2\/","url":"https:\/\/gobio-robot.com\/en\/contact-form-2\/","name":"Merci ! - GOBIO","isPartOf":{"@id":"https:\/\/gobio-robot.com\/#website"},"primaryImageOfPage":{"@id":"https:\/\/gobio-robot.com\/en\/contact-form-2\/#primaryimage"},"image":{"@id":"https:\/\/gobio-robot.com\/en\/contact-form-2\/#primaryimage"},"thumbnailUrl":"https:\/\/gobio-robot.com\/wp-content\/uploads\/sites\/6\/2017\/05\/batiment-gebe2-vue-aerienne.jpg","datePublished":"2018-12-03T13:18:16+00:00","dateModified":"2023-02-01T13:21:21+00:00","breadcrumb":{"@id":"https:\/\/gobio-robot.com\/en\/contact-form-2\/#breadcrumb"},"inLanguage":"en-US","potentialAction":[{"@type":"ReadAction","target":["https:\/\/gobio-robot.com\/en\/contact-form-2\/"]}]},{"@type":"ImageObject","inLanguage":"en-US","@id":"https:\/\/gobio-robot.com\/en\/contact-form-2\/#primaryimage","url":"https:\/\/gobio-robot.com\/wp-content\/uploads\/sites\/6\/2017\/05\/batiment-gebe2-vue-aerienne.jpg","contentUrl":"https:\/\/gobio-robot.com\/wp-content\/uploads\/sites\/6\/2017\/05\/batiment-gebe2-vue-aerienne.jpg","width":2000,"height":1500,"caption":"GOBIO by GEBE2"},{"@type":"BreadcrumbList","@id":"https:\/\/gobio-robot.com\/en\/contact-form-2\/#breadcrumb","itemListElement":[{"@type":"ListItem","position":1,"name":"Home","item":"https:\/\/gobio-robot.com\/en\/"},{"@type":"ListItem","position":2,"name":"Merci !"}]},{"@type":"WebSite","@id":"https:\/\/gobio-robot.com\/#website","url":"https:\/\/gobio-robot.com\/","name":"GOBIO","description":"","potentialAction":[{"@type":"SearchAction","target":{"@type":"EntryPoint","urlTemplate":"https:\/\/gobio-robot.com\/?s={search_term_string}"},"query-input":{"@type":"PropertyValueSpecification","valueRequired":true,"valueName":"search_term_string"}}],"inLanguage":"en-US"}]}},"_links":{"self":[{"href":"https:\/\/gobio-robot.com\/en\/wp-json\/wp\/v2\/pages\/17049","targetHints":{"allow":["GET"]}}],"collection":[{"href":"https:\/\/gobio-robot.com\/en\/wp-json\/wp\/v2\/pages"}],"about":[{"href":"https:\/\/gobio-robot.com\/en\/wp-json\/wp\/v2\/types\/page"}],"author":[{"embeddable":true,"href":"https:\/\/gobio-robot.com\/en\/wp-json\/wp\/v2\/users\/2"}],"replies":[{"embeddable":true,"href":"https:\/\/gobio-robot.com\/en\/wp-json\/wp\/v2\/comments?post=17049"}],"version-history":[{"count":1,"href":"https:\/\/gobio-robot.com\/en\/wp-json\/wp\/v2\/pages\/17049\/revisions"}],"predecessor-version":[{"id":17052,"href":"https:\/\/gobio-robot.com\/en\/wp-json\/wp\/v2\/pages\/17049\/revisions\/17052"}],"wp:featuredmedia":[{"embeddable":true,"href":"https:\/\/gobio-robot.com\/en\/wp-json\/wp\/v2\/media\/13363"}],"wp:attachment":[{"href":"https:\/\/gobio-robot.com\/en\/wp-json\/wp\/v2\/media?parent=17049"}],"curies":[{"name":"wp","href":"https:\/\/api.w.org\/{rel}","templated":true}]}}