{"id":17072,"date":"2018-07-03T16:50:59","date_gmt":"2018-07-03T14:50:59","guid":{"rendered":"https:\/\/gobio-robot.com\/exosquelette-logistique\/"},"modified":"2025-12-11T17:17:20","modified_gmt":"2025-12-11T16:17:20","slug":"exosquelette-logistique","status":"publish","type":"page","link":"https:\/\/gobio-robot.com\/en\/exosquelette-logistique\/","title":{"rendered":"Logistics"},"content":{"rendered":"<div class=\"wpb-content-wrapper\"><p>[vc_row][vc_column][vc_empty_space height=&#8221;100&#8243;][vc_raw_html css=&#8221;&#8221;]JTVCd3BzZW9fYnJlYWRjcnVtYiU1RA==[\/vc_raw_html][\/vc_column][\/vc_row][vc_row content_placement=&#8221;middle&#8221;][vc_column width=&#8221;2\/3&#8243;][vc_column_text css=&#8221;&#8221;]<\/p>\n<h2><span lang=\"EN-GB\"><img loading=\"lazy\" decoding=\"async\" class=\"alignleft wp-image-25418\" src=\"https:\/\/gobio-robot.com\/wp-content\/uploads\/sites\/6\/2025\/12\/logistique.png\" alt=\"\" width=\"120\" height=\"120\" srcset=\"https:\/\/gobio-robot.com\/wp-content\/uploads\/sites\/6\/2025\/12\/logistique.png 170w, https:\/\/gobio-robot.com\/wp-content\/uploads\/sites\/6\/2025\/12\/logistique-150x150.png 150w\" sizes=\"auto, (max-width: 120px) 100vw, 120px\" \/>Exoskeletons for the logistics sector<\/span><\/h2>\n<p>Logistics centres are full of use cases of carrying loads of varying weight and restrictive postures combined with high speeds and sometimes harsh environments (extreme cold for example). Organisational and human factors are very important here. In addition, this sector also carries out numerous order preparation and repackaging operations resulting in work on site.\u00a0 A study by ALTAIR Conseil reported that 88% of employees working on logistics platforms are concerned about the arduousness of the work.<\/p>\n<p>The search for solutions to reduce this arduousness is constant and our exoskeleton solutions and zero gravity arms may be the solution in some cases.[\/vc_column_text][\/vc_column][vc_column width=&#8221;1\/3&#8243;][vc_single_image image=&#8221;24154&#8243; img_size=&#8221;large&#8221; alignment=&#8221;center&#8221; css=&#8221;&#8221; image_hover=&#8221;&#8221;][\/vc_column][\/vc_row][vc_row][vc_column][vc_separator][vc_column_text css=&#8221;&#8221;]<\/p>\n<h3>Discover our solutions for the logistics market :<\/h3>\n<p>[\/vc_column_text][vc_empty_space height=&#8221;10&#8243;][\/vc_column][\/vc_row][vc_row][vc_column width=&#8221;1\/4&#8243;]<div class=\"ult-ih-container ult-adjust-bottom-margin  \" >\t<ul class=\"ult-ih-list \"  data-shape=\"circle\"  data-width=\"250\"  data-height=\"250\"  style=\"text-align:center; \"><li id=\"ult-ih-list-item-1507\" class=\"ult-ih-list-item\" style=\"height: 250px; width: 250px;  margin: 15px\"><a class=\"ult-ih-link\" href=\"https:\/\/gobio-robot.com\/en\/industrial-exoskeleton\/head-support-exoskeleton\/\" title=\"Discover the IP11, the neck exoskeleton\"  ><div style=\"height: 250px; width: 250px; \" class=\"ult-ih-item ult-ih-effect13  ult-ih-top_to_bottom  \"><div class=\"ult-ih-image-block\" style=\"height: 250px; width: 250px; \">\t<div class=\"ult-ih-wrapper\" style=\"\"><\/div>\t<img decoding=\"async\" class=\"ult-ih-image\" src=\"https:\/\/gobio-robot.com\/wp-content\/uploads\/sites\/6\/2025\/12\/IP11.png\" alt=\"Photo-IP11-exosquelette-pour-les-cervicales\"><\/div><div class=\"ult-ih-info\" style=\"background-color: #2F3787; \">\t<div class=\"ult-ih-info-back\">\t<div class=\"ult-ih-content\">\t\t\t<div class=\"ult-ih-heading-block\" style=\"\">\t\t\t\t<h4 class=\"ult-ih-heading ult-responsive\" style=\"color:#FFFFFF;\"  data-ultimate-target='#ult-ih-list-item-1507 .ult-ih-heading'  data-responsive-json-new='{\"font-size\":\"desktop:30px;\",\"line-height\":\"desktop:28px;\"}' >IP11<\/h4>\t\t\t<\/div>\t\t\t<div class=\"ult-ih-divider-block\" style=\"height:2px;\">\t\t\t\t<span class=\"ult-ih-line\" style=\"border-style:solid;border-color:#009DE0;width:100px;border-width:2px;\"><\/span>\t\t\t<\/div>\t\t\t<div class=\"ult-ih-description-block\" style=\"\">\t\t\t\t<div class=\"ult-ih-description ult-responsive\" style=\"font-weight:bold;color:#FFFFFF;\"  data-ultimate-target='#ult-ih-list-item-1507 .ult-ih-description, #ult-ih-list-item-1507 .ult-ih-description p'  data-responsive-json-new='{\"font-size\":\"desktop:22px;\",\"line-height\":\"desktop:22px;\"}' ><p style=\"text-align: center;\">Cervical exoskeleton<\/p>\n\t\t\t\t<\/div>\t\t\t<\/div>\t<\/div>\t<\/div><\/div><\/div><\/a><\/li>\t<\/ul><\/div><div class=\"ult-ih-container ult-adjust-bottom-margin  \" >\t<ul class=\"ult-ih-list \"  data-shape=\"circle\"  data-width=\"250\"  data-height=\"250\"  style=\"text-align:center; \"><li id=\"ult-ih-list-item-7925\" class=\"ult-ih-list-item\" style=\"height: 250px; width: 250px;  margin: 15px\"><a class=\"ult-ih-link\" href=\"https:\/\/gobio-robot.com\/en\/industrial-exoskeleton\/ironhand-bionic-glove\/\" title=\"Discover the IRONHAND\u00ae, bionic glove\"  ><div style=\"height: 250px; width: 250px; \" class=\"ult-ih-item ult-ih-effect13  ult-ih-top_to_bottom  \"><div class=\"ult-ih-image-block\" style=\"height: 250px; width: 250px; \">\t<div class=\"ult-ih-wrapper\" style=\"\"><\/div>\t<img decoding=\"async\" class=\"ult-ih-image\" src=\"https:\/\/gobio-robot.com\/wp-content\/uploads\/sites\/6\/2025\/10\/IRONHAND.png\" alt=\"null\"><\/div><div class=\"ult-ih-info\" style=\"background-color: #2F3787; \">\t<div class=\"ult-ih-info-back\">\t<div class=\"ult-ih-content\">\t\t\t<div class=\"ult-ih-heading-block\" style=\"\">\t\t\t\t<h4 class=\"ult-ih-heading ult-responsive\" style=\"color:#FFFFFF;\"  data-ultimate-target='#ult-ih-list-item-7925 .ult-ih-heading'  data-responsive-json-new='{\"font-size\":\"desktop:30px;\",\"line-height\":\"desktop:28px;\"}' >IRONHAND\u00ae<\/h4>\t\t\t<\/div>\t\t\t<div class=\"ult-ih-divider-block\" style=\"height:2px;\">\t\t\t\t<span class=\"ult-ih-line\" style=\"border-style:solid;border-color:#009DE0;width:100px;border-width:2px;\"><\/span>\t\t\t<\/div>\t\t\t<div class=\"ult-ih-description-block\" style=\"\">\t\t\t\t<div class=\"ult-ih-description ult-responsive\" style=\"font-weight:bold;color:#FFFFFF;\"  data-ultimate-target='#ult-ih-list-item-7925 .ult-ih-description, #ult-ih-list-item-7925 .ult-ih-description p'  data-responsive-json-new='{\"font-size\":\"desktop:22px;\",\"line-height\":\"desktop:22px;\"}' ><p style=\"text-align: center;\">Bionic glove<\/p>\n\t\t\t\t<\/div>\t\t\t<\/div>\t<\/div>\t<\/div><\/div><\/div><\/a><\/li>\t<\/ul><\/div>[\/vc_column][vc_column width=&#8221;1\/4&#8243;]<div class=\"ult-ih-container ult-adjust-bottom-margin  \" >\t<ul class=\"ult-ih-list \"  data-shape=\"circle\"  data-width=\"250\"  data-height=\"250\"  style=\"text-align:center; \"><li id=\"ult-ih-list-item-2981\" class=\"ult-ih-list-item\" style=\"height: 250px; width: 250px;  margin: 15px\"><a class=\"ult-ih-link\" href=\"https:\/\/gobio-robot.com\/en\/industrial-exoskeleton\/handling-and-assistance-exoskeleton\/\" title=\"Discover the IP12, the shoulder exoskeleton\"  ><div style=\"height: 250px; width: 250px; \" class=\"ult-ih-item ult-ih-effect13  ult-ih-top_to_bottom  \"><div class=\"ult-ih-image-block\" style=\"height: 250px; width: 250px; \">\t<div class=\"ult-ih-wrapper\" style=\"\"><\/div>\t<img decoding=\"async\" class=\"ult-ih-image\" src=\"https:\/\/gobio-robot.com\/wp-content\/uploads\/sites\/6\/2025\/10\/IP12.png\" alt=\"null\"><\/div><div class=\"ult-ih-info\" style=\"background-color: #2F3787; \">\t<div class=\"ult-ih-info-back\">\t<div class=\"ult-ih-content\">\t\t\t<div class=\"ult-ih-heading-block\" style=\"\">\t\t\t\t<h4 class=\"ult-ih-heading ult-responsive\" style=\"color:#FFFFFF;\"  data-ultimate-target='#ult-ih-list-item-2981 .ult-ih-heading'  data-responsive-json-new='{\"font-size\":\"desktop:30px;\",\"line-height\":\"desktop:28px;\"}' >IP12<\/h4>\t\t\t<\/div>\t\t\t<div class=\"ult-ih-divider-block\" style=\"height:2px;\">\t\t\t\t<span class=\"ult-ih-line\" style=\"border-style:solid;border-color:#009DE0;width:100px;border-width:2px;\"><\/span>\t\t\t<\/div>\t\t\t<div class=\"ult-ih-description-block\" style=\"\">\t\t\t\t<div class=\"ult-ih-description ult-responsive\" style=\"font-weight:bold;color:#FFFFFF;\"  data-ultimate-target='#ult-ih-list-item-2981 .ult-ih-description, #ult-ih-list-item-2981 .ult-ih-description p'  data-responsive-json-new='{\"font-size\":\"desktop:22px;\",\"line-height\":\"desktop:22px;\"}' ><p style=\"text-align: center;\">Shoulder exoskeleton<\/p>\n\t\t\t\t<\/div>\t\t\t<\/div>\t<\/div>\t<\/div><\/div><\/div><\/a><\/li>\t<\/ul><\/div><div class=\"ult-ih-container ult-adjust-bottom-margin  \" >\t<ul class=\"ult-ih-list \"  data-shape=\"circle\"  data-width=\"250\"  data-height=\"250\"  style=\"text-align:center; \"><li id=\"ult-ih-list-item-4916\" class=\"ult-ih-list-item\" style=\"height: 250px; width: 250px;  margin: 15px\"><a class=\"ult-ih-link\" href=\"https:\/\/gobio-robot.com\/en\/industrial-exoskeleton\/ip19-exosqueleton-back-support\/\" title=\"Discover the IP19, posture exoskeleton\"  ><div style=\"height: 250px; width: 250px; \" class=\"ult-ih-item ult-ih-effect13  ult-ih-top_to_bottom  \"><div class=\"ult-ih-image-block\" style=\"height: 250px; width: 250px; \">\t<div class=\"ult-ih-wrapper\" style=\"\"><\/div>\t<img decoding=\"async\" class=\"ult-ih-image\" src=\"https:\/\/gobio-robot.com\/wp-content\/uploads\/sites\/6\/2025\/10\/IP19.png\" alt=\"null\"><\/div><div class=\"ult-ih-info\" style=\"background-color: #2F3787; \">\t<div class=\"ult-ih-info-back\">\t<div class=\"ult-ih-content\">\t\t\t<div class=\"ult-ih-heading-block\" style=\"\">\t\t\t\t<h4 class=\"ult-ih-heading ult-responsive\" style=\"color:#FFFFFF;\"  data-ultimate-target='#ult-ih-list-item-4916 .ult-ih-heading'  data-responsive-json-new='{\"font-size\":\"desktop:30px;\",\"line-height\":\"desktop:28px;\"}' >IP19<\/h4>\t\t\t<\/div>\t\t\t<div class=\"ult-ih-divider-block\" style=\"height:2px;\">\t\t\t\t<span class=\"ult-ih-line\" style=\"border-style:solid;border-color:#009DE0;width:100px;border-width:2px;\"><\/span>\t\t\t<\/div>\t\t\t<div class=\"ult-ih-description-block\" style=\"\">\t\t\t\t<div class=\"ult-ih-description ult-responsive\" style=\"font-weight:bold;color:#FFFFFF;\"  data-ultimate-target='#ult-ih-list-item-4916 .ult-ih-description, #ult-ih-list-item-4916 .ult-ih-description p'  data-responsive-json-new='{\"font-size\":\"desktop:22px;\",\"line-height\":\"desktop:22px;\"}' ><p style=\"text-align: center;\">Back support<\/p>\n\t\t\t\t<\/div>\t\t\t<\/div>\t<\/div>\t<\/div><\/div><\/div><\/a><\/li>\t<\/ul><\/div>[\/vc_column][vc_column width=&#8221;1\/4&#8243;]<div class=\"ult-ih-container ult-adjust-bottom-margin  \" >\t<ul class=\"ult-ih-list \"  data-shape=\"circle\"  data-width=\"250\"  data-height=\"250\"  style=\"text-align:center; \"><li id=\"ult-ih-list-item-4715\" class=\"ult-ih-list-item\" style=\"height: 250px; width: 250px;  margin: 15px\"><a class=\"ult-ih-link\" href=\"https:\/\/gobio-robot.com\/en\/industrial-exoskeleton\/lumbar-pain-exoskeleton\/\" title=\"Discover the IP13, the exoskeleton for lower back pain relief\"  ><div style=\"height: 250px; width: 250px; \" class=\"ult-ih-item ult-ih-effect13  ult-ih-top_to_bottom  \"><div class=\"ult-ih-image-block\" style=\"height: 250px; width: 250px; \">\t<div class=\"ult-ih-wrapper\" style=\"\"><\/div>\t<img decoding=\"async\" class=\"ult-ih-image\" src=\"https:\/\/gobio-robot.com\/wp-content\/uploads\/sites\/6\/2025\/10\/IP13.png\" alt=\"null\"><\/div><div class=\"ult-ih-info\" style=\"background-color: #2F3787; \">\t<div class=\"ult-ih-info-back\">\t<div class=\"ult-ih-content\">\t\t\t<div class=\"ult-ih-heading-block\" style=\"\">\t\t\t\t<h4 class=\"ult-ih-heading ult-responsive\" style=\"color:#FFFFFF;\"  data-ultimate-target='#ult-ih-list-item-4715 .ult-ih-heading'  data-responsive-json-new='{\"font-size\":\"desktop:30px;\",\"line-height\":\"desktop:28px;\"}' >IP13<\/h4>\t\t\t<\/div>\t\t\t<div class=\"ult-ih-divider-block\" style=\"height:2px;\">\t\t\t\t<span class=\"ult-ih-line\" style=\"border-style:solid;border-color:#009DE0;width:100px;border-width:2px;\"><\/span>\t\t\t<\/div>\t\t\t<div class=\"ult-ih-description-block\" style=\"\">\t\t\t\t<div class=\"ult-ih-description ult-responsive\" style=\"font-weight:bold;color:#FFFFFF;\"  data-ultimate-target='#ult-ih-list-item-4715 .ult-ih-description, #ult-ih-list-item-4715 .ult-ih-description p'  data-responsive-json-new='{\"font-size\":\"desktop:22px;\",\"line-height\":\"desktop:22px;\"}' ><p style=\"text-align: center;\">Back exoskeleton<\/p>\n\t\t\t\t<\/div>\t\t\t<\/div>\t<\/div>\t<\/div><\/div><\/div><\/a><\/li>\t<\/ul><\/div>[\/vc_column][vc_column width=&#8221;1\/4&#8243;]<div class=\"ult-ih-container ult-adjust-bottom-margin  \" >\t<ul class=\"ult-ih-list \"  data-shape=\"circle\"  data-width=\"250\"  data-height=\"250\"  style=\"text-align:center; \"><li id=\"ult-ih-list-item-7356\" class=\"ult-ih-list-item\" style=\"height: 250px; width: 250px;  margin: 15px\"><a class=\"ult-ih-link\" href=\"https:\/\/gobio-robot.com\/en\/industrial-exoskeleton\/exoskeleton-chair\/\" title=\"Discover the IP 14 \u2013 exoskeleton chair for sit-stand posture\"  ><div style=\"height: 250px; width: 250px; \" class=\"ult-ih-item ult-ih-effect13  ult-ih-top_to_bottom  \"><div class=\"ult-ih-image-block\" style=\"height: 250px; width: 250px; \">\t<div class=\"ult-ih-wrapper\" style=\"\"><\/div>\t<img decoding=\"async\" class=\"ult-ih-image\" src=\"https:\/\/gobio-robot.com\/wp-content\/uploads\/sites\/6\/2025\/10\/IP14.png\" alt=\"null\"><\/div><div class=\"ult-ih-info\" style=\"background-color: #2F3787; \">\t<div class=\"ult-ih-info-back\">\t<div class=\"ult-ih-content\">\t\t\t<div class=\"ult-ih-heading-block\" style=\"\">\t\t\t\t<h4 class=\"ult-ih-heading ult-responsive\" style=\"color:#FFFFFF;\"  data-ultimate-target='#ult-ih-list-item-7356 .ult-ih-heading'  data-responsive-json-new='{\"font-size\":\"desktop:30px;\",\"line-height\":\"desktop:28px;\"}' >IP14<\/h4>\t\t\t<\/div>\t\t\t<div class=\"ult-ih-divider-block\" style=\"height:2px;\">\t\t\t\t<span class=\"ult-ih-line\" style=\"border-style:solid;border-color:#009DE0;width:100px;border-width:2px;\"><\/span>\t\t\t<\/div>\t\t\t<div class=\"ult-ih-description-block\" style=\"\">\t\t\t\t<div class=\"ult-ih-description ult-responsive\" style=\"font-weight:bold;color:#FFFFFF;\"  data-ultimate-target='#ult-ih-list-item-7356 .ult-ih-description, #ult-ih-list-item-7356 .ult-ih-description p'  data-responsive-json-new='{\"font-size\":\"desktop:22px;\",\"line-height\":\"desktop:22px;\"}' ><p style=\"text-align: center;\">Exoskeleton chair for alternative positions<\/p>\n\t\t\t\t<\/div>\t\t\t<\/div>\t<\/div>\t<\/div><\/div><\/div><\/a><\/li>\t<\/ul><\/div>[\/vc_column][\/vc_row][vc_row][vc_column][vc_empty_space height=&#8221;60&#8243;][\/vc_column][\/vc_row]<\/p>\n<\/div>","protected":false},"excerpt":{"rendered":"<p>[vc_row][vc_column][vc_empty_space height=&#8221;100&#8243;][vc_raw_html css=&#8221;&#8221;]JTVCd3BzZW9fYnJlYWRjcnVtYiU1RA==[\/vc_raw_html][\/vc_column][\/vc_row][vc_row content_placement=&#8221;middle&#8221;][vc_column width=&#8221;2\/3&#8243;][vc_column_text css=&#8221;&#8221;] Exoskeletons for the logistics sector Logistics centres are full of use cases of carrying loads of varying weight and restrictive postures combined with high&hellip;<\/p>\n","protected":false},"author":1,"featured_media":14616,"parent":0,"menu_order":0,"comment_status":"closed","ping_status":"closed","template":"page-avec-slider.php","meta":{"_acf_changed":false,"footnotes":""},"class_list":["post-17072","page","type-page","status-publish","has-post-thumbnail","hentry"],"acf":[],"yoast_head":"<title>Exosquelettes et bras z\u00e9ro gravit\u00e9 pour l&#039;industrie de la logistique - GOBIO<\/title>\n<meta name=\"description\" content=\"Nos solutions d&#039;exosquelettes et de bras z\u00e9ro gravit\u00e9 r\u00e9pondent aux besoins de port de charges lourdes et de r\u00e9duction des TMS du secteur de la logistique.\" \/>\n<meta name=\"robots\" content=\"index, follow, max-snippet:-1, max-image-preview:large, max-video-preview:-1\" \/>\n<link rel=\"canonical\" href=\"https:\/\/gobio-robot.com\/en\/exosquelette-logistique\/\" \/>\n<meta property=\"og:locale\" content=\"en_US\" \/>\n<meta property=\"og:type\" content=\"article\" \/>\n<meta property=\"og:title\" content=\"Exosquelettes et bras z\u00e9ro gravit\u00e9 pour l&#039;industrie de la logistique - GOBIO\" \/>\n<meta property=\"og:description\" content=\"Nos solutions d&#039;exosquelettes et de bras z\u00e9ro gravit\u00e9 r\u00e9pondent aux besoins de port de charges lourdes et de r\u00e9duction des TMS du secteur de la logistique.\" \/>\n<meta property=\"og:url\" content=\"https:\/\/gobio-robot.com\/en\/exosquelette-logistique\/\" \/>\n<meta property=\"og:site_name\" content=\"GOBIO\" \/>\n<meta property=\"article:modified_time\" content=\"2025-12-11T16:17:20+00:00\" \/>\n<meta property=\"og:image\" content=\"https:\/\/gobio-robot.com\/wp-content\/uploads\/sites\/6\/2018\/11\/factory-1137995_1920.jpg\" \/>\n\t<meta property=\"og:image:width\" content=\"1920\" \/>\n\t<meta property=\"og:image:height\" content=\"1440\" \/>\n\t<meta property=\"og:image:type\" content=\"image\/jpeg\" \/>\n<meta name=\"twitter:card\" content=\"summary_large_image\" \/>\n<meta name=\"twitter:label1\" content=\"Est. reading time\" \/>\n\t<meta name=\"twitter:data1\" content=\"3 minutes\" \/>\n<script type=\"application\/ld+json\" class=\"yoast-schema-graph\">{\"@context\":\"https:\\\/\\\/schema.org\",\"@graph\":[{\"@type\":\"WebPage\",\"@id\":\"https:\\\/\\\/gobio-robot.com\\\/en\\\/exosquelette-logistique\\\/\",\"url\":\"https:\\\/\\\/gobio-robot.com\\\/en\\\/exosquelette-logistique\\\/\",\"name\":\"Exosquelettes et bras z\u00e9ro gravit\u00e9 pour l'industrie de la logistique - GOBIO\",\"isPartOf\":{\"@id\":\"https:\\\/\\\/gobio-robot.com\\\/#website\"},\"primaryImageOfPage\":{\"@id\":\"https:\\\/\\\/gobio-robot.com\\\/en\\\/exosquelette-logistique\\\/#primaryimage\"},\"image\":{\"@id\":\"https:\\\/\\\/gobio-robot.com\\\/en\\\/exosquelette-logistique\\\/#primaryimage\"},\"thumbnailUrl\":\"https:\\\/\\\/gobio-robot.com\\\/wp-content\\\/uploads\\\/sites\\\/6\\\/2018\\\/11\\\/factory-1137995_1920.jpg\",\"datePublished\":\"2018-07-03T14:50:59+00:00\",\"dateModified\":\"2025-12-11T16:17:20+00:00\",\"description\":\"Nos solutions d'exosquelettes et de bras z\u00e9ro gravit\u00e9 r\u00e9pondent aux besoins de port de charges lourdes et de r\u00e9duction des TMS du secteur de la logistique.\",\"breadcrumb\":{\"@id\":\"https:\\\/\\\/gobio-robot.com\\\/en\\\/exosquelette-logistique\\\/#breadcrumb\"},\"inLanguage\":\"en-US\",\"potentialAction\":[{\"@type\":\"ReadAction\",\"target\":[\"https:\\\/\\\/gobio-robot.com\\\/en\\\/exosquelette-logistique\\\/\"]}]},{\"@type\":\"ImageObject\",\"inLanguage\":\"en-US\",\"@id\":\"https:\\\/\\\/gobio-robot.com\\\/en\\\/exosquelette-logistique\\\/#primaryimage\",\"url\":\"https:\\\/\\\/gobio-robot.com\\\/wp-content\\\/uploads\\\/sites\\\/6\\\/2018\\\/11\\\/factory-1137995_1920.jpg\",\"contentUrl\":\"https:\\\/\\\/gobio-robot.com\\\/wp-content\\\/uploads\\\/sites\\\/6\\\/2018\\\/11\\\/factory-1137995_1920.jpg\",\"width\":1920,\"height\":1440,\"caption\":\"Industrie de la logistique\"},{\"@type\":\"BreadcrumbList\",\"@id\":\"https:\\\/\\\/gobio-robot.com\\\/en\\\/exosquelette-logistique\\\/#breadcrumb\",\"itemListElement\":[{\"@type\":\"ListItem\",\"position\":1,\"name\":\"Home\",\"item\":\"https:\\\/\\\/gobio-robot.com\\\/en\\\/\"},{\"@type\":\"ListItem\",\"position\":2,\"name\":\"Logistics\"}]},{\"@type\":\"WebSite\",\"@id\":\"https:\\\/\\\/gobio-robot.com\\\/#website\",\"url\":\"https:\\\/\\\/gobio-robot.com\\\/\",\"name\":\"GOBIO\",\"description\":\"\",\"potentialAction\":[{\"@type\":\"SearchAction\",\"target\":{\"@type\":\"EntryPoint\",\"urlTemplate\":\"https:\\\/\\\/gobio-robot.com\\\/?s={search_term_string}\"},\"query-input\":{\"@type\":\"PropertyValueSpecification\",\"valueRequired\":true,\"valueName\":\"search_term_string\"}}],\"inLanguage\":\"en-US\"}]}<\/script>","yoast_head_json":{"title":"Exosquelettes et bras z\u00e9ro gravit\u00e9 pour l'industrie de la logistique - GOBIO","description":"Nos solutions d'exosquelettes et de bras z\u00e9ro gravit\u00e9 r\u00e9pondent aux besoins de port de charges lourdes et de r\u00e9duction des TMS du secteur de la logistique.","robots":{"index":"index","follow":"follow","max-snippet":"max-snippet:-1","max-image-preview":"max-image-preview:large","max-video-preview":"max-video-preview:-1"},"canonical":"https:\/\/gobio-robot.com\/en\/exosquelette-logistique\/","og_locale":"en_US","og_type":"article","og_title":"Exosquelettes et bras z\u00e9ro gravit\u00e9 pour l'industrie de la logistique - GOBIO","og_description":"Nos solutions d'exosquelettes et de bras z\u00e9ro gravit\u00e9 r\u00e9pondent aux besoins de port de charges lourdes et de r\u00e9duction des TMS du secteur de la logistique.","og_url":"https:\/\/gobio-robot.com\/en\/exosquelette-logistique\/","og_site_name":"GOBIO","article_modified_time":"2025-12-11T16:17:20+00:00","og_image":[{"width":1920,"height":1440,"url":"https:\/\/gobio-robot.com\/wp-content\/uploads\/sites\/6\/2018\/11\/factory-1137995_1920.jpg","type":"image\/jpeg"}],"twitter_card":"summary_large_image","twitter_misc":{"Est. reading time":"3 minutes"},"schema":{"@context":"https:\/\/schema.org","@graph":[{"@type":"WebPage","@id":"https:\/\/gobio-robot.com\/en\/exosquelette-logistique\/","url":"https:\/\/gobio-robot.com\/en\/exosquelette-logistique\/","name":"Exosquelettes et bras z\u00e9ro gravit\u00e9 pour l'industrie de la logistique - GOBIO","isPartOf":{"@id":"https:\/\/gobio-robot.com\/#website"},"primaryImageOfPage":{"@id":"https:\/\/gobio-robot.com\/en\/exosquelette-logistique\/#primaryimage"},"image":{"@id":"https:\/\/gobio-robot.com\/en\/exosquelette-logistique\/#primaryimage"},"thumbnailUrl":"https:\/\/gobio-robot.com\/wp-content\/uploads\/sites\/6\/2018\/11\/factory-1137995_1920.jpg","datePublished":"2018-07-03T14:50:59+00:00","dateModified":"2025-12-11T16:17:20+00:00","description":"Nos solutions d'exosquelettes et de bras z\u00e9ro gravit\u00e9 r\u00e9pondent aux besoins de port de charges lourdes et de r\u00e9duction des TMS du secteur de la logistique.","breadcrumb":{"@id":"https:\/\/gobio-robot.com\/en\/exosquelette-logistique\/#breadcrumb"},"inLanguage":"en-US","potentialAction":[{"@type":"ReadAction","target":["https:\/\/gobio-robot.com\/en\/exosquelette-logistique\/"]}]},{"@type":"ImageObject","inLanguage":"en-US","@id":"https:\/\/gobio-robot.com\/en\/exosquelette-logistique\/#primaryimage","url":"https:\/\/gobio-robot.com\/wp-content\/uploads\/sites\/6\/2018\/11\/factory-1137995_1920.jpg","contentUrl":"https:\/\/gobio-robot.com\/wp-content\/uploads\/sites\/6\/2018\/11\/factory-1137995_1920.jpg","width":1920,"height":1440,"caption":"Industrie de la logistique"},{"@type":"BreadcrumbList","@id":"https:\/\/gobio-robot.com\/en\/exosquelette-logistique\/#breadcrumb","itemListElement":[{"@type":"ListItem","position":1,"name":"Home","item":"https:\/\/gobio-robot.com\/en\/"},{"@type":"ListItem","position":2,"name":"Logistics"}]},{"@type":"WebSite","@id":"https:\/\/gobio-robot.com\/#website","url":"https:\/\/gobio-robot.com\/","name":"GOBIO","description":"","potentialAction":[{"@type":"SearchAction","target":{"@type":"EntryPoint","urlTemplate":"https:\/\/gobio-robot.com\/?s={search_term_string}"},"query-input":{"@type":"PropertyValueSpecification","valueRequired":true,"valueName":"search_term_string"}}],"inLanguage":"en-US"}]}},"_links":{"self":[{"href":"https:\/\/gobio-robot.com\/en\/wp-json\/wp\/v2\/pages\/17072","targetHints":{"allow":["GET"]}}],"collection":[{"href":"https:\/\/gobio-robot.com\/en\/wp-json\/wp\/v2\/pages"}],"about":[{"href":"https:\/\/gobio-robot.com\/en\/wp-json\/wp\/v2\/types\/page"}],"author":[{"embeddable":true,"href":"https:\/\/gobio-robot.com\/en\/wp-json\/wp\/v2\/users\/1"}],"replies":[{"embeddable":true,"href":"https:\/\/gobio-robot.com\/en\/wp-json\/wp\/v2\/comments?post=17072"}],"version-history":[{"count":5,"href":"https:\/\/gobio-robot.com\/en\/wp-json\/wp\/v2\/pages\/17072\/revisions"}],"predecessor-version":[{"id":25423,"href":"https:\/\/gobio-robot.com\/en\/wp-json\/wp\/v2\/pages\/17072\/revisions\/25423"}],"wp:featuredmedia":[{"embeddable":true,"href":"https:\/\/gobio-robot.com\/en\/wp-json\/wp\/v2\/media\/14616"}],"wp:attachment":[{"href":"https:\/\/gobio-robot.com\/en\/wp-json\/wp\/v2\/media?parent=17072"}],"curies":[{"name":"wp","href":"https:\/\/api.w.org\/{rel}","templated":true}]}}