{"id":17138,"date":"2018-07-03T16:17:43","date_gmt":"2018-07-03T14:17:43","guid":{"rendered":"https:\/\/gobio-robot.com\/bras-zero-gravite\/"},"modified":"2023-02-01T14:23:07","modified_gmt":"2023-02-01T13:23:07","slug":"bras-zero-gravite","status":"publish","type":"page","link":"https:\/\/gobio-robot.com\/en\/bras-de-manutention\/bras-zero-gravite\/","title":{"rendered":"Gamme MP &#8211; bras z\u00e9ro gravit\u00e9 m\u00e9canique"},"content":{"rendered":"<div class=\"wpb-content-wrapper\"><p>[vc_row][vc_column][vc_column_text]<\/p>\n<h2>Gamme MP &#8211; bras z\u00e9ro gravit\u00e9 de port de charge et d&#8217;outil<\/h2>\n<p>[\/vc_column_text][vc_row_inner content_placement=&#8221;middle&#8221;][vc_column_inner width=&#8221;2\/3&#8243;][vc_column_text]<\/p>\n<h3>Bras Simple Ou Bras Double<\/h3>\n<p>Le bras z\u00e9ro gravit\u00e9 MP s&#8217;apparente \u00e0 un exosquelette de port de charge lourde. Il est \u00e0 la fois \u00e9lastique, robuste, et d\u2019une grande maniabilit\u00e9. Il est adapt\u00e9 \u00e0 toutes les applications de port prolong\u00e9 d\u2019outil lourd. En outre, le bras pr\u00e9vient <a href=\"https:\/\/gobio-robot.com\/parcours-dintegration\/tms-et-penibilite\/\">la fatigue et les \u00e9ventuelles l\u00e9sions musculaires de l\u2019op\u00e9rateur<\/a>, am\u00e9liorant ainsi ses conditions de travail et augmentant sa productivit\u00e9.<\/p>\n<h3>Enti\u00e8rement M\u00e9canique<\/h3>\n<p>Comme un exosquelette de port de charge,\u00a0notre bras est con\u00e7u pour maintenir un outil pouvant peser jusqu\u2019\u00e0 30 Kg \u00e0 proximit\u00e9 du collaborateur. Les bras z\u00e9ro gravit\u00e9 MP41 (15kg) et MP51 (30kg) suppriment le poids de l\u2019outil pour l\u2019op\u00e9rateur. \u00a0Les outils pouvant \u00eatre support\u00e9s sont : meuleuses, perceuses, cl\u00e9s \u00e0 choc, visseuses, soudeuses, ponceuses, polisseuses&#8230; Ces outils sont interchangeables tr\u00e8s rapidement.[\/vc_column_text][\/vc_column_inner][vc_column_inner width=&#8221;1\/3&#8243;]<div class=\"ult-content-box-container \" >\t<a class=\"ult-content-box-anchor\" href=\"https:\/\/gobio-robot.com\/telechargements\/\" title=\"T\u00e9l\u00e9chargez notre brochure !\" >\t\t<div class=\"ult-content-box\" style=\"background-color:#f2f2f2;box-shadow: px px px px none;padding:25px;-webkit-transition: all 700ms ease;-moz-transition: all 700ms ease;-ms-transition: all 700ms ease;-o-transition: all 700ms ease;transition: all 700ms ease;\"  data-hover_bg_color=\"#f9f9f9\"  data-hover_box_shadow=\"none\"     data-bg=\"#f2f2f2\" >[vc_icon icon_fontawesome=&#8221;fa fa-download&#8221; color=&#8221;custom&#8221; background_style=&#8221;rounded-outline&#8221; background_color=&#8221;custom&#8221; size=&#8221;xl&#8221; align=&#8221;center&#8221; custom_color=&#8221;#a21c26&#8243; custom_background_color=&#8221;#a21c26&#8243;][vc_column_text]<\/p>\n<p style=\"text-align: center;\">T\u00e9l\u00e9chargez notre brochure compl\u00e8te sur le bras z\u00e9ro gravit\u00e9 &#8211; gamme MP<\/p>\n<p>[\/vc_column_text]\t\t<\/div>\t<\/a><\/div>[\/vc_column_inner][\/vc_row_inner][vc_column_text]<\/p>\n<h3>Application<\/h3>\n<p>Le bras z\u00e9ro gravit\u00e9 est un bras multi-usage : la\u00a0 polyvalence de ce bras permet de\u00a0 l\u2019employer dans\u00a0 de nombreuses applications aussi diverses que les ateliers de fabrication, les ateliers m\u00e9caniques, les unit\u00e9s de montage des industries a\u00e9ronautique, pharmaceutique, agro-alimentaire ou logistique, ainsi que dans les travaux publics et les espaces verts.<\/p>\n<p>Si vous vous demandez si le Bras MP est adapt\u00e9 \u00e0 vos besoins sp\u00e9cifiques, n\u2019h\u00e9sitez pas \u00e0 prendre contact avec nous ou nos partenaires dans votre\u00a0 r\u00e9gion, nous serons heureux de vous aider \u00e0 r\u00e9aliser votre projet et \u00e0 \u00e9laborer votre cahier des charges.[\/vc_column_text][vc_empty_space height=&#8221;45px&#8221;][vc_column_text]<\/p>\n<h2 style=\"text-align: center;\">Exemples d&#8217;application :<\/h2>\n<p>[\/vc_column_text][\/vc_column][\/vc_row][vc_row el_class=&#8221;block-half-col&#8221;][vc_column][vc_row_inner content_placement=&#8221;middle&#8221; el_class=&#8221;range-alternance&#8221;][vc_column_inner width=&#8221;1\/2&#8243;][vc_column_text]<\/p>\n<h3>Assemblage de couronnes d\u2019\u00e9oliennes offshore<\/h3>\n<p>Utilisation d\u2019un bras z\u00e9ro gravit\u00e9 MP41 15kg pour soulager les op\u00e9rateurs du poids de la visseuse hydraulique de 13kg dans des positions inconfortables, bras lev\u00e9s.<\/p>\n<p>Le bras est positionn\u00e9 sur un rail tournant autour du support de la couronne.[\/vc_column_text][\/vc_column_inner][vc_column_inner width=&#8221;1\/2&#8243;][vc_images_carousel images=&#8221;14822,14824,14826&#8243; img_size=&#8221;585&#215;520&#8243; onclick=&#8221;link_no&#8221; speed=&#8221;2500&#8243; autoplay=&#8221;yes&#8221; hide_pagination_control=&#8221;yes&#8221; hide_prev_next_buttons=&#8221;yes&#8221; wrap=&#8221;yes&#8221;][\/vc_column_inner][\/vc_row_inner][vc_row_inner content_placement=&#8221;middle&#8221;][vc_column_inner width=&#8221;1\/2&#8243;][vc_single_image image=&#8221;14790&#8243; img_size=&#8221;585&#215;520&#8243;][\/vc_column_inner][vc_column_inner width=&#8221;1\/2&#8243;][vc_column_text]<\/p>\n<h3>Support de meuleuse pour les travaux sur aiguillage<\/h3>\n<p>Client : SNCF. Kit complet pour le meulage des aiguillages comprenant\u00a0:<\/p>\n<ul>\n<li>Le support \u00e0 fixer sur le rail<\/li>\n<li>Le bras et ses rallonges pour un diam\u00e8tre de 3.60m<\/li>\n<li>Le support de meuleuse<\/li>\n<li>La caisse de transport et de rangement.<\/li>\n<\/ul>\n<p>L\u2019op\u00e9rateur n\u2019a plus \u00e0 supporter le poids des meuleuses tout au long de son travail sur l\u2019aiguillage.[\/vc_column_text][\/vc_column_inner][\/vc_row_inner][vc_row_inner content_placement=&#8221;middle&#8221; el_class=&#8221;range-alternance&#8221;][vc_column_inner width=&#8221;1\/2&#8243;][vc_column_text]<\/p>\n<h3>Bras z\u00e9ro gravit\u00e9 MP41 sur nacelle pour le port de burineur<strong>\u00a0<\/strong><\/h3>\n<p>Client : Andra.<\/p>\n<p>Le bras, fix\u00e9 sur la nacelle, vient supporter enti\u00e8rement le poids du burineur (14kg) en lui laissant la mobilit\u00e9 dans toutes les directions.<\/p>\n<p><strong>\u00a0<\/strong>[\/vc_column_text][\/vc_column_inner][vc_column_inner width=&#8221;1\/2&#8243;][vc_raw_html]JTNDZGl2JTIwY2xhc3MlM0QlMjJpZnJhbWUtY29udGFpbmVyJTIyJTNFJTBBJTNDaWZyYW1lJTIwc3JjJTNEJTIyaHR0cHMlM0ElMkYlMkZ3d3cueW91dHViZS5jb20lMkZlbWJlZCUyRjFmZUkza2tmV3FFJTIyJTIwZnJhbWVib3JkZXIlM0QlMjIwJTIyJTIwYWxsb3clM0QlMjJhY2NlbGVyb21ldGVyJTNCJTIwYXV0b3BsYXklM0IlMjBlbmNyeXB0ZWQtbWVkaWElM0IlMjBneXJvc2NvcGUlM0IlMjBwaWN0dXJlLWluLXBpY3R1cmUlMjIlMjBhbGxvd2Z1bGxzY3JlZW4lM0UlM0MlMkZpZnJhbWUlM0UlMEElM0MlMkZkaXYlM0U=[\/vc_raw_html][\/vc_column_inner][\/vc_row_inner][vc_empty_space][\/vc_column][\/vc_row][vc_row][vc_column][vc_text_separator title=&#8221;Laurent Langlois, Charg\u00e9 d\u2019affaires &#8211; RENAULT Cl\u00e9on&#8221;][vc_row_inner content_placement=&#8221;middle&#8221;][vc_column_inner width=&#8221;1\/4&#8243;][vc_icon icon_fontawesome=&#8221;fab fa-accessible-icon&#8221; color=&#8221;custom&#8221; size=&#8221;xl&#8221; align=&#8221;center&#8221; custom_color=&#8221;#2f3787&#8243;][\/vc_column_inner][vc_column_inner width=&#8221;3\/4&#8243;][vc_column_text]<em>\u00ab GOBIO a accompagn\u00e9 Renault dans le d\u00e9veloppement de solutions innovantes visant \u00e0 lutter contre les TMS&#8230; Les r\u00e9sultats satisfaisants permettent d\u2019envisager une premi\u00e8re industrialisation avant un d\u00e9ploiement plus large dans les sites de production. La flexibilit\u00e9, l\u2019autonomie ainsi que la facilit\u00e9 de mise en \u0153uvre constituent les principaux atouts de ce type mat\u00e9riel. \u00bb<\/em>[\/vc_column_text][\/vc_column_inner][\/vc_row_inner][vc_empty_space][\/vc_column][\/vc_row]<\/p>\n<\/div>","protected":false},"excerpt":{"rendered":"<p>[vc_row][vc_column][vc_column_text] Gamme MP &#8211; bras z\u00e9ro gravit\u00e9 de port de charge et d&#8217;outil [\/vc_column_text][vc_row_inner content_placement=&#8221;middle&#8221;][vc_column_inner width=&#8221;2\/3&#8243;][vc_column_text] Bras Simple Ou Bras Double Le bras z\u00e9ro gravit\u00e9 MP s&#8217;apparente \u00e0 un exosquelette&hellip;<\/p>\n","protected":false},"author":1,"featured_media":15702,"parent":17156,"menu_order":0,"comment_status":"closed","ping_status":"closed","template":"","meta":{"_acf_changed":false,"footnotes":""},"class_list":["post-17138","page","type-page","status-publish","has-post-thumbnail","hentry"],"acf":[],"yoast_head":"<title>Bras z\u00e9ro gravit\u00e9 - exosquelette de port de charge - GOBIO<\/title>\n<meta name=\"description\" content=\"Le bras z\u00e9ro gravit\u00e9 MP41 s&#039;apparente \u00e0 un exosquelette de port de charge lourde. Il est \u00e0 la fois \u00e9lastique, robuste et d&#039;une grande maniabilit\u00e9.\" \/>\n<meta name=\"robots\" content=\"index, follow, max-snippet:-1, max-image-preview:large, max-video-preview:-1\" \/>\n<link rel=\"canonical\" href=\"https:\/\/gobio-robot.com\/en\/bras-de-manutention\/bras-zero-gravite\/\" \/>\n<meta property=\"og:locale\" content=\"en_US\" \/>\n<meta property=\"og:type\" content=\"article\" \/>\n<meta property=\"og:title\" content=\"Bras z\u00e9ro gravit\u00e9 - exosquelette de port de charge - GOBIO\" \/>\n<meta property=\"og:description\" content=\"Le bras z\u00e9ro gravit\u00e9 MP41 s&#039;apparente \u00e0 un exosquelette de port de charge lourde. Il est \u00e0 la fois \u00e9lastique, robuste et d&#039;une grande maniabilit\u00e9.\" \/>\n<meta property=\"og:url\" content=\"https:\/\/gobio-robot.com\/en\/bras-de-manutention\/bras-zero-gravite\/\" \/>\n<meta property=\"og:site_name\" content=\"GOBIO\" \/>\n<meta property=\"article:modified_time\" content=\"2023-02-01T13:23:07+00:00\" \/>\n<meta property=\"og:image\" content=\"https:\/\/gobio-robot.com\/wp-content\/uploads\/sites\/6\/2020\/01\/DSC6814rev.jpg\" \/>\n\t<meta property=\"og:image:width\" content=\"2000\" \/>\n\t<meta property=\"og:image:height\" content=\"1000\" \/>\n\t<meta property=\"og:image:type\" content=\"image\/jpeg\" \/>\n<meta name=\"twitter:card\" content=\"summary_large_image\" \/>\n<meta name=\"twitter:label1\" content=\"Est. reading time\" \/>\n\t<meta name=\"twitter:data1\" content=\"4 minutes\" \/>\n<script type=\"application\/ld+json\" class=\"yoast-schema-graph\">{\"@context\":\"https:\\\/\\\/schema.org\",\"@graph\":[{\"@type\":\"WebPage\",\"@id\":\"https:\\\/\\\/gobio-robot.com\\\/en\\\/bras-de-manutention\\\/bras-zero-gravite\\\/\",\"url\":\"https:\\\/\\\/gobio-robot.com\\\/en\\\/bras-de-manutention\\\/bras-zero-gravite\\\/\",\"name\":\"Bras z\u00e9ro gravit\u00e9 - exosquelette de port de charge - GOBIO\",\"isPartOf\":{\"@id\":\"https:\\\/\\\/gobio-robot.com\\\/#website\"},\"primaryImageOfPage\":{\"@id\":\"https:\\\/\\\/gobio-robot.com\\\/en\\\/bras-de-manutention\\\/bras-zero-gravite\\\/#primaryimage\"},\"image\":{\"@id\":\"https:\\\/\\\/gobio-robot.com\\\/en\\\/bras-de-manutention\\\/bras-zero-gravite\\\/#primaryimage\"},\"thumbnailUrl\":\"https:\\\/\\\/gobio-robot.com\\\/wp-content\\\/uploads\\\/sites\\\/6\\\/2020\\\/01\\\/DSC6814rev.jpg\",\"datePublished\":\"2018-07-03T14:17:43+00:00\",\"dateModified\":\"2023-02-01T13:23:07+00:00\",\"description\":\"Le bras z\u00e9ro gravit\u00e9 MP41 s'apparente \u00e0 un exosquelette de port de charge lourde. Il est \u00e0 la fois \u00e9lastique, robuste et d'une grande maniabilit\u00e9.\",\"breadcrumb\":{\"@id\":\"https:\\\/\\\/gobio-robot.com\\\/en\\\/bras-de-manutention\\\/bras-zero-gravite\\\/#breadcrumb\"},\"inLanguage\":\"en-US\",\"potentialAction\":[{\"@type\":\"ReadAction\",\"target\":[\"https:\\\/\\\/gobio-robot.com\\\/en\\\/bras-de-manutention\\\/bras-zero-gravite\\\/\"]}]},{\"@type\":\"ImageObject\",\"inLanguage\":\"en-US\",\"@id\":\"https:\\\/\\\/gobio-robot.com\\\/en\\\/bras-de-manutention\\\/bras-zero-gravite\\\/#primaryimage\",\"url\":\"https:\\\/\\\/gobio-robot.com\\\/wp-content\\\/uploads\\\/sites\\\/6\\\/2020\\\/01\\\/DSC6814rev.jpg\",\"contentUrl\":\"https:\\\/\\\/gobio-robot.com\\\/wp-content\\\/uploads\\\/sites\\\/6\\\/2020\\\/01\\\/DSC6814rev.jpg\",\"width\":2000,\"height\":1000,\"caption\":\"Bras z\u00e9ro gravit\u00e9 - GOBIO\"},{\"@type\":\"BreadcrumbList\",\"@id\":\"https:\\\/\\\/gobio-robot.com\\\/en\\\/bras-de-manutention\\\/bras-zero-gravite\\\/#breadcrumb\",\"itemListElement\":[{\"@type\":\"ListItem\",\"position\":1,\"name\":\"Home\",\"item\":\"https:\\\/\\\/gobio-robot.com\\\/en\\\/\"},{\"@type\":\"ListItem\",\"position\":2,\"name\":\"Bras z\u00e9ro gravit\u00e9\",\"item\":\"https:\\\/\\\/gobio-robot.com\\\/en\\\/bras-de-manutention\\\/\"},{\"@type\":\"ListItem\",\"position\":3,\"name\":\"Gamme MP &#8211; bras z\u00e9ro gravit\u00e9 m\u00e9canique\"}]},{\"@type\":\"WebSite\",\"@id\":\"https:\\\/\\\/gobio-robot.com\\\/#website\",\"url\":\"https:\\\/\\\/gobio-robot.com\\\/\",\"name\":\"GOBIO\",\"description\":\"\",\"potentialAction\":[{\"@type\":\"SearchAction\",\"target\":{\"@type\":\"EntryPoint\",\"urlTemplate\":\"https:\\\/\\\/gobio-robot.com\\\/?s={search_term_string}\"},\"query-input\":{\"@type\":\"PropertyValueSpecification\",\"valueRequired\":true,\"valueName\":\"search_term_string\"}}],\"inLanguage\":\"en-US\"}]}<\/script>","yoast_head_json":{"title":"Bras z\u00e9ro gravit\u00e9 - exosquelette de port de charge - GOBIO","description":"Le bras z\u00e9ro gravit\u00e9 MP41 s'apparente \u00e0 un exosquelette de port de charge lourde. Il est \u00e0 la fois \u00e9lastique, robuste et d'une grande maniabilit\u00e9.","robots":{"index":"index","follow":"follow","max-snippet":"max-snippet:-1","max-image-preview":"max-image-preview:large","max-video-preview":"max-video-preview:-1"},"canonical":"https:\/\/gobio-robot.com\/en\/bras-de-manutention\/bras-zero-gravite\/","og_locale":"en_US","og_type":"article","og_title":"Bras z\u00e9ro gravit\u00e9 - exosquelette de port de charge - GOBIO","og_description":"Le bras z\u00e9ro gravit\u00e9 MP41 s'apparente \u00e0 un exosquelette de port de charge lourde. Il est \u00e0 la fois \u00e9lastique, robuste et d'une grande maniabilit\u00e9.","og_url":"https:\/\/gobio-robot.com\/en\/bras-de-manutention\/bras-zero-gravite\/","og_site_name":"GOBIO","article_modified_time":"2023-02-01T13:23:07+00:00","og_image":[{"width":2000,"height":1000,"url":"https:\/\/gobio-robot.com\/wp-content\/uploads\/sites\/6\/2020\/01\/DSC6814rev.jpg","type":"image\/jpeg"}],"twitter_card":"summary_large_image","twitter_misc":{"Est. reading time":"4 minutes"},"schema":{"@context":"https:\/\/schema.org","@graph":[{"@type":"WebPage","@id":"https:\/\/gobio-robot.com\/en\/bras-de-manutention\/bras-zero-gravite\/","url":"https:\/\/gobio-robot.com\/en\/bras-de-manutention\/bras-zero-gravite\/","name":"Bras z\u00e9ro gravit\u00e9 - exosquelette de port de charge - GOBIO","isPartOf":{"@id":"https:\/\/gobio-robot.com\/#website"},"primaryImageOfPage":{"@id":"https:\/\/gobio-robot.com\/en\/bras-de-manutention\/bras-zero-gravite\/#primaryimage"},"image":{"@id":"https:\/\/gobio-robot.com\/en\/bras-de-manutention\/bras-zero-gravite\/#primaryimage"},"thumbnailUrl":"https:\/\/gobio-robot.com\/wp-content\/uploads\/sites\/6\/2020\/01\/DSC6814rev.jpg","datePublished":"2018-07-03T14:17:43+00:00","dateModified":"2023-02-01T13:23:07+00:00","description":"Le bras z\u00e9ro gravit\u00e9 MP41 s'apparente \u00e0 un exosquelette de port de charge lourde. Il est \u00e0 la fois \u00e9lastique, robuste et d'une grande maniabilit\u00e9.","breadcrumb":{"@id":"https:\/\/gobio-robot.com\/en\/bras-de-manutention\/bras-zero-gravite\/#breadcrumb"},"inLanguage":"en-US","potentialAction":[{"@type":"ReadAction","target":["https:\/\/gobio-robot.com\/en\/bras-de-manutention\/bras-zero-gravite\/"]}]},{"@type":"ImageObject","inLanguage":"en-US","@id":"https:\/\/gobio-robot.com\/en\/bras-de-manutention\/bras-zero-gravite\/#primaryimage","url":"https:\/\/gobio-robot.com\/wp-content\/uploads\/sites\/6\/2020\/01\/DSC6814rev.jpg","contentUrl":"https:\/\/gobio-robot.com\/wp-content\/uploads\/sites\/6\/2020\/01\/DSC6814rev.jpg","width":2000,"height":1000,"caption":"Bras z\u00e9ro gravit\u00e9 - GOBIO"},{"@type":"BreadcrumbList","@id":"https:\/\/gobio-robot.com\/en\/bras-de-manutention\/bras-zero-gravite\/#breadcrumb","itemListElement":[{"@type":"ListItem","position":1,"name":"Home","item":"https:\/\/gobio-robot.com\/en\/"},{"@type":"ListItem","position":2,"name":"Bras z\u00e9ro gravit\u00e9","item":"https:\/\/gobio-robot.com\/en\/bras-de-manutention\/"},{"@type":"ListItem","position":3,"name":"Gamme MP &#8211; bras z\u00e9ro gravit\u00e9 m\u00e9canique"}]},{"@type":"WebSite","@id":"https:\/\/gobio-robot.com\/#website","url":"https:\/\/gobio-robot.com\/","name":"GOBIO","description":"","potentialAction":[{"@type":"SearchAction","target":{"@type":"EntryPoint","urlTemplate":"https:\/\/gobio-robot.com\/?s={search_term_string}"},"query-input":{"@type":"PropertyValueSpecification","valueRequired":true,"valueName":"search_term_string"}}],"inLanguage":"en-US"}]}},"_links":{"self":[{"href":"https:\/\/gobio-robot.com\/en\/wp-json\/wp\/v2\/pages\/17138","targetHints":{"allow":["GET"]}}],"collection":[{"href":"https:\/\/gobio-robot.com\/en\/wp-json\/wp\/v2\/pages"}],"about":[{"href":"https:\/\/gobio-robot.com\/en\/wp-json\/wp\/v2\/types\/page"}],"author":[{"embeddable":true,"href":"https:\/\/gobio-robot.com\/en\/wp-json\/wp\/v2\/users\/1"}],"replies":[{"embeddable":true,"href":"https:\/\/gobio-robot.com\/en\/wp-json\/wp\/v2\/comments?post=17138"}],"version-history":[{"count":1,"href":"https:\/\/gobio-robot.com\/en\/wp-json\/wp\/v2\/pages\/17138\/revisions"}],"predecessor-version":[{"id":17149,"href":"https:\/\/gobio-robot.com\/en\/wp-json\/wp\/v2\/pages\/17138\/revisions\/17149"}],"up":[{"embeddable":true,"href":"https:\/\/gobio-robot.com\/en\/wp-json\/wp\/v2\/pages\/17156"}],"wp:featuredmedia":[{"embeddable":true,"href":"https:\/\/gobio-robot.com\/en\/wp-json\/wp\/v2\/media\/15702"}],"wp:attachment":[{"href":"https:\/\/gobio-robot.com\/en\/wp-json\/wp\/v2\/media?parent=17138"}],"curies":[{"name":"wp","href":"https:\/\/api.w.org\/{rel}","templated":true}]}}