{"id":17156,"date":"2018-07-03T16:12:13","date_gmt":"2018-07-03T14:12:13","guid":{"rendered":"https:\/\/gobio-robot.com\/bras-de-manutention\/"},"modified":"2024-09-12T21:28:13","modified_gmt":"2024-09-12T19:28:13","slug":"bras-de-manutention","status":"publish","type":"page","link":"https:\/\/gobio-robot.com\/en\/bras-de-manutention\/","title":{"rendered":"Bras z\u00e9ro gravit\u00e9"},"content":{"rendered":"<div class=\"wpb-content-wrapper\"><p>[vc_row][vc_column][vc_column_text]<\/p>\n<h2>Nos solutions d&#8217;assistance bras de manutention<\/h2>\n<h5>Nous d\u00e9veloppons et proposons une gamme compl\u00e8te de bras de manutention z\u00e9ro gravit\u00e9 pour l&#8217;assistance au port de charges et d&#8217;outils lourds, d&#8217;une grande maniabilit\u00e9 et op\u00e9rable dans de nombreux secteurs de l&#8217;industrie.<\/h5>\n<p>[\/vc_column_text][vc_row_inner content_placement=&#8221;middle&#8221;][vc_column_inner width=&#8221;2\/3&#8243;][vc_column_text]<\/p>\n<h3>Gamme MP &#8211; bras z\u00e9ro gravit\u00e9 m\u00e9canique<\/h3>\n<p>Les bras MP41 z\u00e9ro gravit\u00e9 sont \u00e0 la fois \u00e9lastiques, robustes, et d\u2019une grande maniabilit\u00e9. Ils sont adapt\u00e9s \u00e0 toutes les applications de port de charges lourdes \u00e0 proximit\u00e9 de l\u2019op\u00e9rateur.[\/vc_column_text][\/vc_column_inner][vc_column_inner width=&#8221;1\/3&#8243;][vc_btn title=&#8221;Read more&#8221; style=&#8221;flat&#8221; color=&#8221;sandy-brown&#8221; align=&#8221;center&#8221; link=&#8221;url:https%3A%2F%2Fgobio-robot.com%2Fbras-zero-gravite%2Fgamme-mp-bras-zero-gravite-mecanique%2F|title:Gamme%20MP%20-%20bras%20z%C3%A9ro%20gravit%C3%A9%20m%C3%A9canique|&#8221;][\/vc_column_inner][\/vc_row_inner][vc_separator][vc_row_inner equal_height=&#8221;yes&#8221; content_placement=&#8221;middle&#8221;][vc_column_inner width=&#8221;2\/3&#8243;][vc_column_text]<\/p>\n<h3>Gamme MD et ME &#8211; bras z\u00e9ro gravit\u00e9 d\u00e9brayable<\/h3>\n<p>Les bras MD et ME sont bas\u00e9s sur le m\u00eame proc\u00e9d\u00e9 que la gamme MP. Ils b\u00e9n\u00e9ficient d\u2019une assistance pneumatique (gamme MD) ou \u00e9lectrique (gamme ME) permettant un embrayage et un d\u00e9brayage de l\u2019assistance.[\/vc_column_text][\/vc_column_inner][vc_column_inner width=&#8221;1\/3&#8243;][vc_btn title=&#8221;Read more&#8221; style=&#8221;flat&#8221; color=&#8221;sandy-brown&#8221; align=&#8221;center&#8221; link=&#8221;url:https%3A%2F%2Fgobio-robot.com%2Fbras-zero-gravite%2Fgamme-md-me-bras-zero-gravite-debrayable%2F|title:Gamme%20MD%20et%20ME%20-%20Bras%20z%C3%A9ro%20gravit%C3%A9%20d%C3%A9brayable|&#8221;][\/vc_column_inner][\/vc_row_inner][vc_empty_space][\/vc_column][\/vc_row]<\/p>\n<\/div>","protected":false},"excerpt":{"rendered":"<p>[vc_row][vc_column][vc_column_text] Nos solutions d&#8217;assistance bras de manutention Nous d\u00e9veloppons et proposons une gamme compl\u00e8te de bras de manutention z\u00e9ro gravit\u00e9 pour l&#8217;assistance au port de charges et d&#8217;outils lourds, d&#8217;une&hellip;<\/p>\n","protected":false},"author":1,"featured_media":14625,"parent":0,"menu_order":0,"comment_status":"closed","ping_status":"closed","template":"","meta":{"_acf_changed":false,"footnotes":""},"class_list":["post-17156","page","type-page","status-publish","has-post-thumbnail","hentry"],"acf":[],"yoast_head":"<title>Bras de manutention z\u00e9ro gravit\u00e9 m\u00e9canique et d\u00e9brayable - GOBIO<\/title>\n<meta name=\"description\" content=\"Nous d\u00e9veloppons une gamme de bras de manutention z\u00e9ro gravit\u00e9 m\u00e9canique et d\u00e9brayable pour l\u2019assistance au port de charges et d\u2019outils lourds.\" \/>\n<meta name=\"robots\" content=\"index, follow, max-snippet:-1, max-image-preview:large, max-video-preview:-1\" \/>\n<link rel=\"canonical\" href=\"https:\/\/gobio-robot.com\/en\/bras-de-manutention\/\" \/>\n<meta property=\"og:locale\" content=\"en_US\" \/>\n<meta property=\"og:type\" content=\"article\" \/>\n<meta property=\"og:title\" content=\"Bras de manutention z\u00e9ro gravit\u00e9 m\u00e9canique et d\u00e9brayable - GOBIO\" \/>\n<meta property=\"og:description\" content=\"Nous d\u00e9veloppons une gamme de bras de manutention z\u00e9ro gravit\u00e9 m\u00e9canique et d\u00e9brayable pour l\u2019assistance au port de charges et d\u2019outils lourds.\" \/>\n<meta property=\"og:url\" content=\"https:\/\/gobio-robot.com\/en\/bras-de-manutention\/\" \/>\n<meta property=\"og:site_name\" content=\"GOBIO\" \/>\n<meta property=\"article:modified_time\" content=\"2024-09-12T19:28:13+00:00\" \/>\n<meta property=\"og:image\" content=\"https:\/\/gobio-robot.com\/wp-content\/uploads\/sites\/6\/2018\/11\/DSC_5340rev.jpg\" \/>\n\t<meta property=\"og:image:width\" content=\"4288\" \/>\n\t<meta property=\"og:image:height\" content=\"2848\" \/>\n\t<meta property=\"og:image:type\" content=\"image\/jpeg\" \/>\n<meta name=\"twitter:card\" content=\"summary_large_image\" \/>\n<meta name=\"twitter:label1\" content=\"Est. reading time\" \/>\n\t<meta name=\"twitter:data1\" content=\"1 minute\" \/>\n<script type=\"application\/ld+json\" class=\"yoast-schema-graph\">{\"@context\":\"https:\\\/\\\/schema.org\",\"@graph\":[{\"@type\":\"WebPage\",\"@id\":\"https:\\\/\\\/gobio-robot.com\\\/en\\\/bras-de-manutention\\\/\",\"url\":\"https:\\\/\\\/gobio-robot.com\\\/en\\\/bras-de-manutention\\\/\",\"name\":\"Bras de manutention z\u00e9ro gravit\u00e9 m\u00e9canique et d\u00e9brayable - GOBIO\",\"isPartOf\":{\"@id\":\"https:\\\/\\\/gobio-robot.com\\\/#website\"},\"primaryImageOfPage\":{\"@id\":\"https:\\\/\\\/gobio-robot.com\\\/en\\\/bras-de-manutention\\\/#primaryimage\"},\"image\":{\"@id\":\"https:\\\/\\\/gobio-robot.com\\\/en\\\/bras-de-manutention\\\/#primaryimage\"},\"thumbnailUrl\":\"https:\\\/\\\/gobio-robot.com\\\/wp-content\\\/uploads\\\/sites\\\/6\\\/2018\\\/11\\\/DSC_5340rev.jpg\",\"datePublished\":\"2018-07-03T14:12:13+00:00\",\"dateModified\":\"2024-09-12T19:28:13+00:00\",\"description\":\"Nous d\u00e9veloppons une gamme de bras de manutention z\u00e9ro gravit\u00e9 m\u00e9canique et d\u00e9brayable pour l\u2019assistance au port de charges et d\u2019outils lourds.\",\"breadcrumb\":{\"@id\":\"https:\\\/\\\/gobio-robot.com\\\/en\\\/bras-de-manutention\\\/#breadcrumb\"},\"inLanguage\":\"en-US\",\"potentialAction\":[{\"@type\":\"ReadAction\",\"target\":[\"https:\\\/\\\/gobio-robot.com\\\/en\\\/bras-de-manutention\\\/\"]}]},{\"@type\":\"ImageObject\",\"inLanguage\":\"en-US\",\"@id\":\"https:\\\/\\\/gobio-robot.com\\\/en\\\/bras-de-manutention\\\/#primaryimage\",\"url\":\"https:\\\/\\\/gobio-robot.com\\\/wp-content\\\/uploads\\\/sites\\\/6\\\/2018\\\/11\\\/DSC_5340rev.jpg\",\"contentUrl\":\"https:\\\/\\\/gobio-robot.com\\\/wp-content\\\/uploads\\\/sites\\\/6\\\/2018\\\/11\\\/DSC_5340rev.jpg\",\"width\":4288,\"height\":2848,\"caption\":\"Bras de manutention\"},{\"@type\":\"BreadcrumbList\",\"@id\":\"https:\\\/\\\/gobio-robot.com\\\/en\\\/bras-de-manutention\\\/#breadcrumb\",\"itemListElement\":[{\"@type\":\"ListItem\",\"position\":1,\"name\":\"Home\",\"item\":\"https:\\\/\\\/gobio-robot.com\\\/en\\\/\"},{\"@type\":\"ListItem\",\"position\":2,\"name\":\"Bras z\u00e9ro gravit\u00e9\"}]},{\"@type\":\"WebSite\",\"@id\":\"https:\\\/\\\/gobio-robot.com\\\/#website\",\"url\":\"https:\\\/\\\/gobio-robot.com\\\/\",\"name\":\"GOBIO\",\"description\":\"\",\"potentialAction\":[{\"@type\":\"SearchAction\",\"target\":{\"@type\":\"EntryPoint\",\"urlTemplate\":\"https:\\\/\\\/gobio-robot.com\\\/?s={search_term_string}\"},\"query-input\":{\"@type\":\"PropertyValueSpecification\",\"valueRequired\":true,\"valueName\":\"search_term_string\"}}],\"inLanguage\":\"en-US\"}]}<\/script>","yoast_head_json":{"title":"Bras de manutention z\u00e9ro gravit\u00e9 m\u00e9canique et d\u00e9brayable - GOBIO","description":"Nous d\u00e9veloppons une gamme de bras de manutention z\u00e9ro gravit\u00e9 m\u00e9canique et d\u00e9brayable pour l\u2019assistance au port de charges et d\u2019outils lourds.","robots":{"index":"index","follow":"follow","max-snippet":"max-snippet:-1","max-image-preview":"max-image-preview:large","max-video-preview":"max-video-preview:-1"},"canonical":"https:\/\/gobio-robot.com\/en\/bras-de-manutention\/","og_locale":"en_US","og_type":"article","og_title":"Bras de manutention z\u00e9ro gravit\u00e9 m\u00e9canique et d\u00e9brayable - GOBIO","og_description":"Nous d\u00e9veloppons une gamme de bras de manutention z\u00e9ro gravit\u00e9 m\u00e9canique et d\u00e9brayable pour l\u2019assistance au port de charges et d\u2019outils lourds.","og_url":"https:\/\/gobio-robot.com\/en\/bras-de-manutention\/","og_site_name":"GOBIO","article_modified_time":"2024-09-12T19:28:13+00:00","og_image":[{"width":4288,"height":2848,"url":"https:\/\/gobio-robot.com\/wp-content\/uploads\/sites\/6\/2018\/11\/DSC_5340rev.jpg","type":"image\/jpeg"}],"twitter_card":"summary_large_image","twitter_misc":{"Est. reading time":"1 minute"},"schema":{"@context":"https:\/\/schema.org","@graph":[{"@type":"WebPage","@id":"https:\/\/gobio-robot.com\/en\/bras-de-manutention\/","url":"https:\/\/gobio-robot.com\/en\/bras-de-manutention\/","name":"Bras de manutention z\u00e9ro gravit\u00e9 m\u00e9canique et d\u00e9brayable - GOBIO","isPartOf":{"@id":"https:\/\/gobio-robot.com\/#website"},"primaryImageOfPage":{"@id":"https:\/\/gobio-robot.com\/en\/bras-de-manutention\/#primaryimage"},"image":{"@id":"https:\/\/gobio-robot.com\/en\/bras-de-manutention\/#primaryimage"},"thumbnailUrl":"https:\/\/gobio-robot.com\/wp-content\/uploads\/sites\/6\/2018\/11\/DSC_5340rev.jpg","datePublished":"2018-07-03T14:12:13+00:00","dateModified":"2024-09-12T19:28:13+00:00","description":"Nous d\u00e9veloppons une gamme de bras de manutention z\u00e9ro gravit\u00e9 m\u00e9canique et d\u00e9brayable pour l\u2019assistance au port de charges et d\u2019outils lourds.","breadcrumb":{"@id":"https:\/\/gobio-robot.com\/en\/bras-de-manutention\/#breadcrumb"},"inLanguage":"en-US","potentialAction":[{"@type":"ReadAction","target":["https:\/\/gobio-robot.com\/en\/bras-de-manutention\/"]}]},{"@type":"ImageObject","inLanguage":"en-US","@id":"https:\/\/gobio-robot.com\/en\/bras-de-manutention\/#primaryimage","url":"https:\/\/gobio-robot.com\/wp-content\/uploads\/sites\/6\/2018\/11\/DSC_5340rev.jpg","contentUrl":"https:\/\/gobio-robot.com\/wp-content\/uploads\/sites\/6\/2018\/11\/DSC_5340rev.jpg","width":4288,"height":2848,"caption":"Bras de manutention"},{"@type":"BreadcrumbList","@id":"https:\/\/gobio-robot.com\/en\/bras-de-manutention\/#breadcrumb","itemListElement":[{"@type":"ListItem","position":1,"name":"Home","item":"https:\/\/gobio-robot.com\/en\/"},{"@type":"ListItem","position":2,"name":"Bras z\u00e9ro gravit\u00e9"}]},{"@type":"WebSite","@id":"https:\/\/gobio-robot.com\/#website","url":"https:\/\/gobio-robot.com\/","name":"GOBIO","description":"","potentialAction":[{"@type":"SearchAction","target":{"@type":"EntryPoint","urlTemplate":"https:\/\/gobio-robot.com\/?s={search_term_string}"},"query-input":{"@type":"PropertyValueSpecification","valueRequired":true,"valueName":"search_term_string"}}],"inLanguage":"en-US"}]}},"_links":{"self":[{"href":"https:\/\/gobio-robot.com\/en\/wp-json\/wp\/v2\/pages\/17156","targetHints":{"allow":["GET"]}}],"collection":[{"href":"https:\/\/gobio-robot.com\/en\/wp-json\/wp\/v2\/pages"}],"about":[{"href":"https:\/\/gobio-robot.com\/en\/wp-json\/wp\/v2\/types\/page"}],"author":[{"embeddable":true,"href":"https:\/\/gobio-robot.com\/en\/wp-json\/wp\/v2\/users\/1"}],"replies":[{"embeddable":true,"href":"https:\/\/gobio-robot.com\/en\/wp-json\/wp\/v2\/comments?post=17156"}],"version-history":[{"count":1,"href":"https:\/\/gobio-robot.com\/en\/wp-json\/wp\/v2\/pages\/17156\/revisions"}],"predecessor-version":[{"id":17162,"href":"https:\/\/gobio-robot.com\/en\/wp-json\/wp\/v2\/pages\/17156\/revisions\/17162"}],"wp:featuredmedia":[{"embeddable":true,"href":"https:\/\/gobio-robot.com\/en\/wp-json\/wp\/v2\/media\/14625"}],"wp:attachment":[{"href":"https:\/\/gobio-robot.com\/en\/wp-json\/wp\/v2\/media?parent=17156"}],"curies":[{"name":"wp","href":"https:\/\/api.w.org\/{rel}","templated":true}]}}