{"id":17236,"date":"2018-07-03T15:15:33","date_gmt":"2018-07-03T13:15:33","guid":{"rendered":"https:\/\/gobio-robot.com\/parcours-dappropriation\/"},"modified":"2023-03-20T17:35:27","modified_gmt":"2023-03-20T16:35:27","slug":"parcours-dappropriation","status":"publish","type":"page","link":"https:\/\/gobio-robot.com\/en\/integration-programme\/parcours-dappropriation\/","title":{"rendered":"Parcours d&#8217;acceptabilit\u00e9"},"content":{"rendered":"<div class=\"wpb-content-wrapper\"><p>[vc_row][vc_column][vc_column_text]<\/p>\n<h2>Parcours d&#8217;acceptabilit\u00e9<\/h2>\n<p>En utilisant les donn\u00e9es de votre formulaire &#8220;Diagnostiquez-vous&#8221; <a href=\"https:\/\/gobio-robot.com\/diagnostic-penibilite\/\">(Phase 1 et 2)<\/a>, nous sommes en mesure de vous pr\u00e9senter nos solutions avec essais et mise en situation. Enfin, nous assurons \u00e9galement vos formations sp\u00e9cifiques, suivi de satisfaction d&#8217;appropriation par les op\u00e9rateurs.[\/vc_column_text][vc_empty_space][\/vc_column][\/vc_row][vc_row content_placement=&#8221;middle&#8221;][vc_column width=&#8221;1\/4&#8243;][vc_single_image image=&#8221;13449&#8243; add_caption=&#8221;yes&#8221; alignment=&#8221;center&#8221; image_hover=&#8221;&#8221;][\/vc_column][vc_column width=&#8221;3\/4&#8243;][vc_column_text]<\/p>\n<h3>Phase 3 &#8211;\u00a0 D\u00e9couverte de notre offre<\/h3>\n<ul>\n<li>Pr\u00e9sentation et essais de nos solutions<\/li>\n<li>\u00c9valuation de leur utilit\u00e9 selon les sp\u00e9cificit\u00e9s de vos activit\u00e9s et de votre environnement.<\/li>\n<li>Approche sur l&#8217;utilisabilit\u00e9, l&#8217;acceptabilit\u00e9 et l\u2019appropriation \u00e0 l\u2019int\u00e9gration d&#8217;exosquelettes dans votre structure.<\/li>\n<li>\u00c9laboration d\u2019un plan d&#8217;action\u00a0(d\u00e9cideurs et op\u00e9rateurs).<\/li>\n<\/ul>\n<p>[\/vc_column_text][\/vc_column][\/vc_row][vc_row][vc_column][vc_empty_space][\/vc_column][\/vc_row][vc_row content_placement=&#8221;middle&#8221;][vc_column width=&#8221;1\/4&#8243;][vc_single_image image=&#8221;13445&#8243; add_caption=&#8221;yes&#8221; alignment=&#8221;center&#8221; image_hover=&#8221;&#8221;][\/vc_column][vc_column width=&#8221;3\/4&#8243;][vc_column_text]<\/p>\n<h3>Phase 4 &#8211; Utilisation<\/h3>\n<ul>\n<li>Formation des utilisateurs \u00e0 l\u2019utilisation et \u00e0 l\u2019entretien des mat\u00e9riels.<\/li>\n<li>R\u00e9ponse aux probl\u00e9matiques d&#8217;acceptabilit\u00e9 des op\u00e9rateurs.<\/li>\n<li>Suivi de la satisfaction et l\u2019appropriation des mat\u00e9riels par les op\u00e9rateurs.<\/li>\n<\/ul>\n<p>[\/vc_column_text][\/vc_column][\/vc_row][vc_row][vc_column][vc_empty_space height=&#8221;50px&#8221;][\/vc_column][\/vc_row]<\/p>\n<\/div>","protected":false},"excerpt":{"rendered":"<p>[vc_row][vc_column][vc_column_text] Parcours d&#8217;acceptabilit\u00e9 En utilisant les donn\u00e9es de votre formulaire &#8220;Diagnostiquez-vous&#8221; (Phase 1 et 2), nous sommes en mesure de vous pr\u00e9senter nos solutions avec essais et mise en situation.&hellip;<\/p>\n","protected":false},"author":1,"featured_media":18304,"parent":17275,"menu_order":0,"comment_status":"closed","ping_status":"closed","template":"","meta":{"_acf_changed":false,"footnotes":""},"class_list":["post-17236","page","type-page","status-publish","has-post-thumbnail","hentry"],"acf":[],"yoast_head":"<title>Parcours d&#039;acceptabilit\u00e9 - GOBIO<\/title>\n<meta name=\"robots\" content=\"index, follow, max-snippet:-1, max-image-preview:large, max-video-preview:-1\" \/>\n<link rel=\"canonical\" href=\"https:\/\/gobio-robot.com\/en\/integration-programme\/parcours-dappropriation\/\" \/>\n<meta property=\"og:locale\" content=\"en_US\" \/>\n<meta property=\"og:type\" content=\"article\" \/>\n<meta property=\"og:title\" content=\"Parcours d&#039;acceptabilit\u00e9 - GOBIO\" \/>\n<meta property=\"og:description\" content=\"[vc_row][vc_column][vc_column_text] Parcours d&#8217;acceptabilit\u00e9 En utilisant les donn\u00e9es de votre formulaire &#8220;Diagnostiquez-vous&#8221; (Phase 1 et 2), nous sommes en mesure de vous pr\u00e9senter nos solutions avec essais et mise en situation.&hellip;\" \/>\n<meta property=\"og:url\" content=\"https:\/\/gobio-robot.com\/en\/integration-programme\/parcours-dappropriation\/\" \/>\n<meta property=\"og:site_name\" content=\"GOBIO\" \/>\n<meta property=\"article:modified_time\" content=\"2023-03-20T16:35:27+00:00\" \/>\n<meta property=\"og:image\" content=\"https:\/\/gobio-robot.com\/wp-content\/uploads\/sites\/6\/2023\/02\/Diagnostic-de-penibilite-GOBIO.png\" \/>\n\t<meta property=\"og:image:width\" content=\"2000\" \/>\n\t<meta property=\"og:image:height\" content=\"800\" \/>\n\t<meta property=\"og:image:type\" content=\"image\/png\" \/>\n<meta name=\"twitter:card\" content=\"summary_large_image\" \/>\n<meta name=\"twitter:label1\" content=\"Est. reading time\" \/>\n\t<meta name=\"twitter:data1\" content=\"1 minute\" \/>\n<script type=\"application\/ld+json\" class=\"yoast-schema-graph\">{\"@context\":\"https:\\\/\\\/schema.org\",\"@graph\":[{\"@type\":\"WebPage\",\"@id\":\"https:\\\/\\\/gobio-robot.com\\\/en\\\/integration-programme\\\/parcours-dappropriation\\\/\",\"url\":\"https:\\\/\\\/gobio-robot.com\\\/en\\\/integration-programme\\\/parcours-dappropriation\\\/\",\"name\":\"Parcours d'acceptabilit\u00e9 - GOBIO\",\"isPartOf\":{\"@id\":\"https:\\\/\\\/gobio-robot.com\\\/#website\"},\"primaryImageOfPage\":{\"@id\":\"https:\\\/\\\/gobio-robot.com\\\/en\\\/integration-programme\\\/parcours-dappropriation\\\/#primaryimage\"},\"image\":{\"@id\":\"https:\\\/\\\/gobio-robot.com\\\/en\\\/integration-programme\\\/parcours-dappropriation\\\/#primaryimage\"},\"thumbnailUrl\":\"https:\\\/\\\/gobio-robot.com\\\/wp-content\\\/uploads\\\/sites\\\/6\\\/2023\\\/02\\\/Diagnostic-de-penibilite-GOBIO.png\",\"datePublished\":\"2018-07-03T13:15:33+00:00\",\"dateModified\":\"2023-03-20T16:35:27+00:00\",\"breadcrumb\":{\"@id\":\"https:\\\/\\\/gobio-robot.com\\\/en\\\/integration-programme\\\/parcours-dappropriation\\\/#breadcrumb\"},\"inLanguage\":\"en-US\",\"potentialAction\":[{\"@type\":\"ReadAction\",\"target\":[\"https:\\\/\\\/gobio-robot.com\\\/en\\\/integration-programme\\\/parcours-dappropriation\\\/\"]}]},{\"@type\":\"ImageObject\",\"inLanguage\":\"en-US\",\"@id\":\"https:\\\/\\\/gobio-robot.com\\\/en\\\/integration-programme\\\/parcours-dappropriation\\\/#primaryimage\",\"url\":\"https:\\\/\\\/gobio-robot.com\\\/wp-content\\\/uploads\\\/sites\\\/6\\\/2023\\\/02\\\/Diagnostic-de-penibilite-GOBIO.png\",\"contentUrl\":\"https:\\\/\\\/gobio-robot.com\\\/wp-content\\\/uploads\\\/sites\\\/6\\\/2023\\\/02\\\/Diagnostic-de-penibilite-GOBIO.png\",\"width\":2000,\"height\":800,\"caption\":\"Penosidad en el trabajo - GOBIO\"},{\"@type\":\"BreadcrumbList\",\"@id\":\"https:\\\/\\\/gobio-robot.com\\\/en\\\/integration-programme\\\/parcours-dappropriation\\\/#breadcrumb\",\"itemListElement\":[{\"@type\":\"ListItem\",\"position\":1,\"name\":\"Home\",\"item\":\"https:\\\/\\\/gobio-robot.com\\\/en\\\/\"},{\"@type\":\"ListItem\",\"position\":2,\"name\":\"Integration pathway\",\"item\":\"https:\\\/\\\/gobio-robot.com\\\/en\\\/integration-programme\\\/\"},{\"@type\":\"ListItem\",\"position\":3,\"name\":\"Parcours d&#8217;acceptabilit\u00e9\"}]},{\"@type\":\"WebSite\",\"@id\":\"https:\\\/\\\/gobio-robot.com\\\/#website\",\"url\":\"https:\\\/\\\/gobio-robot.com\\\/\",\"name\":\"GOBIO\",\"description\":\"\",\"potentialAction\":[{\"@type\":\"SearchAction\",\"target\":{\"@type\":\"EntryPoint\",\"urlTemplate\":\"https:\\\/\\\/gobio-robot.com\\\/?s={search_term_string}\"},\"query-input\":{\"@type\":\"PropertyValueSpecification\",\"valueRequired\":true,\"valueName\":\"search_term_string\"}}],\"inLanguage\":\"en-US\"}]}<\/script>","yoast_head_json":{"title":"Parcours d'acceptabilit\u00e9 - GOBIO","robots":{"index":"index","follow":"follow","max-snippet":"max-snippet:-1","max-image-preview":"max-image-preview:large","max-video-preview":"max-video-preview:-1"},"canonical":"https:\/\/gobio-robot.com\/en\/integration-programme\/parcours-dappropriation\/","og_locale":"en_US","og_type":"article","og_title":"Parcours d'acceptabilit\u00e9 - GOBIO","og_description":"[vc_row][vc_column][vc_column_text] Parcours d&#8217;acceptabilit\u00e9 En utilisant les donn\u00e9es de votre formulaire &#8220;Diagnostiquez-vous&#8221; (Phase 1 et 2), nous sommes en mesure de vous pr\u00e9senter nos solutions avec essais et mise en situation.&hellip;","og_url":"https:\/\/gobio-robot.com\/en\/integration-programme\/parcours-dappropriation\/","og_site_name":"GOBIO","article_modified_time":"2023-03-20T16:35:27+00:00","og_image":[{"width":2000,"height":800,"url":"https:\/\/gobio-robot.com\/wp-content\/uploads\/sites\/6\/2023\/02\/Diagnostic-de-penibilite-GOBIO.png","type":"image\/png"}],"twitter_card":"summary_large_image","twitter_misc":{"Est. reading time":"1 minute"},"schema":{"@context":"https:\/\/schema.org","@graph":[{"@type":"WebPage","@id":"https:\/\/gobio-robot.com\/en\/integration-programme\/parcours-dappropriation\/","url":"https:\/\/gobio-robot.com\/en\/integration-programme\/parcours-dappropriation\/","name":"Parcours d'acceptabilit\u00e9 - GOBIO","isPartOf":{"@id":"https:\/\/gobio-robot.com\/#website"},"primaryImageOfPage":{"@id":"https:\/\/gobio-robot.com\/en\/integration-programme\/parcours-dappropriation\/#primaryimage"},"image":{"@id":"https:\/\/gobio-robot.com\/en\/integration-programme\/parcours-dappropriation\/#primaryimage"},"thumbnailUrl":"https:\/\/gobio-robot.com\/wp-content\/uploads\/sites\/6\/2023\/02\/Diagnostic-de-penibilite-GOBIO.png","datePublished":"2018-07-03T13:15:33+00:00","dateModified":"2023-03-20T16:35:27+00:00","breadcrumb":{"@id":"https:\/\/gobio-robot.com\/en\/integration-programme\/parcours-dappropriation\/#breadcrumb"},"inLanguage":"en-US","potentialAction":[{"@type":"ReadAction","target":["https:\/\/gobio-robot.com\/en\/integration-programme\/parcours-dappropriation\/"]}]},{"@type":"ImageObject","inLanguage":"en-US","@id":"https:\/\/gobio-robot.com\/en\/integration-programme\/parcours-dappropriation\/#primaryimage","url":"https:\/\/gobio-robot.com\/wp-content\/uploads\/sites\/6\/2023\/02\/Diagnostic-de-penibilite-GOBIO.png","contentUrl":"https:\/\/gobio-robot.com\/wp-content\/uploads\/sites\/6\/2023\/02\/Diagnostic-de-penibilite-GOBIO.png","width":2000,"height":800,"caption":"Penosidad en el trabajo - GOBIO"},{"@type":"BreadcrumbList","@id":"https:\/\/gobio-robot.com\/en\/integration-programme\/parcours-dappropriation\/#breadcrumb","itemListElement":[{"@type":"ListItem","position":1,"name":"Home","item":"https:\/\/gobio-robot.com\/en\/"},{"@type":"ListItem","position":2,"name":"Integration pathway","item":"https:\/\/gobio-robot.com\/en\/integration-programme\/"},{"@type":"ListItem","position":3,"name":"Parcours d&#8217;acceptabilit\u00e9"}]},{"@type":"WebSite","@id":"https:\/\/gobio-robot.com\/#website","url":"https:\/\/gobio-robot.com\/","name":"GOBIO","description":"","potentialAction":[{"@type":"SearchAction","target":{"@type":"EntryPoint","urlTemplate":"https:\/\/gobio-robot.com\/?s={search_term_string}"},"query-input":{"@type":"PropertyValueSpecification","valueRequired":true,"valueName":"search_term_string"}}],"inLanguage":"en-US"}]}},"_links":{"self":[{"href":"https:\/\/gobio-robot.com\/en\/wp-json\/wp\/v2\/pages\/17236","targetHints":{"allow":["GET"]}}],"collection":[{"href":"https:\/\/gobio-robot.com\/en\/wp-json\/wp\/v2\/pages"}],"about":[{"href":"https:\/\/gobio-robot.com\/en\/wp-json\/wp\/v2\/types\/page"}],"author":[{"embeddable":true,"href":"https:\/\/gobio-robot.com\/en\/wp-json\/wp\/v2\/users\/1"}],"replies":[{"embeddable":true,"href":"https:\/\/gobio-robot.com\/en\/wp-json\/wp\/v2\/comments?post=17236"}],"version-history":[{"count":5,"href":"https:\/\/gobio-robot.com\/en\/wp-json\/wp\/v2\/pages\/17236\/revisions"}],"predecessor-version":[{"id":18320,"href":"https:\/\/gobio-robot.com\/en\/wp-json\/wp\/v2\/pages\/17236\/revisions\/18320"}],"up":[{"embeddable":true,"href":"https:\/\/gobio-robot.com\/en\/wp-json\/wp\/v2\/pages\/17275"}],"wp:featuredmedia":[{"embeddable":true,"href":"https:\/\/gobio-robot.com\/en\/wp-json\/wp\/v2\/media\/18304"}],"wp:attachment":[{"href":"https:\/\/gobio-robot.com\/en\/wp-json\/wp\/v2\/media?parent=17236"}],"curies":[{"name":"wp","href":"https:\/\/api.w.org\/{rel}","templated":true}]}}