{"id":17250,"date":"2018-07-03T15:13:08","date_gmt":"2018-07-03T13:13:08","guid":{"rendered":"https:\/\/gobio-robot.com\/tms-et-penibilite\/"},"modified":"2025-11-17T17:52:44","modified_gmt":"2025-11-17T16:52:44","slug":"tms-et-penibilite","status":"publish","type":"page","link":"https:\/\/gobio-robot.com\/en\/tms-et-penibilite\/","title":{"rendered":"MSD and arduousness"},"content":{"rendered":"<div class=\"wpb-content-wrapper\"><p>[vc_row][vc_column][vc_empty_space height=&#8221;100&#8243;][vc_raw_html css=&#8221;&#8221;]JTVCd3BzZW9fYnJlYWRjcnVtYiU1RA==[\/vc_raw_html][vc_column_text css=&#8221;&#8221;]<\/p>\n<h2><span lang=\"EN-GB\">MSD and arduousness &#8211; exoskeleton solutions<\/span><\/h2>\n<p>[\/vc_column_text][\/vc_column][\/vc_row][vc_row content_placement=&#8221;middle&#8221;][vc_column width=&#8221;2\/3&#8243;][vc_column_text css=&#8221;&#8221;]<\/p>\n<h3>Musculoskeletal disorders<\/h3>\n<p>Musculoskeletal disorders (MSD) affecting the upper and lower limbs are<strong> issues with the musculoskeletal system<\/strong> in which the professional activity plays a role in the origin, continuation or deterioration. <strong>MSD mainly affect the muscles, tendons and nerves, that is to say the soft tissues.<\/strong><\/p>\n<blockquote><p>The parts of the body usually affected are the neck, shoulders and wrists. MSD of the<strong> lower limbs<\/strong> are rarer and mainly affect the knees, and are disorders affecting the <strong>joint<\/strong>, <strong>muscles<\/strong> and <strong>tendons<\/strong>. They may present as pain but also as <strong>stiffness<\/strong>, <strong>awkwardness<\/strong> or <strong>loss of strength<\/strong>. Whatever their location, MSD can become irreversible and lead to a long-term disability. So that these diseases don\u2019t become chronic, they must be diagnosed and treated as soon as possible.<\/p><\/blockquote>\n<p>MSD are by far the most common <strong>occupational diseases<\/strong>. In general, MSD are related to the<strong> workstation and its environment, the organisation of work, and the social climate in the company.<\/strong><\/p>\n<p>MSD are expensive for companies. In fact, they result in disorganisation within the company, can be the cause of poorer performance for the company (reduced productivity, quality, etc) and have a <strong>significant impact on absenteeism and turnover<\/strong>. Prevention solutions can be put in place. Some MSD risk factors are related to regulatory obligations affecting arduousness at work.<\/p>\n<p>To overcome these problems, GOBIO has focused of various types of professions, on the different body parts used and damaged. Therefore, our team has decided to <strong>respond to these everyday worries of employees by offering<\/strong> <a href=\"https:\/\/gobio-robot.com\/en\/industrial-exoskeleton\/\">exoskeleton and ergoskeleton solutions<\/a>. <span style=\"color: #009de0;\"><strong>These solutions can not only reduce the risk of MSD but can also improve the quality of work life for employees and the quality of products.<\/strong><\/span>[\/vc_column_text][\/vc_column][vc_column width=&#8221;1\/3&#8243;][vc_single_image image=&#8221;14932&#8243; img_size=&#8221;medium&#8221; alignment=&#8221;center&#8221; style=&#8221;vc_box_rounded&#8221;][vc_single_image image=&#8221;14934&#8243; img_size=&#8221;medium&#8221; alignment=&#8221;center&#8221;][vc_single_image image=&#8221;14936&#8243; img_size=&#8221;medium&#8221; alignment=&#8221;center&#8221;][\/vc_column][\/vc_row][vc_row][vc_column][vc_column_text css=&#8221;&#8221;]<\/p>\n<h3>Arduousness<\/h3>\n<p><strong>The main principles:<\/strong><\/p>\n<p>Arduousness at work is defined as <strong>exposure to one or more occupational risk factors likely to have long-term, identifiable and irreversible effects on health. <\/strong><\/p>\n<p>These factors are linked to marked <strong>physical restrictions<\/strong>, an aggressive <strong>physical environment or to certain working patterns<\/strong>. Exposure to these factors is evaluated after considering the collective and individual protection measures implemented in the company.<\/p>\n<p>In 2011, <strong>10 factors were defined and included in the labour code<\/strong>. The law of 20 January 2014 guaranteeing the future and fairness of the pension system <strong>created an Arduousness Prevention Strategy<\/strong> to be implemented gradually: 4 risk factors entered into force in 2015, the others in 2016.<\/p>\n<p><strong>The 10 risk factors are as follows:<\/strong><\/p>\n<ol>\n<li>manual lifting of loads;<\/li>\n<li>arduous postures or forced joint positions;<\/li>\n<li>mechanical vibrations;<\/li>\n<li>activities carried out in hyperbaric environments (high pressures) &#8211; in force in 2015;<\/li>\n<li>dangerous chemical agents, including dust and smoke;<\/li>\n<li>extreme temperatures;<\/li>\n<li>noise;<\/li>\n<li>night work &#8211; in force in 2015;<\/li>\n<li>work in successive shifts &#8211; in force in 2015;<\/li>\n<li>repetitive work &#8211; in force in 2015.<\/li>\n<\/ol>\n<p>[\/vc_column_text][\/vc_column][\/vc_row][vc_row][vc_column][vc_empty_space][vc_column_text css=&#8221;&#8221;]<\/p>\n<p style=\"text-align: center;\"><span style=\"color: #cd5b1b;\">Need an expert diagnosis ?<\/span><\/p>\n<p>[\/vc_column_text][vc_btn title=&#8221;Contact us!&#8221; style=&#8221;custom&#8221; custom_background=&#8221;#cd5b1b&#8221; custom_text=&#8221;#ffffff&#8221; align=&#8221;center&#8221; css=&#8221;&#8221; link=&#8221;url:https%3A%2F%2Fgobio-robot.com%2Fcontact%2F|title:Contactez-nous%20!&#8221;][\/vc_column][\/vc_row][vc_row][vc_column][vc_empty_space][vc_empty_space][vc_row_inner content_placement=&#8221;middle&#8221;][vc_column_inner width=&#8221;1\/4&#8243;][vc_column_text css=&#8221;&#8221;]<\/p>\n<h4>Discover the INRS\u2019 resources here:<\/h4>\n<p>[\/vc_column_text][\/vc_column_inner][vc_column_inner width=&#8221;1\/4&#8243;]<div class=\"ult-content-box-container \" >\t<a class=\"ult-content-box-anchor\" href=\"https:\/\/gobio-robot.com\/wp-content\/uploads\/sites\/6\/2019\/02\/Acquisition-et-int\u00e9gration-dun-exosquelette-en-entreprise-INRS.pdf\" title=\"Exosquelettes au travail impact sur la sant\u00e9 et la securit\u00e9 des operateurs - INRS\" target=\"_blank\" rel=\"noopener\" >\t\t<div class=\"ult-content-box\" style=\"background-color:#f2f2f2;box-shadow: px px px px none;padding:25px;min-height:272px;-webkit-transition: all 700ms ease;-moz-transition: all 700ms ease;-ms-transition: all 700ms ease;-o-transition: all 700ms ease;transition: all 700ms ease;\"  data-hover_bg_color=\"#f9f9f9\"  data-hover_box_shadow=\"none\"     data-bg=\"#f2f2f2\" >[vc_icon icon_fontawesome=&#8221;fas fa-file-alt&#8221; color=&#8221;custom&#8221; background_style=&#8221;rounded-outline&#8221; background_color=&#8221;custom&#8221; size=&#8221;lg&#8221; align=&#8221;center&#8221; custom_color=&#8221;#cd5b1b&#8221; custom_background_color=&#8221;#cd5b1b&#8221;][vc_column_text css=&#8221;&#8221;]The exoskeleton at work, impact on the health and safety of operators[\/vc_column_text]\t\t<\/div>\t<\/a><\/div>[\/vc_column_inner][vc_column_inner width=&#8221;1\/4&#8243;]<div class=\"ult-content-box-container \" >\t<a class=\"ult-content-box-anchor\" href=\"https:\/\/gobio-robot.com\/wp-content\/uploads\/sites\/6\/2019\/02\/Exosquelettes-au-travail-impact-sur-la-sant\u00e9-et-la-securit\u00e9-des-operateurs-INRS.pdf\" title=\"Acquisition et int\u00e9gration d&#039;un exosquelette en entreprise - INRS\" target=\"_blank\" rel=\"noopener\" >\t\t<div class=\"ult-content-box\" style=\"background-color:#f2f2f2;box-shadow: px px px px none;padding:25px;min-height:272px;-webkit-transition: all 700ms ease;-moz-transition: all 700ms ease;-ms-transition: all 700ms ease;-o-transition: all 700ms ease;transition: all 700ms ease;\"  data-hover_bg_color=\"#f9f9f9\"  data-hover_box_shadow=\"none\"     data-bg=\"#f2f2f2\" >[vc_icon icon_fontawesome=&#8221;fas fa-file-alt&#8221; color=&#8221;custom&#8221; background_style=&#8221;rounded-outline&#8221; background_color=&#8221;custom&#8221; size=&#8221;lg&#8221; align=&#8221;center&#8221; custom_color=&#8221;#cd5b1b&#8221; custom_background_color=&#8221;#cd5b1b&#8221;][vc_column_text css=&#8221;&#8221;]The acquisition and integration of an exoskeleton by a company[\/vc_column_text]\t\t<\/div>\t<\/a><\/div>[\/vc_column_inner][vc_column_inner width=&#8221;1\/4&#8243;]<div class=\"ult-content-box-container \" >\t<a class=\"ult-content-box-anchor\" href=\"https:\/\/gobio-robot.com\/wp-content\/uploads\/sites\/6\/2019\/02\/Exosquelettes-sant\u00e9-et-s\u00e9curit\u00e9-au-travail-INRS.pdf\" title=\"Exosquelettes, sant\u00e9 et s\u00e9curit\u00e9 au travail - INRS\" target=\"_blank\" rel=\"noopener\" >\t\t<div class=\"ult-content-box\" style=\"background-color:#f2f2f2;box-shadow: px px px px none;padding:25px;min-height:272px;-webkit-transition: all 700ms ease;-moz-transition: all 700ms ease;-ms-transition: all 700ms ease;-o-transition: all 700ms ease;transition: all 700ms ease;\"  data-hover_bg_color=\"#f9f9f9\"  data-hover_box_shadow=\"none\"     data-bg=\"#f2f2f2\" >[vc_icon icon_fontawesome=&#8221;fas fa-file-alt&#8221; color=&#8221;custom&#8221; background_style=&#8221;rounded-outline&#8221; background_color=&#8221;custom&#8221; size=&#8221;lg&#8221; align=&#8221;center&#8221; custom_color=&#8221;#cd5b1b&#8221; custom_background_color=&#8221;#cd5b1b&#8221;][vc_column_text css=&#8221;&#8221;]The exoskeleton, health and safety at work[\/vc_column_text]\t\t<\/div>\t<\/a><\/div>[\/vc_column_inner][\/vc_row_inner][\/vc_column][\/vc_row][vc_row][vc_column][vc_empty_space height=&#8221;50px&#8221;][\/vc_column][\/vc_row]<\/p>\n<\/div>","protected":false},"excerpt":{"rendered":"<p>[vc_row][vc_column][vc_empty_space height=&#8221;100&#8243;][vc_raw_html css=&#8221;&#8221;]JTVCd3BzZW9fYnJlYWRjcnVtYiU1RA==[\/vc_raw_html][vc_column_text css=&#8221;&#8221;] MSD and arduousness &#8211; exoskeleton solutions [\/vc_column_text][\/vc_column][\/vc_row][vc_row content_placement=&#8221;middle&#8221;][vc_column width=&#8221;2\/3&#8243;][vc_column_text css=&#8221;&#8221;] Musculoskeletal disorders Musculoskeletal disorders (MSD) affecting the upper and lower limbs are issues with the musculoskeletal&hellip;<\/p>\n","protected":false},"author":1,"featured_media":23473,"parent":0,"menu_order":0,"comment_status":"closed","ping_status":"closed","template":"page-avec-slider.php","meta":{"_acf_changed":false,"footnotes":""},"class_list":["post-17250","page","type-page","status-publish","has-post-thumbnail","hentry"],"acf":[],"yoast_head":"<title>MSD and arduousness - GOBIO<\/title>\n<meta name=\"description\" content=\"GOBIO a d\u00e9cid\u00e9 de r\u00e9pondre aux probl\u00e9matiques de TMS et P\u00e9nibilit\u00e9 en proposant des solutions d&#039;exosquelettes, d&#039;ergosquelettes et de bras z\u00e9ro gravit\u00e9.\" \/>\n<meta name=\"robots\" content=\"index, follow, max-snippet:-1, max-image-preview:large, max-video-preview:-1\" \/>\n<link rel=\"canonical\" href=\"https:\/\/gobio-robot.com\/en\/tms-et-penibilite\/\" \/>\n<meta property=\"og:locale\" content=\"en_US\" \/>\n<meta property=\"og:type\" content=\"article\" \/>\n<meta property=\"og:title\" content=\"MSD and arduousness - GOBIO\" \/>\n<meta property=\"og:description\" content=\"GOBIO a d\u00e9cid\u00e9 de r\u00e9pondre aux probl\u00e9matiques de TMS et P\u00e9nibilit\u00e9 en proposant des solutions d&#039;exosquelettes, d&#039;ergosquelettes et de bras z\u00e9ro gravit\u00e9.\" \/>\n<meta property=\"og:url\" content=\"https:\/\/gobio-robot.com\/en\/tms-et-penibilite\/\" \/>\n<meta property=\"og:site_name\" content=\"GOBIO\" \/>\n<meta property=\"article:modified_time\" content=\"2025-11-17T16:52:44+00:00\" \/>\n<meta property=\"og:image\" content=\"https:\/\/gobio-robot.com\/wp-content\/uploads\/sites\/6\/2025\/06\/slider-parcours.jpg\" \/>\n\t<meta property=\"og:image:width\" content=\"2000\" \/>\n\t<meta property=\"og:image:height\" content=\"800\" \/>\n\t<meta property=\"og:image:type\" content=\"image\/jpeg\" \/>\n<meta name=\"twitter:card\" content=\"summary_large_image\" \/>\n<meta name=\"twitter:label1\" content=\"Est. reading time\" \/>\n\t<meta name=\"twitter:data1\" content=\"4 minutes\" \/>\n<script type=\"application\/ld+json\" class=\"yoast-schema-graph\">{\"@context\":\"https:\\\/\\\/schema.org\",\"@graph\":[{\"@type\":\"WebPage\",\"@id\":\"https:\\\/\\\/gobio-robot.com\\\/en\\\/tms-et-penibilite\\\/\",\"url\":\"https:\\\/\\\/gobio-robot.com\\\/en\\\/tms-et-penibilite\\\/\",\"name\":\"MSD and arduousness - GOBIO\",\"isPartOf\":{\"@id\":\"https:\\\/\\\/gobio-robot.com\\\/#website\"},\"primaryImageOfPage\":{\"@id\":\"https:\\\/\\\/gobio-robot.com\\\/en\\\/tms-et-penibilite\\\/#primaryimage\"},\"image\":{\"@id\":\"https:\\\/\\\/gobio-robot.com\\\/en\\\/tms-et-penibilite\\\/#primaryimage\"},\"thumbnailUrl\":\"https:\\\/\\\/gobio-robot.com\\\/wp-content\\\/uploads\\\/sites\\\/6\\\/2025\\\/06\\\/slider-parcours.jpg\",\"datePublished\":\"2018-07-03T13:13:08+00:00\",\"dateModified\":\"2025-11-17T16:52:44+00:00\",\"description\":\"GOBIO a d\u00e9cid\u00e9 de r\u00e9pondre aux probl\u00e9matiques de TMS et P\u00e9nibilit\u00e9 en proposant des solutions d'exosquelettes, d'ergosquelettes et de bras z\u00e9ro gravit\u00e9.\",\"breadcrumb\":{\"@id\":\"https:\\\/\\\/gobio-robot.com\\\/en\\\/tms-et-penibilite\\\/#breadcrumb\"},\"inLanguage\":\"en-US\",\"potentialAction\":[{\"@type\":\"ReadAction\",\"target\":[\"https:\\\/\\\/gobio-robot.com\\\/en\\\/tms-et-penibilite\\\/\"]}]},{\"@type\":\"ImageObject\",\"inLanguage\":\"en-US\",\"@id\":\"https:\\\/\\\/gobio-robot.com\\\/en\\\/tms-et-penibilite\\\/#primaryimage\",\"url\":\"https:\\\/\\\/gobio-robot.com\\\/wp-content\\\/uploads\\\/sites\\\/6\\\/2025\\\/06\\\/slider-parcours.jpg\",\"contentUrl\":\"https:\\\/\\\/gobio-robot.com\\\/wp-content\\\/uploads\\\/sites\\\/6\\\/2025\\\/06\\\/slider-parcours.jpg\",\"width\":2000,\"height\":800,\"caption\":\"Parcours d'int\u00e9gration | GOBIO\"},{\"@type\":\"BreadcrumbList\",\"@id\":\"https:\\\/\\\/gobio-robot.com\\\/en\\\/tms-et-penibilite\\\/#breadcrumb\",\"itemListElement\":[{\"@type\":\"ListItem\",\"position\":1,\"name\":\"Home\",\"item\":\"https:\\\/\\\/gobio-robot.com\\\/en\\\/\"},{\"@type\":\"ListItem\",\"position\":2,\"name\":\"MSD and arduousness\"}]},{\"@type\":\"WebSite\",\"@id\":\"https:\\\/\\\/gobio-robot.com\\\/#website\",\"url\":\"https:\\\/\\\/gobio-robot.com\\\/\",\"name\":\"GOBIO\",\"description\":\"\",\"potentialAction\":[{\"@type\":\"SearchAction\",\"target\":{\"@type\":\"EntryPoint\",\"urlTemplate\":\"https:\\\/\\\/gobio-robot.com\\\/?s={search_term_string}\"},\"query-input\":{\"@type\":\"PropertyValueSpecification\",\"valueRequired\":true,\"valueName\":\"search_term_string\"}}],\"inLanguage\":\"en-US\"}]}<\/script>","yoast_head_json":{"title":"MSD and arduousness - GOBIO","description":"GOBIO a d\u00e9cid\u00e9 de r\u00e9pondre aux probl\u00e9matiques de TMS et P\u00e9nibilit\u00e9 en proposant des solutions d'exosquelettes, d'ergosquelettes et de bras z\u00e9ro gravit\u00e9.","robots":{"index":"index","follow":"follow","max-snippet":"max-snippet:-1","max-image-preview":"max-image-preview:large","max-video-preview":"max-video-preview:-1"},"canonical":"https:\/\/gobio-robot.com\/en\/tms-et-penibilite\/","og_locale":"en_US","og_type":"article","og_title":"MSD and arduousness - GOBIO","og_description":"GOBIO a d\u00e9cid\u00e9 de r\u00e9pondre aux probl\u00e9matiques de TMS et P\u00e9nibilit\u00e9 en proposant des solutions d'exosquelettes, d'ergosquelettes et de bras z\u00e9ro gravit\u00e9.","og_url":"https:\/\/gobio-robot.com\/en\/tms-et-penibilite\/","og_site_name":"GOBIO","article_modified_time":"2025-11-17T16:52:44+00:00","og_image":[{"width":2000,"height":800,"url":"https:\/\/gobio-robot.com\/wp-content\/uploads\/sites\/6\/2025\/06\/slider-parcours.jpg","type":"image\/jpeg"}],"twitter_card":"summary_large_image","twitter_misc":{"Est. reading time":"4 minutes"},"schema":{"@context":"https:\/\/schema.org","@graph":[{"@type":"WebPage","@id":"https:\/\/gobio-robot.com\/en\/tms-et-penibilite\/","url":"https:\/\/gobio-robot.com\/en\/tms-et-penibilite\/","name":"MSD and arduousness - GOBIO","isPartOf":{"@id":"https:\/\/gobio-robot.com\/#website"},"primaryImageOfPage":{"@id":"https:\/\/gobio-robot.com\/en\/tms-et-penibilite\/#primaryimage"},"image":{"@id":"https:\/\/gobio-robot.com\/en\/tms-et-penibilite\/#primaryimage"},"thumbnailUrl":"https:\/\/gobio-robot.com\/wp-content\/uploads\/sites\/6\/2025\/06\/slider-parcours.jpg","datePublished":"2018-07-03T13:13:08+00:00","dateModified":"2025-11-17T16:52:44+00:00","description":"GOBIO a d\u00e9cid\u00e9 de r\u00e9pondre aux probl\u00e9matiques de TMS et P\u00e9nibilit\u00e9 en proposant des solutions d'exosquelettes, d'ergosquelettes et de bras z\u00e9ro gravit\u00e9.","breadcrumb":{"@id":"https:\/\/gobio-robot.com\/en\/tms-et-penibilite\/#breadcrumb"},"inLanguage":"en-US","potentialAction":[{"@type":"ReadAction","target":["https:\/\/gobio-robot.com\/en\/tms-et-penibilite\/"]}]},{"@type":"ImageObject","inLanguage":"en-US","@id":"https:\/\/gobio-robot.com\/en\/tms-et-penibilite\/#primaryimage","url":"https:\/\/gobio-robot.com\/wp-content\/uploads\/sites\/6\/2025\/06\/slider-parcours.jpg","contentUrl":"https:\/\/gobio-robot.com\/wp-content\/uploads\/sites\/6\/2025\/06\/slider-parcours.jpg","width":2000,"height":800,"caption":"Parcours d'int\u00e9gration | GOBIO"},{"@type":"BreadcrumbList","@id":"https:\/\/gobio-robot.com\/en\/tms-et-penibilite\/#breadcrumb","itemListElement":[{"@type":"ListItem","position":1,"name":"Home","item":"https:\/\/gobio-robot.com\/en\/"},{"@type":"ListItem","position":2,"name":"MSD and arduousness"}]},{"@type":"WebSite","@id":"https:\/\/gobio-robot.com\/#website","url":"https:\/\/gobio-robot.com\/","name":"GOBIO","description":"","potentialAction":[{"@type":"SearchAction","target":{"@type":"EntryPoint","urlTemplate":"https:\/\/gobio-robot.com\/?s={search_term_string}"},"query-input":{"@type":"PropertyValueSpecification","valueRequired":true,"valueName":"search_term_string"}}],"inLanguage":"en-US"}]}},"_links":{"self":[{"href":"https:\/\/gobio-robot.com\/en\/wp-json\/wp\/v2\/pages\/17250","targetHints":{"allow":["GET"]}}],"collection":[{"href":"https:\/\/gobio-robot.com\/en\/wp-json\/wp\/v2\/pages"}],"about":[{"href":"https:\/\/gobio-robot.com\/en\/wp-json\/wp\/v2\/types\/page"}],"author":[{"embeddable":true,"href":"https:\/\/gobio-robot.com\/en\/wp-json\/wp\/v2\/users\/1"}],"replies":[{"embeddable":true,"href":"https:\/\/gobio-robot.com\/en\/wp-json\/wp\/v2\/comments?post=17250"}],"version-history":[{"count":5,"href":"https:\/\/gobio-robot.com\/en\/wp-json\/wp\/v2\/pages\/17250\/revisions"}],"predecessor-version":[{"id":25201,"href":"https:\/\/gobio-robot.com\/en\/wp-json\/wp\/v2\/pages\/17250\/revisions\/25201"}],"wp:featuredmedia":[{"embeddable":true,"href":"https:\/\/gobio-robot.com\/en\/wp-json\/wp\/v2\/media\/23473"}],"wp:attachment":[{"href":"https:\/\/gobio-robot.com\/en\/wp-json\/wp\/v2\/media?parent=17250"}],"curies":[{"name":"wp","href":"https:\/\/api.w.org\/{rel}","templated":true}]}}