{"id":17275,"date":"2018-07-03T15:11:42","date_gmt":"2018-07-03T13:11:42","guid":{"rendered":"https:\/\/gobio-robot.com\/parcours-dintegration\/"},"modified":"2024-12-20T10:59:43","modified_gmt":"2024-12-20T09:59:43","slug":"integration-programme","status":"publish","type":"page","link":"https:\/\/gobio-robot.com\/en\/integration-programme\/","title":{"rendered":"Integration pathway"},"content":{"rendered":"<div class=\"wpb-content-wrapper\"><p>[vc_row][vc_column][vc_column_text]<\/p>\n<h2>Parcours d&#8217;int\u00e9gration<\/h2>\n<p>[\/vc_column_text][vc_row_inner equal_height=&#8221;yes&#8221; content_placement=&#8221;middle&#8221;][vc_column_inner width=&#8221;2\/3&#8243;][vc_column_text]<\/p>\n<h3>TMS et p\u00e9nibilit\u00e9<\/h3>\n<p>Les troubles musculo-squelettiques (TMS) sont des troubles de l\u2019appareil locomoteur pour lesquels l\u2019activit\u00e9 professionnelle peut jouer un r\u00f4le dans la gen\u00e8se, le maintien ou l\u2019aggravation.<\/p>\n<p>La p\u00e9nibilit\u00e9 au travail se d\u00e9finit quant \u00e0 elle, comme l&#8217;exposition \u00e0 un ou plusieurs facteurs de risques professionnels susceptibles de laisser des traces durables, identifiables et irr\u00e9versibles sur la sant\u00e9.\u00a0Apprenez en plus sur les TMS et la p\u00e9nibilit\u00e9 au travail.[\/vc_column_text][\/vc_column_inner][vc_column_inner width=&#8221;1\/3&#8243;][vc_btn title=&#8221;Read more&#8221; style=&#8221;flat&#8221; color=&#8221;sandy-brown&#8221; align=&#8221;center&#8221; link=&#8221;url:https%3A%2F%2Fgobio-robot.com%2Fen%2Fparcours-dintegration%2Fles-tms%2F|title:TMS%20et%20p%C3%A9nibilit%C3%A9|&#8221;][\/vc_column_inner][\/vc_row_inner][vc_separator][vc_row_inner content_placement=&#8221;middle&#8221;][vc_column_inner width=&#8221;2\/3&#8243;][vc_column_text]<\/p>\n<h3>Diagnostic p\u00e9nibilit\u00e9<\/h3>\n<p>Pour tous les professionnels soucieux d\u2019am\u00e9liorer les conditions de travail de leurs salari\u00e9s, nous proposons des solutions comme r\u00e9ponse \u00e0 l\u2019exposition aux troubles musculo-squelettiques (TMS).<\/p>\n<p>R\u00e9alisez notre diagnostic de p\u00e9nibilit\u00e9 en ligne. Il nous permettra de vous proposer une solution adapt\u00e9e aux probl\u00e9matiques de votre activit\u00e9. C&#8217;est aussi un pr\u00e9requis pour assister \u00e0 l&#8217;un de nos nombreux workshops organis\u00e9s partout en France.[\/vc_column_text][\/vc_column_inner][vc_column_inner width=&#8221;1\/3&#8243;][vc_btn title=&#8221;Read more&#8221; style=&#8221;flat&#8221; color=&#8221;sandy-brown&#8221; align=&#8221;center&#8221; link=&#8221;url:https%3A%2F%2Fgobio-robot.com%2Fen%2Fparcours-dintegration%2Fdiagnostic-penibilite%2F|title:Diagnostic%20p%C3%A9nibilit%C3%A9|&#8221;][\/vc_column_inner][\/vc_row_inner][vc_empty_space][\/vc_column][\/vc_row]<\/p>\n<\/div>","protected":false},"excerpt":{"rendered":"<p>[vc_row][vc_column][vc_column_text] Parcours d&#8217;int\u00e9gration [\/vc_column_text][vc_row_inner equal_height=&#8221;yes&#8221; content_placement=&#8221;middle&#8221;][vc_column_inner width=&#8221;2\/3&#8243;][vc_column_text] TMS et p\u00e9nibilit\u00e9 Les troubles musculo-squelettiques (TMS) sont des troubles de l\u2019appareil locomoteur pour lesquels l\u2019activit\u00e9 professionnelle peut jouer un r\u00f4le dans la&hellip;<\/p>\n","protected":false},"author":1,"featured_media":23473,"parent":0,"menu_order":0,"comment_status":"closed","ping_status":"closed","template":"","meta":{"_acf_changed":false,"footnotes":""},"class_list":["post-17275","page","type-page","status-publish","has-post-thumbnail","hentry"],"acf":[],"yoast_head":"<title>Parcours d&#039;int\u00e9gration des exosquelettes en entreprises - GOBIO<\/title>\n<meta name=\"description\" content=\"Effectuez en ligne votre diagnostic p\u00e9nibilit\u00e9 et participez ensuite \u00e0 l&#039;un de nos workshops de pr\u00e9sentations et d&#039;essais d&#039;exosquelettes.\" \/>\n<meta name=\"robots\" content=\"index, follow, max-snippet:-1, max-image-preview:large, max-video-preview:-1\" \/>\n<link rel=\"canonical\" href=\"https:\/\/gobio-robot.com\/en\/integration-programme\/\" \/>\n<meta property=\"og:locale\" content=\"en_US\" \/>\n<meta property=\"og:type\" content=\"article\" \/>\n<meta property=\"og:title\" content=\"Parcours d&#039;int\u00e9gration des exosquelettes en entreprises - GOBIO\" \/>\n<meta property=\"og:description\" content=\"Effectuez en ligne votre diagnostic p\u00e9nibilit\u00e9 et participez ensuite \u00e0 l&#039;un de nos workshops de pr\u00e9sentations et d&#039;essais d&#039;exosquelettes.\" \/>\n<meta property=\"og:url\" content=\"https:\/\/gobio-robot.com\/en\/integration-programme\/\" \/>\n<meta property=\"og:site_name\" content=\"GOBIO\" \/>\n<meta property=\"article:modified_time\" content=\"2024-12-20T09:59:43+00:00\" \/>\n<meta property=\"og:image\" content=\"https:\/\/gobio-robot.com\/wp-content\/uploads\/sites\/6\/2023\/02\/Diagnostic-de-penibilite-GOBIO.png\" \/>\n\t<meta property=\"og:image:width\" content=\"2000\" \/>\n\t<meta property=\"og:image:height\" content=\"800\" \/>\n\t<meta property=\"og:image:type\" content=\"image\/png\" \/>\n<meta name=\"twitter:card\" content=\"summary_large_image\" \/>\n<meta name=\"twitter:label1\" content=\"Est. reading time\" \/>\n\t<meta name=\"twitter:data1\" content=\"1 minute\" \/>\n<script type=\"application\/ld+json\" class=\"yoast-schema-graph\">{\"@context\":\"https:\\\/\\\/schema.org\",\"@graph\":[{\"@type\":\"WebPage\",\"@id\":\"https:\\\/\\\/gobio-robot.com\\\/en\\\/integration-programme\\\/\",\"url\":\"https:\\\/\\\/gobio-robot.com\\\/en\\\/integration-programme\\\/\",\"name\":\"Parcours d'int\u00e9gration des exosquelettes en entreprises - GOBIO\",\"isPartOf\":{\"@id\":\"https:\\\/\\\/gobio-robot.com\\\/#website\"},\"primaryImageOfPage\":{\"@id\":\"https:\\\/\\\/gobio-robot.com\\\/en\\\/integration-programme\\\/#primaryimage\"},\"image\":{\"@id\":\"https:\\\/\\\/gobio-robot.com\\\/en\\\/integration-programme\\\/#primaryimage\"},\"thumbnailUrl\":\"https:\\\/\\\/gobio-robot.com\\\/wp-content\\\/uploads\\\/sites\\\/6\\\/2025\\\/06\\\/slider-parcours.jpg\",\"datePublished\":\"2018-07-03T13:11:42+00:00\",\"dateModified\":\"2024-12-20T09:59:43+00:00\",\"description\":\"Effectuez en ligne votre diagnostic p\u00e9nibilit\u00e9 et participez ensuite \u00e0 l'un de nos workshops de pr\u00e9sentations et d'essais d'exosquelettes.\",\"breadcrumb\":{\"@id\":\"https:\\\/\\\/gobio-robot.com\\\/en\\\/integration-programme\\\/#breadcrumb\"},\"inLanguage\":\"en-US\",\"potentialAction\":[{\"@type\":\"ReadAction\",\"target\":[\"https:\\\/\\\/gobio-robot.com\\\/en\\\/integration-programme\\\/\"]}]},{\"@type\":\"ImageObject\",\"inLanguage\":\"en-US\",\"@id\":\"https:\\\/\\\/gobio-robot.com\\\/en\\\/integration-programme\\\/#primaryimage\",\"url\":\"https:\\\/\\\/gobio-robot.com\\\/wp-content\\\/uploads\\\/sites\\\/6\\\/2025\\\/06\\\/slider-parcours.jpg\",\"contentUrl\":\"https:\\\/\\\/gobio-robot.com\\\/wp-content\\\/uploads\\\/sites\\\/6\\\/2025\\\/06\\\/slider-parcours.jpg\",\"width\":2000,\"height\":800,\"caption\":\"Parcours d'int\u00e9gration | GOBIO\"},{\"@type\":\"BreadcrumbList\",\"@id\":\"https:\\\/\\\/gobio-robot.com\\\/en\\\/integration-programme\\\/#breadcrumb\",\"itemListElement\":[{\"@type\":\"ListItem\",\"position\":1,\"name\":\"Home\",\"item\":\"https:\\\/\\\/gobio-robot.com\\\/en\\\/\"},{\"@type\":\"ListItem\",\"position\":2,\"name\":\"Integration pathway\"}]},{\"@type\":\"WebSite\",\"@id\":\"https:\\\/\\\/gobio-robot.com\\\/#website\",\"url\":\"https:\\\/\\\/gobio-robot.com\\\/\",\"name\":\"GOBIO\",\"description\":\"\",\"potentialAction\":[{\"@type\":\"SearchAction\",\"target\":{\"@type\":\"EntryPoint\",\"urlTemplate\":\"https:\\\/\\\/gobio-robot.com\\\/?s={search_term_string}\"},\"query-input\":{\"@type\":\"PropertyValueSpecification\",\"valueRequired\":true,\"valueName\":\"search_term_string\"}}],\"inLanguage\":\"en-US\"}]}<\/script>","yoast_head_json":{"title":"Parcours d'int\u00e9gration des exosquelettes en entreprises - GOBIO","description":"Effectuez en ligne votre diagnostic p\u00e9nibilit\u00e9 et participez ensuite \u00e0 l'un de nos workshops de pr\u00e9sentations et d'essais d'exosquelettes.","robots":{"index":"index","follow":"follow","max-snippet":"max-snippet:-1","max-image-preview":"max-image-preview:large","max-video-preview":"max-video-preview:-1"},"canonical":"https:\/\/gobio-robot.com\/en\/integration-programme\/","og_locale":"en_US","og_type":"article","og_title":"Parcours d'int\u00e9gration des exosquelettes en entreprises - GOBIO","og_description":"Effectuez en ligne votre diagnostic p\u00e9nibilit\u00e9 et participez ensuite \u00e0 l'un de nos workshops de pr\u00e9sentations et d'essais d'exosquelettes.","og_url":"https:\/\/gobio-robot.com\/en\/integration-programme\/","og_site_name":"GOBIO","article_modified_time":"2024-12-20T09:59:43+00:00","og_image":[{"width":2000,"height":800,"url":"https:\/\/gobio-robot.com\/wp-content\/uploads\/sites\/6\/2023\/02\/Diagnostic-de-penibilite-GOBIO.png","type":"image\/png"}],"twitter_card":"summary_large_image","twitter_misc":{"Est. reading time":"1 minute"},"schema":{"@context":"https:\/\/schema.org","@graph":[{"@type":"WebPage","@id":"https:\/\/gobio-robot.com\/en\/integration-programme\/","url":"https:\/\/gobio-robot.com\/en\/integration-programme\/","name":"Parcours d'int\u00e9gration des exosquelettes en entreprises - GOBIO","isPartOf":{"@id":"https:\/\/gobio-robot.com\/#website"},"primaryImageOfPage":{"@id":"https:\/\/gobio-robot.com\/en\/integration-programme\/#primaryimage"},"image":{"@id":"https:\/\/gobio-robot.com\/en\/integration-programme\/#primaryimage"},"thumbnailUrl":"https:\/\/gobio-robot.com\/wp-content\/uploads\/sites\/6\/2025\/06\/slider-parcours.jpg","datePublished":"2018-07-03T13:11:42+00:00","dateModified":"2024-12-20T09:59:43+00:00","description":"Effectuez en ligne votre diagnostic p\u00e9nibilit\u00e9 et participez ensuite \u00e0 l'un de nos workshops de pr\u00e9sentations et d'essais d'exosquelettes.","breadcrumb":{"@id":"https:\/\/gobio-robot.com\/en\/integration-programme\/#breadcrumb"},"inLanguage":"en-US","potentialAction":[{"@type":"ReadAction","target":["https:\/\/gobio-robot.com\/en\/integration-programme\/"]}]},{"@type":"ImageObject","inLanguage":"en-US","@id":"https:\/\/gobio-robot.com\/en\/integration-programme\/#primaryimage","url":"https:\/\/gobio-robot.com\/wp-content\/uploads\/sites\/6\/2025\/06\/slider-parcours.jpg","contentUrl":"https:\/\/gobio-robot.com\/wp-content\/uploads\/sites\/6\/2025\/06\/slider-parcours.jpg","width":2000,"height":800,"caption":"Parcours d'int\u00e9gration | GOBIO"},{"@type":"BreadcrumbList","@id":"https:\/\/gobio-robot.com\/en\/integration-programme\/#breadcrumb","itemListElement":[{"@type":"ListItem","position":1,"name":"Home","item":"https:\/\/gobio-robot.com\/en\/"},{"@type":"ListItem","position":2,"name":"Integration pathway"}]},{"@type":"WebSite","@id":"https:\/\/gobio-robot.com\/#website","url":"https:\/\/gobio-robot.com\/","name":"GOBIO","description":"","potentialAction":[{"@type":"SearchAction","target":{"@type":"EntryPoint","urlTemplate":"https:\/\/gobio-robot.com\/?s={search_term_string}"},"query-input":{"@type":"PropertyValueSpecification","valueRequired":true,"valueName":"search_term_string"}}],"inLanguage":"en-US"}]}},"_links":{"self":[{"href":"https:\/\/gobio-robot.com\/en\/wp-json\/wp\/v2\/pages\/17275","targetHints":{"allow":["GET"]}}],"collection":[{"href":"https:\/\/gobio-robot.com\/en\/wp-json\/wp\/v2\/pages"}],"about":[{"href":"https:\/\/gobio-robot.com\/en\/wp-json\/wp\/v2\/types\/page"}],"author":[{"embeddable":true,"href":"https:\/\/gobio-robot.com\/en\/wp-json\/wp\/v2\/users\/1"}],"replies":[{"embeddable":true,"href":"https:\/\/gobio-robot.com\/en\/wp-json\/wp\/v2\/comments?post=17275"}],"version-history":[{"count":3,"href":"https:\/\/gobio-robot.com\/en\/wp-json\/wp\/v2\/pages\/17275\/revisions"}],"predecessor-version":[{"id":22732,"href":"https:\/\/gobio-robot.com\/en\/wp-json\/wp\/v2\/pages\/17275\/revisions\/22732"}],"wp:featuredmedia":[{"embeddable":true,"href":"https:\/\/gobio-robot.com\/en\/wp-json\/wp\/v2\/media\/23473"}],"wp:attachment":[{"href":"https:\/\/gobio-robot.com\/en\/wp-json\/wp\/v2\/media?parent=17275"}],"curies":[{"name":"wp","href":"https:\/\/api.w.org\/{rel}","templated":true}]}}