{"id":17283,"date":"2018-07-03T14:01:09","date_gmt":"2018-07-03T12:01:09","guid":{"rendered":"https:\/\/gobio-robot.com\/europe-technologies\/"},"modified":"2024-08-21T15:08:06","modified_gmt":"2024-08-21T13:08:06","slug":"europe-technologies","status":"publish","type":"page","link":"https:\/\/gobio-robot.com\/en\/societe\/europe-technologies\/","title":{"rendered":"EUROPE TECHNOLOGIES"},"content":{"rendered":"<div class=\"wpb-content-wrapper\"><p>[vc_row][vc_column][vc_column_text css=&#8221;&#8221;]<\/p>\n<h2>EUROPE TECHNOLOGIES<\/h2>\n<p>In 2017, GOBIO ROBOT became GOBIO. It is a brand of the EUROPE TECHNOLOGIES Group<\/p>\n<p>AWith more than 30 years of experience, the EUROPE TECHNOLOGIES Group offers expertise in:<\/p>\n<ol>\n<li><strong>The industrialisation and manufacturing of composite and metal parts and assemblies.<\/strong><\/li>\n<li><strong>The design and manufacturing of robotic machines and cells integrating our processes (surface treatment, welding, cutting, assembly, machining and sanding, etc)<\/strong><\/li>\n<li><strong>Maintenance and repair services internationally (planes, ships, etc).<\/strong><\/li>\n<\/ol>\n<p>Organised into 2 divisions: <strong>Products\/Processes<\/strong> and <strong>Services<\/strong>, we help you with the R&amp;D for the industrialisation of your parts and processes.[\/vc_column_text][\/vc_column][\/vc_row][vc_row][vc_column][vc_single_image image=&#8221;12845&#8243; img_size=&#8221;600&#215;239&#8243; alignment=&#8221;center&#8221; onclick=&#8221;custom_link&#8221; img_link_target=&#8221;_blank&#8221; link=&#8221;https:\/\/europetechnologies.com\/&#8221;][vc_column_text css=&#8221;&#8221;]<\/p>\n<p style=\"text-align: center;\">Visit <a href=\"https:\/\/europetechnologies.com\/en\/\">Europe Technologies<\/a> to find out more.<\/p>\n<p>[\/vc_column_text][\/vc_column][\/vc_row][vc_row][vc_column][vc_empty_space][\/vc_column][\/vc_row]<\/p>\n<\/div>","protected":false},"excerpt":{"rendered":"<p>[vc_row][vc_column][vc_column_text css=&#8221;&#8221;] EUROPE TECHNOLOGIES In 2017, GOBIO ROBOT became GOBIO. It is a brand of the EUROPE TECHNOLOGIES Group AWith more than 30 years of experience, the EUROPE TECHNOLOGIES Group&hellip;<\/p>\n","protected":false},"author":1,"featured_media":16056,"parent":17426,"menu_order":0,"comment_status":"closed","ping_status":"closed","template":"","meta":{"_acf_changed":false,"footnotes":""},"class_list":["post-17283","page","type-page","status-publish","has-post-thumbnail","hentry"],"acf":[],"yoast_head":"<title>GOBIO - Europe Technologies<\/title>\n<meta name=\"robots\" content=\"index, follow, max-snippet:-1, max-image-preview:large, max-video-preview:-1\" \/>\n<link rel=\"canonical\" href=\"https:\/\/gobio-robot.com\/en\/societe\/europe-technologies\/\" \/>\n<meta property=\"og:locale\" content=\"en_US\" \/>\n<meta property=\"og:type\" content=\"article\" \/>\n<meta property=\"og:title\" content=\"GOBIO - Europe Technologies\" \/>\n<meta property=\"og:description\" content=\"[vc_row][vc_column][vc_column_text css=&#8221;&#8221;] EUROPE TECHNOLOGIES In 2017, GOBIO ROBOT became GOBIO. It is a brand of the EUROPE TECHNOLOGIES Group AWith more than 30 years of experience, the EUROPE TECHNOLOGIES Group&hellip;\" \/>\n<meta property=\"og:url\" content=\"https:\/\/gobio-robot.com\/en\/societe\/europe-technologies\/\" \/>\n<meta property=\"og:site_name\" content=\"GOBIO\" \/>\n<meta property=\"article:modified_time\" content=\"2024-08-21T13:08:06+00:00\" \/>\n<meta property=\"og:image\" content=\"https:\/\/gobio-robot.com\/wp-content\/uploads\/sites\/6\/2020\/11\/GOBIO-solutions-dassistance-physique-\u00e0-lop\u00e9rateur.jpg\" \/>\n\t<meta property=\"og:image:width\" content=\"2000\" \/>\n\t<meta property=\"og:image:height\" content=\"1000\" \/>\n\t<meta property=\"og:image:type\" content=\"image\/jpeg\" \/>\n<meta name=\"twitter:card\" content=\"summary_large_image\" \/>\n<meta name=\"twitter:label1\" content=\"Est. reading time\" \/>\n\t<meta name=\"twitter:data1\" content=\"1 minute\" \/>\n<script type=\"application\/ld+json\" class=\"yoast-schema-graph\">{\"@context\":\"https:\\\/\\\/schema.org\",\"@graph\":[{\"@type\":\"WebPage\",\"@id\":\"https:\\\/\\\/gobio-robot.com\\\/en\\\/societe\\\/europe-technologies\\\/\",\"url\":\"https:\\\/\\\/gobio-robot.com\\\/en\\\/societe\\\/europe-technologies\\\/\",\"name\":\"GOBIO - Europe Technologies\",\"isPartOf\":{\"@id\":\"https:\\\/\\\/gobio-robot.com\\\/#website\"},\"primaryImageOfPage\":{\"@id\":\"https:\\\/\\\/gobio-robot.com\\\/en\\\/societe\\\/europe-technologies\\\/#primaryimage\"},\"image\":{\"@id\":\"https:\\\/\\\/gobio-robot.com\\\/en\\\/societe\\\/europe-technologies\\\/#primaryimage\"},\"thumbnailUrl\":\"https:\\\/\\\/gobio-robot.com\\\/wp-content\\\/uploads\\\/sites\\\/6\\\/2020\\\/11\\\/GOBIO-solutions-dassistance-physique-\u00e0-lop\u00e9rateur.jpg\",\"datePublished\":\"2018-07-03T12:01:09+00:00\",\"dateModified\":\"2024-08-21T13:08:06+00:00\",\"breadcrumb\":{\"@id\":\"https:\\\/\\\/gobio-robot.com\\\/en\\\/societe\\\/europe-technologies\\\/#breadcrumb\"},\"inLanguage\":\"en-US\",\"potentialAction\":[{\"@type\":\"ReadAction\",\"target\":[\"https:\\\/\\\/gobio-robot.com\\\/en\\\/societe\\\/europe-technologies\\\/\"]}]},{\"@type\":\"ImageObject\",\"inLanguage\":\"en-US\",\"@id\":\"https:\\\/\\\/gobio-robot.com\\\/en\\\/societe\\\/europe-technologies\\\/#primaryimage\",\"url\":\"https:\\\/\\\/gobio-robot.com\\\/wp-content\\\/uploads\\\/sites\\\/6\\\/2020\\\/11\\\/GOBIO-solutions-dassistance-physique-\u00e0-lop\u00e9rateur.jpg\",\"contentUrl\":\"https:\\\/\\\/gobio-robot.com\\\/wp-content\\\/uploads\\\/sites\\\/6\\\/2020\\\/11\\\/GOBIO-solutions-dassistance-physique-\u00e0-lop\u00e9rateur.jpg\",\"width\":2000,\"height\":1000,\"caption\":\"Exoesqueleto de manipulaci\u00f3n y asistencia para trabajos con brazos en alto - GOBIO\"},{\"@type\":\"BreadcrumbList\",\"@id\":\"https:\\\/\\\/gobio-robot.com\\\/en\\\/societe\\\/europe-technologies\\\/#breadcrumb\",\"itemListElement\":[{\"@type\":\"ListItem\",\"position\":1,\"name\":\"Home\",\"item\":\"https:\\\/\\\/gobio-robot.com\\\/en\\\/\"},{\"@type\":\"ListItem\",\"position\":2,\"name\":\"Soci\u00e9t\u00e9\",\"item\":\"https:\\\/\\\/gobio-robot.com\\\/en\\\/societe\\\/\"},{\"@type\":\"ListItem\",\"position\":3,\"name\":\"EUROPE TECHNOLOGIES\"}]},{\"@type\":\"WebSite\",\"@id\":\"https:\\\/\\\/gobio-robot.com\\\/#website\",\"url\":\"https:\\\/\\\/gobio-robot.com\\\/\",\"name\":\"GOBIO\",\"description\":\"\",\"potentialAction\":[{\"@type\":\"SearchAction\",\"target\":{\"@type\":\"EntryPoint\",\"urlTemplate\":\"https:\\\/\\\/gobio-robot.com\\\/?s={search_term_string}\"},\"query-input\":{\"@type\":\"PropertyValueSpecification\",\"valueRequired\":true,\"valueName\":\"search_term_string\"}}],\"inLanguage\":\"en-US\"}]}<\/script>","yoast_head_json":{"title":"GOBIO - Europe Technologies","robots":{"index":"index","follow":"follow","max-snippet":"max-snippet:-1","max-image-preview":"max-image-preview:large","max-video-preview":"max-video-preview:-1"},"canonical":"https:\/\/gobio-robot.com\/en\/societe\/europe-technologies\/","og_locale":"en_US","og_type":"article","og_title":"GOBIO - Europe Technologies","og_description":"[vc_row][vc_column][vc_column_text css=&#8221;&#8221;] EUROPE TECHNOLOGIES In 2017, GOBIO ROBOT became GOBIO. It is a brand of the EUROPE TECHNOLOGIES Group AWith more than 30 years of experience, the EUROPE TECHNOLOGIES Group&hellip;","og_url":"https:\/\/gobio-robot.com\/en\/societe\/europe-technologies\/","og_site_name":"GOBIO","article_modified_time":"2024-08-21T13:08:06+00:00","og_image":[{"width":2000,"height":1000,"url":"https:\/\/gobio-robot.com\/wp-content\/uploads\/sites\/6\/2020\/11\/GOBIO-solutions-dassistance-physique-\u00e0-lop\u00e9rateur.jpg","type":"image\/jpeg"}],"twitter_card":"summary_large_image","twitter_misc":{"Est. reading time":"1 minute"},"schema":{"@context":"https:\/\/schema.org","@graph":[{"@type":"WebPage","@id":"https:\/\/gobio-robot.com\/en\/societe\/europe-technologies\/","url":"https:\/\/gobio-robot.com\/en\/societe\/europe-technologies\/","name":"GOBIO - Europe Technologies","isPartOf":{"@id":"https:\/\/gobio-robot.com\/#website"},"primaryImageOfPage":{"@id":"https:\/\/gobio-robot.com\/en\/societe\/europe-technologies\/#primaryimage"},"image":{"@id":"https:\/\/gobio-robot.com\/en\/societe\/europe-technologies\/#primaryimage"},"thumbnailUrl":"https:\/\/gobio-robot.com\/wp-content\/uploads\/sites\/6\/2020\/11\/GOBIO-solutions-dassistance-physique-\u00e0-lop\u00e9rateur.jpg","datePublished":"2018-07-03T12:01:09+00:00","dateModified":"2024-08-21T13:08:06+00:00","breadcrumb":{"@id":"https:\/\/gobio-robot.com\/en\/societe\/europe-technologies\/#breadcrumb"},"inLanguage":"en-US","potentialAction":[{"@type":"ReadAction","target":["https:\/\/gobio-robot.com\/en\/societe\/europe-technologies\/"]}]},{"@type":"ImageObject","inLanguage":"en-US","@id":"https:\/\/gobio-robot.com\/en\/societe\/europe-technologies\/#primaryimage","url":"https:\/\/gobio-robot.com\/wp-content\/uploads\/sites\/6\/2020\/11\/GOBIO-solutions-dassistance-physique-\u00e0-lop\u00e9rateur.jpg","contentUrl":"https:\/\/gobio-robot.com\/wp-content\/uploads\/sites\/6\/2020\/11\/GOBIO-solutions-dassistance-physique-\u00e0-lop\u00e9rateur.jpg","width":2000,"height":1000,"caption":"Exoesqueleto de manipulaci\u00f3n y asistencia para trabajos con brazos en alto - GOBIO"},{"@type":"BreadcrumbList","@id":"https:\/\/gobio-robot.com\/en\/societe\/europe-technologies\/#breadcrumb","itemListElement":[{"@type":"ListItem","position":1,"name":"Home","item":"https:\/\/gobio-robot.com\/en\/"},{"@type":"ListItem","position":2,"name":"Soci\u00e9t\u00e9","item":"https:\/\/gobio-robot.com\/en\/societe\/"},{"@type":"ListItem","position":3,"name":"EUROPE TECHNOLOGIES"}]},{"@type":"WebSite","@id":"https:\/\/gobio-robot.com\/#website","url":"https:\/\/gobio-robot.com\/","name":"GOBIO","description":"","potentialAction":[{"@type":"SearchAction","target":{"@type":"EntryPoint","urlTemplate":"https:\/\/gobio-robot.com\/?s={search_term_string}"},"query-input":{"@type":"PropertyValueSpecification","valueRequired":true,"valueName":"search_term_string"}}],"inLanguage":"en-US"}]}},"_links":{"self":[{"href":"https:\/\/gobio-robot.com\/en\/wp-json\/wp\/v2\/pages\/17283","targetHints":{"allow":["GET"]}}],"collection":[{"href":"https:\/\/gobio-robot.com\/en\/wp-json\/wp\/v2\/pages"}],"about":[{"href":"https:\/\/gobio-robot.com\/en\/wp-json\/wp\/v2\/types\/page"}],"author":[{"embeddable":true,"href":"https:\/\/gobio-robot.com\/en\/wp-json\/wp\/v2\/users\/1"}],"replies":[{"embeddable":true,"href":"https:\/\/gobio-robot.com\/en\/wp-json\/wp\/v2\/comments?post=17283"}],"version-history":[{"count":8,"href":"https:\/\/gobio-robot.com\/en\/wp-json\/wp\/v2\/pages\/17283\/revisions"}],"predecessor-version":[{"id":22720,"href":"https:\/\/gobio-robot.com\/en\/wp-json\/wp\/v2\/pages\/17283\/revisions\/22720"}],"up":[{"embeddable":true,"href":"https:\/\/gobio-robot.com\/en\/wp-json\/wp\/v2\/pages\/17426"}],"wp:featuredmedia":[{"embeddable":true,"href":"https:\/\/gobio-robot.com\/en\/wp-json\/wp\/v2\/media\/16056"}],"wp:attachment":[{"href":"https:\/\/gobio-robot.com\/en\/wp-json\/wp\/v2\/media?parent=17283"}],"curies":[{"name":"wp","href":"https:\/\/api.w.org\/{rel}","templated":true}]}}