{"id":16863,"date":"2023-02-01T11:20:01","date_gmt":"2023-02-01T10:20:01","guid":{"rendered":"https:\/\/gobio-robot.com\/?page_id=16863"},"modified":"2025-10-15T10:01:33","modified_gmt":"2025-10-15T08:01:33","slug":"home","status":"publish","type":"page","link":"https:\/\/gobio-robot.com\/es\/","title":{"rendered":"Home"},"content":{"rendered":"<div class=\"wpb-content-wrapper\"><p>[vc_row][vc_column][rev_slider_vc alias=\u00bbhome-es\u00bb][\/vc_column][\/vc_row][vc_section full_width=\u00bbstretch_row\u00bb el_id=\u00bbbelow-slider\u00bb][vc_row css=\u00bb.vc_custom_1471578437806{margin-top: 60px !important;margin-right: 0px !important;margin-left: 0px !important;padding-right: 0px !important;padding-left: 0px !important;}\u00bb][vc_column][vc_column_text]<\/p>\n<h2 style=\"text-align: center;\">Nuestras soluciones y servicios de asistencia al operario: exoesqueletos industriales<\/h2>\n<p>[\/vc_column_text][\/vc_column][\/vc_row][vc_row gap=\u00bb30&#8243; content_placement=\u00bbmiddle\u00bb css=\u00bb.vc_custom_1677247100661{margin-top: 35px !important;}\u00bb el_class=\u00bbbloc-expertise\u00bb][vc_column width=\u00bb1\/2&#8243; offset=\u00bbvc_col-lg-offset-0 vc_col-xs-12&#8243;][vc_row_inner equal_height=\u00bbyes\u00bb][vc_column_inner width=\u00bb1\/2&#8243; offset=\u00bbvc_col-xs-6&#8243;][vc_single_image image=\u00bb23658&#8243; img_size=\u00bb235*585&#8243; css=\u00bb\u00bb image_hover=\u00bb\u00bb][\/vc_column_inner][vc_column_inner width=\u00bb1\/2&#8243; offset=\u00bbvc_col-xs-6&#8243;][vc_single_image image=\u00bb18238&#8243; img_size=\u00bb235*585&#8243; onclick=\u00bbcustom_link\u00bb img_link_target=\u00bb_blank\u00bb link=\u00bbhttps:\/\/gobio-robot.com\/es\/exosquelettes-industriels\/\u00bb][\/vc_column_inner][\/vc_row_inner][\/vc_column][vc_column width=\u00bb1\/2&#8243;][vc_column_text css=\u00bb\u00bb]<\/p>\n<h3>EXOESQUELETOS<\/h3>\n<p>Nuestra gama de exoesqueletos est\u00e1 especialmente dise\u00f1ada para reducir los trastornos musculoesquel\u00e9ticos (TME) en el trabajo. Estos dispositivos innovadores proporcionan un apoyo real a los hombros y mejoran la comodidad de los operadores que enfrentan posturas forzadas, movimientos repetitivos o fatiga relacionada con el transporte de cargas.<\/p>\n<p><a href=\"https:\/\/gobio-robot.com\/exoesqueletos-industriales\/\">M\u00e1s informaci\u00f3n<\/a>[\/vc_column_text][vc_column_text]<\/p>\n<h3><span lang=\"ES\">PERIODO DE PRUEBA<\/span><\/h3>\n<p>Aprenda a identificar correctamente los TME y los factores de dificultad en su empresa. Realice un prediagn\u00f3stico, eval\u00fae sus factores y riesgos y siga nuestro viaje de apropiaci\u00f3n.<\/p>\n<p><a href=\"https:\/\/gobio-robot.com\/es\/periodo-de-prueba\/ruta-de-la-aceptabilidad\/\">M\u00e1s informaci\u00f3n<\/a>[\/vc_column_text][\/vc_column][\/vc_row][vc_row background_style=\u00bbrepeat\u00bb css=\u00bb.vc_custom_1494518320412{margin-top: 60px !important;margin-bottom: 30px !important;}\u00bb][vc_column][vc_column_text]<\/p>\n<h2 style=\"text-align: center;\"><span lang=\"ES\">Nuestra historia &#8211; Empresa de exoesqueletos<\/span><\/h2>\n<p>[\/vc_column_text][vc_row_inner][vc_column_inner width=\u00bb1\/3&#8243;][vc_single_image image=\u00bb24243&#8243; alignment=\u00bbcenter\u00bb css=\u00bb\u00bb image_hover=\u00bb\u00bb][vc_column_text css=\u00bb\u00bb]<\/p>\n<p style=\"text-align: center;\"><span style=\"font-size: 1.2em;\"><strong><span style=\"background-color: rgba(47, 55, 135, 1); color: #ffffff; padding: 2px 6px; border-radius: 4px;\">2014<\/span><\/strong><\/span><\/p>\n<div class=\"css-1b6n4o1\">\n<div class=\"MuiBox-root css-5xxm1b\">\n<div>\n<p class=\"css-wx0oy0\" style=\"text-align: center;\"><span style=\"color: #009de0;\">Creaci\u00f3n de GOBIO por Beno\u00eet Sagot-Duvauroux<\/span><\/p>\n<\/div>\n<\/div>\n<\/div>\n<p>[\/vc_column_text][\/vc_column_inner][vc_column_inner width=\u00bb1\/3&#8243;][vc_single_image image=\u00bb24235&#8243; alignment=\u00bbcenter\u00bb css=\u00bb\u00bb image_hover=\u00bb\u00bb][vc_column_text css=\u00bb\u00bb]<\/p>\n<p style=\"text-align: center;\"><span style=\"font-size: 1.2em;\"><strong><span style=\"background-color: rgba(47, 55, 135, 1); color: #ffffff; padding: 2px 6px; border-radius: 4px;\">2017<\/span><\/strong><\/span><\/p>\n<p style=\"text-align: center;\"><span style=\"color: #009de0;\">GOBIO se une al grupo EUROPE TECHNOLOGIES<\/span><\/p>\n<p>[\/vc_column_text][\/vc_column_inner][vc_column_inner width=\u00bb1\/3&#8243;][vc_single_image image=\u00bb24239&#8243; alignment=\u00bbcenter\u00bb css=\u00bb\u00bb image_hover=\u00bb\u00bb][vc_column_text css=\u00bb\u00bb]<\/p>\n<p style=\"text-align: center;\"><span style=\"font-size: 1.2em;\"><strong><span style=\"background-color: rgba(47, 55, 135, 1); color: #ffffff; padding: 2px 6px; border-radius: 4px;\">2025<\/span><\/strong><\/span><\/p>\n<p style=\"text-align: center;\"><span style=\"color: #009de0;\">Integraci\u00f3n en la <\/span><span class=\"css-djx60a\" style=\"color: #009de0;\" data-sentence=\"67893f15843482fb_0_0\"><span class=\"css-mfvr97\" aria-expanded=\"false\">unidad<\/span> <span class=\"css-mfvr97\" aria-expanded=\"false\">de<\/span> <span class=\"css-mfvr97\" aria-expanded=\"false\">negocio<\/span> <\/span><span style=\"color: #009de0;\">\u00abEUROPE TECHNOLOGIES DISTRIBUTION\u00bb<\/span><\/p>\n<p>[\/vc_column_text][\/vc_column_inner][\/vc_row_inner][vc_column_text css_animation=\u00bbnone\u00bb css=\u00bb\u00bb el_class=\u00bbintroduction\u00bb]El equipo de GOBIO proviene del mundo industrial y responde a las necesidades de los clientes en base a las \u00faltimas tecnolog\u00edas mec\u00e1nicas y rob\u00f3ticas, que adapta a sus usos. Por lo tanto, el equipo est\u00e1 desarrollando una gama completa de dispositivos de asistencia al operador con:[\/vc_column_text][vc_column_text css=\u00bb\u00bb]<\/p>\n<ul>\n<li style=\"text-align: center;\"><a href=\"https:\/\/gobio-robot.com\/es\/exoesqueletos-industriales\/\">exoesqueletos industriales<\/a><\/li>\n<\/ul>\n<p>[\/vc_column_text][vc_column_text]Estas soluciones satisfacen las diferentes necesidades de las empresas en cuanto a aplicaciones industriales o log\u00edsticas. Siendo un equipo innovador, GOBIO da una respuesta individualizada a los profesionales que desean mejorar las condiciones laborales de sus empleados.[\/vc_column_text][vc_column_text]<\/p>\n<h4><span lang=\"ES\">Nuestras soluciones incorporan los siguientes alcances:<\/span><\/h4>\n<p>[\/vc_column_text][vc_row_inner][vc_column_inner width=\u00bb1\/4&#8243; offset=\u00bbvc_col-xs-6&#8243;][vc_single_image image=\u00bb16846&#8243; alignment=\u00bbcenter\u00bb image_hover=\u00bb\u00bb][vc_column_text]<\/p>\n<h5 style=\"text-align: center;\">Manejo de carga<\/h5>\n<p>[\/vc_column_text][\/vc_column_inner][vc_column_inner width=\u00bb1\/4&#8243; offset=\u00bbvc_col-xs-6&#8243;][vc_single_image image=\u00bb16842&#8243; alignment=\u00bbcenter\u00bb image_hover=\u00bb\u00bb][vc_column_text]<\/p>\n<h5 style=\"text-align: center;\">Trabajo con brazos en altura<\/h5>\n<p>[\/vc_column_text][\/vc_column_inner][vc_column_inner width=\u00bb1\/4&#8243; offset=\u00bbvc_col-xs-6&#8243;][vc_single_image image=\u00bb16848&#8243; alignment=\u00bbcenter\u00bb image_hover=\u00bb\u00bb][vc_column_text]<\/p>\n<h5 style=\"text-align: center;\">Posturas inc\u00f3modas y repetitivas<\/h5>\n<p>[\/vc_column_text][\/vc_column_inner][vc_column_inner width=\u00bb1\/4&#8243; offset=\u00bbvc_col-xs-6&#8243;][vc_single_image image=\u00bb16844&#8243; alignment=\u00bbcenter\u00bb image_hover=\u00bb\u00bb][vc_column_text]<\/p>\n<h5 style=\"text-align: center;\">Manejo y colaboraci\u00f3n<\/h5>\n<p>[\/vc_column_text][\/vc_column_inner][\/vc_row_inner][\/vc_column][\/vc_row][vc_row][vc_column][vc_empty_space height=\u00bb50px\u00bb][\/vc_column][\/vc_row][\/vc_section][vc_section full_width=\u00bbstretch_row_content\u00bb el_id=\u00bbclients\u00bb][vc_row][vc_column][vc_column_text css=\u00bb.vc_custom_1676994272994{padding-top: 50px !important;}\u00bb]<\/p>\n<h2 style=\"text-align: center;\"><span lang=\"ES\">Nuestros clientes<\/span><\/h2>\n<p>[\/vc_column_text][\/vc_column][\/vc_row][\/vc_section][vc_section full_width=\u00bbstretch_row_content\u00bb css_animation=\u00bbbounceInRight\u00bb][\/vc_section][vc_row][vc_column]<div id=\"ult-carousel-264317913969e5fb24537c2\" class=\"ult-carousel-wrapper   ult_horizontal\" data-gutter=\"15\" data-rtl=\"false\" ><div class=\"ult-carousel-116591114669e5fb24536e2 \" >[vc_single_image image=\u00bb17393&#8243; img_size=\u00bbfull\u00bb image_hover=\u00bb\u00bb][vc_single_image image=\u00bb17779&#8243; img_size=\u00bbfull\u00bb image_hover=\u00bb\u00bb][vc_single_image image=\u00bb17397&#8243; img_size=\u00bbfull\u00bb image_hover=\u00bb\u00bb][vc_single_image image=\u00bb17767&#8243; img_size=\u00bbfull\u00bb image_hover=\u00bb\u00bb][vc_single_image image=\u00bb17751&#8243; img_size=\u00bbfull\u00bb image_hover=\u00bb\u00bb][vc_single_image image=\u00bb17748&#8243; img_size=\u00bbfull\u00bb image_hover=\u00bb\u00bb][vc_single_image image=\u00bb17760&#8243; img_size=\u00bbfull\u00bb image_hover=\u00bb\u00bb][vc_single_image image=\u00bb17754&#8243; img_size=\u00bbfull\u00bb image_hover=\u00bb\u00bb][vc_single_image image=\u00bb17759&#8243; img_size=\u00bbfull\u00bb image_hover=\u00bb\u00bb][vc_single_image image=\u00bb17758&#8243; img_size=\u00bbfull\u00bb image_hover=\u00bb\u00bb][vc_single_image image=\u00bb17769&#8243; img_size=\u00bbfull\u00bb image_hover=\u00bb\u00bb][vc_single_image image=\u00bb17776&#8243; img_size=\u00bbfull\u00bb image_hover=\u00bb\u00bb][vc_single_image image=\u00bb17773&#8243; img_size=\u00bbfull\u00bb image_hover=\u00bb\u00bb][vc_single_image image=\u00bb17771&#8243; img_size=\u00bbfull\u00bb image_hover=\u00bb\u00bb][vc_single_image image=\u00bb17777&#8243; img_size=\u00bbfull\u00bb image_hover=\u00bb\u00bb][vc_single_image image=\u00bb23761&#8243; img_size=\u00bbfull\u00bb css=\u00bb\u00bb image_hover=\u00bb\u00bb][vc_single_image image=\u00bb23793&#8243; img_size=\u00bbfull\u00bb css=\u00bb\u00bb image_hover=\u00bb\u00bb][vc_single_image image=\u00bb23769&#8243; img_size=\u00bbfull\u00bb css=\u00bb\u00bb image_hover=\u00bb\u00bb][vc_single_image image=\u00bb23773&#8243; img_size=\u00bbfull\u00bb css=\u00bb\u00bb image_hover=\u00bb\u00bb][vc_single_image image=\u00bb23777&#8243; img_size=\u00bbfull\u00bb css=\u00bb\u00bb image_hover=\u00bb\u00bb][vc_single_image image=\u00bb23781&#8243; img_size=\u00bbfull\u00bb css=\u00bb\u00bb image_hover=\u00bb\u00bb][vc_single_image image=\u00bb23785&#8243; img_size=\u00bbfull\u00bb css=\u00bb\u00bb image_hover=\u00bb\u00bb][vc_single_image image=\u00bb23789&#8243; img_size=\u00bbfull\u00bb css=\u00bb\u00bb image_hover=\u00bb\u00bb][vc_single_image image=\u00bb23765&#8243; img_size=\u00bbfull\u00bb css=\u00bb\u00bb image_hover=\u00bb\u00bb]<\/div><\/div>\t\t\t<script type=\"text\/javascript\">\n\t\t\t\tjQuery(document).ready(function ($) {\n\t\t\t\t\tif( typeof jQuery('.ult-carousel-116591114669e5fb24536e2').slick == \"function\"){\n\t\t\t\t\t\t$('.ult-carousel-116591114669e5fb24536e2').slick({dots: false,autoplay: true,autoplaySpeed: \"1000\",speed: \"300\",infinite: true,arrows: true,nextArrow: '<button type=\"button\" role=\"button\" aria-label=\"Next\" style=\"color:#333333; font-size:20px;\" class=\"slick-next default\"><i class=\"ultsl-arrow-right6\"><\/i><\/button>',prevArrow: '<button type=\"button\" role=\"button\" aria-label=\"Previous\" style=\"color:#333333; font-size:20px;\" class=\"slick-prev default\"><i class=\"ultsl-arrow-left6\"><\/i><\/button>',slidesToScroll:1,slidesToShow:8,swipe: true,draggable: true,touchMove: true,pauseOnHover: true,pauseOnFocus: false,responsive: [\n\t\t\t\t\t\t\t{\n\t\t\t\t\t\t\t  breakpoint: 1026,\n\t\t\t\t\t\t\t  settings: {\n\t\t\t\t\t\t\t\tslidesToShow: 8,\n\t\t\t\t\t\t\t\tslidesToScroll: 1,  \n\t\t\t\t\t\t\t  }\n\t\t\t\t\t\t\t},\n\t\t\t\t\t\t\t{\n\t\t\t\t\t\t\t  breakpoint: 1025,\n\t\t\t\t\t\t\t  settings: {\n\t\t\t\t\t\t\t\tslidesToShow: 3,\n\t\t\t\t\t\t\t\tslidesToScroll: 1\n\t\t\t\t\t\t\t  }\n\t\t\t\t\t\t\t},\n\t\t\t\t\t\t\t{\n\t\t\t\t\t\t\t  breakpoint: 760,\n\t\t\t\t\t\t\t  settings: {\n\t\t\t\t\t\t\t\tslidesToShow: 2,\n\t\t\t\t\t\t\t\tslidesToScroll: 1\n\t\t\t\t\t\t\t  }\n\t\t\t\t\t\t\t}\n\t\t\t\t\t\t],pauseOnDotsHover: true,customPaging: function(slider, i) {\n                   return '<i type=\"button\" style= \"color:#333333;\" class=\"ultsl-record\" data-role=\"none\"><\/i>';\n                },});\n\t\t\t\t\t}\n\t\t\t\t});\n\t\t\t<\/script>\n\t\t\t[vc_row_inner][vc_column_inner][vc_empty_space height=\u00bb50px\u00bb][\/vc_column_inner][\/vc_row_inner][\/vc_column][\/vc_row][vc_section full_width=\u00bbstretch_row\u00bb el_id=\u00bbhome-actualites\u00bb][vc_row expanded=\u00bb1&#8243; background_style=\u00bbcover\u00bb][vc_column][vc_column_text css=\u00bb.vc_custom_1676995008036{margin-bottom: 0px !important;padding-top: 30px !important;}\u00bb el_class=\u00bbrow-light\u00bb]<\/p>\n<div id=\"section-2\" class=\"dt-section-head left vc_custom_1494416734337 size-custom\" dir=\"ltr\">\n<h2 class=\"dt-section-container\">Noticias<\/h2>\n<\/div>\n<p>[\/vc_column_text][vc_column_text el_class=\u00bbrow-light\u00bb]<\/p>\n<h4>Descubra nuestras \u00faltimas noticias sobre nuestros exoesqueletos industriales, publicaciones y ofertas de empleo.<\/h4>\n<p>[\/vc_column_text][vc_basic_grid max_items=\u00bb3&#8243; gap=\u00bb25&#8243; item=\u00bb10939&#8243; css=\u00bb.vc_custom_1641913378990{margin-top: 30px !important;}\u00bb grid_id=\u00bbvc_gid:1760514847630-dac5439d-b54a-0&#8243;][\/vc_column][\/vc_row][vc_row][vc_column css=\u00bb.vc_custom_1494837447140{margin-bottom: 40px !important;}\u00bb][vc_btn title=\u00bbtodas las noticias\u00bb style=\u00bbcustom\u00bb custom_background=\u00bb#cd5b1b\u00bb custom_text=\u00bb#ffffff\u00bb align=\u00bbright\u00bb link=\u00bburl:https%3A%2F%2Fgobio-robot.com%2Fes%2Fnoticias%2F|title:Noticias\u00bb el_class=\u00bbresponsive-centered\u00bb][\/vc_column][\/vc_row][\/vc_section]<\/p>\n<\/div>","protected":false},"excerpt":{"rendered":"<p>[vc_row][vc_column][rev_slider_vc alias=\u00bbhome-es\u00bb][\/vc_column][\/vc_row][vc_section full_width=\u00bbstretch_row\u00bb el_id=\u00bbbelow-slider\u00bb][vc_row css=\u00bb.vc_custom_1471578437806{margin-top: 60px !important;margin-right: 0px !important;margin-left: 0px !important;padding-right: 0px !important;padding-left: 0px !important;}\u00bb][vc_column][vc_column_text] Nuestras soluciones y servicios de asistencia al operario: exoesqueletos industriales [\/vc_column_text][\/vc_column][\/vc_row][vc_row gap=\u00bb30&#8243; content_placement=\u00bbmiddle\u00bb css=\u00bb.vc_custom_1677247100661{margin-top: 35px&hellip;<\/p>\n","protected":false},"author":1,"featured_media":0,"parent":0,"menu_order":0,"comment_status":"closed","ping_status":"closed","template":"","meta":{"_acf_changed":false,"footnotes":""},"class_list":["post-16863","page","type-page","status-publish","hentry"],"acf":[],"yoast_head":"<title>Exoesqueletos industriales para la asistencia f\u00edsica del operador | GOBIO<\/title>\n<meta name=\"description\" content=\"GOBIO, empresa de exoesqueletos, ofrece una gama de exoesqueletos industriales para ayudar a los operarios y reducir la fatiga laboral y prevenir los TME.\" \/>\n<meta name=\"robots\" content=\"index, follow, max-snippet:-1, max-image-preview:large, max-video-preview:-1\" \/>\n<link rel=\"canonical\" href=\"https:\/\/gobio-robot.com\/es\/\" \/>\n<meta property=\"og:locale\" content=\"es_ES\" \/>\n<meta property=\"og:type\" content=\"article\" \/>\n<meta property=\"og:title\" content=\"Exoesqueletos industriales para la asistencia f\u00edsica del operador | GOBIO\" \/>\n<meta property=\"og:description\" content=\"GOBIO, empresa de exoesqueletos, ofrece una gama de exoesqueletos industriales para ayudar a los operarios y reducir la fatiga laboral y prevenir los TME.\" \/>\n<meta property=\"og:url\" content=\"https:\/\/gobio-robot.com\/es\/\" \/>\n<meta property=\"og:site_name\" content=\"GOBIO\" \/>\n<meta property=\"article:modified_time\" content=\"2025-10-15T08:01:33+00:00\" \/>\n<meta name=\"twitter:card\" content=\"summary_large_image\" \/>\n<meta name=\"twitter:label1\" content=\"Tiempo de lectura\" \/>\n\t<meta name=\"twitter:data1\" content=\"10 minutos\" \/>\n<script type=\"application\/ld+json\" class=\"yoast-schema-graph\">{\"@context\":\"https:\\\/\\\/schema.org\",\"@graph\":[{\"@type\":\"WebPage\",\"@id\":\"https:\\\/\\\/gobio-robot.com\\\/es\\\/\",\"url\":\"https:\\\/\\\/gobio-robot.com\\\/es\\\/\",\"name\":\"Exoesqueletos industriales para la asistencia f\u00edsica del operador | GOBIO\",\"isPartOf\":{\"@id\":\"https:\\\/\\\/gobio-robot.com\\\/#website\"},\"datePublished\":\"2023-02-01T10:20:01+00:00\",\"dateModified\":\"2025-10-15T08:01:33+00:00\",\"description\":\"GOBIO, empresa de exoesqueletos, ofrece una gama de exoesqueletos industriales para ayudar a los operarios y reducir la fatiga laboral y prevenir los TME.\",\"breadcrumb\":{\"@id\":\"https:\\\/\\\/gobio-robot.com\\\/es\\\/#breadcrumb\"},\"inLanguage\":\"es\",\"potentialAction\":[{\"@type\":\"ReadAction\",\"target\":[\"https:\\\/\\\/gobio-robot.com\\\/es\\\/\"]}]},{\"@type\":\"BreadcrumbList\",\"@id\":\"https:\\\/\\\/gobio-robot.com\\\/es\\\/#breadcrumb\",\"itemListElement\":[{\"@type\":\"ListItem\",\"position\":1,\"name\":\"Portada\",\"item\":\"https:\\\/\\\/gobio-robot.com\\\/es\\\/\"},{\"@type\":\"ListItem\",\"position\":2,\"name\":\"Home\"}]},{\"@type\":\"WebSite\",\"@id\":\"https:\\\/\\\/gobio-robot.com\\\/#website\",\"url\":\"https:\\\/\\\/gobio-robot.com\\\/\",\"name\":\"GOBIO\",\"description\":\"\",\"potentialAction\":[{\"@type\":\"SearchAction\",\"target\":{\"@type\":\"EntryPoint\",\"urlTemplate\":\"https:\\\/\\\/gobio-robot.com\\\/?s={search_term_string}\"},\"query-input\":{\"@type\":\"PropertyValueSpecification\",\"valueRequired\":true,\"valueName\":\"search_term_string\"}}],\"inLanguage\":\"es\"}]}<\/script>","yoast_head_json":{"title":"Exoesqueletos industriales para la asistencia f\u00edsica del operador | GOBIO","description":"GOBIO, empresa de exoesqueletos, ofrece una gama de exoesqueletos industriales para ayudar a los operarios y reducir la fatiga laboral y prevenir los TME.","robots":{"index":"index","follow":"follow","max-snippet":"max-snippet:-1","max-image-preview":"max-image-preview:large","max-video-preview":"max-video-preview:-1"},"canonical":"https:\/\/gobio-robot.com\/es\/","og_locale":"es_ES","og_type":"article","og_title":"Exoesqueletos industriales para la asistencia f\u00edsica del operador | GOBIO","og_description":"GOBIO, empresa de exoesqueletos, ofrece una gama de exoesqueletos industriales para ayudar a los operarios y reducir la fatiga laboral y prevenir los TME.","og_url":"https:\/\/gobio-robot.com\/es\/","og_site_name":"GOBIO","article_modified_time":"2025-10-15T08:01:33+00:00","twitter_card":"summary_large_image","twitter_misc":{"Tiempo de lectura":"10 minutos"},"schema":{"@context":"https:\/\/schema.org","@graph":[{"@type":"WebPage","@id":"https:\/\/gobio-robot.com\/es\/","url":"https:\/\/gobio-robot.com\/es\/","name":"Exoesqueletos industriales para la asistencia f\u00edsica del operador | GOBIO","isPartOf":{"@id":"https:\/\/gobio-robot.com\/#website"},"datePublished":"2023-02-01T10:20:01+00:00","dateModified":"2025-10-15T08:01:33+00:00","description":"GOBIO, empresa de exoesqueletos, ofrece una gama de exoesqueletos industriales para ayudar a los operarios y reducir la fatiga laboral y prevenir los TME.","breadcrumb":{"@id":"https:\/\/gobio-robot.com\/es\/#breadcrumb"},"inLanguage":"es","potentialAction":[{"@type":"ReadAction","target":["https:\/\/gobio-robot.com\/es\/"]}]},{"@type":"BreadcrumbList","@id":"https:\/\/gobio-robot.com\/es\/#breadcrumb","itemListElement":[{"@type":"ListItem","position":1,"name":"Portada","item":"https:\/\/gobio-robot.com\/es\/"},{"@type":"ListItem","position":2,"name":"Home"}]},{"@type":"WebSite","@id":"https:\/\/gobio-robot.com\/#website","url":"https:\/\/gobio-robot.com\/","name":"GOBIO","description":"","potentialAction":[{"@type":"SearchAction","target":{"@type":"EntryPoint","urlTemplate":"https:\/\/gobio-robot.com\/?s={search_term_string}"},"query-input":{"@type":"PropertyValueSpecification","valueRequired":true,"valueName":"search_term_string"}}],"inLanguage":"es"}]}},"_links":{"self":[{"href":"https:\/\/gobio-robot.com\/es\/wp-json\/wp\/v2\/pages\/16863","targetHints":{"allow":["GET"]}}],"collection":[{"href":"https:\/\/gobio-robot.com\/es\/wp-json\/wp\/v2\/pages"}],"about":[{"href":"https:\/\/gobio-robot.com\/es\/wp-json\/wp\/v2\/types\/page"}],"author":[{"embeddable":true,"href":"https:\/\/gobio-robot.com\/es\/wp-json\/wp\/v2\/users\/1"}],"replies":[{"embeddable":true,"href":"https:\/\/gobio-robot.com\/es\/wp-json\/wp\/v2\/comments?post=16863"}],"version-history":[{"count":5,"href":"https:\/\/gobio-robot.com\/es\/wp-json\/wp\/v2\/pages\/16863\/revisions"}],"predecessor-version":[{"id":24260,"href":"https:\/\/gobio-robot.com\/es\/wp-json\/wp\/v2\/pages\/16863\/revisions\/24260"}],"wp:attachment":[{"href":"https:\/\/gobio-robot.com\/es\/wp-json\/wp\/v2\/media?parent=16863"}],"curies":[{"name":"wp","href":"https:\/\/api.w.org\/{rel}","templated":true}]}}