{"id":16985,"date":"2020-07-06T11:24:37","date_gmt":"2020-07-06T09:24:37","guid":{"rendered":"https:\/\/gobio-robot.com\/ip-11-exosquelette-appui-tete\/"},"modified":"2025-12-10T16:19:10","modified_gmt":"2025-12-10T15:19:10","slug":"ip11-exoesqueleto-de-apoyo-para-la-cabeza","status":"publish","type":"page","link":"https:\/\/gobio-robot.com\/es\/exoesqueletos-industriales\/ip11-exoesqueleto-de-apoyo-para-la-cabeza\/","title":{"rendered":"IP11 &#8211; Modelo SKELEX &#8211; Exoesqueleto de apoyo para la cabeza"},"content":{"rendered":"<div class=\"wpb-content-wrapper\"><p>[vc_row][vc_column][vc_empty_space height=\u00bb100&#8243;][vc_raw_html css=\u00bb\u00bb]JTVCd3BzZW9fYnJlYWRjcnVtYiU1RA==[\/vc_raw_html][vc_column_text css=\u00bb\u00bb]<\/p>\n<h2><strong>IP11 |<\/strong> Modelo SKELEX &#8211; Exoesqueleto de apoyo para la cabeza<\/h2>\n<p>[\/vc_column_text][\/vc_column][\/vc_row][vc_row equal_height=\u00bbyes\u00bb content_placement=\u00bbmiddle\u00bb][vc_column][vc_row_inner equal_height=\u00bbyes\u00bb content_placement=\u00bbtop\u00bb][vc_column_inner width=\u00bb2\/3&#8243;][vc_column_text css=\u00bb\u00bb]El modelo SKELEX IP11 es un exoesqueleto reposacabezas ligero y <strong>flexible que reduce el dolor muscular en el cuello, los hombros y las cervicales<\/strong>. Permite al operador beneficiarse de un <strong>soporte permanente<\/strong> para mantener su cuello para prevenir el riesgo de calambres, asentamiento y cualquier dolor cervical.[\/vc_column_text][vc_column_text]<\/p>\n<h3><span lang=\"ES\">USO<\/span><\/h3>\n<p>Este exoesqueleto se puede utilizar<strong> solo o como accesorio complementario<\/strong> <strong>al <a href=\"https:\/\/gobio-robot.com\/es\/exoesqueletos-industriales\/ip-12-exoesqueleto-de-manipulacion-2\/\">exoesqueleto de postura y apoyo para brazos en alto IP12<\/a><\/strong>. As\u00ed combinados, encuentran su aplicaci\u00f3n en todos los oficios en los que el operario trabaja con los brazos por encima de la cabeza durante largos periodos: industria, obras p\u00fablicas, servicios&#8230;[\/vc_column_text][\/vc_column_inner][vc_column_inner width=\u00bb1\/3&#8243;][vc_single_image image=\u00bb25257&#8243; img_size=\u00bb360*440&#8243; alignment=\u00bbcenter\u00bb css=\u00bb\u00bb image_hover=\u00bb\u00bb][\/vc_column_inner][\/vc_row_inner][\/vc_column][\/vc_row][vc_row content_placement=\u00bbmiddle\u00bb][vc_column][vc_row_inner content_placement=\u00bbtop\u00bb][vc_column_inner width=\u00bb2\/3&#8243;][vc_empty_space][vc_column_text]<\/p>\n<h3><span lang=\"ES\">USUARIO Y ESPECIFICIDADES<\/span><\/h3>\n<p>La flexibilidad del soporte IP11 permite al operador mantener <strong>una gran libertad de movimiento mientras se protege<\/strong>. As\u00ed, si inclina la cabeza hacia atr\u00e1s, el reposacabezas <strong>soporta el peso de su cr\u00e1neo<\/strong> y le <strong>proporciona la asistencia<\/strong> adecuada seg\u00fan el \u00e1ngulo, evitando cualquier riesgo de lesiones y aportando comodidad y seguridad.<\/p>\n<p>El exoesqueleto <a href=\"https:\/\/www.skelex.com\/\" target=\"_blank\" rel=\"noopener\">SKELEX<\/a> modelo IP11 mejora la <strong>productividad al tiempo que reduce el dolor de brazos y cuello<\/strong>.[\/vc_column_text][\/vc_column_inner][vc_column_inner width=\u00bb1\/3&#8243;]<div class=\"ult-content-box-container \" >\t<a class=\"ult-content-box-anchor\" href=\"https:\/\/gobio-robot.com\/es\/descargas\/\" title=\"Descargue nuestro volante\" >\t\t<div class=\"ult-content-box\" style=\"background-color:#009DE026;box-shadow: px px px px none;padding:15px;margin-top:5px;margin-right:15px;margin-bottom:5px;margin-left:15px;min-height:250px;-webkit-transition: all 700ms ease;-moz-transition: all 700ms ease;-ms-transition: all 700ms ease;-o-transition: all 700ms ease;transition: all 700ms ease;\"  data-hover_bg_color=\"#CD5B1B26\"  data-hover_box_shadow=\"none\"    data-normal_margins=\"margin-top:5px;margin-right:15px;margin-bottom:5px;margin-left:15px;\"   data-bg=\"#009DE026\" >[vc_single_image image=\u00bb23631&#8243; img_size=\u00bb150*212&#8243; alignment=\u00bbcenter\u00bb css=\u00bb\u00bb image_hover=\u00bb\u00bb][vc_column_text]<\/p>\n<p style=\"text-align: center;\"><span style=\"color: #2f3787;\"><strong>Para obtener m\u00e1s informaci\u00f3n sobre el exoesqueleto reposacabezas IP11, descargue nuestro folleto completo.<\/strong><\/span><\/p>\n<p>[\/vc_column_text][vc_btn title=\u00bbDescargo\u00bb style=\u00bbcustom\u00bb custom_background=\u00bb#cd5b1b\u00bb custom_text=\u00bb#ffffff\u00bb align=\u00bbcenter\u00bb i_icon_fontawesome=\u00bbfas fa-file-download\u00bb add_icon=\u00bbtrue\u00bb link=\u00bburl:https%3A%2F%2Fgobio-robot.com%2Fes%2Fdescargas%2F|title:Descargue%20nuestro%20volante\u00bb]\t\t<\/div>\t<\/a><\/div>[\/vc_column_inner][\/vc_row_inner][\/vc_column][\/vc_row][vc_row][vc_column][vc_empty_space height=\u00bb32&#8243;][vc_row_inner][vc_column_inner width=\u00bb1\/3&#8243;][vc_single_image image=\u00bb23821&#8243; img_size=\u00bbfull\u00bb css=\u00bb\u00bb image_hover=\u00bb\u00bb][\/vc_column_inner][vc_column_inner width=\u00bb1\/3&#8243;][vc_single_image image=\u00bb21984&#8243; img_size=\u00bbfull\u00bb][\/vc_column_inner][vc_column_inner width=\u00bb1\/3&#8243;][vc_single_image image=\u00bb21981&#8243; img_size=\u00bbfull\u00bb][\/vc_column_inner][\/vc_row_inner][vc_column_text]<\/p>\n<p style=\"text-align: center;\"><a href=\"https:\/\/gobio-robot.com\/es\/contacto\/\" target=\"_blank\" rel=\"noopener\"><span style=\"color: #cd5b1b;\"> <u> <strong> P\u00f3ngase en contacto con nosotros para realizar su pedido.<\/strong> <\/u> <\/span><\/a><\/p>\n<p>[\/vc_column_text][vc_empty_space height=\u00bb15&#8243;][vc_cta h2=\u00bb\u00bb style=\u00bbcustom\u00bb add_button=\u00bbright\u00bb btn_title=\u00bbIr a la p\u00e1gina\u00bb btn_style=\u00bbcustom\u00bb btn_custom_background=\u00bb#cd5b1b\u00bb btn_custom_text=\u00bb#ffffff\u00bb btn_align=\u00bbright\u00bb css=\u00bb.vc_custom_1762965554200{border-top-width: 20px !important;border-right-width: 20px !important;border-bottom-width: 20px !important;border-left-width: 20px !important;}\u00bb custom_background=\u00bb#f2f2f2&#8243; custom_text=\u00bb#3d3d3d\u00bb el_class=\u00bbcta-gobio\u00bb btn_link=\u00bburl:https%3A%2F%2Fgobio-robot.com%2Fes%2Fexoesqueletos-industriales%2Fip-12-exoesqueleto-de-manipulacion%2F|title:IP12%20%E2%80%93%20Exoesqueleto%20de%20manipulaci%C3%B3n%20y%20asistencia%20para%20trabajos%20con%20brazos%20en%20alto|target:_blank\u00bb]Para ir m\u00e1s all\u00e1, consulta nuestra p\u00e1gina dedicada al exoesqueleto de asistencia y postura de brazo en altura IP12 modelo SKELEX.[\/vc_cta][vc_empty_space height=\u00bb64&#8243;][\/vc_column][\/vc_row][vc_row][vc_column][vc_column_text css=\u00bb\u00bb]<\/p>\n<h3>Descubra nuestra gama de exoesqueletos GOBIO<\/h3>\n<p>[\/vc_column_text]<div id=\"ult-carousel-92548188669d7a4b4e72a4\" class=\"ult-carousel-wrapper   ult_horizontal\" data-gutter=\"15\" data-rtl=\"false\" ><div class=\"ult-carousel-292300853969d7a4b4e71b5 \" >[vc_single_image image=\u00bb23828&#8243; img_size=\u00bb250*250&#8243; alignment=\u00bbcenter\u00bb style=\u00bbvc_box_circle\u00bb onclick=\u00bbcustom_link\u00bb css=\u00bb.vc_custom_1760628550939{background-color: #FFFFFF !important;}\u00bb image_hover=\u00bb\u00bb link=\u00bbhttps:\/\/gobio-robot.com\/es\/exoesqueletos-industriales\/ip-12-exoesqueleto-de-manipulacion\/\u00bb title=\u00bbIP12&#8243;][vc_single_image image=\u00bb24129&#8243; img_size=\u00bb250*250&#8243; alignment=\u00bbcenter\u00bb style=\u00bbvc_box_circle\u00bb onclick=\u00bbcustom_link\u00bb css=\u00bb.vc_custom_1760628562957{background-color: #FFFFFF !important;}\u00bb image_hover=\u00bb\u00bb link=\u00bbhttps:\/\/gobio-robot.com\/es\/exoesqueletos-industriales\/ip13-exoesqueleto-de-lumbares\/\u00bb title=\u00bbIP13&#8243;][vc_single_image image=\u00bb24133&#8243; img_size=\u00bb250*250&#8243; alignment=\u00bbcenter\u00bb style=\u00bbvc_box_circle\u00bb onclick=\u00bbcustom_link\u00bb css=\u00bb.vc_custom_1760628572050{background-color: #FFFFFF !important;}\u00bb image_hover=\u00bb\u00bb link=\u00bbhttps:\/\/gobio-robot.com\/es\/exoesqueletos-industriales\/ip14-silla-exoesqueleto\/\u00bb title=\u00bbIP14&#8243;][vc_single_image image=\u00bb24137&#8243; img_size=\u00bb250*250&#8243; alignment=\u00bbcenter\u00bb style=\u00bbvc_box_circle\u00bb onclick=\u00bbcustom_link\u00bb css=\u00bb.vc_custom_1760628590624{background-color: #FFFFFF !important;}\u00bb image_hover=\u00bb\u00bb link=\u00bbhttps:\/\/gobio-robot.com\/es\/exoesqueletos-industriales\/ironhand-guante-bionico\/\u00bb title=\u00bbIRONHAND\u00ae\u00bb][vc_single_image image=\u00bb24162&#8243; img_size=\u00bb250*250&#8243; alignment=\u00bbcenter\u00bb style=\u00bbvc_box_circle\u00bb onclick=\u00bbcustom_link\u00bb css=\u00bb.vc_custom_1760628613796{background-color: #FFFFFF !important;}\u00bb image_hover=\u00bb\u00bb link=\u00bbhttps:\/\/gobio-robot.com\/es\/exoesqueletos-industriales\/ip19-ergoesqueleto\/\u00bb title=\u00bbIP19&#8243;]<\/div><\/div>\t\t\t<script type=\"text\/javascript\">\n\t\t\t\tjQuery(document).ready(function ($) {\n\t\t\t\t\tif( typeof jQuery('.ult-carousel-292300853969d7a4b4e71b5').slick == \"function\"){\n\t\t\t\t\t\t$('.ult-carousel-292300853969d7a4b4e71b5').slick({dots: false,autoplay: true,autoplaySpeed: \"3000\",speed: \"300\",infinite: true,arrows: true,nextArrow: '<button type=\"button\" role=\"button\" aria-label=\"Next\" style=\"color:#2F3787; font-size:20px;\" class=\"slick-next default\"><i class=\"ultsl-arrow-right6\"><\/i><\/button>',prevArrow: '<button type=\"button\" role=\"button\" aria-label=\"Previous\" style=\"color:#2F3787; font-size:20px;\" class=\"slick-prev default\"><i class=\"ultsl-arrow-left6\"><\/i><\/button>',slidesToScroll:3,slidesToShow:3,swipe: true,draggable: true,touchMove: true,pauseOnHover: true,pauseOnFocus: false,responsive: [\n\t\t\t\t\t\t\t{\n\t\t\t\t\t\t\t  breakpoint: 1026,\n\t\t\t\t\t\t\t  settings: {\n\t\t\t\t\t\t\t\tslidesToShow: 3,\n\t\t\t\t\t\t\t\tslidesToScroll: 3,  \n\t\t\t\t\t\t\t  }\n\t\t\t\t\t\t\t},\n\t\t\t\t\t\t\t{\n\t\t\t\t\t\t\t  breakpoint: 1025,\n\t\t\t\t\t\t\t  settings: {\n\t\t\t\t\t\t\t\tslidesToShow: 3,\n\t\t\t\t\t\t\t\tslidesToScroll: 3\n\t\t\t\t\t\t\t  }\n\t\t\t\t\t\t\t},\n\t\t\t\t\t\t\t{\n\t\t\t\t\t\t\t  breakpoint: 760,\n\t\t\t\t\t\t\t  settings: {\n\t\t\t\t\t\t\t\tslidesToShow: 2,\n\t\t\t\t\t\t\t\tslidesToScroll: 2\n\t\t\t\t\t\t\t  }\n\t\t\t\t\t\t\t}\n\t\t\t\t\t\t],pauseOnDotsHover: true,customPaging: function(slider, i) {\n                   return '<i type=\"button\" style= \"color:#333333;\" class=\"ultsl-record\" data-role=\"none\"><\/i>';\n                },});\n\t\t\t\t\t}\n\t\t\t\t});\n\t\t\t<\/script>\n\t\t\t[vc_empty_space height=\u00bb100&#8243;][\/vc_column][\/vc_row]<\/p>\n<\/div>","protected":false},"excerpt":{"rendered":"<p>[vc_row][vc_column][vc_empty_space height=\u00bb100&#8243;][vc_raw_html css=\u00bb\u00bb]JTVCd3BzZW9fYnJlYWRjcnVtYiU1RA==[\/vc_raw_html][vc_column_text css=\u00bb\u00bb] IP11 | Modelo SKELEX &#8211; Exoesqueleto de apoyo para la cabeza [\/vc_column_text][\/vc_column][\/vc_row][vc_row equal_height=\u00bbyes\u00bb content_placement=\u00bbmiddle\u00bb][vc_column][vc_row_inner equal_height=\u00bbyes\u00bb content_placement=\u00bbtop\u00bb][vc_column_inner width=\u00bb2\/3&#8243;][vc_column_text css=\u00bb\u00bb]El modelo SKELEX IP11 es un exoesqueleto reposacabezas ligero&hellip;<\/p>\n","protected":false},"author":2,"featured_media":16987,"parent":17100,"menu_order":0,"comment_status":"closed","ping_status":"closed","template":"page-avec-slider.php","meta":{"_acf_changed":false,"footnotes":""},"class_list":["post-16985","page","type-page","status-publish","has-post-thumbnail","hentry"],"acf":[],"yoast_head":"<title>IP11 - Modelo SKELEX - Exoesqueleto de apoyo para la cabeza - GOBIO<\/title>\n<meta name=\"description\" content=\"Exoesqueleto de apoyo para la cabeza y de cuello, proporciona un soporte permanente para prevenir el riesgo de dolor cervical.\" \/>\n<meta name=\"robots\" content=\"index, follow, max-snippet:-1, max-image-preview:large, max-video-preview:-1\" \/>\n<link rel=\"canonical\" href=\"https:\/\/gobio-robot.com\/es\/exoesqueletos-industriales\/ip11-exoesqueleto-de-apoyo-para-la-cabeza\/\" \/>\n<meta property=\"og:locale\" content=\"es_ES\" \/>\n<meta property=\"og:type\" content=\"article\" \/>\n<meta property=\"og:title\" content=\"IP11 - Modelo SKELEX - Exoesqueleto de apoyo para la cabeza - GOBIO\" \/>\n<meta property=\"og:description\" content=\"Exoesqueleto de apoyo para la cabeza y de cuello, proporciona un soporte permanente para prevenir el riesgo de dolor cervical.\" \/>\n<meta property=\"og:url\" content=\"https:\/\/gobio-robot.com\/es\/exoesqueletos-industriales\/ip11-exoesqueleto-de-apoyo-para-la-cabeza\/\" \/>\n<meta property=\"og:site_name\" content=\"GOBIO\" \/>\n<meta property=\"article:modified_time\" content=\"2025-12-10T15:19:10+00:00\" \/>\n<meta property=\"og:image\" content=\"https:\/\/gobio-robot.com\/wp-content\/uploads\/sites\/6\/2021\/10\/Exosquelette-pour-le-soulagement-de-la-nuque-IP11-GOBIO-SKELEX.jpg\" \/>\n\t<meta property=\"og:image:width\" content=\"2000\" \/>\n\t<meta property=\"og:image:height\" content=\"1000\" \/>\n\t<meta property=\"og:image:type\" content=\"image\/jpeg\" \/>\n<meta name=\"twitter:card\" content=\"summary_large_image\" \/>\n<meta name=\"twitter:label1\" content=\"Tiempo de lectura\" \/>\n\t<meta name=\"twitter:data1\" content=\"3 minutos\" \/>\n<script type=\"application\/ld+json\" class=\"yoast-schema-graph\">{\"@context\":\"https:\\\/\\\/schema.org\",\"@graph\":[{\"@type\":\"WebPage\",\"@id\":\"https:\\\/\\\/gobio-robot.com\\\/es\\\/exoesqueletos-industriales\\\/ip11-exoesqueleto-de-apoyo-para-la-cabeza\\\/\",\"url\":\"https:\\\/\\\/gobio-robot.com\\\/es\\\/exoesqueletos-industriales\\\/ip11-exoesqueleto-de-apoyo-para-la-cabeza\\\/\",\"name\":\"IP11 - Modelo SKELEX - Exoesqueleto de apoyo para la cabeza - GOBIO\",\"isPartOf\":{\"@id\":\"https:\\\/\\\/gobio-robot.com\\\/#website\"},\"primaryImageOfPage\":{\"@id\":\"https:\\\/\\\/gobio-robot.com\\\/es\\\/exoesqueletos-industriales\\\/ip11-exoesqueleto-de-apoyo-para-la-cabeza\\\/#primaryimage\"},\"image\":{\"@id\":\"https:\\\/\\\/gobio-robot.com\\\/es\\\/exoesqueletos-industriales\\\/ip11-exoesqueleto-de-apoyo-para-la-cabeza\\\/#primaryimage\"},\"thumbnailUrl\":\"https:\\\/\\\/gobio-robot.com\\\/wp-content\\\/uploads\\\/sites\\\/6\\\/2021\\\/10\\\/Exosquelette-pour-le-soulagement-de-la-nuque-IP11-GOBIO-SKELEX.jpg\",\"datePublished\":\"2020-07-06T09:24:37+00:00\",\"dateModified\":\"2025-12-10T15:19:10+00:00\",\"description\":\"Exoesqueleto de apoyo para la cabeza y de cuello, proporciona un soporte permanente para prevenir el riesgo de dolor cervical.\",\"breadcrumb\":{\"@id\":\"https:\\\/\\\/gobio-robot.com\\\/es\\\/exoesqueletos-industriales\\\/ip11-exoesqueleto-de-apoyo-para-la-cabeza\\\/#breadcrumb\"},\"inLanguage\":\"es\",\"potentialAction\":[{\"@type\":\"ReadAction\",\"target\":[\"https:\\\/\\\/gobio-robot.com\\\/es\\\/exoesqueletos-industriales\\\/ip11-exoesqueleto-de-apoyo-para-la-cabeza\\\/\"]}]},{\"@type\":\"ImageObject\",\"inLanguage\":\"es\",\"@id\":\"https:\\\/\\\/gobio-robot.com\\\/es\\\/exoesqueletos-industriales\\\/ip11-exoesqueleto-de-apoyo-para-la-cabeza\\\/#primaryimage\",\"url\":\"https:\\\/\\\/gobio-robot.com\\\/wp-content\\\/uploads\\\/sites\\\/6\\\/2021\\\/10\\\/Exosquelette-pour-le-soulagement-de-la-nuque-IP11-GOBIO-SKELEX.jpg\",\"contentUrl\":\"https:\\\/\\\/gobio-robot.com\\\/wp-content\\\/uploads\\\/sites\\\/6\\\/2021\\\/10\\\/Exosquelette-pour-le-soulagement-de-la-nuque-IP11-GOBIO-SKELEX.jpg\",\"width\":2000,\"height\":1000,\"caption\":\"Exoesqueleto de apoyo para la cabeza, Exoesqueleto de cuello- GOBIO SKELEX\"},{\"@type\":\"BreadcrumbList\",\"@id\":\"https:\\\/\\\/gobio-robot.com\\\/es\\\/exoesqueletos-industriales\\\/ip11-exoesqueleto-de-apoyo-para-la-cabeza\\\/#breadcrumb\",\"itemListElement\":[{\"@type\":\"ListItem\",\"position\":1,\"name\":\"Portada\",\"item\":\"https:\\\/\\\/gobio-robot.com\\\/es\\\/\"},{\"@type\":\"ListItem\",\"position\":2,\"name\":\"Exoesqueletos industriales\",\"item\":\"https:\\\/\\\/gobio-robot.com\\\/es\\\/exoesqueletos-industriales\\\/\"},{\"@type\":\"ListItem\",\"position\":3,\"name\":\"IP11 &#8211; Modelo SKELEX &#8211; Exoesqueleto de apoyo para la cabeza\"}]},{\"@type\":\"WebSite\",\"@id\":\"https:\\\/\\\/gobio-robot.com\\\/#website\",\"url\":\"https:\\\/\\\/gobio-robot.com\\\/\",\"name\":\"GOBIO\",\"description\":\"\",\"potentialAction\":[{\"@type\":\"SearchAction\",\"target\":{\"@type\":\"EntryPoint\",\"urlTemplate\":\"https:\\\/\\\/gobio-robot.com\\\/?s={search_term_string}\"},\"query-input\":{\"@type\":\"PropertyValueSpecification\",\"valueRequired\":true,\"valueName\":\"search_term_string\"}}],\"inLanguage\":\"es\"}]}<\/script>","yoast_head_json":{"title":"IP11 - Modelo SKELEX - Exoesqueleto de apoyo para la cabeza - GOBIO","description":"Exoesqueleto de apoyo para la cabeza y de cuello, proporciona un soporte permanente para prevenir el riesgo de dolor cervical.","robots":{"index":"index","follow":"follow","max-snippet":"max-snippet:-1","max-image-preview":"max-image-preview:large","max-video-preview":"max-video-preview:-1"},"canonical":"https:\/\/gobio-robot.com\/es\/exoesqueletos-industriales\/ip11-exoesqueleto-de-apoyo-para-la-cabeza\/","og_locale":"es_ES","og_type":"article","og_title":"IP11 - Modelo SKELEX - Exoesqueleto de apoyo para la cabeza - GOBIO","og_description":"Exoesqueleto de apoyo para la cabeza y de cuello, proporciona un soporte permanente para prevenir el riesgo de dolor cervical.","og_url":"https:\/\/gobio-robot.com\/es\/exoesqueletos-industriales\/ip11-exoesqueleto-de-apoyo-para-la-cabeza\/","og_site_name":"GOBIO","article_modified_time":"2025-12-10T15:19:10+00:00","og_image":[{"width":2000,"height":1000,"url":"https:\/\/gobio-robot.com\/wp-content\/uploads\/sites\/6\/2021\/10\/Exosquelette-pour-le-soulagement-de-la-nuque-IP11-GOBIO-SKELEX.jpg","type":"image\/jpeg"}],"twitter_card":"summary_large_image","twitter_misc":{"Tiempo de lectura":"3 minutos"},"schema":{"@context":"https:\/\/schema.org","@graph":[{"@type":"WebPage","@id":"https:\/\/gobio-robot.com\/es\/exoesqueletos-industriales\/ip11-exoesqueleto-de-apoyo-para-la-cabeza\/","url":"https:\/\/gobio-robot.com\/es\/exoesqueletos-industriales\/ip11-exoesqueleto-de-apoyo-para-la-cabeza\/","name":"IP11 - Modelo SKELEX - Exoesqueleto de apoyo para la cabeza - GOBIO","isPartOf":{"@id":"https:\/\/gobio-robot.com\/#website"},"primaryImageOfPage":{"@id":"https:\/\/gobio-robot.com\/es\/exoesqueletos-industriales\/ip11-exoesqueleto-de-apoyo-para-la-cabeza\/#primaryimage"},"image":{"@id":"https:\/\/gobio-robot.com\/es\/exoesqueletos-industriales\/ip11-exoesqueleto-de-apoyo-para-la-cabeza\/#primaryimage"},"thumbnailUrl":"https:\/\/gobio-robot.com\/wp-content\/uploads\/sites\/6\/2021\/10\/Exosquelette-pour-le-soulagement-de-la-nuque-IP11-GOBIO-SKELEX.jpg","datePublished":"2020-07-06T09:24:37+00:00","dateModified":"2025-12-10T15:19:10+00:00","description":"Exoesqueleto de apoyo para la cabeza y de cuello, proporciona un soporte permanente para prevenir el riesgo de dolor cervical.","breadcrumb":{"@id":"https:\/\/gobio-robot.com\/es\/exoesqueletos-industriales\/ip11-exoesqueleto-de-apoyo-para-la-cabeza\/#breadcrumb"},"inLanguage":"es","potentialAction":[{"@type":"ReadAction","target":["https:\/\/gobio-robot.com\/es\/exoesqueletos-industriales\/ip11-exoesqueleto-de-apoyo-para-la-cabeza\/"]}]},{"@type":"ImageObject","inLanguage":"es","@id":"https:\/\/gobio-robot.com\/es\/exoesqueletos-industriales\/ip11-exoesqueleto-de-apoyo-para-la-cabeza\/#primaryimage","url":"https:\/\/gobio-robot.com\/wp-content\/uploads\/sites\/6\/2021\/10\/Exosquelette-pour-le-soulagement-de-la-nuque-IP11-GOBIO-SKELEX.jpg","contentUrl":"https:\/\/gobio-robot.com\/wp-content\/uploads\/sites\/6\/2021\/10\/Exosquelette-pour-le-soulagement-de-la-nuque-IP11-GOBIO-SKELEX.jpg","width":2000,"height":1000,"caption":"Exoesqueleto de apoyo para la cabeza, Exoesqueleto de cuello- GOBIO SKELEX"},{"@type":"BreadcrumbList","@id":"https:\/\/gobio-robot.com\/es\/exoesqueletos-industriales\/ip11-exoesqueleto-de-apoyo-para-la-cabeza\/#breadcrumb","itemListElement":[{"@type":"ListItem","position":1,"name":"Portada","item":"https:\/\/gobio-robot.com\/es\/"},{"@type":"ListItem","position":2,"name":"Exoesqueletos industriales","item":"https:\/\/gobio-robot.com\/es\/exoesqueletos-industriales\/"},{"@type":"ListItem","position":3,"name":"IP11 &#8211; Modelo SKELEX &#8211; Exoesqueleto de apoyo para la cabeza"}]},{"@type":"WebSite","@id":"https:\/\/gobio-robot.com\/#website","url":"https:\/\/gobio-robot.com\/","name":"GOBIO","description":"","potentialAction":[{"@type":"SearchAction","target":{"@type":"EntryPoint","urlTemplate":"https:\/\/gobio-robot.com\/?s={search_term_string}"},"query-input":{"@type":"PropertyValueSpecification","valueRequired":true,"valueName":"search_term_string"}}],"inLanguage":"es"}]}},"_links":{"self":[{"href":"https:\/\/gobio-robot.com\/es\/wp-json\/wp\/v2\/pages\/16985","targetHints":{"allow":["GET"]}}],"collection":[{"href":"https:\/\/gobio-robot.com\/es\/wp-json\/wp\/v2\/pages"}],"about":[{"href":"https:\/\/gobio-robot.com\/es\/wp-json\/wp\/v2\/types\/page"}],"author":[{"embeddable":true,"href":"https:\/\/gobio-robot.com\/es\/wp-json\/wp\/v2\/users\/2"}],"replies":[{"embeddable":true,"href":"https:\/\/gobio-robot.com\/es\/wp-json\/wp\/v2\/comments?post=16985"}],"version-history":[{"count":5,"href":"https:\/\/gobio-robot.com\/es\/wp-json\/wp\/v2\/pages\/16985\/revisions"}],"predecessor-version":[{"id":25265,"href":"https:\/\/gobio-robot.com\/es\/wp-json\/wp\/v2\/pages\/16985\/revisions\/25265"}],"up":[{"embeddable":true,"href":"https:\/\/gobio-robot.com\/es\/wp-json\/wp\/v2\/pages\/17100"}],"wp:featuredmedia":[{"embeddable":true,"href":"https:\/\/gobio-robot.com\/es\/wp-json\/wp\/v2\/media\/16987"}],"wp:attachment":[{"href":"https:\/\/gobio-robot.com\/es\/wp-json\/wp\/v2\/media?parent=16985"}],"curies":[{"name":"wp","href":"https:\/\/api.w.org\/{rel}","templated":true}]}}