{"id":17003,"date":"2020-01-21T14:14:11","date_gmt":"2020-01-21T13:14:11","guid":{"rendered":"https:\/\/gobio-robot.com\/404-2\/"},"modified":"2023-03-21T14:05:53","modified_gmt":"2023-03-21T13:05:53","slug":"404-2","status":"publish","type":"page","link":"https:\/\/gobio-robot.com\/es\/404-2\/","title":{"rendered":"404"},"content":{"rendered":"<div class=\"wpb-content-wrapper\"><p>[vc_row][vc_column][vc_empty_space][vc_column_text]<\/p>\n<p style=\"text-align: center;\">Error 404.<\/p>\n<p style=\"text-align: center;\">Lo sentimos, pero esta p\u00e1gina no existe. &#x1f613;<\/p>\n<p style=\"text-align: center;\">Para obtener m\u00e1s informaci\u00f3n sobre nuestras soluciones de asistencia a operadores, haga clic aqu\u00ed.&#x1f447;<\/p>\n<p>[\/vc_column_text][vc_btn title=\u00bbDescubra las soluciones GOBIO\u00bb style=\u00bbcustom\u00bb custom_background=\u00bb#cd5b1b\u00bb custom_text=\u00bb#ffffff\u00bb align=\u00bbcenter\u00bb link=\u00bburl:https%3A%2F%2Fgobio-robot.com%2Fes%2Fexoesqueletos-industriales%2F|title:Exoesqueletos%20industriales\u00bb][vc_empty_space][\/vc_column][\/vc_row]<\/p>\n<\/div>","protected":false},"excerpt":{"rendered":"<p>[vc_row][vc_column][vc_empty_space][vc_column_text] Error 404. Lo sentimos, pero esta p\u00e1gina no existe. &#x1f613; Para obtener m\u00e1s informaci\u00f3n sobre nuestras soluciones de asistencia a operadores, haga clic aqu\u00ed.&#x1f447; [\/vc_column_text][vc_btn title=\u00bbDescubra las soluciones GOBIO\u00bb&hellip;<\/p>\n","protected":false},"author":2,"featured_media":16809,"parent":0,"menu_order":0,"comment_status":"closed","ping_status":"closed","template":"","meta":{"_acf_changed":false,"footnotes":""},"class_list":["post-17003","page","type-page","status-publish","has-post-thumbnail","hentry"],"acf":[],"yoast_head":"<title>404 - GOBIO<\/title>\n<meta name=\"robots\" content=\"index, follow, max-snippet:-1, max-image-preview:large, max-video-preview:-1\" \/>\n<link rel=\"canonical\" href=\"https:\/\/gobio-robot.com\/es\/404-2\/\" \/>\n<meta property=\"og:locale\" content=\"es_ES\" \/>\n<meta property=\"og:type\" content=\"article\" \/>\n<meta property=\"og:title\" content=\"404 - GOBIO\" \/>\n<meta property=\"og:description\" content=\"[vc_row][vc_column][vc_empty_space][vc_column_text] Error 404. Lo sentimos, pero esta p\u00e1gina no existe. &#x1f613; Para obtener m\u00e1s informaci\u00f3n sobre nuestras soluciones de asistencia a operadores, haga clic aqu\u00ed.&#x1f447; [\/vc_column_text][vc_btn title=\u00bbDescubra las soluciones GOBIO\u00bb&hellip;\" \/>\n<meta property=\"og:url\" content=\"https:\/\/gobio-robot.com\/es\/404-2\/\" \/>\n<meta property=\"og:site_name\" content=\"GOBIO\" \/>\n<meta property=\"article:modified_time\" content=\"2023-03-21T13:05:53+00:00\" \/>\n<meta property=\"og:image\" content=\"https:\/\/gobio-robot.com\/wp-content\/uploads\/sites\/6\/2018\/11\/DSC_5386-1024x680.jpg\" \/>\n\t<meta property=\"og:image:width\" content=\"1024\" \/>\n\t<meta property=\"og:image:height\" content=\"680\" \/>\n\t<meta property=\"og:image:type\" content=\"image\/jpeg\" \/>\n<meta name=\"twitter:card\" content=\"summary_large_image\" \/>\n<script type=\"application\/ld+json\" class=\"yoast-schema-graph\">{\"@context\":\"https:\\\/\\\/schema.org\",\"@graph\":[{\"@type\":\"WebPage\",\"@id\":\"https:\\\/\\\/gobio-robot.com\\\/es\\\/404-2\\\/\",\"url\":\"https:\\\/\\\/gobio-robot.com\\\/es\\\/404-2\\\/\",\"name\":\"404 - GOBIO\",\"isPartOf\":{\"@id\":\"https:\\\/\\\/gobio-robot.com\\\/#website\"},\"primaryImageOfPage\":{\"@id\":\"https:\\\/\\\/gobio-robot.com\\\/es\\\/404-2\\\/#primaryimage\"},\"image\":{\"@id\":\"https:\\\/\\\/gobio-robot.com\\\/es\\\/404-2\\\/#primaryimage\"},\"thumbnailUrl\":\"https:\\\/\\\/gobio-robot.com\\\/wp-content\\\/uploads\\\/sites\\\/6\\\/2018\\\/11\\\/DSC_5386.jpg\",\"datePublished\":\"2020-01-21T13:14:11+00:00\",\"dateModified\":\"2023-03-21T13:05:53+00:00\",\"breadcrumb\":{\"@id\":\"https:\\\/\\\/gobio-robot.com\\\/es\\\/404-2\\\/#breadcrumb\"},\"inLanguage\":\"es\",\"potentialAction\":[{\"@type\":\"ReadAction\",\"target\":[\"https:\\\/\\\/gobio-robot.com\\\/es\\\/404-2\\\/\"]}]},{\"@type\":\"ImageObject\",\"inLanguage\":\"es\",\"@id\":\"https:\\\/\\\/gobio-robot.com\\\/es\\\/404-2\\\/#primaryimage\",\"url\":\"https:\\\/\\\/gobio-robot.com\\\/wp-content\\\/uploads\\\/sites\\\/6\\\/2018\\\/11\\\/DSC_5386.jpg\",\"contentUrl\":\"https:\\\/\\\/gobio-robot.com\\\/wp-content\\\/uploads\\\/sites\\\/6\\\/2018\\\/11\\\/DSC_5386.jpg\",\"width\":4288,\"height\":2848,\"caption\":\"Exoesqueletos - GOBIO\"},{\"@type\":\"BreadcrumbList\",\"@id\":\"https:\\\/\\\/gobio-robot.com\\\/es\\\/404-2\\\/#breadcrumb\",\"itemListElement\":[{\"@type\":\"ListItem\",\"position\":1,\"name\":\"Portada\",\"item\":\"https:\\\/\\\/gobio-robot.com\\\/es\\\/\"},{\"@type\":\"ListItem\",\"position\":2,\"name\":\"404\"}]},{\"@type\":\"WebSite\",\"@id\":\"https:\\\/\\\/gobio-robot.com\\\/#website\",\"url\":\"https:\\\/\\\/gobio-robot.com\\\/\",\"name\":\"GOBIO\",\"description\":\"\",\"potentialAction\":[{\"@type\":\"SearchAction\",\"target\":{\"@type\":\"EntryPoint\",\"urlTemplate\":\"https:\\\/\\\/gobio-robot.com\\\/?s={search_term_string}\"},\"query-input\":{\"@type\":\"PropertyValueSpecification\",\"valueRequired\":true,\"valueName\":\"search_term_string\"}}],\"inLanguage\":\"es\"}]}<\/script>","yoast_head_json":{"title":"404 - GOBIO","robots":{"index":"index","follow":"follow","max-snippet":"max-snippet:-1","max-image-preview":"max-image-preview:large","max-video-preview":"max-video-preview:-1"},"canonical":"https:\/\/gobio-robot.com\/es\/404-2\/","og_locale":"es_ES","og_type":"article","og_title":"404 - GOBIO","og_description":"[vc_row][vc_column][vc_empty_space][vc_column_text] Error 404. Lo sentimos, pero esta p\u00e1gina no existe. &#x1f613; Para obtener m\u00e1s informaci\u00f3n sobre nuestras soluciones de asistencia a operadores, haga clic aqu\u00ed.&#x1f447; [\/vc_column_text][vc_btn title=\u00bbDescubra las soluciones GOBIO\u00bb&hellip;","og_url":"https:\/\/gobio-robot.com\/es\/404-2\/","og_site_name":"GOBIO","article_modified_time":"2023-03-21T13:05:53+00:00","og_image":[{"width":1024,"height":680,"url":"https:\/\/gobio-robot.com\/wp-content\/uploads\/sites\/6\/2018\/11\/DSC_5386-1024x680.jpg","type":"image\/jpeg"}],"twitter_card":"summary_large_image","schema":{"@context":"https:\/\/schema.org","@graph":[{"@type":"WebPage","@id":"https:\/\/gobio-robot.com\/es\/404-2\/","url":"https:\/\/gobio-robot.com\/es\/404-2\/","name":"404 - GOBIO","isPartOf":{"@id":"https:\/\/gobio-robot.com\/#website"},"primaryImageOfPage":{"@id":"https:\/\/gobio-robot.com\/es\/404-2\/#primaryimage"},"image":{"@id":"https:\/\/gobio-robot.com\/es\/404-2\/#primaryimage"},"thumbnailUrl":"https:\/\/gobio-robot.com\/wp-content\/uploads\/sites\/6\/2018\/11\/DSC_5386.jpg","datePublished":"2020-01-21T13:14:11+00:00","dateModified":"2023-03-21T13:05:53+00:00","breadcrumb":{"@id":"https:\/\/gobio-robot.com\/es\/404-2\/#breadcrumb"},"inLanguage":"es","potentialAction":[{"@type":"ReadAction","target":["https:\/\/gobio-robot.com\/es\/404-2\/"]}]},{"@type":"ImageObject","inLanguage":"es","@id":"https:\/\/gobio-robot.com\/es\/404-2\/#primaryimage","url":"https:\/\/gobio-robot.com\/wp-content\/uploads\/sites\/6\/2018\/11\/DSC_5386.jpg","contentUrl":"https:\/\/gobio-robot.com\/wp-content\/uploads\/sites\/6\/2018\/11\/DSC_5386.jpg","width":4288,"height":2848,"caption":"Exoesqueletos - GOBIO"},{"@type":"BreadcrumbList","@id":"https:\/\/gobio-robot.com\/es\/404-2\/#breadcrumb","itemListElement":[{"@type":"ListItem","position":1,"name":"Portada","item":"https:\/\/gobio-robot.com\/es\/"},{"@type":"ListItem","position":2,"name":"404"}]},{"@type":"WebSite","@id":"https:\/\/gobio-robot.com\/#website","url":"https:\/\/gobio-robot.com\/","name":"GOBIO","description":"","potentialAction":[{"@type":"SearchAction","target":{"@type":"EntryPoint","urlTemplate":"https:\/\/gobio-robot.com\/?s={search_term_string}"},"query-input":{"@type":"PropertyValueSpecification","valueRequired":true,"valueName":"search_term_string"}}],"inLanguage":"es"}]}},"_links":{"self":[{"href":"https:\/\/gobio-robot.com\/es\/wp-json\/wp\/v2\/pages\/17003","targetHints":{"allow":["GET"]}}],"collection":[{"href":"https:\/\/gobio-robot.com\/es\/wp-json\/wp\/v2\/pages"}],"about":[{"href":"https:\/\/gobio-robot.com\/es\/wp-json\/wp\/v2\/types\/page"}],"author":[{"embeddable":true,"href":"https:\/\/gobio-robot.com\/es\/wp-json\/wp\/v2\/users\/2"}],"replies":[{"embeddable":true,"href":"https:\/\/gobio-robot.com\/es\/wp-json\/wp\/v2\/comments?post=17003"}],"version-history":[{"count":2,"href":"https:\/\/gobio-robot.com\/es\/wp-json\/wp\/v2\/pages\/17003\/revisions"}],"predecessor-version":[{"id":21894,"href":"https:\/\/gobio-robot.com\/es\/wp-json\/wp\/v2\/pages\/17003\/revisions\/21894"}],"wp:featuredmedia":[{"embeddable":true,"href":"https:\/\/gobio-robot.com\/es\/wp-json\/wp\/v2\/media\/16809"}],"wp:attachment":[{"href":"https:\/\/gobio-robot.com\/es\/wp-json\/wp\/v2\/media?parent=17003"}],"curies":[{"name":"wp","href":"https:\/\/api.w.org\/{rel}","templated":true}]}}