{"id":17010,"date":"2019-09-16T12:19:11","date_gmt":"2019-09-16T10:19:11","guid":{"rendered":"https:\/\/gobio-robot.com\/ironhand-gant-bionique-de-manutention\/"},"modified":"2025-12-10T16:26:15","modified_gmt":"2025-12-10T15:26:15","slug":"ironhand-guante-bionico","status":"publish","type":"page","link":"https:\/\/gobio-robot.com\/es\/exoesqueletos-industriales\/ironhand-guante-bionico\/","title":{"rendered":"Ironhand\u00ae &#8211; Guante bi\u00f3nico"},"content":{"rendered":"<div class=\"wpb-content-wrapper\"><p>[vc_row][vc_column][vc_empty_space height=\u00bb100&#8243;][vc_raw_html css=\u00bb\u00bb]JTVCd3BzZW9fYnJlYWRjcnVtYiU1RA==[\/vc_raw_html][vc_column_text css=\u00bb\u00bb]<\/p>\n<h2><span lang=\"ES\"><strong>Ironhand\u00ae |<\/strong> Guante bi\u00f3nico, exoesqueleto de mano<\/span><\/h2>\n<p>[\/vc_column_text][\/vc_column][\/vc_row][vc_row][vc_column width=\u00bb2\/3&#8243;][vc_column_text css=\u00bb\u00bb]Ironhand\u00ae modelo SKELEX es un guante bi\u00f3nico que se puede utilizar para todos los trabajos en los que la mano est\u00e1 muy tensa. Proporciona al usario <strong>asistencia motorizada<\/strong> que le permite <strong>reducir o compensar las limitaciones f\u00edsicas asociadas con el manejo<\/strong>. Facilita sus tareas diarias y as\u00ed previene la aparici\u00f3n de <a href=\"https:\/\/gobio-robot.com\/es\/tme-en-el-trabajo\/\" target=\"_blank\" rel=\"noopener\">TME (Trastornos Musculoesquel\u00e9ticos)<\/a> de la mano\u00a0y el codo, como las tendinitis, las epicondilitis o el s\u00edndrome del t\u00fanel carpiano.<\/p>\n<p>Un exoesqueleto activo y <strong>flexible<\/strong>, <strong>ligero y personalizable<\/strong>, permite al operador establecer diferentes combinaciones de potencia y sensibilidad que se adaptar\u00e1n perfectamente a su trabajo. Ironhand\u00ae est\u00e1 disponible en cuatro tama\u00f1os para mano izquierda y mano derecha.[\/vc_column_text][vc_column_text css=\u00bb\u00bb]<\/p>\n<h3>VENTAJAS PRINCIPALES<\/h3>\n<p>[\/vc_column_text][vc_row_inner][vc_column_inner width=\u00bb1\/3&#8243;][vc_single_image image=\u00bb25110&#8243; img_size=\u00bb120*120&#8243; alignment=\u00bbcenter\u00bb css=\u00bb\u00bb image_hover=\u00bb\u00bb][vc_column_text css=\u00bb\u00bb]<\/p>\n<p style=\"text-align: center;\">Intelligent<\/p>\n<p>[\/vc_column_text][\/vc_column_inner][vc_column_inner width=\u00bb1\/3&#8243;][vc_single_image image=\u00bb25114&#8243; img_size=\u00bb120*120&#8243; alignment=\u00bbcenter\u00bb css=\u00bb\u00bb image_hover=\u00bb\u00bb][vc_column_text css=\u00bb\u00bb]<\/p>\n<p style=\"text-align: center;\">Autonome<\/p>\n<p>[\/vc_column_text][\/vc_column_inner][vc_column_inner width=\u00bb1\/3&#8243;][vc_single_image image=\u00bb25118&#8243; img_size=\u00bb120*120&#8243; alignment=\u00bbcenter\u00bb css=\u00bb\u00bb image_hover=\u00bb\u00bb][vc_column_text css=\u00bb\u00bb]<\/p>\n<p style=\"text-align: center;\">L\u00e9ger<\/p>\n<p>[\/vc_column_text][\/vc_column_inner][\/vc_row_inner][vc_empty_space height=\u00bb64&#8243;][\/vc_column][vc_column width=\u00bb1\/3&#8243;][vc_single_image image=\u00bb25106&#8243; img_size=\u00bb450*550&#8243; css=\u00bb\u00bb image_hover=\u00bb\u00bb][\/vc_column][\/vc_row][vc_row][vc_column][vc_row_inner content_placement=\u00bbtop\u00bb][vc_column_inner width=\u00bb2\/3&#8243;][vc_column_text css=\u00bb\u00bb]<\/p>\n<h3>Uso<\/h3>\n<p>Ironhand\u00ae, exoesqueleto de mano encuentra sus aplicaciones en oficios que requieren <strong>el uso de herramientas o la manipulaci\u00f3n de piezas, tales como<\/strong>:<\/p>\n<ul>\n<li>En la industria con la manipulaci\u00f3n de herramientas port\u00e1tiles (remachadora, soplete, &#8230;)<\/li>\n<li>En la construcci\u00f3n con el uso prolongado de perforadoras, etc.<\/li>\n<\/ul>\n<p>Pero tambi\u00e9n en los oficios de marroquiner\u00eda, reposici\u00f3n, agricultura, agroalimentario.[\/vc_column_text][vc_column_text]<\/p>\n<h3><span lang=\"ES\">USUARIOS<\/span><\/h3>\n<p>Los movimientos repetitivos, las posiciones antinaturales de la mano, o el agarre apretado y prolongado ejercido sobre la palma de la mano, pueden generar enfermedades profesionales (trastornos musculoesquel\u00e9ticos).\u00a0Los operarios expuestos a estos gestos est\u00e1n sujetos a diferentes s\u00edntomas:<strong> hormigueo en los dedos, dolor nocturno, entumecimiento, etc.<\/strong><\/p>\n<p>Ironhand\u00ae ayuda a <strong>prevenir la aparici\u00f3n de estos s\u00edntomas amplificando la fuerza natural de la mano al reducir el esfuerzo.<\/strong>[\/vc_column_text][\/vc_column_inner][vc_column_inner width=\u00bb1\/3&#8243;]<div class=\"ult-content-box-container \" >\t<a class=\"ult-content-box-anchor\" href=\"https:\/\/gobio-robot.com\/es\/descargas\/\" title=\"Descargue nuestro volante\" >\t\t<div class=\"ult-content-box\" style=\"background-color:rgba(0,157,224,0.15);box-shadow: px px px px none;padding:15px;margin-top:5px;margin-right:15px;margin-bottom:5px;margin-left:15px;min-height:250px;-webkit-transition: all 700ms ease;-moz-transition: all 700ms ease;-ms-transition: all 700ms ease;-o-transition: all 700ms ease;transition: all 700ms ease;\"  data-hover_bg_color=\"rgba(205,91,27,0.15)\"  data-hover_box_shadow=\"none\"    data-normal_margins=\"margin-top:5px;margin-right:15px;margin-bottom:5px;margin-left:15px;\"   data-bg=\"rgba(0,157,224,0.15)\" >[vc_single_image image=\u00bb23585&#8243; img_size=\u00bb150*212&#8243; alignment=\u00bbcenter\u00bb css=\u00bb\u00bb image_hover=\u00bb\u00bb][vc_column_text]<\/p>\n<p style=\"text-align: center;\"><span style=\"color: #2f3787;\"><strong>Descargue nuestro volante sobre el guante bi\u00f3nico Ironhand\u00ae<\/strong><\/span><\/p>\n<p>[\/vc_column_text][vc_btn title=\u00bbDescargo\u00bb style=\u00bbcustom\u00bb custom_background=\u00bb#cd5b1b\u00bb custom_text=\u00bb#ffffff\u00bb align=\u00bbcenter\u00bb i_icon_fontawesome=\u00bbfas fa-file-download\u00bb add_icon=\u00bbtrue\u00bb link=\u00bburl:%20https%3A%2F%2Fgobio-robot.com%2Fes%2Fdescargas%2F|title:Descargue%20nuestro%20volante%20&#8243;]\t\t<\/div>\t<\/a><\/div>[vc_empty_space height=\u00bb50px\u00bb][\/vc_column_inner][\/vc_row_inner][vc_empty_space][vc_column_text css=\u00bb\u00bb]<\/p>\n<h3><span lang=\"ES\">PARA IR M\u00c1S LEJOS: DIGITALIZACI\u00d3N<\/span><\/h3>\n<p>Gracias a un sistema de inteligencia artificial, IRONHAND\u00ae aprender\u00e1 por s\u00ed mismo los esfuerzos aplicados por el usuario y adaptar\u00e1 autom\u00e1ticamente la configuraci\u00f3n del guante.[\/vc_column_text][\/vc_column][\/vc_row][vc_row][vc_column][vc_empty_space][vc_column_text]<\/p>\n<p style=\"text-align: center;\"><a href=\"https:\/\/gobio-robot.com\/es\/contacto\/\" target=\"_blank\" rel=\"noopener\"><span style=\"color: #cd5b1b;\"><u><strong> P\u00f3ngase en contacto con nosotros para realizar su pedido !<\/strong> <\/u><\/span><\/a><\/p>\n<p>[\/vc_column_text][vc_row_inner][vc_column_inner width=\u00bb1\/3&#8243;][vc_single_image image=\u00bb23507&#8243; img_size=\u00bbfull\u00bb css=\u00bb\u00bb image_hover=\u00bb\u00bb][\/vc_column_inner][vc_column_inner width=\u00bb1\/3&#8243;][vc_single_image image=\u00bb23511&#8243; img_size=\u00bbfull\u00bb css=\u00bb\u00bb image_hover=\u00bb\u00bb][\/vc_column_inner][vc_column_inner width=\u00bb1\/3&#8243;][vc_single_image image=\u00bb23848&#8243; img_size=\u00bbfull\u00bb css=\u00bb\u00bb image_hover=\u00bb\u00bb][\/vc_column_inner][\/vc_row_inner][vc_empty_space][\/vc_column][\/vc_row][vc_row][vc_column][vc_column_text css=\u00bb\u00bb]<\/p>\n<h2 style=\"text-align: center;\">Ejemplos de aplicaciones del guante bi\u00f3nico IRONHAND\u00ae<\/h2>\n<p>[\/vc_column_text][\/vc_column][\/vc_row][vc_row el_class=\u00bbblock-half-col\u00bb][vc_column][vc_row_inner equal_height=\u00bbyes\u00bb content_placement=\u00bbmiddle\u00bb el_class=\u00bbrange-alternance\u00bb][vc_column_inner width=\u00bb1\/2&#8243;][vc_column_text css=\u00bb\u00bb]<\/p>\n<h3>Construcci\u00f3n<\/h3>\n<p>Gracias a su asistencia inteligente, el Ironhand\u00ae facilita las operaciones de atornillado, apriete, sujeci\u00f3n o corte, frecuentes en los oficios de la construcci\u00f3n.[\/vc_column_text][\/vc_column_inner][vc_column_inner width=\u00bb1\/2&#8243;][vc_single_image image=\u00bb25130&#8243; img_size=\u00bb585&#215;520&#8243; css=\u00bb\u00bb image_hover=\u00bb\u00bb][\/vc_column_inner][\/vc_row_inner][vc_row_inner content_placement=\u00bbmiddle\u00bb el_class=\u00bbrange-alternance\u00bb][vc_column_inner width=\u00bb1\/2&#8243;][vc_single_image image=\u00bb25126&#8243; img_size=\u00bb585&#215;520&#8243; css=\u00bb\u00bb image_hover=\u00bb\u00bb][\/vc_column_inner][vc_column_inner width=\u00bb1\/2&#8243;][vc_column_text css=\u00bb\u00bb]<\/p>\n<h3>Embalaje<\/h3>\n<p>El Ironhand\u00ae ayuda a los operadores a mantener, pellizcar o apretar objetos repetidamente, tareas muy frecuentes en el embalaje.[\/vc_column_text][\/vc_column_inner][\/vc_row_inner][vc_row_inner equal_height=\u00bbyes\u00bb content_placement=\u00bbmiddle\u00bb el_class=\u00bbrange-alternance\u00bb][vc_column_inner width=\u00bb1\/2&#8243;][vc_column_text css=\u00bb\u00bb]<\/p>\n<h3>Construcci\u00f3n naval<\/h3>\n<p>El Ironhand\u00ae asiste a los operadores navales durante las operaciones de lijado, esmerilado o corte al reducir el esfuerzo de agarre en las herramientas.[\/vc_column_text][\/vc_column_inner][vc_column_inner width=\u00bb1\/2&#8243;][vc_single_image image=\u00bb25122&#8243; img_size=\u00bb585&#215;520&#8243; css=\u00bb\u00bb image_hover=\u00bb\u00bb][\/vc_column_inner][\/vc_row_inner][vc_row_inner content_placement=\u00bbmiddle\u00bb el_class=\u00bbrange-alternance\u00bb][vc_column_inner width=\u00bb1\/2&#8243;][vc_single_image image=\u00bb25134&#8243; img_size=\u00bb585&#215;520&#8243; css=\u00bb\u00bb image_hover=\u00bb\u00bb][\/vc_column_inner][vc_column_inner width=\u00bb1\/2&#8243;][vc_column_text css=\u00bb\u00bb]<\/p>\n<h3>Edificaci\u00f3n y obras p\u00fablicas<\/h3>\n<p>El guante bi\u00f3nico proporciona una ayuda valiosa al manipular materiales, herramientas pesadas o accesorios vibratorios.[\/vc_column_text][\/vc_column_inner][\/vc_row_inner][vc_empty_space][\/vc_column][\/vc_row][vc_row][vc_column][vc_btn title=\u00bbDescargue nuestro volante sobre el exoesqueleto de mano Ironhand\u00ae\u00bb style=\u00bbcustom\u00bb custom_background=\u00bb#cd5b1b\u00bb custom_text=\u00bb#ffffff\u00bb size=\u00bblg\u00bb align=\u00bbcenter\u00bb i_icon_fontawesome=\u00bbfas fa-file-download\u00bb button_block=\u00bbtrue\u00bb add_icon=\u00bbtrue\u00bb link=\u00bburl:https%3A%2F%2Fgobio-robot.com%2Fes%2Fdescargas%2F|title:Descargue%20nuestro%20volante\u00bb][vc_column_text]<\/p>\n<h6 style=\"text-align: right;\">Ironhand\u00ae es una marca registrada de Bioservo Technologies AB.<\/h6>\n<p>[\/vc_column_text][vc_empty_space height=\u00bb64&#8243;][\/vc_column][\/vc_row][vc_row][vc_column][vc_column_text css=\u00bb\u00bb]<\/p>\n<h3>Descubra nuestra gama de exoesqueletos GOBIO<\/h3>\n<p>[\/vc_column_text]<div id=\"ult-carousel-186243407969d27ccbc4696\" class=\"ult-carousel-wrapper   ult_horizontal\" data-gutter=\"15\" data-rtl=\"false\" ><div class=\"ult-carousel-115651187969d27ccbc45bb \" >[vc_single_image image=\u00bb23828&#8243; img_size=\u00bb250*250&#8243; alignment=\u00bbcenter\u00bb style=\u00bbvc_box_circle\u00bb onclick=\u00bbcustom_link\u00bb css=\u00bb.vc_custom_1760628550939{background-color: #FFFFFF !important;}\u00bb image_hover=\u00bb\u00bb link=\u00bbhttps:\/\/gobio-robot.com\/es\/exoesqueletos-industriales\/ip-12-exoesqueleto-de-manipulacion\/\u00bb title=\u00bbIP12&#8243;][vc_single_image image=\u00bb22146&#8243; img_size=\u00bb250*250&#8243; alignment=\u00bbcenter\u00bb style=\u00bbvc_box_circle\u00bb onclick=\u00bbcustom_link\u00bb css=\u00bb.vc_custom_1760629565289{background-color: #FFFFFF !important;}\u00bb image_hover=\u00bb\u00bb link=\u00bbhttps:\/\/gobio-robot.com\/es\/exoesqueletos-industriales\/ip11-exoesqueleto-de-apoyo-para-la-cabeza\/\u00bb title=\u00bbIP11&#8243;][vc_single_image image=\u00bb24129&#8243; img_size=\u00bb250*250&#8243; alignment=\u00bbcenter\u00bb style=\u00bbvc_box_circle\u00bb onclick=\u00bbcustom_link\u00bb css=\u00bb.vc_custom_1760628562957{background-color: #FFFFFF !important;}\u00bb image_hover=\u00bb\u00bb link=\u00bbhttps:\/\/gobio-robot.com\/es\/exoesqueletos-industriales\/ip13-exoesqueleto-de-lumbares\/\u00bb title=\u00bbIP13&#8243;][vc_single_image image=\u00bb24133&#8243; img_size=\u00bb250*250&#8243; alignment=\u00bbcenter\u00bb style=\u00bbvc_box_circle\u00bb onclick=\u00bbcustom_link\u00bb css=\u00bb.vc_custom_1760628572050{background-color: #FFFFFF !important;}\u00bb image_hover=\u00bb\u00bb link=\u00bbhttps:\/\/gobio-robot.com\/es\/exoesqueletos-industriales\/ip14-silla-exoesqueleto\/\u00bb title=\u00bbIP14&#8243;][vc_single_image image=\u00bb24162&#8243; img_size=\u00bb250*250&#8243; alignment=\u00bbcenter\u00bb style=\u00bbvc_box_circle\u00bb onclick=\u00bbcustom_link\u00bb css=\u00bb.vc_custom_1760628613796{background-color: #FFFFFF !important;}\u00bb image_hover=\u00bb\u00bb link=\u00bbhttps:\/\/gobio-robot.com\/es\/exoesqueletos-industriales\/ip19-ergoesqueleto\/\u00bb title=\u00bbIP19&#8243;]<\/div><\/div>\t\t\t<script type=\"text\/javascript\">\n\t\t\t\tjQuery(document).ready(function ($) {\n\t\t\t\t\tif( typeof jQuery('.ult-carousel-115651187969d27ccbc45bb').slick == \"function\"){\n\t\t\t\t\t\t$('.ult-carousel-115651187969d27ccbc45bb').slick({dots: false,autoplay: true,autoplaySpeed: \"3000\",speed: \"300\",infinite: true,arrows: true,nextArrow: '<button type=\"button\" role=\"button\" aria-label=\"Next\" style=\"color:#2F3787; font-size:20px;\" class=\"slick-next default\"><i class=\"ultsl-arrow-right6\"><\/i><\/button>',prevArrow: '<button type=\"button\" role=\"button\" aria-label=\"Previous\" style=\"color:#2F3787; font-size:20px;\" class=\"slick-prev default\"><i class=\"ultsl-arrow-left6\"><\/i><\/button>',slidesToScroll:3,slidesToShow:3,swipe: true,draggable: true,touchMove: true,pauseOnHover: true,pauseOnFocus: false,responsive: [\n\t\t\t\t\t\t\t{\n\t\t\t\t\t\t\t  breakpoint: 1026,\n\t\t\t\t\t\t\t  settings: {\n\t\t\t\t\t\t\t\tslidesToShow: 3,\n\t\t\t\t\t\t\t\tslidesToScroll: 3,  \n\t\t\t\t\t\t\t  }\n\t\t\t\t\t\t\t},\n\t\t\t\t\t\t\t{\n\t\t\t\t\t\t\t  breakpoint: 1025,\n\t\t\t\t\t\t\t  settings: {\n\t\t\t\t\t\t\t\tslidesToShow: 3,\n\t\t\t\t\t\t\t\tslidesToScroll: 3\n\t\t\t\t\t\t\t  }\n\t\t\t\t\t\t\t},\n\t\t\t\t\t\t\t{\n\t\t\t\t\t\t\t  breakpoint: 760,\n\t\t\t\t\t\t\t  settings: {\n\t\t\t\t\t\t\t\tslidesToShow: 2,\n\t\t\t\t\t\t\t\tslidesToScroll: 2\n\t\t\t\t\t\t\t  }\n\t\t\t\t\t\t\t}\n\t\t\t\t\t\t],pauseOnDotsHover: true,customPaging: function(slider, i) {\n                   return '<i type=\"button\" style= \"color:#333333;\" class=\"ultsl-record\" data-role=\"none\"><\/i>';\n                },});\n\t\t\t\t\t}\n\t\t\t\t});\n\t\t\t<\/script>\n\t\t\t[vc_empty_space height=\u00bb100&#8243;][\/vc_column][\/vc_row]<\/p>\n<\/div>","protected":false},"excerpt":{"rendered":"<p>[vc_row][vc_column][vc_empty_space height=\u00bb100&#8243;][vc_raw_html css=\u00bb\u00bb]JTVCd3BzZW9fYnJlYWRjcnVtYiU1RA==[\/vc_raw_html][vc_column_text css=\u00bb\u00bb] Ironhand\u00ae | Guante bi\u00f3nico, exoesqueleto de mano [\/vc_column_text][\/vc_column][\/vc_row][vc_row][vc_column width=\u00bb2\/3&#8243;][vc_column_text css=\u00bb\u00bb]Ironhand\u00ae modelo SKELEX es un guante bi\u00f3nico que se puede utilizar para todos los trabajos en los&hellip;<\/p>\n","protected":false},"author":2,"featured_media":17011,"parent":17100,"menu_order":0,"comment_status":"closed","ping_status":"closed","template":"page-avec-slider.php","meta":{"_acf_changed":false,"footnotes":""},"class_list":["post-17010","page","type-page","status-publish","has-post-thumbnail","hentry"],"acf":[],"yoast_head":"<title>Ironhand\u00ae - guante bi\u00f3nico, exoesqueleto de mano | GOBIO<\/title>\n<meta name=\"description\" content=\"Ironhand\u00ae guante bi\u00f3nico, es un exoesqueleto de mano que reduce el esfuerzo f\u00edsico y la RSI en la mano asociados a la manipulaci\u00f3n\" \/>\n<meta name=\"robots\" content=\"index, follow, max-snippet:-1, max-image-preview:large, max-video-preview:-1\" \/>\n<link rel=\"canonical\" href=\"https:\/\/gobio-robot.com\/es\/exoesqueletos-industriales\/ironhand-guante-bionico\/\" \/>\n<meta property=\"og:locale\" content=\"es_ES\" \/>\n<meta property=\"og:type\" content=\"article\" \/>\n<meta property=\"og:title\" content=\"Ironhand\u00ae - guante bi\u00f3nico, exoesqueleto de mano | GOBIO\" \/>\n<meta property=\"og:description\" content=\"Ironhand\u00ae guante bi\u00f3nico, es un exoesqueleto de mano que reduce el esfuerzo f\u00edsico y la RSI en la mano asociados a la manipulaci\u00f3n\" \/>\n<meta property=\"og:url\" content=\"https:\/\/gobio-robot.com\/es\/exoesqueletos-industriales\/ironhand-guante-bionico\/\" \/>\n<meta property=\"og:site_name\" content=\"GOBIO\" \/>\n<meta property=\"article:modified_time\" content=\"2025-12-10T15:26:15+00:00\" \/>\n<meta property=\"og:image\" content=\"https:\/\/gobio-robot.com\/wp-content\/uploads\/sites\/6\/2019\/09\/ironhand01.jpg\" \/>\n\t<meta property=\"og:image:width\" content=\"2000\" \/>\n\t<meta property=\"og:image:height\" content=\"606\" \/>\n\t<meta property=\"og:image:type\" content=\"image\/jpeg\" \/>\n<meta name=\"twitter:card\" content=\"summary_large_image\" \/>\n<meta name=\"twitter:label1\" content=\"Tiempo de lectura\" \/>\n\t<meta name=\"twitter:data1\" content=\"4 minutos\" \/>\n<script type=\"application\/ld+json\" class=\"yoast-schema-graph\">{\"@context\":\"https:\\\/\\\/schema.org\",\"@graph\":[{\"@type\":\"WebPage\",\"@id\":\"https:\\\/\\\/gobio-robot.com\\\/es\\\/exoesqueletos-industriales\\\/ironhand-guante-bionico\\\/\",\"url\":\"https:\\\/\\\/gobio-robot.com\\\/es\\\/exoesqueletos-industriales\\\/ironhand-guante-bionico\\\/\",\"name\":\"Ironhand\u00ae - guante bi\u00f3nico, exoesqueleto de mano | GOBIO\",\"isPartOf\":{\"@id\":\"https:\\\/\\\/gobio-robot.com\\\/#website\"},\"primaryImageOfPage\":{\"@id\":\"https:\\\/\\\/gobio-robot.com\\\/es\\\/exoesqueletos-industriales\\\/ironhand-guante-bionico\\\/#primaryimage\"},\"image\":{\"@id\":\"https:\\\/\\\/gobio-robot.com\\\/es\\\/exoesqueletos-industriales\\\/ironhand-guante-bionico\\\/#primaryimage\"},\"thumbnailUrl\":\"https:\\\/\\\/gobio-robot.com\\\/wp-content\\\/uploads\\\/sites\\\/6\\\/2019\\\/09\\\/ironhand01.jpg\",\"datePublished\":\"2019-09-16T10:19:11+00:00\",\"dateModified\":\"2025-12-10T15:26:15+00:00\",\"description\":\"Ironhand\u00ae guante bi\u00f3nico, es un exoesqueleto de mano que reduce el esfuerzo f\u00edsico y la RSI en la mano asociados a la manipulaci\u00f3n\",\"breadcrumb\":{\"@id\":\"https:\\\/\\\/gobio-robot.com\\\/es\\\/exoesqueletos-industriales\\\/ironhand-guante-bionico\\\/#breadcrumb\"},\"inLanguage\":\"es\",\"potentialAction\":[{\"@type\":\"ReadAction\",\"target\":[\"https:\\\/\\\/gobio-robot.com\\\/es\\\/exoesqueletos-industriales\\\/ironhand-guante-bionico\\\/\"]}]},{\"@type\":\"ImageObject\",\"inLanguage\":\"es\",\"@id\":\"https:\\\/\\\/gobio-robot.com\\\/es\\\/exoesqueletos-industriales\\\/ironhand-guante-bionico\\\/#primaryimage\",\"url\":\"https:\\\/\\\/gobio-robot.com\\\/wp-content\\\/uploads\\\/sites\\\/6\\\/2019\\\/09\\\/ironhand01.jpg\",\"contentUrl\":\"https:\\\/\\\/gobio-robot.com\\\/wp-content\\\/uploads\\\/sites\\\/6\\\/2019\\\/09\\\/ironhand01.jpg\",\"width\":2000,\"height\":606,\"caption\":\"Ironhand\u00ae - Guante bi\u00f3nico, Exoesqueleto de mano - GOBIO\"},{\"@type\":\"BreadcrumbList\",\"@id\":\"https:\\\/\\\/gobio-robot.com\\\/es\\\/exoesqueletos-industriales\\\/ironhand-guante-bionico\\\/#breadcrumb\",\"itemListElement\":[{\"@type\":\"ListItem\",\"position\":1,\"name\":\"Portada\",\"item\":\"https:\\\/\\\/gobio-robot.com\\\/es\\\/\"},{\"@type\":\"ListItem\",\"position\":2,\"name\":\"Exoesqueletos industriales\",\"item\":\"https:\\\/\\\/gobio-robot.com\\\/es\\\/exoesqueletos-industriales\\\/\"},{\"@type\":\"ListItem\",\"position\":3,\"name\":\"Ironhand\u00ae &#8211; Guante bi\u00f3nico\"}]},{\"@type\":\"WebSite\",\"@id\":\"https:\\\/\\\/gobio-robot.com\\\/#website\",\"url\":\"https:\\\/\\\/gobio-robot.com\\\/\",\"name\":\"GOBIO\",\"description\":\"\",\"potentialAction\":[{\"@type\":\"SearchAction\",\"target\":{\"@type\":\"EntryPoint\",\"urlTemplate\":\"https:\\\/\\\/gobio-robot.com\\\/?s={search_term_string}\"},\"query-input\":{\"@type\":\"PropertyValueSpecification\",\"valueRequired\":true,\"valueName\":\"search_term_string\"}}],\"inLanguage\":\"es\"}]}<\/script>","yoast_head_json":{"title":"Ironhand\u00ae - guante bi\u00f3nico, exoesqueleto de mano | GOBIO","description":"Ironhand\u00ae guante bi\u00f3nico, es un exoesqueleto de mano que reduce el esfuerzo f\u00edsico y la RSI en la mano asociados a la manipulaci\u00f3n","robots":{"index":"index","follow":"follow","max-snippet":"max-snippet:-1","max-image-preview":"max-image-preview:large","max-video-preview":"max-video-preview:-1"},"canonical":"https:\/\/gobio-robot.com\/es\/exoesqueletos-industriales\/ironhand-guante-bionico\/","og_locale":"es_ES","og_type":"article","og_title":"Ironhand\u00ae - guante bi\u00f3nico, exoesqueleto de mano | GOBIO","og_description":"Ironhand\u00ae guante bi\u00f3nico, es un exoesqueleto de mano que reduce el esfuerzo f\u00edsico y la RSI en la mano asociados a la manipulaci\u00f3n","og_url":"https:\/\/gobio-robot.com\/es\/exoesqueletos-industriales\/ironhand-guante-bionico\/","og_site_name":"GOBIO","article_modified_time":"2025-12-10T15:26:15+00:00","og_image":[{"width":2000,"height":606,"url":"https:\/\/gobio-robot.com\/wp-content\/uploads\/sites\/6\/2019\/09\/ironhand01.jpg","type":"image\/jpeg"}],"twitter_card":"summary_large_image","twitter_misc":{"Tiempo de lectura":"4 minutos"},"schema":{"@context":"https:\/\/schema.org","@graph":[{"@type":"WebPage","@id":"https:\/\/gobio-robot.com\/es\/exoesqueletos-industriales\/ironhand-guante-bionico\/","url":"https:\/\/gobio-robot.com\/es\/exoesqueletos-industriales\/ironhand-guante-bionico\/","name":"Ironhand\u00ae - guante bi\u00f3nico, exoesqueleto de mano | GOBIO","isPartOf":{"@id":"https:\/\/gobio-robot.com\/#website"},"primaryImageOfPage":{"@id":"https:\/\/gobio-robot.com\/es\/exoesqueletos-industriales\/ironhand-guante-bionico\/#primaryimage"},"image":{"@id":"https:\/\/gobio-robot.com\/es\/exoesqueletos-industriales\/ironhand-guante-bionico\/#primaryimage"},"thumbnailUrl":"https:\/\/gobio-robot.com\/wp-content\/uploads\/sites\/6\/2019\/09\/ironhand01.jpg","datePublished":"2019-09-16T10:19:11+00:00","dateModified":"2025-12-10T15:26:15+00:00","description":"Ironhand\u00ae guante bi\u00f3nico, es un exoesqueleto de mano que reduce el esfuerzo f\u00edsico y la RSI en la mano asociados a la manipulaci\u00f3n","breadcrumb":{"@id":"https:\/\/gobio-robot.com\/es\/exoesqueletos-industriales\/ironhand-guante-bionico\/#breadcrumb"},"inLanguage":"es","potentialAction":[{"@type":"ReadAction","target":["https:\/\/gobio-robot.com\/es\/exoesqueletos-industriales\/ironhand-guante-bionico\/"]}]},{"@type":"ImageObject","inLanguage":"es","@id":"https:\/\/gobio-robot.com\/es\/exoesqueletos-industriales\/ironhand-guante-bionico\/#primaryimage","url":"https:\/\/gobio-robot.com\/wp-content\/uploads\/sites\/6\/2019\/09\/ironhand01.jpg","contentUrl":"https:\/\/gobio-robot.com\/wp-content\/uploads\/sites\/6\/2019\/09\/ironhand01.jpg","width":2000,"height":606,"caption":"Ironhand\u00ae - Guante bi\u00f3nico, Exoesqueleto de mano - GOBIO"},{"@type":"BreadcrumbList","@id":"https:\/\/gobio-robot.com\/es\/exoesqueletos-industriales\/ironhand-guante-bionico\/#breadcrumb","itemListElement":[{"@type":"ListItem","position":1,"name":"Portada","item":"https:\/\/gobio-robot.com\/es\/"},{"@type":"ListItem","position":2,"name":"Exoesqueletos industriales","item":"https:\/\/gobio-robot.com\/es\/exoesqueletos-industriales\/"},{"@type":"ListItem","position":3,"name":"Ironhand\u00ae &#8211; Guante bi\u00f3nico"}]},{"@type":"WebSite","@id":"https:\/\/gobio-robot.com\/#website","url":"https:\/\/gobio-robot.com\/","name":"GOBIO","description":"","potentialAction":[{"@type":"SearchAction","target":{"@type":"EntryPoint","urlTemplate":"https:\/\/gobio-robot.com\/?s={search_term_string}"},"query-input":{"@type":"PropertyValueSpecification","valueRequired":true,"valueName":"search_term_string"}}],"inLanguage":"es"}]}},"_links":{"self":[{"href":"https:\/\/gobio-robot.com\/es\/wp-json\/wp\/v2\/pages\/17010","targetHints":{"allow":["GET"]}}],"collection":[{"href":"https:\/\/gobio-robot.com\/es\/wp-json\/wp\/v2\/pages"}],"about":[{"href":"https:\/\/gobio-robot.com\/es\/wp-json\/wp\/v2\/types\/page"}],"author":[{"embeddable":true,"href":"https:\/\/gobio-robot.com\/es\/wp-json\/wp\/v2\/users\/2"}],"replies":[{"embeddable":true,"href":"https:\/\/gobio-robot.com\/es\/wp-json\/wp\/v2\/comments?post=17010"}],"version-history":[{"count":5,"href":"https:\/\/gobio-robot.com\/es\/wp-json\/wp\/v2\/pages\/17010\/revisions"}],"predecessor-version":[{"id":25156,"href":"https:\/\/gobio-robot.com\/es\/wp-json\/wp\/v2\/pages\/17010\/revisions\/25156"}],"up":[{"embeddable":true,"href":"https:\/\/gobio-robot.com\/es\/wp-json\/wp\/v2\/pages\/17100"}],"wp:featuredmedia":[{"embeddable":true,"href":"https:\/\/gobio-robot.com\/es\/wp-json\/wp\/v2\/media\/17011"}],"wp:attachment":[{"href":"https:\/\/gobio-robot.com\/es\/wp-json\/wp\/v2\/media?parent=17010"}],"curies":[{"name":"wp","href":"https:\/\/api.w.org\/{rel}","templated":true}]}}