{"id":17070,"date":"2018-07-03T16:50:59","date_gmt":"2018-07-03T14:50:59","guid":{"rendered":"https:\/\/gobio-robot.com\/exosquelette-logistique\/"},"modified":"2025-12-11T17:19:48","modified_gmt":"2025-12-11T16:19:48","slug":"exoesqueleto-de-logistica","status":"publish","type":"page","link":"https:\/\/gobio-robot.com\/es\/exoesqueleto-de-logistica\/","title":{"rendered":"Log\u00edstica"},"content":{"rendered":"<div class=\"wpb-content-wrapper\"><p>[vc_row][vc_column][vc_empty_space height=\u00bb100&#8243;][vc_raw_html css=\u00bb\u00bb]JTVCd3BzZW9fYnJlYWRjcnVtYiU1RA==[\/vc_raw_html][\/vc_column][\/vc_row][vc_row content_placement=\u00bbmiddle\u00bb][vc_column width=\u00bb2\/3&#8243;][vc_column_text css=\u00bb\u00bb]<\/p>\n<h2><img loading=\"lazy\" decoding=\"async\" class=\"alignleft wp-image-25420\" src=\"https:\/\/gobio-robot.com\/wp-content\/uploads\/sites\/6\/2025\/12\/logistique.png\" alt=\"\" width=\"120\" height=\"120\" srcset=\"https:\/\/gobio-robot.com\/wp-content\/uploads\/sites\/6\/2025\/12\/logistique.png 170w, https:\/\/gobio-robot.com\/wp-content\/uploads\/sites\/6\/2025\/12\/logistique-150x150.png 150w\" sizes=\"auto, (max-width: 120px) 100vw, 120px\" \/>Exoesqueleto de log\u00edstica<\/h2>\n<p>Las plataformas log\u00edsticas se enfrentan a numerosos desaf\u00edos: manipulaci\u00f3n de cargas de pesos variados, posturas forzadas, ritmos intensos y, a veces, entornos extremos (fr\u00edo extremo, por ejemplo). Los factores humanos y organizacionales son muy importantes aqu\u00ed. A esto se suman las operaciones de preparaci\u00f3n de pedidos y reempaquetado, que exigen mucho a los equipos. Un estudio de la empresa ALTAIR Conseil encuentra que el 88% de los empleados que trabajan en plataformas log\u00edsticas se ven afectados por las dificultades en el trabajo.<\/p>\n<p>La b\u00fasqueda de soluciones para reducir esta dificultad es constante all\u00ed y nuestras soluciones de exoesqueleto y brazo de gravedad cero pueden dar respuesta en un n\u00famero determinado de casos.[\/vc_column_text][vc_empty_space][\/vc_column][vc_column width=\u00bb1\/3&#8243;][vc_single_image image=\u00bb24156&#8243; img_size=\u00bblarge\u00bb alignment=\u00bbcenter\u00bb css=\u00bb\u00bb image_hover=\u00bb\u00bb][\/vc_column][\/vc_row][vc_row][vc_column][vc_separator][vc_column_text]<\/p>\n<h3 style=\"text-align: left;\">Descubra nuestras exoesqueleto para el mercado log\u00edstico:<\/h3>\n<p>[\/vc_column_text][vc_empty_space height=\u00bb10&#8243;][\/vc_column][\/vc_row][vc_row][vc_column width=\u00bb1\/4&#8243;]<div class=\"ult-ih-container ult-adjust-bottom-margin  \" >\t<ul class=\"ult-ih-list \"  data-shape=\"circle\"  data-width=\"250\"  data-height=\"250\"  style=\"text-align:center; \"><li id=\"ult-ih-list-item-2878\" class=\"ult-ih-list-item\" style=\"height: 250px; width: 250px;  margin: 15px\"><a class=\"ult-ih-link\" href=\"https:\/\/gobio-robot.com\/es\/exoesqueletos-industriales\/ip11-exoesqueleto-de-apoyo-para-la-cabeza\/\" title=\"Descubrir el IP11, el exoesqueleto para las cervicales\"  ><div style=\"height: 250px; width: 250px; \" class=\"ult-ih-item ult-ih-effect13  ult-ih-top_to_bottom  \"><div class=\"ult-ih-image-block\" style=\"height: 250px; width: 250px; \">\t<div class=\"ult-ih-wrapper\" style=\"\"><\/div>\t<img decoding=\"async\" class=\"ult-ih-image\" src=\"https:\/\/gobio-robot.com\/wp-content\/uploads\/sites\/6\/2025\/12\/IP11.png\" alt=\"Photo-IP11-exosquelette-pour-les-cervicales\"><\/div><div class=\"ult-ih-info\" style=\"background-color: #2F3787; \">\t<div class=\"ult-ih-info-back\">\t<div class=\"ult-ih-content\">\t\t\t<div class=\"ult-ih-heading-block\" style=\"\">\t\t\t\t<h4 class=\"ult-ih-heading ult-responsive\" style=\"color:#FFFFFF;\"  data-ultimate-target='#ult-ih-list-item-2878 .ult-ih-heading'  data-responsive-json-new='{\"font-size\":\"desktop:30px;\",\"line-height\":\"desktop:28px;\"}' >IP11<\/h4>\t\t\t<\/div>\t\t\t<div class=\"ult-ih-divider-block\" style=\"height:2px;\">\t\t\t\t<span class=\"ult-ih-line\" style=\"border-style:solid;border-color:#009DE0;width:100px;border-width:2px;\"><\/span>\t\t\t<\/div>\t\t\t<div class=\"ult-ih-description-block\" style=\"\">\t\t\t\t<div class=\"ult-ih-description ult-responsive\" style=\"font-weight:bold;color:#FFFFFF;\"  data-ultimate-target='#ult-ih-list-item-2878 .ult-ih-description, #ult-ih-list-item-2878 .ult-ih-description p'  data-responsive-json-new='{\"font-size\":\"desktop:22px;\",\"line-height\":\"desktop:22px;\"}' ><div class=\"MuiBox-root css-a286oe\">\n<div class=\"MuiBox-root css-1st8fyx\" data-testid=\"tltr-input-editor-wrapper\">\n<div class=\"MuiBox-root css-gxufim\">\n<div id=\"editor\">\n<div class=\"tiptap ProseMirror\" lang=\"fr\" tabindex=\"0\" role=\"textbox\" contenteditable=\"true\" translate=\"no\" aria-label=\"Texte d\u2019entr\u00e9e\" data-gramm_editor=\"false\" data-testid=\"tltr-input-editor\">\n<div class=\"MuiBox-root css-5xxm1b\">\n<div>\n<p class=\"css-wx0oy0\" style=\"text-align: center;\"><span class=\"css-djx60a\" data-sentence=\"fb2e0f4f3b62a036_0_0\"><span class=\"css-mfvr97\" aria-expanded=\"false\">Exoesqueleto<\/span> <span class=\"css-mfvr97\" aria-expanded=\"false\">cervical<\/span> <\/span><\/p>\n<\/div>\n<\/div>\n<\/div>\n<\/div>\n<\/div>\n<\/div>\n<\/div>\n\t\t\t\t<\/div>\t\t\t<\/div>\t<\/div>\t<\/div><\/div><\/div><\/a><\/li>\t<\/ul><\/div><div class=\"ult-ih-container ult-adjust-bottom-margin  \" >\t<ul class=\"ult-ih-list \"  data-shape=\"circle\"  data-width=\"250\"  data-height=\"250\"  style=\"text-align:center; \"><li id=\"ult-ih-list-item-3059\" class=\"ult-ih-list-item\" style=\"height: 250px; width: 250px;  margin: 15px\"><a class=\"ult-ih-link\" href=\"https:\/\/gobio-robot.com\/es\/exoesqueletos-industriales\/ironhand-guante-bionico\/\" title=\"Descubrir el IRONHAND\u00ae, guante bi\u00f3nico\"  ><div style=\"height: 250px; width: 250px; \" class=\"ult-ih-item ult-ih-effect13  ult-ih-top_to_bottom  \"><div class=\"ult-ih-image-block\" style=\"height: 250px; width: 250px; \">\t<div class=\"ult-ih-wrapper\" style=\"\"><\/div>\t<img decoding=\"async\" class=\"ult-ih-image\" src=\"https:\/\/gobio-robot.com\/wp-content\/uploads\/sites\/6\/2025\/10\/IRONHAND.png\" alt=\"null\"><\/div><div class=\"ult-ih-info\" style=\"background-color: #2F3787; \">\t<div class=\"ult-ih-info-back\">\t<div class=\"ult-ih-content\">\t\t\t<div class=\"ult-ih-heading-block\" style=\"\">\t\t\t\t<h4 class=\"ult-ih-heading ult-responsive\" style=\"color:#FFFFFF;\"  data-ultimate-target='#ult-ih-list-item-3059 .ult-ih-heading'  data-responsive-json-new='{\"font-size\":\"desktop:30px;\",\"line-height\":\"desktop:28px;\"}' >IRONHAND\u00ae<\/h4>\t\t\t<\/div>\t\t\t<div class=\"ult-ih-divider-block\" style=\"height:2px;\">\t\t\t\t<span class=\"ult-ih-line\" style=\"border-style:solid;border-color:#009DE0;width:100px;border-width:2px;\"><\/span>\t\t\t<\/div>\t\t\t<div class=\"ult-ih-description-block\" style=\"\">\t\t\t\t<div class=\"ult-ih-description ult-responsive\" style=\"font-weight:bold;color:#FFFFFF;\"  data-ultimate-target='#ult-ih-list-item-3059 .ult-ih-description, #ult-ih-list-item-3059 .ult-ih-description p'  data-responsive-json-new='{\"font-size\":\"desktop:22px;\",\"line-height\":\"desktop:22px;\"}' ><p style=\"text-align: center;\">Guante bi\u00f3nico<\/p>\n\t\t\t\t<\/div>\t\t\t<\/div>\t<\/div>\t<\/div><\/div><\/div><\/a><\/li>\t<\/ul><\/div>[\/vc_column][vc_column width=\u00bb1\/4&#8243;]<div class=\"ult-ih-container ult-adjust-bottom-margin  \" >\t<ul class=\"ult-ih-list \"  data-shape=\"circle\"  data-width=\"250\"  data-height=\"250\"  style=\"text-align:center; \"><li id=\"ult-ih-list-item-9213\" class=\"ult-ih-list-item\" style=\"height: 250px; width: 250px;  margin: 15px\"><a class=\"ult-ih-link\" href=\"https:\/\/gobio-robot.com\/es\/exoesqueletos-industriales\/ip-12-exoesqueleto-de-manipulacion\/\" title=\"Descubriendo el IP12, el exoesqueleto de hombros\"  ><div style=\"height: 250px; width: 250px; \" class=\"ult-ih-item ult-ih-effect13  ult-ih-top_to_bottom  \"><div class=\"ult-ih-image-block\" style=\"height: 250px; width: 250px; \">\t<div class=\"ult-ih-wrapper\" style=\"\"><\/div>\t<img decoding=\"async\" class=\"ult-ih-image\" src=\"https:\/\/gobio-robot.com\/wp-content\/uploads\/sites\/6\/2025\/10\/IP12.png\" alt=\"null\"><\/div><div class=\"ult-ih-info\" style=\"background-color: #2F3787; \">\t<div class=\"ult-ih-info-back\">\t<div class=\"ult-ih-content\">\t\t\t<div class=\"ult-ih-heading-block\" style=\"\">\t\t\t\t<h4 class=\"ult-ih-heading ult-responsive\" style=\"color:#FFFFFF;\"  data-ultimate-target='#ult-ih-list-item-9213 .ult-ih-heading'  data-responsive-json-new='{\"font-size\":\"desktop:30px;\",\"line-height\":\"desktop:28px;\"}' >IP12<\/h4>\t\t\t<\/div>\t\t\t<div class=\"ult-ih-divider-block\" style=\"height:2px;\">\t\t\t\t<span class=\"ult-ih-line\" style=\"border-style:solid;border-color:#009DE0;width:100px;border-width:2px;\"><\/span>\t\t\t<\/div>\t\t\t<div class=\"ult-ih-description-block\" style=\"\">\t\t\t\t<div class=\"ult-ih-description ult-responsive\" style=\"font-weight:bold;color:#FFFFFF;\"  data-ultimate-target='#ult-ih-list-item-9213 .ult-ih-description, #ult-ih-list-item-9213 .ult-ih-description p'  data-responsive-json-new='{\"font-size\":\"desktop:22px;\",\"line-height\":\"desktop:22px;\"}' ><p style=\"text-align: center;\">Exoesqueleto para los hombros<\/p>\n\t\t\t\t<\/div>\t\t\t<\/div>\t<\/div>\t<\/div><\/div><\/div><\/a><\/li>\t<\/ul><\/div><div class=\"ult-ih-container ult-adjust-bottom-margin  \" >\t<ul class=\"ult-ih-list \"  data-shape=\"circle\"  data-width=\"250\"  data-height=\"250\"  style=\"text-align:center; \"><li id=\"ult-ih-list-item-4943\" class=\"ult-ih-list-item\" style=\"height: 250px; width: 250px;  margin: 15px\"><a class=\"ult-ih-link\" href=\"https:\/\/gobio-robot.com\/es\/exoesqueletos-industriales\/ip19-ergoesqueleto\/\" title=\"Descubriendo el IP19, exoesqueleto postural\"  ><div style=\"height: 250px; width: 250px; \" class=\"ult-ih-item ult-ih-effect13  ult-ih-top_to_bottom  \"><div class=\"ult-ih-image-block\" style=\"height: 250px; width: 250px; \">\t<div class=\"ult-ih-wrapper\" style=\"\"><\/div>\t<img decoding=\"async\" class=\"ult-ih-image\" src=\"https:\/\/gobio-robot.com\/wp-content\/uploads\/sites\/6\/2025\/10\/IP19.png\" alt=\"null\"><\/div><div class=\"ult-ih-info\" style=\"background-color: #2F3787; \">\t<div class=\"ult-ih-info-back\">\t<div class=\"ult-ih-content\">\t\t\t<div class=\"ult-ih-heading-block\" style=\"\">\t\t\t\t<h4 class=\"ult-ih-heading ult-responsive\" style=\"color:#FFFFFF;\"  data-ultimate-target='#ult-ih-list-item-4943 .ult-ih-heading'  data-responsive-json-new='{\"font-size\":\"desktop:30px;\",\"line-height\":\"desktop:28px;\"}' >IP19<\/h4>\t\t\t<\/div>\t\t\t<div class=\"ult-ih-divider-block\" style=\"height:2px;\">\t\t\t\t<span class=\"ult-ih-line\" style=\"border-style:solid;border-color:#009DE0;width:100px;border-width:2px;\"><\/span>\t\t\t<\/div>\t\t\t<div class=\"ult-ih-description-block\" style=\"\">\t\t\t\t<div class=\"ult-ih-description ult-responsive\" style=\"font-weight:bold;color:#FFFFFF;\"  data-ultimate-target='#ult-ih-list-item-4943 .ult-ih-description, #ult-ih-list-item-4943 .ult-ih-description p'  data-responsive-json-new='{\"font-size\":\"desktop:22px;\",\"line-height\":\"desktop:22px;\"}' ><p style=\"text-align: center;\">Exoesqueleto postural<\/p>\n\t\t\t\t<\/div>\t\t\t<\/div>\t<\/div>\t<\/div><\/div><\/div><\/a><\/li>\t<\/ul><\/div>[\/vc_column][vc_column width=\u00bb1\/4&#8243;]<div class=\"ult-ih-container ult-adjust-bottom-margin  \" >\t<ul class=\"ult-ih-list \"  data-shape=\"circle\"  data-width=\"250\"  data-height=\"250\"  style=\"text-align:center; \"><li id=\"ult-ih-list-item-2765\" class=\"ult-ih-list-item\" style=\"height: 250px; width: 250px;  margin: 15px\"><a class=\"ult-ih-link\" href=\"https:\/\/gobio-robot.com\/es\/exoesqueletos-industriales\/ip13-exoesqueleto-de-lumbares\/\" title=\"Descubriendo el IP13, el exoesqueleto para el alivio del dolor lumbar\" target=\"_blank\" rel=\"noopener\"  ><div style=\"height: 250px; width: 250px; \" class=\"ult-ih-item ult-ih-effect13  ult-ih-top_to_bottom  \"><div class=\"ult-ih-image-block\" style=\"height: 250px; width: 250px; \">\t<div class=\"ult-ih-wrapper\" style=\"\"><\/div>\t<img decoding=\"async\" class=\"ult-ih-image\" src=\"https:\/\/gobio-robot.com\/wp-content\/uploads\/sites\/6\/2025\/10\/IP13.png\" alt=\"null\"><\/div><div class=\"ult-ih-info\" style=\"background-color: #2F3787; \">\t<div class=\"ult-ih-info-back\">\t<div class=\"ult-ih-content\">\t\t\t<div class=\"ult-ih-heading-block\" style=\"\">\t\t\t\t<h4 class=\"ult-ih-heading ult-responsive\" style=\"color:#FFFFFF;\"  data-ultimate-target='#ult-ih-list-item-2765 .ult-ih-heading'  data-responsive-json-new='{\"font-size\":\"desktop:30px;\",\"line-height\":\"desktop:28px;\"}' >IP13<\/h4>\t\t\t<\/div>\t\t\t<div class=\"ult-ih-divider-block\" style=\"height:2px;\">\t\t\t\t<span class=\"ult-ih-line\" style=\"border-style:solid;border-color:#009DE0;width:100px;border-width:2px;\"><\/span>\t\t\t<\/div>\t\t\t<div class=\"ult-ih-description-block\" style=\"\">\t\t\t\t<div class=\"ult-ih-description ult-responsive\" style=\"font-weight:bold;color:#FFFFFF;\"  data-ultimate-target='#ult-ih-list-item-2765 .ult-ih-description, #ult-ih-list-item-2765 .ult-ih-description p'  data-responsive-json-new='{\"font-size\":\"desktop:22px;\",\"line-height\":\"desktop:22px;\"}' ><p style=\"text-align: center;\">Exoesqueleto de espalda<\/p>\n\t\t\t\t<\/div>\t\t\t<\/div>\t<\/div>\t<\/div><\/div><\/div><\/a><\/li>\t<\/ul><\/div>[\/vc_column][vc_column width=\u00bb1\/4&#8243;]<div class=\"ult-ih-container ult-adjust-bottom-margin  \" >\t<ul class=\"ult-ih-list \"  data-shape=\"circle\"  data-width=\"250\"  data-height=\"250\"  style=\"text-align:center; \"><li id=\"ult-ih-list-item-8534\" class=\"ult-ih-list-item\" style=\"height: 250px; width: 250px;  margin: 15px\"><a class=\"ult-ih-link\" href=\"https:\/\/gobio-robot.com\/es\/exoesqueletos-industriales\/ip14-silla-exoesqueleto\/\" title=\"Descubriendo la IP 14 \u2013 silla exoesqueleto para postura de pie sentado\"  ><div style=\"height: 250px; width: 250px; \" class=\"ult-ih-item ult-ih-effect13  ult-ih-top_to_bottom  \"><div class=\"ult-ih-image-block\" style=\"height: 250px; width: 250px; \">\t<div class=\"ult-ih-wrapper\" style=\"\"><\/div>\t<img decoding=\"async\" class=\"ult-ih-image\" src=\"https:\/\/gobio-robot.com\/wp-content\/uploads\/sites\/6\/2025\/10\/IP14.png\" alt=\"null\"><\/div><div class=\"ult-ih-info\" style=\"background-color: #2F3787; \">\t<div class=\"ult-ih-info-back\">\t<div class=\"ult-ih-content\">\t\t\t<div class=\"ult-ih-heading-block\" style=\"\">\t\t\t\t<h4 class=\"ult-ih-heading ult-responsive\" style=\"color:#FFFFFF;\"  data-ultimate-target='#ult-ih-list-item-8534 .ult-ih-heading'  data-responsive-json-new='{\"font-size\":\"desktop:30px;\",\"line-height\":\"desktop:28px;\"}' >IP14<\/h4>\t\t\t<\/div>\t\t\t<div class=\"ult-ih-divider-block\" style=\"height:2px;\">\t\t\t\t<span class=\"ult-ih-line\" style=\"border-style:solid;border-color:#009DE0;width:100px;border-width:2px;\"><\/span>\t\t\t<\/div>\t\t\t<div class=\"ult-ih-description-block\" style=\"\">\t\t\t\t<div class=\"ult-ih-description ult-responsive\" style=\"font-weight:bold;color:#FFFFFF;\"  data-ultimate-target='#ult-ih-list-item-8534 .ult-ih-description, #ult-ih-list-item-8534 .ult-ih-description p'  data-responsive-json-new='{\"font-size\":\"desktop:22px;\",\"line-height\":\"desktop:22px;\"}' ><p style=\"text-align: center;\">Silla exoesqueleto para trabajo de pie<\/p>\n\t\t\t\t<\/div>\t\t\t<\/div>\t<\/div>\t<\/div><\/div><\/div><\/a><\/li>\t<\/ul><\/div>[\/vc_column][\/vc_row][vc_row][vc_column][vc_empty_space height=\u00bb60&#8243;][\/vc_column][\/vc_row]<\/p>\n<\/div>","protected":false},"excerpt":{"rendered":"<p>[vc_row][vc_column][vc_empty_space height=\u00bb100&#8243;][vc_raw_html css=\u00bb\u00bb]JTVCd3BzZW9fYnJlYWRjcnVtYiU1RA==[\/vc_raw_html][\/vc_column][\/vc_row][vc_row content_placement=\u00bbmiddle\u00bb][vc_column width=\u00bb2\/3&#8243;][vc_column_text css=\u00bb\u00bb] Exoesqueleto de log\u00edstica Las plataformas log\u00edsticas se enfrentan a numerosos desaf\u00edos: manipulaci\u00f3n de cargas de pesos variados, posturas forzadas, ritmos intensos y, a veces,&hellip;<\/p>\n","protected":false},"author":1,"featured_media":17071,"parent":0,"menu_order":0,"comment_status":"closed","ping_status":"closed","template":"page-avec-slider.php","meta":{"_acf_changed":false,"footnotes":""},"class_list":["post-17070","page","type-page","status-publish","has-post-thumbnail","hentry"],"acf":[],"yoast_head":"<title>Exoesqueleto de log\u00edstica, soluciones para aliviar a los operarios | GOBIO<\/title>\n<meta name=\"description\" content=\"Descubra nuestras soluciones para aliviar la TMS y ayudar a los operarios del sector log\u00edstico: soporte de brazo, guante bi\u00f3nico, exoesqueleto de log\u00edstica\" \/>\n<meta name=\"robots\" content=\"index, follow, max-snippet:-1, max-image-preview:large, max-video-preview:-1\" \/>\n<link rel=\"canonical\" href=\"https:\/\/gobio-robot.com\/es\/exoesqueleto-de-logistica\/\" \/>\n<meta property=\"og:locale\" content=\"es_ES\" \/>\n<meta property=\"og:type\" content=\"article\" \/>\n<meta property=\"og:title\" content=\"Exoesqueleto de log\u00edstica, soluciones para aliviar a los operarios | GOBIO\" \/>\n<meta property=\"og:description\" content=\"Descubra nuestras soluciones para aliviar la TMS y ayudar a los operarios del sector log\u00edstico: soporte de brazo, guante bi\u00f3nico, exoesqueleto de log\u00edstica\" \/>\n<meta property=\"og:url\" content=\"https:\/\/gobio-robot.com\/es\/exoesqueleto-de-logistica\/\" \/>\n<meta property=\"og:site_name\" content=\"GOBIO\" \/>\n<meta property=\"article:modified_time\" content=\"2025-12-11T16:19:48+00:00\" \/>\n<meta property=\"og:image\" content=\"https:\/\/gobio-robot.com\/wp-content\/uploads\/sites\/6\/2018\/11\/factory-1137995_1920.jpg\" \/>\n\t<meta property=\"og:image:width\" content=\"1920\" \/>\n\t<meta property=\"og:image:height\" content=\"1440\" \/>\n\t<meta property=\"og:image:type\" content=\"image\/jpeg\" \/>\n<meta name=\"twitter:card\" content=\"summary_large_image\" \/>\n<meta name=\"twitter:label1\" content=\"Tiempo de lectura\" \/>\n\t<meta name=\"twitter:data1\" content=\"3 minutos\" \/>\n<script type=\"application\/ld+json\" class=\"yoast-schema-graph\">{\"@context\":\"https:\\\/\\\/schema.org\",\"@graph\":[{\"@type\":\"WebPage\",\"@id\":\"https:\\\/\\\/gobio-robot.com\\\/es\\\/exoesqueleto-de-logistica\\\/\",\"url\":\"https:\\\/\\\/gobio-robot.com\\\/es\\\/exoesqueleto-de-logistica\\\/\",\"name\":\"Exoesqueleto de log\u00edstica, soluciones para aliviar a los operarios | GOBIO\",\"isPartOf\":{\"@id\":\"https:\\\/\\\/gobio-robot.com\\\/#website\"},\"primaryImageOfPage\":{\"@id\":\"https:\\\/\\\/gobio-robot.com\\\/es\\\/exoesqueleto-de-logistica\\\/#primaryimage\"},\"image\":{\"@id\":\"https:\\\/\\\/gobio-robot.com\\\/es\\\/exoesqueleto-de-logistica\\\/#primaryimage\"},\"thumbnailUrl\":\"https:\\\/\\\/gobio-robot.com\\\/wp-content\\\/uploads\\\/sites\\\/6\\\/2018\\\/11\\\/factory-1137995_1920.jpg\",\"datePublished\":\"2018-07-03T14:50:59+00:00\",\"dateModified\":\"2025-12-11T16:19:48+00:00\",\"description\":\"Descubra nuestras soluciones para aliviar la TMS y ayudar a los operarios del sector log\u00edstico: soporte de brazo, guante bi\u00f3nico, exoesqueleto de log\u00edstica\",\"breadcrumb\":{\"@id\":\"https:\\\/\\\/gobio-robot.com\\\/es\\\/exoesqueleto-de-logistica\\\/#breadcrumb\"},\"inLanguage\":\"es\",\"potentialAction\":[{\"@type\":\"ReadAction\",\"target\":[\"https:\\\/\\\/gobio-robot.com\\\/es\\\/exoesqueleto-de-logistica\\\/\"]}]},{\"@type\":\"ImageObject\",\"inLanguage\":\"es\",\"@id\":\"https:\\\/\\\/gobio-robot.com\\\/es\\\/exoesqueleto-de-logistica\\\/#primaryimage\",\"url\":\"https:\\\/\\\/gobio-robot.com\\\/wp-content\\\/uploads\\\/sites\\\/6\\\/2018\\\/11\\\/factory-1137995_1920.jpg\",\"contentUrl\":\"https:\\\/\\\/gobio-robot.com\\\/wp-content\\\/uploads\\\/sites\\\/6\\\/2018\\\/11\\\/factory-1137995_1920.jpg\",\"width\":1920,\"height\":1440,\"caption\":\"Exoesqueleto de log\u00edstica - GOBIO\"},{\"@type\":\"BreadcrumbList\",\"@id\":\"https:\\\/\\\/gobio-robot.com\\\/es\\\/exoesqueleto-de-logistica\\\/#breadcrumb\",\"itemListElement\":[{\"@type\":\"ListItem\",\"position\":1,\"name\":\"Portada\",\"item\":\"https:\\\/\\\/gobio-robot.com\\\/es\\\/\"},{\"@type\":\"ListItem\",\"position\":2,\"name\":\"Log\u00edstica\"}]},{\"@type\":\"WebSite\",\"@id\":\"https:\\\/\\\/gobio-robot.com\\\/#website\",\"url\":\"https:\\\/\\\/gobio-robot.com\\\/\",\"name\":\"GOBIO\",\"description\":\"\",\"potentialAction\":[{\"@type\":\"SearchAction\",\"target\":{\"@type\":\"EntryPoint\",\"urlTemplate\":\"https:\\\/\\\/gobio-robot.com\\\/?s={search_term_string}\"},\"query-input\":{\"@type\":\"PropertyValueSpecification\",\"valueRequired\":true,\"valueName\":\"search_term_string\"}}],\"inLanguage\":\"es\"}]}<\/script>","yoast_head_json":{"title":"Exoesqueleto de log\u00edstica, soluciones para aliviar a los operarios | GOBIO","description":"Descubra nuestras soluciones para aliviar la TMS y ayudar a los operarios del sector log\u00edstico: soporte de brazo, guante bi\u00f3nico, exoesqueleto de log\u00edstica","robots":{"index":"index","follow":"follow","max-snippet":"max-snippet:-1","max-image-preview":"max-image-preview:large","max-video-preview":"max-video-preview:-1"},"canonical":"https:\/\/gobio-robot.com\/es\/exoesqueleto-de-logistica\/","og_locale":"es_ES","og_type":"article","og_title":"Exoesqueleto de log\u00edstica, soluciones para aliviar a los operarios | GOBIO","og_description":"Descubra nuestras soluciones para aliviar la TMS y ayudar a los operarios del sector log\u00edstico: soporte de brazo, guante bi\u00f3nico, exoesqueleto de log\u00edstica","og_url":"https:\/\/gobio-robot.com\/es\/exoesqueleto-de-logistica\/","og_site_name":"GOBIO","article_modified_time":"2025-12-11T16:19:48+00:00","og_image":[{"width":1920,"height":1440,"url":"https:\/\/gobio-robot.com\/wp-content\/uploads\/sites\/6\/2018\/11\/factory-1137995_1920.jpg","type":"image\/jpeg"}],"twitter_card":"summary_large_image","twitter_misc":{"Tiempo de lectura":"3 minutos"},"schema":{"@context":"https:\/\/schema.org","@graph":[{"@type":"WebPage","@id":"https:\/\/gobio-robot.com\/es\/exoesqueleto-de-logistica\/","url":"https:\/\/gobio-robot.com\/es\/exoesqueleto-de-logistica\/","name":"Exoesqueleto de log\u00edstica, soluciones para aliviar a los operarios | GOBIO","isPartOf":{"@id":"https:\/\/gobio-robot.com\/#website"},"primaryImageOfPage":{"@id":"https:\/\/gobio-robot.com\/es\/exoesqueleto-de-logistica\/#primaryimage"},"image":{"@id":"https:\/\/gobio-robot.com\/es\/exoesqueleto-de-logistica\/#primaryimage"},"thumbnailUrl":"https:\/\/gobio-robot.com\/wp-content\/uploads\/sites\/6\/2018\/11\/factory-1137995_1920.jpg","datePublished":"2018-07-03T14:50:59+00:00","dateModified":"2025-12-11T16:19:48+00:00","description":"Descubra nuestras soluciones para aliviar la TMS y ayudar a los operarios del sector log\u00edstico: soporte de brazo, guante bi\u00f3nico, exoesqueleto de log\u00edstica","breadcrumb":{"@id":"https:\/\/gobio-robot.com\/es\/exoesqueleto-de-logistica\/#breadcrumb"},"inLanguage":"es","potentialAction":[{"@type":"ReadAction","target":["https:\/\/gobio-robot.com\/es\/exoesqueleto-de-logistica\/"]}]},{"@type":"ImageObject","inLanguage":"es","@id":"https:\/\/gobio-robot.com\/es\/exoesqueleto-de-logistica\/#primaryimage","url":"https:\/\/gobio-robot.com\/wp-content\/uploads\/sites\/6\/2018\/11\/factory-1137995_1920.jpg","contentUrl":"https:\/\/gobio-robot.com\/wp-content\/uploads\/sites\/6\/2018\/11\/factory-1137995_1920.jpg","width":1920,"height":1440,"caption":"Exoesqueleto de log\u00edstica - GOBIO"},{"@type":"BreadcrumbList","@id":"https:\/\/gobio-robot.com\/es\/exoesqueleto-de-logistica\/#breadcrumb","itemListElement":[{"@type":"ListItem","position":1,"name":"Portada","item":"https:\/\/gobio-robot.com\/es\/"},{"@type":"ListItem","position":2,"name":"Log\u00edstica"}]},{"@type":"WebSite","@id":"https:\/\/gobio-robot.com\/#website","url":"https:\/\/gobio-robot.com\/","name":"GOBIO","description":"","potentialAction":[{"@type":"SearchAction","target":{"@type":"EntryPoint","urlTemplate":"https:\/\/gobio-robot.com\/?s={search_term_string}"},"query-input":{"@type":"PropertyValueSpecification","valueRequired":true,"valueName":"search_term_string"}}],"inLanguage":"es"}]}},"_links":{"self":[{"href":"https:\/\/gobio-robot.com\/es\/wp-json\/wp\/v2\/pages\/17070","targetHints":{"allow":["GET"]}}],"collection":[{"href":"https:\/\/gobio-robot.com\/es\/wp-json\/wp\/v2\/pages"}],"about":[{"href":"https:\/\/gobio-robot.com\/es\/wp-json\/wp\/v2\/types\/page"}],"author":[{"embeddable":true,"href":"https:\/\/gobio-robot.com\/es\/wp-json\/wp\/v2\/users\/1"}],"replies":[{"embeddable":true,"href":"https:\/\/gobio-robot.com\/es\/wp-json\/wp\/v2\/comments?post=17070"}],"version-history":[{"count":5,"href":"https:\/\/gobio-robot.com\/es\/wp-json\/wp\/v2\/pages\/17070\/revisions"}],"predecessor-version":[{"id":25426,"href":"https:\/\/gobio-robot.com\/es\/wp-json\/wp\/v2\/pages\/17070\/revisions\/25426"}],"wp:featuredmedia":[{"embeddable":true,"href":"https:\/\/gobio-robot.com\/es\/wp-json\/wp\/v2\/media\/17071"}],"wp:attachment":[{"href":"https:\/\/gobio-robot.com\/es\/wp-json\/wp\/v2\/media?parent=17070"}],"curies":[{"name":"wp","href":"https:\/\/api.w.org\/{rel}","templated":true}]}}