{"id":17100,"date":"2018-07-03T16:32:28","date_gmt":"2018-07-03T14:32:28","guid":{"rendered":"https:\/\/gobio-robot.com\/exosquelettes-industriels\/"},"modified":"2025-11-21T16:05:22","modified_gmt":"2025-11-21T15:05:22","slug":"exoesqueletos-industriales","status":"publish","type":"page","link":"https:\/\/gobio-robot.com\/es\/exoesqueletos-industriales\/","title":{"rendered":"Exoesqueletos industriales"},"content":{"rendered":"<div class=\"wpb-content-wrapper\"><p>[vc_row][vc_column][vc_empty_space height=\u00bb100&#8243;][vc_raw_html css=\u00bb\u00bb]JTVCd3BzZW9fYnJlYWRjcnVtYiU1RA==[\/vc_raw_html][vc_column_text css=\u00bb\u00bb]<\/p>\n<h2>Nuestras soluciones de exoesqueletos industriales y ergoesqueleto de postura<\/h2>\n<p>[\/vc_column_text][\/vc_column][\/vc_row][vc_row][vc_column][vc_empty_space][vc_column_text css=\u00bb\u00bb]GOBIO ofrece una amplia gama de exoesqueletos industriales (activos o pasivos) y ergoesquelto de postura para asistir a los operarios en la manipulaci\u00f3n de cargas, trabajos con brazos en altura y posturas dolorosas y repetitivas.<\/p>\n<h3>\u00bfC\u00f3mo elegir el exoesqueleto adecuado?<br \/>\n\u00bfCu\u00e1les son las soluciones para aliviar a los operadores?<\/h3>\n<p>Los <a href=\"https:\/\/gobio-robot.com\/es\/tme-en-el-trabajo\/\">TME <\/a>(trastornos musculoesquel\u00e9ticos) son las enfermedades profesionales m\u00e1s comunes. Afectan a distintas partes del cuerpo y son muy variados. Entre las partes del cuerpo m\u00e1s afectadas por los TME se encuentran<\/p>\n<ul>\n<li>manos, mu\u00f1ecas y dedos (38%)<\/li>\n<li>hombros (30%)<\/li>\n<li>codos (22%)<\/li>\n<li>zona lumbar (7%)<\/li>\n<li>las rodillas (2%)<\/li>\n<\/ul>\n<p>Para elegir el exoesqueletos industriales o el ergoesqueleto postural que mejor asista al operario y responda a sus necesidades, es esencial centrarse en la parte del cuerpo que debe aliviarse y, por tanto, en el TME que debe tratarse.<br \/>\nAdem\u00e1s, cada puesto de trabajo tiene sus propias limitaciones y cada operario de la empresa tiene sus propias sensaciones. Por lo tanto, es importante conocer las soluciones existentes para poder integrarlas r\u00e1pidamente con las personas a las que hay que aliviar.[\/vc_column_text][\/vc_column][\/vc_row][vc_row][vc_column][vc_row_inner content_placement=\u00bbmiddle\u00bb][vc_column_inner width=\u00bb1\/3&#8243;][vc_single_image image=\u00bb25269&#8243; img_size=\u00bbfull\u00bb onclick=\u00bbcustom_link\u00bb css=\u00bb\u00bb image_hover=\u00bb\u00bb link=\u00bbhttps:\/\/gobio-robot.com\/exosquelettes-industriels\/ip-11-exosquelette-appui-tete\/\u00bb][\/vc_column_inner][vc_column_inner width=\u00bb2\/3&#8243;][vc_column_text]<\/p>\n<h3>IP11 \u2013 EXOESQUELETO REPOSACABEZAS<\/h3>\n<p><span style=\"color: #cd5b1b;\"><strong>Parte del cuerpo afectada: el cuello<\/strong><\/span><\/p>\n<p>El modelo SKELEX IP11 es un reposacabezas ligero y flexible para reducir el dolor muscular en el cuello y los hombros. Permite al operador beneficiarse de un soporte permanente para mantener su cuello para prevenir el riesgo de calambres, asentamiento y cualquier dolor cervical.[\/vc_column_text][vc_btn title=\u00bbLeer m\u00e1s\u00bb style=\u00bbcustom\u00bb custom_background=\u00bb#cd5b1b\u00bb custom_text=\u00bb#ffffff\u00bb align=\u00bbleft\u00bb css=\u00bb\u00bb link=\u00bburl:https%3A%2F%2Fgobio-robot.com%2Fes%2Fexoesqueletos-industriales%2Fip11-exoesqueleto-de-cabeza-modelo-skelex%2F|title:IP11%20exoesqueleto%20de%20cabeaza%20modelo%20SKELEX\u00bb][\/vc_column_inner][\/vc_row_inner][vc_separator][vc_row_inner content_placement=\u00bbmiddle\u00bb][vc_column_inner width=\u00bb1\/3&#8243;][vc_single_image image=\u00bb23810&#8243; img_size=\u00bbfull\u00bb css=\u00bb\u00bb image_hover=\u00bb\u00bb][\/vc_column_inner][vc_column_inner width=\u00bb2\/3&#8243;][vc_column_text]<\/p>\n<h3>IP12 \u2013 EXOESQUELETO INDUSTRIAL PARA ASISTENCIA CON BRAZOS EN ALTURA<\/h3>\n<p><span style=\"color: #cd5b1b;\"><strong>Parte del cuerpo afectada: hombro, trapecio y brazo<\/strong><\/span><\/p>\n<p>El modelo IP12 Skelex es un ergoesqueleto ligero, flexible y compacto dedicado al trabajo con brazos en altura. Se adapta a posturas est\u00e1ticas y posturas m\u00f3viles.\u00a0Ligero y m\u00f3vil, alivia la tensi\u00f3n que se puede sentir en el manguito rotador (hombro), el trapecio y los brazos.[\/vc_column_text][vc_btn title=\u00bbLeer m\u00e1s\u00bb style=\u00bbcustom\u00bb custom_background=\u00bb#cd5b1b\u00bb custom_text=\u00bb#ffffff\u00bb align=\u00bbleft\u00bb link=\u00bburl:https%3A%2F%2Fgobio-robot.com%2Fes%2Fexoesqueletos-industriales%2Fip-12-exoesqueleto-para-apoyo-postural-y-de-brazos-en-altura%2F|title:IP12%20exoesqueleto%20para%20apoyo%20postural%20y%20de%20brazos%20en%20altura\u00bb][\/vc_column_inner][\/vc_row_inner][vc_separator][vc_row_inner content_placement=\u00bbmiddle\u00bb][vc_column_inner width=\u00bb1\/3&#8243;][vc_single_image image=\u00bb22046&#8243; img_size=\u00bbfull\u00bb][\/vc_column_inner][vc_column_inner width=\u00bb2\/3&#8243;][vc_column_text]<\/p>\n<h3>IP13 \u2013 EXOESQUELETO PARA ALIVIO DEL DOLOR LUMBAR<\/h3>\n<p><span style=\"color: #cd5b1b;\"><strong>Parte del cuerpo afectada: la zona lumbar, la espalda<\/strong><\/span><\/p>\n<p>Al reducir la presi\u00f3n ejercida sobre la zona lumbar, el exoesqueleto IP13 limita el impacto de los movimientos repetitivos, las posturas forzadas y el transporte de cargas en la espalda. Activo, garantiza la libertad de movimiento del operador y preserva la actividad muscular al tiempo que garantiza un soporte postural ergon\u00f3mico.[\/vc_column_text][vc_btn title=\u00bbLeer m\u00e1s\u00bb style=\u00bbcustom\u00bb custom_background=\u00bb#cd5b1b\u00bb custom_text=\u00bb#ffffff\u00bb align=\u00bbleft\u00bb link=\u00bburl:https%3A%2F%2Fgobio-robot.com%2Fes%2Fexoesqueletos-industriales%2Fip13-alivio-del-dolor-lumbar%2F|title:IP13%20Alvidio%20del%20dolor%20lumbar\u00bb][\/vc_column_inner][\/vc_row_inner][vc_separator][vc_row_inner content_placement=\u00bbmiddle\u00bb][vc_column_inner width=\u00bb1\/3&#8243;][vc_single_image image=\u00bb21933&#8243; img_size=\u00bbfull\u00bb][\/vc_column_inner][vc_column_inner width=\u00bb2\/3&#8243;][vc_column_text css=\u00bb\u00bb]<\/p>\n<h3>IP14 \u2013 EXOESQUELETO PARA LA POSTURA ALTERNATIVA SENTADO\/DE PIE<\/h3>\n<p><span style=\"color: #cd5b1b;\"><strong>Parte del cuerpo afectada: piernas, rodillas<\/strong><\/span><\/p>\n<p>El ergoesqueleto Chairless Chair\u00ae IP14 es un soporte ergon\u00f3mico port\u00e1til, ligero y flexible para sentarse, inclinarse o alternar las posiciones de sentado y de pie.\u00a0Este exoesqueleto pasivo tambi\u00e9n permite caminar y evita as\u00ed posturas dolorosas como agacharse o ponerse en cuclillas. Finalmente puede transformar una postura inclinada en una postura sentada.[\/vc_column_text][vc_btn title=\u00bbLeer m\u00e1s\u00bb style=\u00bbcustom\u00bb custom_background=\u00bb#cd5b1b\u00bb custom_text=\u00bb#ffffff\u00bb align=\u00bbleft\u00bb link=\u00bburl:https%3A%2F%2Fgobio-robot.com%2Fes%2Fexoesqueletos-industriales%2Fip-14-silla-exoesqueleto-para-postura-de-pie%2F|title:IP14%20exoesqueleto%20para%20postura%20de%20pie\u00bb][\/vc_column_inner][\/vc_row_inner][vc_separator][vc_row_inner content_placement=\u00bbmiddle\u00bb][vc_column_inner width=\u00bb1\/3&#8243;][vc_single_image image=\u00bb21936&#8243; img_size=\u00bbfull\u00bb][\/vc_column_inner][vc_column_inner width=\u00bb2\/3&#8243;][vc_column_text]<\/p>\n<h3>IRONHAND\u00ae \u2013 GUANTE BI\u00d3NICO<\/h3>\n<p><span style=\"color: #cd5b1b;\"><strong>Parte del cuerpo afectada: mano, mu\u00f1eca, dedos<\/strong><\/span><\/p>\n<p>Ironhand\u00ae de BIOSERVO es un guante bi\u00f3nico que se puede utilizar para todos los trabajos en los que la mano est\u00e1 muy estresada. Proporciona al operador asistencia motorizada que le permite reducir o compensar las limitaciones f\u00edsicas asociadas con el manejo.[\/vc_column_text][vc_btn title=\u00bbLeer m\u00e1s\u00bb style=\u00bbcustom\u00bb custom_background=\u00bb#cd5b1b\u00bb custom_text=\u00bb#ffffff\u00bb align=\u00bbleft\u00bb link=\u00bburl:https%3A%2F%2Fgobio-robot.com%2Fes%2Fexoesqueletos-industriales%2Fironhand-guante-bionico%2F|title:Ironhand%C2%AE%20guante%20bionico\u00bb][\/vc_column_inner][\/vc_row_inner][vc_separator][vc_row_inner content_placement=\u00bbmiddle\u00bb][vc_column_inner width=\u00bb1\/3&#8243;][vc_single_image image=\u00bb23025&#8243; img_size=\u00bbfull\u00bb onclick=\u00bbcustom_link\u00bb css=\u00bb\u00bb image_hover=\u00bb\u00bb link=\u00bbhttps:\/\/gobio-robot.com\/exosquelettes-industriels\/ironhand-gant-bionique-de-manutention\/\u00bb][\/vc_column_inner][vc_column_inner width=\u00bb2\/3&#8243;][vc_column_text css=\u00bb\u00bb]<\/p>\n<h3>IP19 &#8211; EXOESQUELETO POSTURAL<\/h3>\n<p><span style=\"color: #cd5b1b;\"><strong>Parte del cuerpo afectada: espalda, rodillas<\/strong><\/span><\/p>\n<p>El IP19 es un <strong>exoesqueleto<\/strong> dise\u00f1ado para preservar la espalda y las rodillas de los operadores. Alivia las zonas m\u00e1s solicitadas durante las posturas forzadas, al tiempo que mejora la postura y la seguridad de los operadores.[\/vc_column_text][vc_btn title=\u00bbLeer m\u00e1s\u00bb style=\u00bbcustom\u00bb custom_background=\u00bb#cd5b1b\u00bb custom_text=\u00bb#ffffff\u00bb align=\u00bbleft\u00bb css=\u00bb\u00bb link=\u00bburl:https%3A%2F%2Fgobio-robot.com%2Fes%2Fexoesqueletos-industriales%2Fip19-ergoesqueleto%2F|title:IP19%20%E2%80%93%20MODELO%20EXOESQUELETO%20SKELEX%20PARA%20ASISTENCIA%20DE%20LOS%20M%C3%9ASCULOS%20DE%20LA%20ESPALDA\u00bb][\/vc_column_inner][\/vc_row_inner][vc_empty_space][\/vc_column][\/vc_row]<\/p>\n<\/div>","protected":false},"excerpt":{"rendered":"<p>[vc_row][vc_column][vc_empty_space height=\u00bb100&#8243;][vc_raw_html css=\u00bb\u00bb]JTVCd3BzZW9fYnJlYWRjcnVtYiU1RA==[\/vc_raw_html][vc_column_text css=\u00bb\u00bb] Nuestras soluciones de exoesqueletos industriales y ergoesqueleto de postura [\/vc_column_text][\/vc_column][\/vc_row][vc_row][vc_column][vc_empty_space][vc_column_text css=\u00bb\u00bb]GOBIO ofrece una amplia gama de exoesqueletos industriales (activos o pasivos) y ergoesquelto de postura para&hellip;<\/p>\n","protected":false},"author":1,"featured_media":24275,"parent":0,"menu_order":0,"comment_status":"closed","ping_status":"closed","template":"page-avec-slider.php","meta":{"_acf_changed":false,"footnotes":""},"class_list":["post-17100","page","type-page","status-publish","has-post-thumbnail","hentry"],"acf":[],"yoast_head":"<title>Exoesqueletos industriales y ergoesqueleto de postura | GOBIO<\/title>\n<meta name=\"description\" content=\"Descubra nuestra gama de exoesqueletos industriales y ergoesqueleto de postura para la asistencia al operario y la reducci\u00f3n de los TME en el trabajo\" \/>\n<meta name=\"robots\" content=\"index, follow, max-snippet:-1, max-image-preview:large, max-video-preview:-1\" \/>\n<link rel=\"canonical\" href=\"https:\/\/gobio-robot.com\/es\/exoesqueletos-industriales\/\" \/>\n<meta property=\"og:locale\" content=\"es_ES\" \/>\n<meta property=\"og:type\" content=\"article\" \/>\n<meta property=\"og:title\" content=\"Exoesqueletos industriales y ergoesqueleto de postura | GOBIO\" \/>\n<meta property=\"og:description\" content=\"Descubra nuestra gama de exoesqueletos industriales y ergoesqueleto de postura para la asistencia al operario y la reducci\u00f3n de los TME en el trabajo\" \/>\n<meta property=\"og:url\" content=\"https:\/\/gobio-robot.com\/es\/exoesqueletos-industriales\/\" \/>\n<meta property=\"og:site_name\" content=\"GOBIO\" \/>\n<meta property=\"article:modified_time\" content=\"2025-11-21T15:05:22+00:00\" \/>\n<meta property=\"og:image\" content=\"https:\/\/gobio-robot.com\/wp-content\/uploads\/sites\/6\/2025\/10\/IP12-exosquelette-assistance-bras-en-hauteur-GOBIO-EUROPE-TECHNOLOGIES-2.png\" \/>\n\t<meta property=\"og:image:width\" content=\"2000\" \/>\n\t<meta property=\"og:image:height\" content=\"800\" \/>\n\t<meta property=\"og:image:type\" content=\"image\/png\" \/>\n<meta name=\"twitter:card\" content=\"summary_large_image\" \/>\n<meta name=\"twitter:label1\" content=\"Tiempo de lectura\" \/>\n\t<meta name=\"twitter:data1\" content=\"4 minutos\" \/>\n<script type=\"application\/ld+json\" class=\"yoast-schema-graph\">{\"@context\":\"https:\\\/\\\/schema.org\",\"@graph\":[{\"@type\":\"WebPage\",\"@id\":\"https:\\\/\\\/gobio-robot.com\\\/es\\\/exoesqueletos-industriales\\\/\",\"url\":\"https:\\\/\\\/gobio-robot.com\\\/es\\\/exoesqueletos-industriales\\\/\",\"name\":\"Exoesqueletos industriales y ergoesqueleto de postura | GOBIO\",\"isPartOf\":{\"@id\":\"https:\\\/\\\/gobio-robot.com\\\/#website\"},\"primaryImageOfPage\":{\"@id\":\"https:\\\/\\\/gobio-robot.com\\\/es\\\/exoesqueletos-industriales\\\/#primaryimage\"},\"image\":{\"@id\":\"https:\\\/\\\/gobio-robot.com\\\/es\\\/exoesqueletos-industriales\\\/#primaryimage\"},\"thumbnailUrl\":\"https:\\\/\\\/gobio-robot.com\\\/wp-content\\\/uploads\\\/sites\\\/6\\\/2025\\\/10\\\/IP12-exosquelette-assistance-bras-en-hauteur-GOBIO-EUROPE-TECHNOLOGIES-2.png\",\"datePublished\":\"2018-07-03T14:32:28+00:00\",\"dateModified\":\"2025-11-21T15:05:22+00:00\",\"description\":\"Descubra nuestra gama de exoesqueletos industriales y ergoesqueleto de postura para la asistencia al operario y la reducci\u00f3n de los TME en el trabajo\",\"breadcrumb\":{\"@id\":\"https:\\\/\\\/gobio-robot.com\\\/es\\\/exoesqueletos-industriales\\\/#breadcrumb\"},\"inLanguage\":\"es\",\"potentialAction\":[{\"@type\":\"ReadAction\",\"target\":[\"https:\\\/\\\/gobio-robot.com\\\/es\\\/exoesqueletos-industriales\\\/\"]}]},{\"@type\":\"ImageObject\",\"inLanguage\":\"es\",\"@id\":\"https:\\\/\\\/gobio-robot.com\\\/es\\\/exoesqueletos-industriales\\\/#primaryimage\",\"url\":\"https:\\\/\\\/gobio-robot.com\\\/wp-content\\\/uploads\\\/sites\\\/6\\\/2025\\\/10\\\/IP12-exosquelette-assistance-bras-en-hauteur-GOBIO-EUROPE-TECHNOLOGIES-2.png\",\"contentUrl\":\"https:\\\/\\\/gobio-robot.com\\\/wp-content\\\/uploads\\\/sites\\\/6\\\/2025\\\/10\\\/IP12-exosquelette-assistance-bras-en-hauteur-GOBIO-EUROPE-TECHNOLOGIES-2.png\",\"width\":2000,\"height\":800},{\"@type\":\"BreadcrumbList\",\"@id\":\"https:\\\/\\\/gobio-robot.com\\\/es\\\/exoesqueletos-industriales\\\/#breadcrumb\",\"itemListElement\":[{\"@type\":\"ListItem\",\"position\":1,\"name\":\"Portada\",\"item\":\"https:\\\/\\\/gobio-robot.com\\\/es\\\/\"},{\"@type\":\"ListItem\",\"position\":2,\"name\":\"Exoesqueletos industriales\"}]},{\"@type\":\"WebSite\",\"@id\":\"https:\\\/\\\/gobio-robot.com\\\/#website\",\"url\":\"https:\\\/\\\/gobio-robot.com\\\/\",\"name\":\"GOBIO\",\"description\":\"\",\"potentialAction\":[{\"@type\":\"SearchAction\",\"target\":{\"@type\":\"EntryPoint\",\"urlTemplate\":\"https:\\\/\\\/gobio-robot.com\\\/?s={search_term_string}\"},\"query-input\":{\"@type\":\"PropertyValueSpecification\",\"valueRequired\":true,\"valueName\":\"search_term_string\"}}],\"inLanguage\":\"es\"}]}<\/script>","yoast_head_json":{"title":"Exoesqueletos industriales y ergoesqueleto de postura | GOBIO","description":"Descubra nuestra gama de exoesqueletos industriales y ergoesqueleto de postura para la asistencia al operario y la reducci\u00f3n de los TME en el trabajo","robots":{"index":"index","follow":"follow","max-snippet":"max-snippet:-1","max-image-preview":"max-image-preview:large","max-video-preview":"max-video-preview:-1"},"canonical":"https:\/\/gobio-robot.com\/es\/exoesqueletos-industriales\/","og_locale":"es_ES","og_type":"article","og_title":"Exoesqueletos industriales y ergoesqueleto de postura | GOBIO","og_description":"Descubra nuestra gama de exoesqueletos industriales y ergoesqueleto de postura para la asistencia al operario y la reducci\u00f3n de los TME en el trabajo","og_url":"https:\/\/gobio-robot.com\/es\/exoesqueletos-industriales\/","og_site_name":"GOBIO","article_modified_time":"2025-11-21T15:05:22+00:00","og_image":[{"width":2000,"height":800,"url":"https:\/\/gobio-robot.com\/wp-content\/uploads\/sites\/6\/2025\/10\/IP12-exosquelette-assistance-bras-en-hauteur-GOBIO-EUROPE-TECHNOLOGIES-2.png","type":"image\/png"}],"twitter_card":"summary_large_image","twitter_misc":{"Tiempo de lectura":"4 minutos"},"schema":{"@context":"https:\/\/schema.org","@graph":[{"@type":"WebPage","@id":"https:\/\/gobio-robot.com\/es\/exoesqueletos-industriales\/","url":"https:\/\/gobio-robot.com\/es\/exoesqueletos-industriales\/","name":"Exoesqueletos industriales y ergoesqueleto de postura | GOBIO","isPartOf":{"@id":"https:\/\/gobio-robot.com\/#website"},"primaryImageOfPage":{"@id":"https:\/\/gobio-robot.com\/es\/exoesqueletos-industriales\/#primaryimage"},"image":{"@id":"https:\/\/gobio-robot.com\/es\/exoesqueletos-industriales\/#primaryimage"},"thumbnailUrl":"https:\/\/gobio-robot.com\/wp-content\/uploads\/sites\/6\/2025\/10\/IP12-exosquelette-assistance-bras-en-hauteur-GOBIO-EUROPE-TECHNOLOGIES-2.png","datePublished":"2018-07-03T14:32:28+00:00","dateModified":"2025-11-21T15:05:22+00:00","description":"Descubra nuestra gama de exoesqueletos industriales y ergoesqueleto de postura para la asistencia al operario y la reducci\u00f3n de los TME en el trabajo","breadcrumb":{"@id":"https:\/\/gobio-robot.com\/es\/exoesqueletos-industriales\/#breadcrumb"},"inLanguage":"es","potentialAction":[{"@type":"ReadAction","target":["https:\/\/gobio-robot.com\/es\/exoesqueletos-industriales\/"]}]},{"@type":"ImageObject","inLanguage":"es","@id":"https:\/\/gobio-robot.com\/es\/exoesqueletos-industriales\/#primaryimage","url":"https:\/\/gobio-robot.com\/wp-content\/uploads\/sites\/6\/2025\/10\/IP12-exosquelette-assistance-bras-en-hauteur-GOBIO-EUROPE-TECHNOLOGIES-2.png","contentUrl":"https:\/\/gobio-robot.com\/wp-content\/uploads\/sites\/6\/2025\/10\/IP12-exosquelette-assistance-bras-en-hauteur-GOBIO-EUROPE-TECHNOLOGIES-2.png","width":2000,"height":800},{"@type":"BreadcrumbList","@id":"https:\/\/gobio-robot.com\/es\/exoesqueletos-industriales\/#breadcrumb","itemListElement":[{"@type":"ListItem","position":1,"name":"Portada","item":"https:\/\/gobio-robot.com\/es\/"},{"@type":"ListItem","position":2,"name":"Exoesqueletos industriales"}]},{"@type":"WebSite","@id":"https:\/\/gobio-robot.com\/#website","url":"https:\/\/gobio-robot.com\/","name":"GOBIO","description":"","potentialAction":[{"@type":"SearchAction","target":{"@type":"EntryPoint","urlTemplate":"https:\/\/gobio-robot.com\/?s={search_term_string}"},"query-input":{"@type":"PropertyValueSpecification","valueRequired":true,"valueName":"search_term_string"}}],"inLanguage":"es"}]}},"_links":{"self":[{"href":"https:\/\/gobio-robot.com\/es\/wp-json\/wp\/v2\/pages\/17100","targetHints":{"allow":["GET"]}}],"collection":[{"href":"https:\/\/gobio-robot.com\/es\/wp-json\/wp\/v2\/pages"}],"about":[{"href":"https:\/\/gobio-robot.com\/es\/wp-json\/wp\/v2\/types\/page"}],"author":[{"embeddable":true,"href":"https:\/\/gobio-robot.com\/es\/wp-json\/wp\/v2\/users\/1"}],"replies":[{"embeddable":true,"href":"https:\/\/gobio-robot.com\/es\/wp-json\/wp\/v2\/comments?post=17100"}],"version-history":[{"count":5,"href":"https:\/\/gobio-robot.com\/es\/wp-json\/wp\/v2\/pages\/17100\/revisions"}],"predecessor-version":[{"id":25276,"href":"https:\/\/gobio-robot.com\/es\/wp-json\/wp\/v2\/pages\/17100\/revisions\/25276"}],"wp:featuredmedia":[{"embeddable":true,"href":"https:\/\/gobio-robot.com\/es\/wp-json\/wp\/v2\/media\/24275"}],"wp:attachment":[{"href":"https:\/\/gobio-robot.com\/es\/wp-json\/wp\/v2\/media?parent=17100"}],"curies":[{"name":"wp","href":"https:\/\/api.w.org\/{rel}","templated":true}]}}