{"id":17119,"date":"2018-07-03T16:20:24","date_gmt":"2018-07-03T14:20:24","guid":{"rendered":"https:\/\/gobio-robot.com\/bras-manipulateur\/"},"modified":"2023-02-02T07:30:49","modified_gmt":"2023-02-02T06:30:49","slug":"gama-md-y-brazo-manipulador-de-gravedad-cero-desembragable","status":"publish","type":"page","link":"https:\/\/gobio-robot.com\/es\/gama-md-y-brazo-manipulador-de-gravedad-cero-desembragable\/","title":{"rendered":"Gama MD y ME &#8211; brazo manipulador de gravedad cero desembragable"},"content":{"rendered":"<div class=\"wpb-content-wrapper\"><p>[vc_row content_placement=\u00bbmiddle\u00bb][vc_column width=\u00bb2\/3&#8243;][vc_column_text]<\/p>\n<h2>Gamme MD &amp; ME \u2013 bras manipulateur z\u00e9ro gravit\u00e9 d\u00e9brayable<\/h2>\n<p>Les bras manipulateurs MD &amp; ME sont bas\u00e9s sur le m\u00eame concept que les bras MP. Ils b\u00e9n\u00e9ficient cependant d\u2019une assistance pneumatique (gamme MD) ou \u00e9lectrique (gamme ME) permettant un embrayage et un d\u00e9brayage de l\u2019assistance.<\/p>\n<p>Le bras est con\u00e7u pour prendre des pi\u00e8ces pouvant peser jusqu\u2019\u00e0 30kg pour les d\u00e9placer les manipuler et les poser. Un pr\u00e9henseur adapt\u00e9 \u00e0 chaque cas d\u2019application permet une prise facile.<\/p>\n<h3>Application<\/h3>\n<p>Les bras z\u00e9ro gravit\u00e9 MD et ME sont multi-usages : la polyvalence de ces bras permettent de les employer dans\u00a0 de nombreuses applications aussi diverses que les ateliers de fabrication, les ateliers m\u00e9caniques, les unit\u00e9s de montage des industries a\u00e9ronautique, pharmaceutique, agro-alimentaire ou logistique, ainsi que dans les travaux publics et les espaces verts.<\/p>\n<p>Si vous vous demandez si le Bras MD ou ME est adapt\u00e9 \u00e0 vos besoins sp\u00e9cifiques, n\u2019h\u00e9sitez pas \u00e0 prendre contact avec nous ou nos partenaires dans votre\u00a0 r\u00e9gion, nous serons heureux de vous aider \u00e0 r\u00e9aliser votre projet et \u00e0 \u00e9laborer votre cahier des charges.[\/vc_column_text][vc_empty_space height=\u00bb45px\u00bb][\/vc_column][vc_column width=\u00bb1\/3&#8243;]<div class=\"ult-content-box-container \" >\t<a class=\"ult-content-box-anchor\" href=\"https:\/\/gobio-robot.com\/contact\/\" title=\"Contactez nous !\" >\t\t<div class=\"ult-content-box\" style=\"background-color:#f2f2f2;box-shadow: px px px px none;padding:25px;-webkit-transition: all 700ms ease;-moz-transition: all 700ms ease;-ms-transition: all 700ms ease;-o-transition: all 700ms ease;transition: all 700ms ease;\"  data-hover_bg_color=\"#f9f9f9\"  data-hover_box_shadow=\"none\"     data-bg=\"#f2f2f2\" >[vc_icon icon_fontawesome=\u00bbfa fa-envelope-o\u00bb color=\u00bbcustom\u00bb background_style=\u00bbrounded-outline\u00bb background_color=\u00bbcustom\u00bb size=\u00bbxl\u00bb align=\u00bbcenter\u00bb custom_color=\u00bb#a21c26&#8243; custom_background_color=\u00bb#a21c26&#8243;][vc_column_text]Pour plus de renseignements sur le bras z\u00e9ro gravit\u00e9 d\u00e9brayable de\u00a0la gamme MD &amp; ME, contactez-nous ![\/vc_column_text]\t\t<\/div>\t<\/a><\/div>[\/vc_column][\/vc_row][vc_row][vc_column][vc_column_text]<\/p>\n<h2 style=\"text-align: center;\">Exemples d&#8217;applications de notre bras z\u00e9ro gravit\u00e9 d\u00e9brayable<\/h2>\n<p>[\/vc_column_text][\/vc_column][\/vc_row][vc_row el_class=\u00bbblock-half-col\u00bb][vc_column][vc_row_inner equal_height=\u00bbyes\u00bb content_placement=\u00bbmiddle\u00bb el_class=\u00bbrange-alternance\u00bb][vc_column_inner width=\u00bb1\/2&#8243;][vc_column_text]<\/p>\n<h3>Bras d\u00e9brayable 30kg pour manipulation de ferrures<\/h3>\n<p>Le bras manipulateur MD51 d\u00e9brayable pneumatiquement permet de venir positionner sans effort cette pi\u00e8ce de 25kg avec une tr\u00e8s grande maniabilit\u00e9 dans toutes les directions.[\/vc_column_text][\/vc_column_inner][vc_column_inner width=\u00bb1\/2&#8243;][vc_single_image image=\u00bb17126&#8243; img_size=\u00bb585&#215;520&#8243; alignment=\u00bbcenter\u00bb][\/vc_column_inner][\/vc_row_inner][vc_row_inner equal_height=\u00bbyes\u00bb content_placement=\u00bbmiddle\u00bb][vc_column_inner width=\u00bb1\/2&#8243;][vc_single_image image=\u00bb17125&#8243; img_size=\u00bb585&#215;520&#8243; alignment=\u00bbcenter\u00bb][\/vc_column_inner][vc_column_inner width=\u00bb1\/2&#8243;][vc_column_text]<\/p>\n<h3>Chargement de machine de conditionnement<\/h3>\n<p>Client agro-alimentaire.<\/p>\n<p>Le bras MD51 \u00e0 d\u00e9brayage pneumatique est ici d\u00e9di\u00e9 \u00e0 l\u2019alimentation en \u00e9tuis d\u2019emballage d\u2019un robot de conditionnement. Le bras est fix\u00e9 sur un table et permet le d\u00e9chargement des \u00e9tuis de leur carton <a href=\"https:\/\/gobio-robot.com\/parcours-dintegration\/tms-et-penibilite\/\">r\u00e9duisant ainsi le risque de TMS<\/a> (Troubles musculo-squelettiques) des membres sup\u00e9rieurs pour les conducteurs de ligne. Le pr\u00e9henseur a \u00e9t\u00e9 d\u00e9velopp\u00e9 sp\u00e9cifiquement pour cette application.[\/vc_column_text][\/vc_column_inner][\/vc_row_inner][\/vc_column][\/vc_row][vc_row][vc_column][vc_empty_space][\/vc_column][\/vc_row]<\/p>\n<\/div>","protected":false},"excerpt":{"rendered":"<p>[vc_row content_placement=\u00bbmiddle\u00bb][vc_column width=\u00bb2\/3&#8243;][vc_column_text] Gamme MD &amp; ME \u2013 bras manipulateur z\u00e9ro gravit\u00e9 d\u00e9brayable Les bras manipulateurs MD &amp; ME sont bas\u00e9s sur le m\u00eame concept que les bras MP. Ils&hellip;<\/p>\n","protected":false},"author":1,"featured_media":17120,"parent":0,"menu_order":0,"comment_status":"closed","ping_status":"closed","template":"","meta":{"_acf_changed":false,"footnotes":""},"class_list":["post-17119","page","type-page","status-publish","has-post-thumbnail","hentry"],"acf":[],"yoast_head":"<title>Bras manipulateur z\u00e9ro gravit\u00e9 d\u00e9brayable - Gamme MD et ME - GOBIO<\/title>\n<meta name=\"description\" content=\"Les bras manipulateur MD et ME b\u00e9n\u00e9ficient d\u2019une assistance pneumatique (MD) ou \u00e9lectrique (ME) permettant un embrayage et un d\u00e9brayage de l\u2019assistance.\" \/>\n<meta name=\"robots\" content=\"index, follow, max-snippet:-1, max-image-preview:large, max-video-preview:-1\" \/>\n<link rel=\"canonical\" href=\"https:\/\/gobio-robot.com\/es\/gama-md-y-brazo-manipulador-de-gravedad-cero-desembragable\/\" \/>\n<meta property=\"og:locale\" content=\"es_ES\" \/>\n<meta property=\"og:type\" content=\"article\" \/>\n<meta property=\"og:title\" content=\"Bras manipulateur z\u00e9ro gravit\u00e9 d\u00e9brayable - Gamme MD et ME - GOBIO\" \/>\n<meta property=\"og:description\" content=\"Les bras manipulateur MD et ME b\u00e9n\u00e9ficient d\u2019une assistance pneumatique (MD) ou \u00e9lectrique (ME) permettant un embrayage et un d\u00e9brayage de l\u2019assistance.\" \/>\n<meta property=\"og:url\" content=\"https:\/\/gobio-robot.com\/es\/gama-md-y-brazo-manipulador-de-gravedad-cero-desembragable\/\" \/>\n<meta property=\"og:site_name\" content=\"GOBIO\" \/>\n<meta property=\"article:modified_time\" content=\"2023-02-02T06:30:49+00:00\" \/>\n<meta property=\"og:image\" content=\"https:\/\/gobio-robot.com\/wp-content\/uploads\/sites\/6\/2019\/01\/DSC5853-rev.jpg\" \/>\n\t<meta property=\"og:image:width\" content=\"2000\" \/>\n\t<meta property=\"og:image:height\" content=\"1328\" \/>\n\t<meta property=\"og:image:type\" content=\"image\/jpeg\" \/>\n<meta name=\"twitter:card\" content=\"summary_large_image\" \/>\n<meta name=\"twitter:label1\" content=\"Tiempo de lectura\" \/>\n\t<meta name=\"twitter:data1\" content=\"3 minutos\" \/>\n<script type=\"application\/ld+json\" class=\"yoast-schema-graph\">{\"@context\":\"https:\\\/\\\/schema.org\",\"@graph\":[{\"@type\":\"WebPage\",\"@id\":\"https:\\\/\\\/gobio-robot.com\\\/es\\\/gama-md-y-brazo-manipulador-de-gravedad-cero-desembragable\\\/\",\"url\":\"https:\\\/\\\/gobio-robot.com\\\/es\\\/gama-md-y-brazo-manipulador-de-gravedad-cero-desembragable\\\/\",\"name\":\"Bras manipulateur z\u00e9ro gravit\u00e9 d\u00e9brayable - Gamme MD et ME - GOBIO\",\"isPartOf\":{\"@id\":\"https:\\\/\\\/gobio-robot.com\\\/#website\"},\"primaryImageOfPage\":{\"@id\":\"https:\\\/\\\/gobio-robot.com\\\/es\\\/gama-md-y-brazo-manipulador-de-gravedad-cero-desembragable\\\/#primaryimage\"},\"image\":{\"@id\":\"https:\\\/\\\/gobio-robot.com\\\/es\\\/gama-md-y-brazo-manipulador-de-gravedad-cero-desembragable\\\/#primaryimage\"},\"thumbnailUrl\":\"https:\\\/\\\/gobio-robot.com\\\/wp-content\\\/uploads\\\/sites\\\/6\\\/2019\\\/01\\\/DSC5853-rev.jpg\",\"datePublished\":\"2018-07-03T14:20:24+00:00\",\"dateModified\":\"2023-02-02T06:30:49+00:00\",\"description\":\"Les bras manipulateur MD et ME b\u00e9n\u00e9ficient d\u2019une assistance pneumatique (MD) ou \u00e9lectrique (ME) permettant un embrayage et un d\u00e9brayage de l\u2019assistance.\",\"breadcrumb\":{\"@id\":\"https:\\\/\\\/gobio-robot.com\\\/es\\\/gama-md-y-brazo-manipulador-de-gravedad-cero-desembragable\\\/#breadcrumb\"},\"inLanguage\":\"es\",\"potentialAction\":[{\"@type\":\"ReadAction\",\"target\":[\"https:\\\/\\\/gobio-robot.com\\\/es\\\/gama-md-y-brazo-manipulador-de-gravedad-cero-desembragable\\\/\"]}]},{\"@type\":\"ImageObject\",\"inLanguage\":\"es\",\"@id\":\"https:\\\/\\\/gobio-robot.com\\\/es\\\/gama-md-y-brazo-manipulador-de-gravedad-cero-desembragable\\\/#primaryimage\",\"url\":\"https:\\\/\\\/gobio-robot.com\\\/wp-content\\\/uploads\\\/sites\\\/6\\\/2019\\\/01\\\/DSC5853-rev.jpg\",\"contentUrl\":\"https:\\\/\\\/gobio-robot.com\\\/wp-content\\\/uploads\\\/sites\\\/6\\\/2019\\\/01\\\/DSC5853-rev.jpg\",\"width\":2000,\"height\":1328,\"caption\":\"Bras manipulateur z\u00e9ro gravit\u00e9 - GOBIO\"},{\"@type\":\"BreadcrumbList\",\"@id\":\"https:\\\/\\\/gobio-robot.com\\\/es\\\/gama-md-y-brazo-manipulador-de-gravedad-cero-desembragable\\\/#breadcrumb\",\"itemListElement\":[{\"@type\":\"ListItem\",\"position\":1,\"name\":\"Portada\",\"item\":\"https:\\\/\\\/gobio-robot.com\\\/es\\\/\"},{\"@type\":\"ListItem\",\"position\":2,\"name\":\"Gama MD y ME &#8211; brazo manipulador de gravedad cero desembragable\"}]},{\"@type\":\"WebSite\",\"@id\":\"https:\\\/\\\/gobio-robot.com\\\/#website\",\"url\":\"https:\\\/\\\/gobio-robot.com\\\/\",\"name\":\"GOBIO\",\"description\":\"\",\"potentialAction\":[{\"@type\":\"SearchAction\",\"target\":{\"@type\":\"EntryPoint\",\"urlTemplate\":\"https:\\\/\\\/gobio-robot.com\\\/?s={search_term_string}\"},\"query-input\":{\"@type\":\"PropertyValueSpecification\",\"valueRequired\":true,\"valueName\":\"search_term_string\"}}],\"inLanguage\":\"es\"}]}<\/script>","yoast_head_json":{"title":"Bras manipulateur z\u00e9ro gravit\u00e9 d\u00e9brayable - Gamme MD et ME - GOBIO","description":"Les bras manipulateur MD et ME b\u00e9n\u00e9ficient d\u2019une assistance pneumatique (MD) ou \u00e9lectrique (ME) permettant un embrayage et un d\u00e9brayage de l\u2019assistance.","robots":{"index":"index","follow":"follow","max-snippet":"max-snippet:-1","max-image-preview":"max-image-preview:large","max-video-preview":"max-video-preview:-1"},"canonical":"https:\/\/gobio-robot.com\/es\/gama-md-y-brazo-manipulador-de-gravedad-cero-desembragable\/","og_locale":"es_ES","og_type":"article","og_title":"Bras manipulateur z\u00e9ro gravit\u00e9 d\u00e9brayable - Gamme MD et ME - GOBIO","og_description":"Les bras manipulateur MD et ME b\u00e9n\u00e9ficient d\u2019une assistance pneumatique (MD) ou \u00e9lectrique (ME) permettant un embrayage et un d\u00e9brayage de l\u2019assistance.","og_url":"https:\/\/gobio-robot.com\/es\/gama-md-y-brazo-manipulador-de-gravedad-cero-desembragable\/","og_site_name":"GOBIO","article_modified_time":"2023-02-02T06:30:49+00:00","og_image":[{"width":2000,"height":1328,"url":"https:\/\/gobio-robot.com\/wp-content\/uploads\/sites\/6\/2019\/01\/DSC5853-rev.jpg","type":"image\/jpeg"}],"twitter_card":"summary_large_image","twitter_misc":{"Tiempo de lectura":"3 minutos"},"schema":{"@context":"https:\/\/schema.org","@graph":[{"@type":"WebPage","@id":"https:\/\/gobio-robot.com\/es\/gama-md-y-brazo-manipulador-de-gravedad-cero-desembragable\/","url":"https:\/\/gobio-robot.com\/es\/gama-md-y-brazo-manipulador-de-gravedad-cero-desembragable\/","name":"Bras manipulateur z\u00e9ro gravit\u00e9 d\u00e9brayable - Gamme MD et ME - GOBIO","isPartOf":{"@id":"https:\/\/gobio-robot.com\/#website"},"primaryImageOfPage":{"@id":"https:\/\/gobio-robot.com\/es\/gama-md-y-brazo-manipulador-de-gravedad-cero-desembragable\/#primaryimage"},"image":{"@id":"https:\/\/gobio-robot.com\/es\/gama-md-y-brazo-manipulador-de-gravedad-cero-desembragable\/#primaryimage"},"thumbnailUrl":"https:\/\/gobio-robot.com\/wp-content\/uploads\/sites\/6\/2019\/01\/DSC5853-rev.jpg","datePublished":"2018-07-03T14:20:24+00:00","dateModified":"2023-02-02T06:30:49+00:00","description":"Les bras manipulateur MD et ME b\u00e9n\u00e9ficient d\u2019une assistance pneumatique (MD) ou \u00e9lectrique (ME) permettant un embrayage et un d\u00e9brayage de l\u2019assistance.","breadcrumb":{"@id":"https:\/\/gobio-robot.com\/es\/gama-md-y-brazo-manipulador-de-gravedad-cero-desembragable\/#breadcrumb"},"inLanguage":"es","potentialAction":[{"@type":"ReadAction","target":["https:\/\/gobio-robot.com\/es\/gama-md-y-brazo-manipulador-de-gravedad-cero-desembragable\/"]}]},{"@type":"ImageObject","inLanguage":"es","@id":"https:\/\/gobio-robot.com\/es\/gama-md-y-brazo-manipulador-de-gravedad-cero-desembragable\/#primaryimage","url":"https:\/\/gobio-robot.com\/wp-content\/uploads\/sites\/6\/2019\/01\/DSC5853-rev.jpg","contentUrl":"https:\/\/gobio-robot.com\/wp-content\/uploads\/sites\/6\/2019\/01\/DSC5853-rev.jpg","width":2000,"height":1328,"caption":"Bras manipulateur z\u00e9ro gravit\u00e9 - GOBIO"},{"@type":"BreadcrumbList","@id":"https:\/\/gobio-robot.com\/es\/gama-md-y-brazo-manipulador-de-gravedad-cero-desembragable\/#breadcrumb","itemListElement":[{"@type":"ListItem","position":1,"name":"Portada","item":"https:\/\/gobio-robot.com\/es\/"},{"@type":"ListItem","position":2,"name":"Gama MD y ME &#8211; brazo manipulador de gravedad cero desembragable"}]},{"@type":"WebSite","@id":"https:\/\/gobio-robot.com\/#website","url":"https:\/\/gobio-robot.com\/","name":"GOBIO","description":"","potentialAction":[{"@type":"SearchAction","target":{"@type":"EntryPoint","urlTemplate":"https:\/\/gobio-robot.com\/?s={search_term_string}"},"query-input":{"@type":"PropertyValueSpecification","valueRequired":true,"valueName":"search_term_string"}}],"inLanguage":"es"}]}},"_links":{"self":[{"href":"https:\/\/gobio-robot.com\/es\/wp-json\/wp\/v2\/pages\/17119","targetHints":{"allow":["GET"]}}],"collection":[{"href":"https:\/\/gobio-robot.com\/es\/wp-json\/wp\/v2\/pages"}],"about":[{"href":"https:\/\/gobio-robot.com\/es\/wp-json\/wp\/v2\/types\/page"}],"author":[{"embeddable":true,"href":"https:\/\/gobio-robot.com\/es\/wp-json\/wp\/v2\/users\/1"}],"replies":[{"embeddable":true,"href":"https:\/\/gobio-robot.com\/es\/wp-json\/wp\/v2\/comments?post=17119"}],"version-history":[{"count":4,"href":"https:\/\/gobio-robot.com\/es\/wp-json\/wp\/v2\/pages\/17119\/revisions"}],"predecessor-version":[{"id":17696,"href":"https:\/\/gobio-robot.com\/es\/wp-json\/wp\/v2\/pages\/17119\/revisions\/17696"}],"wp:featuredmedia":[{"embeddable":true,"href":"https:\/\/gobio-robot.com\/es\/wp-json\/wp\/v2\/media\/17120"}],"wp:attachment":[{"href":"https:\/\/gobio-robot.com\/es\/wp-json\/wp\/v2\/media?parent=17119"}],"curies":[{"name":"wp","href":"https:\/\/api.w.org\/{rel}","templated":true}]}}