{"id":17165,"date":"2018-07-03T16:04:17","date_gmt":"2018-07-03T14:04:17","guid":{"rendered":"https:\/\/gobio-robot.com\/exosquelettes-industriels\/ip-13-exosquelette-dos-et-lombaires\/"},"modified":"2025-12-10T16:23:05","modified_gmt":"2025-12-10T15:23:05","slug":"ip13-exoesqueleto-de-lumbares","status":"publish","type":"page","link":"https:\/\/gobio-robot.com\/es\/exoesqueletos-industriales\/ip13-exoesqueleto-de-lumbares\/","title":{"rendered":"IP13 &#8211; Exoesqueleto de lumbares"},"content":{"rendered":"<div class=\"wpb-content-wrapper\"><p>[vc_row][vc_column][vc_empty_space height=\u00bb100&#8243;][vc_raw_html css=\u00bb\u00bb]JTVCd3BzZW9fYnJlYWRjcnVtYiU1RA==[\/vc_raw_html][vc_column_text css=\u00bb\u00bb]<\/p>\n<h2><span lang=\"ES\"><strong>IP13 |<\/strong>\u00a0<\/span><span lang=\"ES\">JAPET modelo \u2013 Exoesqueleto de lumbares, exoesqueleto de espalda<\/span><\/h2>\n<p>[\/vc_column_text][\/vc_column][\/vc_row][vc_row][vc_column width=\u00bb2\/3&#8243;][vc_column_text]El JAPET modelo IP13 es un <strong>dispositivo de asistencia activo<\/strong>, ligero y adaptable, que alivia la espalda de los operadores en puestos de trabajo con fuertes restricciones lumbares.\u00a0Activo, garantiza <strong>la libertad de movimiento<\/strong> del operador y preserva la actividad muscular al tiempo que <strong>garantiza un soporte postural ergon\u00f3mico<\/strong>.[\/vc_column_text][vc_column_text css=\u00bb\u00bb]<\/p>\n<h3>VENTAJAS PRINCIPALES<\/h3>\n<p>[\/vc_column_text][vc_row_inner gap=\u00bb1&#8243;][vc_column_inner width=\u00bb1\/3&#8243; offset=\u00bbvc_col-xs-4&#8243;][vc_single_image image=\u00bb23013&#8243; img_size=\u00bb120*120&#8243; alignment=\u00bbcenter\u00bb css=\u00bb\u00bb image_hover=\u00bb\u00bb][vc_column_text css=\u00bb\u00bb]<\/p>\n<p style=\"text-align: center;\">F\u00e1cil de usar<\/p>\n<p>[\/vc_column_text][\/vc_column_inner][vc_column_inner width=\u00bb1\/3&#8243; offset=\u00bbvc_col-xs-4&#8243;][vc_single_image image=\u00bb17227&#8243; img_size=\u00bb120*120&#8243; alignment=\u00bbcenter\u00bb css=\u00bb\u00bb image_hover=\u00bb\u00bb][vc_column_text css=\u00bb\u00bb]<\/p>\n<p style=\"text-align: center;\">Ligero<\/p>\n<p>[\/vc_column_text][\/vc_column_inner][vc_column_inner width=\u00bb1\/3&#8243; offset=\u00bbvc_col-xs-4&#8243;][vc_single_image image=\u00bb23017&#8243; img_size=\u00bb120*120&#8243; alignment=\u00bbcenter\u00bb css=\u00bb\u00bb image_hover=\u00bb\u00bb][vc_column_text css=\u00bb\u00bb]<\/p>\n<p style=\"text-align: center;\">Adaptable y flexible<\/p>\n<p>[\/vc_column_text][\/vc_column_inner][\/vc_row_inner][vc_empty_space height=\u00bb64&#8243;][\/vc_column][vc_column width=\u00bb1\/3&#8243;][vc_single_image image=\u00bb25164&#8243; img_size=\u00bb450*550&#8243; alignment=\u00bbcenter\u00bb css=\u00bb\u00bb image_hover=\u00bb\u00bb][\/vc_column][\/vc_row][vc_row equal_height=\u00bbyes\u00bb content_placement=\u00bbmiddle\u00bb][vc_column][vc_row_inner equal_height=\u00bbyes\u00bb content_placement=\u00bbtop\u00bb][vc_column_inner width=\u00bb2\/3&#8243;][vc_column_text]<\/p>\n<h3><span lang=\"ES\">USO<\/span><\/h3>\n<p>El exoesqueleto JAPET modelo IP13 encuentra sus aplicaciones en <strong>todos los oficios con fuertes restricciones lumbares<\/strong> (movimientos repetitivos, posturas inc\u00f3modas o transporte de cargas):<\/p>\n<ul>\n<li>Operadores de las industrias metal\u00fargica, automotriz, aeroespacial, ferroviaria y naval<\/li>\n<li>Acompa\u00f1antes de obra (solador, yesero, jardinero, etc.)<\/li>\n<li>Operadores de l\u00ednea de producci\u00f3n de alimentos.<\/li>\n<li>Operadores de plataformas log\u00edsticas<\/li>\n<li>El resto de los puestos de trabajo que requieran de esfuerzo de la espalda de los operarios (mantenimiento, reparaci\u00f3n, conservaci\u00f3n, espacios verdes, horticultura, viticultura, etc.)<\/li>\n<\/ul>\n<p>El modelo IP13 JAPET tambi\u00e9n se aplica en todos los oficios para promover la retenci\u00f3n en el trabajo o apoyar el regreso al trabajo de los empleados que sufren dolor lumbar.[\/vc_column_text][vc_column_text]<\/p>\n<h3><span lang=\"ES\">USUARIO<\/span><\/h3>\n<p>Adaptable a todos los puestos de trabajo, el exoesqueleto JAPET modelo IP13 promueve el bienestar de los empleados, recupera la confianza en el desempe\u00f1o de las tareas diarias y apunta a una empleabilidad sostenible. As\u00ed el operador permanece en actividad y aporta su valor a\u00f1adido, sin cansancio ni apuros.[\/vc_column_text][\/vc_column_inner][vc_column_inner width=\u00bb1\/3&#8243;]<div class=\"ult-content-box-container \" >\t<a class=\"ult-content-box-anchor\" href=\"https:\/\/gobio-robot.com\/es\/descargas\/\" title=\"Descargue nuestro volante\" >\t\t<div class=\"ult-content-box\" style=\"background-color:rgba(0,157,224,0.15);box-shadow: px px px px none;padding:15px;margin-top:5px;margin-right:15px;margin-bottom:5px;margin-left:15px;-webkit-transition: all 700ms ease;-moz-transition: all 700ms ease;-ms-transition: all 700ms ease;-o-transition: all 700ms ease;transition: all 700ms ease;\"  data-hover_bg_color=\"rgba(205,91,27,0.15)\"  data-hover_box_shadow=\"none\"    data-normal_margins=\"margin-top:5px;margin-right:15px;margin-bottom:5px;margin-left:15px;\"   data-bg=\"rgba(0,157,224,0.15)\" >[vc_single_image image=\u00bb17178&#8243; img_size=\u00bb150*212&#8243; alignment=\u00bbcenter\u00bb][vc_column_text]<\/p>\n<p style=\"text-align: center;\"><strong><span style=\"color: #2f3787;\">Descargue nuestro volante sobre el exoesqueleto de lumbares IP13<\/span><\/strong><\/p>\n<p>[\/vc_column_text][vc_btn title=\u00bbDescargo\u00bb style=\u00bbcustom\u00bb custom_background=\u00bb#cd5b1b\u00bb custom_text=\u00bb#ffffff\u00bb align=\u00bbcenter\u00bb i_icon_fontawesome=\u00bbfas fa-file-download\u00bb css_animation=\u00bbnone\u00bb add_icon=\u00bbtrue\u00bb link=\u00bburl:https%3A%2F%2Fgobio-robot.com%2Fes%2Fdescargas%2F|title:Descargue%20nuestro%20volante\u00bb]\t\t<\/div>\t<\/a><\/div>[vc_empty_space height=\u00bb15px\u00bb][\/vc_column_inner][\/vc_row_inner][\/vc_column][\/vc_row][vc_row][vc_column][vc_column_text]<\/p>\n<p style=\"text-align: center;\"><a href=\"https:\/\/gobio-robot.com\/contact\/\" target=\"_blank\" rel=\"noopener\"><span style=\"color: #cd5b1b;\"> <u> <strong> P\u00f3ngase en contacto con nosotros para realizar su pedido.<\/strong> <\/u> <\/span><\/a><\/p>\n<p>[\/vc_column_text][vc_row_inner][vc_column_inner width=\u00bb1\/3&#8243;][vc_single_image image=\u00bb22012&#8243; img_size=\u00bbfull\u00bb][\/vc_column_inner][vc_column_inner width=\u00bb1\/3&#8243;][vc_single_image image=\u00bb22009&#8243; img_size=\u00bbfull\u00bb][\/vc_column_inner][vc_column_inner width=\u00bb1\/3&#8243;][vc_single_image image=\u00bb22006&#8243; img_size=\u00bbfull\u00bb][\/vc_column_inner][\/vc_row_inner][vc_empty_space height=\u00bb64px\u00bb][vc_column_text]<\/p>\n<h2 style=\"text-align: center;\"><span lang=\"ES\">Ejemplo de aplicaci\u00f3n del exoesqueleto de espalda IP13<\/span><\/h2>\n<p>[\/vc_column_text][vc_empty_space][vc_row_inner content_placement=\u00bbmiddle\u00bb gap=\u00bb35&#8243;][vc_column_inner width=\u00bb1\/2&#8243;][vc_column_text]<\/p>\n<h3><span lang=\"ES\">UNIDAD DE RESTAURACI\u00d3N COLECTIVA DEL CH DE DAX<\/span><\/h3>\n<p>Gracias al exoesqueleto IP13, los operarios del servicio de acogida de la UCR (Unidad de restauraci\u00f3n colectiva) del centro hospitalario de Dax se benefician de una asistencia <strong>para aliviar su espalda y preservar su actividad muscular<\/strong>.<\/p>\n<p>De hecho, est\u00e1n constre\u00f1idos en sus misiones diarias a una fuerte dificultad: restricci\u00f3n de posturas, del lugar y temperatura. El exoesqueleto IP13 <a href=\"https:\/\/www.japet.eu\/\" target=\"_blank\" rel=\"noopener\">JAPET<\/a> les garantiza la libertad de movimiento, al tiempo que asegura un soporte postural ergon\u00f3mico.<\/p>\n<p><em><a href=\"https:\/\/gobio-robot.com\/ip13-soulager-les-operateurs-de-lunite-de-restauration-collective-du-centre-hospitalier-de-dax\/\">Descubra el art\u00edculo completo sobre el tema<\/a><\/em>[\/vc_column_text][\/vc_column_inner][vc_column_inner width=\u00bb1\/2&#8243;][vc_video link=\u00bbhttps:\/\/youtu.be\/WNNMhH1Jixo\u00bb align=\u00bbcenter\u00bb][\/vc_column_inner][\/vc_row_inner][\/vc_column][\/vc_row][vc_row][vc_column][vc_text_separator title=\u00bb\u00bb i_icon_fontawesome=\u00bbfas fa-handshake\u00bb i_color=\u00bbcustom\u00bb i_background_style=\u00bbrounded-outline\u00bb i_background_color=\u00bbcustom\u00bb i_size=\u00bblg\u00bb add_icon=\u00bbtrue\u00bb i_custom_color=\u00bb#2f3787&#8243; i_custom_background_color=\u00bb#2f3787&#8243;][vc_column_text css=\u00bb\u00bb]<\/p>\n<h3 style=\"text-align: center;\">Testimonios de usuarios<\/h3>\n<p>[\/vc_column_text][vc_row_inner][vc_column_inner]<div id=\"ult-carousel-134805384669e62533b0842\" class=\"ult-carousel-wrapper   ult_horizontal\" data-gutter=\"15\" data-rtl=\"false\" ><div class=\"ult-carousel-183901704969e62533b070e \" ><div class=\"ult-item-wrap\" data-animation=\"animated no-animation\"><div class=\"ult-content-box-container \" >\t\t<div class=\"ult-content-box\" style=\"background-color:#FFFFFF;box-shadow: 5px 5px 5px 5px #dbdbdb ;border-style:solid;border-radius:15px;border-color:#ffffff;padding:15px;margin:15px;-webkit-transition: all 700ms ease;-moz-transition: all 700ms ease;-ms-transition: all 700ms ease;-o-transition: all 700ms ease;transition: all 700ms ease;\"  data-hover_bg_color=\"#FFFFFF\"  data-hover_box_shadow=\"none\"  data-hover_border_color=\"#FFFFFF\"    data-normal_margins=\"margin:15px;\"   data-bg=\"#FFFFFF\"  data-border_color=\"#ffffff\" >[vc_column_text css=\u00bb\u00bb]<\/p>\n<div class=\"wpb_text_column wpb_content_element\">\n<div class=\"wpb_wrapper\">\n<p style=\"text-align: center;\">\u00abEl IP13 es muy f\u00e1cil y r\u00e1pido de instalar, un poco de dolor en la espalda, como en la prueba, pero que ha disminuido con el tiempo, no noto ninguna molestia durante el uso (peso y tama\u00f1o). En resumen, estoy completamente satisfecho con el ip13 durante sus 2 primeros usos.\u00bb<\/p>\n<p style=\"text-align: center;\"><span style=\"color: #2f3787;\"><strong>Mickael GOERGE<\/strong> &#8211; DECATHLON<\/span><\/p>\n<\/div>\n<\/div>\n<p>[\/vc_column_text]\t\t<\/div><\/div><\/div><\/div><\/div>\t\t\t<script type=\"text\/javascript\">\n\t\t\t\tjQuery(document).ready(function ($) {\n\t\t\t\t\tif( typeof jQuery('.ult-carousel-183901704969e62533b070e').slick == \"function\"){\n\t\t\t\t\t\t$('.ult-carousel-183901704969e62533b070e').slick({dots: false,autoplay: true,autoplaySpeed: \"5000\",speed: \"300\",infinite: true,arrows: true,nextArrow: '<button type=\"button\" role=\"button\" aria-label=\"Next\" style=\"color:#2F3787; font-size:20px;\" class=\"slick-next default\"><i class=\"ultsl-arrow-right4\"><\/i><\/button>',prevArrow: '<button type=\"button\" role=\"button\" aria-label=\"Previous\" style=\"color:#2F3787; font-size:20px;\" class=\"slick-prev default\"><i class=\"ultsl-arrow-left4\"><\/i><\/button>',slidesToScroll:1,slidesToShow:1,swipe: true,draggable: true,touchMove: true,pauseOnHover: true,pauseOnFocus: false,responsive: [\n\t\t\t\t\t\t\t{\n\t\t\t\t\t\t\t  breakpoint: 1026,\n\t\t\t\t\t\t\t  settings: {\n\t\t\t\t\t\t\t\tslidesToShow: 1,\n\t\t\t\t\t\t\t\tslidesToScroll: 1,  \n\t\t\t\t\t\t\t  }\n\t\t\t\t\t\t\t},\n\t\t\t\t\t\t\t{\n\t\t\t\t\t\t\t  breakpoint: 1025,\n\t\t\t\t\t\t\t  settings: {\n\t\t\t\t\t\t\t\tslidesToShow: 2,\n\t\t\t\t\t\t\t\tslidesToScroll: 2\n\t\t\t\t\t\t\t  }\n\t\t\t\t\t\t\t},\n\t\t\t\t\t\t\t{\n\t\t\t\t\t\t\t  breakpoint: 760,\n\t\t\t\t\t\t\t  settings: {\n\t\t\t\t\t\t\t\tslidesToShow: 2,\n\t\t\t\t\t\t\t\tslidesToScroll: 2\n\t\t\t\t\t\t\t  }\n\t\t\t\t\t\t\t}\n\t\t\t\t\t\t],pauseOnDotsHover: true,customPaging: function(slider, i) {\n                   return '<i type=\"button\" style= \"color:#333333;\" class=\"ultsl-record\" data-role=\"none\"><\/i>';\n                },});\n\t\t\t\t\t}\n\t\t\t\t});\n\t\t\t<\/script>\n\t\t\t[\/vc_column_inner][\/vc_row_inner][\/vc_column][\/vc_row][vc_row][vc_column][vc_empty_space height=\u00bb64px\u00bb][vc_btn title=\u00bbPara saber m\u00e1s sobre las aplicaciones del exoesqueleto IP13 modelo JAPET, descargue nuestro volante espec\u00edfico.\u00bb style=\u00bbcustom\u00bb custom_background=\u00bb#cd5b1b\u00bb custom_text=\u00bb#ffffff\u00bb size=\u00bblg\u00bb align=\u00bbcenter\u00bb i_icon_fontawesome=\u00bbfas fa-download\u00bb css_animation=\u00bbfadeIn\u00bb button_block=\u00bbtrue\u00bb add_icon=\u00bbtrue\u00bb link=\u00bburl:https%3A%2F%2Fgobio-robot.com%2Fes%2Fdescargas%2F|title:Descargue%20nuestro%20volante\u00bb][vc_empty_space height=\u00bb64px\u00bb][\/vc_column][\/vc_row][vc_row][vc_column][vc_column_text css=\u00bb\u00bb]<\/p>\n<h3>Descubra nuestra gama de exoesqueletos GOBIO<\/h3>\n<p>[\/vc_column_text]<div id=\"ult-carousel-146908193869e62533b0a09\" class=\"ult-carousel-wrapper   ult_horizontal\" data-gutter=\"15\" data-rtl=\"false\" ><div class=\"ult-carousel-348166457569e62533b09a2 \" >[vc_single_image image=\u00bb22146&#8243; img_size=\u00bb250*250&#8243; alignment=\u00bbcenter\u00bb style=\u00bbvc_box_circle\u00bb onclick=\u00bbcustom_link\u00bb css=\u00bb.vc_custom_1760628852904{background-color: #FFFFFF !important;}\u00bb image_hover=\u00bb\u00bb link=\u00bbhttps:\/\/gobio-robot.com\/es\/exoesqueletos-industriales\/ip11-exoesqueleto-de-apoyo-para-la-cabeza\/\u00bb title=\u00bbIP11&#8243;][vc_single_image image=\u00bb23828&#8243; img_size=\u00bb250*250&#8243; alignment=\u00bbcenter\u00bb style=\u00bbvc_box_circle\u00bb onclick=\u00bbcustom_link\u00bb css=\u00bb.vc_custom_1760628550939{background-color: #FFFFFF !important;}\u00bb image_hover=\u00bb\u00bb link=\u00bbhttps:\/\/gobio-robot.com\/es\/exoesqueletos-industriales\/ip-12-exoesqueleto-de-manipulacion\/\u00bb title=\u00bbIP12&#8243;][vc_single_image image=\u00bb24133&#8243; img_size=\u00bb250*250&#8243; alignment=\u00bbcenter\u00bb style=\u00bbvc_box_circle\u00bb onclick=\u00bbcustom_link\u00bb css=\u00bb.vc_custom_1760628572050{background-color: #FFFFFF !important;}\u00bb image_hover=\u00bb\u00bb link=\u00bbhttps:\/\/gobio-robot.com\/es\/exoesqueletos-industriales\/ip14-silla-exoesqueleto\/\u00bb title=\u00bbIP14&#8243;][vc_single_image image=\u00bb24137&#8243; img_size=\u00bb250*250&#8243; alignment=\u00bbcenter\u00bb style=\u00bbvc_box_circle\u00bb onclick=\u00bbcustom_link\u00bb css=\u00bb.vc_custom_1760628590624{background-color: #FFFFFF !important;}\u00bb image_hover=\u00bb\u00bb link=\u00bbhttps:\/\/gobio-robot.com\/es\/exoesqueletos-industriales\/ironhand-guante-bionico\/\u00bb title=\u00bbIRONHAND\u00ae\u00bb][vc_single_image image=\u00bb24162&#8243; img_size=\u00bb250*250&#8243; alignment=\u00bbcenter\u00bb style=\u00bbvc_box_circle\u00bb onclick=\u00bbcustom_link\u00bb css=\u00bb.vc_custom_1760628613796{background-color: #FFFFFF !important;}\u00bb image_hover=\u00bb\u00bb link=\u00bbhttps:\/\/gobio-robot.com\/es\/exoesqueletos-industriales\/ip19-ergoesqueleto\/\u00bb title=\u00bbIP19&#8243;]<\/div><\/div>\t\t\t<script type=\"text\/javascript\">\n\t\t\t\tjQuery(document).ready(function ($) {\n\t\t\t\t\tif( typeof jQuery('.ult-carousel-348166457569e62533b09a2').slick == \"function\"){\n\t\t\t\t\t\t$('.ult-carousel-348166457569e62533b09a2').slick({dots: false,autoplay: true,autoplaySpeed: \"3000\",speed: \"300\",infinite: true,arrows: true,nextArrow: '<button type=\"button\" role=\"button\" aria-label=\"Next\" style=\"color:#2F3787; font-size:20px;\" class=\"slick-next default\"><i class=\"ultsl-arrow-right6\"><\/i><\/button>',prevArrow: '<button type=\"button\" role=\"button\" aria-label=\"Previous\" style=\"color:#2F3787; font-size:20px;\" class=\"slick-prev default\"><i class=\"ultsl-arrow-left6\"><\/i><\/button>',slidesToScroll:3,slidesToShow:3,swipe: true,draggable: true,touchMove: true,pauseOnHover: true,pauseOnFocus: false,responsive: [\n\t\t\t\t\t\t\t{\n\t\t\t\t\t\t\t  breakpoint: 1026,\n\t\t\t\t\t\t\t  settings: {\n\t\t\t\t\t\t\t\tslidesToShow: 3,\n\t\t\t\t\t\t\t\tslidesToScroll: 3,  \n\t\t\t\t\t\t\t  }\n\t\t\t\t\t\t\t},\n\t\t\t\t\t\t\t{\n\t\t\t\t\t\t\t  breakpoint: 1025,\n\t\t\t\t\t\t\t  settings: {\n\t\t\t\t\t\t\t\tslidesToShow: 3,\n\t\t\t\t\t\t\t\tslidesToScroll: 3\n\t\t\t\t\t\t\t  }\n\t\t\t\t\t\t\t},\n\t\t\t\t\t\t\t{\n\t\t\t\t\t\t\t  breakpoint: 760,\n\t\t\t\t\t\t\t  settings: {\n\t\t\t\t\t\t\t\tslidesToShow: 2,\n\t\t\t\t\t\t\t\tslidesToScroll: 2\n\t\t\t\t\t\t\t  }\n\t\t\t\t\t\t\t}\n\t\t\t\t\t\t],pauseOnDotsHover: true,customPaging: function(slider, i) {\n                   return '<i type=\"button\" style= \"color:#333333;\" class=\"ultsl-record\" data-role=\"none\"><\/i>';\n                },});\n\t\t\t\t\t}\n\t\t\t\t});\n\t\t\t<\/script>\n\t\t\t[vc_empty_space height=\u00bb100&#8243;][\/vc_column][\/vc_row]<\/p>\n<\/div>","protected":false},"excerpt":{"rendered":"<p>[vc_row][vc_column][vc_empty_space height=\u00bb100&#8243;][vc_raw_html css=\u00bb\u00bb]JTVCd3BzZW9fYnJlYWRjcnVtYiU1RA==[\/vc_raw_html][vc_column_text css=\u00bb\u00bb] IP13 |\u00a0JAPET modelo \u2013 Exoesqueleto de lumbares, exoesqueleto de espalda [\/vc_column_text][\/vc_column][\/vc_row][vc_row][vc_column width=\u00bb2\/3&#8243;][vc_column_text]El JAPET modelo IP13 es un dispositivo de asistencia activo, ligero y adaptable, que alivia&hellip;<\/p>\n","protected":false},"author":1,"featured_media":22046,"parent":17100,"menu_order":0,"comment_status":"closed","ping_status":"closed","template":"page-avec-slider.php","meta":{"_acf_changed":false,"footnotes":""},"class_list":["post-17165","page","type-page","status-publish","has-post-thumbnail","hentry"],"acf":[],"yoast_head":"<title>IP13 - Exoesqueleto de lumbares, exoesqueleto de espalda - GOBIO<\/title>\n<meta name=\"description\" content=\"El exoesqueleto de lumbares JAPET IP13 alivia los dolores de espalda y lumbares. Proporciona alivio al tiempo que garantiza la libertad de movimiento.\" \/>\n<meta name=\"robots\" content=\"index, follow, max-snippet:-1, max-image-preview:large, max-video-preview:-1\" \/>\n<link rel=\"canonical\" href=\"https:\/\/gobio-robot.com\/es\/exoesqueletos-industriales\/ip13-exoesqueleto-de-lumbares\/\" \/>\n<meta property=\"og:locale\" content=\"es_ES\" \/>\n<meta property=\"og:type\" content=\"article\" \/>\n<meta property=\"og:title\" content=\"IP13 - Exoesqueleto de lumbares, exoesqueleto de espalda - GOBIO\" \/>\n<meta property=\"og:description\" content=\"El exoesqueleto de lumbares JAPET IP13 alivia los dolores de espalda y lumbares. Proporciona alivio al tiempo que garantiza la libertad de movimiento.\" \/>\n<meta property=\"og:url\" content=\"https:\/\/gobio-robot.com\/es\/exoesqueletos-industriales\/ip13-exoesqueleto-de-lumbares\/\" \/>\n<meta property=\"og:site_name\" content=\"GOBIO\" \/>\n<meta property=\"article:modified_time\" content=\"2025-12-10T15:23:05+00:00\" \/>\n<meta property=\"og:image\" content=\"https:\/\/gobio-robot.com\/wp-content\/uploads\/sites\/6\/2023\/08\/P1044459-2-scaled.jpg\" \/>\n\t<meta property=\"og:image:width\" content=\"2560\" \/>\n\t<meta property=\"og:image:height\" content=\"1920\" \/>\n\t<meta property=\"og:image:type\" content=\"image\/jpeg\" \/>\n<meta name=\"twitter:card\" content=\"summary_large_image\" \/>\n<meta name=\"twitter:label1\" content=\"Tiempo de lectura\" \/>\n\t<meta name=\"twitter:data1\" content=\"4 minutos\" \/>\n<script type=\"application\/ld+json\" class=\"yoast-schema-graph\">{\"@context\":\"https:\\\/\\\/schema.org\",\"@graph\":[{\"@type\":\"WebPage\",\"@id\":\"https:\\\/\\\/gobio-robot.com\\\/es\\\/exoesqueletos-industriales\\\/ip13-exoesqueleto-de-lumbares\\\/\",\"url\":\"https:\\\/\\\/gobio-robot.com\\\/es\\\/exoesqueletos-industriales\\\/ip13-exoesqueleto-de-lumbares\\\/\",\"name\":\"IP13 - Exoesqueleto de lumbares, exoesqueleto de espalda - GOBIO\",\"isPartOf\":{\"@id\":\"https:\\\/\\\/gobio-robot.com\\\/#website\"},\"primaryImageOfPage\":{\"@id\":\"https:\\\/\\\/gobio-robot.com\\\/es\\\/exoesqueletos-industriales\\\/ip13-exoesqueleto-de-lumbares\\\/#primaryimage\"},\"image\":{\"@id\":\"https:\\\/\\\/gobio-robot.com\\\/es\\\/exoesqueletos-industriales\\\/ip13-exoesqueleto-de-lumbares\\\/#primaryimage\"},\"thumbnailUrl\":\"https:\\\/\\\/gobio-robot.com\\\/wp-content\\\/uploads\\\/sites\\\/6\\\/2023\\\/08\\\/P1044459-2-scaled.jpg\",\"datePublished\":\"2018-07-03T14:04:17+00:00\",\"dateModified\":\"2025-12-10T15:23:05+00:00\",\"description\":\"El exoesqueleto de lumbares JAPET IP13 alivia los dolores de espalda y lumbares. Proporciona alivio al tiempo que garantiza la libertad de movimiento.\",\"breadcrumb\":{\"@id\":\"https:\\\/\\\/gobio-robot.com\\\/es\\\/exoesqueletos-industriales\\\/ip13-exoesqueleto-de-lumbares\\\/#breadcrumb\"},\"inLanguage\":\"es\",\"potentialAction\":[{\"@type\":\"ReadAction\",\"target\":[\"https:\\\/\\\/gobio-robot.com\\\/es\\\/exoesqueletos-industriales\\\/ip13-exoesqueleto-de-lumbares\\\/\"]}]},{\"@type\":\"ImageObject\",\"inLanguage\":\"es\",\"@id\":\"https:\\\/\\\/gobio-robot.com\\\/es\\\/exoesqueletos-industriales\\\/ip13-exoesqueleto-de-lumbares\\\/#primaryimage\",\"url\":\"https:\\\/\\\/gobio-robot.com\\\/wp-content\\\/uploads\\\/sites\\\/6\\\/2023\\\/08\\\/P1044459-2-scaled.jpg\",\"contentUrl\":\"https:\\\/\\\/gobio-robot.com\\\/wp-content\\\/uploads\\\/sites\\\/6\\\/2023\\\/08\\\/P1044459-2-scaled.jpg\",\"width\":2560,\"height\":1920,\"caption\":\"Exoesqueleto lombar GOBIO\"},{\"@type\":\"BreadcrumbList\",\"@id\":\"https:\\\/\\\/gobio-robot.com\\\/es\\\/exoesqueletos-industriales\\\/ip13-exoesqueleto-de-lumbares\\\/#breadcrumb\",\"itemListElement\":[{\"@type\":\"ListItem\",\"position\":1,\"name\":\"Portada\",\"item\":\"https:\\\/\\\/gobio-robot.com\\\/es\\\/\"},{\"@type\":\"ListItem\",\"position\":2,\"name\":\"Exoesqueletos industriales\",\"item\":\"https:\\\/\\\/gobio-robot.com\\\/es\\\/exoesqueletos-industriales\\\/\"},{\"@type\":\"ListItem\",\"position\":3,\"name\":\"IP13 &#8211; Exoesqueleto de lumbares\"}]},{\"@type\":\"WebSite\",\"@id\":\"https:\\\/\\\/gobio-robot.com\\\/#website\",\"url\":\"https:\\\/\\\/gobio-robot.com\\\/\",\"name\":\"GOBIO\",\"description\":\"\",\"potentialAction\":[{\"@type\":\"SearchAction\",\"target\":{\"@type\":\"EntryPoint\",\"urlTemplate\":\"https:\\\/\\\/gobio-robot.com\\\/?s={search_term_string}\"},\"query-input\":{\"@type\":\"PropertyValueSpecification\",\"valueRequired\":true,\"valueName\":\"search_term_string\"}}],\"inLanguage\":\"es\"}]}<\/script>","yoast_head_json":{"title":"IP13 - Exoesqueleto de lumbares, exoesqueleto de espalda - GOBIO","description":"El exoesqueleto de lumbares JAPET IP13 alivia los dolores de espalda y lumbares. Proporciona alivio al tiempo que garantiza la libertad de movimiento.","robots":{"index":"index","follow":"follow","max-snippet":"max-snippet:-1","max-image-preview":"max-image-preview:large","max-video-preview":"max-video-preview:-1"},"canonical":"https:\/\/gobio-robot.com\/es\/exoesqueletos-industriales\/ip13-exoesqueleto-de-lumbares\/","og_locale":"es_ES","og_type":"article","og_title":"IP13 - Exoesqueleto de lumbares, exoesqueleto de espalda - GOBIO","og_description":"El exoesqueleto de lumbares JAPET IP13 alivia los dolores de espalda y lumbares. Proporciona alivio al tiempo que garantiza la libertad de movimiento.","og_url":"https:\/\/gobio-robot.com\/es\/exoesqueletos-industriales\/ip13-exoesqueleto-de-lumbares\/","og_site_name":"GOBIO","article_modified_time":"2025-12-10T15:23:05+00:00","og_image":[{"width":2560,"height":1920,"url":"https:\/\/gobio-robot.com\/wp-content\/uploads\/sites\/6\/2023\/08\/P1044459-2-scaled.jpg","type":"image\/jpeg"}],"twitter_card":"summary_large_image","twitter_misc":{"Tiempo de lectura":"4 minutos"},"schema":{"@context":"https:\/\/schema.org","@graph":[{"@type":"WebPage","@id":"https:\/\/gobio-robot.com\/es\/exoesqueletos-industriales\/ip13-exoesqueleto-de-lumbares\/","url":"https:\/\/gobio-robot.com\/es\/exoesqueletos-industriales\/ip13-exoesqueleto-de-lumbares\/","name":"IP13 - Exoesqueleto de lumbares, exoesqueleto de espalda - GOBIO","isPartOf":{"@id":"https:\/\/gobio-robot.com\/#website"},"primaryImageOfPage":{"@id":"https:\/\/gobio-robot.com\/es\/exoesqueletos-industriales\/ip13-exoesqueleto-de-lumbares\/#primaryimage"},"image":{"@id":"https:\/\/gobio-robot.com\/es\/exoesqueletos-industriales\/ip13-exoesqueleto-de-lumbares\/#primaryimage"},"thumbnailUrl":"https:\/\/gobio-robot.com\/wp-content\/uploads\/sites\/6\/2023\/08\/P1044459-2-scaled.jpg","datePublished":"2018-07-03T14:04:17+00:00","dateModified":"2025-12-10T15:23:05+00:00","description":"El exoesqueleto de lumbares JAPET IP13 alivia los dolores de espalda y lumbares. Proporciona alivio al tiempo que garantiza la libertad de movimiento.","breadcrumb":{"@id":"https:\/\/gobio-robot.com\/es\/exoesqueletos-industriales\/ip13-exoesqueleto-de-lumbares\/#breadcrumb"},"inLanguage":"es","potentialAction":[{"@type":"ReadAction","target":["https:\/\/gobio-robot.com\/es\/exoesqueletos-industriales\/ip13-exoesqueleto-de-lumbares\/"]}]},{"@type":"ImageObject","inLanguage":"es","@id":"https:\/\/gobio-robot.com\/es\/exoesqueletos-industriales\/ip13-exoesqueleto-de-lumbares\/#primaryimage","url":"https:\/\/gobio-robot.com\/wp-content\/uploads\/sites\/6\/2023\/08\/P1044459-2-scaled.jpg","contentUrl":"https:\/\/gobio-robot.com\/wp-content\/uploads\/sites\/6\/2023\/08\/P1044459-2-scaled.jpg","width":2560,"height":1920,"caption":"Exoesqueleto lombar GOBIO"},{"@type":"BreadcrumbList","@id":"https:\/\/gobio-robot.com\/es\/exoesqueletos-industriales\/ip13-exoesqueleto-de-lumbares\/#breadcrumb","itemListElement":[{"@type":"ListItem","position":1,"name":"Portada","item":"https:\/\/gobio-robot.com\/es\/"},{"@type":"ListItem","position":2,"name":"Exoesqueletos industriales","item":"https:\/\/gobio-robot.com\/es\/exoesqueletos-industriales\/"},{"@type":"ListItem","position":3,"name":"IP13 &#8211; Exoesqueleto de lumbares"}]},{"@type":"WebSite","@id":"https:\/\/gobio-robot.com\/#website","url":"https:\/\/gobio-robot.com\/","name":"GOBIO","description":"","potentialAction":[{"@type":"SearchAction","target":{"@type":"EntryPoint","urlTemplate":"https:\/\/gobio-robot.com\/?s={search_term_string}"},"query-input":{"@type":"PropertyValueSpecification","valueRequired":true,"valueName":"search_term_string"}}],"inLanguage":"es"}]}},"_links":{"self":[{"href":"https:\/\/gobio-robot.com\/es\/wp-json\/wp\/v2\/pages\/17165","targetHints":{"allow":["GET"]}}],"collection":[{"href":"https:\/\/gobio-robot.com\/es\/wp-json\/wp\/v2\/pages"}],"about":[{"href":"https:\/\/gobio-robot.com\/es\/wp-json\/wp\/v2\/types\/page"}],"author":[{"embeddable":true,"href":"https:\/\/gobio-robot.com\/es\/wp-json\/wp\/v2\/users\/1"}],"replies":[{"embeddable":true,"href":"https:\/\/gobio-robot.com\/es\/wp-json\/wp\/v2\/comments?post=17165"}],"version-history":[{"count":5,"href":"https:\/\/gobio-robot.com\/es\/wp-json\/wp\/v2\/pages\/17165\/revisions"}],"predecessor-version":[{"id":25191,"href":"https:\/\/gobio-robot.com\/es\/wp-json\/wp\/v2\/pages\/17165\/revisions\/25191"}],"up":[{"embeddable":true,"href":"https:\/\/gobio-robot.com\/es\/wp-json\/wp\/v2\/pages\/17100"}],"wp:featuredmedia":[{"embeddable":true,"href":"https:\/\/gobio-robot.com\/es\/wp-json\/wp\/v2\/media\/22046"}],"wp:attachment":[{"href":"https:\/\/gobio-robot.com\/es\/wp-json\/wp\/v2\/media?parent=17165"}],"curies":[{"name":"wp","href":"https:\/\/api.w.org\/{rel}","templated":true}]}}