{"id":17234,"date":"2018-07-03T15:15:33","date_gmt":"2018-07-03T13:15:33","guid":{"rendered":"https:\/\/gobio-robot.com\/parcours-dappropriation\/"},"modified":"2023-03-20T17:44:17","modified_gmt":"2023-03-20T16:44:17","slug":"ruta-de-la-aceptabilidad","status":"publish","type":"page","link":"https:\/\/gobio-robot.com\/es\/periodo-de-prueba\/ruta-de-la-aceptabilidad\/","title":{"rendered":"Ruta de la aceptabilidad"},"content":{"rendered":"<div class=\"wpb-content-wrapper\"><p>[vc_row][vc_column][vc_column_text]<\/p>\n<h2><span lang=\"ES\">Viaje de aceptabilidad<\/span><\/h2>\n<p>Al utilizar los datos de su formulario \u00abDiagn\u00f3stico usted mismo\u00bb <a href=\"https:\/\/gobio-robot.com\/es\/via-de-integracion\/diagnostico-de-la-arduidad\/\">(Fases 1 y 2)<\/a>, podemos recibirlo y presentarle, durante nuestros Talleres regulares, nuestras soluciones con pruebas y escenarios. Por \u00faltimo, tambi\u00e9n le proporcionamos su formaci\u00f3n espec\u00edfica, seguimiento de satisfacci\u00f3n de apropiaci\u00f3n por parte de los operarios.[\/vc_column_text][vc_empty_space][\/vc_column][\/vc_row][vc_row content_placement=\u00bbmiddle\u00bb][vc_column width=\u00bb1\/4&#8243;][vc_single_image image=\u00bb17261&#8243; add_caption=\u00bbyes\u00bb alignment=\u00bbcenter\u00bb image_hover=\u00bb\u00bb][\/vc_column][vc_column width=\u00bb3\/4&#8243;][vc_column_text]<\/p>\n<h3><span lang=\"ES\">Fase 3 \u2013 Taller<\/span><\/h3>\n<ul>\n<li>Presentaci\u00f3n y prueba de nuestras soluciones<\/li>\n<li>Evaluaci\u00f3n de su utilidad seg\u00fan las especificidades de sus actividades y su entorno.<\/li>\n<li>Aproximaci\u00f3n sobre usabilidad, aceptabilidad y apropiaci\u00f3n a la integraci\u00f3n de exoesqueletos en su estructura.<\/li>\n<li>Desarrollo de un plan de acci\u00f3n (tomadores de decisiones y operadores).<\/li>\n<\/ul>\n<p>[\/vc_column_text][\/vc_column][\/vc_row][vc_row][vc_column][vc_empty_space][\/vc_column][\/vc_row][vc_row content_placement=\u00bbmiddle\u00bb][vc_column width=\u00bb1\/4&#8243;][vc_single_image image=\u00bb17259&#8243; add_caption=\u00bbyes\u00bb alignment=\u00bbcenter\u00bb image_hover=\u00bb\u00bb][\/vc_column][vc_column width=\u00bb3\/4&#8243;][vc_column_text]<\/p>\n<h3><span lang=\"ES\">Fase 4 \u2013 Uso<\/span><\/h3>\n<ul>\n<li>Capacitaci\u00f3n de los usuarios en el uso y mantenimiento de los equipos.<\/li>\n<li>Respuesta a problemas de aceptabilidad del operador.<\/li>\n<li>Seguimiento de la satisfacci\u00f3n y apropiaci\u00f3n de materiales por parte de los operarios.<\/li>\n<\/ul>\n<p>[\/vc_column_text][\/vc_column][\/vc_row][vc_row][vc_column][vc_empty_space height=\u00bb50px\u00bb][\/vc_column][\/vc_row]<\/p>\n<\/div>","protected":false},"excerpt":{"rendered":"<p>[vc_row][vc_column][vc_column_text] Viaje de aceptabilidad Al utilizar los datos de su formulario \u00abDiagn\u00f3stico usted mismo\u00bb (Fases 1 y 2), podemos recibirlo y presentarle, durante nuestros Talleres regulares, nuestras soluciones con pruebas&hellip;<\/p>\n","protected":false},"author":1,"featured_media":18035,"parent":17277,"menu_order":0,"comment_status":"closed","ping_status":"closed","template":"","meta":{"_acf_changed":false,"footnotes":""},"class_list":["post-17234","page","type-page","status-publish","has-post-thumbnail","hentry"],"acf":[],"yoast_head":"<title>Ruta de la aceptabilidad - GOBIO<\/title>\n<meta name=\"robots\" content=\"index, follow, max-snippet:-1, max-image-preview:large, max-video-preview:-1\" \/>\n<link rel=\"canonical\" href=\"https:\/\/gobio-robot.com\/es\/periodo-de-prueba\/ruta-de-la-aceptabilidad\/\" \/>\n<meta property=\"og:locale\" content=\"es_ES\" \/>\n<meta property=\"og:type\" content=\"article\" \/>\n<meta property=\"og:title\" content=\"Ruta de la aceptabilidad - GOBIO\" \/>\n<meta property=\"og:description\" content=\"[vc_row][vc_column][vc_column_text] Viaje de aceptabilidad Al utilizar los datos de su formulario \u00abDiagn\u00f3stico usted mismo\u00bb (Fases 1 y 2), podemos recibirlo y presentarle, durante nuestros Talleres regulares, nuestras soluciones con pruebas&hellip;\" \/>\n<meta property=\"og:url\" content=\"https:\/\/gobio-robot.com\/es\/periodo-de-prueba\/ruta-de-la-aceptabilidad\/\" \/>\n<meta property=\"og:site_name\" content=\"GOBIO\" \/>\n<meta property=\"article:modified_time\" content=\"2023-03-20T16:44:17+00:00\" \/>\n<meta property=\"og:image\" content=\"https:\/\/gobio-robot.com\/wp-content\/uploads\/sites\/6\/2023\/02\/Diagnostic-de-penibilite-GOBIO.png\" \/>\n\t<meta property=\"og:image:width\" content=\"2000\" \/>\n\t<meta property=\"og:image:height\" content=\"800\" \/>\n\t<meta property=\"og:image:type\" content=\"image\/png\" \/>\n<meta name=\"twitter:card\" content=\"summary_large_image\" \/>\n<meta name=\"twitter:label1\" content=\"Tiempo de lectura\" \/>\n\t<meta name=\"twitter:data1\" content=\"1 minuto\" \/>\n<script type=\"application\/ld+json\" class=\"yoast-schema-graph\">{\"@context\":\"https:\\\/\\\/schema.org\",\"@graph\":[{\"@type\":\"WebPage\",\"@id\":\"https:\\\/\\\/gobio-robot.com\\\/es\\\/periodo-de-prueba\\\/ruta-de-la-aceptabilidad\\\/\",\"url\":\"https:\\\/\\\/gobio-robot.com\\\/es\\\/periodo-de-prueba\\\/ruta-de-la-aceptabilidad\\\/\",\"name\":\"Ruta de la aceptabilidad - GOBIO\",\"isPartOf\":{\"@id\":\"https:\\\/\\\/gobio-robot.com\\\/#website\"},\"primaryImageOfPage\":{\"@id\":\"https:\\\/\\\/gobio-robot.com\\\/es\\\/periodo-de-prueba\\\/ruta-de-la-aceptabilidad\\\/#primaryimage\"},\"image\":{\"@id\":\"https:\\\/\\\/gobio-robot.com\\\/es\\\/periodo-de-prueba\\\/ruta-de-la-aceptabilidad\\\/#primaryimage\"},\"thumbnailUrl\":\"https:\\\/\\\/gobio-robot.com\\\/wp-content\\\/uploads\\\/sites\\\/6\\\/2023\\\/02\\\/Diagnostic-de-penibilite-GOBIO.png\",\"datePublished\":\"2018-07-03T13:15:33+00:00\",\"dateModified\":\"2023-03-20T16:44:17+00:00\",\"breadcrumb\":{\"@id\":\"https:\\\/\\\/gobio-robot.com\\\/es\\\/periodo-de-prueba\\\/ruta-de-la-aceptabilidad\\\/#breadcrumb\"},\"inLanguage\":\"es\",\"potentialAction\":[{\"@type\":\"ReadAction\",\"target\":[\"https:\\\/\\\/gobio-robot.com\\\/es\\\/periodo-de-prueba\\\/ruta-de-la-aceptabilidad\\\/\"]}]},{\"@type\":\"ImageObject\",\"inLanguage\":\"es\",\"@id\":\"https:\\\/\\\/gobio-robot.com\\\/es\\\/periodo-de-prueba\\\/ruta-de-la-aceptabilidad\\\/#primaryimage\",\"url\":\"https:\\\/\\\/gobio-robot.com\\\/wp-content\\\/uploads\\\/sites\\\/6\\\/2023\\\/02\\\/Diagnostic-de-penibilite-GOBIO.png\",\"contentUrl\":\"https:\\\/\\\/gobio-robot.com\\\/wp-content\\\/uploads\\\/sites\\\/6\\\/2023\\\/02\\\/Diagnostic-de-penibilite-GOBIO.png\",\"width\":2000,\"height\":800,\"caption\":\"TME en el trabajo - Penosidad en el trabajo - GOBIO\"},{\"@type\":\"BreadcrumbList\",\"@id\":\"https:\\\/\\\/gobio-robot.com\\\/es\\\/periodo-de-prueba\\\/ruta-de-la-aceptabilidad\\\/#breadcrumb\",\"itemListElement\":[{\"@type\":\"ListItem\",\"position\":1,\"name\":\"Portada\",\"item\":\"https:\\\/\\\/gobio-robot.com\\\/es\\\/\"},{\"@type\":\"ListItem\",\"position\":2,\"name\":\"Periodo de prueba\",\"item\":\"https:\\\/\\\/gobio-robot.com\\\/es\\\/periodo-de-prueba\\\/\"},{\"@type\":\"ListItem\",\"position\":3,\"name\":\"Ruta de la aceptabilidad\"}]},{\"@type\":\"WebSite\",\"@id\":\"https:\\\/\\\/gobio-robot.com\\\/#website\",\"url\":\"https:\\\/\\\/gobio-robot.com\\\/\",\"name\":\"GOBIO\",\"description\":\"\",\"potentialAction\":[{\"@type\":\"SearchAction\",\"target\":{\"@type\":\"EntryPoint\",\"urlTemplate\":\"https:\\\/\\\/gobio-robot.com\\\/?s={search_term_string}\"},\"query-input\":{\"@type\":\"PropertyValueSpecification\",\"valueRequired\":true,\"valueName\":\"search_term_string\"}}],\"inLanguage\":\"es\"}]}<\/script>","yoast_head_json":{"title":"Ruta de la aceptabilidad - GOBIO","robots":{"index":"index","follow":"follow","max-snippet":"max-snippet:-1","max-image-preview":"max-image-preview:large","max-video-preview":"max-video-preview:-1"},"canonical":"https:\/\/gobio-robot.com\/es\/periodo-de-prueba\/ruta-de-la-aceptabilidad\/","og_locale":"es_ES","og_type":"article","og_title":"Ruta de la aceptabilidad - GOBIO","og_description":"[vc_row][vc_column][vc_column_text] Viaje de aceptabilidad Al utilizar los datos de su formulario \u00abDiagn\u00f3stico usted mismo\u00bb (Fases 1 y 2), podemos recibirlo y presentarle, durante nuestros Talleres regulares, nuestras soluciones con pruebas&hellip;","og_url":"https:\/\/gobio-robot.com\/es\/periodo-de-prueba\/ruta-de-la-aceptabilidad\/","og_site_name":"GOBIO","article_modified_time":"2023-03-20T16:44:17+00:00","og_image":[{"width":2000,"height":800,"url":"https:\/\/gobio-robot.com\/wp-content\/uploads\/sites\/6\/2023\/02\/Diagnostic-de-penibilite-GOBIO.png","type":"image\/png"}],"twitter_card":"summary_large_image","twitter_misc":{"Tiempo de lectura":"1 minuto"},"schema":{"@context":"https:\/\/schema.org","@graph":[{"@type":"WebPage","@id":"https:\/\/gobio-robot.com\/es\/periodo-de-prueba\/ruta-de-la-aceptabilidad\/","url":"https:\/\/gobio-robot.com\/es\/periodo-de-prueba\/ruta-de-la-aceptabilidad\/","name":"Ruta de la aceptabilidad - GOBIO","isPartOf":{"@id":"https:\/\/gobio-robot.com\/#website"},"primaryImageOfPage":{"@id":"https:\/\/gobio-robot.com\/es\/periodo-de-prueba\/ruta-de-la-aceptabilidad\/#primaryimage"},"image":{"@id":"https:\/\/gobio-robot.com\/es\/periodo-de-prueba\/ruta-de-la-aceptabilidad\/#primaryimage"},"thumbnailUrl":"https:\/\/gobio-robot.com\/wp-content\/uploads\/sites\/6\/2023\/02\/Diagnostic-de-penibilite-GOBIO.png","datePublished":"2018-07-03T13:15:33+00:00","dateModified":"2023-03-20T16:44:17+00:00","breadcrumb":{"@id":"https:\/\/gobio-robot.com\/es\/periodo-de-prueba\/ruta-de-la-aceptabilidad\/#breadcrumb"},"inLanguage":"es","potentialAction":[{"@type":"ReadAction","target":["https:\/\/gobio-robot.com\/es\/periodo-de-prueba\/ruta-de-la-aceptabilidad\/"]}]},{"@type":"ImageObject","inLanguage":"es","@id":"https:\/\/gobio-robot.com\/es\/periodo-de-prueba\/ruta-de-la-aceptabilidad\/#primaryimage","url":"https:\/\/gobio-robot.com\/wp-content\/uploads\/sites\/6\/2023\/02\/Diagnostic-de-penibilite-GOBIO.png","contentUrl":"https:\/\/gobio-robot.com\/wp-content\/uploads\/sites\/6\/2023\/02\/Diagnostic-de-penibilite-GOBIO.png","width":2000,"height":800,"caption":"TME en el trabajo - Penosidad en el trabajo - GOBIO"},{"@type":"BreadcrumbList","@id":"https:\/\/gobio-robot.com\/es\/periodo-de-prueba\/ruta-de-la-aceptabilidad\/#breadcrumb","itemListElement":[{"@type":"ListItem","position":1,"name":"Portada","item":"https:\/\/gobio-robot.com\/es\/"},{"@type":"ListItem","position":2,"name":"Periodo de prueba","item":"https:\/\/gobio-robot.com\/es\/periodo-de-prueba\/"},{"@type":"ListItem","position":3,"name":"Ruta de la aceptabilidad"}]},{"@type":"WebSite","@id":"https:\/\/gobio-robot.com\/#website","url":"https:\/\/gobio-robot.com\/","name":"GOBIO","description":"","potentialAction":[{"@type":"SearchAction","target":{"@type":"EntryPoint","urlTemplate":"https:\/\/gobio-robot.com\/?s={search_term_string}"},"query-input":{"@type":"PropertyValueSpecification","valueRequired":true,"valueName":"search_term_string"}}],"inLanguage":"es"}]}},"_links":{"self":[{"href":"https:\/\/gobio-robot.com\/es\/wp-json\/wp\/v2\/pages\/17234","targetHints":{"allow":["GET"]}}],"collection":[{"href":"https:\/\/gobio-robot.com\/es\/wp-json\/wp\/v2\/pages"}],"about":[{"href":"https:\/\/gobio-robot.com\/es\/wp-json\/wp\/v2\/types\/page"}],"author":[{"embeddable":true,"href":"https:\/\/gobio-robot.com\/es\/wp-json\/wp\/v2\/users\/1"}],"replies":[{"embeddable":true,"href":"https:\/\/gobio-robot.com\/es\/wp-json\/wp\/v2\/comments?post=17234"}],"version-history":[{"count":5,"href":"https:\/\/gobio-robot.com\/es\/wp-json\/wp\/v2\/pages\/17234\/revisions"}],"predecessor-version":[{"id":18033,"href":"https:\/\/gobio-robot.com\/es\/wp-json\/wp\/v2\/pages\/17234\/revisions\/18033"}],"up":[{"embeddable":true,"href":"https:\/\/gobio-robot.com\/es\/wp-json\/wp\/v2\/pages\/17277"}],"wp:featuredmedia":[{"embeddable":true,"href":"https:\/\/gobio-robot.com\/es\/wp-json\/wp\/v2\/media\/18035"}],"wp:attachment":[{"href":"https:\/\/gobio-robot.com\/es\/wp-json\/wp\/v2\/media?parent=17234"}],"curies":[{"name":"wp","href":"https:\/\/api.w.org\/{rel}","templated":true}]}}