{"id":17252,"date":"2018-07-03T15:13:08","date_gmt":"2018-07-03T13:13:08","guid":{"rendered":"https:\/\/gobio-robot.com\/tms-et-penibilite\/"},"modified":"2025-11-17T17:54:44","modified_gmt":"2025-11-17T16:54:44","slug":"tme-en-el-trabajo","status":"publish","type":"page","link":"https:\/\/gobio-robot.com\/es\/tme-en-el-trabajo\/","title":{"rendered":"TME y fatiga"},"content":{"rendered":"<div class=\"wpb-content-wrapper\"><p>[vc_row][vc_column][vc_empty_space height=\u00bb100&#8243;][vc_raw_html css=\u00bb\u00bb]JTVCd3BzZW9fYnJlYWRjcnVtYiU1RA==[\/vc_raw_html][vc_column_text]<\/p>\n<h2><span lang=\"ES\">TME en el trabajo &#8211; Penosidad en el trabajo<\/span><\/h2>\n<p>[\/vc_column_text][\/vc_column][\/vc_row][vc_row content_placement=\u00bbmiddle\u00bb][vc_column width=\u00bb2\/3&#8243;][vc_column_text]<\/p>\n<h3><span lang=\"ES\">TRASTORNOS MUSCULOESQUEL\u00c9TICOS<\/span><\/h3>\n<p>Los trastornos musculoesquel\u00e9ticos (TME) de los miembros superiores e inferiores son <strong>trastornos del sistema musculoesquel\u00e9tico<\/strong> en los que la actividad profesional puede desempe\u00f1ar un papel en la generaci\u00f3n, mantenimiento o agravamiento. Los <strong>TME afectan principalmente a los m\u00fasculos, tendones y nervios, es decir<\/strong>, a los tejidos blandos.<\/p>\n<p>Las partes del cuerpo afectadas son principalmente el <strong>cuello, los hombros y las mu\u00f1ecas<\/strong>. Los TME de las extremidades inferiores son m\u00e1s raros y afectan principalmente a la <strong>rodilla<\/strong>, estas son <strong>enfermedades que afectan las articulaciones, los m\u00fasculos y los tendones<\/strong>. Pueden manifestarse como <strong>dolor<\/strong>, pero tambi\u00e9n como <strong>rigidez<\/strong>, <strong>torpeza<\/strong> o<strong> p\u00e9rdida de fuerza<\/strong>. Cualquiera que sea su ubicaci\u00f3n, los TME pueden volverse irreversibles y provocar una discapacidad duradera. Para que estas enfermedades no se vuelvan cr\u00f3nicas, <strong>deben ser diagnosticadas y atendidas r\u00e1pidamente.<\/strong><\/p>\n<p>Los TME son, con diferencia, las <strong>enfermedades profesionales reconocidas m\u00e1s comunes<\/strong>. En general, los TME est\u00e1n vinculados al <strong>puesto de trabajo y su entorno, a la organizaci\u00f3n del trabajo, al clima social<\/strong> de la empresa.<\/p>\n<p>Los TME son caros para la empresa. De hecho, conducen a la desorganizaci\u00f3n dentro de la empresa, pueden ser la causa de una ca\u00edda en el rendimiento de la empresa (reducci\u00f3n de la productividad, calidad, etc.) y tienen un impacto importante en t\u00e9rminos de ausentismo y rotaci\u00f3n. <strong>Se pueden implementar soluciones preventivas<\/strong>.\u00a0Ciertos factores de riesgo de TME est\u00e1n preocupados por las obligaciones reglamentarias relacionadas con la ardua naturaleza del trabajo.<\/p>\n<p>Para responder a todos estos problemas, GOBIO ha analizado diferentes tipos de trabajos, en las diferentes partes del cuerpo que est\u00e1n estresadas y da\u00f1adas.\u00a0Por ello, nuestro equipo ha decidido dar <strong>respuesta a estas inquietudes del d\u00eda a d\u00eda de los empleados ofreciendo<\/strong> <a href=\"https:\/\/gobio-robot.com\/es\/exoesqueletos-industriales\/\">soluciones de exoesqueletos y ergoesqueleto.<\/a> Estas soluciones no solo <strong>reducen el riesgo de TME<\/strong>, sino que tambi\u00e9n m<span style=\"color: #009de0;\"><strong>ejoran la calidad de vida en el trabajo de los empleados, as\u00ed como la calidad de los productos<\/strong><\/span>.[\/vc_column_text][\/vc_column][vc_column width=\u00bb1\/3&#8243;][vc_single_image image=\u00bb17270&#8243; img_size=\u00bbmedium\u00bb alignment=\u00bbcenter\u00bb style=\u00bbvc_box_rounded\u00bb][vc_single_image image=\u00bb17269&#8243; img_size=\u00bbmedium\u00bb alignment=\u00bbcenter\u00bb][vc_single_image image=\u00bb17268&#8243; img_size=\u00bbmedium\u00bb alignment=\u00bbcenter\u00bb][\/vc_column][\/vc_row][vc_row][vc_column][vc_column_text]<\/p>\n<h3><span lang=\"ES\">DIFICULTADES<\/span><\/h3>\n<p><strong>Los principios fundamentales:<\/strong><\/p>\n<p>Las dificultades en el trabajo se definen como la <strong>exposici\u00f3n a uno o m\u00e1s factores de riesgo ocupacional que pueden dejar huellas duraderas, identificables e irreversibles en la salud<\/strong>.<\/p>\n<p>Estos factores est\u00e1n vinculados a marcadas <strong>limitaciones f\u00edsicas,<\/strong> un<strong> entorno f\u00edsico agresivo<\/strong> o determinados <strong>ritmos de trabajo<\/strong>. La exposici\u00f3n a estos factores se eval\u00faa teniendo en cuenta las medidas de protecci\u00f3n colectiva e individual implantadas en la empresa.<\/p>\n<p>En 2011 se definieron e incluyeron <strong>10 factores en el c\u00f3digo laboral<\/strong>. La ley de 20 de enero de 2014 para garantizar el futuro y la justicia del sistema de pensiones prev\u00e9 la <strong>creaci\u00f3n de una cuenta de prevenci\u00f3n de dificultades,<\/strong> cuya implementaci\u00f3n es gradual: 4 factores de riesgo entraron en vigor en 2015, los otros 6 en 2016.<\/p>\n<p><span style=\"color: #009de0;\"><strong>Los 10 factores de riesgo son:<\/strong><\/span><\/p>\n<ol>\n<li>Manipulaci\u00f3n manual de cargas;<\/li>\n<li>Posturas dolorosas o posiciones forzadas de las articulaciones;<\/li>\n<li>Vibraciones mec\u00e1nicas;<\/li>\n<li>Actividades realizadas en ambiente hiperb\u00e1rico (alta presi\u00f3n) \u2013 vigente en 2015;<\/li>\n<li>Agentes qu\u00edmicos peligrosos, incluyendo polvo y humos;<\/li>\n<li>Temperaturas extremas;<\/li>\n<li>Ruido;<\/li>\n<li>Trabajo nocturno \u2013 vigente en 2015;<\/li>\n<li>Trabajo en equipos alternos sucesivos \u2013 vigente en 2015;<\/li>\n<li>Trabajo repetitivo \u2013 vigente en 2015.<\/li>\n<\/ol>\n<p>[\/vc_column_text][\/vc_column][\/vc_row][vc_row][vc_column][vc_empty_space][vc_row_inner content_placement=\u00bbmiddle\u00bb][vc_column_inner width=\u00bb1\/4&#8243;][vc_column_text]<strong>Descubra a continuaci\u00f3n varios recursos del INRS:<\/strong>[\/vc_column_text][\/vc_column_inner][vc_column_inner width=\u00bb1\/4&#8243;]<div class=\"ult-content-box-container \" >\t<a class=\"ult-content-box-anchor\" href=\"https:\/\/gobio-robot.com\/wp-content\/uploads\/sites\/6\/2019\/02\/Acquisition-et-int\u00e9gration-dun-exosquelette-en-entreprise-INRS.pdf\" title=\"Exosquelettes au travail impact sur la sant\u00e9 et la securit\u00e9 des operateurs - INRS\" target=\"_blank\" rel=\"noopener\" >\t\t<div class=\"ult-content-box\" style=\"background-color:#f2f2f2;box-shadow: px px px px none;padding:25px;min-height:272px;-webkit-transition: all 700ms ease;-moz-transition: all 700ms ease;-ms-transition: all 700ms ease;-o-transition: all 700ms ease;transition: all 700ms ease;\"  data-hover_bg_color=\"#f9f9f9\"  data-hover_box_shadow=\"none\"     data-bg=\"#f2f2f2\" >[vc_icon icon_fontawesome=\u00bbfas fa-file-alt\u00bb color=\u00bbcustom\u00bb background_style=\u00bbrounded-outline\u00bb background_color=\u00bbcustom\u00bb size=\u00bblg\u00bb align=\u00bbcenter\u00bb custom_color=\u00bb#cd5b1b\u00bb custom_background_color=\u00bb#cd5b1b\u00bb][vc_column_text]El exoesqueleto en el trabajo, impacto en la salud y seguridad de los operarios[\/vc_column_text]\t\t<\/div>\t<\/a><\/div>[\/vc_column_inner][vc_column_inner width=\u00bb1\/4&#8243;]<div class=\"ult-content-box-container \" >\t<a class=\"ult-content-box-anchor\" href=\"https:\/\/gobio-robot.com\/wp-content\/uploads\/sites\/6\/2019\/02\/Exosquelettes-au-travail-impact-sur-la-sant\u00e9-et-la-securit\u00e9-des-operateurs-INRS.pdf\" title=\"Acquisition et int\u00e9gration d&#039;un exosquelette en entreprise - INRS\" target=\"_blank\" rel=\"noopener\" >\t\t<div class=\"ult-content-box\" style=\"background-color:#f2f2f2;box-shadow: px px px px none;padding:25px;min-height:272px;-webkit-transition: all 700ms ease;-moz-transition: all 700ms ease;-ms-transition: all 700ms ease;-o-transition: all 700ms ease;transition: all 700ms ease;\"  data-hover_bg_color=\"#f9f9f9\"  data-hover_box_shadow=\"none\"     data-bg=\"#f2f2f2\" >[vc_icon icon_fontawesome=\u00bbfas fa-file-alt\u00bb color=\u00bbcustom\u00bb background_style=\u00bbrounded-outline\u00bb background_color=\u00bbcustom\u00bb size=\u00bblg\u00bb align=\u00bbcenter\u00bb custom_color=\u00bb#cd5b1b\u00bb custom_background_color=\u00bb#cd5b1b\u00bb][vc_column_text]La adquisici\u00f3n e integraci\u00f3n de un exoesqueleto en la empresa[\/vc_column_text]\t\t<\/div>\t<\/a><\/div>[\/vc_column_inner][vc_column_inner width=\u00bb1\/4&#8243;]<div class=\"ult-content-box-container \" >\t<a class=\"ult-content-box-anchor\" href=\"https:\/\/gobio-robot.com\/wp-content\/uploads\/sites\/6\/2019\/02\/Exosquelettes-sant\u00e9-et-s\u00e9curit\u00e9-au-travail-INRS.pdf\" title=\"Exosquelettes, sant\u00e9 et s\u00e9curit\u00e9 au travail - INRS\" target=\"_blank\" rel=\"noopener\" >\t\t<div class=\"ult-content-box\" style=\"background-color:#f2f2f2;box-shadow: px px px px none;padding:25px;min-height:272px;-webkit-transition: all 700ms ease;-moz-transition: all 700ms ease;-ms-transition: all 700ms ease;-o-transition: all 700ms ease;transition: all 700ms ease;\"  data-hover_bg_color=\"#f9f9f9\"  data-hover_box_shadow=\"none\"     data-bg=\"#f2f2f2\" >[vc_icon icon_fontawesome=\u00bbfas fa-file-alt\u00bb color=\u00bbcustom\u00bb background_style=\u00bbrounded-outline\u00bb background_color=\u00bbcustom\u00bb size=\u00bblg\u00bb align=\u00bbcenter\u00bb custom_color=\u00bb#cd5b1b\u00bb custom_background_color=\u00bb#cd5b1b\u00bb][vc_column_text]El exoesqueleto, salud y seguridad en el trabajo[\/vc_column_text]\t\t<\/div>\t<\/a><\/div>[\/vc_column_inner][\/vc_row_inner][\/vc_column][\/vc_row][vc_row][vc_column][vc_empty_space height=\u00bb50px\u00bb][\/vc_column][\/vc_row]<\/p>\n<\/div>","protected":false},"excerpt":{"rendered":"<p>[vc_row][vc_column][vc_empty_space height=\u00bb100&#8243;][vc_raw_html css=\u00bb\u00bb]JTVCd3BzZW9fYnJlYWRjcnVtYiU1RA==[\/vc_raw_html][vc_column_text] TME en el trabajo &#8211; Penosidad en el trabajo [\/vc_column_text][\/vc_column][\/vc_row][vc_row content_placement=\u00bbmiddle\u00bb][vc_column width=\u00bb2\/3&#8243;][vc_column_text] TRASTORNOS MUSCULOESQUEL\u00c9TICOS Los trastornos musculoesquel\u00e9ticos (TME) de los miembros superiores e inferiores son trastornos del&hellip;<\/p>\n","protected":false},"author":1,"featured_media":23475,"parent":0,"menu_order":0,"comment_status":"closed","ping_status":"closed","template":"page-avec-slider.php","meta":{"_acf_changed":false,"footnotes":""},"class_list":["post-17252","page","type-page","status-publish","has-post-thumbnail","hentry"],"acf":[],"yoast_head":"<title>TME y fatiga - GOBIO<\/title>\n<meta name=\"description\" content=\"GOBIO responde a los problemas de TME en el trabajo y penosidad en el trabajo ofreciendo soluciones de exoesqueletos y ergoesqueletos.\" \/>\n<meta name=\"robots\" content=\"index, follow, max-snippet:-1, max-image-preview:large, max-video-preview:-1\" \/>\n<link rel=\"canonical\" href=\"https:\/\/gobio-robot.com\/es\/tme-en-el-trabajo\/\" \/>\n<meta property=\"og:locale\" content=\"es_ES\" \/>\n<meta property=\"og:type\" content=\"article\" \/>\n<meta property=\"og:title\" content=\"TME y fatiga - GOBIO\" \/>\n<meta property=\"og:description\" content=\"GOBIO responde a los problemas de TME en el trabajo y penosidad en el trabajo ofreciendo soluciones de exoesqueletos y ergoesqueletos.\" \/>\n<meta property=\"og:url\" content=\"https:\/\/gobio-robot.com\/es\/tme-en-el-trabajo\/\" \/>\n<meta property=\"og:site_name\" content=\"GOBIO\" \/>\n<meta property=\"article:modified_time\" content=\"2025-11-17T16:54:44+00:00\" \/>\n<meta property=\"og:image\" content=\"https:\/\/gobio-robot.com\/wp-content\/uploads\/sites\/6\/2025\/06\/slider-parcours.jpg\" \/>\n\t<meta property=\"og:image:width\" content=\"2000\" \/>\n\t<meta property=\"og:image:height\" content=\"800\" \/>\n\t<meta property=\"og:image:type\" content=\"image\/jpeg\" \/>\n<meta name=\"twitter:card\" content=\"summary_large_image\" \/>\n<meta name=\"twitter:label1\" content=\"Tiempo de lectura\" \/>\n\t<meta name=\"twitter:data1\" content=\"5 minutos\" \/>\n<script type=\"application\/ld+json\" class=\"yoast-schema-graph\">{\"@context\":\"https:\\\/\\\/schema.org\",\"@graph\":[{\"@type\":\"WebPage\",\"@id\":\"https:\\\/\\\/gobio-robot.com\\\/es\\\/tme-en-el-trabajo\\\/\",\"url\":\"https:\\\/\\\/gobio-robot.com\\\/es\\\/tme-en-el-trabajo\\\/\",\"name\":\"TME y fatiga - GOBIO\",\"isPartOf\":{\"@id\":\"https:\\\/\\\/gobio-robot.com\\\/#website\"},\"primaryImageOfPage\":{\"@id\":\"https:\\\/\\\/gobio-robot.com\\\/es\\\/tme-en-el-trabajo\\\/#primaryimage\"},\"image\":{\"@id\":\"https:\\\/\\\/gobio-robot.com\\\/es\\\/tme-en-el-trabajo\\\/#primaryimage\"},\"thumbnailUrl\":\"https:\\\/\\\/gobio-robot.com\\\/wp-content\\\/uploads\\\/sites\\\/6\\\/2025\\\/06\\\/slider-parcours.jpg\",\"datePublished\":\"2018-07-03T13:13:08+00:00\",\"dateModified\":\"2025-11-17T16:54:44+00:00\",\"description\":\"GOBIO responde a los problemas de TME en el trabajo y penosidad en el trabajo ofreciendo soluciones de exoesqueletos y ergoesqueletos.\",\"breadcrumb\":{\"@id\":\"https:\\\/\\\/gobio-robot.com\\\/es\\\/tme-en-el-trabajo\\\/#breadcrumb\"},\"inLanguage\":\"es\",\"potentialAction\":[{\"@type\":\"ReadAction\",\"target\":[\"https:\\\/\\\/gobio-robot.com\\\/es\\\/tme-en-el-trabajo\\\/\"]}]},{\"@type\":\"ImageObject\",\"inLanguage\":\"es\",\"@id\":\"https:\\\/\\\/gobio-robot.com\\\/es\\\/tme-en-el-trabajo\\\/#primaryimage\",\"url\":\"https:\\\/\\\/gobio-robot.com\\\/wp-content\\\/uploads\\\/sites\\\/6\\\/2025\\\/06\\\/slider-parcours.jpg\",\"contentUrl\":\"https:\\\/\\\/gobio-robot.com\\\/wp-content\\\/uploads\\\/sites\\\/6\\\/2025\\\/06\\\/slider-parcours.jpg\",\"width\":2000,\"height\":800,\"caption\":\"Parcours d'int\u00e9gration | GOBIO\"},{\"@type\":\"BreadcrumbList\",\"@id\":\"https:\\\/\\\/gobio-robot.com\\\/es\\\/tme-en-el-trabajo\\\/#breadcrumb\",\"itemListElement\":[{\"@type\":\"ListItem\",\"position\":1,\"name\":\"Portada\",\"item\":\"https:\\\/\\\/gobio-robot.com\\\/es\\\/\"},{\"@type\":\"ListItem\",\"position\":2,\"name\":\"TME y fatiga\"}]},{\"@type\":\"WebSite\",\"@id\":\"https:\\\/\\\/gobio-robot.com\\\/#website\",\"url\":\"https:\\\/\\\/gobio-robot.com\\\/\",\"name\":\"GOBIO\",\"description\":\"\",\"potentialAction\":[{\"@type\":\"SearchAction\",\"target\":{\"@type\":\"EntryPoint\",\"urlTemplate\":\"https:\\\/\\\/gobio-robot.com\\\/?s={search_term_string}\"},\"query-input\":{\"@type\":\"PropertyValueSpecification\",\"valueRequired\":true,\"valueName\":\"search_term_string\"}}],\"inLanguage\":\"es\"}]}<\/script>","yoast_head_json":{"title":"TME y fatiga - GOBIO","description":"GOBIO responde a los problemas de TME en el trabajo y penosidad en el trabajo ofreciendo soluciones de exoesqueletos y ergoesqueletos.","robots":{"index":"index","follow":"follow","max-snippet":"max-snippet:-1","max-image-preview":"max-image-preview:large","max-video-preview":"max-video-preview:-1"},"canonical":"https:\/\/gobio-robot.com\/es\/tme-en-el-trabajo\/","og_locale":"es_ES","og_type":"article","og_title":"TME y fatiga - GOBIO","og_description":"GOBIO responde a los problemas de TME en el trabajo y penosidad en el trabajo ofreciendo soluciones de exoesqueletos y ergoesqueletos.","og_url":"https:\/\/gobio-robot.com\/es\/tme-en-el-trabajo\/","og_site_name":"GOBIO","article_modified_time":"2025-11-17T16:54:44+00:00","og_image":[{"width":2000,"height":800,"url":"https:\/\/gobio-robot.com\/wp-content\/uploads\/sites\/6\/2025\/06\/slider-parcours.jpg","type":"image\/jpeg"}],"twitter_card":"summary_large_image","twitter_misc":{"Tiempo de lectura":"5 minutos"},"schema":{"@context":"https:\/\/schema.org","@graph":[{"@type":"WebPage","@id":"https:\/\/gobio-robot.com\/es\/tme-en-el-trabajo\/","url":"https:\/\/gobio-robot.com\/es\/tme-en-el-trabajo\/","name":"TME y fatiga - GOBIO","isPartOf":{"@id":"https:\/\/gobio-robot.com\/#website"},"primaryImageOfPage":{"@id":"https:\/\/gobio-robot.com\/es\/tme-en-el-trabajo\/#primaryimage"},"image":{"@id":"https:\/\/gobio-robot.com\/es\/tme-en-el-trabajo\/#primaryimage"},"thumbnailUrl":"https:\/\/gobio-robot.com\/wp-content\/uploads\/sites\/6\/2025\/06\/slider-parcours.jpg","datePublished":"2018-07-03T13:13:08+00:00","dateModified":"2025-11-17T16:54:44+00:00","description":"GOBIO responde a los problemas de TME en el trabajo y penosidad en el trabajo ofreciendo soluciones de exoesqueletos y ergoesqueletos.","breadcrumb":{"@id":"https:\/\/gobio-robot.com\/es\/tme-en-el-trabajo\/#breadcrumb"},"inLanguage":"es","potentialAction":[{"@type":"ReadAction","target":["https:\/\/gobio-robot.com\/es\/tme-en-el-trabajo\/"]}]},{"@type":"ImageObject","inLanguage":"es","@id":"https:\/\/gobio-robot.com\/es\/tme-en-el-trabajo\/#primaryimage","url":"https:\/\/gobio-robot.com\/wp-content\/uploads\/sites\/6\/2025\/06\/slider-parcours.jpg","contentUrl":"https:\/\/gobio-robot.com\/wp-content\/uploads\/sites\/6\/2025\/06\/slider-parcours.jpg","width":2000,"height":800,"caption":"Parcours d'int\u00e9gration | GOBIO"},{"@type":"BreadcrumbList","@id":"https:\/\/gobio-robot.com\/es\/tme-en-el-trabajo\/#breadcrumb","itemListElement":[{"@type":"ListItem","position":1,"name":"Portada","item":"https:\/\/gobio-robot.com\/es\/"},{"@type":"ListItem","position":2,"name":"TME y fatiga"}]},{"@type":"WebSite","@id":"https:\/\/gobio-robot.com\/#website","url":"https:\/\/gobio-robot.com\/","name":"GOBIO","description":"","potentialAction":[{"@type":"SearchAction","target":{"@type":"EntryPoint","urlTemplate":"https:\/\/gobio-robot.com\/?s={search_term_string}"},"query-input":{"@type":"PropertyValueSpecification","valueRequired":true,"valueName":"search_term_string"}}],"inLanguage":"es"}]}},"_links":{"self":[{"href":"https:\/\/gobio-robot.com\/es\/wp-json\/wp\/v2\/pages\/17252","targetHints":{"allow":["GET"]}}],"collection":[{"href":"https:\/\/gobio-robot.com\/es\/wp-json\/wp\/v2\/pages"}],"about":[{"href":"https:\/\/gobio-robot.com\/es\/wp-json\/wp\/v2\/types\/page"}],"author":[{"embeddable":true,"href":"https:\/\/gobio-robot.com\/es\/wp-json\/wp\/v2\/users\/1"}],"replies":[{"embeddable":true,"href":"https:\/\/gobio-robot.com\/es\/wp-json\/wp\/v2\/comments?post=17252"}],"version-history":[{"count":5,"href":"https:\/\/gobio-robot.com\/es\/wp-json\/wp\/v2\/pages\/17252\/revisions"}],"predecessor-version":[{"id":25204,"href":"https:\/\/gobio-robot.com\/es\/wp-json\/wp\/v2\/pages\/17252\/revisions\/25204"}],"wp:featuredmedia":[{"embeddable":true,"href":"https:\/\/gobio-robot.com\/es\/wp-json\/wp\/v2\/media\/23475"}],"wp:attachment":[{"href":"https:\/\/gobio-robot.com\/es\/wp-json\/wp\/v2\/media?parent=17252"}],"curies":[{"name":"wp","href":"https:\/\/api.w.org\/{rel}","templated":true}]}}