{"id":17277,"date":"2018-07-03T15:11:42","date_gmt":"2018-07-03T13:11:42","guid":{"rendered":"https:\/\/gobio-robot.com\/parcours-dintegration\/"},"modified":"2023-08-29T15:40:16","modified_gmt":"2023-08-29T13:40:16","slug":"periodo-de-prueba","status":"publish","type":"page","link":"https:\/\/gobio-robot.com\/es\/periodo-de-prueba\/","title":{"rendered":"Periodo de prueba"},"content":{"rendered":"<div class=\"wpb-content-wrapper\"><p>[vc_row][vc_column][vc_column_text]<\/p>\n<h2>Periodo de prueba<\/h2>\n<p>[\/vc_column_text][vc_row_inner equal_height=\u00bbyes\u00bb content_placement=\u00bbmiddle\u00bb][vc_column_inner width=\u00bb2\/3&#8243;][vc_column_text]<\/p>\n<h3>TME Y DIFICULTAD<\/h3>\n<p>Los trastornos musculoesquel\u00e9ticos (TME) son trastornos del sistema musculoesquel\u00e9tico en los que la actividad profesional puede desempe\u00f1ar un papel en la generaci\u00f3n, mantenimiento o agravamiento.<\/p>\n<p>Las dificultades en el trabajo se definen como la exposici\u00f3n a uno o m\u00e1s factores de riesgo ocupacional que pueden dejar huellas duraderas, identificables e irreversibles en la salud.\u00a0Obtenga m\u00e1s informaci\u00f3n sobre los TME y las dificultades en el trabajo.[\/vc_column_text][\/vc_column_inner][vc_column_inner width=\u00bb1\/3&#8243;][vc_btn title=\u00bbLeer m\u00e1s\u00bb style=\u00bbcustom\u00bb custom_background=\u00bb#cd5b1b\u00bb custom_text=\u00bb#ffffff\u00bb align=\u00bbcenter\u00bb link=\u00bburl:https%3A%2F%2Fgobio-robot.com%2Fes%2Fperiodo-de-prueba%2Ftme-y-fatiga%2F|title:TME%20y%20fatiga\u00bb][\/vc_column_inner][\/vc_row_inner][vc_separator][vc_row_inner content_placement=\u00bbmiddle\u00bb][vc_column_inner width=\u00bb2\/3&#8243;][vc_column_text]<\/p>\n<h3>DIAGN\u00d3STICO DE DIFICULTAD<\/h3>\n<p>Para todos los profesionales preocupados por mejorar las condiciones laborales de sus empleados, ofrecemos soluciones como respuesta a la exposici\u00f3n a trastornos musculoesquel\u00e9ticos (TME).<\/p>\n<p>Realice nuestro diagn\u00f3stico de dificultades en l\u00ednea. Nos permitir\u00e1 ofrecerle una soluci\u00f3n adaptada a la problem\u00e1tica de su actividad. Tambi\u00e9n es un requisito previo para asistir a uno de nuestros muchos talleres organizados en toda Francia.[\/vc_column_text][\/vc_column_inner][vc_column_inner width=\u00bb1\/3&#8243;][vc_btn title=\u00bbLeer m\u00e1s\u00bb style=\u00bbcustom\u00bb custom_background=\u00bb#cd5b1b\u00bb custom_text=\u00bb#ffffff\u00bb align=\u00bbcenter\u00bb link=\u00bburl:https%3A%2F%2Fgobio-robot.com%2Fes%2Fperiodo-de-prueba%2Fdiagnostico-de-la-arduidad%2F|title:Diagnostico%20de%20la%20arduidad\u00bb][\/vc_column_inner][\/vc_row_inner][vc_empty_space][\/vc_column][\/vc_row]<\/p>\n<\/div>","protected":false},"excerpt":{"rendered":"<p>[vc_row][vc_column][vc_column_text] Periodo de prueba [\/vc_column_text][vc_row_inner equal_height=\u00bbyes\u00bb content_placement=\u00bbmiddle\u00bb][vc_column_inner width=\u00bb2\/3&#8243;][vc_column_text] TME Y DIFICULTAD Los trastornos musculoesquel\u00e9ticos (TME) son trastornos del sistema musculoesquel\u00e9tico en los que la actividad profesional puede desempe\u00f1ar un papel&hellip;<\/p>\n","protected":false},"author":1,"featured_media":23475,"parent":0,"menu_order":0,"comment_status":"closed","ping_status":"closed","template":"","meta":{"_acf_changed":false,"footnotes":""},"class_list":["post-17277","page","type-page","status-publish","has-post-thumbnail","hentry"],"acf":[],"yoast_head":"<title>Periodo de prueba - GOBIO<\/title>\n<meta name=\"robots\" content=\"index, follow, max-snippet:-1, max-image-preview:large, max-video-preview:-1\" \/>\n<link rel=\"canonical\" href=\"https:\/\/gobio-robot.com\/es\/periodo-de-prueba\/\" \/>\n<meta property=\"og:locale\" content=\"es_ES\" \/>\n<meta property=\"og:type\" content=\"article\" \/>\n<meta property=\"og:title\" content=\"Periodo de prueba - GOBIO\" \/>\n<meta property=\"og:description\" content=\"[vc_row][vc_column][vc_column_text] Periodo de prueba [\/vc_column_text][vc_row_inner equal_height=\u00bbyes\u00bb content_placement=\u00bbmiddle\u00bb][vc_column_inner width=\u00bb2\/3&#8243;][vc_column_text] TME Y DIFICULTAD Los trastornos musculoesquel\u00e9ticos (TME) son trastornos del sistema musculoesquel\u00e9tico en los que la actividad profesional puede desempe\u00f1ar un papel&hellip;\" \/>\n<meta property=\"og:url\" content=\"https:\/\/gobio-robot.com\/es\/periodo-de-prueba\/\" \/>\n<meta property=\"og:site_name\" content=\"GOBIO\" \/>\n<meta property=\"article:modified_time\" content=\"2023-08-29T13:40:16+00:00\" \/>\n<meta property=\"og:image\" content=\"https:\/\/gobio-robot.com\/wp-content\/uploads\/sites\/6\/2023\/02\/Diagnostic-de-penibilite-GOBIO.png\" \/>\n\t<meta property=\"og:image:width\" content=\"2000\" \/>\n\t<meta property=\"og:image:height\" content=\"800\" \/>\n\t<meta property=\"og:image:type\" content=\"image\/png\" \/>\n<meta name=\"twitter:card\" content=\"summary_large_image\" \/>\n<meta name=\"twitter:label1\" content=\"Tiempo de lectura\" \/>\n\t<meta name=\"twitter:data1\" content=\"1 minuto\" \/>\n<script type=\"application\/ld+json\" class=\"yoast-schema-graph\">{\"@context\":\"https:\\\/\\\/schema.org\",\"@graph\":[{\"@type\":\"WebPage\",\"@id\":\"https:\\\/\\\/gobio-robot.com\\\/es\\\/periodo-de-prueba\\\/\",\"url\":\"https:\\\/\\\/gobio-robot.com\\\/es\\\/periodo-de-prueba\\\/\",\"name\":\"Periodo de prueba - GOBIO\",\"isPartOf\":{\"@id\":\"https:\\\/\\\/gobio-robot.com\\\/#website\"},\"primaryImageOfPage\":{\"@id\":\"https:\\\/\\\/gobio-robot.com\\\/es\\\/periodo-de-prueba\\\/#primaryimage\"},\"image\":{\"@id\":\"https:\\\/\\\/gobio-robot.com\\\/es\\\/periodo-de-prueba\\\/#primaryimage\"},\"thumbnailUrl\":\"https:\\\/\\\/gobio-robot.com\\\/wp-content\\\/uploads\\\/sites\\\/6\\\/2025\\\/06\\\/slider-parcours.jpg\",\"datePublished\":\"2018-07-03T13:11:42+00:00\",\"dateModified\":\"2023-08-29T13:40:16+00:00\",\"breadcrumb\":{\"@id\":\"https:\\\/\\\/gobio-robot.com\\\/es\\\/periodo-de-prueba\\\/#breadcrumb\"},\"inLanguage\":\"es\",\"potentialAction\":[{\"@type\":\"ReadAction\",\"target\":[\"https:\\\/\\\/gobio-robot.com\\\/es\\\/periodo-de-prueba\\\/\"]}]},{\"@type\":\"ImageObject\",\"inLanguage\":\"es\",\"@id\":\"https:\\\/\\\/gobio-robot.com\\\/es\\\/periodo-de-prueba\\\/#primaryimage\",\"url\":\"https:\\\/\\\/gobio-robot.com\\\/wp-content\\\/uploads\\\/sites\\\/6\\\/2025\\\/06\\\/slider-parcours.jpg\",\"contentUrl\":\"https:\\\/\\\/gobio-robot.com\\\/wp-content\\\/uploads\\\/sites\\\/6\\\/2025\\\/06\\\/slider-parcours.jpg\",\"width\":2000,\"height\":800,\"caption\":\"Parcours d'int\u00e9gration | GOBIO\"},{\"@type\":\"BreadcrumbList\",\"@id\":\"https:\\\/\\\/gobio-robot.com\\\/es\\\/periodo-de-prueba\\\/#breadcrumb\",\"itemListElement\":[{\"@type\":\"ListItem\",\"position\":1,\"name\":\"Portada\",\"item\":\"https:\\\/\\\/gobio-robot.com\\\/es\\\/\"},{\"@type\":\"ListItem\",\"position\":2,\"name\":\"Periodo de prueba\"}]},{\"@type\":\"WebSite\",\"@id\":\"https:\\\/\\\/gobio-robot.com\\\/#website\",\"url\":\"https:\\\/\\\/gobio-robot.com\\\/\",\"name\":\"GOBIO\",\"description\":\"\",\"potentialAction\":[{\"@type\":\"SearchAction\",\"target\":{\"@type\":\"EntryPoint\",\"urlTemplate\":\"https:\\\/\\\/gobio-robot.com\\\/?s={search_term_string}\"},\"query-input\":{\"@type\":\"PropertyValueSpecification\",\"valueRequired\":true,\"valueName\":\"search_term_string\"}}],\"inLanguage\":\"es\"}]}<\/script>","yoast_head_json":{"title":"Periodo de prueba - GOBIO","robots":{"index":"index","follow":"follow","max-snippet":"max-snippet:-1","max-image-preview":"max-image-preview:large","max-video-preview":"max-video-preview:-1"},"canonical":"https:\/\/gobio-robot.com\/es\/periodo-de-prueba\/","og_locale":"es_ES","og_type":"article","og_title":"Periodo de prueba - GOBIO","og_description":"[vc_row][vc_column][vc_column_text] Periodo de prueba [\/vc_column_text][vc_row_inner equal_height=\u00bbyes\u00bb content_placement=\u00bbmiddle\u00bb][vc_column_inner width=\u00bb2\/3&#8243;][vc_column_text] TME Y DIFICULTAD Los trastornos musculoesquel\u00e9ticos (TME) son trastornos del sistema musculoesquel\u00e9tico en los que la actividad profesional puede desempe\u00f1ar un papel&hellip;","og_url":"https:\/\/gobio-robot.com\/es\/periodo-de-prueba\/","og_site_name":"GOBIO","article_modified_time":"2023-08-29T13:40:16+00:00","og_image":[{"width":2000,"height":800,"url":"https:\/\/gobio-robot.com\/wp-content\/uploads\/sites\/6\/2023\/02\/Diagnostic-de-penibilite-GOBIO.png","type":"image\/png"}],"twitter_card":"summary_large_image","twitter_misc":{"Tiempo de lectura":"1 minuto"},"schema":{"@context":"https:\/\/schema.org","@graph":[{"@type":"WebPage","@id":"https:\/\/gobio-robot.com\/es\/periodo-de-prueba\/","url":"https:\/\/gobio-robot.com\/es\/periodo-de-prueba\/","name":"Periodo de prueba - GOBIO","isPartOf":{"@id":"https:\/\/gobio-robot.com\/#website"},"primaryImageOfPage":{"@id":"https:\/\/gobio-robot.com\/es\/periodo-de-prueba\/#primaryimage"},"image":{"@id":"https:\/\/gobio-robot.com\/es\/periodo-de-prueba\/#primaryimage"},"thumbnailUrl":"https:\/\/gobio-robot.com\/wp-content\/uploads\/sites\/6\/2025\/06\/slider-parcours.jpg","datePublished":"2018-07-03T13:11:42+00:00","dateModified":"2023-08-29T13:40:16+00:00","breadcrumb":{"@id":"https:\/\/gobio-robot.com\/es\/periodo-de-prueba\/#breadcrumb"},"inLanguage":"es","potentialAction":[{"@type":"ReadAction","target":["https:\/\/gobio-robot.com\/es\/periodo-de-prueba\/"]}]},{"@type":"ImageObject","inLanguage":"es","@id":"https:\/\/gobio-robot.com\/es\/periodo-de-prueba\/#primaryimage","url":"https:\/\/gobio-robot.com\/wp-content\/uploads\/sites\/6\/2025\/06\/slider-parcours.jpg","contentUrl":"https:\/\/gobio-robot.com\/wp-content\/uploads\/sites\/6\/2025\/06\/slider-parcours.jpg","width":2000,"height":800,"caption":"Parcours d'int\u00e9gration | GOBIO"},{"@type":"BreadcrumbList","@id":"https:\/\/gobio-robot.com\/es\/periodo-de-prueba\/#breadcrumb","itemListElement":[{"@type":"ListItem","position":1,"name":"Portada","item":"https:\/\/gobio-robot.com\/es\/"},{"@type":"ListItem","position":2,"name":"Periodo de prueba"}]},{"@type":"WebSite","@id":"https:\/\/gobio-robot.com\/#website","url":"https:\/\/gobio-robot.com\/","name":"GOBIO","description":"","potentialAction":[{"@type":"SearchAction","target":{"@type":"EntryPoint","urlTemplate":"https:\/\/gobio-robot.com\/?s={search_term_string}"},"query-input":{"@type":"PropertyValueSpecification","valueRequired":true,"valueName":"search_term_string"}}],"inLanguage":"es"}]}},"_links":{"self":[{"href":"https:\/\/gobio-robot.com\/es\/wp-json\/wp\/v2\/pages\/17277","targetHints":{"allow":["GET"]}}],"collection":[{"href":"https:\/\/gobio-robot.com\/es\/wp-json\/wp\/v2\/pages"}],"about":[{"href":"https:\/\/gobio-robot.com\/es\/wp-json\/wp\/v2\/types\/page"}],"author":[{"embeddable":true,"href":"https:\/\/gobio-robot.com\/es\/wp-json\/wp\/v2\/users\/1"}],"replies":[{"embeddable":true,"href":"https:\/\/gobio-robot.com\/es\/wp-json\/wp\/v2\/comments?post=17277"}],"version-history":[{"count":7,"href":"https:\/\/gobio-robot.com\/es\/wp-json\/wp\/v2\/pages\/17277\/revisions"}],"predecessor-version":[{"id":18038,"href":"https:\/\/gobio-robot.com\/es\/wp-json\/wp\/v2\/pages\/17277\/revisions\/18038"}],"wp:featuredmedia":[{"embeddable":true,"href":"https:\/\/gobio-robot.com\/es\/wp-json\/wp\/v2\/media\/23475"}],"wp:attachment":[{"href":"https:\/\/gobio-robot.com\/es\/wp-json\/wp\/v2\/media?parent=17277"}],"curies":[{"name":"wp","href":"https:\/\/api.w.org\/{rel}","templated":true}]}}