{"id":17293,"date":"2018-07-03T14:00:48","date_gmt":"2018-07-03T12:00:48","guid":{"rendered":"https:\/\/gobio-robot.com\/partenaires\/"},"modified":"2025-10-16T10:43:53","modified_gmt":"2025-10-16T08:43:53","slug":"socios","status":"publish","type":"page","link":"https:\/\/gobio-robot.com\/es\/empresa\/socios\/","title":{"rendered":"Socios"},"content":{"rendered":"<div class=\"wpb-content-wrapper\"><p>[vc_row][vc_column][vc_row_inner content_placement=\u00bbmiddle\u00bb][vc_column_inner width=\u00bb2\/3&#8243;][vc_column_text css=\u00bb\u00bb]<\/p>\n<h3>NOONEE<\/h3>\n<p>La empresa <strong><a href=\"https:\/\/shop.noonee.com\/en\" target=\"_blank\" rel=\"noopener\">Noonee<\/a><\/strong>, creada por investigadores de la Universidad Polit\u00e9cnica de Z\u00farich, ha desarrollado un exoesqueleto para las extremidades inferiores con el fin de aliviar las posturas de sentado a de pie. En 2017, la sede se traslad\u00f3 a Stuttgart, donde el producto se finaliz\u00f3 en colaboraci\u00f3n con los grupos automovil\u00edsticos alemanes. El equipo, compuesto por unos quince colaboradores, se apoya en una red mundial de distribuidores que contribuye hoy al crecimiento y al \u00e9xito de esta soluci\u00f3n. GOBIO distribuye la Silla sin respaldo en el territorio franc\u00e9s.[\/vc_column_text][\/vc_column_inner][vc_column_inner width=\u00bb1\/3&#8243; css=\u00bb.vc_custom_1547633245931{margin-top: 25px !important;margin-right: 25px !important;margin-bottom: 25px !important;margin-left: 25px !important;}\u00bb][vc_single_image image=\u00bb23963&#8243; img_size=\u00bbfull\u00bb css=\u00bb\u00bb image_hover=\u00bb\u00bb][\/vc_column_inner][\/vc_row_inner][vc_separator][vc_row_inner content_placement=\u00bbmiddle\u00bb][vc_column_inner width=\u00bb2\/3&#8243;][vc_column_text css=\u00bb\u00bb]<\/p>\n<h3>SKELEX<\/h3>\n<p>Creada por Gaurav Genani e incubada en 2013 en YES!Delft, <a href=\"https:\/\/www.skelex.com\/\">SKELEX <\/a>\u00a0cuenta con el apoyo del gobierno holand\u00e9s, inversores institucionales y socios industriales.<\/p>\n<p>Centrada en I+D y con una cartera de patentes globales, la empresa SkelEx ha desarrollado un exoesqueleto de asistencia para trabajos con los brazos levantados, que comercializa desde noviembre de 2017. La empresa cuenta actualmente con una decena de empleados e inicia su crecimiento internacional. GOBIO distribuye el modelo IP12 en los territorios franc\u00e9s, suizo y luxemburgu\u00e9s.[\/vc_column_text][\/vc_column_inner][vc_column_inner width=\u00bb1\/3&#8243; css=\u00bb.vc_custom_1547633283731{margin-top: 25px !important;margin-right: 25px !important;margin-bottom: 25px !important;margin-left: 25px !important;}\u00bb][vc_single_image image=\u00bb23971&#8243; img_size=\u00bbfull\u00bb css=\u00bb\u00bb image_hover=\u00bb\u00bb][\/vc_column_inner][\/vc_row_inner][vc_separator][vc_row_inner content_placement=\u00bbmiddle\u00bb][vc_column_inner width=\u00bb2\/3&#8243;][vc_column_text css=\u00bb\u00bb]<\/p>\n<h3>AUFRATECH<\/h3>\n<p><a href=\"https:\/\/aufratech.com\/\"><strong data-start=\"127\" data-end=\"140\">AUFRATECH<\/strong> <\/a>es una empresa francesa especializada en el desarrollo de soluciones tecnol\u00f3gicas innovadoras dedicadas a la mejora de las condiciones de trabajo. La empresa se especializa en el desarrollo, fabricaci\u00f3n y distribuci\u00f3n de exoesqueletos y dispositivos de asistencia f\u00edsica, dise\u00f1ados espec\u00edficamente para reducir los trastornos musculoesquel\u00e9ticos relacionados con actividades profesionales intensivas, particularmente en los sectores de limpieza industrial a alta presi\u00f3n. Gracias a este saber hacer, AUFRATECH acompa\u00f1a a las empresas en la reducci\u00f3n de la penosidad, la prevenci\u00f3n de riesgos y la optimizaci\u00f3n de la productividad.[\/vc_column_text][\/vc_column_inner][vc_column_inner width=\u00bb1\/3&#8243; css=\u00bb.vc_custom_1547633283731{margin-top: 25px !important;margin-right: 25px !important;margin-bottom: 25px !important;margin-left: 25px !important;}\u00bb][vc_single_image image=\u00bb23959&#8243; img_size=\u00bbfull\u00bb css=\u00bb\u00bb image_hover=\u00bb\u00bb][\/vc_column_inner][\/vc_row_inner][vc_separator][vc_row_inner equal_height=\u00bbyes\u00bb content_placement=\u00bbmiddle\u00bb][vc_column_inner width=\u00bb2\/3&#8243;][vc_column_text css=\u00bb\u00bb]<\/p>\n<h3 data-start=\"94\" data-end=\"109\">SPINEBAND<\/h3>\n<p data-start=\"110\" data-end=\"557\"><a href=\"https:\/\/spineband.se\/en\/\"><strong data-start=\"110\" data-end=\"123\">SPINEBAND <\/strong><\/a>es una marca sueca especializada en soluciones ergon\u00f3micas innovadoras para aliviar el cuello y prevenir trastornos musculoesquel\u00e9ticos. Nacida de la experiencia de un soldador, la idea se transform\u00f3 en un dispositivo patentado, certificado CE y desarrollado con expertos en fisioterapia y dise\u00f1o. Ligero, ajustable y eficaz, el Spineband mejora la comodidad y la salud de los profesionales expuestos a tensiones posturales.<\/p>\n<p>[\/vc_column_text][\/vc_column_inner][vc_column_inner width=\u00bb1\/3&#8243; css=\u00bb.vc_custom_1547633283731{margin-top: 25px !important;margin-right: 25px !important;margin-bottom: 25px !important;margin-left: 25px !important;}\u00bb][vc_single_image image=\u00bb23955&#8243; img_size=\u00bbfull\u00bb css=\u00bb\u00bb image_hover=\u00bb\u00bb][\/vc_column_inner][\/vc_row_inner][vc_separator][vc_row_inner equal_height=\u00bbyes\u00bb content_placement=\u00bbmiddle\u00bb][vc_column_inner width=\u00bb2\/3&#8243;][vc_column_text css=\u00bb\u00bb]<\/p>\n<h3 data-start=\"94\" data-end=\"109\">REACTEC<\/h3>\n<p data-start=\"195\" data-end=\"743\"><a href=\"https:\/\/www.reactec.com\/why-reactec\/esg\/\"><strong data-start=\"100\" data-end=\"111\">REACTEC<\/strong> <\/a>es una empresa brit\u00e1nica, surgida de la Universidad de Edimburgo en 2001, especializada en la prevenci\u00f3n de riesgos laborales. Su tecnolog\u00eda innovadora se basa en un reloj inteligente, asociado a una plataforma de an\u00e1lisis, para monitorizar en tiempo real la exposici\u00f3n de los trabajadores a vibraciones, ruido, polvo y entornos de riesgo. Al transformar los datos en informaci\u00f3n procesable, REACTEC ayuda a las empresas a proteger la salud de sus empleados al tiempo que mejora la seguridad y el rendimiento en el trabajo.<\/p>\n<p>[\/vc_column_text][\/vc_column_inner][vc_column_inner width=\u00bb1\/3&#8243; css=\u00bb.vc_custom_1547633283731{margin-top: 25px !important;margin-right: 25px !important;margin-bottom: 25px !important;margin-left: 25px !important;}\u00bb][vc_single_image image=\u00bb23975&#8243; img_size=\u00bbfull\u00bb css=\u00bb\u00bb image_hover=\u00bb\u00bb][\/vc_column_inner][\/vc_row_inner][vc_separator][vc_row_inner equal_height=\u00bbyes\u00bb content_placement=\u00bbmiddle\u00bb][vc_column_inner width=\u00bb2\/3&#8243;][vc_column_text css=\u00bb\u00bb]<\/p>\n<h3 data-start=\"94\" data-end=\"109\">UGAP<\/h3>\n<p data-start=\"195\" data-end=\"743\"><strong><a href=\"https:\/\/www.ugap.fr\/?at_medium=Sponsored_links&amp;at_campaign=526&amp;at_platform=google&amp;at_creation=UGAP_Marque_GEN_Exact&amp;at_variant=563768633271&amp;at_network=g&amp;at_term=ugap&amp;at_adcampaignid=130243871&amp;at_adgroupid=8577840671&amp;at_adextensionid&amp;gad_source=1&amp;gad_campaignid=130243871&amp;gclid=Cj0KCQjww4TGBhCKARIsAFLXndRUVmRSQoPJxyKJ4DeQMUnE7hBoS2uj_QiSdqpsxHshuWYKvIwOiHYaAp8cEALw_wcB\">UGAP<\/a> <\/strong>(Uni\u00f3n de Agrupaciones de Compras P\u00fablicas) es la central de compras p\u00fablicas francesa. Ofrece a los organismos p\u00fablicos un cat\u00e1logo completo de bienes y servicios, accesible sin procedimiento de licitaci\u00f3n, garantizando as\u00ed simplicidad, rapidez y seguridad jur\u00eddica. Al facilitar el acceso a soluciones innovadoras y de alto rendimiento, la UGAP contribuye a modernizar la acci\u00f3n p\u00fablica al tiempo que apoya el desarrollo econ\u00f3mico de las empresas asociadas.<\/p>\n<p>[\/vc_column_text][\/vc_column_inner][vc_column_inner width=\u00bb1\/3&#8243; css=\u00bb.vc_custom_1547633283731{margin-top: 25px !important;margin-right: 25px !important;margin-bottom: 25px !important;margin-left: 25px !important;}\u00bb][vc_single_image image=\u00bb23979&#8243; img_size=\u00bbfull\u00bb css=\u00bb\u00bb image_hover=\u00bb\u00bb][\/vc_column_inner][\/vc_row_inner][vc_empty_space][\/vc_column][\/vc_row]<\/p>\n<\/div>","protected":false},"excerpt":{"rendered":"<p>[vc_row][vc_column][vc_row_inner content_placement=\u00bbmiddle\u00bb][vc_column_inner width=\u00bb2\/3&#8243;][vc_column_text css=\u00bb\u00bb] NOONEE La empresa Noonee, creada por investigadores de la Universidad Polit\u00e9cnica de Z\u00farich, ha desarrollado un exoesqueleto para las extremidades inferiores con el fin de aliviar&hellip;<\/p>\n","protected":false},"author":1,"featured_media":23988,"parent":17424,"menu_order":0,"comment_status":"closed","ping_status":"closed","template":"","meta":{"_acf_changed":false,"footnotes":""},"class_list":["post-17293","page","type-page","status-publish","has-post-thumbnail","hentry"],"acf":[],"yoast_head":"<title>Socios - GOBIO<\/title>\n<meta name=\"robots\" content=\"index, follow, max-snippet:-1, max-image-preview:large, max-video-preview:-1\" \/>\n<link rel=\"canonical\" href=\"https:\/\/gobio-robot.com\/es\/empresa\/socios\/\" \/>\n<meta property=\"og:locale\" content=\"es_ES\" \/>\n<meta property=\"og:type\" content=\"article\" \/>\n<meta property=\"og:title\" content=\"Socios - GOBIO\" \/>\n<meta property=\"og:description\" content=\"[vc_row][vc_column][vc_row_inner content_placement=\u00bbmiddle\u00bb][vc_column_inner width=\u00bb2\/3&#8243;][vc_column_text css=\u00bb\u00bb] NOONEE La empresa Noonee, creada por investigadores de la Universidad Polit\u00e9cnica de Z\u00farich, ha desarrollado un exoesqueleto para las extremidades inferiores con el fin de aliviar&hellip;\" \/>\n<meta property=\"og:url\" content=\"https:\/\/gobio-robot.com\/es\/empresa\/socios\/\" \/>\n<meta property=\"og:site_name\" content=\"GOBIO\" \/>\n<meta property=\"article:modified_time\" content=\"2025-10-16T08:43:53+00:00\" \/>\n<meta property=\"og:image\" content=\"https:\/\/gobio-robot.com\/wp-content\/uploads\/sites\/6\/2025\/09\/HEADER-Partenairespng-1024x410.png\" \/>\n\t<meta property=\"og:image:width\" content=\"1024\" \/>\n\t<meta property=\"og:image:height\" content=\"410\" \/>\n\t<meta property=\"og:image:type\" content=\"image\/png\" \/>\n<meta name=\"twitter:card\" content=\"summary_large_image\" \/>\n<meta name=\"twitter:label1\" content=\"Tiempo de lectura\" \/>\n\t<meta name=\"twitter:data1\" content=\"5 minutos\" \/>\n<script type=\"application\/ld+json\" class=\"yoast-schema-graph\">{\"@context\":\"https:\\\/\\\/schema.org\",\"@graph\":[{\"@type\":\"WebPage\",\"@id\":\"https:\\\/\\\/gobio-robot.com\\\/es\\\/empresa\\\/socios\\\/\",\"url\":\"https:\\\/\\\/gobio-robot.com\\\/es\\\/empresa\\\/socios\\\/\",\"name\":\"Socios - GOBIO\",\"isPartOf\":{\"@id\":\"https:\\\/\\\/gobio-robot.com\\\/#website\"},\"primaryImageOfPage\":{\"@id\":\"https:\\\/\\\/gobio-robot.com\\\/es\\\/empresa\\\/socios\\\/#primaryimage\"},\"image\":{\"@id\":\"https:\\\/\\\/gobio-robot.com\\\/es\\\/empresa\\\/socios\\\/#primaryimage\"},\"thumbnailUrl\":\"https:\\\/\\\/gobio-robot.com\\\/wp-content\\\/uploads\\\/sites\\\/6\\\/2025\\\/09\\\/HEADER-Partenairespng.png\",\"datePublished\":\"2018-07-03T12:00:48+00:00\",\"dateModified\":\"2025-10-16T08:43:53+00:00\",\"breadcrumb\":{\"@id\":\"https:\\\/\\\/gobio-robot.com\\\/es\\\/empresa\\\/socios\\\/#breadcrumb\"},\"inLanguage\":\"es\",\"potentialAction\":[{\"@type\":\"ReadAction\",\"target\":[\"https:\\\/\\\/gobio-robot.com\\\/es\\\/empresa\\\/socios\\\/\"]}]},{\"@type\":\"ImageObject\",\"inLanguage\":\"es\",\"@id\":\"https:\\\/\\\/gobio-robot.com\\\/es\\\/empresa\\\/socios\\\/#primaryimage\",\"url\":\"https:\\\/\\\/gobio-robot.com\\\/wp-content\\\/uploads\\\/sites\\\/6\\\/2025\\\/09\\\/HEADER-Partenairespng.png\",\"contentUrl\":\"https:\\\/\\\/gobio-robot.com\\\/wp-content\\\/uploads\\\/sites\\\/6\\\/2025\\\/09\\\/HEADER-Partenairespng.png\",\"width\":2000,\"height\":800,\"caption\":\"GOBIO-Partenaires\"},{\"@type\":\"BreadcrumbList\",\"@id\":\"https:\\\/\\\/gobio-robot.com\\\/es\\\/empresa\\\/socios\\\/#breadcrumb\",\"itemListElement\":[{\"@type\":\"ListItem\",\"position\":1,\"name\":\"Portada\",\"item\":\"https:\\\/\\\/gobio-robot.com\\\/es\\\/\"},{\"@type\":\"ListItem\",\"position\":2,\"name\":\"Empresa\",\"item\":\"https:\\\/\\\/gobio-robot.com\\\/es\\\/empresa\\\/\"},{\"@type\":\"ListItem\",\"position\":3,\"name\":\"Socios\"}]},{\"@type\":\"WebSite\",\"@id\":\"https:\\\/\\\/gobio-robot.com\\\/#website\",\"url\":\"https:\\\/\\\/gobio-robot.com\\\/\",\"name\":\"GOBIO\",\"description\":\"\",\"potentialAction\":[{\"@type\":\"SearchAction\",\"target\":{\"@type\":\"EntryPoint\",\"urlTemplate\":\"https:\\\/\\\/gobio-robot.com\\\/?s={search_term_string}\"},\"query-input\":{\"@type\":\"PropertyValueSpecification\",\"valueRequired\":true,\"valueName\":\"search_term_string\"}}],\"inLanguage\":\"es\"}]}<\/script>","yoast_head_json":{"title":"Socios - GOBIO","robots":{"index":"index","follow":"follow","max-snippet":"max-snippet:-1","max-image-preview":"max-image-preview:large","max-video-preview":"max-video-preview:-1"},"canonical":"https:\/\/gobio-robot.com\/es\/empresa\/socios\/","og_locale":"es_ES","og_type":"article","og_title":"Socios - GOBIO","og_description":"[vc_row][vc_column][vc_row_inner content_placement=\u00bbmiddle\u00bb][vc_column_inner width=\u00bb2\/3&#8243;][vc_column_text css=\u00bb\u00bb] NOONEE La empresa Noonee, creada por investigadores de la Universidad Polit\u00e9cnica de Z\u00farich, ha desarrollado un exoesqueleto para las extremidades inferiores con el fin de aliviar&hellip;","og_url":"https:\/\/gobio-robot.com\/es\/empresa\/socios\/","og_site_name":"GOBIO","article_modified_time":"2025-10-16T08:43:53+00:00","og_image":[{"width":1024,"height":410,"url":"https:\/\/gobio-robot.com\/wp-content\/uploads\/sites\/6\/2025\/09\/HEADER-Partenairespng-1024x410.png","type":"image\/png"}],"twitter_card":"summary_large_image","twitter_misc":{"Tiempo de lectura":"5 minutos"},"schema":{"@context":"https:\/\/schema.org","@graph":[{"@type":"WebPage","@id":"https:\/\/gobio-robot.com\/es\/empresa\/socios\/","url":"https:\/\/gobio-robot.com\/es\/empresa\/socios\/","name":"Socios - GOBIO","isPartOf":{"@id":"https:\/\/gobio-robot.com\/#website"},"primaryImageOfPage":{"@id":"https:\/\/gobio-robot.com\/es\/empresa\/socios\/#primaryimage"},"image":{"@id":"https:\/\/gobio-robot.com\/es\/empresa\/socios\/#primaryimage"},"thumbnailUrl":"https:\/\/gobio-robot.com\/wp-content\/uploads\/sites\/6\/2025\/09\/HEADER-Partenairespng.png","datePublished":"2018-07-03T12:00:48+00:00","dateModified":"2025-10-16T08:43:53+00:00","breadcrumb":{"@id":"https:\/\/gobio-robot.com\/es\/empresa\/socios\/#breadcrumb"},"inLanguage":"es","potentialAction":[{"@type":"ReadAction","target":["https:\/\/gobio-robot.com\/es\/empresa\/socios\/"]}]},{"@type":"ImageObject","inLanguage":"es","@id":"https:\/\/gobio-robot.com\/es\/empresa\/socios\/#primaryimage","url":"https:\/\/gobio-robot.com\/wp-content\/uploads\/sites\/6\/2025\/09\/HEADER-Partenairespng.png","contentUrl":"https:\/\/gobio-robot.com\/wp-content\/uploads\/sites\/6\/2025\/09\/HEADER-Partenairespng.png","width":2000,"height":800,"caption":"GOBIO-Partenaires"},{"@type":"BreadcrumbList","@id":"https:\/\/gobio-robot.com\/es\/empresa\/socios\/#breadcrumb","itemListElement":[{"@type":"ListItem","position":1,"name":"Portada","item":"https:\/\/gobio-robot.com\/es\/"},{"@type":"ListItem","position":2,"name":"Empresa","item":"https:\/\/gobio-robot.com\/es\/empresa\/"},{"@type":"ListItem","position":3,"name":"Socios"}]},{"@type":"WebSite","@id":"https:\/\/gobio-robot.com\/#website","url":"https:\/\/gobio-robot.com\/","name":"GOBIO","description":"","potentialAction":[{"@type":"SearchAction","target":{"@type":"EntryPoint","urlTemplate":"https:\/\/gobio-robot.com\/?s={search_term_string}"},"query-input":{"@type":"PropertyValueSpecification","valueRequired":true,"valueName":"search_term_string"}}],"inLanguage":"es"}]}},"_links":{"self":[{"href":"https:\/\/gobio-robot.com\/es\/wp-json\/wp\/v2\/pages\/17293","targetHints":{"allow":["GET"]}}],"collection":[{"href":"https:\/\/gobio-robot.com\/es\/wp-json\/wp\/v2\/pages"}],"about":[{"href":"https:\/\/gobio-robot.com\/es\/wp-json\/wp\/v2\/types\/page"}],"author":[{"embeddable":true,"href":"https:\/\/gobio-robot.com\/es\/wp-json\/wp\/v2\/users\/1"}],"replies":[{"embeddable":true,"href":"https:\/\/gobio-robot.com\/es\/wp-json\/wp\/v2\/comments?post=17293"}],"version-history":[{"count":5,"href":"https:\/\/gobio-robot.com\/es\/wp-json\/wp\/v2\/pages\/17293\/revisions"}],"predecessor-version":[{"id":24397,"href":"https:\/\/gobio-robot.com\/es\/wp-json\/wp\/v2\/pages\/17293\/revisions\/24397"}],"up":[{"embeddable":true,"href":"https:\/\/gobio-robot.com\/es\/wp-json\/wp\/v2\/pages\/17424"}],"wp:featuredmedia":[{"embeddable":true,"href":"https:\/\/gobio-robot.com\/es\/wp-json\/wp\/v2\/media\/23988"}],"wp:attachment":[{"href":"https:\/\/gobio-robot.com\/es\/wp-json\/wp\/v2\/media?parent=17293"}],"curies":[{"name":"wp","href":"https:\/\/api.w.org\/{rel}","templated":true}]}}