{"id":17340,"date":"2018-07-03T14:00:16","date_gmt":"2018-07-03T12:00:16","guid":{"rendered":"https:\/\/gobio-robot.com\/nos-references\/"},"modified":"2025-10-16T10:06:03","modified_gmt":"2025-10-16T08:06:03","slug":"nuestras-referencias","status":"publish","type":"page","link":"https:\/\/gobio-robot.com\/es\/empresa\/nuestras-referencias\/","title":{"rendered":"Nuestras referencias"},"content":{"rendered":"<div class=\"wpb-content-wrapper\"><p>[vc_row][vc_column][vc_column_text]<\/p>\n<h2><span lang=\"ES\">Nuestras referencias<\/span><\/h2>\n<p>Estamos orgullosos de poder contar con el apoyo y la confianza de muchos clientes en varios sectores de actividad: transporte, agroalimentaci\u00f3n, log\u00edstica, energ\u00eda y construcci\u00f3n.[\/vc_column_text][vc_row_inner][vc_column_inner width=\u00bb1\/4&#8243;][vc_single_image image=\u00bb17764&#8243; img_size=\u00bbfull\u00bb alignment=\u00bbcenter\u00bb image_hover=\u00bb\u00bb][vc_single_image image=\u00bb17767&#8243; img_size=\u00bbfull\u00bb alignment=\u00bbcenter\u00bb image_hover=\u00bb\u00bb][vc_single_image image=\u00bb17762&#8243; img_size=\u00bbfull\u00bb alignment=\u00bbcenter\u00bb image_hover=\u00bb\u00bb][vc_single_image image=\u00bb17760&#8243; img_size=\u00bbfull\u00bb alignment=\u00bbcenter\u00bb image_hover=\u00bb\u00bb][vc_single_image image=\u00bb17759&#8243; img_size=\u00bbfull\u00bb alignment=\u00bbcenter\u00bb image_hover=\u00bb\u00bb][vc_single_image image=\u00bb17758&#8243; img_size=\u00bbfull\u00bb alignment=\u00bbcenter\u00bb image_hover=\u00bb\u00bb][vc_single_image image=\u00bb17776&#8243; img_size=\u00bbfull\u00bb alignment=\u00bbcenter\u00bb image_hover=\u00bb\u00bb][vc_single_image image=\u00bb17784&#8243; img_size=\u00bbfull\u00bb alignment=\u00bbcenter\u00bb image_hover=\u00bb\u00bb][vc_single_image image=\u00bb23789&#8243; img_size=\u00bbfull\u00bb alignment=\u00bbcenter\u00bb css=\u00bb\u00bb image_hover=\u00bb\u00bb][\/vc_column_inner][vc_column_inner width=\u00bb1\/4&#8243;][vc_single_image image=\u00bb17757&#8243; img_size=\u00bbfull\u00bb alignment=\u00bbcenter\u00bb image_hover=\u00bb\u00bb][vc_single_image image=\u00bb23765&#8243; img_size=\u00bbfull\u00bb alignment=\u00bbcenter\u00bb css=\u00bb\u00bb image_hover=\u00bb\u00bb][vc_single_image image=\u00bb17754&#8243; img_size=\u00bbfull\u00bb alignment=\u00bbcenter\u00bb image_hover=\u00bb\u00bb][vc_single_image image=\u00bb17769&#8243; img_size=\u00bbfull\u00bb alignment=\u00bbcenter\u00bb image_hover=\u00bb\u00bb][vc_single_image image=\u00bb17770&#8243; img_size=\u00bbfull\u00bb alignment=\u00bbcenter\u00bb image_hover=\u00bb\u00bb][vc_single_image image=\u00bb17768&#8243; img_size=\u00bbfull\u00bb alignment=\u00bbcenter\u00bb image_hover=\u00bb\u00bb][vc_single_image image=\u00bb17773&#8243; img_size=\u00bbfull\u00bb alignment=\u00bbcenter\u00bb image_hover=\u00bb\u00bb][vc_single_image image=\u00bb17777&#8243; img_size=\u00bbfull\u00bb alignment=\u00bbcenter\u00bb image_hover=\u00bb\u00bb][vc_single_image image=\u00bb23781&#8243; img_size=\u00bbfull\u00bb alignment=\u00bbcenter\u00bb css=\u00bb\u00bb image_hover=\u00bb\u00bb][\/vc_column_inner][vc_column_inner width=\u00bb1\/4&#8243;][vc_single_image image=\u00bb17750&#8243; img_size=\u00bbfull\u00bb alignment=\u00bbcenter\u00bb image_hover=\u00bb\u00bb][vc_single_image image=\u00bb17782&#8243; img_size=\u00bbfull\u00bb alignment=\u00bbcenter\u00bb image_hover=\u00bb\u00bb][vc_single_image image=\u00bb17746&#8243; img_size=\u00bbfull\u00bb alignment=\u00bbcenter\u00bb image_hover=\u00bb\u00bb][vc_single_image image=\u00bb17783&#8243; img_size=\u00bbfull\u00bb alignment=\u00bbcenter\u00bb image_hover=\u00bb\u00bb][vc_single_image image=\u00bb17751&#8243; img_size=\u00bbfull\u00bb alignment=\u00bbcenter\u00bb image_hover=\u00bb\u00bb][vc_single_image image=\u00bb17772&#8243; img_size=\u00bbfull\u00bb alignment=\u00bbcenter\u00bb image_hover=\u00bb\u00bb][vc_single_image image=\u00bb23777&#8243; img_size=\u00bbfull\u00bb alignment=\u00bbcenter\u00bb css=\u00bb\u00bb image_hover=\u00bb\u00bb][vc_single_image image=\u00bb23785&#8243; img_size=\u00bbfull\u00bb alignment=\u00bbcenter\u00bb css=\u00bb\u00bb image_hover=\u00bb\u00bb][vc_single_image image=\u00bb23773&#8243; img_size=\u00bbfull\u00bb alignment=\u00bbcenter\u00bb css=\u00bb\u00bb image_hover=\u00bb\u00bb][\/vc_column_inner][vc_column_inner width=\u00bb1\/4&#8243;][vc_single_image image=\u00bb17761&#8243; img_size=\u00bbfull\u00bb alignment=\u00bbcenter\u00bb image_hover=\u00bb\u00bb][vc_single_image image=\u00bb17774&#8243; img_size=\u00bbfull\u00bb alignment=\u00bbcenter\u00bb image_hover=\u00bb\u00bb][vc_single_image image=\u00bb17771&#8243; img_size=\u00bbfull\u00bb alignment=\u00bbcenter\u00bb image_hover=\u00bb\u00bb][vc_single_image image=\u00bb17393&#8243; img_size=\u00bbfull\u00bb alignment=\u00bbcenter\u00bb image_hover=\u00bb\u00bb][vc_single_image image=\u00bb17341&#8243; img_size=\u00bbfull\u00bb alignment=\u00bbcenter\u00bb image_hover=\u00bb\u00bb][vc_single_image image=\u00bb17775&#8243; img_size=\u00bbfull\u00bb alignment=\u00bbcenter\u00bb image_hover=\u00bb\u00bb][vc_single_image image=\u00bb23761&#8243; img_size=\u00bbfull\u00bb alignment=\u00bbcenter\u00bb css=\u00bb\u00bb image_hover=\u00bb\u00bb][vc_single_image image=\u00bb23769&#8243; img_size=\u00bbfull\u00bb alignment=\u00bbcenter\u00bb css=\u00bb\u00bb image_hover=\u00bb\u00bb][vc_single_image image=\u00bb23793&#8243; img_size=\u00bbfull\u00bb alignment=\u00bbcenter\u00bb css=\u00bb\u00bb image_hover=\u00bb\u00bb][\/vc_column_inner][\/vc_row_inner][vc_empty_space][\/vc_column][\/vc_row]<\/p>\n<\/div>","protected":false},"excerpt":{"rendered":"<p>[vc_row][vc_column][vc_column_text] Nuestras referencias Estamos orgullosos de poder contar con el apoyo y la confianza de muchos clientes en varios sectores de actividad: transporte, agroalimentaci\u00f3n, log\u00edstica, energ\u00eda y construcci\u00f3n.[\/vc_column_text][vc_row_inner][vc_column_inner width=\u00bb1\/4&#8243;][vc_single_image image=\u00bb17764&#8243;&hellip;<\/p>\n","protected":false},"author":1,"featured_media":18227,"parent":17424,"menu_order":0,"comment_status":"closed","ping_status":"closed","template":"","meta":{"_acf_changed":false,"footnotes":""},"class_list":["post-17340","page","type-page","status-publish","has-post-thumbnail","hentry"],"acf":[],"yoast_head":"<title>Nuestras referencias - GOBIO<\/title>\n<meta name=\"robots\" content=\"index, follow, max-snippet:-1, max-image-preview:large, max-video-preview:-1\" \/>\n<link rel=\"canonical\" href=\"https:\/\/gobio-robot.com\/es\/empresa\/nuestras-referencias\/\" \/>\n<meta property=\"og:locale\" content=\"es_ES\" \/>\n<meta property=\"og:type\" content=\"article\" \/>\n<meta property=\"og:title\" content=\"Nuestras referencias - GOBIO\" \/>\n<meta property=\"og:description\" content=\"[vc_row][vc_column][vc_column_text] Nuestras referencias Estamos orgullosos de poder contar con el apoyo y la confianza de muchos clientes en varios sectores de actividad: transporte, agroalimentaci\u00f3n, log\u00edstica, energ\u00eda y construcci\u00f3n.[\/vc_column_text][vc_row_inner][vc_column_inner width=\u00bb1\/4&#8243;][vc_single_image image=\u00bb17764&#8243;&hellip;\" \/>\n<meta property=\"og:url\" content=\"https:\/\/gobio-robot.com\/es\/empresa\/nuestras-referencias\/\" \/>\n<meta property=\"og:site_name\" content=\"GOBIO\" \/>\n<meta property=\"article:modified_time\" content=\"2025-10-16T08:06:03+00:00\" \/>\n<meta property=\"og:image\" content=\"https:\/\/gobio-robot.com\/wp-content\/uploads\/sites\/6\/2023\/02\/IP14-exosquelette-posture-assis-debout-GOBIO.jpg\" \/>\n\t<meta property=\"og:image:width\" content=\"2000\" \/>\n\t<meta property=\"og:image:height\" content=\"800\" \/>\n\t<meta property=\"og:image:type\" content=\"image\/jpeg\" \/>\n<meta name=\"twitter:card\" content=\"summary_large_image\" \/>\n<meta name=\"twitter:label1\" content=\"Tiempo de lectura\" \/>\n\t<meta name=\"twitter:data1\" content=\"3 minutos\" \/>\n<script type=\"application\/ld+json\" class=\"yoast-schema-graph\">{\"@context\":\"https:\\\/\\\/schema.org\",\"@graph\":[{\"@type\":\"WebPage\",\"@id\":\"https:\\\/\\\/gobio-robot.com\\\/es\\\/empresa\\\/nuestras-referencias\\\/\",\"url\":\"https:\\\/\\\/gobio-robot.com\\\/es\\\/empresa\\\/nuestras-referencias\\\/\",\"name\":\"Nuestras referencias - GOBIO\",\"isPartOf\":{\"@id\":\"https:\\\/\\\/gobio-robot.com\\\/#website\"},\"primaryImageOfPage\":{\"@id\":\"https:\\\/\\\/gobio-robot.com\\\/es\\\/empresa\\\/nuestras-referencias\\\/#primaryimage\"},\"image\":{\"@id\":\"https:\\\/\\\/gobio-robot.com\\\/es\\\/empresa\\\/nuestras-referencias\\\/#primaryimage\"},\"thumbnailUrl\":\"https:\\\/\\\/gobio-robot.com\\\/wp-content\\\/uploads\\\/sites\\\/6\\\/2023\\\/02\\\/IP14-exosquelette-posture-assis-debout-GOBIO.jpg\",\"datePublished\":\"2018-07-03T12:00:16+00:00\",\"dateModified\":\"2025-10-16T08:06:03+00:00\",\"breadcrumb\":{\"@id\":\"https:\\\/\\\/gobio-robot.com\\\/es\\\/empresa\\\/nuestras-referencias\\\/#breadcrumb\"},\"inLanguage\":\"es\",\"potentialAction\":[{\"@type\":\"ReadAction\",\"target\":[\"https:\\\/\\\/gobio-robot.com\\\/es\\\/empresa\\\/nuestras-referencias\\\/\"]}]},{\"@type\":\"ImageObject\",\"inLanguage\":\"es\",\"@id\":\"https:\\\/\\\/gobio-robot.com\\\/es\\\/empresa\\\/nuestras-referencias\\\/#primaryimage\",\"url\":\"https:\\\/\\\/gobio-robot.com\\\/wp-content\\\/uploads\\\/sites\\\/6\\\/2023\\\/02\\\/IP14-exosquelette-posture-assis-debout-GOBIO.jpg\",\"contentUrl\":\"https:\\\/\\\/gobio-robot.com\\\/wp-content\\\/uploads\\\/sites\\\/6\\\/2023\\\/02\\\/IP14-exosquelette-posture-assis-debout-GOBIO.jpg\",\"width\":2000,\"height\":800,\"caption\":\"IP14 \u2013 ERGOSQUELETO PARA LA POSTURA ALTERNATIVA SENTADO\\\/DE PIE\"},{\"@type\":\"BreadcrumbList\",\"@id\":\"https:\\\/\\\/gobio-robot.com\\\/es\\\/empresa\\\/nuestras-referencias\\\/#breadcrumb\",\"itemListElement\":[{\"@type\":\"ListItem\",\"position\":1,\"name\":\"Portada\",\"item\":\"https:\\\/\\\/gobio-robot.com\\\/es\\\/\"},{\"@type\":\"ListItem\",\"position\":2,\"name\":\"Empresa\",\"item\":\"https:\\\/\\\/gobio-robot.com\\\/es\\\/empresa\\\/\"},{\"@type\":\"ListItem\",\"position\":3,\"name\":\"Nuestras referencias\"}]},{\"@type\":\"WebSite\",\"@id\":\"https:\\\/\\\/gobio-robot.com\\\/#website\",\"url\":\"https:\\\/\\\/gobio-robot.com\\\/\",\"name\":\"GOBIO\",\"description\":\"\",\"potentialAction\":[{\"@type\":\"SearchAction\",\"target\":{\"@type\":\"EntryPoint\",\"urlTemplate\":\"https:\\\/\\\/gobio-robot.com\\\/?s={search_term_string}\"},\"query-input\":{\"@type\":\"PropertyValueSpecification\",\"valueRequired\":true,\"valueName\":\"search_term_string\"}}],\"inLanguage\":\"es\"}]}<\/script>","yoast_head_json":{"title":"Nuestras referencias - GOBIO","robots":{"index":"index","follow":"follow","max-snippet":"max-snippet:-1","max-image-preview":"max-image-preview:large","max-video-preview":"max-video-preview:-1"},"canonical":"https:\/\/gobio-robot.com\/es\/empresa\/nuestras-referencias\/","og_locale":"es_ES","og_type":"article","og_title":"Nuestras referencias - GOBIO","og_description":"[vc_row][vc_column][vc_column_text] Nuestras referencias Estamos orgullosos de poder contar con el apoyo y la confianza de muchos clientes en varios sectores de actividad: transporte, agroalimentaci\u00f3n, log\u00edstica, energ\u00eda y construcci\u00f3n.[\/vc_column_text][vc_row_inner][vc_column_inner width=\u00bb1\/4&#8243;][vc_single_image image=\u00bb17764&#8243;&hellip;","og_url":"https:\/\/gobio-robot.com\/es\/empresa\/nuestras-referencias\/","og_site_name":"GOBIO","article_modified_time":"2025-10-16T08:06:03+00:00","og_image":[{"width":2000,"height":800,"url":"https:\/\/gobio-robot.com\/wp-content\/uploads\/sites\/6\/2023\/02\/IP14-exosquelette-posture-assis-debout-GOBIO.jpg","type":"image\/jpeg"}],"twitter_card":"summary_large_image","twitter_misc":{"Tiempo de lectura":"3 minutos"},"schema":{"@context":"https:\/\/schema.org","@graph":[{"@type":"WebPage","@id":"https:\/\/gobio-robot.com\/es\/empresa\/nuestras-referencias\/","url":"https:\/\/gobio-robot.com\/es\/empresa\/nuestras-referencias\/","name":"Nuestras referencias - GOBIO","isPartOf":{"@id":"https:\/\/gobio-robot.com\/#website"},"primaryImageOfPage":{"@id":"https:\/\/gobio-robot.com\/es\/empresa\/nuestras-referencias\/#primaryimage"},"image":{"@id":"https:\/\/gobio-robot.com\/es\/empresa\/nuestras-referencias\/#primaryimage"},"thumbnailUrl":"https:\/\/gobio-robot.com\/wp-content\/uploads\/sites\/6\/2023\/02\/IP14-exosquelette-posture-assis-debout-GOBIO.jpg","datePublished":"2018-07-03T12:00:16+00:00","dateModified":"2025-10-16T08:06:03+00:00","breadcrumb":{"@id":"https:\/\/gobio-robot.com\/es\/empresa\/nuestras-referencias\/#breadcrumb"},"inLanguage":"es","potentialAction":[{"@type":"ReadAction","target":["https:\/\/gobio-robot.com\/es\/empresa\/nuestras-referencias\/"]}]},{"@type":"ImageObject","inLanguage":"es","@id":"https:\/\/gobio-robot.com\/es\/empresa\/nuestras-referencias\/#primaryimage","url":"https:\/\/gobio-robot.com\/wp-content\/uploads\/sites\/6\/2023\/02\/IP14-exosquelette-posture-assis-debout-GOBIO.jpg","contentUrl":"https:\/\/gobio-robot.com\/wp-content\/uploads\/sites\/6\/2023\/02\/IP14-exosquelette-posture-assis-debout-GOBIO.jpg","width":2000,"height":800,"caption":"IP14 \u2013 ERGOSQUELETO PARA LA POSTURA ALTERNATIVA SENTADO\/DE PIE"},{"@type":"BreadcrumbList","@id":"https:\/\/gobio-robot.com\/es\/empresa\/nuestras-referencias\/#breadcrumb","itemListElement":[{"@type":"ListItem","position":1,"name":"Portada","item":"https:\/\/gobio-robot.com\/es\/"},{"@type":"ListItem","position":2,"name":"Empresa","item":"https:\/\/gobio-robot.com\/es\/empresa\/"},{"@type":"ListItem","position":3,"name":"Nuestras referencias"}]},{"@type":"WebSite","@id":"https:\/\/gobio-robot.com\/#website","url":"https:\/\/gobio-robot.com\/","name":"GOBIO","description":"","potentialAction":[{"@type":"SearchAction","target":{"@type":"EntryPoint","urlTemplate":"https:\/\/gobio-robot.com\/?s={search_term_string}"},"query-input":{"@type":"PropertyValueSpecification","valueRequired":true,"valueName":"search_term_string"}}],"inLanguage":"es"}]}},"_links":{"self":[{"href":"https:\/\/gobio-robot.com\/es\/wp-json\/wp\/v2\/pages\/17340","targetHints":{"allow":["GET"]}}],"collection":[{"href":"https:\/\/gobio-robot.com\/es\/wp-json\/wp\/v2\/pages"}],"about":[{"href":"https:\/\/gobio-robot.com\/es\/wp-json\/wp\/v2\/types\/page"}],"author":[{"embeddable":true,"href":"https:\/\/gobio-robot.com\/es\/wp-json\/wp\/v2\/users\/1"}],"replies":[{"embeddable":true,"href":"https:\/\/gobio-robot.com\/es\/wp-json\/wp\/v2\/comments?post=17340"}],"version-history":[{"count":5,"href":"https:\/\/gobio-robot.com\/es\/wp-json\/wp\/v2\/pages\/17340\/revisions"}],"predecessor-version":[{"id":24383,"href":"https:\/\/gobio-robot.com\/es\/wp-json\/wp\/v2\/pages\/17340\/revisions\/24383"}],"up":[{"embeddable":true,"href":"https:\/\/gobio-robot.com\/es\/wp-json\/wp\/v2\/pages\/17424"}],"wp:featuredmedia":[{"embeddable":true,"href":"https:\/\/gobio-robot.com\/es\/wp-json\/wp\/v2\/media\/18227"}],"wp:attachment":[{"href":"https:\/\/gobio-robot.com\/es\/wp-json\/wp\/v2\/media?parent=17340"}],"curies":[{"name":"wp","href":"https:\/\/api.w.org\/{rel}","templated":true}]}}