{"id":17408,"date":"2017-05-26T09:52:51","date_gmt":"2017-05-26T07:52:51","guid":{"rendered":"https:\/\/gobio-robot.com\/recrutement\/"},"modified":"2023-02-09T14:34:01","modified_gmt":"2023-02-09T13:34:01","slug":"contratacion","status":"publish","type":"page","link":"https:\/\/gobio-robot.com\/es\/empresa\/contratacion\/","title":{"rendered":"Contrataci\u00f3n"},"content":{"rendered":"<div class=\"wpb-content-wrapper\"><p>[vc_row][vc_column][vc_column_text]<\/p>\n<h2><span lang=\"ES\">Ofertas de empleo y candidaturas espont\u00e1neas<\/span><\/h2>\n<p><span style=\"font-size: 1.2em; color: #2f3787;\">\u00bfLe gusta asumir desaf\u00edos y quiere invertir en un grupo con una dimensi\u00f3n internacional basada en conocimientos espec\u00edficos y \u00fanicos?<\/span>[\/vc_column_text][vc_btn title=\u00bb\u00danase al grupo EUROPE TECHNOLOGIES\u00bb style=\u00bbcustom\u00bb custom_background=\u00bb#cd5b1b\u00bb custom_text=\u00bb#ffffff\u00bb align=\u00bbleft\u00bb i_icon_fontawesome=\u00bbfas fa-share-square\u00bb add_icon=\u00bbtrue\u00bb link=\u00bburl:https%3A%2F%2Feuropetechnologies.com%2Frejoignez-nous%2Foffres-demploi%2F%231584551961719-27920c65-41a4|title:offres%20d&#8217;emploi|target:_blank\u00bb][vc_column_text]<em>Al hacer clic en el bot\u00f3n de arriba, ser\u00e1 redirigido al sitio europetechnologies.com.\u00a0<\/em><\/p>\n<p><em>Puede consultar las ofertas de trabajo de las diferentes marcas del grupo y aplicar en l\u00ednea.<\/em>[\/vc_column_text][vc_empty_space][\/vc_column][\/vc_row]<\/p>\n<\/div>","protected":false},"excerpt":{"rendered":"<p>[vc_row][vc_column][vc_column_text] Ofertas de empleo y candidaturas espont\u00e1neas \u00bfLe gusta asumir desaf\u00edos y quiere invertir en un grupo con una dimensi\u00f3n internacional basada en conocimientos espec\u00edficos y \u00fanicos?[\/vc_column_text][vc_btn title=\u00bb\u00danase al grupo&hellip;<\/p>\n","protected":false},"author":1,"featured_media":17409,"parent":17424,"menu_order":0,"comment_status":"closed","ping_status":"closed","template":"","meta":{"_acf_changed":false,"footnotes":""},"class_list":["post-17408","page","type-page","status-publish","has-post-thumbnail","hentry"],"acf":[],"yoast_head":"<title>Contrataci\u00f3n - GOBIO<\/title>\n<meta name=\"robots\" content=\"index, follow, max-snippet:-1, max-image-preview:large, max-video-preview:-1\" \/>\n<link rel=\"canonical\" href=\"https:\/\/gobio-robot.com\/es\/empresa\/contratacion\/\" \/>\n<meta property=\"og:locale\" content=\"es_ES\" \/>\n<meta property=\"og:type\" content=\"article\" \/>\n<meta property=\"og:title\" content=\"Contrataci\u00f3n - GOBIO\" \/>\n<meta property=\"og:description\" content=\"[vc_row][vc_column][vc_column_text] Ofertas de empleo y candidaturas espont\u00e1neas \u00bfLe gusta asumir desaf\u00edos y quiere invertir en un grupo con una dimensi\u00f3n internacional basada en conocimientos espec\u00edficos y \u00fanicos?[\/vc_column_text][vc_btn title=\u00bb\u00danase al grupo&hellip;\" \/>\n<meta property=\"og:url\" content=\"https:\/\/gobio-robot.com\/es\/empresa\/contratacion\/\" \/>\n<meta property=\"og:site_name\" content=\"GOBIO\" \/>\n<meta property=\"article:modified_time\" content=\"2023-02-09T13:34:01+00:00\" \/>\n<meta property=\"og:image\" content=\"https:\/\/gobio-robot.com\/wp-content\/uploads\/sites\/6\/2020\/05\/Rejoignez-nous.jpg\" \/>\n\t<meta property=\"og:image:width\" content=\"2000\" \/>\n\t<meta property=\"og:image:height\" content=\"1500\" \/>\n\t<meta property=\"og:image:type\" content=\"image\/jpeg\" \/>\n<meta name=\"twitter:card\" content=\"summary_large_image\" \/>\n<meta name=\"twitter:label1\" content=\"Tiempo de lectura\" \/>\n\t<meta name=\"twitter:data1\" content=\"1 minuto\" \/>\n<script type=\"application\/ld+json\" class=\"yoast-schema-graph\">{\"@context\":\"https:\\\/\\\/schema.org\",\"@graph\":[{\"@type\":\"WebPage\",\"@id\":\"https:\\\/\\\/gobio-robot.com\\\/es\\\/empresa\\\/contratacion\\\/\",\"url\":\"https:\\\/\\\/gobio-robot.com\\\/es\\\/empresa\\\/contratacion\\\/\",\"name\":\"Contrataci\u00f3n - GOBIO\",\"isPartOf\":{\"@id\":\"https:\\\/\\\/gobio-robot.com\\\/#website\"},\"primaryImageOfPage\":{\"@id\":\"https:\\\/\\\/gobio-robot.com\\\/es\\\/empresa\\\/contratacion\\\/#primaryimage\"},\"image\":{\"@id\":\"https:\\\/\\\/gobio-robot.com\\\/es\\\/empresa\\\/contratacion\\\/#primaryimage\"},\"thumbnailUrl\":\"https:\\\/\\\/gobio-robot.com\\\/wp-content\\\/uploads\\\/sites\\\/6\\\/2020\\\/05\\\/Rejoignez-nous.jpg\",\"datePublished\":\"2017-05-26T07:52:51+00:00\",\"dateModified\":\"2023-02-09T13:34:01+00:00\",\"breadcrumb\":{\"@id\":\"https:\\\/\\\/gobio-robot.com\\\/es\\\/empresa\\\/contratacion\\\/#breadcrumb\"},\"inLanguage\":\"es\",\"potentialAction\":[{\"@type\":\"ReadAction\",\"target\":[\"https:\\\/\\\/gobio-robot.com\\\/es\\\/empresa\\\/contratacion\\\/\"]}]},{\"@type\":\"ImageObject\",\"inLanguage\":\"es\",\"@id\":\"https:\\\/\\\/gobio-robot.com\\\/es\\\/empresa\\\/contratacion\\\/#primaryimage\",\"url\":\"https:\\\/\\\/gobio-robot.com\\\/wp-content\\\/uploads\\\/sites\\\/6\\\/2020\\\/05\\\/Rejoignez-nous.jpg\",\"contentUrl\":\"https:\\\/\\\/gobio-robot.com\\\/wp-content\\\/uploads\\\/sites\\\/6\\\/2020\\\/05\\\/Rejoignez-nous.jpg\",\"width\":2000,\"height\":1500,\"caption\":\"\u00danase al grupo EUROPE TECHNOLOGIES\"},{\"@type\":\"BreadcrumbList\",\"@id\":\"https:\\\/\\\/gobio-robot.com\\\/es\\\/empresa\\\/contratacion\\\/#breadcrumb\",\"itemListElement\":[{\"@type\":\"ListItem\",\"position\":1,\"name\":\"Portada\",\"item\":\"https:\\\/\\\/gobio-robot.com\\\/es\\\/\"},{\"@type\":\"ListItem\",\"position\":2,\"name\":\"Empresa\",\"item\":\"https:\\\/\\\/gobio-robot.com\\\/es\\\/empresa\\\/\"},{\"@type\":\"ListItem\",\"position\":3,\"name\":\"Contrataci\u00f3n\"}]},{\"@type\":\"WebSite\",\"@id\":\"https:\\\/\\\/gobio-robot.com\\\/#website\",\"url\":\"https:\\\/\\\/gobio-robot.com\\\/\",\"name\":\"GOBIO\",\"description\":\"\",\"potentialAction\":[{\"@type\":\"SearchAction\",\"target\":{\"@type\":\"EntryPoint\",\"urlTemplate\":\"https:\\\/\\\/gobio-robot.com\\\/?s={search_term_string}\"},\"query-input\":{\"@type\":\"PropertyValueSpecification\",\"valueRequired\":true,\"valueName\":\"search_term_string\"}}],\"inLanguage\":\"es\"}]}<\/script>","yoast_head_json":{"title":"Contrataci\u00f3n - GOBIO","robots":{"index":"index","follow":"follow","max-snippet":"max-snippet:-1","max-image-preview":"max-image-preview:large","max-video-preview":"max-video-preview:-1"},"canonical":"https:\/\/gobio-robot.com\/es\/empresa\/contratacion\/","og_locale":"es_ES","og_type":"article","og_title":"Contrataci\u00f3n - GOBIO","og_description":"[vc_row][vc_column][vc_column_text] Ofertas de empleo y candidaturas espont\u00e1neas \u00bfLe gusta asumir desaf\u00edos y quiere invertir en un grupo con una dimensi\u00f3n internacional basada en conocimientos espec\u00edficos y \u00fanicos?[\/vc_column_text][vc_btn title=\u00bb\u00danase al grupo&hellip;","og_url":"https:\/\/gobio-robot.com\/es\/empresa\/contratacion\/","og_site_name":"GOBIO","article_modified_time":"2023-02-09T13:34:01+00:00","og_image":[{"width":2000,"height":1500,"url":"https:\/\/gobio-robot.com\/wp-content\/uploads\/sites\/6\/2020\/05\/Rejoignez-nous.jpg","type":"image\/jpeg"}],"twitter_card":"summary_large_image","twitter_misc":{"Tiempo de lectura":"1 minuto"},"schema":{"@context":"https:\/\/schema.org","@graph":[{"@type":"WebPage","@id":"https:\/\/gobio-robot.com\/es\/empresa\/contratacion\/","url":"https:\/\/gobio-robot.com\/es\/empresa\/contratacion\/","name":"Contrataci\u00f3n - GOBIO","isPartOf":{"@id":"https:\/\/gobio-robot.com\/#website"},"primaryImageOfPage":{"@id":"https:\/\/gobio-robot.com\/es\/empresa\/contratacion\/#primaryimage"},"image":{"@id":"https:\/\/gobio-robot.com\/es\/empresa\/contratacion\/#primaryimage"},"thumbnailUrl":"https:\/\/gobio-robot.com\/wp-content\/uploads\/sites\/6\/2020\/05\/Rejoignez-nous.jpg","datePublished":"2017-05-26T07:52:51+00:00","dateModified":"2023-02-09T13:34:01+00:00","breadcrumb":{"@id":"https:\/\/gobio-robot.com\/es\/empresa\/contratacion\/#breadcrumb"},"inLanguage":"es","potentialAction":[{"@type":"ReadAction","target":["https:\/\/gobio-robot.com\/es\/empresa\/contratacion\/"]}]},{"@type":"ImageObject","inLanguage":"es","@id":"https:\/\/gobio-robot.com\/es\/empresa\/contratacion\/#primaryimage","url":"https:\/\/gobio-robot.com\/wp-content\/uploads\/sites\/6\/2020\/05\/Rejoignez-nous.jpg","contentUrl":"https:\/\/gobio-robot.com\/wp-content\/uploads\/sites\/6\/2020\/05\/Rejoignez-nous.jpg","width":2000,"height":1500,"caption":"\u00danase al grupo EUROPE TECHNOLOGIES"},{"@type":"BreadcrumbList","@id":"https:\/\/gobio-robot.com\/es\/empresa\/contratacion\/#breadcrumb","itemListElement":[{"@type":"ListItem","position":1,"name":"Portada","item":"https:\/\/gobio-robot.com\/es\/"},{"@type":"ListItem","position":2,"name":"Empresa","item":"https:\/\/gobio-robot.com\/es\/empresa\/"},{"@type":"ListItem","position":3,"name":"Contrataci\u00f3n"}]},{"@type":"WebSite","@id":"https:\/\/gobio-robot.com\/#website","url":"https:\/\/gobio-robot.com\/","name":"GOBIO","description":"","potentialAction":[{"@type":"SearchAction","target":{"@type":"EntryPoint","urlTemplate":"https:\/\/gobio-robot.com\/?s={search_term_string}"},"query-input":{"@type":"PropertyValueSpecification","valueRequired":true,"valueName":"search_term_string"}}],"inLanguage":"es"}]}},"_links":{"self":[{"href":"https:\/\/gobio-robot.com\/es\/wp-json\/wp\/v2\/pages\/17408","targetHints":{"allow":["GET"]}}],"collection":[{"href":"https:\/\/gobio-robot.com\/es\/wp-json\/wp\/v2\/pages"}],"about":[{"href":"https:\/\/gobio-robot.com\/es\/wp-json\/wp\/v2\/types\/page"}],"author":[{"embeddable":true,"href":"https:\/\/gobio-robot.com\/es\/wp-json\/wp\/v2\/users\/1"}],"replies":[{"embeddable":true,"href":"https:\/\/gobio-robot.com\/es\/wp-json\/wp\/v2\/comments?post=17408"}],"version-history":[{"count":4,"href":"https:\/\/gobio-robot.com\/es\/wp-json\/wp\/v2\/pages\/17408\/revisions"}],"predecessor-version":[{"id":17963,"href":"https:\/\/gobio-robot.com\/es\/wp-json\/wp\/v2\/pages\/17408\/revisions\/17963"}],"up":[{"embeddable":true,"href":"https:\/\/gobio-robot.com\/es\/wp-json\/wp\/v2\/pages\/17424"}],"wp:featuredmedia":[{"embeddable":true,"href":"https:\/\/gobio-robot.com\/es\/wp-json\/wp\/v2\/media\/17409"}],"wp:attachment":[{"href":"https:\/\/gobio-robot.com\/es\/wp-json\/wp\/v2\/media?parent=17408"}],"curies":[{"name":"wp","href":"https:\/\/api.w.org\/{rel}","templated":true}]}}