{"id":17418,"date":"2017-05-26T09:52:06","date_gmt":"2017-05-26T07:52:06","guid":{"rendered":"https:\/\/gobio-robot.com\/profil-historique\/"},"modified":"2025-10-16T13:47:34","modified_gmt":"2025-10-16T11:47:34","slug":"perfil-historia","status":"publish","type":"page","link":"https:\/\/gobio-robot.com\/es\/empresa\/perfil-historia\/","title":{"rendered":"Perfil &#8211; Historia"},"content":{"rendered":"<div class=\"wpb-content-wrapper\"><p>[vc_row background_style=\u00bbrepeat\u00bb css=\u00bb.vc_custom_1494518320412{margin-top: 60px !important;margin-bottom: 30px !important;}\u00bb][vc_column][vc_column_text]<\/p>\n<h2><span lang=\"ES\">Perfil \u2013 Historia<\/span><\/h2>\n<p>[\/vc_column_text][vc_empty_space height=\u00bb20&#8243;][vc_row_inner equal_height=\u00bbyes\u00bb gap=\u00bb15&#8243;][vc_column_inner width=\u00bb1\/3&#8243; css=\u00bb.vc_custom_1760615186414{border-top-width: 2px !important;border-right-width: 2px !important;border-bottom-width: 2px !important;border-left-width: 2px !important;background-color: #2F37870D !important;border-radius: 20px !important;}\u00bb][vc_single_image image=\u00bb24243&#8243; alignment=\u00bbcenter\u00bb css=\u00bb\u00bb image_hover=\u00bb\u00bb][vc_column_text css=\u00bb\u00bb]<\/p>\n<p style=\"text-align: center;\"><span style=\"font-size: 1.2em;\"><strong><span style=\"background-color: rgba(47, 55, 135, 1); color: #ffffff; padding: 2px 6px; border-radius: 4px;\">2014<\/span><\/strong><\/span><\/p>\n<div class=\"css-1b6n4o1\">\n<div class=\"MuiBox-root css-5xxm1b\">\n<div>\n<p class=\"css-wx0oy0\" style=\"text-align: center;\"><span style=\"color: #009de0;\">Creaci\u00f3n de GOBIO por Beno\u00eet Sagot-Duvauroux<\/span><\/p>\n<\/div>\n<\/div>\n<\/div>\n<p>[\/vc_column_text][\/vc_column_inner][vc_column_inner width=\u00bb1\/3&#8243; css=\u00bb.vc_custom_1760615198457{border-top-width: 2px !important;border-right-width: 2px !important;border-bottom-width: 2px !important;border-left-width: 2px !important;background-color: #2F37870D !important;border-radius: 20px !important;}\u00bb][vc_single_image image=\u00bb24235&#8243; alignment=\u00bbcenter\u00bb css=\u00bb\u00bb image_hover=\u00bb\u00bb][vc_column_text css=\u00bb\u00bb]<\/p>\n<p style=\"text-align: center;\"><span style=\"font-size: 1.2em;\"><strong><span style=\"background-color: rgba(47, 55, 135, 1); color: #ffffff; padding: 2px 6px; border-radius: 4px;\">2017<\/span><\/strong><\/span><\/p>\n<p style=\"text-align: center;\"><span style=\"color: #009de0;\">GOBIO se une al grupo EUROPE TECHNOLOGIES<\/span><\/p>\n<p>[\/vc_column_text][\/vc_column_inner][vc_column_inner width=\u00bb1\/3&#8243; css=\u00bb.vc_custom_1760615210391{border-top-width: 2px !important;border-right-width: 2px !important;border-bottom-width: 2px !important;border-left-width: 2px !important;background-color: #2F37870D !important;border-radius: 20px !important;}\u00bb][vc_single_image image=\u00bb24239&#8243; alignment=\u00bbcenter\u00bb css=\u00bb\u00bb image_hover=\u00bb\u00bb][vc_column_text css=\u00bb\u00bb]<\/p>\n<p style=\"text-align: center;\"><span style=\"font-size: 1.2em;\"><strong><span style=\"background-color: rgba(47, 55, 135, 1); color: #ffffff; padding: 2px 6px; border-radius: 4px;\">2025<\/span><\/strong><\/span><\/p>\n<p style=\"text-align: center;\"><span style=\"color: #009de0;\">Integraci\u00f3n en la <\/span><span class=\"css-djx60a\" style=\"color: #009de0;\" data-sentence=\"67893f15843482fb_0_0\"><span class=\"css-mfvr97\" aria-expanded=\"false\">unidad<\/span> <span class=\"css-mfvr97\" aria-expanded=\"false\">de<\/span> <span class=\"css-mfvr97\" aria-expanded=\"false\">negocio<\/span> <\/span><span style=\"color: #009de0;\">\u00abEUROPE TECHNOLOGIES DISTRIBUTION\u00bb<\/span><\/p>\n<p>[\/vc_column_text][\/vc_column_inner][\/vc_row_inner][vc_empty_space height=\u00bb20&#8243;][\/vc_column][\/vc_row][vc_row content_placement=\u00bbmiddle\u00bb][vc_column width=\u00bb2\/3&#8243;][vc_column_text css=\u00bb\u00bb]GOBIO se ha desarrollado en Nantes en colaboraci\u00f3n con varios parques tecnol\u00f3gicos y laboratorios universitarios de investigaci\u00f3n en el oeste de Francia. El equipo ahora tiene la ambici\u00f3n de convertirse en el l\u00edder europeo en sistemas f\u00edsicos de asistencia al operador.<\/p>\n<p>GOBIO ha desarrollado as\u00ed una gama completa de exoesqueletos (activos o pasivos) que dan respuesta a las diferentes necesidades de las empresas en cuanto a aplicaciones industriales o log\u00edsticas. Tambi\u00e9n ofrece m\u00f3dulos de formaci\u00f3n espec\u00edficos dise\u00f1ados para promover la aceptabilidad de comportamientos y usos relacionados con los Dispositivos de Asistencia F\u00edsica (PAD).<\/p>\n<p>GOBIO es as\u00ed un socio privilegiado de la industria mec\u00e1nica, log\u00edstica y agroalimentaria, as\u00ed como del transporte, la construcci\u00f3n, las colectividades o los establecimientos sanitarios que se preocupan por reducir las penurias o incluso los TME. Ya cuenta entre sus clientes con empresas como Renault, Stellantis, la SNCF, y como socios con Airbus y Total D\u00e9veloppement, as\u00ed como con la UGAP, central de compras p\u00fablicas que facilita el acceso a soluciones ergon\u00f3micas innovadoras.[\/vc_column_text][\/vc_column][vc_column width=\u00bb1\/3&#8243;][vc_single_image image=\u00bb23658&#8243; img_size=\u00bb439*485&#8243; css=\u00bb\u00bb image_hover=\u00bb\u00bb][\/vc_column][\/vc_row][vc_row][vc_column][vc_empty_space][\/vc_column][\/vc_row]<\/p>\n<\/div>","protected":false},"excerpt":{"rendered":"<p>[vc_row background_style=\u00bbrepeat\u00bb css=\u00bb.vc_custom_1494518320412{margin-top: 60px !important;margin-bottom: 30px !important;}\u00bb][vc_column][vc_column_text] Perfil \u2013 Historia [\/vc_column_text][vc_empty_space height=\u00bb20&#8243;][vc_row_inner equal_height=\u00bbyes\u00bb gap=\u00bb15&#8243;][vc_column_inner width=\u00bb1\/3&#8243; css=\u00bb.vc_custom_1760615186414{border-top-width: 2px !important;border-right-width: 2px !important;border-bottom-width: 2px !important;border-left-width: 2px !important;background-color: #2F37870D !important;border-radius: 20px !important;}\u00bb][vc_single_image image=\u00bb24243&#8243; alignment=\u00bbcenter\u00bb&hellip;<\/p>\n","protected":false},"author":1,"featured_media":18030,"parent":17424,"menu_order":0,"comment_status":"closed","ping_status":"closed","template":"","meta":{"_acf_changed":false,"footnotes":""},"class_list":["post-17418","page","type-page","status-publish","has-post-thumbnail","hentry"],"acf":[],"yoast_head":"<title>Perfil - Historia - GOBIO<\/title>\n<meta name=\"robots\" content=\"index, follow, max-snippet:-1, max-image-preview:large, max-video-preview:-1\" \/>\n<link rel=\"canonical\" href=\"https:\/\/gobio-robot.com\/es\/empresa\/perfil-historia\/\" \/>\n<meta property=\"og:locale\" content=\"es_ES\" \/>\n<meta property=\"og:type\" content=\"article\" \/>\n<meta property=\"og:title\" content=\"Perfil - Historia - GOBIO\" \/>\n<meta property=\"og:description\" content=\"[vc_row background_style=\u00bbrepeat\u00bb css=\u00bb.vc_custom_1494518320412{margin-top: 60px !important;margin-bottom: 30px !important;}\u00bb][vc_column][vc_column_text] Perfil \u2013 Historia [\/vc_column_text][vc_empty_space height=\u00bb20&#8243;][vc_row_inner equal_height=\u00bbyes\u00bb gap=\u00bb15&#8243;][vc_column_inner width=\u00bb1\/3&#8243; css=\u00bb.vc_custom_1760615186414{border-top-width: 2px !important;border-right-width: 2px !important;border-bottom-width: 2px !important;border-left-width: 2px !important;background-color: #2F37870D !important;border-radius: 20px !important;}\u00bb][vc_single_image image=\u00bb24243&#8243; alignment=\u00bbcenter\u00bb&hellip;\" \/>\n<meta property=\"og:url\" content=\"https:\/\/gobio-robot.com\/es\/empresa\/perfil-historia\/\" \/>\n<meta property=\"og:site_name\" content=\"GOBIO\" \/>\n<meta property=\"article:modified_time\" content=\"2025-10-16T11:47:34+00:00\" \/>\n<meta property=\"og:image\" content=\"https:\/\/gobio-robot.com\/wp-content\/uploads\/sites\/6\/2023\/02\/Gant-bionique-IRONHAND\u00ae-GOBIO.png\" \/>\n\t<meta property=\"og:image:width\" content=\"2000\" \/>\n\t<meta property=\"og:image:height\" content=\"800\" \/>\n\t<meta property=\"og:image:type\" content=\"image\/png\" \/>\n<meta name=\"twitter:card\" content=\"summary_large_image\" \/>\n<meta name=\"twitter:label1\" content=\"Tiempo de lectura\" \/>\n\t<meta name=\"twitter:data1\" content=\"3 minutos\" \/>\n<script type=\"application\/ld+json\" class=\"yoast-schema-graph\">{\"@context\":\"https:\\\/\\\/schema.org\",\"@graph\":[{\"@type\":\"WebPage\",\"@id\":\"https:\\\/\\\/gobio-robot.com\\\/es\\\/empresa\\\/perfil-historia\\\/\",\"url\":\"https:\\\/\\\/gobio-robot.com\\\/es\\\/empresa\\\/perfil-historia\\\/\",\"name\":\"Perfil - Historia - GOBIO\",\"isPartOf\":{\"@id\":\"https:\\\/\\\/gobio-robot.com\\\/#website\"},\"primaryImageOfPage\":{\"@id\":\"https:\\\/\\\/gobio-robot.com\\\/es\\\/empresa\\\/perfil-historia\\\/#primaryimage\"},\"image\":{\"@id\":\"https:\\\/\\\/gobio-robot.com\\\/es\\\/empresa\\\/perfil-historia\\\/#primaryimage\"},\"thumbnailUrl\":\"https:\\\/\\\/gobio-robot.com\\\/wp-content\\\/uploads\\\/sites\\\/6\\\/2023\\\/02\\\/Gant-bionique-IRONHAND\u00ae-GOBIO.png\",\"datePublished\":\"2017-05-26T07:52:06+00:00\",\"dateModified\":\"2025-10-16T11:47:34+00:00\",\"breadcrumb\":{\"@id\":\"https:\\\/\\\/gobio-robot.com\\\/es\\\/empresa\\\/perfil-historia\\\/#breadcrumb\"},\"inLanguage\":\"es\",\"potentialAction\":[{\"@type\":\"ReadAction\",\"target\":[\"https:\\\/\\\/gobio-robot.com\\\/es\\\/empresa\\\/perfil-historia\\\/\"]}]},{\"@type\":\"ImageObject\",\"inLanguage\":\"es\",\"@id\":\"https:\\\/\\\/gobio-robot.com\\\/es\\\/empresa\\\/perfil-historia\\\/#primaryimage\",\"url\":\"https:\\\/\\\/gobio-robot.com\\\/wp-content\\\/uploads\\\/sites\\\/6\\\/2023\\\/02\\\/Gant-bionique-IRONHAND\u00ae-GOBIO.png\",\"contentUrl\":\"https:\\\/\\\/gobio-robot.com\\\/wp-content\\\/uploads\\\/sites\\\/6\\\/2023\\\/02\\\/Gant-bionique-IRONHAND\u00ae-GOBIO.png\",\"width\":2000,\"height\":800,\"caption\":\"Dificultad \u2013 Autodiagn\u00f3stico - GOBIO\"},{\"@type\":\"BreadcrumbList\",\"@id\":\"https:\\\/\\\/gobio-robot.com\\\/es\\\/empresa\\\/perfil-historia\\\/#breadcrumb\",\"itemListElement\":[{\"@type\":\"ListItem\",\"position\":1,\"name\":\"Portada\",\"item\":\"https:\\\/\\\/gobio-robot.com\\\/es\\\/\"},{\"@type\":\"ListItem\",\"position\":2,\"name\":\"Empresa\",\"item\":\"https:\\\/\\\/gobio-robot.com\\\/es\\\/empresa\\\/\"},{\"@type\":\"ListItem\",\"position\":3,\"name\":\"Perfil &#8211; Historia\"}]},{\"@type\":\"WebSite\",\"@id\":\"https:\\\/\\\/gobio-robot.com\\\/#website\",\"url\":\"https:\\\/\\\/gobio-robot.com\\\/\",\"name\":\"GOBIO\",\"description\":\"\",\"potentialAction\":[{\"@type\":\"SearchAction\",\"target\":{\"@type\":\"EntryPoint\",\"urlTemplate\":\"https:\\\/\\\/gobio-robot.com\\\/?s={search_term_string}\"},\"query-input\":{\"@type\":\"PropertyValueSpecification\",\"valueRequired\":true,\"valueName\":\"search_term_string\"}}],\"inLanguage\":\"es\"}]}<\/script>","yoast_head_json":{"title":"Perfil - Historia - GOBIO","robots":{"index":"index","follow":"follow","max-snippet":"max-snippet:-1","max-image-preview":"max-image-preview:large","max-video-preview":"max-video-preview:-1"},"canonical":"https:\/\/gobio-robot.com\/es\/empresa\/perfil-historia\/","og_locale":"es_ES","og_type":"article","og_title":"Perfil - Historia - GOBIO","og_description":"[vc_row background_style=\u00bbrepeat\u00bb css=\u00bb.vc_custom_1494518320412{margin-top: 60px !important;margin-bottom: 30px !important;}\u00bb][vc_column][vc_column_text] Perfil \u2013 Historia [\/vc_column_text][vc_empty_space height=\u00bb20&#8243;][vc_row_inner equal_height=\u00bbyes\u00bb gap=\u00bb15&#8243;][vc_column_inner width=\u00bb1\/3&#8243; css=\u00bb.vc_custom_1760615186414{border-top-width: 2px !important;border-right-width: 2px !important;border-bottom-width: 2px !important;border-left-width: 2px !important;background-color: #2F37870D !important;border-radius: 20px !important;}\u00bb][vc_single_image image=\u00bb24243&#8243; alignment=\u00bbcenter\u00bb&hellip;","og_url":"https:\/\/gobio-robot.com\/es\/empresa\/perfil-historia\/","og_site_name":"GOBIO","article_modified_time":"2025-10-16T11:47:34+00:00","og_image":[{"width":2000,"height":800,"url":"https:\/\/gobio-robot.com\/wp-content\/uploads\/sites\/6\/2023\/02\/Gant-bionique-IRONHAND\u00ae-GOBIO.png","type":"image\/png"}],"twitter_card":"summary_large_image","twitter_misc":{"Tiempo de lectura":"3 minutos"},"schema":{"@context":"https:\/\/schema.org","@graph":[{"@type":"WebPage","@id":"https:\/\/gobio-robot.com\/es\/empresa\/perfil-historia\/","url":"https:\/\/gobio-robot.com\/es\/empresa\/perfil-historia\/","name":"Perfil - Historia - GOBIO","isPartOf":{"@id":"https:\/\/gobio-robot.com\/#website"},"primaryImageOfPage":{"@id":"https:\/\/gobio-robot.com\/es\/empresa\/perfil-historia\/#primaryimage"},"image":{"@id":"https:\/\/gobio-robot.com\/es\/empresa\/perfil-historia\/#primaryimage"},"thumbnailUrl":"https:\/\/gobio-robot.com\/wp-content\/uploads\/sites\/6\/2023\/02\/Gant-bionique-IRONHAND\u00ae-GOBIO.png","datePublished":"2017-05-26T07:52:06+00:00","dateModified":"2025-10-16T11:47:34+00:00","breadcrumb":{"@id":"https:\/\/gobio-robot.com\/es\/empresa\/perfil-historia\/#breadcrumb"},"inLanguage":"es","potentialAction":[{"@type":"ReadAction","target":["https:\/\/gobio-robot.com\/es\/empresa\/perfil-historia\/"]}]},{"@type":"ImageObject","inLanguage":"es","@id":"https:\/\/gobio-robot.com\/es\/empresa\/perfil-historia\/#primaryimage","url":"https:\/\/gobio-robot.com\/wp-content\/uploads\/sites\/6\/2023\/02\/Gant-bionique-IRONHAND\u00ae-GOBIO.png","contentUrl":"https:\/\/gobio-robot.com\/wp-content\/uploads\/sites\/6\/2023\/02\/Gant-bionique-IRONHAND\u00ae-GOBIO.png","width":2000,"height":800,"caption":"Dificultad \u2013 Autodiagn\u00f3stico - GOBIO"},{"@type":"BreadcrumbList","@id":"https:\/\/gobio-robot.com\/es\/empresa\/perfil-historia\/#breadcrumb","itemListElement":[{"@type":"ListItem","position":1,"name":"Portada","item":"https:\/\/gobio-robot.com\/es\/"},{"@type":"ListItem","position":2,"name":"Empresa","item":"https:\/\/gobio-robot.com\/es\/empresa\/"},{"@type":"ListItem","position":3,"name":"Perfil &#8211; Historia"}]},{"@type":"WebSite","@id":"https:\/\/gobio-robot.com\/#website","url":"https:\/\/gobio-robot.com\/","name":"GOBIO","description":"","potentialAction":[{"@type":"SearchAction","target":{"@type":"EntryPoint","urlTemplate":"https:\/\/gobio-robot.com\/?s={search_term_string}"},"query-input":{"@type":"PropertyValueSpecification","valueRequired":true,"valueName":"search_term_string"}}],"inLanguage":"es"}]}},"_links":{"self":[{"href":"https:\/\/gobio-robot.com\/es\/wp-json\/wp\/v2\/pages\/17418","targetHints":{"allow":["GET"]}}],"collection":[{"href":"https:\/\/gobio-robot.com\/es\/wp-json\/wp\/v2\/pages"}],"about":[{"href":"https:\/\/gobio-robot.com\/es\/wp-json\/wp\/v2\/types\/page"}],"author":[{"embeddable":true,"href":"https:\/\/gobio-robot.com\/es\/wp-json\/wp\/v2\/users\/1"}],"replies":[{"embeddable":true,"href":"https:\/\/gobio-robot.com\/es\/wp-json\/wp\/v2\/comments?post=17418"}],"version-history":[{"count":5,"href":"https:\/\/gobio-robot.com\/es\/wp-json\/wp\/v2\/pages\/17418\/revisions"}],"predecessor-version":[{"id":24444,"href":"https:\/\/gobio-robot.com\/es\/wp-json\/wp\/v2\/pages\/17418\/revisions\/24444"}],"up":[{"embeddable":true,"href":"https:\/\/gobio-robot.com\/es\/wp-json\/wp\/v2\/pages\/17424"}],"wp:featuredmedia":[{"embeddable":true,"href":"https:\/\/gobio-robot.com\/es\/wp-json\/wp\/v2\/media\/18030"}],"wp:attachment":[{"href":"https:\/\/gobio-robot.com\/es\/wp-json\/wp\/v2\/media?parent=17418"}],"curies":[{"name":"wp","href":"https:\/\/api.w.org\/{rel}","templated":true}]}}