{"id":17424,"date":"2017-05-22T10:30:59","date_gmt":"2017-05-22T08:30:59","guid":{"rendered":"https:\/\/gobio-robot.com\/societe\/"},"modified":"2023-02-02T07:50:10","modified_gmt":"2023-02-02T06:50:10","slug":"empresa","status":"publish","type":"page","link":"https:\/\/gobio-robot.com\/es\/empresa\/","title":{"rendered":"Empresa"},"content":{"rendered":"<div class=\"wpb-content-wrapper\"><p>[vc_section full_width=\u00bbstretch_row_content\u00bb el_class=\u00bbbreadcrumbs\u00bb][vc_row expanded=\u00bb2&#8243; background_style=\u00bbcover\u00bb background_image=\u00bb10596&#8243; el_class=\u00bbbreadcrumbs\u00bb][vc_column][\/vc_column][\/vc_row][\/vc_section][vc_row][vc_column][vc_column_text]<\/p>\n<h3>M\u00e9thodologie<\/h3>\n<p>D\u00e9marche Analyse du besoin<\/p>\n<ul>\n<li>Avant projet<\/li>\n<li>Chiffrage<\/li>\n<li>Veille<\/li>\n<\/ul>\n<p>Conception<\/p>\n<ul>\n<li>M\u00e9canique<\/li>\n<li>Electricit\u00e9<\/li>\n<li>Automatisme<\/li>\n<\/ul>\n<p>Fabrication<\/p>\n<ul>\n<li>Achats<\/li>\n<li>Assemblage<\/li>\n<li>C\u00e2blage<\/li>\n<\/ul>\n<p>Mise en service<\/p>\n<ul>\n<li>Installation sur site<\/li>\n<li>D\u00e9marrage en production<\/li>\n<li>Formation<\/li>\n<\/ul>\n<p>SAV<\/p>\n<ul>\n<li>Maintenance<\/li>\n<li>T\u00e9l\u00e9service<\/li>\n<li>Am\u00e9lioration continue<\/li>\n<\/ul>\n<p>[\/vc_column_text][\/vc_column][\/vc_row][vc_row][vc_column][vc_column_text]<\/p>\n<h3>Revue de presse<\/h3>\n<p>Et harum quidem rerum facilis est et expedita distinctio. Nam libero tempore, cum soluta nobis est eligendi optio cumque nihil impedit quo minus id quod maxime placeat facere possimus, omnis voluptas assumenda est, omnis dolor repellendus. Temporibus autem quibusdam et aut officiis.[\/vc_column_text][\/vc_column][\/vc_row][vc_row][vc_column][vc_column_text]<\/p>\n<h3>Recrutement<\/h3>\n<p>In sem justo, commodo ut, suscipit at, pharetra vitae, orci. Duis sapien nunc, commodo et, interdum suscipit, sollicitudin et, dolor. Pellentesque habitant morbi tristique senectus et netus et malesuada fames ac turpis egestas. Aliquam id dolor. Class aptent taciti sociosqu ad litora[\/vc_column_text][\/vc_column][\/vc_row][vc_row][vc_column][vc_column_text]<\/p>\n<h3>Europe technologies<\/h3>\n<p>Lorem ipsum dolor sit amet, consectetuer adipiscing elit. Nullam feugiat, turpis at pulvinar vulputate, erat libero tristique tellus, nec bibendum odio risus sit amet ante. Aliquam erat volutpat. Nunc auctor. Mauris pretium quam et urna. Fusce nibh. Duis risus. Curabitur sagittis hendrerit ante. Aliquam erat volutpat. Vestibulum erat nulla, ullamcorper nec, rutrum non, nonummy ac, erat. Duis condimentum augue id magna semper rutrum.[\/vc_column_text][\/vc_column][\/vc_row]<\/p>\n<\/div>","protected":false},"excerpt":{"rendered":"<p>[vc_section full_width=\u00bbstretch_row_content\u00bb el_class=\u00bbbreadcrumbs\u00bb][vc_row expanded=\u00bb2&#8243; background_style=\u00bbcover\u00bb background_image=\u00bb10596&#8243; el_class=\u00bbbreadcrumbs\u00bb][vc_column][\/vc_column][\/vc_row][\/vc_section][vc_row][vc_column][vc_column_text] M\u00e9thodologie D\u00e9marche Analyse du besoin Avant projet Chiffrage Veille Conception M\u00e9canique Electricit\u00e9 Automatisme Fabrication Achats Assemblage C\u00e2blage Mise en service Installation sur site&hellip;<\/p>\n","protected":false},"author":1,"featured_media":0,"parent":0,"menu_order":0,"comment_status":"closed","ping_status":"closed","template":"","meta":{"_acf_changed":false,"footnotes":""},"class_list":["post-17424","page","type-page","status-publish","hentry"],"acf":[],"yoast_head":"<title>Empresa - GOBIO<\/title>\n<meta name=\"robots\" content=\"index, follow, max-snippet:-1, max-image-preview:large, max-video-preview:-1\" \/>\n<link rel=\"canonical\" href=\"https:\/\/gobio-robot.com\/es\/empresa\/\" \/>\n<meta property=\"og:locale\" content=\"es_ES\" \/>\n<meta property=\"og:type\" content=\"article\" \/>\n<meta property=\"og:title\" content=\"Empresa - GOBIO\" \/>\n<meta property=\"og:description\" content=\"[vc_section full_width=\u00bbstretch_row_content\u00bb el_class=\u00bbbreadcrumbs\u00bb][vc_row expanded=\u00bb2&#8243; background_style=\u00bbcover\u00bb background_image=\u00bb10596&#8243; el_class=\u00bbbreadcrumbs\u00bb][vc_column][\/vc_column][\/vc_row][\/vc_section][vc_row][vc_column][vc_column_text] M\u00e9thodologie D\u00e9marche Analyse du besoin Avant projet Chiffrage Veille Conception M\u00e9canique Electricit\u00e9 Automatisme Fabrication Achats Assemblage C\u00e2blage Mise en service Installation sur site&hellip;\" \/>\n<meta property=\"og:url\" content=\"https:\/\/gobio-robot.com\/es\/empresa\/\" \/>\n<meta property=\"og:site_name\" content=\"GOBIO\" \/>\n<meta property=\"article:modified_time\" content=\"2023-02-02T06:50:10+00:00\" \/>\n<meta name=\"twitter:card\" content=\"summary_large_image\" \/>\n<meta name=\"twitter:label1\" content=\"Tiempo de lectura\" \/>\n\t<meta name=\"twitter:data1\" content=\"1 minuto\" \/>\n<script type=\"application\/ld+json\" class=\"yoast-schema-graph\">{\"@context\":\"https:\\\/\\\/schema.org\",\"@graph\":[{\"@type\":\"WebPage\",\"@id\":\"https:\\\/\\\/gobio-robot.com\\\/es\\\/empresa\\\/\",\"url\":\"https:\\\/\\\/gobio-robot.com\\\/es\\\/empresa\\\/\",\"name\":\"Empresa - GOBIO\",\"isPartOf\":{\"@id\":\"https:\\\/\\\/gobio-robot.com\\\/#website\"},\"datePublished\":\"2017-05-22T08:30:59+00:00\",\"dateModified\":\"2023-02-02T06:50:10+00:00\",\"breadcrumb\":{\"@id\":\"https:\\\/\\\/gobio-robot.com\\\/es\\\/empresa\\\/#breadcrumb\"},\"inLanguage\":\"es\",\"potentialAction\":[{\"@type\":\"ReadAction\",\"target\":[\"https:\\\/\\\/gobio-robot.com\\\/es\\\/empresa\\\/\"]}]},{\"@type\":\"BreadcrumbList\",\"@id\":\"https:\\\/\\\/gobio-robot.com\\\/es\\\/empresa\\\/#breadcrumb\",\"itemListElement\":[{\"@type\":\"ListItem\",\"position\":1,\"name\":\"Portada\",\"item\":\"https:\\\/\\\/gobio-robot.com\\\/es\\\/\"},{\"@type\":\"ListItem\",\"position\":2,\"name\":\"Empresa\"}]},{\"@type\":\"WebSite\",\"@id\":\"https:\\\/\\\/gobio-robot.com\\\/#website\",\"url\":\"https:\\\/\\\/gobio-robot.com\\\/\",\"name\":\"GOBIO\",\"description\":\"\",\"potentialAction\":[{\"@type\":\"SearchAction\",\"target\":{\"@type\":\"EntryPoint\",\"urlTemplate\":\"https:\\\/\\\/gobio-robot.com\\\/?s={search_term_string}\"},\"query-input\":{\"@type\":\"PropertyValueSpecification\",\"valueRequired\":true,\"valueName\":\"search_term_string\"}}],\"inLanguage\":\"es\"}]}<\/script>","yoast_head_json":{"title":"Empresa - GOBIO","robots":{"index":"index","follow":"follow","max-snippet":"max-snippet:-1","max-image-preview":"max-image-preview:large","max-video-preview":"max-video-preview:-1"},"canonical":"https:\/\/gobio-robot.com\/es\/empresa\/","og_locale":"es_ES","og_type":"article","og_title":"Empresa - GOBIO","og_description":"[vc_section full_width=\u00bbstretch_row_content\u00bb el_class=\u00bbbreadcrumbs\u00bb][vc_row expanded=\u00bb2&#8243; background_style=\u00bbcover\u00bb background_image=\u00bb10596&#8243; el_class=\u00bbbreadcrumbs\u00bb][vc_column][\/vc_column][\/vc_row][\/vc_section][vc_row][vc_column][vc_column_text] M\u00e9thodologie D\u00e9marche Analyse du besoin Avant projet Chiffrage Veille Conception M\u00e9canique Electricit\u00e9 Automatisme Fabrication Achats Assemblage C\u00e2blage Mise en service Installation sur site&hellip;","og_url":"https:\/\/gobio-robot.com\/es\/empresa\/","og_site_name":"GOBIO","article_modified_time":"2023-02-02T06:50:10+00:00","twitter_card":"summary_large_image","twitter_misc":{"Tiempo de lectura":"1 minuto"},"schema":{"@context":"https:\/\/schema.org","@graph":[{"@type":"WebPage","@id":"https:\/\/gobio-robot.com\/es\/empresa\/","url":"https:\/\/gobio-robot.com\/es\/empresa\/","name":"Empresa - GOBIO","isPartOf":{"@id":"https:\/\/gobio-robot.com\/#website"},"datePublished":"2017-05-22T08:30:59+00:00","dateModified":"2023-02-02T06:50:10+00:00","breadcrumb":{"@id":"https:\/\/gobio-robot.com\/es\/empresa\/#breadcrumb"},"inLanguage":"es","potentialAction":[{"@type":"ReadAction","target":["https:\/\/gobio-robot.com\/es\/empresa\/"]}]},{"@type":"BreadcrumbList","@id":"https:\/\/gobio-robot.com\/es\/empresa\/#breadcrumb","itemListElement":[{"@type":"ListItem","position":1,"name":"Portada","item":"https:\/\/gobio-robot.com\/es\/"},{"@type":"ListItem","position":2,"name":"Empresa"}]},{"@type":"WebSite","@id":"https:\/\/gobio-robot.com\/#website","url":"https:\/\/gobio-robot.com\/","name":"GOBIO","description":"","potentialAction":[{"@type":"SearchAction","target":{"@type":"EntryPoint","urlTemplate":"https:\/\/gobio-robot.com\/?s={search_term_string}"},"query-input":{"@type":"PropertyValueSpecification","valueRequired":true,"valueName":"search_term_string"}}],"inLanguage":"es"}]}},"_links":{"self":[{"href":"https:\/\/gobio-robot.com\/es\/wp-json\/wp\/v2\/pages\/17424","targetHints":{"allow":["GET"]}}],"collection":[{"href":"https:\/\/gobio-robot.com\/es\/wp-json\/wp\/v2\/pages"}],"about":[{"href":"https:\/\/gobio-robot.com\/es\/wp-json\/wp\/v2\/types\/page"}],"author":[{"embeddable":true,"href":"https:\/\/gobio-robot.com\/es\/wp-json\/wp\/v2\/users\/1"}],"replies":[{"embeddable":true,"href":"https:\/\/gobio-robot.com\/es\/wp-json\/wp\/v2\/comments?post=17424"}],"version-history":[{"count":2,"href":"https:\/\/gobio-robot.com\/es\/wp-json\/wp\/v2\/pages\/17424\/revisions"}],"predecessor-version":[{"id":17740,"href":"https:\/\/gobio-robot.com\/es\/wp-json\/wp\/v2\/pages\/17424\/revisions\/17740"}],"wp:attachment":[{"href":"https:\/\/gobio-robot.com\/es\/wp-json\/wp\/v2\/media?parent=17424"}],"curies":[{"name":"wp","href":"https:\/\/api.w.org\/{rel}","templated":true}]}}