{"id":23008,"date":"2025-01-27T10:55:46","date_gmt":"2025-01-27T09:55:46","guid":{"rendered":"https:\/\/gobio-robot.com\/?page_id=23008"},"modified":"2025-12-10T16:27:57","modified_gmt":"2025-12-10T15:27:57","slug":"ip19-ergoesqueleto","status":"publish","type":"page","link":"https:\/\/gobio-robot.com\/es\/exoesqueletos-industriales\/ip19-ergoesqueleto\/","title":{"rendered":"IP19 \u2013 Exoesqueleto para asistencia de los m\u00fasculos de la espalda"},"content":{"rendered":"<div class=\"wpb-content-wrapper\"><p>[vc_row][vc_column][vc_empty_space height=\u00bb100&#8243;][vc_raw_html css=\u00bb\u00bb]JTVCd3BzZW9fYnJlYWRjcnVtYiU1RA==[\/vc_raw_html][vc_column_text css=\u00bb\u00bb]<\/p>\n<h2><strong>IP19 |<\/strong> Modelo exoesqueleto skelex para asistencia de los m\u00faculos de la espalda<\/h2>\n<p>[\/vc_column_text][\/vc_column][\/vc_row][vc_row content_placement=\u00bbmiddle\u00bb][vc_column width=\u00bb2\/3&#8243;][vc_column_text css=\u00bb\u00bb]El IP19 es un exoesqueleto dise\u00f1ado para proteger la espalda y las rodillas de los operadores. Alivia las zonas m\u00e1s tensas durante las posturas dif\u00edciles, mejorando a la vez la postura y la seguridad de los usuarios.<\/p>\n<p>F\u00e1cil de usar y ligero, se ajusta intuitivamente para adaptarse a todo tipo de cuerpo. F\u00e1cil de colocar, se puede usar durante todo el d\u00eda sin molestar al usuario.[\/vc_column_text][vc_column_text css=\u00bb\u00bb]<\/p>\n<h3>Principales beneficios:<\/h3>\n<p>[\/vc_column_text][vc_row_inner][vc_column_inner width=\u00bb1\/3&#8243; offset=\u00bbvc_col-xs-4&#8243;][vc_single_image image=\u00bb23013&#8243; img_size=\u00bb120*120&#8243; alignment=\u00bbcenter\u00bb css=\u00bb\u00bb image_hover=\u00bb\u00bb][vc_column_text css=\u00bb\u00bb]<\/p>\n<p style=\"text-align: center;\">F\u00e1cil de usar<\/p>\n<p>[\/vc_column_text][\/vc_column_inner][vc_column_inner width=\u00bb1\/3&#8243; offset=\u00bbvc_col-xs-4&#8243;][vc_single_image image=\u00bb17227&#8243; img_size=\u00bb120*120&#8243; alignment=\u00bbcenter\u00bb css=\u00bb\u00bb image_hover=\u00bb\u00bb][vc_column_text css=\u00bb\u00bb]<\/p>\n<p style=\"text-align: center;\">Ligero<\/p>\n<p>[\/vc_column_text][\/vc_column_inner][vc_column_inner width=\u00bb1\/3&#8243; offset=\u00bbvc_col-xs-4&#8243;][vc_single_image image=\u00bb23017&#8243; img_size=\u00bb120*120&#8243; alignment=\u00bbcenter\u00bb css=\u00bb\u00bb image_hover=\u00bb\u00bb][vc_column_text css=\u00bb\u00bb]<\/p>\n<p style=\"text-align: center;\">Vers\u00e1til y adaptable<\/p>\n<p>[\/vc_column_text][\/vc_column_inner][\/vc_row_inner][vc_empty_space][\/vc_column][vc_column width=\u00bb1\/3&#8243;][vc_single_image image=\u00bb24871&#8243; img_size=\u00bb450*550&#8243; alignment=\u00bbcenter\u00bb css=\u00bb\u00bb image_hover=\u00bb\u00bb][\/vc_column][\/vc_row][vc_row content_placement=\u00bbmiddle\u00bb][vc_column width=\u00bb2\/3&#8243;][vc_column_text css=\u00bb\u00bb]<\/p>\n<h3><span lang=\"ES\">CARACTER\u00cdSTICAS: <\/span><\/h3>\n<p>IP19 reduce eficazmente la presi\u00f3n en la espalda baja mientras mantiene la columna en una posici\u00f3n \u00f3ptima.\u00a0La sujeci\u00f3n en las extremidades inferiores permite al exoesqueleto ofrecer apoyo adicional durante movimientos repetidos o en posici\u00f3n de rodillas, disminuyendo <strong>el riesgo de trastornos musculoesquel\u00e9ticos (TME).<\/strong><\/p>\n<p>Sin contar con electr\u00f3nica, ofrece un soporte muscular pasivo, discreto y ligero.[\/vc_column_text][vc_column_text css=\u00bb\u00bb]<\/p>\n<h3>\u00c1REAS DE APLICACI\u00d3N<\/h3>\n<p>El exoesqueleto IP19 es para aplicaciones en los sectores de <strong>log\u00edstica<\/strong>, <strong>agricultura<\/strong>, <strong>salud<\/strong>, <strong>construcci\u00f3n<\/strong> y la <strong>industria<\/strong>.<\/p>\n<p>Los usarios que trabajan en estos sectores a menudo tienen que agacharse, doblarse o levantar cargas pesadas. Estas posturas ejercen mucha tensi\u00f3n sobre la espalda y las rodillas. Los movimientos repetitivos o mantener determinadas posiciones bajas durante largos periodos pueden provocar fatiga muscular, lesiones y desarrollar TME.<\/p>\n<p>El IP19, modelo SKELEX, gracias a su tecnolog\u00eda patentada, reduce el esfuerzo de manipulaci\u00f3n en un 20%. Mejora as\u00ed la seguridad, el confort y la productividad en el trabajo.[\/vc_column_text][\/vc_column][vc_column width=\u00bb1\/3&#8243;]<div class=\"ult-content-box-container \" >\t<a class=\"ult-content-box-anchor\" href=\"https:\/\/gobio-robot.com\/ressource\/\" title=\"T\u00e9l\u00e9chargez notre brochure !\" >\t\t<div class=\"ult-content-box\" style=\"background-color:rgba(0,157,224,0.15);box-shadow: px px px px none;padding:15px;margin-top:5px;margin-right:15px;margin-bottom:5px;margin-left:15px;min-height:250px;-webkit-transition: all 700ms ease;-moz-transition: all 700ms ease;-ms-transition: all 700ms ease;-o-transition: all 700ms ease;transition: all 700ms ease;\"  data-hover_bg_color=\"rgba(205,91,27,0.15)\"  data-hover_box_shadow=\"none\"    data-normal_margins=\"margin-top:5px;margin-right:15px;margin-bottom:5px;margin-left:15px;\"   data-bg=\"rgba(0,157,224,0.15)\" >[vc_single_image image=\u00bb23037&#8243; img_size=\u00bb150*212&#8243; alignment=\u00bbcenter\u00bb css=\u00bb\u00bb image_hover=\u00bb\u00bb][vc_column_text css=\u00bb\u00bb]<\/p>\n<p style=\"text-align: center;\"><strong>\u00a1Descargue nuestro folleto completo sobre el exoesqueleto IP19!<\/strong><\/p>\n<p style=\"text-align: center;\"><strong>\u00a0<\/strong><\/p>\n<p>[\/vc_column_text][vc_btn title=\u00bbDescargar\u00bb style=\u00bbcustom\u00bb custom_background=\u00bb#cd5b1b\u00bb custom_text=\u00bb#ffffff\u00bb align=\u00bbcenter\u00bb i_icon_fontawesome=\u00bbfas fa-file-download\u00bb css=\u00bb\u00bb add_icon=\u00bbtrue\u00bb link=\u00bbtitle:T%C3%A9l%C3%A9chargez%20notre%20ressource%20d%C3%A9di%C3%A9e%20%21|\u00bb]\t\t<\/div>\t<\/a><\/div>[\/vc_column][\/vc_row][vc_row content_placement=\u00bbmiddle\u00bb][vc_column][vc_column_text css=\u00bb.vc_custom_1737455352710{background-color: #FFFFFF !important;}\u00bb]<\/p>\n<p style=\"text-align: center;\"><span style=\"color: #cd5b1b;\"><a style=\"color: #cd5b1b;\" href=\"https:\/\/gobio-robot.com\/contact\/\"><strong>Cont\u00e1ctenos para realizar un pedido<\/strong><\/a><\/span><\/p>\n<p>[\/vc_column_text][vc_empty_space][\/vc_column][\/vc_row][vc_row el_class=\u00bbblock-half-col\u00bb][vc_column][vc_column_text css=\u00bb\u00bb]<\/p>\n<h2 style=\"text-align: center;\">Ejemplos de aplicaci\u00f3n de nuestro exoesqueleto IP19 &#8211; Skelex<\/h2>\n<p>[\/vc_column_text][vc_empty_space][vc_row_inner content_placement=\u00bbmiddle\u00bb el_class=\u00bbrange-alternance\u00bb][vc_column_inner width=\u00bb1\/2&#8243;][vc_single_image image=\u00bb24884&#8243; img_size=\u00bb585&#215;520&#8243; alignment=\u00bbcenter\u00bb css=\u00bb\u00bb image_hover=\u00bb\u00bb][\/vc_column_inner][vc_column_inner width=\u00bb1\/2&#8243;][vc_column_text css=\u00bb\u00bb]<\/p>\n<h3>Viticultura<\/h3>\n<p>Operador equipado con el exoesqueleto IP19 durante la vendimia[\/vc_column_text][\/vc_column_inner][\/vc_row_inner][vc_row_inner content_placement=\u00bbmiddle\u00bb][vc_column_inner width=\u00bb1\/2&#8243;][vc_column_text css=\u00bb\u00bb]<\/p>\n<h3>Log\u00edstica<\/h3>\n<p>[\/vc_column_text][\/vc_column_inner][vc_column_inner width=\u00bb1\/2&#8243;][vc_single_image image=\u00bb24903&#8243; img_size=\u00bb585&#215;520&#8243; alignment=\u00bbcenter\u00bb css=\u00bb\u00bb image_hover=\u00bb\u00bb][\/vc_column_inner][\/vc_row_inner][vc_row_inner content_placement=\u00bbmiddle\u00bb el_class=\u00bbrange-alternance\u00bb][vc_column_inner width=\u00bb1\/2&#8243;][vc_single_image image=\u00bb24899&#8243; img_size=\u00bb585&#215;520&#8243; alignment=\u00bbcenter\u00bb css=\u00bb\u00bb image_hover=\u00bb\u00bb][\/vc_column_inner][vc_column_inner width=\u00bb1\/2&#8243;][vc_column_text css=\u00bb\u00bb]<\/p>\n<h3>Agricultura<\/h3>\n<p>Horticultores equipados con el exoesqueleto IP19[\/vc_column_text][\/vc_column_inner][\/vc_row_inner][vc_row_inner content_placement=\u00bbmiddle\u00bb][vc_column_inner width=\u00bb1\/2&#8243;][vc_column_text css=\u00bb\u00bb]<\/p>\n<h3>Mec\u00e1nica<\/h3>\n<p>Utilizaci\u00f3n del exoesqueleto IP19 durante el Bol d&#8217;Or 2025[\/vc_column_text][\/vc_column_inner][vc_column_inner width=\u00bb1\/2&#8243;][vc_single_image image=\u00bb24876&#8243; img_size=\u00bb585&#215;520&#8243; alignment=\u00bbcenter\u00bb css=\u00bb\u00bb image_hover=\u00bb\u00bb][\/vc_column_inner][\/vc_row_inner][vc_row_inner content_placement=\u00bbmiddle\u00bb el_class=\u00bbrange-alternance\u00bb][vc_column_inner width=\u00bb1\/2&#8243;][vc_single_image image=\u00bb24907&#8243; img_size=\u00bb585&#215;520&#8243; alignment=\u00bbcenter\u00bb css=\u00bb\u00bb image_hover=\u00bb\u00bb][\/vc_column_inner][vc_column_inner width=\u00bb1\/2&#8243;][vc_column_text css=\u00bb\u00bb]<\/p>\n<h3>Ferroviario<\/h3>\n<p>Uso del IP19 por un t\u00e9cnico de mantenimiento mec\u00e1nico ferroviario[\/vc_column_text][\/vc_column_inner][\/vc_row_inner][vc_row_inner content_placement=\u00bbmiddle\u00bb][vc_column_inner width=\u00bb1\/2&#8243;][vc_column_text css=\u00bb\u00bb]<\/p>\n<h3>Obras p\u00fablicas<\/h3>\n<p>El exoesqueleto IP19 ayuda a los operarios reduciendo el esfuerzo necesario para colocar adoquines, lo que permite una reparaci\u00f3n m\u00e1s r\u00e1pida y menos penosa de la calzada.[\/vc_column_text][\/vc_column_inner][vc_column_inner width=\u00bb1\/2&#8243;][vc_single_image image=\u00bb25363&#8243; img_size=\u00bb585&#215;520&#8243; alignment=\u00bbcenter\u00bb css=\u00bb\u00bb image_hover=\u00bb\u00bb][\/vc_column_inner][\/vc_row_inner][vc_row_inner content_placement=\u00bbmiddle\u00bb][vc_column_inner width=\u00bb1\/2&#8243;][vc_video link=\u00bbhttps:\/\/www.youtube.com\/watch?v=xRxvS_34sOI\u00bb css=\u00bb\u00bb][\/vc_column_inner][vc_column_inner width=\u00bb1\/2&#8243;][vc_column_text css=\u00bb\u00bb]Dise\u00f1ado para aliviar las zonas m\u00e1s solicitadas, el exoesqueleto IP19 proporciona un apoyo espec\u00edfico a la espalda y las rodillas durante tareas repetitivas o exigentes. Ergon\u00f3mico y ajustable, se adapta naturalmente a cada usuario para prevenir la fatiga y los riesgos de trastornos musculoesquel\u00e9ticos.<\/p>\n<p>\u00a1Vea nuestro video de presentaci\u00f3n del exoesqueleto IP19 para descubrir sus ventajas en im\u00e1genes![\/vc_column_text][\/vc_column_inner][\/vc_row_inner][\/vc_column][\/vc_row][vc_row][vc_column][vc_empty_space height=\u00bb22&#8243;][\/vc_column][\/vc_row][vc_row][vc_column][vc_btn title=\u00bbDescargue nuestro folleto dedicado al exoesqueleto IP19 para descubrir sus caracter\u00edsticas, ventajas, aplicaciones&#8230;\u00bb style=\u00bbcustom\u00bb custom_background=\u00bb#CD5B1B\u00bb custom_text=\u00bb#FFFFFF\u00bb size=\u00bblg\u00bb align=\u00bbcenter\u00bb i_icon_fontawesome=\u00bbfas fa-download\u00bb css=\u00bb\u00bb button_block=\u00bbtrue\u00bb add_icon=\u00bbtrue\u00bb link=\u00bburl:https%3A%2F%2Fgobio-robot.com%2Fen%2Ftelechargements%2F|title:Descargue%20nuestro%20folleto%20dedicado%20&#8243;][vc_empty_space][\/vc_column][\/vc_row][vc_row][vc_column][vc_column_text css=\u00bb\u00bb]<\/p>\n<h3>Descubra nuestra gama de exoesqueletos GOBIO<\/h3>\n<p>[\/vc_column_text]<div id=\"ult-carousel-113407866569d2985ad8277\" class=\"ult-carousel-wrapper   ult_horizontal\" data-gutter=\"15\" data-rtl=\"false\" ><div class=\"ult-carousel-79238187769d2985ad8175 \" >[vc_single_image image=\u00bb22146&#8243; img_size=\u00bb250*250&#8243; alignment=\u00bbcenter\u00bb style=\u00bbvc_box_circle\u00bb onclick=\u00bbcustom_link\u00bb css=\u00bb.vc_custom_1760629622254{background-color: #FFFFFF !important;}\u00bb image_hover=\u00bb\u00bb link=\u00bbhttps:\/\/gobio-robot.com\/es\/exoesqueletos-industriales\/ip11-exoesqueleto-de-apoyo-para-la-cabeza\/\u00bb title=\u00bbIP11&#8243;][vc_single_image image=\u00bb23828&#8243; img_size=\u00bb250*250&#8243; alignment=\u00bbcenter\u00bb style=\u00bbvc_box_circle\u00bb onclick=\u00bbcustom_link\u00bb css=\u00bb.vc_custom_1760628550939{background-color: #FFFFFF !important;}\u00bb image_hover=\u00bb\u00bb link=\u00bbhttps:\/\/gobio-robot.com\/es\/exoesqueletos-industriales\/ip-12-exoesqueleto-de-manipulacion\/\u00bb title=\u00bbIP12&#8243;][vc_single_image image=\u00bb24129&#8243; img_size=\u00bb250*250&#8243; alignment=\u00bbcenter\u00bb style=\u00bbvc_box_circle\u00bb onclick=\u00bbcustom_link\u00bb css=\u00bb.vc_custom_1760628562957{background-color: #FFFFFF !important;}\u00bb image_hover=\u00bb\u00bb link=\u00bbhttps:\/\/gobio-robot.com\/es\/exoesqueletos-industriales\/ip13-exoesqueleto-de-lumbares\/\u00bb title=\u00bbIP13&#8243;][vc_single_image image=\u00bb24133&#8243; img_size=\u00bb250*250&#8243; alignment=\u00bbcenter\u00bb style=\u00bbvc_box_circle\u00bb onclick=\u00bbcustom_link\u00bb css=\u00bb.vc_custom_1760628572050{background-color: #FFFFFF !important;}\u00bb image_hover=\u00bb\u00bb link=\u00bbhttps:\/\/gobio-robot.com\/es\/exoesqueletos-industriales\/ip14-silla-exoesqueleto\/\u00bb title=\u00bbIP14&#8243;][vc_single_image image=\u00bb24137&#8243; img_size=\u00bb250*250&#8243; alignment=\u00bbcenter\u00bb style=\u00bbvc_box_circle\u00bb onclick=\u00bbcustom_link\u00bb css=\u00bb.vc_custom_1760628590624{background-color: #FFFFFF !important;}\u00bb image_hover=\u00bb\u00bb link=\u00bbhttps:\/\/gobio-robot.com\/es\/exoesqueletos-industriales\/ironhand-guante-bionico\/\u00bb title=\u00bbIRONHAND\u00ae\u00bb]<\/div><\/div>\t\t\t<script type=\"text\/javascript\">\n\t\t\t\tjQuery(document).ready(function ($) {\n\t\t\t\t\tif( typeof jQuery('.ult-carousel-79238187769d2985ad8175').slick == \"function\"){\n\t\t\t\t\t\t$('.ult-carousel-79238187769d2985ad8175').slick({dots: false,autoplay: true,autoplaySpeed: \"3000\",speed: \"300\",infinite: true,arrows: true,nextArrow: '<button type=\"button\" role=\"button\" aria-label=\"Next\" style=\"color:#2F3787; font-size:20px;\" class=\"slick-next default\"><i class=\"ultsl-arrow-right6\"><\/i><\/button>',prevArrow: '<button type=\"button\" role=\"button\" aria-label=\"Previous\" style=\"color:#2F3787; font-size:20px;\" class=\"slick-prev default\"><i class=\"ultsl-arrow-left6\"><\/i><\/button>',slidesToScroll:3,slidesToShow:3,swipe: true,draggable: true,touchMove: true,pauseOnHover: true,pauseOnFocus: false,responsive: [\n\t\t\t\t\t\t\t{\n\t\t\t\t\t\t\t  breakpoint: 1026,\n\t\t\t\t\t\t\t  settings: {\n\t\t\t\t\t\t\t\tslidesToShow: 3,\n\t\t\t\t\t\t\t\tslidesToScroll: 3,  \n\t\t\t\t\t\t\t  }\n\t\t\t\t\t\t\t},\n\t\t\t\t\t\t\t{\n\t\t\t\t\t\t\t  breakpoint: 1025,\n\t\t\t\t\t\t\t  settings: {\n\t\t\t\t\t\t\t\tslidesToShow: 3,\n\t\t\t\t\t\t\t\tslidesToScroll: 3\n\t\t\t\t\t\t\t  }\n\t\t\t\t\t\t\t},\n\t\t\t\t\t\t\t{\n\t\t\t\t\t\t\t  breakpoint: 760,\n\t\t\t\t\t\t\t  settings: {\n\t\t\t\t\t\t\t\tslidesToShow: 2,\n\t\t\t\t\t\t\t\tslidesToScroll: 2\n\t\t\t\t\t\t\t  }\n\t\t\t\t\t\t\t}\n\t\t\t\t\t\t],pauseOnDotsHover: true,customPaging: function(slider, i) {\n                   return '<i type=\"button\" style= \"color:#333333;\" class=\"ultsl-record\" data-role=\"none\"><\/i>';\n                },});\n\t\t\t\t\t}\n\t\t\t\t});\n\t\t\t<\/script>\n\t\t\t[vc_empty_space height=\u00bb100&#8243;][\/vc_column][\/vc_row]<\/p>\n<\/div>","protected":false},"excerpt":{"rendered":"<p>[vc_row][vc_column][vc_empty_space height=\u00bb100&#8243;][vc_raw_html css=\u00bb\u00bb]JTVCd3BzZW9fYnJlYWRjcnVtYiU1RA==[\/vc_raw_html][vc_column_text css=\u00bb\u00bb] IP19 | Modelo exoesqueleto skelex para asistencia de los m\u00faculos de la espalda [\/vc_column_text][\/vc_column][\/vc_row][vc_row content_placement=\u00bbmiddle\u00bb][vc_column width=\u00bb2\/3&#8243;][vc_column_text css=\u00bb\u00bb]El IP19 es un exoesqueleto dise\u00f1ado para proteger la espalda&hellip;<\/p>\n","protected":false},"author":2,"featured_media":24763,"parent":17100,"menu_order":0,"comment_status":"closed","ping_status":"closed","template":"page-avec-slider.php","meta":{"_acf_changed":false,"footnotes":""},"class_list":["post-23008","page","type-page","status-publish","has-post-thumbnail","hentry"],"acf":[],"yoast_head":"<title>IP19 - Modelo SKELEX soporte muscular de espalda ergoesqueleto<\/title>\n<meta name=\"description\" content=\"Descubra el IP19 modelo skelex, un ergoesqueleto de espalda y soporte muscular. Alivia los m\u00fasculos de la espalda y la cadera al transportar objetos.\" \/>\n<meta name=\"robots\" content=\"index, follow, max-snippet:-1, max-image-preview:large, max-video-preview:-1\" \/>\n<link rel=\"canonical\" href=\"https:\/\/gobio-robot.com\/es\/exoesqueletos-industriales\/ip19-ergoesqueleto\/\" \/>\n<meta property=\"og:locale\" content=\"es_ES\" \/>\n<meta property=\"og:type\" content=\"article\" \/>\n<meta property=\"og:title\" content=\"IP19 - Modelo SKELEX soporte muscular de espalda ergoesqueleto\" \/>\n<meta property=\"og:description\" content=\"Descubra el IP19 modelo skelex, un ergoesqueleto de espalda y soporte muscular. Alivia los m\u00fasculos de la espalda y la cadera al transportar objetos.\" \/>\n<meta property=\"og:url\" content=\"https:\/\/gobio-robot.com\/es\/exoesqueletos-industriales\/ip19-ergoesqueleto\/\" \/>\n<meta property=\"og:site_name\" content=\"GOBIO\" \/>\n<meta property=\"article:modified_time\" content=\"2025-12-10T15:27:57+00:00\" \/>\n<meta property=\"og:image\" content=\"https:\/\/gobio-robot.com\/wp-content\/uploads\/sites\/6\/2025\/10\/Exosquelette-IP19-GOBIO-1024x410.png\" \/>\n\t<meta property=\"og:image:width\" content=\"1024\" \/>\n\t<meta property=\"og:image:height\" content=\"410\" \/>\n\t<meta property=\"og:image:type\" content=\"image\/png\" \/>\n<meta name=\"twitter:card\" content=\"summary_large_image\" \/>\n<meta name=\"twitter:label1\" content=\"Tiempo de lectura\" \/>\n\t<meta name=\"twitter:data1\" content=\"4 minutos\" \/>\n<script type=\"application\/ld+json\" class=\"yoast-schema-graph\">{\"@context\":\"https:\\\/\\\/schema.org\",\"@graph\":[{\"@type\":\"WebPage\",\"@id\":\"https:\\\/\\\/gobio-robot.com\\\/es\\\/exoesqueletos-industriales\\\/ip19-ergoesqueleto\\\/\",\"url\":\"https:\\\/\\\/gobio-robot.com\\\/es\\\/exoesqueletos-industriales\\\/ip19-ergoesqueleto\\\/\",\"name\":\"IP19 - Modelo SKELEX soporte muscular de espalda ergoesqueleto\",\"isPartOf\":{\"@id\":\"https:\\\/\\\/gobio-robot.com\\\/#website\"},\"primaryImageOfPage\":{\"@id\":\"https:\\\/\\\/gobio-robot.com\\\/es\\\/exoesqueletos-industriales\\\/ip19-ergoesqueleto\\\/#primaryimage\"},\"image\":{\"@id\":\"https:\\\/\\\/gobio-robot.com\\\/es\\\/exoesqueletos-industriales\\\/ip19-ergoesqueleto\\\/#primaryimage\"},\"thumbnailUrl\":\"https:\\\/\\\/gobio-robot.com\\\/wp-content\\\/uploads\\\/sites\\\/6\\\/2025\\\/10\\\/Exosquelette-IP19-GOBIO.png\",\"datePublished\":\"2025-01-27T09:55:46+00:00\",\"dateModified\":\"2025-12-10T15:27:57+00:00\",\"description\":\"Descubra el IP19 modelo skelex, un ergoesqueleto de espalda y soporte muscular. Alivia los m\u00fasculos de la espalda y la cadera al transportar objetos.\",\"breadcrumb\":{\"@id\":\"https:\\\/\\\/gobio-robot.com\\\/es\\\/exoesqueletos-industriales\\\/ip19-ergoesqueleto\\\/#breadcrumb\"},\"inLanguage\":\"es\",\"potentialAction\":[{\"@type\":\"ReadAction\",\"target\":[\"https:\\\/\\\/gobio-robot.com\\\/es\\\/exoesqueletos-industriales\\\/ip19-ergoesqueleto\\\/\"]}]},{\"@type\":\"ImageObject\",\"inLanguage\":\"es\",\"@id\":\"https:\\\/\\\/gobio-robot.com\\\/es\\\/exoesqueletos-industriales\\\/ip19-ergoesqueleto\\\/#primaryimage\",\"url\":\"https:\\\/\\\/gobio-robot.com\\\/wp-content\\\/uploads\\\/sites\\\/6\\\/2025\\\/10\\\/Exosquelette-IP19-GOBIO.png\",\"contentUrl\":\"https:\\\/\\\/gobio-robot.com\\\/wp-content\\\/uploads\\\/sites\\\/6\\\/2025\\\/10\\\/Exosquelette-IP19-GOBIO.png\",\"width\":2000,\"height\":800,\"caption\":\"Exosquelette-IP19-GOBIO\"},{\"@type\":\"BreadcrumbList\",\"@id\":\"https:\\\/\\\/gobio-robot.com\\\/es\\\/exoesqueletos-industriales\\\/ip19-ergoesqueleto\\\/#breadcrumb\",\"itemListElement\":[{\"@type\":\"ListItem\",\"position\":1,\"name\":\"Portada\",\"item\":\"https:\\\/\\\/gobio-robot.com\\\/es\\\/\"},{\"@type\":\"ListItem\",\"position\":2,\"name\":\"Exoesqueletos industriales\",\"item\":\"https:\\\/\\\/gobio-robot.com\\\/es\\\/exoesqueletos-industriales\\\/\"},{\"@type\":\"ListItem\",\"position\":3,\"name\":\"IP19 \u2013 Exoesqueleto para asistencia de los m\u00fasculos de la espalda\"}]},{\"@type\":\"WebSite\",\"@id\":\"https:\\\/\\\/gobio-robot.com\\\/#website\",\"url\":\"https:\\\/\\\/gobio-robot.com\\\/\",\"name\":\"GOBIO\",\"description\":\"\",\"potentialAction\":[{\"@type\":\"SearchAction\",\"target\":{\"@type\":\"EntryPoint\",\"urlTemplate\":\"https:\\\/\\\/gobio-robot.com\\\/?s={search_term_string}\"},\"query-input\":{\"@type\":\"PropertyValueSpecification\",\"valueRequired\":true,\"valueName\":\"search_term_string\"}}],\"inLanguage\":\"es\"}]}<\/script>","yoast_head_json":{"title":"IP19 - Modelo SKELEX soporte muscular de espalda ergoesqueleto","description":"Descubra el IP19 modelo skelex, un ergoesqueleto de espalda y soporte muscular. Alivia los m\u00fasculos de la espalda y la cadera al transportar objetos.","robots":{"index":"index","follow":"follow","max-snippet":"max-snippet:-1","max-image-preview":"max-image-preview:large","max-video-preview":"max-video-preview:-1"},"canonical":"https:\/\/gobio-robot.com\/es\/exoesqueletos-industriales\/ip19-ergoesqueleto\/","og_locale":"es_ES","og_type":"article","og_title":"IP19 - Modelo SKELEX soporte muscular de espalda ergoesqueleto","og_description":"Descubra el IP19 modelo skelex, un ergoesqueleto de espalda y soporte muscular. Alivia los m\u00fasculos de la espalda y la cadera al transportar objetos.","og_url":"https:\/\/gobio-robot.com\/es\/exoesqueletos-industriales\/ip19-ergoesqueleto\/","og_site_name":"GOBIO","article_modified_time":"2025-12-10T15:27:57+00:00","og_image":[{"width":1024,"height":410,"url":"https:\/\/gobio-robot.com\/wp-content\/uploads\/sites\/6\/2025\/10\/Exosquelette-IP19-GOBIO-1024x410.png","type":"image\/png"}],"twitter_card":"summary_large_image","twitter_misc":{"Tiempo de lectura":"4 minutos"},"schema":{"@context":"https:\/\/schema.org","@graph":[{"@type":"WebPage","@id":"https:\/\/gobio-robot.com\/es\/exoesqueletos-industriales\/ip19-ergoesqueleto\/","url":"https:\/\/gobio-robot.com\/es\/exoesqueletos-industriales\/ip19-ergoesqueleto\/","name":"IP19 - Modelo SKELEX soporte muscular de espalda ergoesqueleto","isPartOf":{"@id":"https:\/\/gobio-robot.com\/#website"},"primaryImageOfPage":{"@id":"https:\/\/gobio-robot.com\/es\/exoesqueletos-industriales\/ip19-ergoesqueleto\/#primaryimage"},"image":{"@id":"https:\/\/gobio-robot.com\/es\/exoesqueletos-industriales\/ip19-ergoesqueleto\/#primaryimage"},"thumbnailUrl":"https:\/\/gobio-robot.com\/wp-content\/uploads\/sites\/6\/2025\/10\/Exosquelette-IP19-GOBIO.png","datePublished":"2025-01-27T09:55:46+00:00","dateModified":"2025-12-10T15:27:57+00:00","description":"Descubra el IP19 modelo skelex, un ergoesqueleto de espalda y soporte muscular. Alivia los m\u00fasculos de la espalda y la cadera al transportar objetos.","breadcrumb":{"@id":"https:\/\/gobio-robot.com\/es\/exoesqueletos-industriales\/ip19-ergoesqueleto\/#breadcrumb"},"inLanguage":"es","potentialAction":[{"@type":"ReadAction","target":["https:\/\/gobio-robot.com\/es\/exoesqueletos-industriales\/ip19-ergoesqueleto\/"]}]},{"@type":"ImageObject","inLanguage":"es","@id":"https:\/\/gobio-robot.com\/es\/exoesqueletos-industriales\/ip19-ergoesqueleto\/#primaryimage","url":"https:\/\/gobio-robot.com\/wp-content\/uploads\/sites\/6\/2025\/10\/Exosquelette-IP19-GOBIO.png","contentUrl":"https:\/\/gobio-robot.com\/wp-content\/uploads\/sites\/6\/2025\/10\/Exosquelette-IP19-GOBIO.png","width":2000,"height":800,"caption":"Exosquelette-IP19-GOBIO"},{"@type":"BreadcrumbList","@id":"https:\/\/gobio-robot.com\/es\/exoesqueletos-industriales\/ip19-ergoesqueleto\/#breadcrumb","itemListElement":[{"@type":"ListItem","position":1,"name":"Portada","item":"https:\/\/gobio-robot.com\/es\/"},{"@type":"ListItem","position":2,"name":"Exoesqueletos industriales","item":"https:\/\/gobio-robot.com\/es\/exoesqueletos-industriales\/"},{"@type":"ListItem","position":3,"name":"IP19 \u2013 Exoesqueleto para asistencia de los m\u00fasculos de la espalda"}]},{"@type":"WebSite","@id":"https:\/\/gobio-robot.com\/#website","url":"https:\/\/gobio-robot.com\/","name":"GOBIO","description":"","potentialAction":[{"@type":"SearchAction","target":{"@type":"EntryPoint","urlTemplate":"https:\/\/gobio-robot.com\/?s={search_term_string}"},"query-input":{"@type":"PropertyValueSpecification","valueRequired":true,"valueName":"search_term_string"}}],"inLanguage":"es"}]}},"_links":{"self":[{"href":"https:\/\/gobio-robot.com\/es\/wp-json\/wp\/v2\/pages\/23008","targetHints":{"allow":["GET"]}}],"collection":[{"href":"https:\/\/gobio-robot.com\/es\/wp-json\/wp\/v2\/pages"}],"about":[{"href":"https:\/\/gobio-robot.com\/es\/wp-json\/wp\/v2\/types\/page"}],"author":[{"embeddable":true,"href":"https:\/\/gobio-robot.com\/es\/wp-json\/wp\/v2\/users\/2"}],"replies":[{"embeddable":true,"href":"https:\/\/gobio-robot.com\/es\/wp-json\/wp\/v2\/comments?post=23008"}],"version-history":[{"count":5,"href":"https:\/\/gobio-robot.com\/es\/wp-json\/wp\/v2\/pages\/23008\/revisions"}],"predecessor-version":[{"id":25368,"href":"https:\/\/gobio-robot.com\/es\/wp-json\/wp\/v2\/pages\/23008\/revisions\/25368"}],"up":[{"embeddable":true,"href":"https:\/\/gobio-robot.com\/es\/wp-json\/wp\/v2\/pages\/17100"}],"wp:featuredmedia":[{"embeddable":true,"href":"https:\/\/gobio-robot.com\/es\/wp-json\/wp\/v2\/media\/24763"}],"wp:attachment":[{"href":"https:\/\/gobio-robot.com\/es\/wp-json\/wp\/v2\/media?parent=23008"}],"curies":[{"name":"wp","href":"https:\/\/api.w.org\/{rel}","templated":true}]}}