{"id":18366,"date":"2020-07-06T11:24:37","date_gmt":"2020-07-06T09:24:37","guid":{"rendered":"https:\/\/gobio-robot.com\/ip-11-exosquelette-appui-tete\/"},"modified":"2025-12-10T16:17:47","modified_gmt":"2025-12-10T15:17:47","slug":"ip11-exoesqueleto-de-cabeza-modelo-skelex","status":"publish","type":"page","link":"https:\/\/gobio-robot.com\/pt\/exoesqueletos-industriais\/ip11-exoesqueleto-de-cabeza-modelo-skelex\/","title":{"rendered":"IP11 &#8211; modelo SKELEX de suporte de cabe\u00e7a de exoesqueleto"},"content":{"rendered":"<div class=\"wpb-content-wrapper\"><p>[vc_row][vc_column][vc_empty_space height=&#8221;100&#8243;][vc_raw_html css=&#8221;&#8221;]JTVCd3BzZW9fYnJlYWRjcnVtYiU1RA==[\/vc_raw_html][vc_column_text css=&#8221;&#8221;]<\/p>\n<h2><strong>IP11 |<\/strong> Modelo SKELEX- Exoesqueleto para o pesco\u00e7o e a cabe\u00e7a<\/h2>\n<p>[\/vc_column_text][\/vc_column][\/vc_row][vc_row equal_height=&#8221;yes&#8221; content_placement=&#8221;middle&#8221;][vc_column][vc_row_inner equal_height=&#8221;yes&#8221; content_placement=&#8221;top&#8221;][vc_column_inner width=&#8221;2\/3&#8243;][vc_column_text css=&#8221;&#8221;]O IP11 modelo SKELEX \u00e9 um<strong> exoesqueleto de suporte de cabe\u00e7a leve e flex\u00edvel<\/strong> que reduz a dor muscular no pesco\u00e7o e nos ombros. Permite ao operador beneficiar de um apoio permanente para sustentar o seu pesco\u00e7o de forma a prevenir os riscos de c\u00e3ibras, assentamentos e todas as dores cervicais.[\/vc_column_text][vc_column_text css=&#8221;&#8221;]<\/p>\n<h3>UTILIZA\u00c7\u00c3O<\/h3>\n<p>Este exoesqueleto do pesco\u00e7o pode ser utilizado isoladamente ou como um acess\u00f3rio complementar do <a href=\"https:\/\/gobio-robot.com\/pt\/exoesqueletos-industriais\/ip-12-exoesqueleto-para-postura-e-apoio-de-bracos-em-altura-2\/\">exoesqueleto IP12 de postura e assist\u00eancia de bra\u00e7os elevados<\/a>. Assim combinados, s\u00e3o utilizados em todas as profiss\u00f5es em que o operador trabalha com os bra\u00e7os elevados acima da cabe\u00e7a durante longos per\u00edodos: ind\u00fastria, obras p\u00fablicas, servi\u00e7os, etc.[\/vc_column_text][\/vc_column_inner][vc_column_inner width=&#8221;1\/3&#8243;][vc_single_image image=&#8221;25256&#8243; img_size=&#8221;360*440&#8243; alignment=&#8221;center&#8221; css=&#8221;&#8221; image_hover=&#8221;&#8221;][\/vc_column_inner][\/vc_row_inner][\/vc_column][\/vc_row][vc_row content_placement=&#8221;middle&#8221;][vc_column][vc_row_inner content_placement=&#8221;top&#8221;][vc_column_inner width=&#8221;2\/3&#8243;][vc_empty_space][vc_column_text]<\/p>\n<h3>Utilizador e especificisades de exoesqueleto de suporte de cabe\u00e7a<\/h3>\n<p>A flexibilidade do exosqueleto do pesco\u00e7o IP11 permite ao operador manter uma grande liberdade de movimento enquanto se protege a si pr\u00f3prio. Se a cabe\u00e7a estiver inclinada para tr\u00e1s, o apoio de cabe\u00e7a suporta o peso do cr\u00e2nio e proporciona uma assist\u00eancia adaptada de acordo com o \u00e2ngulo, evitando qualquer risco de ferimentos e providenciando conforto e seguran\u00e7a.<\/p>\n<p>O exoesqueleto IP11 modelo <a href=\"https:\/\/www.skelex.com\/\" target=\"_blank\" rel=\"noopener\">SKELEX<\/a> permite melhorar a produtividade ao mesmo tempo que reduz as dores nos bra\u00e7os e no pesco\u00e7o.[\/vc_column_text][\/vc_column_inner][vc_column_inner width=&#8221;1\/3&#8243;]<div class=\"ult-content-box-container \" >\t<a class=\"ult-content-box-anchor\" href=\"https:\/\/gobio-robot.com\/pt\/descargas\/\" title=\"Descarregue a nossa brochura personalizada!\" >\t\t<div class=\"ult-content-box\" style=\"background-color:#009DE026;box-shadow: px px px px none;padding:15px;margin-top:5px;margin-right:15px;margin-bottom:5px;margin-left:15px;min-height:250px;-webkit-transition: all 700ms ease;-moz-transition: all 700ms ease;-ms-transition: all 700ms ease;-o-transition: all 700ms ease;transition: all 700ms ease;\"  data-hover_box_shadow=\"none\"  data-hover_border_color=\"#CD5B1B26\"    data-normal_margins=\"margin-top:5px;margin-right:15px;margin-bottom:5px;margin-left:15px;\"   data-bg=\"#009DE026\" >[vc_single_image image=&#8221;23628&#8243; img_size=&#8221;150*212&#8243; alignment=&#8221;center&#8221; css=&#8221;&#8221; image_hover=&#8221;&#8221;][vc_column_text]<\/p>\n<p style=\"text-align: center;\"><span style=\"color: #2f3787;\"><strong>Para obter mais informa\u00e7\u00f5es sobre o exoesqueleto de suporte de cabe\u00e7a IP11, descarregue a nossa brochura completa.<\/strong><\/span><\/p>\n<p>[\/vc_column_text][vc_btn title=&#8221;Descarrego&#8221; style=&#8221;custom&#8221; custom_background=&#8221;#cd5b1b&#8221; custom_text=&#8221;#ffffff&#8221; align=&#8221;center&#8221; i_icon_fontawesome=&#8221;fas fa-file-download&#8221; add_icon=&#8221;true&#8221; link=&#8221;title:Descarregue%20a%20nossa%20brochura%20personalizada!&#8221;]\t\t<\/div>\t<\/a><\/div>[\/vc_column_inner][\/vc_row_inner][\/vc_column][\/vc_row][vc_row][vc_column][vc_empty_space height=&#8221;64px&#8221;][vc_row_inner][vc_column_inner width=&#8221;1\/3&#8243;][vc_single_image image=&#8221;21986&#8243; img_size=&#8221;full&#8221;][\/vc_column_inner][vc_column_inner width=&#8221;1\/3&#8243;][vc_single_image image=&#8221;21983&#8243; img_size=&#8221;full&#8221;][\/vc_column_inner][vc_column_inner width=&#8221;1\/3&#8243;][vc_single_image image=&#8221;21980&#8243; img_size=&#8221;full&#8221;][\/vc_column_inner][\/vc_row_inner][vc_column_text css=&#8221;.vc_custom_1762965779386{border-top-width: 20px !important;border-right-width: 20px !important;border-bottom-width: 20px !important;border-left-width: 20px !important;padding-top: 28px !important;padding-right: 28px !important;padding-bottom: 28px !important;padding-left: 28px !important;}&#8221;]<\/p>\n<p style=\"text-align: center;\"><a href=\"https:\/\/gobio-robot.com\/pt\/contacto\/\" target=\"_blank\" rel=\"noopener\"><span style=\"color: #cd5b1b;\"> <u> <strong> Contacte-nos para fazer a sua encomenda!<\/strong> <\/u> <\/span><\/a><\/p>\n<p>[\/vc_column_text][vc_empty_space height=&#8221;15&#8243;][vc_cta h2=&#8221;&#8221; style=&#8221;custom&#8221; add_button=&#8221;right&#8221; btn_title=&#8221;Ir para a p\u00e1gina&#8221; btn_style=&#8221;custom&#8221; btn_custom_background=&#8221;#cd5b1b&#8221; btn_custom_text=&#8221;#ffffff&#8221; btn_align=&#8221;right&#8221; css=&#8221;&#8221; custom_background=&#8221;#f2f2f2&#8243; custom_text=&#8221;#3d3d3d&#8221; el_class=&#8221;cta-gobio&#8221; btn_link=&#8221;url:https%3A%2F%2Fgobio-robot.com%2Fpt%2Fexoesqueletos-industriais%2Fip-12-exoesqueleto-para-postura-e-apoio-de-bracos-em-altura%2F|title:IP%2012%20%E2%80%93%20exoesqueleto%20para%20postura%20e%20apoio%20de%20bra%C3%A7os%20em%20altura|target:_blank&#8221;]Para obter mais informa\u00e7\u00f5es, consulte a nossa p\u00e1gina dedicada ao exoesqueleto de postura e assist\u00eancia de bra\u00e7os elevados IP12 modelo SKELEX.[\/vc_cta][vc_empty_space height=&#8221;64&#8243;][\/vc_column][\/vc_row][vc_row][vc_column][vc_column_text css=&#8221;&#8221;]<\/p>\n<h3>D\u00e9couvrez notre gamme d&#8217;exosquelettes GOBIO<\/h3>\n<p>[\/vc_column_text]<div id=\"ult-carousel-249252645769dba0e34d482\" class=\"ult-carousel-wrapper   ult_horizontal\" data-gutter=\"15\" data-rtl=\"false\" ><div class=\"ult-carousel-161629975469dba0e34d3a2 \" >[vc_single_image image=&#8221;23827&#8243; img_size=&#8221;250*250&#8243; alignment=&#8221;center&#8221; style=&#8221;vc_box_circle&#8221; onclick=&#8221;custom_link&#8221; css=&#8221;.vc_custom_1760692386002{background-color: #FFFFFF !important;}&#8221; image_hover=&#8221;&#8221; link=&#8221;https:\/\/gobio-robot.com\/pt\/exoesqueletos-industriais\/ip-12-exoesqueleto-para-postura-e-apoio-de-bracos-em-altura\/&#8221; title=&#8221;IP12&#8243;][vc_single_image image=&#8221;24128&#8243; img_size=&#8221;250*250&#8243; alignment=&#8221;center&#8221; style=&#8221;vc_box_circle&#8221; onclick=&#8221;custom_link&#8221; css=&#8221;.vc_custom_1760692230653{background-color: #FFFFFF !important;}&#8221; image_hover=&#8221;&#8221; link=&#8221;https:\/\/gobio-robot.com\/pt\/exoesqueletos-industriais\/ip13-alivio-de-dores-lombares\/&#8221; title=&#8221;IP13&#8243;][vc_single_image image=&#8221;24132&#8243; img_size=&#8221;250*250&#8243; alignment=&#8221;center&#8221; style=&#8221;vc_box_circle&#8221; onclick=&#8221;custom_link&#8221; css=&#8221;.vc_custom_1760692241541{background-color: #FFFFFF !important;}&#8221; image_hover=&#8221;&#8221; link=&#8221;https:\/\/gobio-robot.com\/pt\/exoesqueletos-industriais\/ip-14-cadeira-de-exoesqueleto-para-postura-de-pe\/&#8221; title=&#8221;IP14&#8243;][vc_single_image image=&#8221;24136&#8243; img_size=&#8221;250*250&#8243; alignment=&#8221;center&#8221; style=&#8221;vc_box_circle&#8221; onclick=&#8221;custom_link&#8221; css=&#8221;.vc_custom_1760692252855{background-color: #FFFFFF !important;}&#8221; image_hover=&#8221;&#8221; link=&#8221;https:\/\/gobio-robot.com\/pt\/exoesqueletos-industriais\/ironhand-guante-bionico\/&#8221; title=&#8221;IRONHAND\u00ae&#8221;][vc_single_image image=&#8221;24161&#8243; img_size=&#8221;250*250&#8243; alignment=&#8221;center&#8221; style=&#8221;vc_box_circle&#8221; onclick=&#8221;custom_link&#8221; css=&#8221;.vc_custom_1760692379698{background-color: #FFFFFF !important;}&#8221; image_hover=&#8221;&#8221; link=&#8221;https:\/\/gobio-robot.com\/pt\/exoesqueletos-industriais\/ip19-ergoesqueleto-musculos-das-costas\/&#8221; title=&#8221;IP19&#8243;]<\/div><\/div>\t\t\t<script type=\"text\/javascript\">\n\t\t\t\tjQuery(document).ready(function ($) {\n\t\t\t\t\tif( typeof jQuery('.ult-carousel-161629975469dba0e34d3a2').slick == \"function\"){\n\t\t\t\t\t\t$('.ult-carousel-161629975469dba0e34d3a2').slick({dots: false,autoplay: true,autoplaySpeed: \"3000\",speed: \"300\",infinite: true,arrows: true,nextArrow: '<button type=\"button\" role=\"button\" aria-label=\"Next\" style=\"color:#2F3787; font-size:20px;\" class=\"slick-next default\"><i class=\"ultsl-arrow-right6\"><\/i><\/button>',prevArrow: '<button type=\"button\" role=\"button\" aria-label=\"Previous\" style=\"color:#2F3787; font-size:20px;\" class=\"slick-prev default\"><i class=\"ultsl-arrow-left6\"><\/i><\/button>',slidesToScroll:3,slidesToShow:3,swipe: true,draggable: true,touchMove: true,pauseOnHover: true,pauseOnFocus: false,responsive: [\n\t\t\t\t\t\t\t{\n\t\t\t\t\t\t\t  breakpoint: 1026,\n\t\t\t\t\t\t\t  settings: {\n\t\t\t\t\t\t\t\tslidesToShow: 3,\n\t\t\t\t\t\t\t\tslidesToScroll: 3,  \n\t\t\t\t\t\t\t  }\n\t\t\t\t\t\t\t},\n\t\t\t\t\t\t\t{\n\t\t\t\t\t\t\t  breakpoint: 1025,\n\t\t\t\t\t\t\t  settings: {\n\t\t\t\t\t\t\t\tslidesToShow: 3,\n\t\t\t\t\t\t\t\tslidesToScroll: 3\n\t\t\t\t\t\t\t  }\n\t\t\t\t\t\t\t},\n\t\t\t\t\t\t\t{\n\t\t\t\t\t\t\t  breakpoint: 760,\n\t\t\t\t\t\t\t  settings: {\n\t\t\t\t\t\t\t\tslidesToShow: 2,\n\t\t\t\t\t\t\t\tslidesToScroll: 2\n\t\t\t\t\t\t\t  }\n\t\t\t\t\t\t\t}\n\t\t\t\t\t\t],pauseOnDotsHover: true,customPaging: function(slider, i) {\n                   return '<i type=\"button\" style= \"color:#333333;\" class=\"ultsl-record\" data-role=\"none\"><\/i>';\n                },});\n\t\t\t\t\t}\n\t\t\t\t});\n\t\t\t<\/script>\n\t\t\t[vc_empty_space height=&#8221;50&#8243;][\/vc_column][\/vc_row]<\/p>\n<\/div>","protected":false},"excerpt":{"rendered":"<p>[vc_row][vc_column][vc_empty_space height=&#8221;100&#8243;][vc_raw_html css=&#8221;&#8221;]JTVCd3BzZW9fYnJlYWRjcnVtYiU1RA==[\/vc_raw_html][vc_column_text css=&#8221;&#8221;] IP11 | Modelo SKELEX- Exoesqueleto para o pesco\u00e7o e a cabe\u00e7a [\/vc_column_text][\/vc_column][\/vc_row][vc_row equal_height=&#8221;yes&#8221; content_placement=&#8221;middle&#8221;][vc_column][vc_row_inner equal_height=&#8221;yes&#8221; content_placement=&#8221;top&#8221;][vc_column_inner width=&#8221;2\/3&#8243;][vc_column_text css=&#8221;&#8221;]O IP11 modelo SKELEX \u00e9 um exoesqueleto de suporte&hellip;<\/p>\n","protected":false},"author":2,"featured_media":18368,"parent":18431,"menu_order":0,"comment_status":"closed","ping_status":"closed","template":"page-avec-slider.php","meta":{"_acf_changed":false,"footnotes":""},"class_list":["post-18366","page","type-page","status-publish","has-post-thumbnail","hentry"],"acf":[],"yoast_head":"<title>IP11 - modelo SKELEX de suporte de cabe\u00e7a de exoesqueleto - GOBIO<\/title>\n<meta name=\"description\" content=\"O exoesqueleto de suporte de cabe\u00e7a IP11, exoesqueleto do pesco\u00e7o, proporciona um apoio permanente para evitar o risco de dores no pesco\u00e7o.\" \/>\n<meta name=\"robots\" content=\"index, follow, max-snippet:-1, max-image-preview:large, max-video-preview:-1\" \/>\n<link rel=\"canonical\" href=\"https:\/\/gobio-robot.com\/pt\/exoesqueletos-industriais\/ip11-exoesqueleto-de-cabeza-modelo-skelex\/\" \/>\n<meta property=\"og:locale\" content=\"pt_PT\" \/>\n<meta property=\"og:type\" content=\"article\" \/>\n<meta property=\"og:title\" content=\"IP11 - modelo SKELEX de suporte de cabe\u00e7a de exoesqueleto - GOBIO\" \/>\n<meta property=\"og:description\" content=\"O exoesqueleto de suporte de cabe\u00e7a IP11, exoesqueleto do pesco\u00e7o, proporciona um apoio permanente para evitar o risco de dores no pesco\u00e7o.\" \/>\n<meta property=\"og:url\" content=\"https:\/\/gobio-robot.com\/pt\/exoesqueletos-industriais\/ip11-exoesqueleto-de-cabeza-modelo-skelex\/\" \/>\n<meta property=\"og:site_name\" content=\"GOBIO\" \/>\n<meta property=\"article:modified_time\" content=\"2025-12-10T15:17:47+00:00\" \/>\n<meta property=\"og:image\" content=\"https:\/\/gobio-robot.com\/wp-content\/uploads\/sites\/6\/2021\/10\/Exosquelette-pour-le-soulagement-de-la-nuque-IP11-GOBIO-SKELEX.jpg\" \/>\n\t<meta property=\"og:image:width\" content=\"2000\" \/>\n\t<meta property=\"og:image:height\" content=\"1000\" \/>\n\t<meta property=\"og:image:type\" content=\"image\/jpeg\" \/>\n<meta name=\"twitter:card\" content=\"summary_large_image\" \/>\n<meta name=\"twitter:label1\" content=\"Est. reading time\" \/>\n\t<meta name=\"twitter:data1\" content=\"3 minutes\" \/>\n<script type=\"application\/ld+json\" class=\"yoast-schema-graph\">{\"@context\":\"https:\\\/\\\/schema.org\",\"@graph\":[{\"@type\":\"WebPage\",\"@id\":\"https:\\\/\\\/gobio-robot.com\\\/pt\\\/exoesqueletos-industriais\\\/ip11-exoesqueleto-de-cabeza-modelo-skelex\\\/\",\"url\":\"https:\\\/\\\/gobio-robot.com\\\/pt\\\/exoesqueletos-industriais\\\/ip11-exoesqueleto-de-cabeza-modelo-skelex\\\/\",\"name\":\"IP11 - modelo SKELEX de suporte de cabe\u00e7a de exoesqueleto - GOBIO\",\"isPartOf\":{\"@id\":\"https:\\\/\\\/gobio-robot.com\\\/#website\"},\"primaryImageOfPage\":{\"@id\":\"https:\\\/\\\/gobio-robot.com\\\/pt\\\/exoesqueletos-industriais\\\/ip11-exoesqueleto-de-cabeza-modelo-skelex\\\/#primaryimage\"},\"image\":{\"@id\":\"https:\\\/\\\/gobio-robot.com\\\/pt\\\/exoesqueletos-industriais\\\/ip11-exoesqueleto-de-cabeza-modelo-skelex\\\/#primaryimage\"},\"thumbnailUrl\":\"https:\\\/\\\/gobio-robot.com\\\/wp-content\\\/uploads\\\/sites\\\/6\\\/2021\\\/10\\\/Exosquelette-pour-le-soulagement-de-la-nuque-IP11-GOBIO-SKELEX.jpg\",\"datePublished\":\"2020-07-06T09:24:37+00:00\",\"dateModified\":\"2025-12-10T15:17:47+00:00\",\"description\":\"O exoesqueleto de suporte de cabe\u00e7a IP11, exoesqueleto do pesco\u00e7o, proporciona um apoio permanente para evitar o risco de dores no pesco\u00e7o.\",\"breadcrumb\":{\"@id\":\"https:\\\/\\\/gobio-robot.com\\\/pt\\\/exoesqueletos-industriais\\\/ip11-exoesqueleto-de-cabeza-modelo-skelex\\\/#breadcrumb\"},\"inLanguage\":\"pt\",\"potentialAction\":[{\"@type\":\"ReadAction\",\"target\":[\"https:\\\/\\\/gobio-robot.com\\\/pt\\\/exoesqueletos-industriais\\\/ip11-exoesqueleto-de-cabeza-modelo-skelex\\\/\"]}]},{\"@type\":\"ImageObject\",\"inLanguage\":\"pt\",\"@id\":\"https:\\\/\\\/gobio-robot.com\\\/pt\\\/exoesqueletos-industriais\\\/ip11-exoesqueleto-de-cabeza-modelo-skelex\\\/#primaryimage\",\"url\":\"https:\\\/\\\/gobio-robot.com\\\/wp-content\\\/uploads\\\/sites\\\/6\\\/2021\\\/10\\\/Exosquelette-pour-le-soulagement-de-la-nuque-IP11-GOBIO-SKELEX.jpg\",\"contentUrl\":\"https:\\\/\\\/gobio-robot.com\\\/wp-content\\\/uploads\\\/sites\\\/6\\\/2021\\\/10\\\/Exosquelette-pour-le-soulagement-de-la-nuque-IP11-GOBIO-SKELEX.jpg\",\"width\":2000,\"height\":1000,\"caption\":\"Exoesqueleto de apoyo para la cabeza - GOBIO SKELEX\"},{\"@type\":\"BreadcrumbList\",\"@id\":\"https:\\\/\\\/gobio-robot.com\\\/pt\\\/exoesqueletos-industriais\\\/ip11-exoesqueleto-de-cabeza-modelo-skelex\\\/#breadcrumb\",\"itemListElement\":[{\"@type\":\"ListItem\",\"position\":1,\"name\":\"Home\",\"item\":\"https:\\\/\\\/gobio-robot.com\\\/pt\\\/\"},{\"@type\":\"ListItem\",\"position\":2,\"name\":\"As nossas solu\u00e7\u00f5es de exoesqueletos industriais\",\"item\":\"https:\\\/\\\/gobio-robot.com\\\/pt\\\/exoesqueletos-industriais\\\/\"},{\"@type\":\"ListItem\",\"position\":3,\"name\":\"IP11 &#8211; modelo SKELEX de suporte de cabe\u00e7a de exoesqueleto\"}]},{\"@type\":\"WebSite\",\"@id\":\"https:\\\/\\\/gobio-robot.com\\\/#website\",\"url\":\"https:\\\/\\\/gobio-robot.com\\\/\",\"name\":\"GOBIO\",\"description\":\"\",\"potentialAction\":[{\"@type\":\"SearchAction\",\"target\":{\"@type\":\"EntryPoint\",\"urlTemplate\":\"https:\\\/\\\/gobio-robot.com\\\/?s={search_term_string}\"},\"query-input\":{\"@type\":\"PropertyValueSpecification\",\"valueRequired\":true,\"valueName\":\"search_term_string\"}}],\"inLanguage\":\"pt\"}]}<\/script>","yoast_head_json":{"title":"IP11 - modelo SKELEX de suporte de cabe\u00e7a de exoesqueleto - GOBIO","description":"O exoesqueleto de suporte de cabe\u00e7a IP11, exoesqueleto do pesco\u00e7o, proporciona um apoio permanente para evitar o risco de dores no pesco\u00e7o.","robots":{"index":"index","follow":"follow","max-snippet":"max-snippet:-1","max-image-preview":"max-image-preview:large","max-video-preview":"max-video-preview:-1"},"canonical":"https:\/\/gobio-robot.com\/pt\/exoesqueletos-industriais\/ip11-exoesqueleto-de-cabeza-modelo-skelex\/","og_locale":"pt_PT","og_type":"article","og_title":"IP11 - modelo SKELEX de suporte de cabe\u00e7a de exoesqueleto - GOBIO","og_description":"O exoesqueleto de suporte de cabe\u00e7a IP11, exoesqueleto do pesco\u00e7o, proporciona um apoio permanente para evitar o risco de dores no pesco\u00e7o.","og_url":"https:\/\/gobio-robot.com\/pt\/exoesqueletos-industriais\/ip11-exoesqueleto-de-cabeza-modelo-skelex\/","og_site_name":"GOBIO","article_modified_time":"2025-12-10T15:17:47+00:00","og_image":[{"width":2000,"height":1000,"url":"https:\/\/gobio-robot.com\/wp-content\/uploads\/sites\/6\/2021\/10\/Exosquelette-pour-le-soulagement-de-la-nuque-IP11-GOBIO-SKELEX.jpg","type":"image\/jpeg"}],"twitter_card":"summary_large_image","twitter_misc":{"Est. reading time":"3 minutes"},"schema":{"@context":"https:\/\/schema.org","@graph":[{"@type":"WebPage","@id":"https:\/\/gobio-robot.com\/pt\/exoesqueletos-industriais\/ip11-exoesqueleto-de-cabeza-modelo-skelex\/","url":"https:\/\/gobio-robot.com\/pt\/exoesqueletos-industriais\/ip11-exoesqueleto-de-cabeza-modelo-skelex\/","name":"IP11 - modelo SKELEX de suporte de cabe\u00e7a de exoesqueleto - GOBIO","isPartOf":{"@id":"https:\/\/gobio-robot.com\/#website"},"primaryImageOfPage":{"@id":"https:\/\/gobio-robot.com\/pt\/exoesqueletos-industriais\/ip11-exoesqueleto-de-cabeza-modelo-skelex\/#primaryimage"},"image":{"@id":"https:\/\/gobio-robot.com\/pt\/exoesqueletos-industriais\/ip11-exoesqueleto-de-cabeza-modelo-skelex\/#primaryimage"},"thumbnailUrl":"https:\/\/gobio-robot.com\/wp-content\/uploads\/sites\/6\/2021\/10\/Exosquelette-pour-le-soulagement-de-la-nuque-IP11-GOBIO-SKELEX.jpg","datePublished":"2020-07-06T09:24:37+00:00","dateModified":"2025-12-10T15:17:47+00:00","description":"O exoesqueleto de suporte de cabe\u00e7a IP11, exoesqueleto do pesco\u00e7o, proporciona um apoio permanente para evitar o risco de dores no pesco\u00e7o.","breadcrumb":{"@id":"https:\/\/gobio-robot.com\/pt\/exoesqueletos-industriais\/ip11-exoesqueleto-de-cabeza-modelo-skelex\/#breadcrumb"},"inLanguage":"pt","potentialAction":[{"@type":"ReadAction","target":["https:\/\/gobio-robot.com\/pt\/exoesqueletos-industriais\/ip11-exoesqueleto-de-cabeza-modelo-skelex\/"]}]},{"@type":"ImageObject","inLanguage":"pt","@id":"https:\/\/gobio-robot.com\/pt\/exoesqueletos-industriais\/ip11-exoesqueleto-de-cabeza-modelo-skelex\/#primaryimage","url":"https:\/\/gobio-robot.com\/wp-content\/uploads\/sites\/6\/2021\/10\/Exosquelette-pour-le-soulagement-de-la-nuque-IP11-GOBIO-SKELEX.jpg","contentUrl":"https:\/\/gobio-robot.com\/wp-content\/uploads\/sites\/6\/2021\/10\/Exosquelette-pour-le-soulagement-de-la-nuque-IP11-GOBIO-SKELEX.jpg","width":2000,"height":1000,"caption":"Exoesqueleto de apoyo para la cabeza - GOBIO SKELEX"},{"@type":"BreadcrumbList","@id":"https:\/\/gobio-robot.com\/pt\/exoesqueletos-industriais\/ip11-exoesqueleto-de-cabeza-modelo-skelex\/#breadcrumb","itemListElement":[{"@type":"ListItem","position":1,"name":"Home","item":"https:\/\/gobio-robot.com\/pt\/"},{"@type":"ListItem","position":2,"name":"As nossas solu\u00e7\u00f5es de exoesqueletos industriais","item":"https:\/\/gobio-robot.com\/pt\/exoesqueletos-industriais\/"},{"@type":"ListItem","position":3,"name":"IP11 &#8211; modelo SKELEX de suporte de cabe\u00e7a de exoesqueleto"}]},{"@type":"WebSite","@id":"https:\/\/gobio-robot.com\/#website","url":"https:\/\/gobio-robot.com\/","name":"GOBIO","description":"","potentialAction":[{"@type":"SearchAction","target":{"@type":"EntryPoint","urlTemplate":"https:\/\/gobio-robot.com\/?s={search_term_string}"},"query-input":{"@type":"PropertyValueSpecification","valueRequired":true,"valueName":"search_term_string"}}],"inLanguage":"pt"}]}},"_links":{"self":[{"href":"https:\/\/gobio-robot.com\/pt\/wp-json\/wp\/v2\/pages\/18366","targetHints":{"allow":["GET"]}}],"collection":[{"href":"https:\/\/gobio-robot.com\/pt\/wp-json\/wp\/v2\/pages"}],"about":[{"href":"https:\/\/gobio-robot.com\/pt\/wp-json\/wp\/v2\/types\/page"}],"author":[{"embeddable":true,"href":"https:\/\/gobio-robot.com\/pt\/wp-json\/wp\/v2\/users\/2"}],"replies":[{"embeddable":true,"href":"https:\/\/gobio-robot.com\/pt\/wp-json\/wp\/v2\/comments?post=18366"}],"version-history":[{"count":8,"href":"https:\/\/gobio-robot.com\/pt\/wp-json\/wp\/v2\/pages\/18366\/revisions"}],"predecessor-version":[{"id":25263,"href":"https:\/\/gobio-robot.com\/pt\/wp-json\/wp\/v2\/pages\/18366\/revisions\/25263"}],"up":[{"embeddable":true,"href":"https:\/\/gobio-robot.com\/pt\/wp-json\/wp\/v2\/pages\/18431"}],"wp:featuredmedia":[{"embeddable":true,"href":"https:\/\/gobio-robot.com\/pt\/wp-json\/wp\/v2\/media\/18368"}],"wp:attachment":[{"href":"https:\/\/gobio-robot.com\/pt\/wp-json\/wp\/v2\/media?parent=18366"}],"curies":[{"name":"wp","href":"https:\/\/api.w.org\/{rel}","templated":true}]}}