{"id":18401,"date":"2019-09-16T12:19:11","date_gmt":"2019-09-16T10:19:11","guid":{"rendered":"https:\/\/gobio-robot.com\/ironhand-gant-bionique-de-manutention\/"},"modified":"2025-12-10T16:26:00","modified_gmt":"2025-12-10T15:26:00","slug":"ironhand-guante-bionico","status":"publish","type":"page","link":"https:\/\/gobio-robot.com\/pt\/exoesqueletos-industriais\/ironhand-guante-bionico\/","title":{"rendered":"Ironhand\u00ae &#8211; Luva bi\u00f3nica"},"content":{"rendered":"<div class=\"wpb-content-wrapper\"><p>[vc_row][vc_column][vc_empty_space height=&#8221;100&#8243;][vc_raw_html css=&#8221;&#8221;]JTVCd3BzZW9fYnJlYWRjcnVtYiU1RA==[\/vc_raw_html][vc_column_text css=&#8221;&#8221;]<\/p>\n<h2><strong>Ironhand\u00ae<\/strong> | LUVA BI\u00d3NICA<\/h2>\n<p>[\/vc_column_text][\/vc_column][\/vc_row][vc_row][vc_column width=&#8221;2\/3&#8243;][vc_column_text css=&#8221;&#8221;]Ironhand\u00ae modelo skelex \u00e9 uma luva bi\u00f3nica que pode ser utilizada em todos os trabalhos em que a m\u00e3o \u00e9 muito utilizada. Este exoesqueleto de m\u00e3o fornece ao usu\u00e1rio uma assist\u00eancia motorizada para reduzir ou compensar os constrangimentos f\u00edsicos da manipula\u00e7\u00e3o. Facilita as tarefas di\u00e1rias e previne o aparecimento de <a href=\"https:\/\/gobio-robot.com\/pt\/lme-e-fadiga-2\/\" target=\"_blank\" rel=\"noopener\">perturba\u00e7\u00f5es m\u00fasculo-esquel\u00e9ticas (MSD)<\/a> na m\u00e3o e do cotovelo, como tendinites, epicondilites ou s\u00edndrome do t\u00fanel c\u00e1rpico.<\/p>\n<p>Um exoesqueleto ativo e flex\u00edvel, leve e personaliz\u00e1vel, permite ao operador estabelecer diferentes combina\u00e7\u00f5es de pot\u00eancia e sensibilidade que se adaptar\u00e3o perfeitamente ao seu trabalho. A Ironhand\u00ae est\u00e1 dispon\u00edvel em quatro tamanhos para a m\u00e3o esquerda e para a m\u00e3o direita.[\/vc_column_text][vc_column_text css=&#8221;&#8221;]<\/p>\n<h3>PRINCIPAIS VANTAGENS<\/h3>\n<p>[\/vc_column_text][vc_row_inner][vc_column_inner width=&#8221;1\/3&#8243;][vc_single_image image=&#8221;25109&#8243; img_size=&#8221;120*120&#8243; alignment=&#8221;center&#8221; css=&#8221;&#8221; image_hover=&#8221;&#8221;][vc_column_text css=&#8221;&#8221;]<\/p>\n<p style=\"text-align: center;\">Inteligente<\/p>\n<p>[\/vc_column_text][\/vc_column_inner][vc_column_inner width=&#8221;1\/3&#8243;][vc_single_image image=&#8221;25113&#8243; img_size=&#8221;120*120&#8243; alignment=&#8221;center&#8221; css=&#8221;&#8221; image_hover=&#8221;&#8221;][vc_column_text css=&#8221;&#8221;]<\/p>\n<p style=\"text-align: center;\">Aut\u00f4nomo<\/p>\n<p>[\/vc_column_text][\/vc_column_inner][vc_column_inner width=&#8221;1\/3&#8243;][vc_single_image image=&#8221;25117&#8243; img_size=&#8221;120*120&#8243; alignment=&#8221;center&#8221; css=&#8221;&#8221; image_hover=&#8221;&#8221;][vc_column_text css=&#8221;&#8221;]<\/p>\n<p style=\"text-align: center;\">Leve<\/p>\n<p>[\/vc_column_text][\/vc_column_inner][\/vc_row_inner][vc_empty_space height=&#8221;64&#8243;][\/vc_column][vc_column width=&#8221;1\/3&#8243;][vc_single_image image=&#8221;25105&#8243; img_size=&#8221;450*550&#8243; alignment=&#8221;center&#8221; css=&#8221;&#8221; image_hover=&#8221;&#8221;][\/vc_column][\/vc_row][vc_row][vc_column][vc_row_inner content_placement=&#8221;top&#8221;][vc_column_inner width=&#8221;2\/3&#8243;][vc_column_text css=&#8221;&#8221;]<\/p>\n<h3>UTILIZA\u00c7\u00c3O<\/h3>\n<p>A Ironhand\u00ae \u00e9 utilizado em profiss\u00f5es que requerem a manipula\u00e7\u00e3o de ferramentas ou de pe\u00e7as, como, por exemplo:<\/p>\n<ul>\n<li>na ind\u00fastria com a manipula\u00e7\u00e3o de ferramentas port\u00e1teis (rebitadeira, ma\u00e7arico, &#8230;)<\/li>\n<li>na constru\u00e7\u00e3o civil com a manuten\u00e7\u00e3o prolongada de furadeira, etc.<\/li>\n<\/ul>\n<p>Mas tamb\u00e9m nas profiss\u00f5es de marroquinaria, reposi\u00e7\u00e3o de mercadorias, agricultura, agroalimentar.[\/vc_column_text][vc_column_text]<\/p>\n<h3>UTILIZADORES<\/h3>\n<p>Os movimentos repetitivos, as posi\u00e7\u00f5es n\u00e3o naturais da m\u00e3o, ou a preens\u00e3o apertada e prolongada da palma da m\u00e3o, podem originar doen\u00e7as profissionais (les\u00f5es m\u00fasculo-esquel\u00e9ticas). Os operadores expostos a estes gestos est\u00e3o sujeitos a diferentes sintomas: formigueiro nos dedos, dores noturnas, dorm\u00eancia, etc.<\/p>\n<p>O exoesqueleto de m\u00e3o Ironhand\u00ae ajuda a prevenir estes sintomas, aumentando a for\u00e7a natural da m\u00e3o e reduzindo o stress.[\/vc_column_text][\/vc_column_inner][vc_column_inner width=&#8221;1\/3&#8243;]<div class=\"ult-content-box-container \" >\t<a class=\"ult-content-box-anchor\" href=\"https:\/\/gobio-robot.com\/pt\/descargas\/\" title=\"Descargas\" >\t\t<div class=\"ult-content-box\" style=\"background-color:rgba(0,157,224,0.15);box-shadow: px px px px none;padding:15px;margin-top:5px;margin-right:15px;margin-bottom:5px;margin-left:15px;min-height:250px;-webkit-transition: all 700ms ease;-moz-transition: all 700ms ease;-ms-transition: all 700ms ease;-o-transition: all 700ms ease;transition: all 700ms ease;\"  data-hover_bg_color=\"rgba(205,91,27,0.15)\"  data-hover_box_shadow=\"none\"    data-normal_margins=\"margin-top:5px;margin-right:15px;margin-bottom:5px;margin-left:15px;\"   data-bg=\"rgba(0,157,224,0.15)\" >[vc_single_image image=&#8221;23584&#8243; img_size=&#8221;150*212&#8243; alignment=&#8221;center&#8221; css=&#8221;&#8221; image_hover=&#8221;&#8221;][vc_column_text]<\/p>\n<p style=\"text-align: center;\"><span style=\"color: #2f3787;\"><strong>Descarregar a nossa folheto completo Ironhand\u00ae.<\/strong><\/span><\/p>\n<p>[\/vc_column_text][vc_btn title=&#8221;Descarrego !&#8221; style=&#8221;custom&#8221; custom_background=&#8221;#cd5b1b&#8221; custom_text=&#8221;#ffffff&#8221; align=&#8221;center&#8221; i_icon_fontawesome=&#8221;fas fa-file-download&#8221; add_icon=&#8221;true&#8221; link=&#8221;title:Descarregue&#8221;]\t\t<\/div>\t<\/a><\/div>[vc_empty_space height=&#8221;50px&#8221;][\/vc_column_inner][\/vc_row_inner][vc_empty_space][vc_column_text css=&#8221;&#8221;]<\/p>\n<h3>PARA IR MAIS LONGE: A DIGITALIZA\u00c7\u00c3O<\/h3>\n<p>Gra\u00e7as a um sistema de intelig\u00eancia artificial, a luva aprender\u00e1 por si s\u00f3 os esfor\u00e7os aplicados pelo usu\u00e1rio e ajustar\u00e1 automaticamente as configura\u00e7\u00f5es da luva.[\/vc_column_text][\/vc_column][\/vc_row][vc_row][vc_column][vc_empty_space][vc_column_text]<\/p>\n<p style=\"text-align: center;\"><a href=\"https:\/\/gobio-robot.com\/pt\/contacto\/\" target=\"_blank\" rel=\"noopener\"><span style=\"color: #cd5b1b;\"><u><strong> Contacte-nos para fazer a sua encomenda!<\/strong> <\/u><\/span><\/a><\/p>\n<p>[\/vc_column_text][vc_row_inner][vc_column_inner width=&#8221;1\/3&#8243;][vc_single_image image=&#8221;23506&#8243; img_size=&#8221;full&#8221; css=&#8221;&#8221; image_hover=&#8221;&#8221;][\/vc_column_inner][vc_column_inner width=&#8221;1\/3&#8243;][vc_single_image image=&#8221;23510&#8243; img_size=&#8221;full&#8221; css=&#8221;&#8221; image_hover=&#8221;&#8221;][\/vc_column_inner][vc_column_inner width=&#8221;1\/3&#8243;][vc_single_image image=&#8221;23847&#8243; img_size=&#8221;full&#8221; css=&#8221;&#8221; image_hover=&#8221;&#8221;][\/vc_column_inner][\/vc_row_inner][vc_empty_space height=&#8221;45&#8243;][\/vc_column][\/vc_row][vc_row][vc_column][vc_column_text css=&#8221;&#8221;]<\/p>\n<h2 style=\"text-align: center;\">Exemplos de aplica\u00e7\u00f5es da luva bi\u00f4nica IRONHAND\u00ae<\/h2>\n<p>[\/vc_column_text][\/vc_column][\/vc_row][vc_row el_class=&#8221;block-half-col&#8221;][vc_column][vc_row_inner equal_height=&#8221;yes&#8221; content_placement=&#8221;middle&#8221; el_class=&#8221;range-alternance&#8221;][vc_column_inner width=&#8221;1\/2&#8243;][vc_column_text css=&#8221;&#8221;]<\/p>\n<h3>Constru\u00e7\u00e3o<\/h3>\n<p>Gra\u00e7as \u00e0 sua assist\u00eancia inteligente, a Ironhand\u00ae facilita as opera\u00e7\u00f5es de aparafusamento, aperto, sustenta\u00e7\u00e3o ou corte, frequentes nas profiss\u00f5es da constru\u00e7\u00e3o.[\/vc_column_text][\/vc_column_inner][vc_column_inner width=&#8221;1\/2&#8243;][vc_single_image image=&#8221;25129&#8243; img_size=&#8221;585&#215;520&#8243; css=&#8221;&#8221; image_hover=&#8221;&#8221;][\/vc_column_inner][\/vc_row_inner][vc_row_inner content_placement=&#8221;middle&#8221; el_class=&#8221;range-alternance&#8221;][vc_column_inner width=&#8221;1\/2&#8243;][vc_single_image image=&#8221;25125&#8243; img_size=&#8221;585&#215;520&#8243; css=&#8221;&#8221; image_hover=&#8221;&#8221;][\/vc_column_inner][vc_column_inner width=&#8221;1\/2&#8243;][vc_column_text css=&#8221;&#8221;]<\/p>\n<h3>Embalagem<\/h3>\n<p>O Ironhand\u00ae ajuda os operadores a manter, pin\u00e7ar ou apertar objetos repetidamente, tarefas muito comuns na embalagem.[\/vc_column_text][\/vc_column_inner][\/vc_row_inner][vc_row_inner equal_height=&#8221;yes&#8221; content_placement=&#8221;middle&#8221; el_class=&#8221;range-alternance&#8221;][vc_column_inner width=&#8221;1\/2&#8243;][vc_column_text css=&#8221;&#8221;]<\/p>\n<h3>Constru\u00e7\u00e3o naval<\/h3>\n<p>O Ironhand\u00ae auxilia os operadores navais durante opera\u00e7\u00f5es de lixamento, esmerilhamento ou corte, reduzindo o esfor\u00e7o de preens\u00e3o nas ferramentas.[\/vc_column_text][\/vc_column_inner][vc_column_inner width=&#8221;1\/2&#8243;][vc_single_image image=&#8221;25121&#8243; img_size=&#8221;585&#215;520&#8243; css=&#8221;&#8221; image_hover=&#8221;&#8221;][\/vc_column_inner][\/vc_row_inner][vc_row_inner content_placement=&#8221;middle&#8221; el_class=&#8221;range-alternance&#8221;][vc_column_inner width=&#8221;1\/2&#8243;][vc_single_image image=&#8221;25133&#8243; img_size=&#8221;585&#215;520&#8243; css=&#8221;&#8221; image_hover=&#8221;&#8221;][\/vc_column_inner][vc_column_inner width=&#8221;1\/2&#8243;][vc_column_text css=&#8221;&#8221;]<\/p>\n<h3>Constru\u00e7\u00e3o e obras p\u00fablicas<\/h3>\n<p>A luva bi\u00f4nica oferece ajuda valiosa ao manipular materiais, ferramentas pesadas ou acess\u00f3rios vibrat\u00f3rios.[\/vc_column_text][\/vc_column_inner][\/vc_row_inner][vc_empty_space][\/vc_column][\/vc_row][vc_row][vc_column][vc_btn title=&#8221;Descarregar a nossa brochura completa da Ironhand\u00ae para descobrir as suas caracter\u00edsticas, benef\u00edcios, aplica\u00e7\u00f5es&#8230;&#8221; style=&#8221;custom&#8221; custom_background=&#8221;#cd5b1b&#8221; custom_text=&#8221;#ffffff&#8221; size=&#8221;lg&#8221; align=&#8221;center&#8221; i_icon_fontawesome=&#8221;fas fa-file-download&#8221; button_block=&#8221;true&#8221; add_icon=&#8221;true&#8221; link=&#8221;url:https%3A%2F%2Fgobio-robot.com%2Fpt%2Fdescargas%2F|title:Descargas&#8221;][vc_column_text]<\/p>\n<h6 style=\"text-align: right;\">Ironhand\u00ae \u00e9 uma marca registada da Bioservo Technologies AB.<\/h6>\n<p>[\/vc_column_text][vc_empty_space][\/vc_column][\/vc_row][vc_row][vc_column][vc_column_text css=&#8221;&#8221;]<\/p>\n<h3>Descubra nossa linha de exoesqueletos GOBIO<\/h3>\n<p>[\/vc_column_text]<div id=\"ult-carousel-176863107269de2510d7912\" class=\"ult-carousel-wrapper   ult_horizontal\" data-gutter=\"15\" data-rtl=\"false\" ><div class=\"ult-carousel-323501131469de2510d7818 \" >[vc_single_image image=&#8221;22145&#8243; img_size=&#8221;250*250&#8243; alignment=&#8221;center&#8221; style=&#8221;vc_box_circle&#8221; onclick=&#8221;custom_link&#8221; css=&#8221;.vc_custom_1763127845765{background-color: #FFFFFF !important;}&#8221; image_hover=&#8221;&#8221; link=&#8221;https:\/\/gobio-robot.com\/pt\/exoesqueletos-industriais\/ip11-exoesqueleto-de-cabeza-modelo-skelex\/&#8221; title=&#8221;IP11&#8243;][vc_single_image image=&#8221;23827&#8243; img_size=&#8221;250*250&#8243; alignment=&#8221;center&#8221; style=&#8221;vc_box_circle&#8221; onclick=&#8221;custom_link&#8221; css=&#8221;.vc_custom_1763127852432{background-color: #FFFFFF !important;}&#8221; image_hover=&#8221;&#8221; link=&#8221;https:\/\/gobio-robot.com\/pt\/exoesqueletos-industriais\/ip-12-exoesqueleto-para-postura-e-apoio-de-bracos-em-altura\/&#8221; title=&#8221;IP12&#8243;][vc_single_image image=&#8221;24128&#8243; img_size=&#8221;250*250&#8243; alignment=&#8221;center&#8221; style=&#8221;vc_box_circle&#8221; onclick=&#8221;custom_link&#8221; css=&#8221;.vc_custom_1760692230653{background-color: #FFFFFF !important;}&#8221; image_hover=&#8221;&#8221; link=&#8221;https:\/\/gobio-robot.com\/pt\/exoesqueletos-industriais\/ip13-alivio-de-dores-lombares\/&#8221; title=&#8221;IP13&#8243;][vc_single_image image=&#8221;24132&#8243; img_size=&#8221;250*250&#8243; alignment=&#8221;center&#8221; style=&#8221;vc_box_circle&#8221; onclick=&#8221;custom_link&#8221; css=&#8221;.vc_custom_1760692241541{background-color: #FFFFFF !important;}&#8221; image_hover=&#8221;&#8221; link=&#8221;https:\/\/gobio-robot.com\/pt\/exoesqueletos-industriais\/ip-14-cadeira-de-exoesqueleto-para-postura-de-pe\/&#8221; title=&#8221;IP14&#8243;][vc_single_image image=&#8221;24161&#8243; img_size=&#8221;250*250&#8243; alignment=&#8221;center&#8221; style=&#8221;vc_box_circle&#8221; onclick=&#8221;custom_link&#8221; css=&#8221;.vc_custom_1760693123550{background-color: #FFFFFF !important;}&#8221; image_hover=&#8221;&#8221; link=&#8221;https:\/\/gobio-robot.com\/pt\/exoesqueletos-industriais\/ip19-ergoesqueleto-musculos-das-costas\/&#8221; title=&#8221;IP19&#8243;]<\/div><\/div>\t\t\t<script type=\"text\/javascript\">\n\t\t\t\tjQuery(document).ready(function ($) {\n\t\t\t\t\tif( typeof jQuery('.ult-carousel-323501131469de2510d7818').slick == \"function\"){\n\t\t\t\t\t\t$('.ult-carousel-323501131469de2510d7818').slick({dots: false,autoplay: true,autoplaySpeed: \"3000\",speed: \"300\",infinite: true,arrows: true,nextArrow: '<button type=\"button\" role=\"button\" aria-label=\"Next\" style=\"color:#2F3787; font-size:20px;\" class=\"slick-next default\"><i class=\"ultsl-arrow-right6\"><\/i><\/button>',prevArrow: '<button type=\"button\" role=\"button\" aria-label=\"Previous\" style=\"color:#2F3787; font-size:20px;\" class=\"slick-prev default\"><i class=\"ultsl-arrow-left6\"><\/i><\/button>',slidesToScroll:3,slidesToShow:3,swipe: true,draggable: true,touchMove: true,pauseOnHover: true,pauseOnFocus: false,responsive: [\n\t\t\t\t\t\t\t{\n\t\t\t\t\t\t\t  breakpoint: 1026,\n\t\t\t\t\t\t\t  settings: {\n\t\t\t\t\t\t\t\tslidesToShow: 3,\n\t\t\t\t\t\t\t\tslidesToScroll: 3,  \n\t\t\t\t\t\t\t  }\n\t\t\t\t\t\t\t},\n\t\t\t\t\t\t\t{\n\t\t\t\t\t\t\t  breakpoint: 1025,\n\t\t\t\t\t\t\t  settings: {\n\t\t\t\t\t\t\t\tslidesToShow: 3,\n\t\t\t\t\t\t\t\tslidesToScroll: 3\n\t\t\t\t\t\t\t  }\n\t\t\t\t\t\t\t},\n\t\t\t\t\t\t\t{\n\t\t\t\t\t\t\t  breakpoint: 760,\n\t\t\t\t\t\t\t  settings: {\n\t\t\t\t\t\t\t\tslidesToShow: 2,\n\t\t\t\t\t\t\t\tslidesToScroll: 2\n\t\t\t\t\t\t\t  }\n\t\t\t\t\t\t\t}\n\t\t\t\t\t\t],pauseOnDotsHover: true,customPaging: function(slider, i) {\n                   return '<i type=\"button\" style= \"color:#333333;\" class=\"ultsl-record\" data-role=\"none\"><\/i>';\n                },});\n\t\t\t\t\t}\n\t\t\t\t});\n\t\t\t<\/script>\n\t\t\t[vc_empty_space height=&#8221;50&#8243;][\/vc_column][\/vc_row]<\/p>\n<\/div>","protected":false},"excerpt":{"rendered":"<p>[vc_row][vc_column][vc_empty_space height=&#8221;100&#8243;][vc_raw_html css=&#8221;&#8221;]JTVCd3BzZW9fYnJlYWRjcnVtYiU1RA==[\/vc_raw_html][vc_column_text css=&#8221;&#8221;] Ironhand\u00ae | LUVA BI\u00d3NICA [\/vc_column_text][\/vc_column][\/vc_row][vc_row][vc_column width=&#8221;2\/3&#8243;][vc_column_text css=&#8221;&#8221;]Ironhand\u00ae modelo skelex \u00e9 uma luva bi\u00f3nica que pode ser utilizada em todos os trabalhos em que a m\u00e3o \u00e9&hellip;<\/p>\n","protected":false},"author":2,"featured_media":18402,"parent":18431,"menu_order":0,"comment_status":"closed","ping_status":"closed","template":"page-avec-slider.php","meta":{"_acf_changed":false,"footnotes":""},"class_list":["post-18401","page","type-page","status-publish","has-post-thumbnail","hentry"],"acf":[],"yoast_head":"<title>Ironhand\u00ae - Luva bi\u00f3nica, Exoesqueleto de m\u00e3o | GOBIO<\/title>\n<meta name=\"description\" content=\"ronhand\u00ae, uma luva bi\u00f3nica, \u00e9 um exoesqueleto de m\u00e3o que reduz o esfor\u00e7o f\u00edsico e a LER na m\u00e3o associados ao manuseamento (fixa\u00e7\u00e3o, aperto, soldadura).\" \/>\n<meta name=\"robots\" content=\"index, follow, max-snippet:-1, max-image-preview:large, max-video-preview:-1\" \/>\n<link rel=\"canonical\" href=\"https:\/\/gobio-robot.com\/pt\/exoesqueletos-industriais\/ironhand-guante-bionico\/\" \/>\n<meta property=\"og:locale\" content=\"pt_PT\" \/>\n<meta property=\"og:type\" content=\"article\" \/>\n<meta property=\"og:title\" content=\"Ironhand\u00ae - Luva bi\u00f3nica, Exoesqueleto de m\u00e3o | GOBIO\" \/>\n<meta property=\"og:description\" content=\"ronhand\u00ae, uma luva bi\u00f3nica, \u00e9 um exoesqueleto de m\u00e3o que reduz o esfor\u00e7o f\u00edsico e a LER na m\u00e3o associados ao manuseamento (fixa\u00e7\u00e3o, aperto, soldadura).\" \/>\n<meta property=\"og:url\" content=\"https:\/\/gobio-robot.com\/pt\/exoesqueletos-industriais\/ironhand-guante-bionico\/\" \/>\n<meta property=\"og:site_name\" content=\"GOBIO\" \/>\n<meta property=\"article:modified_time\" content=\"2025-12-10T15:26:00+00:00\" \/>\n<meta property=\"og:image\" content=\"https:\/\/gobio-robot.com\/wp-content\/uploads\/sites\/6\/2019\/09\/ironhand01.jpg\" \/>\n\t<meta property=\"og:image:width\" content=\"2000\" \/>\n\t<meta property=\"og:image:height\" content=\"606\" \/>\n\t<meta property=\"og:image:type\" content=\"image\/jpeg\" \/>\n<meta name=\"twitter:card\" content=\"summary_large_image\" \/>\n<meta name=\"twitter:label1\" content=\"Est. reading time\" \/>\n\t<meta name=\"twitter:data1\" content=\"4 minutes\" \/>\n<script type=\"application\/ld+json\" class=\"yoast-schema-graph\">{\"@context\":\"https:\\\/\\\/schema.org\",\"@graph\":[{\"@type\":\"WebPage\",\"@id\":\"https:\\\/\\\/gobio-robot.com\\\/pt\\\/exoesqueletos-industriais\\\/ironhand-guante-bionico\\\/\",\"url\":\"https:\\\/\\\/gobio-robot.com\\\/pt\\\/exoesqueletos-industriais\\\/ironhand-guante-bionico\\\/\",\"name\":\"Ironhand\u00ae - Luva bi\u00f3nica, Exoesqueleto de m\u00e3o | GOBIO\",\"isPartOf\":{\"@id\":\"https:\\\/\\\/gobio-robot.com\\\/#website\"},\"primaryImageOfPage\":{\"@id\":\"https:\\\/\\\/gobio-robot.com\\\/pt\\\/exoesqueletos-industriais\\\/ironhand-guante-bionico\\\/#primaryimage\"},\"image\":{\"@id\":\"https:\\\/\\\/gobio-robot.com\\\/pt\\\/exoesqueletos-industriais\\\/ironhand-guante-bionico\\\/#primaryimage\"},\"thumbnailUrl\":\"https:\\\/\\\/gobio-robot.com\\\/wp-content\\\/uploads\\\/sites\\\/6\\\/2019\\\/09\\\/ironhand01.jpg\",\"datePublished\":\"2019-09-16T10:19:11+00:00\",\"dateModified\":\"2025-12-10T15:26:00+00:00\",\"description\":\"ronhand\u00ae, uma luva bi\u00f3nica, \u00e9 um exoesqueleto de m\u00e3o que reduz o esfor\u00e7o f\u00edsico e a LER na m\u00e3o associados ao manuseamento (fixa\u00e7\u00e3o, aperto, soldadura).\",\"breadcrumb\":{\"@id\":\"https:\\\/\\\/gobio-robot.com\\\/pt\\\/exoesqueletos-industriais\\\/ironhand-guante-bionico\\\/#breadcrumb\"},\"inLanguage\":\"pt\",\"potentialAction\":[{\"@type\":\"ReadAction\",\"target\":[\"https:\\\/\\\/gobio-robot.com\\\/pt\\\/exoesqueletos-industriais\\\/ironhand-guante-bionico\\\/\"]}]},{\"@type\":\"ImageObject\",\"inLanguage\":\"pt\",\"@id\":\"https:\\\/\\\/gobio-robot.com\\\/pt\\\/exoesqueletos-industriais\\\/ironhand-guante-bionico\\\/#primaryimage\",\"url\":\"https:\\\/\\\/gobio-robot.com\\\/wp-content\\\/uploads\\\/sites\\\/6\\\/2019\\\/09\\\/ironhand01.jpg\",\"contentUrl\":\"https:\\\/\\\/gobio-robot.com\\\/wp-content\\\/uploads\\\/sites\\\/6\\\/2019\\\/09\\\/ironhand01.jpg\",\"width\":2000,\"height\":606,\"caption\":\"Ironhand\u00ae - Guante bi\u00f3nico, exoesquelto de mano - GOBIO\"},{\"@type\":\"BreadcrumbList\",\"@id\":\"https:\\\/\\\/gobio-robot.com\\\/pt\\\/exoesqueletos-industriais\\\/ironhand-guante-bionico\\\/#breadcrumb\",\"itemListElement\":[{\"@type\":\"ListItem\",\"position\":1,\"name\":\"Home\",\"item\":\"https:\\\/\\\/gobio-robot.com\\\/pt\\\/\"},{\"@type\":\"ListItem\",\"position\":2,\"name\":\"As nossas solu\u00e7\u00f5es de exoesqueletos industriais\",\"item\":\"https:\\\/\\\/gobio-robot.com\\\/pt\\\/exoesqueletos-industriais\\\/\"},{\"@type\":\"ListItem\",\"position\":3,\"name\":\"Ironhand\u00ae &#8211; Luva bi\u00f3nica\"}]},{\"@type\":\"WebSite\",\"@id\":\"https:\\\/\\\/gobio-robot.com\\\/#website\",\"url\":\"https:\\\/\\\/gobio-robot.com\\\/\",\"name\":\"GOBIO\",\"description\":\"\",\"potentialAction\":[{\"@type\":\"SearchAction\",\"target\":{\"@type\":\"EntryPoint\",\"urlTemplate\":\"https:\\\/\\\/gobio-robot.com\\\/?s={search_term_string}\"},\"query-input\":{\"@type\":\"PropertyValueSpecification\",\"valueRequired\":true,\"valueName\":\"search_term_string\"}}],\"inLanguage\":\"pt\"}]}<\/script>","yoast_head_json":{"title":"Ironhand\u00ae - Luva bi\u00f3nica, Exoesqueleto de m\u00e3o | GOBIO","description":"ronhand\u00ae, uma luva bi\u00f3nica, \u00e9 um exoesqueleto de m\u00e3o que reduz o esfor\u00e7o f\u00edsico e a LER na m\u00e3o associados ao manuseamento (fixa\u00e7\u00e3o, aperto, soldadura).","robots":{"index":"index","follow":"follow","max-snippet":"max-snippet:-1","max-image-preview":"max-image-preview:large","max-video-preview":"max-video-preview:-1"},"canonical":"https:\/\/gobio-robot.com\/pt\/exoesqueletos-industriais\/ironhand-guante-bionico\/","og_locale":"pt_PT","og_type":"article","og_title":"Ironhand\u00ae - Luva bi\u00f3nica, Exoesqueleto de m\u00e3o | GOBIO","og_description":"ronhand\u00ae, uma luva bi\u00f3nica, \u00e9 um exoesqueleto de m\u00e3o que reduz o esfor\u00e7o f\u00edsico e a LER na m\u00e3o associados ao manuseamento (fixa\u00e7\u00e3o, aperto, soldadura).","og_url":"https:\/\/gobio-robot.com\/pt\/exoesqueletos-industriais\/ironhand-guante-bionico\/","og_site_name":"GOBIO","article_modified_time":"2025-12-10T15:26:00+00:00","og_image":[{"width":2000,"height":606,"url":"https:\/\/gobio-robot.com\/wp-content\/uploads\/sites\/6\/2019\/09\/ironhand01.jpg","type":"image\/jpeg"}],"twitter_card":"summary_large_image","twitter_misc":{"Est. reading time":"4 minutes"},"schema":{"@context":"https:\/\/schema.org","@graph":[{"@type":"WebPage","@id":"https:\/\/gobio-robot.com\/pt\/exoesqueletos-industriais\/ironhand-guante-bionico\/","url":"https:\/\/gobio-robot.com\/pt\/exoesqueletos-industriais\/ironhand-guante-bionico\/","name":"Ironhand\u00ae - Luva bi\u00f3nica, Exoesqueleto de m\u00e3o | GOBIO","isPartOf":{"@id":"https:\/\/gobio-robot.com\/#website"},"primaryImageOfPage":{"@id":"https:\/\/gobio-robot.com\/pt\/exoesqueletos-industriais\/ironhand-guante-bionico\/#primaryimage"},"image":{"@id":"https:\/\/gobio-robot.com\/pt\/exoesqueletos-industriais\/ironhand-guante-bionico\/#primaryimage"},"thumbnailUrl":"https:\/\/gobio-robot.com\/wp-content\/uploads\/sites\/6\/2019\/09\/ironhand01.jpg","datePublished":"2019-09-16T10:19:11+00:00","dateModified":"2025-12-10T15:26:00+00:00","description":"ronhand\u00ae, uma luva bi\u00f3nica, \u00e9 um exoesqueleto de m\u00e3o que reduz o esfor\u00e7o f\u00edsico e a LER na m\u00e3o associados ao manuseamento (fixa\u00e7\u00e3o, aperto, soldadura).","breadcrumb":{"@id":"https:\/\/gobio-robot.com\/pt\/exoesqueletos-industriais\/ironhand-guante-bionico\/#breadcrumb"},"inLanguage":"pt","potentialAction":[{"@type":"ReadAction","target":["https:\/\/gobio-robot.com\/pt\/exoesqueletos-industriais\/ironhand-guante-bionico\/"]}]},{"@type":"ImageObject","inLanguage":"pt","@id":"https:\/\/gobio-robot.com\/pt\/exoesqueletos-industriais\/ironhand-guante-bionico\/#primaryimage","url":"https:\/\/gobio-robot.com\/wp-content\/uploads\/sites\/6\/2019\/09\/ironhand01.jpg","contentUrl":"https:\/\/gobio-robot.com\/wp-content\/uploads\/sites\/6\/2019\/09\/ironhand01.jpg","width":2000,"height":606,"caption":"Ironhand\u00ae - Guante bi\u00f3nico, exoesquelto de mano - GOBIO"},{"@type":"BreadcrumbList","@id":"https:\/\/gobio-robot.com\/pt\/exoesqueletos-industriais\/ironhand-guante-bionico\/#breadcrumb","itemListElement":[{"@type":"ListItem","position":1,"name":"Home","item":"https:\/\/gobio-robot.com\/pt\/"},{"@type":"ListItem","position":2,"name":"As nossas solu\u00e7\u00f5es de exoesqueletos industriais","item":"https:\/\/gobio-robot.com\/pt\/exoesqueletos-industriais\/"},{"@type":"ListItem","position":3,"name":"Ironhand\u00ae &#8211; Luva bi\u00f3nica"}]},{"@type":"WebSite","@id":"https:\/\/gobio-robot.com\/#website","url":"https:\/\/gobio-robot.com\/","name":"GOBIO","description":"","potentialAction":[{"@type":"SearchAction","target":{"@type":"EntryPoint","urlTemplate":"https:\/\/gobio-robot.com\/?s={search_term_string}"},"query-input":{"@type":"PropertyValueSpecification","valueRequired":true,"valueName":"search_term_string"}}],"inLanguage":"pt"}]}},"_links":{"self":[{"href":"https:\/\/gobio-robot.com\/pt\/wp-json\/wp\/v2\/pages\/18401","targetHints":{"allow":["GET"]}}],"collection":[{"href":"https:\/\/gobio-robot.com\/pt\/wp-json\/wp\/v2\/pages"}],"about":[{"href":"https:\/\/gobio-robot.com\/pt\/wp-json\/wp\/v2\/types\/page"}],"author":[{"embeddable":true,"href":"https:\/\/gobio-robot.com\/pt\/wp-json\/wp\/v2\/users\/2"}],"replies":[{"embeddable":true,"href":"https:\/\/gobio-robot.com\/pt\/wp-json\/wp\/v2\/comments?post=18401"}],"version-history":[{"count":15,"href":"https:\/\/gobio-robot.com\/pt\/wp-json\/wp\/v2\/pages\/18401\/revisions"}],"predecessor-version":[{"id":25153,"href":"https:\/\/gobio-robot.com\/pt\/wp-json\/wp\/v2\/pages\/18401\/revisions\/25153"}],"up":[{"embeddable":true,"href":"https:\/\/gobio-robot.com\/pt\/wp-json\/wp\/v2\/pages\/18431"}],"wp:featuredmedia":[{"embeddable":true,"href":"https:\/\/gobio-robot.com\/pt\/wp-json\/wp\/v2\/media\/18402"}],"wp:attachment":[{"href":"https:\/\/gobio-robot.com\/pt\/wp-json\/wp\/v2\/media?parent=18401"}],"curies":[{"name":"wp","href":"https:\/\/api.w.org\/{rel}","templated":true}]}}