{"id":18412,"date":"2019-02-12T16:23:21","date_gmt":"2019-02-12T15:23:21","guid":{"rendered":"https:\/\/gobio-robot.com\/revue-de-presse\/"},"modified":"2023-03-02T12:42:13","modified_gmt":"2023-03-02T11:42:13","slug":"revista-de-imprensa","status":"publish","type":"page","link":"https:\/\/gobio-robot.com\/pt\/empresa\/revista-de-imprensa\/","title":{"rendered":"Revista de imprensa"},"content":{"rendered":"<div class=\"wpb-content-wrapper\"><p>[vc_row][vc_column width=&#8221;2\/3&#8243;][vc_column_text]<\/p>\n<h2>Revis\u00e3o da imprensa e Tweets<\/h2>\n<p>Abaixo encontrar\u00e1 links para artigos, v\u00eddeos e reportagens sobre o objeto do nosso trabalho.<\/p>\n<p>&nbsp;<\/p>\n<p><a href=\"http:\/\/www.industrie-mag.com\/article29714.html\">18\/06\/2021 &#8211; Vivatech\u00a0: Un exosquelette pour mieux travailler<\/a><\/p>\n<p><a href=\"https:\/\/news.cision.com\/bioservo-technologies-ab--publ-\/r\/gobio-places-orders-for-100-ironhand--systems,c3330067\">21\/04\/2021 &#8211; GOBIO places orders for 100 Ironhand[\u00ae] systems &#8211; NEWS CISION<\/a><\/p>\n<p><a href=\"https:\/\/www.francetvinfo.fr\/economie\/emploi\/carriere\/vie-professionnelle\/sante-au-travail\/au-chu-de-rouen-des-exosquelettes-pour-soulager-le-dos-des-salaries_4303099.html\">23\/02\/2021 &#8211; Au CHU de Rouen, des exosquelettes pour soulager le dos des salari\u00e9s &#8211; France Info<\/a><\/p>\n<p><a href=\"https:\/\/gobio-robot.com\/wp-content\/uploads\/sites\/6\/2021\/02\/DLR-MAG-Des-exosquelettes-au-quotidien-0121.pdf\" target=\"_blank\" rel=\"noopener noreferrer\">02\/02\/2021 &#8211; Des exosquelettes au quotidien &#8211; DLR MAG<\/a><\/p>\n<p><a href=\"https:\/\/gobio-robot.com\/wp-content\/uploads\/sites\/6\/2020\/10\/Protection-Individuelle-Collective-Septembre-octobre-2020.pdf\" target=\"_blank\" rel=\"noopener noreferrer\">06\/10\/2020 &#8211; Exo &amp; Ergosquelettes : quasi du sur-mesure &#8211; PIC\u00a0<\/a><\/p>\n<p><a href=\"https:\/\/gobio-robot.com\/wp-content\/uploads\/sites\/6\/2020\/10\/Article-Skelex-in-Lastechniek-July-August-2020_fre-FR.pdf\" target=\"_blank\" rel=\"noopener noreferrer\">07\/08\/2020 &#8211; Sans effort au-dessus de la t\u00eate &#8211; LASTECHNIEK de BIONISCHE LASSER<\/a><\/p>\n<p><a href=\"https:\/\/gobio-robot.com\/wp-content\/uploads\/sites\/6\/2020\/07\/Article-ERGONOMA-GOBIO.pdf\" target=\"_blank\" rel=\"noopener noreferrer\">08\/07\/2020 -Les solutions d&#8217;assistance physique \u00e0 l&#8217;op\u00e9rateur de GOBIO &#8211; Ergonoma.<\/a><br \/>\n<a href=\"https:\/\/ergonoma.com\/2020\/06\/la-survie-de-notre-espece\/\" target=\"_blank\" rel=\"noopener\">Pour consulter le magazine dans sa version compl\u00e8te, cliquez ici.<\/a><\/p>\n<p><a href=\"https:\/\/www.ouest-france.fr\/bretagne\/vitre-35500\/pays-de-vitre-des-exosquelettes-pour-soulager-les-salaries-dans-leur-travail-6720785\" target=\"_blank\" rel=\"noopener noreferrer\">04\/02\/2020 &#8211; Des exosquelettes pour soulager les salari\u00e9s dans leur travail en Ille-et-Vilaine ? &#8211; OUEST FRANCE<\/a><\/p>\n<p><a href=\"http:\/\/www.agriculteur-normand.com\/actualites\/l-exosquelette-entre-en-salle-de-traite:M6PIEYI1.html\" target=\"_blank\" rel=\"noopener noreferrer\">18\/11\/2019 &#8211; L&#8217;exosquelette entre en salle de traite &#8211; L&#8217;agriculteur Normand<\/a><\/p>\n<p><a href=\"https:\/\/rmc.bfmtv.com\/mediaplayer\/video\/la-chronique-d-anthony-morel-lutter-contre-la-penibilite-au-travail-0511-1199104.html\" target=\"_blank\" rel=\"noopener\">5\/11\/2019 &#8211; La chronique d&#8217;Anthony Morel : Lutter contre la p\u00e9nibilit\u00e9 au travail &#8211; RMC<\/a><\/p>\n<p><a href=\"https:\/\/www.francetvinfo.fr\/replay-jt\/france-2\/13-heures\/jt-de-13h-du-lundi-15-juillet-2019_3509841.html\" target=\"_blank\" rel=\"noopener\">15\/07\/2019 &#8211; Pr\u00e9server la sant\u00e9 des salari\u00e9s &#8211; FRANCE 2 <\/a><em>\u00a0<span style=\"color: #009de0;\">(\u00c0 partir de 20 minutes)<\/span><\/em><\/p>\n<p><a href=\"https:\/\/gobio-robot.com\/wp-content\/uploads\/sites\/6\/2019\/07\/GOBIO-Article-CTC-Lergonomie-participative.pdf\" target=\"_blank\" rel=\"noopener noreferrer\">02\/07\/2019 &#8211; L&#8217;ergonomie participative : l&#8217;homme au c\u0153ur de l&#8217;entreprise &#8211; CTC<\/a><\/p>\n<p><a href=\"https:\/\/blog.francetvinfo.fr\/ondes-positives\/2019\/06\/05\/lexosquelette-la-technologie-pour-soulager-les-salaries.html\" target=\"_blank\" rel=\"noopener noreferrer\">11\/06\/2019 &#8211; L&#8217;exosquelette : la technologie pour soulager les salari\u00e9s<\/a><\/p>\n<p><a href=\"https:\/\/gobio-robot.com\/wp-content\/uploads\/sites\/6\/2019\/07\/GOBIO-RIA-Mai-2019.pdf\" target=\"_blank\" rel=\"noopener noreferrer\">22\/05\/2019 &#8211;\u00a0Bridor exp\u00e9rimente les ergosquelettes &#8211; RIA<\/a><\/p>\n<p><a href=\"https:\/\/www.ouest-france.fr\/bretagne\/rennes-35000\/video-bridor-des-exosquelettes-facilitent-le-travail-des-salaries-6282481\" target=\"_blank\" rel=\"noopener\">28\/03\/2019 &#8211; A Bridor; des exosquelettes facilitent le travail des salari\u00e9s &#8211; OUEST-FRANCE<\/a><\/p>\n<p><a href=\"https:\/\/www.ouest-france.fr\/pays-de-la-loire\/saint-hilaire-de-loulay-85600\/vendee-les-exosquelettes-de-gobio-allegent-le-travail-5989256\" target=\"_blank\" rel=\"noopener noreferrer\">28\/09\/2018 &#8211; Innovation. Les exosquelettes de Gobio all\u00e8gent le travail &#8211; OUEST-FRANCE<\/a><\/p>\n<p><a href=\"https:\/\/www.francetvinfo.fr\/economie\/emploi\/carriere\/vie-professionnelle\/sante-au-travail\/entreprises-quand-la-technologie-soulage_2821087.html\" target=\"_blank\" rel=\"noopener noreferrer\">26\/06\/2018 &#8211; Entreprises : quand la technologie soulage &#8211; FRANCE 2<\/a><\/p>\n<p><a href=\"https:\/\/business.lesechos.fr\/entrepreneurs\/innovation-recherche\/0301766841189-gobio-developpe-ip12-l-exosquelette-qui-facilite-le-travail-des-soudeurs-321452.php\" target=\"_blank\" rel=\"noopener noreferrer\">07\/06\/2018 &#8211; Gobio d\u00e9veloppe IP12, l&#8217;exosquelette qui facilite le travail des soudeurs &#8211; LES \u00c9CHOS<\/a><\/p>\n<p class=\"titreArt9\"><a href=\"https:\/\/www.usinenouvelle.com\/editorial\/gobio-en-quete-de-l-exosquelette-ultra-light.N687684\" target=\"_blank\" rel=\"noopener noreferrer\">09\/05\/2018 &#8211; La PME vend\u00e9enne Gobio en qu\u00eate de l&#8217;exosquelette ultra-light &#8211; L&#8217;USINE NOUVELLE<\/a><\/p>\n<p><a href=\"https:\/\/www.novethic.fr\/actualite\/videos\/isr-rse\/conditions-de-travail-quand-les-robots-nous-veulent-du-bien-144708.html\" target=\"_blank\" rel=\"noopener noreferrer\">04\/08\/2017 &#8211; Conditions de Travail &#8211; Quand les robots nous veulent du bien &#8211; NOVETHIC<\/a>[\/vc_column_text][\/vc_column][vc_column width=&#8221;1\/3&#8243;][vc_raw_html]JTNDYSUyMGNsYXNzJTNEJTIydHdpdHRlci10aW1lbGluZSUyMiUyMGRhdGEtbGFuZyUzRCUyMmZyJTIyJTIwZGF0YS13aWR0aCUzRCUyMjUwMCUyMiUyMGRhdGEtaGVpZ2h0JTNEJTIyNTAwJTIyJTIwZGF0YS1kbnQlM0QlMjJ0cnVlJTIyJTIwZGF0YS1saW5rLWNvbG9yJTNEJTIyJTIzMDA5ZGUwJTIyJTIwaHJlZiUzRCUyMmh0dHBzJTNBJTJGJTJGdHdpdHRlci5jb20lMkZHb2Jpb1JvYm90JTNGcmVmX3NyYyUzRHR3c3JjJTI1NUV0ZnclMjIlM0VUd2VldHMlMjBieSUyMEdvYmlvUm9ib3QlM0MlMkZhJTNFJTIwJTNDc2NyaXB0JTIwYXN5bmMlMjBzcmMlM0QlMjJodHRwcyUzQSUyRiUyRnBsYXRmb3JtLnR3aXR0ZXIuY29tJTJGd2lkZ2V0cy5qcyUyMiUyMGNoYXJzZXQlM0QlMjJ1dGYtOCUyMiUzRSUzQyUyRnNjcmlwdCUzRQ==[\/vc_raw_html][\/vc_column][\/vc_row]<\/p>\n<\/div>","protected":false},"excerpt":{"rendered":"<p>[vc_row][vc_column width=&#8221;2\/3&#8243;][vc_column_text] Revis\u00e3o da imprensa e Tweets Abaixo encontrar\u00e1 links para artigos, v\u00eddeos e reportagens sobre o objeto do nosso trabalho. &nbsp; 18\/06\/2021 &#8211; Vivatech\u00a0: Un exosquelette pour mieux travailler&hellip;<\/p>\n","protected":false},"author":2,"featured_media":18413,"parent":18581,"menu_order":0,"comment_status":"closed","ping_status":"closed","template":"","meta":{"_acf_changed":false,"footnotes":""},"class_list":["post-18412","page","type-page","status-publish","has-post-thumbnail","hentry"],"acf":[],"yoast_head":"<title>Revista de imprensa - GOBIO<\/title>\n<meta name=\"robots\" content=\"index, follow, max-snippet:-1, max-image-preview:large, max-video-preview:-1\" \/>\n<link rel=\"canonical\" href=\"https:\/\/gobio-robot.com\/pt\/empresa\/revista-de-imprensa\/\" \/>\n<meta property=\"og:locale\" content=\"pt_PT\" \/>\n<meta property=\"og:type\" content=\"article\" \/>\n<meta property=\"og:title\" content=\"Revista de imprensa - GOBIO\" \/>\n<meta property=\"og:description\" content=\"[vc_row][vc_column width=&#8221;2\/3&#8243;][vc_column_text] Revis\u00e3o da imprensa e Tweets Abaixo encontrar\u00e1 links para artigos, v\u00eddeos e reportagens sobre o objeto do nosso trabalho. &nbsp; 18\/06\/2021 &#8211; Vivatech\u00a0: Un exosquelette pour mieux travailler&hellip;\" \/>\n<meta property=\"og:url\" content=\"https:\/\/gobio-robot.com\/pt\/empresa\/revista-de-imprensa\/\" \/>\n<meta property=\"og:site_name\" content=\"GOBIO\" \/>\n<meta property=\"article:modified_time\" content=\"2023-03-02T11:42:13+00:00\" \/>\n<meta property=\"og:image\" content=\"https:\/\/gobio-robot.com\/wp-content\/uploads\/sites\/6\/2022\/07\/P1044428-scaled.jpg\" \/>\n\t<meta property=\"og:image:width\" content=\"2560\" \/>\n\t<meta property=\"og:image:height\" content=\"1920\" \/>\n\t<meta property=\"og:image:type\" content=\"image\/jpeg\" \/>\n<meta name=\"twitter:card\" content=\"summary_large_image\" \/>\n<meta name=\"twitter:label1\" content=\"Est. reading time\" \/>\n\t<meta name=\"twitter:data1\" content=\"2 minutes\" \/>\n<script type=\"application\/ld+json\" class=\"yoast-schema-graph\">{\"@context\":\"https:\\\/\\\/schema.org\",\"@graph\":[{\"@type\":\"WebPage\",\"@id\":\"https:\\\/\\\/gobio-robot.com\\\/pt\\\/empresa\\\/revista-de-imprensa\\\/\",\"url\":\"https:\\\/\\\/gobio-robot.com\\\/pt\\\/empresa\\\/revista-de-imprensa\\\/\",\"name\":\"Revista de imprensa - GOBIO\",\"isPartOf\":{\"@id\":\"https:\\\/\\\/gobio-robot.com\\\/#website\"},\"primaryImageOfPage\":{\"@id\":\"https:\\\/\\\/gobio-robot.com\\\/pt\\\/empresa\\\/revista-de-imprensa\\\/#primaryimage\"},\"image\":{\"@id\":\"https:\\\/\\\/gobio-robot.com\\\/pt\\\/empresa\\\/revista-de-imprensa\\\/#primaryimage\"},\"thumbnailUrl\":\"https:\\\/\\\/gobio-robot.com\\\/wp-content\\\/uploads\\\/sites\\\/6\\\/2022\\\/07\\\/P1044428-scaled.jpg\",\"datePublished\":\"2019-02-12T15:23:21+00:00\",\"dateModified\":\"2023-03-02T11:42:13+00:00\",\"breadcrumb\":{\"@id\":\"https:\\\/\\\/gobio-robot.com\\\/pt\\\/empresa\\\/revista-de-imprensa\\\/#breadcrumb\"},\"inLanguage\":\"pt\",\"potentialAction\":[{\"@type\":\"ReadAction\",\"target\":[\"https:\\\/\\\/gobio-robot.com\\\/pt\\\/empresa\\\/revista-de-imprensa\\\/\"]}]},{\"@type\":\"ImageObject\",\"inLanguage\":\"pt\",\"@id\":\"https:\\\/\\\/gobio-robot.com\\\/pt\\\/empresa\\\/revista-de-imprensa\\\/#primaryimage\",\"url\":\"https:\\\/\\\/gobio-robot.com\\\/wp-content\\\/uploads\\\/sites\\\/6\\\/2022\\\/07\\\/P1044428-scaled.jpg\",\"contentUrl\":\"https:\\\/\\\/gobio-robot.com\\\/wp-content\\\/uploads\\\/sites\\\/6\\\/2022\\\/07\\\/P1044428-scaled.jpg\",\"width\":2560,\"height\":1920},{\"@type\":\"BreadcrumbList\",\"@id\":\"https:\\\/\\\/gobio-robot.com\\\/pt\\\/empresa\\\/revista-de-imprensa\\\/#breadcrumb\",\"itemListElement\":[{\"@type\":\"ListItem\",\"position\":1,\"name\":\"Home\",\"item\":\"https:\\\/\\\/gobio-robot.com\\\/pt\\\/\"},{\"@type\":\"ListItem\",\"position\":2,\"name\":\"Empresa\",\"item\":\"https:\\\/\\\/gobio-robot.com\\\/pt\\\/empresa\\\/\"},{\"@type\":\"ListItem\",\"position\":3,\"name\":\"Revista de imprensa\"}]},{\"@type\":\"WebSite\",\"@id\":\"https:\\\/\\\/gobio-robot.com\\\/#website\",\"url\":\"https:\\\/\\\/gobio-robot.com\\\/\",\"name\":\"GOBIO\",\"description\":\"\",\"potentialAction\":[{\"@type\":\"SearchAction\",\"target\":{\"@type\":\"EntryPoint\",\"urlTemplate\":\"https:\\\/\\\/gobio-robot.com\\\/?s={search_term_string}\"},\"query-input\":{\"@type\":\"PropertyValueSpecification\",\"valueRequired\":true,\"valueName\":\"search_term_string\"}}],\"inLanguage\":\"pt\"}]}<\/script>","yoast_head_json":{"title":"Revista de imprensa - GOBIO","robots":{"index":"index","follow":"follow","max-snippet":"max-snippet:-1","max-image-preview":"max-image-preview:large","max-video-preview":"max-video-preview:-1"},"canonical":"https:\/\/gobio-robot.com\/pt\/empresa\/revista-de-imprensa\/","og_locale":"pt_PT","og_type":"article","og_title":"Revista de imprensa - GOBIO","og_description":"[vc_row][vc_column width=&#8221;2\/3&#8243;][vc_column_text] Revis\u00e3o da imprensa e Tweets Abaixo encontrar\u00e1 links para artigos, v\u00eddeos e reportagens sobre o objeto do nosso trabalho. &nbsp; 18\/06\/2021 &#8211; Vivatech\u00a0: Un exosquelette pour mieux travailler&hellip;","og_url":"https:\/\/gobio-robot.com\/pt\/empresa\/revista-de-imprensa\/","og_site_name":"GOBIO","article_modified_time":"2023-03-02T11:42:13+00:00","og_image":[{"width":2560,"height":1920,"url":"https:\/\/gobio-robot.com\/wp-content\/uploads\/sites\/6\/2022\/07\/P1044428-scaled.jpg","type":"image\/jpeg"}],"twitter_card":"summary_large_image","twitter_misc":{"Est. reading time":"2 minutes"},"schema":{"@context":"https:\/\/schema.org","@graph":[{"@type":"WebPage","@id":"https:\/\/gobio-robot.com\/pt\/empresa\/revista-de-imprensa\/","url":"https:\/\/gobio-robot.com\/pt\/empresa\/revista-de-imprensa\/","name":"Revista de imprensa - GOBIO","isPartOf":{"@id":"https:\/\/gobio-robot.com\/#website"},"primaryImageOfPage":{"@id":"https:\/\/gobio-robot.com\/pt\/empresa\/revista-de-imprensa\/#primaryimage"},"image":{"@id":"https:\/\/gobio-robot.com\/pt\/empresa\/revista-de-imprensa\/#primaryimage"},"thumbnailUrl":"https:\/\/gobio-robot.com\/wp-content\/uploads\/sites\/6\/2022\/07\/P1044428-scaled.jpg","datePublished":"2019-02-12T15:23:21+00:00","dateModified":"2023-03-02T11:42:13+00:00","breadcrumb":{"@id":"https:\/\/gobio-robot.com\/pt\/empresa\/revista-de-imprensa\/#breadcrumb"},"inLanguage":"pt","potentialAction":[{"@type":"ReadAction","target":["https:\/\/gobio-robot.com\/pt\/empresa\/revista-de-imprensa\/"]}]},{"@type":"ImageObject","inLanguage":"pt","@id":"https:\/\/gobio-robot.com\/pt\/empresa\/revista-de-imprensa\/#primaryimage","url":"https:\/\/gobio-robot.com\/wp-content\/uploads\/sites\/6\/2022\/07\/P1044428-scaled.jpg","contentUrl":"https:\/\/gobio-robot.com\/wp-content\/uploads\/sites\/6\/2022\/07\/P1044428-scaled.jpg","width":2560,"height":1920},{"@type":"BreadcrumbList","@id":"https:\/\/gobio-robot.com\/pt\/empresa\/revista-de-imprensa\/#breadcrumb","itemListElement":[{"@type":"ListItem","position":1,"name":"Home","item":"https:\/\/gobio-robot.com\/pt\/"},{"@type":"ListItem","position":2,"name":"Empresa","item":"https:\/\/gobio-robot.com\/pt\/empresa\/"},{"@type":"ListItem","position":3,"name":"Revista de imprensa"}]},{"@type":"WebSite","@id":"https:\/\/gobio-robot.com\/#website","url":"https:\/\/gobio-robot.com\/","name":"GOBIO","description":"","potentialAction":[{"@type":"SearchAction","target":{"@type":"EntryPoint","urlTemplate":"https:\/\/gobio-robot.com\/?s={search_term_string}"},"query-input":{"@type":"PropertyValueSpecification","valueRequired":true,"valueName":"search_term_string"}}],"inLanguage":"pt"}]}},"_links":{"self":[{"href":"https:\/\/gobio-robot.com\/pt\/wp-json\/wp\/v2\/pages\/18412","targetHints":{"allow":["GET"]}}],"collection":[{"href":"https:\/\/gobio-robot.com\/pt\/wp-json\/wp\/v2\/pages"}],"about":[{"href":"https:\/\/gobio-robot.com\/pt\/wp-json\/wp\/v2\/types\/page"}],"author":[{"embeddable":true,"href":"https:\/\/gobio-robot.com\/pt\/wp-json\/wp\/v2\/users\/2"}],"replies":[{"embeddable":true,"href":"https:\/\/gobio-robot.com\/pt\/wp-json\/wp\/v2\/comments?post=18412"}],"version-history":[{"count":2,"href":"https:\/\/gobio-robot.com\/pt\/wp-json\/wp\/v2\/pages\/18412\/revisions"}],"predecessor-version":[{"id":18764,"href":"https:\/\/gobio-robot.com\/pt\/wp-json\/wp\/v2\/pages\/18412\/revisions\/18764"}],"up":[{"embeddable":true,"href":"https:\/\/gobio-robot.com\/pt\/wp-json\/wp\/v2\/pages\/18581"}],"wp:featuredmedia":[{"embeddable":true,"href":"https:\/\/gobio-robot.com\/pt\/wp-json\/wp\/v2\/media\/18413"}],"wp:attachment":[{"href":"https:\/\/gobio-robot.com\/pt\/wp-json\/wp\/v2\/media?parent=18412"}],"curies":[{"name":"wp","href":"https:\/\/api.w.org\/{rel}","templated":true}]}}