{"id":18425,"date":"2018-07-03T16:50:59","date_gmt":"2018-07-03T14:50:59","guid":{"rendered":"https:\/\/gobio-robot.com\/exosquelette-logistique\/"},"modified":"2025-12-11T17:18:44","modified_gmt":"2025-12-11T16:18:44","slug":"exoesqueleto-logistica","status":"publish","type":"page","link":"https:\/\/gobio-robot.com\/pt\/exoesqueleto-logistica\/","title":{"rendered":"Log\u00edstica"},"content":{"rendered":"<div class=\"wpb-content-wrapper\"><p>[vc_row][vc_column][vc_empty_space height=&#8221;100&#8243;][vc_raw_html css=&#8221;&#8221;]JTVCd3BzZW9fYnJlYWRjcnVtYiU1RA==[\/vc_raw_html][\/vc_column][\/vc_row][vc_row content_placement=&#8221;middle&#8221;][vc_column width=&#8221;2\/3&#8243;][vc_column_text css=&#8221;&#8221;]<\/p>\n<h2><img loading=\"lazy\" decoding=\"async\" class=\"alignleft wp-image-25419\" src=\"https:\/\/gobio-robot.com\/wp-content\/uploads\/sites\/6\/2025\/12\/logistique.png\" alt=\"\" width=\"120\" height=\"120\" srcset=\"https:\/\/gobio-robot.com\/wp-content\/uploads\/sites\/6\/2025\/12\/logistique.png 170w, https:\/\/gobio-robot.com\/wp-content\/uploads\/sites\/6\/2025\/12\/logistique-150x150.png 150w\" sizes=\"auto, (max-width: 120px) 100vw, 120px\" \/>Exoesqueleto log\u00edstica<\/h2>\n<p>As plataformas log\u00edsticas enfrentam muitos desafios: manuseio de cargas com pesos variados, posturas restritivas, ritmos intensos e, \u00e0s vezes, ambientes extremos (frio extremo, por exemplo). Os fatores humanos e organizacionais ocupam um lugar central a\u00ed. A isso se somam as opera\u00e7\u00f5es de prepara\u00e7\u00e3o de pedidos e reembalagem, que exigem muito das equipes. Um estudo da consultoria ALTAIR Conseil revela, ali\u00e1s, que 88% dos funcion\u00e1rios desse setor est\u00e3o expostos \u00e0 penosidade no trabalho.<\/p>\n<p>A procura de solu\u00e7\u00f5es para reduzir esta exig\u00eancia f\u00edsica \u00e9 constante e as nossas solu\u00e7\u00f5es de exoesqueletos log\u00edstica podem proporcionar uma resposta em variados casos.[\/vc_column_text][vc_empty_space][\/vc_column][vc_column width=&#8221;1\/3&#8243;][vc_single_image image=&#8221;24155&#8243; img_size=&#8221;large&#8221; alignment=&#8221;center&#8221; css=&#8221;&#8221; image_hover=&#8221;&#8221;][\/vc_column][\/vc_row][vc_row][vc_column][vc_separator][vc_column_text css=&#8221;&#8221;]<\/p>\n<h3>Conhe\u00e7a as nossas solu\u00e7\u00f5es para o mercado da log\u00edstica<\/h3>\n<p>[\/vc_column_text][vc_empty_space height=&#8221;10&#8243;][\/vc_column][\/vc_row][vc_row][vc_column width=&#8221;1\/4&#8243;]<div class=\"ult-ih-container ult-adjust-bottom-margin  \" >\t<ul class=\"ult-ih-list \"  data-shape=\"circle\"  data-width=\"250\"  data-height=\"250\"  style=\"text-align:center; \"><li id=\"ult-ih-list-item-2704\" class=\"ult-ih-list-item\" style=\"height: 250px; width: 250px;  margin: 15px\"><a class=\"ult-ih-link\" href=\"https:\/\/gobio-robot.com\/pt\/exoesqueletos-industriais\/ip11-exoesqueleto-de-cabeza-modelo-skelex\/\" title=\"Descubra o IP11, o exoesqueleto para as v\u00e9rtebras cervicais\"  ><div style=\"height: 250px; width: 250px; \" class=\"ult-ih-item ult-ih-effect13  ult-ih-top_to_bottom  \"><div class=\"ult-ih-image-block\" style=\"height: 250px; width: 250px; \">\t<div class=\"ult-ih-wrapper\" style=\"\"><\/div>\t<img decoding=\"async\" class=\"ult-ih-image\" src=\"https:\/\/gobio-robot.com\/wp-content\/uploads\/sites\/6\/2025\/12\/IP11.png\" alt=\"Photo-IP11-exosquelette-pour-les-cervicales\"><\/div><div class=\"ult-ih-info\" style=\"background-color: #2F3787; \">\t<div class=\"ult-ih-info-back\">\t<div class=\"ult-ih-content\">\t\t\t<div class=\"ult-ih-heading-block\" style=\"\">\t\t\t\t<h4 class=\"ult-ih-heading ult-responsive\" style=\"color:#FFFFFF;\"  data-ultimate-target='#ult-ih-list-item-2704 .ult-ih-heading'  data-responsive-json-new='{\"font-size\":\"desktop:30px;\",\"line-height\":\"desktop:28px;\"}' >IP11<\/h4>\t\t\t<\/div>\t\t\t<div class=\"ult-ih-divider-block\" style=\"height:2px;\">\t\t\t\t<span class=\"ult-ih-line\" style=\"border-style:solid;border-color:#009DE0;width:100px;border-width:2px;\"><\/span>\t\t\t<\/div>\t\t\t<div class=\"ult-ih-description-block\" style=\"\">\t\t\t\t<div class=\"ult-ih-description ult-responsive\" style=\"font-weight:bold;color:#FFFFFF;\"  data-ultimate-target='#ult-ih-list-item-2704 .ult-ih-description, #ult-ih-list-item-2704 .ult-ih-description p'  data-responsive-json-new='{\"font-size\":\"desktop:22px;\",\"line-height\":\"desktop:22px;\"}' ><div class=\"MuiBox-root css-a286oe\">\n<div class=\"MuiBox-root css-1st8fyx\" data-testid=\"tltr-input-editor-wrapper\">\n<div class=\"MuiBox-root css-gxufim\">\n<div id=\"editor\">\n<div class=\"tiptap ProseMirror\" lang=\"fr\" tabindex=\"0\" role=\"textbox\" contenteditable=\"true\" translate=\"no\" aria-label=\"Texte d\u2019entr\u00e9e\" data-gramm_editor=\"false\" data-testid=\"tltr-input-editor\">\n<div class=\"MuiBox-root css-5xxm1b\">\n<div>\n<p class=\"css-wx0oy0\" style=\"text-align: center;\">Exoesqueleto cervical<\/p>\n<\/div>\n<\/div>\n<\/div>\n<\/div>\n<\/div>\n<\/div>\n<\/div>\n\t\t\t\t<\/div>\t\t\t<\/div>\t<\/div>\t<\/div><\/div><\/div><\/a><\/li>\t<\/ul><\/div><div class=\"ult-ih-container ult-adjust-bottom-margin  \" >\t<ul class=\"ult-ih-list \"  data-shape=\"circle\"  data-width=\"250\"  data-height=\"250\"  style=\"text-align:center; \"><li id=\"ult-ih-list-item-8075\" class=\"ult-ih-list-item\" style=\"height: 250px; width: 250px;  margin: 15px\"><a class=\"ult-ih-link\" href=\"https:\/\/gobio-robot.com\/pt\/exoesqueletos-industriais\/ironhand-guante-bionico\/\" title=\"Descobrindo o IRONHAND\u00ae, luva bi\u00f4nica\"  ><div style=\"height: 250px; width: 250px; \" class=\"ult-ih-item ult-ih-effect13  ult-ih-top_to_bottom  \"><div class=\"ult-ih-image-block\" style=\"height: 250px; width: 250px; \">\t<div class=\"ult-ih-wrapper\" style=\"\"><\/div>\t<img decoding=\"async\" class=\"ult-ih-image\" src=\"https:\/\/gobio-robot.com\/wp-content\/uploads\/sites\/6\/2025\/10\/IRONHAND.png\" alt=\"null\"><\/div><div class=\"ult-ih-info\" style=\"background-color: #2F3787; \">\t<div class=\"ult-ih-info-back\">\t<div class=\"ult-ih-content\">\t\t\t<div class=\"ult-ih-heading-block\" style=\"\">\t\t\t\t<h4 class=\"ult-ih-heading ult-responsive\" style=\"color:#FFFFFF;\"  data-ultimate-target='#ult-ih-list-item-8075 .ult-ih-heading'  data-responsive-json-new='{\"font-size\":\"desktop:30px;\",\"line-height\":\"desktop:28px;\"}' >IRONHAND\u00ae<\/h4>\t\t\t<\/div>\t\t\t<div class=\"ult-ih-divider-block\" style=\"height:2px;\">\t\t\t\t<span class=\"ult-ih-line\" style=\"border-style:solid;border-color:#009DE0;width:100px;border-width:2px;\"><\/span>\t\t\t<\/div>\t\t\t<div class=\"ult-ih-description-block\" style=\"\">\t\t\t\t<div class=\"ult-ih-description ult-responsive\" style=\"font-weight:bold;color:#FFFFFF;\"  data-ultimate-target='#ult-ih-list-item-8075 .ult-ih-description, #ult-ih-list-item-8075 .ult-ih-description p'  data-responsive-json-new='{\"font-size\":\"desktop:22px;\",\"line-height\":\"desktop:22px;\"}' ><p style=\"text-align: center;\">Luva bi\u00f4nica<\/p>\n\t\t\t\t<\/div>\t\t\t<\/div>\t<\/div>\t<\/div><\/div><\/div><\/a><\/li>\t<\/ul><\/div>[\/vc_column][vc_column width=&#8221;1\/4&#8243;]<div class=\"ult-ih-container ult-adjust-bottom-margin  \" >\t<ul class=\"ult-ih-list \"  data-shape=\"circle\"  data-width=\"250\"  data-height=\"250\"  style=\"text-align:center; \"><li id=\"ult-ih-list-item-6599\" class=\"ult-ih-list-item\" style=\"height: 250px; width: 250px;  margin: 15px\"><a class=\"ult-ih-link\" href=\"https:\/\/gobio-robot.com\/pt\/exoesqueletos-industriais\/ip-12-exoesqueleto-para-postura-e-apoio-de-bracos-em-altura\/\" title=\"Descobrindo o IP12, o exoesqueleto de ombros\"  ><div style=\"height: 250px; width: 250px; \" class=\"ult-ih-item ult-ih-effect13  ult-ih-top_to_bottom  \"><div class=\"ult-ih-image-block\" style=\"height: 250px; width: 250px; \">\t<div class=\"ult-ih-wrapper\" style=\"\"><\/div>\t<img decoding=\"async\" class=\"ult-ih-image\" src=\"https:\/\/gobio-robot.com\/wp-content\/uploads\/sites\/6\/2025\/10\/IP12.png\" alt=\"null\"><\/div><div class=\"ult-ih-info\" style=\"background-color: #2F3787; \">\t<div class=\"ult-ih-info-back\">\t<div class=\"ult-ih-content\">\t\t\t<div class=\"ult-ih-heading-block\" style=\"\">\t\t\t\t<h4 class=\"ult-ih-heading ult-responsive\" style=\"color:#FFFFFF;\"  data-ultimate-target='#ult-ih-list-item-6599 .ult-ih-heading'  data-responsive-json-new='{\"font-size\":\"desktop:30px;\",\"line-height\":\"desktop:28px;\"}' >IP12<\/h4>\t\t\t<\/div>\t\t\t<div class=\"ult-ih-divider-block\" style=\"height:2px;\">\t\t\t\t<span class=\"ult-ih-line\" style=\"border-style:solid;border-color:#009DE0;width:100px;border-width:2px;\"><\/span>\t\t\t<\/div>\t\t\t<div class=\"ult-ih-description-block\" style=\"\">\t\t\t\t<div class=\"ult-ih-description ult-responsive\" style=\"font-weight:bold;color:#FFFFFF;\"  data-ultimate-target='#ult-ih-list-item-6599 .ult-ih-description, #ult-ih-list-item-6599 .ult-ih-description p'  data-responsive-json-new='{\"font-size\":\"desktop:22px;\",\"line-height\":\"desktop:22px;\"}' ><p style=\"text-align: center;\">Exoesqueleto para os ombros<\/p>\n\t\t\t\t<\/div>\t\t\t<\/div>\t<\/div>\t<\/div><\/div><\/div><\/a><\/li>\t<\/ul><\/div><div class=\"ult-ih-container ult-adjust-bottom-margin  \" >\t<ul class=\"ult-ih-list \"  data-shape=\"circle\"  data-width=\"250\"  data-height=\"250\"  style=\"text-align:center; \"><li id=\"ult-ih-list-item-7908\" class=\"ult-ih-list-item\" style=\"height: 250px; width: 250px;  margin: 15px\"><a class=\"ult-ih-link\" href=\"https:\/\/gobio-robot.com\/pt\/exoesqueletos-industriais\/ip19-ergoesqueleto-musculos-das-costas\/\" title=\"Descobrindo o IP19, exoesqueleto postural\"  ><div style=\"height: 250px; width: 250px; \" class=\"ult-ih-item ult-ih-effect13  ult-ih-top_to_bottom  \"><div class=\"ult-ih-image-block\" style=\"height: 250px; width: 250px; \">\t<div class=\"ult-ih-wrapper\" style=\"\"><\/div>\t<img decoding=\"async\" class=\"ult-ih-image\" src=\"https:\/\/gobio-robot.com\/wp-content\/uploads\/sites\/6\/2025\/10\/IP19.png\" alt=\"null\"><\/div><div class=\"ult-ih-info\" style=\"background-color: #2F3787; \">\t<div class=\"ult-ih-info-back\">\t<div class=\"ult-ih-content\">\t\t\t<div class=\"ult-ih-heading-block\" style=\"\">\t\t\t\t<h4 class=\"ult-ih-heading ult-responsive\" style=\"color:#FFFFFF;\"  data-ultimate-target='#ult-ih-list-item-7908 .ult-ih-heading'  data-responsive-json-new='{\"font-size\":\"desktop:30px;\",\"line-height\":\"desktop:28px;\"}' >IP19<\/h4>\t\t\t<\/div>\t\t\t<div class=\"ult-ih-divider-block\" style=\"height:2px;\">\t\t\t\t<span class=\"ult-ih-line\" style=\"border-style:solid;border-color:#009DE0;width:100px;border-width:2px;\"><\/span>\t\t\t<\/div>\t\t\t<div class=\"ult-ih-description-block\" style=\"\">\t\t\t\t<div class=\"ult-ih-description ult-responsive\" style=\"font-weight:bold;color:#FFFFFF;\"  data-ultimate-target='#ult-ih-list-item-7908 .ult-ih-description, #ult-ih-list-item-7908 .ult-ih-description p'  data-responsive-json-new='{\"font-size\":\"desktop:22px;\",\"line-height\":\"desktop:22px;\"}' ><p style=\"text-align: center;\">Exoesqueleto postural<\/p>\n\t\t\t\t<\/div>\t\t\t<\/div>\t<\/div>\t<\/div><\/div><\/div><\/a><\/li>\t<\/ul><\/div>[\/vc_column][vc_column width=&#8221;1\/4&#8243;]<div class=\"ult-ih-container ult-adjust-bottom-margin  \" >\t<ul class=\"ult-ih-list \"  data-shape=\"circle\"  data-width=\"250\"  data-height=\"250\"  style=\"text-align:center; \"><li id=\"ult-ih-list-item-6788\" class=\"ult-ih-list-item\" style=\"height: 250px; width: 250px;  margin: 15px\"><a class=\"ult-ih-link\" href=\"https:\/\/gobio-robot.com\/pt\/exoesqueletos-industriais\/ip13-alivio-de-dores-lombares\/\" title=\"Descobrindo o IP13, o exoesqueleto para o al\u00edvio da dor lombar\" target=\"_blank\" rel=\"noopener\"  ><div style=\"height: 250px; width: 250px; \" class=\"ult-ih-item ult-ih-effect13  ult-ih-top_to_bottom  \"><div class=\"ult-ih-image-block\" style=\"height: 250px; width: 250px; \">\t<div class=\"ult-ih-wrapper\" style=\"\"><\/div>\t<img decoding=\"async\" class=\"ult-ih-image\" src=\"https:\/\/gobio-robot.com\/wp-content\/uploads\/sites\/6\/2025\/10\/IP13.png\" alt=\"null\"><\/div><div class=\"ult-ih-info\" style=\"background-color: #2F3787; \">\t<div class=\"ult-ih-info-back\">\t<div class=\"ult-ih-content\">\t\t\t<div class=\"ult-ih-heading-block\" style=\"\">\t\t\t\t<h4 class=\"ult-ih-heading ult-responsive\" style=\"color:#FFFFFF;\"  data-ultimate-target='#ult-ih-list-item-6788 .ult-ih-heading'  data-responsive-json-new='{\"font-size\":\"desktop:30px;\",\"line-height\":\"desktop:28px;\"}' >IP13<\/h4>\t\t\t<\/div>\t\t\t<div class=\"ult-ih-divider-block\" style=\"height:2px;\">\t\t\t\t<span class=\"ult-ih-line\" style=\"border-style:solid;border-color:#009DE0;width:100px;border-width:2px;\"><\/span>\t\t\t<\/div>\t\t\t<div class=\"ult-ih-description-block\" style=\"\">\t\t\t\t<div class=\"ult-ih-description ult-responsive\" style=\"font-weight:bold;color:#FFFFFF;\"  data-ultimate-target='#ult-ih-list-item-6788 .ult-ih-description, #ult-ih-list-item-6788 .ult-ih-description p'  data-responsive-json-new='{\"font-size\":\"desktop:22px;\",\"line-height\":\"desktop:22px;\"}' ><p style=\"text-align: center;\">Exoesqueleto para as costas<\/p>\n\t\t\t\t<\/div>\t\t\t<\/div>\t<\/div>\t<\/div><\/div><\/div><\/a><\/li>\t<\/ul><\/div>[\/vc_column][vc_column width=&#8221;1\/4&#8243;]<div class=\"ult-ih-container ult-adjust-bottom-margin  \" >\t<ul class=\"ult-ih-list \"  data-shape=\"circle\"  data-width=\"250\"  data-height=\"250\"  style=\"text-align:center; \"><li id=\"ult-ih-list-item-8868\" class=\"ult-ih-list-item\" style=\"height: 250px; width: 250px;  margin: 15px\"><a class=\"ult-ih-link\" href=\"https:\/\/gobio-robot.com\/pt\/exoesqueletos-industriais\/ip-14-cadeira-de-exoesqueleto-para-postura-de-pe\/\" title=\"Descobrindo a IP 14 \u2013 cadeira exoesqueleto para postura em p\u00e9 sentado\"  ><div style=\"height: 250px; width: 250px; \" class=\"ult-ih-item ult-ih-effect13  ult-ih-top_to_bottom  \"><div class=\"ult-ih-image-block\" style=\"height: 250px; width: 250px; \">\t<div class=\"ult-ih-wrapper\" style=\"\"><\/div>\t<img decoding=\"async\" class=\"ult-ih-image\" src=\"https:\/\/gobio-robot.com\/wp-content\/uploads\/sites\/6\/2025\/10\/IP14.png\" alt=\"null\"><\/div><div class=\"ult-ih-info\" style=\"background-color: #2F3787; \">\t<div class=\"ult-ih-info-back\">\t<div class=\"ult-ih-content\">\t\t\t<div class=\"ult-ih-heading-block\" style=\"\">\t\t\t\t<h4 class=\"ult-ih-heading ult-responsive\" style=\"color:#FFFFFF;\"  data-ultimate-target='#ult-ih-list-item-8868 .ult-ih-heading'  data-responsive-json-new='{\"font-size\":\"desktop:30px;\",\"line-height\":\"desktop:28px;\"}' >IP14<\/h4>\t\t\t<\/div>\t\t\t<div class=\"ult-ih-divider-block\" style=\"height:2px;\">\t\t\t\t<span class=\"ult-ih-line\" style=\"border-style:solid;border-color:#009DE0;width:100px;border-width:2px;\"><\/span>\t\t\t<\/div>\t\t\t<div class=\"ult-ih-description-block\" style=\"\">\t\t\t\t<div class=\"ult-ih-description ult-responsive\" style=\"font-weight:bold;color:#FFFFFF;\"  data-ultimate-target='#ult-ih-list-item-8868 .ult-ih-description, #ult-ih-list-item-8868 .ult-ih-description p'  data-responsive-json-new='{\"font-size\":\"desktop:22px;\",\"line-height\":\"desktop:22px;\"}' ><p style=\"text-align: center;\">Cadeira exoesqueleto para trabalho em p\u00e9<\/p>\n\t\t\t\t<\/div>\t\t\t<\/div>\t<\/div>\t<\/div><\/div><\/div><\/a><\/li>\t<\/ul><\/div>[\/vc_column][\/vc_row][vc_row][vc_column][vc_empty_space height=&#8221;60&#8243;][\/vc_column][\/vc_row]<\/p>\n<\/div>","protected":false},"excerpt":{"rendered":"<p>[vc_row][vc_column][vc_empty_space height=&#8221;100&#8243;][vc_raw_html css=&#8221;&#8221;]JTVCd3BzZW9fYnJlYWRjcnVtYiU1RA==[\/vc_raw_html][\/vc_column][\/vc_row][vc_row content_placement=&#8221;middle&#8221;][vc_column width=&#8221;2\/3&#8243;][vc_column_text css=&#8221;&#8221;] Exoesqueleto log\u00edstica As plataformas log\u00edsticas enfrentam muitos desafios: manuseio de cargas com pesos variados, posturas restritivas, ritmos intensos e, \u00e0s vezes, ambientes extremos (frio&hellip;<\/p>\n","protected":false},"author":1,"featured_media":18426,"parent":0,"menu_order":0,"comment_status":"closed","ping_status":"closed","template":"page-avec-slider.php","meta":{"_acf_changed":false,"footnotes":""},"class_list":["post-18425","page","type-page","status-publish","has-post-thumbnail","hentry"],"acf":[],"yoast_head":"<title>Exosqueletos e armas de gravidade zero para a ind\u00fastria log\u00edstica-GOBIO<\/title>\n<meta name=\"description\" content=\"As nossas solu\u00e7\u00f5es de exoesqueleto e de bra\u00e7o de gravidade zero respondem \u00e0s necessidades de levantamento pesado e de redu\u00e7\u00e3o de MSD do sector log\u00edstico.\" \/>\n<meta name=\"robots\" content=\"index, follow, max-snippet:-1, max-image-preview:large, max-video-preview:-1\" \/>\n<link rel=\"canonical\" href=\"https:\/\/gobio-robot.com\/pt\/exoesqueleto-logistica\/\" \/>\n<meta property=\"og:locale\" content=\"pt_PT\" \/>\n<meta property=\"og:type\" content=\"article\" \/>\n<meta property=\"og:title\" content=\"Exosqueletos e armas de gravidade zero para a ind\u00fastria log\u00edstica-GOBIO\" \/>\n<meta property=\"og:description\" content=\"As nossas solu\u00e7\u00f5es de exoesqueleto e de bra\u00e7o de gravidade zero respondem \u00e0s necessidades de levantamento pesado e de redu\u00e7\u00e3o de MSD do sector log\u00edstico.\" \/>\n<meta property=\"og:url\" content=\"https:\/\/gobio-robot.com\/pt\/exoesqueleto-logistica\/\" \/>\n<meta property=\"og:site_name\" content=\"GOBIO\" \/>\n<meta property=\"article:modified_time\" content=\"2025-12-11T16:18:44+00:00\" \/>\n<meta property=\"og:image\" content=\"https:\/\/gobio-robot.com\/wp-content\/uploads\/sites\/6\/2018\/11\/factory-1137995_1920.jpg\" \/>\n\t<meta property=\"og:image:width\" content=\"1920\" \/>\n\t<meta property=\"og:image:height\" content=\"1440\" \/>\n\t<meta property=\"og:image:type\" content=\"image\/jpeg\" \/>\n<meta name=\"twitter:card\" content=\"summary_large_image\" \/>\n<meta name=\"twitter:label1\" content=\"Est. reading time\" \/>\n\t<meta name=\"twitter:data1\" content=\"3 minutes\" \/>\n<script type=\"application\/ld+json\" class=\"yoast-schema-graph\">{\"@context\":\"https:\\\/\\\/schema.org\",\"@graph\":[{\"@type\":\"WebPage\",\"@id\":\"https:\\\/\\\/gobio-robot.com\\\/pt\\\/exoesqueleto-logistica\\\/\",\"url\":\"https:\\\/\\\/gobio-robot.com\\\/pt\\\/exoesqueleto-logistica\\\/\",\"name\":\"Exosqueletos e armas de gravidade zero para a ind\u00fastria log\u00edstica-GOBIO\",\"isPartOf\":{\"@id\":\"https:\\\/\\\/gobio-robot.com\\\/#website\"},\"primaryImageOfPage\":{\"@id\":\"https:\\\/\\\/gobio-robot.com\\\/pt\\\/exoesqueleto-logistica\\\/#primaryimage\"},\"image\":{\"@id\":\"https:\\\/\\\/gobio-robot.com\\\/pt\\\/exoesqueleto-logistica\\\/#primaryimage\"},\"thumbnailUrl\":\"https:\\\/\\\/gobio-robot.com\\\/wp-content\\\/uploads\\\/sites\\\/6\\\/2018\\\/11\\\/factory-1137995_1920.jpg\",\"datePublished\":\"2018-07-03T14:50:59+00:00\",\"dateModified\":\"2025-12-11T16:18:44+00:00\",\"description\":\"As nossas solu\u00e7\u00f5es de exoesqueleto e de bra\u00e7o de gravidade zero respondem \u00e0s necessidades de levantamento pesado e de redu\u00e7\u00e3o de MSD do sector log\u00edstico.\",\"breadcrumb\":{\"@id\":\"https:\\\/\\\/gobio-robot.com\\\/pt\\\/exoesqueleto-logistica\\\/#breadcrumb\"},\"inLanguage\":\"pt\",\"potentialAction\":[{\"@type\":\"ReadAction\",\"target\":[\"https:\\\/\\\/gobio-robot.com\\\/pt\\\/exoesqueleto-logistica\\\/\"]}]},{\"@type\":\"ImageObject\",\"inLanguage\":\"pt\",\"@id\":\"https:\\\/\\\/gobio-robot.com\\\/pt\\\/exoesqueleto-logistica\\\/#primaryimage\",\"url\":\"https:\\\/\\\/gobio-robot.com\\\/wp-content\\\/uploads\\\/sites\\\/6\\\/2018\\\/11\\\/factory-1137995_1920.jpg\",\"contentUrl\":\"https:\\\/\\\/gobio-robot.com\\\/wp-content\\\/uploads\\\/sites\\\/6\\\/2018\\\/11\\\/factory-1137995_1920.jpg\",\"width\":1920,\"height\":1440,\"caption\":\"Exoesqueleto de log\u00edstica - GOBIO\"},{\"@type\":\"BreadcrumbList\",\"@id\":\"https:\\\/\\\/gobio-robot.com\\\/pt\\\/exoesqueleto-logistica\\\/#breadcrumb\",\"itemListElement\":[{\"@type\":\"ListItem\",\"position\":1,\"name\":\"Home\",\"item\":\"https:\\\/\\\/gobio-robot.com\\\/pt\\\/\"},{\"@type\":\"ListItem\",\"position\":2,\"name\":\"Log\u00edstica\"}]},{\"@type\":\"WebSite\",\"@id\":\"https:\\\/\\\/gobio-robot.com\\\/#website\",\"url\":\"https:\\\/\\\/gobio-robot.com\\\/\",\"name\":\"GOBIO\",\"description\":\"\",\"potentialAction\":[{\"@type\":\"SearchAction\",\"target\":{\"@type\":\"EntryPoint\",\"urlTemplate\":\"https:\\\/\\\/gobio-robot.com\\\/?s={search_term_string}\"},\"query-input\":{\"@type\":\"PropertyValueSpecification\",\"valueRequired\":true,\"valueName\":\"search_term_string\"}}],\"inLanguage\":\"pt\"}]}<\/script>","yoast_head_json":{"title":"Exosqueletos e armas de gravidade zero para a ind\u00fastria log\u00edstica-GOBIO","description":"As nossas solu\u00e7\u00f5es de exoesqueleto e de bra\u00e7o de gravidade zero respondem \u00e0s necessidades de levantamento pesado e de redu\u00e7\u00e3o de MSD do sector log\u00edstico.","robots":{"index":"index","follow":"follow","max-snippet":"max-snippet:-1","max-image-preview":"max-image-preview:large","max-video-preview":"max-video-preview:-1"},"canonical":"https:\/\/gobio-robot.com\/pt\/exoesqueleto-logistica\/","og_locale":"pt_PT","og_type":"article","og_title":"Exosqueletos e armas de gravidade zero para a ind\u00fastria log\u00edstica-GOBIO","og_description":"As nossas solu\u00e7\u00f5es de exoesqueleto e de bra\u00e7o de gravidade zero respondem \u00e0s necessidades de levantamento pesado e de redu\u00e7\u00e3o de MSD do sector log\u00edstico.","og_url":"https:\/\/gobio-robot.com\/pt\/exoesqueleto-logistica\/","og_site_name":"GOBIO","article_modified_time":"2025-12-11T16:18:44+00:00","og_image":[{"width":1920,"height":1440,"url":"https:\/\/gobio-robot.com\/wp-content\/uploads\/sites\/6\/2018\/11\/factory-1137995_1920.jpg","type":"image\/jpeg"}],"twitter_card":"summary_large_image","twitter_misc":{"Est. reading time":"3 minutes"},"schema":{"@context":"https:\/\/schema.org","@graph":[{"@type":"WebPage","@id":"https:\/\/gobio-robot.com\/pt\/exoesqueleto-logistica\/","url":"https:\/\/gobio-robot.com\/pt\/exoesqueleto-logistica\/","name":"Exosqueletos e armas de gravidade zero para a ind\u00fastria log\u00edstica-GOBIO","isPartOf":{"@id":"https:\/\/gobio-robot.com\/#website"},"primaryImageOfPage":{"@id":"https:\/\/gobio-robot.com\/pt\/exoesqueleto-logistica\/#primaryimage"},"image":{"@id":"https:\/\/gobio-robot.com\/pt\/exoesqueleto-logistica\/#primaryimage"},"thumbnailUrl":"https:\/\/gobio-robot.com\/wp-content\/uploads\/sites\/6\/2018\/11\/factory-1137995_1920.jpg","datePublished":"2018-07-03T14:50:59+00:00","dateModified":"2025-12-11T16:18:44+00:00","description":"As nossas solu\u00e7\u00f5es de exoesqueleto e de bra\u00e7o de gravidade zero respondem \u00e0s necessidades de levantamento pesado e de redu\u00e7\u00e3o de MSD do sector log\u00edstico.","breadcrumb":{"@id":"https:\/\/gobio-robot.com\/pt\/exoesqueleto-logistica\/#breadcrumb"},"inLanguage":"pt","potentialAction":[{"@type":"ReadAction","target":["https:\/\/gobio-robot.com\/pt\/exoesqueleto-logistica\/"]}]},{"@type":"ImageObject","inLanguage":"pt","@id":"https:\/\/gobio-robot.com\/pt\/exoesqueleto-logistica\/#primaryimage","url":"https:\/\/gobio-robot.com\/wp-content\/uploads\/sites\/6\/2018\/11\/factory-1137995_1920.jpg","contentUrl":"https:\/\/gobio-robot.com\/wp-content\/uploads\/sites\/6\/2018\/11\/factory-1137995_1920.jpg","width":1920,"height":1440,"caption":"Exoesqueleto de log\u00edstica - GOBIO"},{"@type":"BreadcrumbList","@id":"https:\/\/gobio-robot.com\/pt\/exoesqueleto-logistica\/#breadcrumb","itemListElement":[{"@type":"ListItem","position":1,"name":"Home","item":"https:\/\/gobio-robot.com\/pt\/"},{"@type":"ListItem","position":2,"name":"Log\u00edstica"}]},{"@type":"WebSite","@id":"https:\/\/gobio-robot.com\/#website","url":"https:\/\/gobio-robot.com\/","name":"GOBIO","description":"","potentialAction":[{"@type":"SearchAction","target":{"@type":"EntryPoint","urlTemplate":"https:\/\/gobio-robot.com\/?s={search_term_string}"},"query-input":{"@type":"PropertyValueSpecification","valueRequired":true,"valueName":"search_term_string"}}],"inLanguage":"pt"}]}},"_links":{"self":[{"href":"https:\/\/gobio-robot.com\/pt\/wp-json\/wp\/v2\/pages\/18425","targetHints":{"allow":["GET"]}}],"collection":[{"href":"https:\/\/gobio-robot.com\/pt\/wp-json\/wp\/v2\/pages"}],"about":[{"href":"https:\/\/gobio-robot.com\/pt\/wp-json\/wp\/v2\/types\/page"}],"author":[{"embeddable":true,"href":"https:\/\/gobio-robot.com\/pt\/wp-json\/wp\/v2\/users\/1"}],"replies":[{"embeddable":true,"href":"https:\/\/gobio-robot.com\/pt\/wp-json\/wp\/v2\/comments?post=18425"}],"version-history":[{"count":5,"href":"https:\/\/gobio-robot.com\/pt\/wp-json\/wp\/v2\/pages\/18425\/revisions"}],"predecessor-version":[{"id":25425,"href":"https:\/\/gobio-robot.com\/pt\/wp-json\/wp\/v2\/pages\/18425\/revisions\/25425"}],"wp:featuredmedia":[{"embeddable":true,"href":"https:\/\/gobio-robot.com\/pt\/wp-json\/wp\/v2\/media\/18426"}],"wp:attachment":[{"href":"https:\/\/gobio-robot.com\/pt\/wp-json\/wp\/v2\/media?parent=18425"}],"curies":[{"name":"wp","href":"https:\/\/api.w.org\/{rel}","templated":true}]}}