{"id":18429,"date":"2018-07-03T16:38:38","date_gmt":"2018-07-03T14:38:38","guid":{"rendered":"https:\/\/gobio-robot.com\/exosquelette-agriculture\/"},"modified":"2025-12-11T16:31:49","modified_gmt":"2025-12-11T15:31:49","slug":"exoesqueleto-agricultura","status":"publish","type":"page","link":"https:\/\/gobio-robot.com\/pt\/exoesqueleto-agricultura\/","title":{"rendered":"Agro-alimentar e agricultura"},"content":{"rendered":"<div class=\"wpb-content-wrapper\"><p>[vc_row][vc_column][vc_empty_space height=&#8221;100&#8243;][vc_raw_html css=&#8221;&#8221;]JTVCd3BzZW9fYnJlYWRjcnVtYiU1RA==[\/vc_raw_html][\/vc_column][\/vc_row][vc_row][vc_column][vc_row_inner content_placement=&#8221;middle&#8221; gap=&#8221;35&#8243;][vc_column_inner width=&#8221;1\/2&#8243;][vc_column_text css=&#8221;&#8221;]<\/p>\n<h2><img loading=\"lazy\" decoding=\"async\" class=\"wp-image-25387 alignleft\" src=\"https:\/\/gobio-robot.com\/wp-content\/uploads\/sites\/6\/2025\/12\/agroalimentaire.png\" alt=\"\" width=\"120\" height=\"120\" srcset=\"https:\/\/gobio-robot.com\/wp-content\/uploads\/sites\/6\/2025\/12\/agroalimentaire.png 170w, https:\/\/gobio-robot.com\/wp-content\/uploads\/sites\/6\/2025\/12\/agroalimentaire-150x150.png 150w\" sizes=\"auto, (max-width: 120px) 100vw, 120px\" \/>Agroalimentar<\/h2>\n<p>As ind\u00fastrias agroalimentares e de bebidas est\u00e3o sujeitas a elevada exposi\u00e7\u00e3o a les\u00f5es m\u00fasculo-esquel\u00e9ticas (LME) devido a numerosas e diferentes tarefas manuais a cad\u00eancias elevadas. Estas les\u00f5es m\u00fasculo-esquel\u00e9ticas (LME) podem causar les\u00f5es tempor\u00e1rias ou permanentes aos trabalhadores e acarretar custos consider\u00e1veis para estas empresas.[\/vc_column_text][vc_column_text css=&#8221;&#8221;]<\/p>\n<h2><img loading=\"lazy\" decoding=\"async\" class=\"alignleft wp-image-25391\" src=\"https:\/\/gobio-robot.com\/wp-content\/uploads\/sites\/6\/2025\/12\/agriculture.png\" alt=\"\" width=\"120\" height=\"120\" srcset=\"https:\/\/gobio-robot.com\/wp-content\/uploads\/sites\/6\/2025\/12\/agriculture.png 170w, https:\/\/gobio-robot.com\/wp-content\/uploads\/sites\/6\/2025\/12\/agriculture-150x150.png 150w\" sizes=\"auto, (max-width: 120px) 100vw, 120px\" \/>Agricultura<\/h2>\n<p>Quanto \u00e0 agricultura, envolve uma grande variedade de tarefas fisicamente exigentes que s\u00e3o muito extenuantes, devido \u00e0s posturas de trabalho e \u00e0s cargas movimentadas. Este sector de atividade engloba numerosas PMEs onde a aus\u00eancia de um trabalhador ou do gestor tem um impacto direto.<\/p>\n<p>Num esfor\u00e7o para melhorar as condi\u00e7\u00f5es de trabalho, as empresas deste sector t\u00eam sido r\u00e1pidas a considerar a utiliza\u00e7\u00e3o de dispositivos do tipo exoesqueletos agricultura.[\/vc_column_text][\/vc_column_inner][vc_column_inner width=&#8221;1\/2&#8243;][vc_video link=&#8221;https:\/\/www.youtube.com\/watch?v=VrcDvCju4ns#action=share&#8221; align=&#8221;center&#8221;][vc_column_text]<\/p>\n<h6 style=\"text-align: center;\">Aplica\u00e7\u00e3o na Bridor &#8211; O exoesqueleto: tecnologia para aliviar os empregados<\/h6>\n<p>[\/vc_column_text][\/vc_column_inner][\/vc_row_inner][\/vc_column][\/vc_row][vc_row][vc_column][vc_separator][vc_column_text css=&#8221;&#8221;]<\/p>\n<h3>Conhe\u00e7a as nossas solu\u00e7\u00f5es para o mercado agroalimentar e da agricultura:<\/h3>\n<p>[\/vc_column_text][vc_empty_space height=&#8221;10&#8243;][\/vc_column][\/vc_row][vc_row][vc_column width=&#8221;1\/4&#8243;]<div class=\"ult-ih-container ult-adjust-bottom-margin  \" >\t<ul class=\"ult-ih-list \"  data-shape=\"circle\"  data-width=\"250\"  data-height=\"250\"  style=\"text-align:center; \"><li id=\"ult-ih-list-item-2457\" class=\"ult-ih-list-item\" style=\"height: 250px; width: 250px;  margin: 15px\"><a class=\"ult-ih-link\" href=\"https:\/\/gobio-robot.com\/pt\/exoesqueletos-industriais\/ip11-exoesqueleto-de-cabeza-modelo-skelex\/\" title=\"Descubra o IP11, o exoesqueleto para as v\u00e9rtebras cervicais\"  ><div style=\"height: 250px; width: 250px; \" class=\"ult-ih-item ult-ih-effect13  ult-ih-top_to_bottom  \"><div class=\"ult-ih-image-block\" style=\"height: 250px; width: 250px; \">\t<div class=\"ult-ih-wrapper\" style=\"\"><\/div>\t<img decoding=\"async\" class=\"ult-ih-image\" src=\"https:\/\/gobio-robot.com\/wp-content\/uploads\/sites\/6\/2025\/12\/IP11.png\" alt=\"Photo-IP11-exosquelette-pour-les-cervicales\"><\/div><div class=\"ult-ih-info\" style=\"background-color: #2F3787; \">\t<div class=\"ult-ih-info-back\">\t<div class=\"ult-ih-content\">\t\t\t<div class=\"ult-ih-heading-block\" style=\"\">\t\t\t\t<h4 class=\"ult-ih-heading ult-responsive\" style=\"color:#FFFFFF;\"  data-ultimate-target='#ult-ih-list-item-2457 .ult-ih-heading'  data-responsive-json-new='{\"font-size\":\"desktop:30px;\",\"line-height\":\"desktop:28px;\"}' >IP11<\/h4>\t\t\t<\/div>\t\t\t<div class=\"ult-ih-divider-block\" style=\"height:2px;\">\t\t\t\t<span class=\"ult-ih-line\" style=\"border-style:solid;border-color:#009DE0;width:100px;border-width:2px;\"><\/span>\t\t\t<\/div>\t\t\t<div class=\"ult-ih-description-block\" style=\"\">\t\t\t\t<div class=\"ult-ih-description ult-responsive\" style=\"font-weight:bold;color:#FFFFFF;\"  data-ultimate-target='#ult-ih-list-item-2457 .ult-ih-description, #ult-ih-list-item-2457 .ult-ih-description p'  data-responsive-json-new='{\"font-size\":\"desktop:22px;\",\"line-height\":\"desktop:22px;\"}' ><div class=\"MuiBox-root css-a286oe\">\n<div class=\"MuiBox-root css-1st8fyx\" data-testid=\"tltr-input-editor-wrapper\">\n<div class=\"MuiBox-root css-gxufim\">\n<div id=\"editor\">\n<div class=\"tiptap ProseMirror\" lang=\"fr\" tabindex=\"0\" role=\"textbox\" contenteditable=\"true\" translate=\"no\" aria-label=\"Texte d\u2019entr\u00e9e\" data-gramm_editor=\"false\" data-testid=\"tltr-input-editor\">\n<div class=\"MuiBox-root css-5xxm1b\">\n<div>\n<p class=\"css-wx0oy0\" style=\"text-align: center;\">Exoesqueleto cervical<\/p>\n<\/div>\n<\/div>\n<\/div>\n<\/div>\n<\/div>\n<\/div>\n<\/div>\n\t\t\t\t<\/div>\t\t\t<\/div>\t<\/div>\t<\/div><\/div><\/div><\/a><\/li>\t<\/ul><\/div><div class=\"ult-ih-container ult-adjust-bottom-margin  \" >\t<ul class=\"ult-ih-list \"  data-shape=\"circle\"  data-width=\"250\"  data-height=\"250\"  style=\"text-align:center; \"><li id=\"ult-ih-list-item-7523\" class=\"ult-ih-list-item\" style=\"height: 250px; width: 250px;  margin: 15px\"><a class=\"ult-ih-link\" href=\"https:\/\/gobio-robot.com\/pt\/exoesqueletos-industriais\/ironhand-guante-bionico\/\" title=\"Descobrindo o IRONHAND\u00ae, luva bi\u00f4nica\"  ><div style=\"height: 250px; width: 250px; \" class=\"ult-ih-item ult-ih-effect13  ult-ih-top_to_bottom  \"><div class=\"ult-ih-image-block\" style=\"height: 250px; width: 250px; \">\t<div class=\"ult-ih-wrapper\" style=\"\"><\/div>\t<img decoding=\"async\" class=\"ult-ih-image\" src=\"https:\/\/gobio-robot.com\/wp-content\/uploads\/sites\/6\/2025\/10\/IRONHAND.png\" alt=\"null\"><\/div><div class=\"ult-ih-info\" style=\"background-color: #2F3787; \">\t<div class=\"ult-ih-info-back\">\t<div class=\"ult-ih-content\">\t\t\t<div class=\"ult-ih-heading-block\" style=\"\">\t\t\t\t<h4 class=\"ult-ih-heading ult-responsive\" style=\"color:#FFFFFF;\"  data-ultimate-target='#ult-ih-list-item-7523 .ult-ih-heading'  data-responsive-json-new='{\"font-size\":\"desktop:30px;\",\"line-height\":\"desktop:28px;\"}' >IRONHAND\u00ae<\/h4>\t\t\t<\/div>\t\t\t<div class=\"ult-ih-divider-block\" style=\"height:2px;\">\t\t\t\t<span class=\"ult-ih-line\" style=\"border-style:solid;border-color:#009DE0;width:100px;border-width:2px;\"><\/span>\t\t\t<\/div>\t\t\t<div class=\"ult-ih-description-block\" style=\"\">\t\t\t\t<div class=\"ult-ih-description ult-responsive\" style=\"font-weight:bold;color:#FFFFFF;\"  data-ultimate-target='#ult-ih-list-item-7523 .ult-ih-description, #ult-ih-list-item-7523 .ult-ih-description p'  data-responsive-json-new='{\"font-size\":\"desktop:22px;\",\"line-height\":\"desktop:22px;\"}' ><p style=\"text-align: center;\">Luva bi\u00f4nica<\/p>\n\t\t\t\t<\/div>\t\t\t<\/div>\t<\/div>\t<\/div><\/div><\/div><\/a><\/li>\t<\/ul><\/div>[\/vc_column][vc_column width=&#8221;1\/4&#8243;]<div class=\"ult-ih-container ult-adjust-bottom-margin  \" >\t<ul class=\"ult-ih-list \"  data-shape=\"circle\"  data-width=\"250\"  data-height=\"250\"  style=\"text-align:center; \"><li id=\"ult-ih-list-item-9478\" class=\"ult-ih-list-item\" style=\"height: 250px; width: 250px;  margin: 15px\"><a class=\"ult-ih-link\" href=\"https:\/\/gobio-robot.com\/pt\/exoesqueletos-industriais\/ip-12-exoesqueleto-para-postura-e-apoio-de-bracos-em-altura\/\" title=\"Descobrindo o IP12, o exoesqueleto de ombros\"  ><div style=\"height: 250px; width: 250px; \" class=\"ult-ih-item ult-ih-effect13  ult-ih-top_to_bottom  \"><div class=\"ult-ih-image-block\" style=\"height: 250px; width: 250px; \">\t<div class=\"ult-ih-wrapper\" style=\"\"><\/div>\t<img decoding=\"async\" class=\"ult-ih-image\" src=\"https:\/\/gobio-robot.com\/wp-content\/uploads\/sites\/6\/2025\/10\/IP12.png\" alt=\"null\"><\/div><div class=\"ult-ih-info\" style=\"background-color: #2F3787; \">\t<div class=\"ult-ih-info-back\">\t<div class=\"ult-ih-content\">\t\t\t<div class=\"ult-ih-heading-block\" style=\"\">\t\t\t\t<h4 class=\"ult-ih-heading ult-responsive\" style=\"color:#FFFFFF;\"  data-ultimate-target='#ult-ih-list-item-9478 .ult-ih-heading'  data-responsive-json-new='{\"font-size\":\"desktop:30px;\",\"line-height\":\"desktop:28px;\"}' >IP12<\/h4>\t\t\t<\/div>\t\t\t<div class=\"ult-ih-divider-block\" style=\"height:2px;\">\t\t\t\t<span class=\"ult-ih-line\" style=\"border-style:solid;border-color:#009DE0;width:100px;border-width:2px;\"><\/span>\t\t\t<\/div>\t\t\t<div class=\"ult-ih-description-block\" style=\"\">\t\t\t\t<div class=\"ult-ih-description ult-responsive\" style=\"font-weight:bold;color:#FFFFFF;\"  data-ultimate-target='#ult-ih-list-item-9478 .ult-ih-description, #ult-ih-list-item-9478 .ult-ih-description p'  data-responsive-json-new='{\"font-size\":\"desktop:22px;\",\"line-height\":\"desktop:22px;\"}' ><p style=\"text-align: center;\">Exoesqueleto para os ombros<\/p>\n\t\t\t\t<\/div>\t\t\t<\/div>\t<\/div>\t<\/div><\/div><\/div><\/a><\/li>\t<\/ul><\/div><div class=\"ult-ih-container ult-adjust-bottom-margin  \" >\t<ul class=\"ult-ih-list \"  data-shape=\"circle\"  data-width=\"250\"  data-height=\"250\"  style=\"text-align:center; \"><li id=\"ult-ih-list-item-1496\" class=\"ult-ih-list-item\" style=\"height: 250px; width: 250px;  margin: 15px\"><a class=\"ult-ih-link\" href=\"https:\/\/gobio-robot.com\/pt\/exoesqueletos-industriais\/ip19-ergoesqueleto-musculos-das-costas\/\" title=\"Descobrindo o IP19, exoesqueleto postural\"  ><div style=\"height: 250px; width: 250px; \" class=\"ult-ih-item ult-ih-effect13  ult-ih-top_to_bottom  \"><div class=\"ult-ih-image-block\" style=\"height: 250px; width: 250px; \">\t<div class=\"ult-ih-wrapper\" style=\"\"><\/div>\t<img decoding=\"async\" class=\"ult-ih-image\" src=\"https:\/\/gobio-robot.com\/wp-content\/uploads\/sites\/6\/2025\/10\/IP19.png\" alt=\"null\"><\/div><div class=\"ult-ih-info\" style=\"background-color: #2F3787; \">\t<div class=\"ult-ih-info-back\">\t<div class=\"ult-ih-content\">\t\t\t<div class=\"ult-ih-heading-block\" style=\"\">\t\t\t\t<h4 class=\"ult-ih-heading ult-responsive\" style=\"color:#FFFFFF;\"  data-ultimate-target='#ult-ih-list-item-1496 .ult-ih-heading'  data-responsive-json-new='{\"font-size\":\"desktop:30px;\",\"line-height\":\"desktop:28px;\"}' >IP19<\/h4>\t\t\t<\/div>\t\t\t<div class=\"ult-ih-divider-block\" style=\"height:2px;\">\t\t\t\t<span class=\"ult-ih-line\" style=\"border-style:solid;border-color:#009DE0;width:100px;border-width:2px;\"><\/span>\t\t\t<\/div>\t\t\t<div class=\"ult-ih-description-block\" style=\"\">\t\t\t\t<div class=\"ult-ih-description ult-responsive\" style=\"font-weight:bold;color:#FFFFFF;\"  data-ultimate-target='#ult-ih-list-item-1496 .ult-ih-description, #ult-ih-list-item-1496 .ult-ih-description p'  data-responsive-json-new='{\"font-size\":\"desktop:22px;\",\"line-height\":\"desktop:22px;\"}' ><p style=\"text-align: center;\">Exoesqueleto postural<\/p>\n\t\t\t\t<\/div>\t\t\t<\/div>\t<\/div>\t<\/div><\/div><\/div><\/a><\/li>\t<\/ul><\/div>[\/vc_column][vc_column width=&#8221;1\/4&#8243;]<div class=\"ult-ih-container ult-adjust-bottom-margin  \" >\t<ul class=\"ult-ih-list \"  data-shape=\"circle\"  data-width=\"250\"  data-height=\"250\"  style=\"text-align:center; \"><li id=\"ult-ih-list-item-2444\" class=\"ult-ih-list-item\" style=\"height: 250px; width: 250px;  margin: 15px\"><a class=\"ult-ih-link\" href=\"https:\/\/gobio-robot.com\/pt\/exoesqueletos-industriais\/ip13-alivio-de-dores-lombares\/\" title=\"Descobrindo o IP13, o exoesqueleto para o al\u00edvio da dor lombar\" target=\"_blank\" rel=\"noopener\"  ><div style=\"height: 250px; width: 250px; \" class=\"ult-ih-item ult-ih-effect13  ult-ih-top_to_bottom  \"><div class=\"ult-ih-image-block\" style=\"height: 250px; width: 250px; \">\t<div class=\"ult-ih-wrapper\" style=\"\"><\/div>\t<img decoding=\"async\" class=\"ult-ih-image\" src=\"https:\/\/gobio-robot.com\/wp-content\/uploads\/sites\/6\/2025\/10\/IP13.png\" alt=\"null\"><\/div><div class=\"ult-ih-info\" style=\"background-color: #2F3787; \">\t<div class=\"ult-ih-info-back\">\t<div class=\"ult-ih-content\">\t\t\t<div class=\"ult-ih-heading-block\" style=\"\">\t\t\t\t<h4 class=\"ult-ih-heading ult-responsive\" style=\"color:#FFFFFF;\"  data-ultimate-target='#ult-ih-list-item-2444 .ult-ih-heading'  data-responsive-json-new='{\"font-size\":\"desktop:30px;\",\"line-height\":\"desktop:28px;\"}' >IP13<\/h4>\t\t\t<\/div>\t\t\t<div class=\"ult-ih-divider-block\" style=\"height:2px;\">\t\t\t\t<span class=\"ult-ih-line\" style=\"border-style:solid;border-color:#009DE0;width:100px;border-width:2px;\"><\/span>\t\t\t<\/div>\t\t\t<div class=\"ult-ih-description-block\" style=\"\">\t\t\t\t<div class=\"ult-ih-description ult-responsive\" style=\"font-weight:bold;color:#FFFFFF;\"  data-ultimate-target='#ult-ih-list-item-2444 .ult-ih-description, #ult-ih-list-item-2444 .ult-ih-description p'  data-responsive-json-new='{\"font-size\":\"desktop:22px;\",\"line-height\":\"desktop:22px;\"}' ><p style=\"text-align: center;\">Exoesqueleto para as costas<\/p>\n\t\t\t\t<\/div>\t\t\t<\/div>\t<\/div>\t<\/div><\/div><\/div><\/a><\/li>\t<\/ul><\/div>[\/vc_column][vc_column width=&#8221;1\/4&#8243;]<div class=\"ult-ih-container ult-adjust-bottom-margin  \" >\t<ul class=\"ult-ih-list \"  data-shape=\"circle\"  data-width=\"250\"  data-height=\"250\"  style=\"text-align:center; \"><li id=\"ult-ih-list-item-7856\" class=\"ult-ih-list-item\" style=\"height: 250px; width: 250px;  margin: 15px\"><a class=\"ult-ih-link\" href=\"https:\/\/gobio-robot.com\/pt\/exoesqueletos-industriais\/ip-14-cadeira-de-exoesqueleto-para-postura-de-pe\/\" title=\"Descobrindo a IP 14 \u2013 cadeira exoesqueleto para postura em p\u00e9 sentado\"  ><div style=\"height: 250px; width: 250px; \" class=\"ult-ih-item ult-ih-effect13  ult-ih-top_to_bottom  \"><div class=\"ult-ih-image-block\" style=\"height: 250px; width: 250px; \">\t<div class=\"ult-ih-wrapper\" style=\"\"><\/div>\t<img decoding=\"async\" class=\"ult-ih-image\" src=\"https:\/\/gobio-robot.com\/wp-content\/uploads\/sites\/6\/2025\/10\/IP14.png\" alt=\"null\"><\/div><div class=\"ult-ih-info\" style=\"background-color: #2F3787; \">\t<div class=\"ult-ih-info-back\">\t<div class=\"ult-ih-content\">\t\t\t<div class=\"ult-ih-heading-block\" style=\"\">\t\t\t\t<h4 class=\"ult-ih-heading ult-responsive\" style=\"color:#FFFFFF;\"  data-ultimate-target='#ult-ih-list-item-7856 .ult-ih-heading'  data-responsive-json-new='{\"font-size\":\"desktop:30px;\",\"line-height\":\"desktop:28px;\"}' >IP14<\/h4>\t\t\t<\/div>\t\t\t<div class=\"ult-ih-divider-block\" style=\"height:2px;\">\t\t\t\t<span class=\"ult-ih-line\" style=\"border-style:solid;border-color:#009DE0;width:100px;border-width:2px;\"><\/span>\t\t\t<\/div>\t\t\t<div class=\"ult-ih-description-block\" style=\"\">\t\t\t\t<div class=\"ult-ih-description ult-responsive\" style=\"font-weight:bold;color:#FFFFFF;\"  data-ultimate-target='#ult-ih-list-item-7856 .ult-ih-description, #ult-ih-list-item-7856 .ult-ih-description p'  data-responsive-json-new='{\"font-size\":\"desktop:22px;\",\"line-height\":\"desktop:22px;\"}' ><p style=\"text-align: center;\">Cadeira exoesqueleto para trabalho em p\u00e9<\/p>\n\t\t\t\t<\/div>\t\t\t<\/div>\t<\/div>\t<\/div><\/div><\/div><\/a><\/li>\t<\/ul><\/div>[\/vc_column][\/vc_row][vc_row][vc_column][vc_empty_space height=&#8221;60&#8243;][\/vc_column][\/vc_row]<\/p>\n<\/div>","protected":false},"excerpt":{"rendered":"<p>[vc_row][vc_column][vc_empty_space height=&#8221;100&#8243;][vc_raw_html css=&#8221;&#8221;]JTVCd3BzZW9fYnJlYWRjcnVtYiU1RA==[\/vc_raw_html][\/vc_column][\/vc_row][vc_row][vc_column][vc_row_inner content_placement=&#8221;middle&#8221; gap=&#8221;35&#8243;][vc_column_inner width=&#8221;1\/2&#8243;][vc_column_text css=&#8221;&#8221;] Agroalimentar As ind\u00fastrias agroalimentares e de bebidas est\u00e3o sujeitas a elevada exposi\u00e7\u00e3o a les\u00f5es m\u00fasculo-esquel\u00e9ticas (LME) devido a numerosas e diferentes tarefas manuais&hellip;<\/p>\n","protected":false},"author":1,"featured_media":18430,"parent":0,"menu_order":0,"comment_status":"closed","ping_status":"closed","template":"page-avec-slider.php","meta":{"_acf_changed":false,"footnotes":""},"class_list":["post-18429","page","type-page","status-publish","has-post-thumbnail","hentry"],"acf":[],"yoast_head":"<title>Exoesqueletos para a ind\u00fastria agr\u00edcola e alimentar - GOBIO<\/title>\n<meta name=\"description\" content=\"GOBIO oferece exoesqueletos e solu\u00e7\u00f5es de bra\u00e7o de gravidade zero para satisfazer as diferentes necessidades da ind\u00fastria alimentar e agr\u00edcola.\" \/>\n<meta name=\"robots\" content=\"index, follow, max-snippet:-1, max-image-preview:large, max-video-preview:-1\" \/>\n<link rel=\"canonical\" href=\"https:\/\/gobio-robot.com\/pt\/os-nossos-mercados\/exoesqueleto-agricultura\/\" \/>\n<meta property=\"og:locale\" content=\"pt_PT\" \/>\n<meta property=\"og:type\" content=\"article\" \/>\n<meta property=\"og:title\" content=\"Exoesqueletos para a ind\u00fastria agr\u00edcola e alimentar - GOBIO\" \/>\n<meta property=\"og:description\" content=\"GOBIO oferece exoesqueletos e solu\u00e7\u00f5es de bra\u00e7o de gravidade zero para satisfazer as diferentes necessidades da ind\u00fastria alimentar e agr\u00edcola.\" \/>\n<meta property=\"og:url\" content=\"https:\/\/gobio-robot.com\/pt\/os-nossos-mercados\/exoesqueleto-agricultura\/\" \/>\n<meta property=\"og:site_name\" content=\"GOBIO\" \/>\n<meta property=\"article:modified_time\" content=\"2025-12-11T15:31:49+00:00\" \/>\n<meta property=\"og:image\" content=\"https:\/\/gobio-robot.com\/wp-content\/uploads\/sites\/6\/2018\/11\/bakery-1363023-1024x768.jpg\" \/>\n\t<meta property=\"og:image:width\" content=\"1024\" \/>\n\t<meta property=\"og:image:height\" content=\"768\" \/>\n\t<meta property=\"og:image:type\" content=\"image\/jpeg\" \/>\n<meta name=\"twitter:card\" content=\"summary_large_image\" \/>\n<meta name=\"twitter:label1\" content=\"Est. reading time\" \/>\n\t<meta name=\"twitter:data1\" content=\"3 minutes\" \/>\n<script type=\"application\/ld+json\" class=\"yoast-schema-graph\">{\"@context\":\"https:\\\/\\\/schema.org\",\"@graph\":[{\"@type\":\"WebPage\",\"@id\":\"https:\\\/\\\/gobio-robot.com\\\/pt\\\/os-nossos-mercados\\\/exoesqueleto-agricultura\\\/\",\"url\":\"https:\\\/\\\/gobio-robot.com\\\/pt\\\/os-nossos-mercados\\\/exoesqueleto-agricultura\\\/\",\"name\":\"Exoesqueletos para a ind\u00fastria agr\u00edcola e alimentar - GOBIO\",\"isPartOf\":{\"@id\":\"https:\\\/\\\/gobio-robot.com\\\/#website\"},\"primaryImageOfPage\":{\"@id\":\"https:\\\/\\\/gobio-robot.com\\\/pt\\\/os-nossos-mercados\\\/exoesqueleto-agricultura\\\/#primaryimage\"},\"image\":{\"@id\":\"https:\\\/\\\/gobio-robot.com\\\/pt\\\/os-nossos-mercados\\\/exoesqueleto-agricultura\\\/#primaryimage\"},\"thumbnailUrl\":\"https:\\\/\\\/gobio-robot.com\\\/wp-content\\\/uploads\\\/sites\\\/6\\\/2018\\\/11\\\/bakery-1363023.jpg\",\"datePublished\":\"2018-07-03T14:38:38+00:00\",\"dateModified\":\"2025-12-11T15:31:49+00:00\",\"description\":\"GOBIO oferece exoesqueletos e solu\u00e7\u00f5es de bra\u00e7o de gravidade zero para satisfazer as diferentes necessidades da ind\u00fastria alimentar e agr\u00edcola.\",\"breadcrumb\":{\"@id\":\"https:\\\/\\\/gobio-robot.com\\\/pt\\\/os-nossos-mercados\\\/exoesqueleto-agricultura\\\/#breadcrumb\"},\"inLanguage\":\"pt\",\"potentialAction\":[{\"@type\":\"ReadAction\",\"target\":[\"https:\\\/\\\/gobio-robot.com\\\/pt\\\/os-nossos-mercados\\\/exoesqueleto-agricultura\\\/\"]}]},{\"@type\":\"ImageObject\",\"inLanguage\":\"pt\",\"@id\":\"https:\\\/\\\/gobio-robot.com\\\/pt\\\/os-nossos-mercados\\\/exoesqueleto-agricultura\\\/#primaryimage\",\"url\":\"https:\\\/\\\/gobio-robot.com\\\/wp-content\\\/uploads\\\/sites\\\/6\\\/2018\\\/11\\\/bakery-1363023.jpg\",\"contentUrl\":\"https:\\\/\\\/gobio-robot.com\\\/wp-content\\\/uploads\\\/sites\\\/6\\\/2018\\\/11\\\/bakery-1363023.jpg\",\"width\":4000,\"height\":3000,\"caption\":\"Exoesqueleto agroalimentario - GOBIO\"},{\"@type\":\"BreadcrumbList\",\"@id\":\"https:\\\/\\\/gobio-robot.com\\\/pt\\\/os-nossos-mercados\\\/exoesqueleto-agricultura\\\/#breadcrumb\",\"itemListElement\":[{\"@type\":\"ListItem\",\"position\":1,\"name\":\"Home\",\"item\":\"https:\\\/\\\/gobio-robot.com\\\/pt\\\/\"},{\"@type\":\"ListItem\",\"position\":2,\"name\":\"Os nossos mercados\",\"item\":\"https:\\\/\\\/gobio-robot.com\\\/pt\\\/os-nossos-mercados\\\/\"},{\"@type\":\"ListItem\",\"position\":3,\"name\":\"Agro-alimentar e agricultura\"}]},{\"@type\":\"WebSite\",\"@id\":\"https:\\\/\\\/gobio-robot.com\\\/#website\",\"url\":\"https:\\\/\\\/gobio-robot.com\\\/\",\"name\":\"GOBIO\",\"description\":\"\",\"potentialAction\":[{\"@type\":\"SearchAction\",\"target\":{\"@type\":\"EntryPoint\",\"urlTemplate\":\"https:\\\/\\\/gobio-robot.com\\\/?s={search_term_string}\"},\"query-input\":{\"@type\":\"PropertyValueSpecification\",\"valueRequired\":true,\"valueName\":\"search_term_string\"}}],\"inLanguage\":\"pt\"}]}<\/script>","yoast_head_json":{"title":"Exoesqueletos para a ind\u00fastria agr\u00edcola e alimentar - GOBIO","description":"GOBIO oferece exoesqueletos e solu\u00e7\u00f5es de bra\u00e7o de gravidade zero para satisfazer as diferentes necessidades da ind\u00fastria alimentar e agr\u00edcola.","robots":{"index":"index","follow":"follow","max-snippet":"max-snippet:-1","max-image-preview":"max-image-preview:large","max-video-preview":"max-video-preview:-1"},"canonical":"https:\/\/gobio-robot.com\/pt\/os-nossos-mercados\/exoesqueleto-agricultura\/","og_locale":"pt_PT","og_type":"article","og_title":"Exoesqueletos para a ind\u00fastria agr\u00edcola e alimentar - GOBIO","og_description":"GOBIO oferece exoesqueletos e solu\u00e7\u00f5es de bra\u00e7o de gravidade zero para satisfazer as diferentes necessidades da ind\u00fastria alimentar e agr\u00edcola.","og_url":"https:\/\/gobio-robot.com\/pt\/os-nossos-mercados\/exoesqueleto-agricultura\/","og_site_name":"GOBIO","article_modified_time":"2025-12-11T15:31:49+00:00","og_image":[{"width":1024,"height":768,"url":"https:\/\/gobio-robot.com\/wp-content\/uploads\/sites\/6\/2018\/11\/bakery-1363023-1024x768.jpg","type":"image\/jpeg"}],"twitter_card":"summary_large_image","twitter_misc":{"Est. reading time":"3 minutes"},"schema":{"@context":"https:\/\/schema.org","@graph":[{"@type":"WebPage","@id":"https:\/\/gobio-robot.com\/pt\/os-nossos-mercados\/exoesqueleto-agricultura\/","url":"https:\/\/gobio-robot.com\/pt\/os-nossos-mercados\/exoesqueleto-agricultura\/","name":"Exoesqueletos para a ind\u00fastria agr\u00edcola e alimentar - GOBIO","isPartOf":{"@id":"https:\/\/gobio-robot.com\/#website"},"primaryImageOfPage":{"@id":"https:\/\/gobio-robot.com\/pt\/os-nossos-mercados\/exoesqueleto-agricultura\/#primaryimage"},"image":{"@id":"https:\/\/gobio-robot.com\/pt\/os-nossos-mercados\/exoesqueleto-agricultura\/#primaryimage"},"thumbnailUrl":"https:\/\/gobio-robot.com\/wp-content\/uploads\/sites\/6\/2018\/11\/bakery-1363023.jpg","datePublished":"2018-07-03T14:38:38+00:00","dateModified":"2025-12-11T15:31:49+00:00","description":"GOBIO oferece exoesqueletos e solu\u00e7\u00f5es de bra\u00e7o de gravidade zero para satisfazer as diferentes necessidades da ind\u00fastria alimentar e agr\u00edcola.","breadcrumb":{"@id":"https:\/\/gobio-robot.com\/pt\/os-nossos-mercados\/exoesqueleto-agricultura\/#breadcrumb"},"inLanguage":"pt","potentialAction":[{"@type":"ReadAction","target":["https:\/\/gobio-robot.com\/pt\/os-nossos-mercados\/exoesqueleto-agricultura\/"]}]},{"@type":"ImageObject","inLanguage":"pt","@id":"https:\/\/gobio-robot.com\/pt\/os-nossos-mercados\/exoesqueleto-agricultura\/#primaryimage","url":"https:\/\/gobio-robot.com\/wp-content\/uploads\/sites\/6\/2018\/11\/bakery-1363023.jpg","contentUrl":"https:\/\/gobio-robot.com\/wp-content\/uploads\/sites\/6\/2018\/11\/bakery-1363023.jpg","width":4000,"height":3000,"caption":"Exoesqueleto agroalimentario - GOBIO"},{"@type":"BreadcrumbList","@id":"https:\/\/gobio-robot.com\/pt\/os-nossos-mercados\/exoesqueleto-agricultura\/#breadcrumb","itemListElement":[{"@type":"ListItem","position":1,"name":"Home","item":"https:\/\/gobio-robot.com\/pt\/"},{"@type":"ListItem","position":2,"name":"Os nossos mercados","item":"https:\/\/gobio-robot.com\/pt\/os-nossos-mercados\/"},{"@type":"ListItem","position":3,"name":"Agro-alimentar e agricultura"}]},{"@type":"WebSite","@id":"https:\/\/gobio-robot.com\/#website","url":"https:\/\/gobio-robot.com\/","name":"GOBIO","description":"","potentialAction":[{"@type":"SearchAction","target":{"@type":"EntryPoint","urlTemplate":"https:\/\/gobio-robot.com\/?s={search_term_string}"},"query-input":{"@type":"PropertyValueSpecification","valueRequired":true,"valueName":"search_term_string"}}],"inLanguage":"pt"}]}},"_links":{"self":[{"href":"https:\/\/gobio-robot.com\/pt\/wp-json\/wp\/v2\/pages\/18429","targetHints":{"allow":["GET"]}}],"collection":[{"href":"https:\/\/gobio-robot.com\/pt\/wp-json\/wp\/v2\/pages"}],"about":[{"href":"https:\/\/gobio-robot.com\/pt\/wp-json\/wp\/v2\/types\/page"}],"author":[{"embeddable":true,"href":"https:\/\/gobio-robot.com\/pt\/wp-json\/wp\/v2\/users\/1"}],"replies":[{"embeddable":true,"href":"https:\/\/gobio-robot.com\/pt\/wp-json\/wp\/v2\/comments?post=18429"}],"version-history":[{"count":5,"href":"https:\/\/gobio-robot.com\/pt\/wp-json\/wp\/v2\/pages\/18429\/revisions"}],"predecessor-version":[{"id":25398,"href":"https:\/\/gobio-robot.com\/pt\/wp-json\/wp\/v2\/pages\/18429\/revisions\/25398"}],"wp:featuredmedia":[{"embeddable":true,"href":"https:\/\/gobio-robot.com\/pt\/wp-json\/wp\/v2\/media\/18430"}],"wp:attachment":[{"href":"https:\/\/gobio-robot.com\/pt\/wp-json\/wp\/v2\/media?parent=18429"}],"curies":[{"name":"wp","href":"https:\/\/api.w.org\/{rel}","templated":true}]}}