{"id":18431,"date":"2018-07-03T16:32:28","date_gmt":"2018-07-03T14:32:28","guid":{"rendered":"https:\/\/gobio-robot.com\/exosquelettes-industriels\/"},"modified":"2025-11-21T16:05:01","modified_gmt":"2025-11-21T15:05:01","slug":"exoesqueletos-industriais","status":"publish","type":"page","link":"https:\/\/gobio-robot.com\/pt\/exoesqueletos-industriais\/","title":{"rendered":"As nossas solu\u00e7\u00f5es de exoesqueletos industriais"},"content":{"rendered":"<div class=\"wpb-content-wrapper\"><p>[vc_row][vc_column][vc_empty_space height=&#8221;100&#8243;][vc_raw_html css=&#8221;&#8221;]JTVCd3BzZW9fYnJlYWRjcnVtYiU1RA==[\/vc_raw_html][vc_column_text css=&#8221;&#8221;]<\/p>\n<h2>As nossas solu\u00e7\u00f5es de exoesqueletos industriais<\/h2>\n<p>[\/vc_column_text][\/vc_column][\/vc_row][vc_row][vc_column][vc_empty_space][vc_column_text css=&#8221;&#8221;]A GOBIO oferece uma vasta gama de exoesqueletos industriais (activos ou passivos) e ergoesqueletos posturais para ajudar os operadores na movimenta\u00e7\u00e3o de cargas, no trabalho com os bra\u00e7os em altura e em posturas dolorosas e repetitivas.<\/p>\n<h3>Como escolher o exoesqueleto adequado?<br \/>\nQuais s\u00e3o as solu\u00e7\u00f5es para aliviar os operadores?<\/h3>\n<p>Os <a href=\"https:\/\/gobio-robot.com\/pt\/lme-e-fadiga-2\/\" target=\"_blank\" rel=\"noopener\">LME<\/a> (Les\u00f5es m\u00fasculo-esquel\u00e9ticas) s\u00e3o as doen\u00e7as profissionais mais comuns. Afectam diferentes partes do corpo e s\u00e3o muito variadas. As partes do corpo mais afectadas pelas LME incluem<\/p>\n<ul>\n<li>m\u00e3os, pulsos e dedos (38%)<\/li>\n<li>ombros (30%)<\/li>\n<li>cotovelos (22%)<\/li>\n<li>lombar (7%)<\/li>\n<li>joelhos (2%)<\/li>\n<\/ul>\n<p>Para escolher o exoesqueleto industrial ou o ergoesqueleto postural que melhor ajudar\u00e1 o operador e responder\u00e1 \u00e0s suas necessidades, \u00e9 essencial concentrar-se na parte do corpo a aliviar e, por conseguinte, na LME a tratar.<br \/>\nPara al\u00e9m disso, cada posto de trabalho tem as suas pr\u00f3prias limita\u00e7\u00f5es e cada operador da empresa tem as suas pr\u00f3prias sensa\u00e7\u00f5es. Por isso, \u00e9 importante conhecer as solu\u00e7\u00f5es existentes para as integrar rapidamente com as pessoas a aliviar.[\/vc_column_text][\/vc_column][\/vc_row][vc_row][vc_column][vc_row_inner content_placement=&#8221;middle&#8221;][vc_column_inner width=&#8221;1\/3&#8243;][vc_single_image image=&#8221;25268&#8243; img_size=&#8221;full&#8221; onclick=&#8221;custom_link&#8221; css=&#8221;&#8221; image_hover=&#8221;&#8221; link=&#8221;https:\/\/gobio-robot.com\/exosquelettes-industriels\/ip-11-exosquelette-appui-tete\/&#8221;][\/vc_column_inner][vc_column_inner width=&#8221;2\/3&#8243;][vc_column_text]<\/p>\n<h3>IP11 &#8211; EXOESQUELETO DE APOIO DE CABE\u00c7A<\/h3>\n<p>O IP11 modelo SKELEX \u00e9 um apoio de cabe\u00e7a leve e flex\u00edvel para reduzir as les\u00f5es musculares no pesco\u00e7o e ombros. Permite ao operador beneficiar de um apoio permanente para<strong> sustentar o seu pesco\u00e7o de forma a prevenir os riscos de c\u00e3ibras, assentamentos e todas as dores cervicais<\/strong>.[\/vc_column_text][vc_btn title=&#8221;Leia mais&#8221; style=&#8221;custom&#8221; custom_background=&#8221;#CD5B1B&#8221; custom_text=&#8221;#FFFFFF&#8221; align=&#8221;left&#8221; css=&#8221;&#8221; link=&#8221;url:https%3A%2F%2Fgobio-robot.com%2Fpt%2Fexoesqueletos-industriais%2Fip11-exoesqueleto-de-cabeza-modelo-skelex%2F|title:IP11%20exosquelette%20appui-t%C3%AAte&#8221;][\/vc_column_inner][\/vc_row_inner][vc_separator][vc_row_inner content_placement=&#8221;middle&#8221;][vc_column_inner width=&#8221;1\/3&#8243;][vc_single_image image=&#8221;23809&#8243; img_size=&#8221;full&#8221; css=&#8221;&#8221; image_hover=&#8221;&#8221;][\/vc_column_inner][vc_column_inner width=&#8221;2\/3&#8243;][vc_column_text]<\/p>\n<h3>IP12 &#8211; EXOESQUELETO INDUSTRIAL PARA ASSIST\u00caNCIA DE BRA\u00c7OS ELEVADOS<\/h3>\n<p>O modelo IP12 Skelex \u00e9 um ergoesqueleto leve, flex\u00edvel e compacto para trabalhar com os bra\u00e7os elevados. <strong>Adapta-se tanto a posturas est\u00e1ticas como a posturas m\u00f3veis<\/strong>. Leve e m\u00f3vel, permite aliviar as tens\u00f5es que possam ser sentidas na coifa dos rotadores (ombros), trap\u00e9zios e bra\u00e7os.[\/vc_column_text][vc_btn title=&#8221;Leia mais&#8221; style=&#8221;custom&#8221; custom_background=&#8221;#CD5B1B&#8221; custom_text=&#8221;#FFFFFF&#8221; align=&#8221;left&#8221; css=&#8221;&#8221; link=&#8221;url:https%3A%2F%2Fgobio-robot.com%2Fpt%2Fexoesqueletos-industriais%2Fip-12-exoesqueleto-para-postura-e-apoio-de-bracos-em-altura%2F|title:IP12%20assistance%20bras%20en%20hauteur&#8221;][\/vc_column_inner][\/vc_row_inner][vc_separator][vc_row_inner content_placement=&#8221;middle&#8221;][vc_column_inner width=&#8221;1\/3&#8243;][vc_single_image image=&#8221;21844&#8243; img_size=&#8221;full&#8221;][\/vc_column_inner][vc_column_inner width=&#8221;2\/3&#8243;][vc_column_text]<\/p>\n<h3>IP13 &#8211; EXOESQUELETO PARA O AL\u00cdVIO DE DORES LOMBARES<\/h3>\n<p>Ao reduzir a press\u00e3o exercida sobre a regi\u00e3o lombar, o exoesqueleto IP13 <strong>limita os impactos dos movimentos repetitivos, posturas inc\u00f3modas e suporte de carga na parte posterior<\/strong>. Ativo, garante ao operador liberdade de movimento e preserva a sua atividade muscular, assegurando ao mesmo tempo, um apoio postural ergon\u00f3mico.[\/vc_column_text][vc_btn title=&#8221;Leia mais&#8221; style=&#8221;custom&#8221; custom_background=&#8221;#CD5B1B&#8221; custom_text=&#8221;#FFFFFF&#8221; align=&#8221;left&#8221; css=&#8221;&#8221; link=&#8221;url:https%3A%2F%2Fgobio-robot.com%2Fpt%2Fexoesqueletos-industriais%2Fip13-alivio-de-dores-lombares%2F|title:IP13%20exosquelette%20pour%20le%20soulagement%20des%20douleurs%20lombaires&#8221;][\/vc_column_inner][\/vc_row_inner][vc_separator][vc_row_inner content_placement=&#8221;middle&#8221;][vc_column_inner width=&#8221;1\/3&#8243;][vc_single_image image=&#8221;21932&#8243; img_size=&#8221;full&#8221;][\/vc_column_inner][vc_column_inner width=&#8221;2\/3&#8243;][vc_column_text css=&#8221;&#8221;]<\/p>\n<h3>IP14 &#8211; EXOESQUELETO DE ALTERN\u00c2NCIA DE POSTURAS SENTADAS\/DE P\u00c9<\/h3>\n<p>O ergoesqueleto IP14 Chairless Chair\u00ae \u00e9 um suporte ergon\u00f3mico e port\u00e1til, leve e flex\u00edvel para posi\u00e7\u00f5es sentadas, dobradas ou em altern\u00e2ncia, sentadas e em p\u00e9. Este exoesqueleto passivo tamb\u00e9m permite caminhar e <strong>assim evita posturas dolorosas tais como curvar ou agachar<\/strong>. Pode tamb\u00e9m transformar uma postura curvada numa postura sentada.[\/vc_column_text][vc_btn title=&#8221;Leia mais&#8221; style=&#8221;custom&#8221; custom_background=&#8221;#CD5B1B&#8221; custom_text=&#8221;#FFFFFF&#8221; align=&#8221;left&#8221; css=&#8221;&#8221; link=&#8221;url:https%3A%2F%2Fgobio-robot.com%2Fpt%2Fexoesqueletos-industriais%2Fip-14-cadeira-de-exoesqueleto-para-postura-de-pe%2F|title:IP14%20posture%20assis%2Fdebout&#8221;][\/vc_column_inner][\/vc_row_inner][vc_separator][vc_row_inner content_placement=&#8221;middle&#8221;][vc_column_inner width=&#8221;1\/3&#8243;][vc_single_image image=&#8221;21935&#8243; img_size=&#8221;full&#8221;][\/vc_column_inner][vc_column_inner width=&#8221;2\/3&#8243;][vc_column_text]<\/p>\n<h3>IRONHAND\u00ae \u2013 LUVA BI\u00d3NICA<\/h3>\n<p>A Ironhand\u00ae da BIOSERVO \u00e9 uma luva bi\u00f3nica que pode ser utilizada para todos os trabalhos em que a m\u00e3o \u00e9 fortemente solicitada. Proporciona ao operador uma <strong>assist\u00eancia motorizada para reduzir ou compensar o esfor\u00e7o f\u00edsico decorrente do manuseamento<\/strong>.[\/vc_column_text][vc_btn title=&#8221;Leia mais&#8221; style=&#8221;custom&#8221; custom_background=&#8221;#CD5B1B&#8221; custom_text=&#8221;#FFFFFF&#8221; align=&#8221;left&#8221; css=&#8221;&#8221; link=&#8221;url:https%3A%2F%2Fgobio-robot.com%2Fpt%2Fexoesqueletos-industriais%2Fironhand-guante-bionico%2F|title:Ironhand%C2%AE%20gant%20bionique&#8221;][\/vc_column_inner][\/vc_row_inner][vc_separator][vc_row_inner content_placement=&#8221;middle&#8221;][vc_column_inner width=&#8221;1\/3&#8243;][vc_single_image image=&#8221;25225&#8243; img_size=&#8221;full&#8221; onclick=&#8221;custom_link&#8221; css=&#8221;&#8221; image_hover=&#8221;&#8221; link=&#8221;https:\/\/gobio-robot.com\/exosquelettes-industriels\/ironhand-gant-bionique-de-manutention\/&#8221;][\/vc_column_inner][vc_column_inner width=&#8221;2\/3&#8243;][vc_column_text css=&#8221;&#8221;]<\/p>\n<h3>IP19 &#8211; EXOESQUELETO DE POSTURA<\/h3>\n<p>O IP19 \u00e9 um exoesqueleto projetado para preservar as costas e os joelhos dos operadores. Ele alivia as \u00e1reas mais solicitadas durante posturas restritivas, ao mesmo tempo em que melhora a postura e a seguran\u00e7a dos operadores.[\/vc_column_text][vc_btn title=&#8221;Leia mais&#8221; style=&#8221;custom&#8221; custom_background=&#8221;#CD5B1B&#8221; custom_text=&#8221;#FFFFFF&#8221; align=&#8221;left&#8221; css=&#8221;&#8221; link=&#8221;url:https%3A%2F%2Fgobio-robot.com%2Fpt%2Fexoesqueletos-industriais%2Fip19-ergoesqueleto-musculos-das-costas%2F|title:IP19%20%E2%80%93%20Modelo%20skelex%20exosqueleto%20para%20assist%C3%AAncia%20aos%20m%C3%BAsculos%20das%20costas%20&#8243;][\/vc_column_inner][\/vc_row_inner][vc_empty_space][\/vc_column][\/vc_row]<\/p>\n<\/div>","protected":false},"excerpt":{"rendered":"<p>[vc_row][vc_column][vc_empty_space height=&#8221;100&#8243;][vc_raw_html css=&#8221;&#8221;]JTVCd3BzZW9fYnJlYWRjcnVtYiU1RA==[\/vc_raw_html][vc_column_text css=&#8221;&#8221;] As nossas solu\u00e7\u00f5es de exoesqueletos industriais [\/vc_column_text][\/vc_column][\/vc_row][vc_row][vc_column][vc_empty_space][vc_column_text css=&#8221;&#8221;]A GOBIO oferece uma vasta gama de exoesqueletos industriais (activos ou passivos) e ergoesqueletos posturais para ajudar os operadores&hellip;<\/p>\n","protected":false},"author":1,"featured_media":24274,"parent":0,"menu_order":0,"comment_status":"closed","ping_status":"closed","template":"page-avec-slider.php","meta":{"_acf_changed":false,"footnotes":""},"class_list":["post-18431","page","type-page","status-publish","has-post-thumbnail","hentry"],"acf":[],"yoast_head":"<title>exoesqueletos industriais e ergoesqueletos - GOBIO<\/title>\n<meta name=\"description\" content=\"Descubra a nossa gama de exoesqueletos industriais (passivos ou activos) que respondem aos problemas de manuseamento de carga\" \/>\n<meta name=\"robots\" content=\"index, follow, max-snippet:-1, max-image-preview:large, max-video-preview:-1\" \/>\n<link rel=\"canonical\" href=\"https:\/\/gobio-robot.com\/pt\/exoesqueletos-industriais\/\" \/>\n<meta property=\"og:locale\" content=\"pt_PT\" \/>\n<meta property=\"og:type\" content=\"article\" \/>\n<meta property=\"og:title\" content=\"exoesqueletos industriais e ergoesqueletos - GOBIO\" \/>\n<meta property=\"og:description\" content=\"Descubra a nossa gama de exoesqueletos industriais (passivos ou activos) que respondem aos problemas de manuseamento de carga\" \/>\n<meta property=\"og:url\" content=\"https:\/\/gobio-robot.com\/pt\/exoesqueletos-industriais\/\" \/>\n<meta property=\"og:site_name\" content=\"GOBIO\" \/>\n<meta property=\"article:modified_time\" content=\"2025-11-21T15:05:01+00:00\" \/>\n<meta property=\"og:image\" content=\"https:\/\/gobio-robot.com\/wp-content\/uploads\/sites\/6\/2025\/10\/IP12-exosquelette-assistance-bras-en-hauteur-GOBIO-EUROPE-TECHNOLOGIES-2.png\" \/>\n\t<meta property=\"og:image:width\" content=\"2000\" \/>\n\t<meta property=\"og:image:height\" content=\"800\" \/>\n\t<meta property=\"og:image:type\" content=\"image\/png\" \/>\n<meta name=\"twitter:card\" content=\"summary_large_image\" \/>\n<meta name=\"twitter:label1\" content=\"Est. reading time\" \/>\n\t<meta name=\"twitter:data1\" content=\"4 minutes\" \/>\n<script type=\"application\/ld+json\" class=\"yoast-schema-graph\">{\"@context\":\"https:\\\/\\\/schema.org\",\"@graph\":[{\"@type\":\"WebPage\",\"@id\":\"https:\\\/\\\/gobio-robot.com\\\/pt\\\/exoesqueletos-industriais\\\/\",\"url\":\"https:\\\/\\\/gobio-robot.com\\\/pt\\\/exoesqueletos-industriais\\\/\",\"name\":\"exoesqueletos industriais e ergoesqueletos - GOBIO\",\"isPartOf\":{\"@id\":\"https:\\\/\\\/gobio-robot.com\\\/#website\"},\"primaryImageOfPage\":{\"@id\":\"https:\\\/\\\/gobio-robot.com\\\/pt\\\/exoesqueletos-industriais\\\/#primaryimage\"},\"image\":{\"@id\":\"https:\\\/\\\/gobio-robot.com\\\/pt\\\/exoesqueletos-industriais\\\/#primaryimage\"},\"thumbnailUrl\":\"https:\\\/\\\/gobio-robot.com\\\/wp-content\\\/uploads\\\/sites\\\/6\\\/2025\\\/10\\\/IP12-exosquelette-assistance-bras-en-hauteur-GOBIO-EUROPE-TECHNOLOGIES-2.png\",\"datePublished\":\"2018-07-03T14:32:28+00:00\",\"dateModified\":\"2025-11-21T15:05:01+00:00\",\"description\":\"Descubra a nossa gama de exoesqueletos industriais (passivos ou activos) que respondem aos problemas de manuseamento de carga\",\"breadcrumb\":{\"@id\":\"https:\\\/\\\/gobio-robot.com\\\/pt\\\/exoesqueletos-industriais\\\/#breadcrumb\"},\"inLanguage\":\"pt\",\"potentialAction\":[{\"@type\":\"ReadAction\",\"target\":[\"https:\\\/\\\/gobio-robot.com\\\/pt\\\/exoesqueletos-industriais\\\/\"]}]},{\"@type\":\"ImageObject\",\"inLanguage\":\"pt\",\"@id\":\"https:\\\/\\\/gobio-robot.com\\\/pt\\\/exoesqueletos-industriais\\\/#primaryimage\",\"url\":\"https:\\\/\\\/gobio-robot.com\\\/wp-content\\\/uploads\\\/sites\\\/6\\\/2025\\\/10\\\/IP12-exosquelette-assistance-bras-en-hauteur-GOBIO-EUROPE-TECHNOLOGIES-2.png\",\"contentUrl\":\"https:\\\/\\\/gobio-robot.com\\\/wp-content\\\/uploads\\\/sites\\\/6\\\/2025\\\/10\\\/IP12-exosquelette-assistance-bras-en-hauteur-GOBIO-EUROPE-TECHNOLOGIES-2.png\",\"width\":2000,\"height\":800},{\"@type\":\"BreadcrumbList\",\"@id\":\"https:\\\/\\\/gobio-robot.com\\\/pt\\\/exoesqueletos-industriais\\\/#breadcrumb\",\"itemListElement\":[{\"@type\":\"ListItem\",\"position\":1,\"name\":\"Home\",\"item\":\"https:\\\/\\\/gobio-robot.com\\\/pt\\\/\"},{\"@type\":\"ListItem\",\"position\":2,\"name\":\"As nossas solu\u00e7\u00f5es de exoesqueletos industriais\"}]},{\"@type\":\"WebSite\",\"@id\":\"https:\\\/\\\/gobio-robot.com\\\/#website\",\"url\":\"https:\\\/\\\/gobio-robot.com\\\/\",\"name\":\"GOBIO\",\"description\":\"\",\"potentialAction\":[{\"@type\":\"SearchAction\",\"target\":{\"@type\":\"EntryPoint\",\"urlTemplate\":\"https:\\\/\\\/gobio-robot.com\\\/?s={search_term_string}\"},\"query-input\":{\"@type\":\"PropertyValueSpecification\",\"valueRequired\":true,\"valueName\":\"search_term_string\"}}],\"inLanguage\":\"pt\"}]}<\/script>","yoast_head_json":{"title":"exoesqueletos industriais e ergoesqueletos - GOBIO","description":"Descubra a nossa gama de exoesqueletos industriais (passivos ou activos) que respondem aos problemas de manuseamento de carga","robots":{"index":"index","follow":"follow","max-snippet":"max-snippet:-1","max-image-preview":"max-image-preview:large","max-video-preview":"max-video-preview:-1"},"canonical":"https:\/\/gobio-robot.com\/pt\/exoesqueletos-industriais\/","og_locale":"pt_PT","og_type":"article","og_title":"exoesqueletos industriais e ergoesqueletos - GOBIO","og_description":"Descubra a nossa gama de exoesqueletos industriais (passivos ou activos) que respondem aos problemas de manuseamento de carga","og_url":"https:\/\/gobio-robot.com\/pt\/exoesqueletos-industriais\/","og_site_name":"GOBIO","article_modified_time":"2025-11-21T15:05:01+00:00","og_image":[{"width":2000,"height":800,"url":"https:\/\/gobio-robot.com\/wp-content\/uploads\/sites\/6\/2025\/10\/IP12-exosquelette-assistance-bras-en-hauteur-GOBIO-EUROPE-TECHNOLOGIES-2.png","type":"image\/png"}],"twitter_card":"summary_large_image","twitter_misc":{"Est. reading time":"4 minutes"},"schema":{"@context":"https:\/\/schema.org","@graph":[{"@type":"WebPage","@id":"https:\/\/gobio-robot.com\/pt\/exoesqueletos-industriais\/","url":"https:\/\/gobio-robot.com\/pt\/exoesqueletos-industriais\/","name":"exoesqueletos industriais e ergoesqueletos - GOBIO","isPartOf":{"@id":"https:\/\/gobio-robot.com\/#website"},"primaryImageOfPage":{"@id":"https:\/\/gobio-robot.com\/pt\/exoesqueletos-industriais\/#primaryimage"},"image":{"@id":"https:\/\/gobio-robot.com\/pt\/exoesqueletos-industriais\/#primaryimage"},"thumbnailUrl":"https:\/\/gobio-robot.com\/wp-content\/uploads\/sites\/6\/2025\/10\/IP12-exosquelette-assistance-bras-en-hauteur-GOBIO-EUROPE-TECHNOLOGIES-2.png","datePublished":"2018-07-03T14:32:28+00:00","dateModified":"2025-11-21T15:05:01+00:00","description":"Descubra a nossa gama de exoesqueletos industriais (passivos ou activos) que respondem aos problemas de manuseamento de carga","breadcrumb":{"@id":"https:\/\/gobio-robot.com\/pt\/exoesqueletos-industriais\/#breadcrumb"},"inLanguage":"pt","potentialAction":[{"@type":"ReadAction","target":["https:\/\/gobio-robot.com\/pt\/exoesqueletos-industriais\/"]}]},{"@type":"ImageObject","inLanguage":"pt","@id":"https:\/\/gobio-robot.com\/pt\/exoesqueletos-industriais\/#primaryimage","url":"https:\/\/gobio-robot.com\/wp-content\/uploads\/sites\/6\/2025\/10\/IP12-exosquelette-assistance-bras-en-hauteur-GOBIO-EUROPE-TECHNOLOGIES-2.png","contentUrl":"https:\/\/gobio-robot.com\/wp-content\/uploads\/sites\/6\/2025\/10\/IP12-exosquelette-assistance-bras-en-hauteur-GOBIO-EUROPE-TECHNOLOGIES-2.png","width":2000,"height":800},{"@type":"BreadcrumbList","@id":"https:\/\/gobio-robot.com\/pt\/exoesqueletos-industriais\/#breadcrumb","itemListElement":[{"@type":"ListItem","position":1,"name":"Home","item":"https:\/\/gobio-robot.com\/pt\/"},{"@type":"ListItem","position":2,"name":"As nossas solu\u00e7\u00f5es de exoesqueletos industriais"}]},{"@type":"WebSite","@id":"https:\/\/gobio-robot.com\/#website","url":"https:\/\/gobio-robot.com\/","name":"GOBIO","description":"","potentialAction":[{"@type":"SearchAction","target":{"@type":"EntryPoint","urlTemplate":"https:\/\/gobio-robot.com\/?s={search_term_string}"},"query-input":{"@type":"PropertyValueSpecification","valueRequired":true,"valueName":"search_term_string"}}],"inLanguage":"pt"}]}},"_links":{"self":[{"href":"https:\/\/gobio-robot.com\/pt\/wp-json\/wp\/v2\/pages\/18431","targetHints":{"allow":["GET"]}}],"collection":[{"href":"https:\/\/gobio-robot.com\/pt\/wp-json\/wp\/v2\/pages"}],"about":[{"href":"https:\/\/gobio-robot.com\/pt\/wp-json\/wp\/v2\/types\/page"}],"author":[{"embeddable":true,"href":"https:\/\/gobio-robot.com\/pt\/wp-json\/wp\/v2\/users\/1"}],"replies":[{"embeddable":true,"href":"https:\/\/gobio-robot.com\/pt\/wp-json\/wp\/v2\/comments?post=18431"}],"version-history":[{"count":6,"href":"https:\/\/gobio-robot.com\/pt\/wp-json\/wp\/v2\/pages\/18431\/revisions"}],"predecessor-version":[{"id":25274,"href":"https:\/\/gobio-robot.com\/pt\/wp-json\/wp\/v2\/pages\/18431\/revisions\/25274"}],"wp:featuredmedia":[{"embeddable":true,"href":"https:\/\/gobio-robot.com\/pt\/wp-json\/wp\/v2\/media\/24274"}],"wp:attachment":[{"href":"https:\/\/gobio-robot.com\/pt\/wp-json\/wp\/v2\/media?parent=18431"}],"curies":[{"name":"wp","href":"https:\/\/api.w.org\/{rel}","templated":true}]}}