{"id":18451,"date":"2018-07-03T16:04:17","date_gmt":"2018-07-03T14:04:17","guid":{"rendered":"https:\/\/gobio-robot.com\/exosquelettes-industriels\/ip-13-exosquelette-dos-et-lombaires\/"},"modified":"2025-12-10T16:22:50","modified_gmt":"2025-12-10T15:22:50","slug":"ip13-alivio-de-dores-lombares","status":"publish","type":"page","link":"https:\/\/gobio-robot.com\/pt\/exoesqueletos-industriais\/ip13-alivio-de-dores-lombares\/","title":{"rendered":"IP13 &#8211; al\u00edvio de dores lombares"},"content":{"rendered":"<div class=\"wpb-content-wrapper\"><p>[vc_row][vc_column][vc_empty_space height=&#8221;100&#8243;][vc_raw_html css=&#8221;&#8221;]JTVCd3BzZW9fYnJlYWRjcnVtYiU1RA==[\/vc_raw_html][vc_column_text css=&#8221;&#8221;]<\/p>\n<h2><strong>IP13 |<\/strong>\u00a0O modelo JAPET &#8211; Exoesqueleto para o al\u00edvio de dores lombares<\/h2>\n<p>[\/vc_column_text][\/vc_column][\/vc_row][vc_row][vc_column width=&#8221;2\/3&#8243;][vc_column_text]O IP13 modelo JAPET \u00e9 um dispositivo de assist\u00eancia ativo, leve e adapt\u00e1vel, que alivia as costas dos operadores em trabalhos com tens\u00e3o lombar elevada. O exoesqueleto dorsal ativo, garantindo ao operador liberdade de movimento e preservando a sua atividade muscular, ao mesmo tempo que assegura um apoio postural ergon\u00f3mico.[\/vc_column_text][vc_column_text css=&#8221;&#8221;]<\/p>\n<h3>PRINCIPAIS VANTAGENS<\/h3>\n<p>[\/vc_column_text][vc_row_inner gap=&#8221;1&#8243;][vc_column_inner width=&#8221;1\/3&#8243; offset=&#8221;vc_col-xs-4&#8243;][vc_single_image image=&#8221;23012&#8243; img_size=&#8221;120*120&#8243; alignment=&#8221;center&#8221; css=&#8221;&#8221; image_hover=&#8221;&#8221;][vc_column_text css=&#8221;&#8221;]<\/p>\n<p style=\"text-align: center;\">F\u00e1cil de usar<\/p>\n<p>[\/vc_column_text][\/vc_column_inner][vc_column_inner width=&#8221;1\/3&#8243; offset=&#8221;vc_col-xs-4&#8243;][vc_single_image image=&#8221;18488&#8243; img_size=&#8221;120*120&#8243; alignment=&#8221;center&#8221; css=&#8221;&#8221; image_hover=&#8221;&#8221;][vc_column_text css=&#8221;&#8221;]<\/p>\n<p style=\"text-align: center;\">Leve<\/p>\n<p>[\/vc_column_text][\/vc_column_inner][vc_column_inner width=&#8221;1\/3&#8243; offset=&#8221;vc_col-xs-4&#8243;][vc_single_image image=&#8221;23016&#8243; img_size=&#8221;120*120&#8243; alignment=&#8221;center&#8221; css=&#8221;&#8221; image_hover=&#8221;&#8221;][vc_column_text css=&#8221;&#8221;]<\/p>\n<p style=\"text-align: center;\">Adapt\u00e1vel e flex\u00edvel<\/p>\n<p>[\/vc_column_text][\/vc_column_inner][\/vc_row_inner][vc_empty_space height=&#8221;64&#8243;][\/vc_column][vc_column width=&#8221;1\/3&#8243;][vc_single_image image=&#8221;25163&#8243; img_size=&#8221;450*550&#8243; alignment=&#8221;center&#8221; css=&#8221;&#8221; image_hover=&#8221;&#8221;][\/vc_column][\/vc_row][vc_row equal_height=&#8221;yes&#8221; content_placement=&#8221;middle&#8221;][vc_column][vc_row_inner equal_height=&#8221;yes&#8221; content_placement=&#8221;top&#8221;][vc_column_inner width=&#8221;2\/3&#8243;][vc_column_text]<\/p>\n<h3>UTILIZA\u00c7\u00c3O<\/h3>\n<p>O exoesqueleto IP13 modelo JAPET aplica-se a todos os trabalhos com grande esfor\u00e7o das costas (movimentos repetitivos, posturas inc\u00f3modas ou transporte de cargas):<\/p>\n<ul>\n<li>Operadores das ind\u00fastrias metal\u00fargicas, de constru\u00e7\u00e3o de autom\u00f3veis, aeroespaciais, ferrovi\u00e1rias e navais<\/li>\n<li>Trabalhadores de estaleiros da constru\u00e7\u00e3o civil (ladrilhadores, aplicadores de placas, jardineiros, etc.)<\/li>\n<li>Operadores de linhas de produ\u00e7\u00e3o agroalimentares<\/li>\n<li>Operadores de plataformas log\u00edsticas<\/li>\n<li>Todos os restantes postos de trabalho necess\u00e1rios na retaguarda dos operadores (manuten\u00e7\u00e3o, repara\u00e7\u00e3o, assist\u00eancia t\u00e9cnica, espa\u00e7os verdes, horticultura, viticultura, etc.)<\/li>\n<\/ul>\n<p>O exoesqueleto lombar IP13 modelo JAPET tamb\u00e9m se aplica em todas as profiss\u00f5es, quer para ajudar os trabalhadores na perman\u00eancia no trabalho ou para apoiar o regresso ao trabalho, dos trabalhadores que sofrem de lombalgias.[\/vc_column_text][vc_column_text]<\/p>\n<h3>UTILIZADOR<\/h3>\n<p>Adapt\u00e1vel a todos os postos de trabalho, o exoesqueleto dorsal IP13 modelo JAPET, promove o bem-estar do trabalhador, incute-lhe confian\u00e7a na execu\u00e7\u00e3o das suas tarefas di\u00e1rias e visa a empregabilidade sustent\u00e1vel. Desta forma, o operador mant\u00e9m-se ativo e proporciona um valor acrescentado, sem fadiga ou esfor\u00e7o desgastante.[\/vc_column_text][\/vc_column_inner][vc_column_inner width=&#8221;1\/3&#8243;]<div class=\"ult-content-box-container \" >\t<a class=\"ult-content-box-anchor\" href=\"https:\/\/gobio-robot.com\/pt\/descargas\/\" title=\"Descargas\" >\t\t<div class=\"ult-content-box\" style=\"background-color:rgba(0,157,224,0.15);box-shadow: px px px px none;padding:15px;margin-top:5px;margin-right:15px;margin-bottom:5px;margin-left:15px;-webkit-transition: all 700ms ease;-moz-transition: all 700ms ease;-ms-transition: all 700ms ease;-o-transition: all 700ms ease;transition: all 700ms ease;\"  data-hover_bg_color=\"rgba(205,91,27,0.15)\"  data-hover_box_shadow=\"none\"    data-normal_margins=\"margin-top:5px;margin-right:15px;margin-bottom:5px;margin-left:15px;\"   data-bg=\"rgba(0,157,224,0.15)\" >[vc_single_image image=&#8221;18464&#8243; img_size=&#8221;150*212&#8243; alignment=&#8221;center&#8221;][vc_column_text]<\/p>\n<p style=\"text-align: center;\"><strong><span style=\"color: #2f3787;\">Descarregar a nossa folheto dedicado ao exoesqueleto IP13 para o al\u00edvio das costas<\/span><\/strong><\/p>\n<p>[\/vc_column_text][vc_btn title=&#8221;Estou a descarregar!&#8221; style=&#8221;custom&#8221; custom_background=&#8221;#cd5b1b&#8221; custom_text=&#8221;#ffffff&#8221; align=&#8221;center&#8221; i_icon_fontawesome=&#8221;fas fa-file-download&#8221; css_animation=&#8221;none&#8221; add_icon=&#8221;true&#8221; link=&#8221;title:Descargas&#8221;]\t\t<\/div>\t<\/a><\/div>[vc_empty_space height=&#8221;15px&#8221;][\/vc_column_inner][\/vc_row_inner][\/vc_column][\/vc_row][vc_row][vc_column][vc_column_text]<\/p>\n<p style=\"text-align: center;\"><a href=\"https:\/\/gobio-robot.com\/pt\/contacto\/\" target=\"_blank\" rel=\"noopener\"><span style=\"color: #cd5b1b;\"> <u> <strong> Contacte-nos para fazer a sua encomenda!<\/strong> <\/u> <\/span><\/a><\/p>\n<p>[\/vc_column_text][vc_row_inner][vc_column_inner width=&#8221;1\/3&#8243;][vc_single_image image=&#8221;22011&#8243; img_size=&#8221;full&#8221;][\/vc_column_inner][vc_column_inner width=&#8221;1\/3&#8243;][vc_single_image image=&#8221;22008&#8243; img_size=&#8221;full&#8221;][\/vc_column_inner][vc_column_inner width=&#8221;1\/3&#8243;][vc_single_image image=&#8221;22005&#8243; img_size=&#8221;full&#8221;][\/vc_column_inner][\/vc_row_inner][vc_empty_space height=&#8221;64px&#8221;][vc_column_text]<\/p>\n<h2 style=\"text-align: center;\">Exemplo de aplica\u00e7\u00e3o do exoesqueleto IP13<\/h2>\n<p>[\/vc_column_text][vc_empty_space][vc_row_inner content_placement=&#8221;middle&#8221; gap=&#8221;35&#8243;][vc_column_inner width=&#8221;1\/2&#8243;][vc_column_text]<\/p>\n<h3>UNIDADE DE RESTAURA\u00c7\u00c3O COLETIVA DO C. H. DE DAX<\/h3>\n<p>Gra\u00e7as ao exoesqueleto lombar IP13, os operadores do servi\u00e7o de rece\u00e7\u00e3o da UCR (Unidade de restaura\u00e7\u00e3o coletiva) no centro hospitalar de Dax beneficiam de aux\u00edlio para aliviar as suas costas e preservar a sua atividade muscular.<\/p>\n<p>De facto, o seu trabalho di\u00e1rio envolve imensas dificuldades com tarefas fisicamente exigentes: constrangimentos relacionados com posturas, localiza\u00e7\u00e3o e temperatura. O exoesqueleto lombar IP13 <a href=\"https:\/\/www.japet.eu\/\" target=\"_blank\" rel=\"noopener\">JAPET<\/a> assegura a liberdade de movimento, ao mesmo tempo que proporciona um apoio postural ergon\u00f3mico.<\/p>\n<p><em><a href=\"https:\/\/gobio-robot.com\/ip13-soulager-les-operateurs-de-lunite-de-restauration-collective-du-centre-hospitalier-de-dax\/\">Leia o artigo completo sobre o assunto<\/a><\/em>[\/vc_column_text][\/vc_column_inner][vc_column_inner width=&#8221;1\/2&#8243;][vc_video link=&#8221;https:\/\/youtu.be\/WNNMhH1Jixo&#8221; align=&#8221;center&#8221;][\/vc_column_inner][\/vc_row_inner][\/vc_column][\/vc_row][vc_row][vc_column][vc_text_separator title=&#8221;&#8221; i_icon_fontawesome=&#8221;fas fa-handshake&#8221; i_color=&#8221;custom&#8221; i_background_style=&#8221;rounded-outline&#8221; i_background_color=&#8221;custom&#8221; i_size=&#8221;lg&#8221; add_icon=&#8221;true&#8221; i_custom_color=&#8221;#2f3787&#8243; i_custom_background_color=&#8221;#2f3787&#8243;][vc_column_text css=&#8221;&#8221;]<\/p>\n<h3 style=\"text-align: center;\">Testemunhos de usu\u00e1rios<\/h3>\n<p>[\/vc_column_text][vc_row_inner][vc_column_inner]<div id=\"ult-carousel-425917140269e47678b5b24\" class=\"ult-carousel-wrapper   ult_horizontal\" data-gutter=\"15\" data-rtl=\"false\" ><div class=\"ult-carousel-17306053369e47678b5a40 \" ><div class=\"ult-item-wrap\" data-animation=\"animated no-animation\"><div class=\"ult-content-box-container \" >\t\t<div class=\"ult-content-box\" style=\"background-color:#FFFFFF;box-shadow: 5px 5px 5px 5px #dbdbdb ;border-style:solid;border-radius:15px;border-color:#ffffff;padding:15px;margin:15px;-webkit-transition: all 700ms ease;-moz-transition: all 700ms ease;-ms-transition: all 700ms ease;-o-transition: all 700ms ease;transition: all 700ms ease;\"  data-hover_bg_color=\"#FFFFFF\"  data-hover_box_shadow=\"none\"  data-hover_border_color=\"#FFFFFF\"    data-normal_margins=\"margin:15px;\"   data-bg=\"#FFFFFF\"  data-border_color=\"#ffffff\" >[vc_column_text css=&#8221;&#8221;]<\/p>\n<div class=\"wpb_text_column wpb_content_element\">\n<div class=\"wpb_wrapper\">\n<p style=\"text-align: center;\">&#8220;Eis o meu relat\u00f3rio ap\u00f3s 2 semanas de utiliza\u00e7\u00e3o: o exoesqueleto dorsal IP13 \u00e9 muito f\u00e1cil e r\u00e1pido de instalar, um pouco de dor nas costas, como no teste, mas que diminuiu com o tempo, n\u00e3o noto qualquer desconforto durante a utiliza\u00e7\u00e3o (peso e volume). Em resumo, estou completamente satisfeito com o ip13 durante as suas 2 primeiras utiliza\u00e7\u00f5es.&#8221;<\/p>\n<p style=\"text-align: center;\"><span style=\"color: #2f3787;\"><strong>Mockael GOERGE<\/strong> &#8211; DECATHLON<\/span><\/p>\n<\/div>\n<\/div>\n<p>[\/vc_column_text]\t\t<\/div><\/div><\/div><\/div><\/div>\t\t\t<script type=\"text\/javascript\">\n\t\t\t\tjQuery(document).ready(function ($) {\n\t\t\t\t\tif( typeof jQuery('.ult-carousel-17306053369e47678b5a40').slick == \"function\"){\n\t\t\t\t\t\t$('.ult-carousel-17306053369e47678b5a40').slick({dots: false,autoplay: true,autoplaySpeed: \"5000\",speed: \"300\",infinite: true,arrows: true,nextArrow: '<button type=\"button\" role=\"button\" aria-label=\"Next\" style=\"color:#2F3787; font-size:20px;\" class=\"slick-next default\"><i class=\"ultsl-arrow-right4\"><\/i><\/button>',prevArrow: '<button type=\"button\" role=\"button\" aria-label=\"Previous\" style=\"color:#2F3787; font-size:20px;\" class=\"slick-prev default\"><i class=\"ultsl-arrow-left4\"><\/i><\/button>',slidesToScroll:1,slidesToShow:1,swipe: true,draggable: true,touchMove: true,pauseOnHover: true,pauseOnFocus: false,responsive: [\n\t\t\t\t\t\t\t{\n\t\t\t\t\t\t\t  breakpoint: 1026,\n\t\t\t\t\t\t\t  settings: {\n\t\t\t\t\t\t\t\tslidesToShow: 1,\n\t\t\t\t\t\t\t\tslidesToScroll: 1,  \n\t\t\t\t\t\t\t  }\n\t\t\t\t\t\t\t},\n\t\t\t\t\t\t\t{\n\t\t\t\t\t\t\t  breakpoint: 1025,\n\t\t\t\t\t\t\t  settings: {\n\t\t\t\t\t\t\t\tslidesToShow: 2,\n\t\t\t\t\t\t\t\tslidesToScroll: 2\n\t\t\t\t\t\t\t  }\n\t\t\t\t\t\t\t},\n\t\t\t\t\t\t\t{\n\t\t\t\t\t\t\t  breakpoint: 760,\n\t\t\t\t\t\t\t  settings: {\n\t\t\t\t\t\t\t\tslidesToShow: 2,\n\t\t\t\t\t\t\t\tslidesToScroll: 2\n\t\t\t\t\t\t\t  }\n\t\t\t\t\t\t\t}\n\t\t\t\t\t\t],pauseOnDotsHover: true,customPaging: function(slider, i) {\n                   return '<i type=\"button\" style= \"color:#333333;\" class=\"ultsl-record\" data-role=\"none\"><\/i>';\n                },});\n\t\t\t\t\t}\n\t\t\t\t});\n\t\t\t<\/script>\n\t\t\t[\/vc_column_inner][\/vc_row_inner][\/vc_column][\/vc_row][vc_row][vc_column][vc_empty_space height=&#8221;64px&#8221;][vc_btn title=&#8221;Para saber mais sobre as aplica\u00e7\u00f5es do modelo JAPET IP13 exoesqueleto drosal, descarregue a nossa brochura dedicada!&#8221; style=&#8221;custom&#8221; custom_background=&#8221;#cd5b1b&#8221; custom_text=&#8221;#ffffff&#8221; size=&#8221;lg&#8221; align=&#8221;center&#8221; i_icon_fontawesome=&#8221;fas fa-download&#8221; css_animation=&#8221;fadeIn&#8221; button_block=&#8221;true&#8221; add_icon=&#8221;true&#8221; link=&#8221;url:https%3A%2F%2Fgobio-robot.com%2Fpt%2Fdescargas%2F|title:Descargas&#8221;][vc_empty_space height=&#8221;64px&#8221;][\/vc_column][\/vc_row][vc_row][vc_column][vc_column_text css=&#8221;&#8221;]<\/p>\n<h3>D\u00e9couvrez notre gamme d&#8217;exosquelettes GOBIO<\/h3>\n<p>[\/vc_column_text]<div id=\"ult-carousel-399644861569e47678b5cb8\" class=\"ult-carousel-wrapper   ult_horizontal\" data-gutter=\"15\" data-rtl=\"false\" ><div class=\"ult-carousel-346905486169e47678b5c95 \" >[vc_single_image image=&#8221;22145&#8243; img_size=&#8221;250*250&#8243; alignment=&#8221;center&#8221; style=&#8221;vc_box_circle&#8221; onclick=&#8221;custom_link&#8221; css=&#8221;.vc_custom_1760692286316{background-color: #FFFFFF !important;}&#8221; image_hover=&#8221;&#8221; link=&#8221;https:\/\/gobio-robot.com\/pt\/exoesqueletos-industriais\/ip11-exoesqueleto-de-cabeza-modelo-skelex\/&#8221; title=&#8221;IP11&#8243;][vc_single_image image=&#8221;23827&#8243; img_size=&#8221;250*250&#8243; alignment=&#8221;center&#8221; style=&#8221;vc_box_circle&#8221; onclick=&#8221;custom_link&#8221; css=&#8221;.vc_custom_1760692220671{background-color: #FFFFFF !important;}&#8221; image_hover=&#8221;&#8221; link=&#8221;https:\/\/gobio-robot.com\/pt\/exoesqueletos-industriais\/ip-12-exoesqueleto-para-postura-e-apoio-de-bracos-em-altura\/&#8221; title=&#8221;IP12&#8243;][vc_single_image image=&#8221;24132&#8243; img_size=&#8221;250*250&#8243; alignment=&#8221;center&#8221; style=&#8221;vc_box_circle&#8221; onclick=&#8221;custom_link&#8221; css=&#8221;.vc_custom_1760692241541{background-color: #FFFFFF !important;}&#8221; image_hover=&#8221;&#8221; link=&#8221;https:\/\/gobio-robot.com\/pt\/exoesqueletos-industriais\/ip-14-cadeira-de-exoesqueleto-para-postura-de-pe\/&#8221; title=&#8221;IP14&#8243;][vc_single_image image=&#8221;24136&#8243; img_size=&#8221;250*250&#8243; alignment=&#8221;center&#8221; style=&#8221;vc_box_circle&#8221; onclick=&#8221;custom_link&#8221; css=&#8221;.vc_custom_1760692252855{background-color: #FFFFFF !important;}&#8221; image_hover=&#8221;&#8221; link=&#8221;https:\/\/gobio-robot.com\/pt\/exoesqueletos-industriais\/ironhand-guante-bionico\/&#8221; title=&#8221;IRONHAND\u00ae&#8221;][vc_single_image image=&#8221;24161&#8243; img_size=&#8221;250*250&#8243; alignment=&#8221;center&#8221; style=&#8221;vc_box_circle&#8221; onclick=&#8221;custom_link&#8221; css=&#8221;.vc_custom_1760692920511{background-color: #FFFFFF !important;}&#8221; image_hover=&#8221;&#8221; link=&#8221;https:\/\/gobio-robot.com\/pt\/exoesqueletos-industriais\/ip19-ergoesqueleto-musculos-das-costas\/&#8221; title=&#8221;IP19&#8243;]<\/div><\/div>\t\t\t<script type=\"text\/javascript\">\n\t\t\t\tjQuery(document).ready(function ($) {\n\t\t\t\t\tif( typeof jQuery('.ult-carousel-346905486169e47678b5c95').slick == \"function\"){\n\t\t\t\t\t\t$('.ult-carousel-346905486169e47678b5c95').slick({dots: false,autoplay: true,autoplaySpeed: \"3000\",speed: \"300\",infinite: true,arrows: true,nextArrow: '<button type=\"button\" role=\"button\" aria-label=\"Next\" style=\"color:#2F3787; font-size:20px;\" class=\"slick-next default\"><i class=\"ultsl-arrow-right6\"><\/i><\/button>',prevArrow: '<button type=\"button\" role=\"button\" aria-label=\"Previous\" style=\"color:#2F3787; font-size:20px;\" class=\"slick-prev default\"><i class=\"ultsl-arrow-left6\"><\/i><\/button>',slidesToScroll:3,slidesToShow:3,swipe: true,draggable: true,touchMove: true,pauseOnHover: true,pauseOnFocus: false,responsive: [\n\t\t\t\t\t\t\t{\n\t\t\t\t\t\t\t  breakpoint: 1026,\n\t\t\t\t\t\t\t  settings: {\n\t\t\t\t\t\t\t\tslidesToShow: 3,\n\t\t\t\t\t\t\t\tslidesToScroll: 3,  \n\t\t\t\t\t\t\t  }\n\t\t\t\t\t\t\t},\n\t\t\t\t\t\t\t{\n\t\t\t\t\t\t\t  breakpoint: 1025,\n\t\t\t\t\t\t\t  settings: {\n\t\t\t\t\t\t\t\tslidesToShow: 3,\n\t\t\t\t\t\t\t\tslidesToScroll: 3\n\t\t\t\t\t\t\t  }\n\t\t\t\t\t\t\t},\n\t\t\t\t\t\t\t{\n\t\t\t\t\t\t\t  breakpoint: 760,\n\t\t\t\t\t\t\t  settings: {\n\t\t\t\t\t\t\t\tslidesToShow: 2,\n\t\t\t\t\t\t\t\tslidesToScroll: 2\n\t\t\t\t\t\t\t  }\n\t\t\t\t\t\t\t}\n\t\t\t\t\t\t],pauseOnDotsHover: true,customPaging: function(slider, i) {\n                   return '<i type=\"button\" style= \"color:#333333;\" class=\"ultsl-record\" data-role=\"none\"><\/i>';\n                },});\n\t\t\t\t\t}\n\t\t\t\t});\n\t\t\t<\/script>\n\t\t\t[vc_empty_space height=&#8221;50&#8243;][\/vc_column][\/vc_row]<\/p>\n<\/div>","protected":false},"excerpt":{"rendered":"<p>[vc_row][vc_column][vc_empty_space height=&#8221;100&#8243;][vc_raw_html css=&#8221;&#8221;]JTVCd3BzZW9fYnJlYWRjcnVtYiU1RA==[\/vc_raw_html][vc_column_text css=&#8221;&#8221;] IP13 |\u00a0O modelo JAPET &#8211; Exoesqueleto para o al\u00edvio de dores lombares [\/vc_column_text][\/vc_column][\/vc_row][vc_row][vc_column width=&#8221;2\/3&#8243;][vc_column_text]O IP13 modelo JAPET \u00e9 um dispositivo de assist\u00eancia ativo, leve e adapt\u00e1vel,&hellip;<\/p>\n","protected":false},"author":1,"featured_media":22045,"parent":18431,"menu_order":0,"comment_status":"closed","ping_status":"closed","template":"page-avec-slider.php","meta":{"_acf_changed":false,"footnotes":""},"class_list":["post-18451","page","type-page","status-publish","has-post-thumbnail","hentry"],"acf":[],"yoast_head":"<title>IP13 - lExoesqueleto para o al\u00edvio de dores lombares - GOBIO<\/title>\n<meta name=\"description\" content=\"O exoesqueleto dorsal garante a liberdade de movimentos do operador e preserva a atividade muscular, aliviando a tens\u00e3o na zona lombar.\" \/>\n<meta name=\"robots\" content=\"index, follow, max-snippet:-1, max-image-preview:large, max-video-preview:-1\" \/>\n<link rel=\"canonical\" href=\"https:\/\/gobio-robot.com\/pt\/exoesqueletos-industriais\/ip13-alivio-de-dores-lombares\/\" \/>\n<meta property=\"og:locale\" content=\"pt_PT\" \/>\n<meta property=\"og:type\" content=\"article\" \/>\n<meta property=\"og:title\" content=\"IP13 - lExoesqueleto para o al\u00edvio de dores lombares - GOBIO\" \/>\n<meta property=\"og:description\" content=\"O exoesqueleto dorsal garante a liberdade de movimentos do operador e preserva a atividade muscular, aliviando a tens\u00e3o na zona lombar.\" \/>\n<meta property=\"og:url\" content=\"https:\/\/gobio-robot.com\/pt\/exoesqueletos-industriais\/ip13-alivio-de-dores-lombares\/\" \/>\n<meta property=\"og:site_name\" content=\"GOBIO\" \/>\n<meta property=\"article:modified_time\" content=\"2025-12-10T15:22:50+00:00\" \/>\n<meta property=\"og:image\" content=\"https:\/\/gobio-robot.com\/wp-content\/uploads\/sites\/6\/2023\/08\/P1044459-2-scaled.jpg\" \/>\n\t<meta property=\"og:image:width\" content=\"2560\" \/>\n\t<meta property=\"og:image:height\" content=\"1920\" \/>\n\t<meta property=\"og:image:type\" content=\"image\/jpeg\" \/>\n<meta name=\"twitter:card\" content=\"summary_large_image\" \/>\n<meta name=\"twitter:label1\" content=\"Est. reading time\" \/>\n\t<meta name=\"twitter:data1\" content=\"4 minutes\" \/>\n<script type=\"application\/ld+json\" class=\"yoast-schema-graph\">{\"@context\":\"https:\\\/\\\/schema.org\",\"@graph\":[{\"@type\":\"WebPage\",\"@id\":\"https:\\\/\\\/gobio-robot.com\\\/pt\\\/exoesqueletos-industriais\\\/ip13-alivio-de-dores-lombares\\\/\",\"url\":\"https:\\\/\\\/gobio-robot.com\\\/pt\\\/exoesqueletos-industriais\\\/ip13-alivio-de-dores-lombares\\\/\",\"name\":\"IP13 - lExoesqueleto para o al\u00edvio de dores lombares - GOBIO\",\"isPartOf\":{\"@id\":\"https:\\\/\\\/gobio-robot.com\\\/#website\"},\"primaryImageOfPage\":{\"@id\":\"https:\\\/\\\/gobio-robot.com\\\/pt\\\/exoesqueletos-industriais\\\/ip13-alivio-de-dores-lombares\\\/#primaryimage\"},\"image\":{\"@id\":\"https:\\\/\\\/gobio-robot.com\\\/pt\\\/exoesqueletos-industriais\\\/ip13-alivio-de-dores-lombares\\\/#primaryimage\"},\"thumbnailUrl\":\"https:\\\/\\\/gobio-robot.com\\\/wp-content\\\/uploads\\\/sites\\\/6\\\/2023\\\/08\\\/P1044459-2-scaled.jpg\",\"datePublished\":\"2018-07-03T14:04:17+00:00\",\"dateModified\":\"2025-12-10T15:22:50+00:00\",\"description\":\"O exoesqueleto dorsal garante a liberdade de movimentos do operador e preserva a atividade muscular, aliviando a tens\u00e3o na zona lombar.\",\"breadcrumb\":{\"@id\":\"https:\\\/\\\/gobio-robot.com\\\/pt\\\/exoesqueletos-industriais\\\/ip13-alivio-de-dores-lombares\\\/#breadcrumb\"},\"inLanguage\":\"pt\",\"potentialAction\":[{\"@type\":\"ReadAction\",\"target\":[\"https:\\\/\\\/gobio-robot.com\\\/pt\\\/exoesqueletos-industriais\\\/ip13-alivio-de-dores-lombares\\\/\"]}]},{\"@type\":\"ImageObject\",\"inLanguage\":\"pt\",\"@id\":\"https:\\\/\\\/gobio-robot.com\\\/pt\\\/exoesqueletos-industriais\\\/ip13-alivio-de-dores-lombares\\\/#primaryimage\",\"url\":\"https:\\\/\\\/gobio-robot.com\\\/wp-content\\\/uploads\\\/sites\\\/6\\\/2023\\\/08\\\/P1044459-2-scaled.jpg\",\"contentUrl\":\"https:\\\/\\\/gobio-robot.com\\\/wp-content\\\/uploads\\\/sites\\\/6\\\/2023\\\/08\\\/P1044459-2-scaled.jpg\",\"width\":2560,\"height\":1920,\"caption\":\"exosquelette lombaire GOBIO\"},{\"@type\":\"BreadcrumbList\",\"@id\":\"https:\\\/\\\/gobio-robot.com\\\/pt\\\/exoesqueletos-industriais\\\/ip13-alivio-de-dores-lombares\\\/#breadcrumb\",\"itemListElement\":[{\"@type\":\"ListItem\",\"position\":1,\"name\":\"Home\",\"item\":\"https:\\\/\\\/gobio-robot.com\\\/pt\\\/\"},{\"@type\":\"ListItem\",\"position\":2,\"name\":\"As nossas solu\u00e7\u00f5es de exoesqueletos industriais\",\"item\":\"https:\\\/\\\/gobio-robot.com\\\/pt\\\/exoesqueletos-industriais\\\/\"},{\"@type\":\"ListItem\",\"position\":3,\"name\":\"IP13 &#8211; al\u00edvio de dores lombares\"}]},{\"@type\":\"WebSite\",\"@id\":\"https:\\\/\\\/gobio-robot.com\\\/#website\",\"url\":\"https:\\\/\\\/gobio-robot.com\\\/\",\"name\":\"GOBIO\",\"description\":\"\",\"potentialAction\":[{\"@type\":\"SearchAction\",\"target\":{\"@type\":\"EntryPoint\",\"urlTemplate\":\"https:\\\/\\\/gobio-robot.com\\\/?s={search_term_string}\"},\"query-input\":{\"@type\":\"PropertyValueSpecification\",\"valueRequired\":true,\"valueName\":\"search_term_string\"}}],\"inLanguage\":\"pt\"}]}<\/script>","yoast_head_json":{"title":"IP13 - lExoesqueleto para o al\u00edvio de dores lombares - GOBIO","description":"O exoesqueleto dorsal garante a liberdade de movimentos do operador e preserva a atividade muscular, aliviando a tens\u00e3o na zona lombar.","robots":{"index":"index","follow":"follow","max-snippet":"max-snippet:-1","max-image-preview":"max-image-preview:large","max-video-preview":"max-video-preview:-1"},"canonical":"https:\/\/gobio-robot.com\/pt\/exoesqueletos-industriais\/ip13-alivio-de-dores-lombares\/","og_locale":"pt_PT","og_type":"article","og_title":"IP13 - lExoesqueleto para o al\u00edvio de dores lombares - GOBIO","og_description":"O exoesqueleto dorsal garante a liberdade de movimentos do operador e preserva a atividade muscular, aliviando a tens\u00e3o na zona lombar.","og_url":"https:\/\/gobio-robot.com\/pt\/exoesqueletos-industriais\/ip13-alivio-de-dores-lombares\/","og_site_name":"GOBIO","article_modified_time":"2025-12-10T15:22:50+00:00","og_image":[{"width":2560,"height":1920,"url":"https:\/\/gobio-robot.com\/wp-content\/uploads\/sites\/6\/2023\/08\/P1044459-2-scaled.jpg","type":"image\/jpeg"}],"twitter_card":"summary_large_image","twitter_misc":{"Est. reading time":"4 minutes"},"schema":{"@context":"https:\/\/schema.org","@graph":[{"@type":"WebPage","@id":"https:\/\/gobio-robot.com\/pt\/exoesqueletos-industriais\/ip13-alivio-de-dores-lombares\/","url":"https:\/\/gobio-robot.com\/pt\/exoesqueletos-industriais\/ip13-alivio-de-dores-lombares\/","name":"IP13 - lExoesqueleto para o al\u00edvio de dores lombares - GOBIO","isPartOf":{"@id":"https:\/\/gobio-robot.com\/#website"},"primaryImageOfPage":{"@id":"https:\/\/gobio-robot.com\/pt\/exoesqueletos-industriais\/ip13-alivio-de-dores-lombares\/#primaryimage"},"image":{"@id":"https:\/\/gobio-robot.com\/pt\/exoesqueletos-industriais\/ip13-alivio-de-dores-lombares\/#primaryimage"},"thumbnailUrl":"https:\/\/gobio-robot.com\/wp-content\/uploads\/sites\/6\/2023\/08\/P1044459-2-scaled.jpg","datePublished":"2018-07-03T14:04:17+00:00","dateModified":"2025-12-10T15:22:50+00:00","description":"O exoesqueleto dorsal garante a liberdade de movimentos do operador e preserva a atividade muscular, aliviando a tens\u00e3o na zona lombar.","breadcrumb":{"@id":"https:\/\/gobio-robot.com\/pt\/exoesqueletos-industriais\/ip13-alivio-de-dores-lombares\/#breadcrumb"},"inLanguage":"pt","potentialAction":[{"@type":"ReadAction","target":["https:\/\/gobio-robot.com\/pt\/exoesqueletos-industriais\/ip13-alivio-de-dores-lombares\/"]}]},{"@type":"ImageObject","inLanguage":"pt","@id":"https:\/\/gobio-robot.com\/pt\/exoesqueletos-industriais\/ip13-alivio-de-dores-lombares\/#primaryimage","url":"https:\/\/gobio-robot.com\/wp-content\/uploads\/sites\/6\/2023\/08\/P1044459-2-scaled.jpg","contentUrl":"https:\/\/gobio-robot.com\/wp-content\/uploads\/sites\/6\/2023\/08\/P1044459-2-scaled.jpg","width":2560,"height":1920,"caption":"exosquelette lombaire GOBIO"},{"@type":"BreadcrumbList","@id":"https:\/\/gobio-robot.com\/pt\/exoesqueletos-industriais\/ip13-alivio-de-dores-lombares\/#breadcrumb","itemListElement":[{"@type":"ListItem","position":1,"name":"Home","item":"https:\/\/gobio-robot.com\/pt\/"},{"@type":"ListItem","position":2,"name":"As nossas solu\u00e7\u00f5es de exoesqueletos industriais","item":"https:\/\/gobio-robot.com\/pt\/exoesqueletos-industriais\/"},{"@type":"ListItem","position":3,"name":"IP13 &#8211; al\u00edvio de dores lombares"}]},{"@type":"WebSite","@id":"https:\/\/gobio-robot.com\/#website","url":"https:\/\/gobio-robot.com\/","name":"GOBIO","description":"","potentialAction":[{"@type":"SearchAction","target":{"@type":"EntryPoint","urlTemplate":"https:\/\/gobio-robot.com\/?s={search_term_string}"},"query-input":{"@type":"PropertyValueSpecification","valueRequired":true,"valueName":"search_term_string"}}],"inLanguage":"pt"}]}},"_links":{"self":[{"href":"https:\/\/gobio-robot.com\/pt\/wp-json\/wp\/v2\/pages\/18451","targetHints":{"allow":["GET"]}}],"collection":[{"href":"https:\/\/gobio-robot.com\/pt\/wp-json\/wp\/v2\/pages"}],"about":[{"href":"https:\/\/gobio-robot.com\/pt\/wp-json\/wp\/v2\/types\/page"}],"author":[{"embeddable":true,"href":"https:\/\/gobio-robot.com\/pt\/wp-json\/wp\/v2\/users\/1"}],"replies":[{"embeddable":true,"href":"https:\/\/gobio-robot.com\/pt\/wp-json\/wp\/v2\/comments?post=18451"}],"version-history":[{"count":5,"href":"https:\/\/gobio-robot.com\/pt\/wp-json\/wp\/v2\/pages\/18451\/revisions"}],"predecessor-version":[{"id":25192,"href":"https:\/\/gobio-robot.com\/pt\/wp-json\/wp\/v2\/pages\/18451\/revisions\/25192"}],"up":[{"embeddable":true,"href":"https:\/\/gobio-robot.com\/pt\/wp-json\/wp\/v2\/pages\/18431"}],"wp:featuredmedia":[{"embeddable":true,"href":"https:\/\/gobio-robot.com\/pt\/wp-json\/wp\/v2\/media\/22045"}],"wp:attachment":[{"href":"https:\/\/gobio-robot.com\/pt\/wp-json\/wp\/v2\/media?parent=18451"}],"curies":[{"name":"wp","href":"https:\/\/api.w.org\/{rel}","templated":true}]}}