{"id":18470,"date":"2018-07-03T15:15:33","date_gmt":"2018-07-03T13:15:33","guid":{"rendered":"https:\/\/gobio-robot.com\/parcours-dappropriation\/"},"modified":"2023-03-20T17:35:01","modified_gmt":"2023-03-20T16:35:01","slug":"pista-de-aceitabilidade","status":"publish","type":"page","link":"https:\/\/gobio-robot.com\/pt\/percurso-de-integracao\/pista-de-aceitabilidade\/","title":{"rendered":"Percurso de aceitabilidade"},"content":{"rendered":"<div class=\"wpb-content-wrapper\"><p>[vc_row][vc_column][vc_column_text]<\/p>\n<h2>Percurso de aceitabilidade<\/h2>\n<p>Utilizando os dados do seu formul\u00e1rio \u00ab Autodiagnosticar \u00bb <a href=\"https:\/\/gobio-robot.com\/pt\/diagnostico-de-caracter-penoso\/\">(Fase 1 e 2)<\/a>, estamos em condi\u00e7\u00f5es de o receber e apresentar as nossas solu\u00e7\u00f5es com testes e cen\u00e1rios de situa\u00e7\u00f5es. Finalmente, fornecemos tamb\u00e9m a sua forma\u00e7\u00e3o espec\u00edfica, seguida de satisfa\u00e7\u00e3o com a apropria\u00e7\u00e3o pelos operadores.[\/vc_column_text][vc_empty_space][\/vc_column][\/vc_row][vc_row content_placement=&#8221;middle&#8221;][vc_column width=&#8221;1\/4&#8243;][vc_single_image image=&#8221;18499&#8243; add_caption=&#8221;yes&#8221; alignment=&#8221;center&#8221; image_hover=&#8221;&#8221;][\/vc_column][vc_column width=&#8221;3\/4&#8243;][vc_column_text]<\/p>\n<h3>Fase 3 &#8211; Descubra a nossa oferta<\/h3>\n<ul>\n<li>Apresenta\u00e7\u00e3o e teste das nossas solu\u00e7\u00f5es.<\/li>\n<li>Avalia\u00e7\u00e3o da sua utilidade de acordo com as especificidades das suas atividades e do seu ambiente de trabalho.<\/li>\n<li>Abordagem sobre usabilidade, aceitabilidade e apropria\u00e7\u00e3o para a integra\u00e7\u00e3o de exoesqueletos na sua estrutura.<\/li>\n<li>Elabora\u00e7\u00e3o de um plano de a\u00e7\u00e3o (decisores e operadores).<\/li>\n<\/ul>\n<p>[\/vc_column_text][\/vc_column][\/vc_row][vc_row][vc_column][vc_empty_space][\/vc_column][\/vc_row][vc_row content_placement=&#8221;middle&#8221;][vc_column width=&#8221;1\/4&#8243;][vc_single_image image=&#8221;18497&#8243; add_caption=&#8221;yes&#8221; alignment=&#8221;center&#8221; image_hover=&#8221;&#8221;][\/vc_column][vc_column width=&#8221;3\/4&#8243;][vc_column_text]<\/p>\n<h3>Fase 4 &#8211; Utiliza\u00e7\u00e3o<\/h3>\n<ul>\n<li>Forma\u00e7\u00e3o dos utilizadores na utiliza\u00e7\u00e3o e manuten\u00e7\u00e3o dos equipamentos.<\/li>\n<li>Resposta aos problemas de aceitabilidade dos operadores.<\/li>\n<li>Monitoriza\u00e7\u00e3o da satisfa\u00e7\u00e3o e apropria\u00e7\u00e3o do equipamento por parte dos operadores.<\/li>\n<\/ul>\n<p>[\/vc_column_text][\/vc_column][\/vc_row][vc_row][vc_column][vc_empty_space height=&#8221;50px&#8221;][\/vc_column][\/vc_row]<\/p>\n<\/div>","protected":false},"excerpt":{"rendered":"<p>[vc_row][vc_column][vc_column_text] Percurso de aceitabilidade Utilizando os dados do seu formul\u00e1rio \u00ab Autodiagnosticar \u00bb (Fase 1 e 2), estamos em condi\u00e7\u00f5es de o receber e apresentar as nossas solu\u00e7\u00f5es com testes&hellip;<\/p>\n","protected":false},"author":1,"featured_media":18471,"parent":18505,"menu_order":0,"comment_status":"closed","ping_status":"closed","template":"","meta":{"_acf_changed":false,"footnotes":""},"class_list":["post-18470","page","type-page","status-publish","has-post-thumbnail","hentry"],"acf":[],"yoast_head":"<title>Percurso de aceitabilidade - GOBIO<\/title>\n<meta name=\"description\" content=\"estamos em condi\u00e7\u00f5es de o receber e apresentar as nossas solu\u00e7\u00f5es exoesqueletos com testes e cen\u00e1rios de situa\u00e7\u00f5es durante os nossos Workshops regulares\" \/>\n<meta name=\"robots\" content=\"index, follow, max-snippet:-1, max-image-preview:large, max-video-preview:-1\" \/>\n<link rel=\"canonical\" href=\"https:\/\/gobio-robot.com\/pt\/percurso-de-integracao\/pista-de-aceitabilidade\/\" \/>\n<meta property=\"og:locale\" content=\"pt_PT\" \/>\n<meta property=\"og:type\" content=\"article\" \/>\n<meta property=\"og:title\" content=\"Percurso de aceitabilidade - GOBIO\" \/>\n<meta property=\"og:description\" content=\"estamos em condi\u00e7\u00f5es de o receber e apresentar as nossas solu\u00e7\u00f5es exoesqueletos com testes e cen\u00e1rios de situa\u00e7\u00f5es durante os nossos Workshops regulares\" \/>\n<meta property=\"og:url\" content=\"https:\/\/gobio-robot.com\/pt\/percurso-de-integracao\/pista-de-aceitabilidade\/\" \/>\n<meta property=\"og:site_name\" content=\"GOBIO\" \/>\n<meta property=\"article:modified_time\" content=\"2023-03-20T16:35:01+00:00\" \/>\n<meta property=\"og:image\" content=\"https:\/\/gobio-robot.com\/wp-content\/uploads\/sites\/6\/2023\/02\/Diagnostic-de-penibilite-GOBIO.png\" \/>\n\t<meta property=\"og:image:width\" content=\"2000\" \/>\n\t<meta property=\"og:image:height\" content=\"800\" \/>\n\t<meta property=\"og:image:type\" content=\"image\/png\" \/>\n<meta name=\"twitter:card\" content=\"summary_large_image\" \/>\n<meta name=\"twitter:label1\" content=\"Est. reading time\" \/>\n\t<meta name=\"twitter:data1\" content=\"1 minute\" \/>\n<script type=\"application\/ld+json\" class=\"yoast-schema-graph\">{\"@context\":\"https:\\\/\\\/schema.org\",\"@graph\":[{\"@type\":\"WebPage\",\"@id\":\"https:\\\/\\\/gobio-robot.com\\\/pt\\\/percurso-de-integracao\\\/pista-de-aceitabilidade\\\/\",\"url\":\"https:\\\/\\\/gobio-robot.com\\\/pt\\\/percurso-de-integracao\\\/pista-de-aceitabilidade\\\/\",\"name\":\"Percurso de aceitabilidade - GOBIO\",\"isPartOf\":{\"@id\":\"https:\\\/\\\/gobio-robot.com\\\/#website\"},\"primaryImageOfPage\":{\"@id\":\"https:\\\/\\\/gobio-robot.com\\\/pt\\\/percurso-de-integracao\\\/pista-de-aceitabilidade\\\/#primaryimage\"},\"image\":{\"@id\":\"https:\\\/\\\/gobio-robot.com\\\/pt\\\/percurso-de-integracao\\\/pista-de-aceitabilidade\\\/#primaryimage\"},\"thumbnailUrl\":\"https:\\\/\\\/gobio-robot.com\\\/wp-content\\\/uploads\\\/sites\\\/6\\\/2023\\\/02\\\/Diagnostic-de-penibilite-GOBIO.png\",\"datePublished\":\"2018-07-03T13:15:33+00:00\",\"dateModified\":\"2023-03-20T16:35:01+00:00\",\"description\":\"estamos em condi\u00e7\u00f5es de o receber e apresentar as nossas solu\u00e7\u00f5es exoesqueletos com testes e cen\u00e1rios de situa\u00e7\u00f5es durante os nossos Workshops regulares\",\"breadcrumb\":{\"@id\":\"https:\\\/\\\/gobio-robot.com\\\/pt\\\/percurso-de-integracao\\\/pista-de-aceitabilidade\\\/#breadcrumb\"},\"inLanguage\":\"pt\",\"potentialAction\":[{\"@type\":\"ReadAction\",\"target\":[\"https:\\\/\\\/gobio-robot.com\\\/pt\\\/percurso-de-integracao\\\/pista-de-aceitabilidade\\\/\"]}]},{\"@type\":\"ImageObject\",\"inLanguage\":\"pt\",\"@id\":\"https:\\\/\\\/gobio-robot.com\\\/pt\\\/percurso-de-integracao\\\/pista-de-aceitabilidade\\\/#primaryimage\",\"url\":\"https:\\\/\\\/gobio-robot.com\\\/wp-content\\\/uploads\\\/sites\\\/6\\\/2023\\\/02\\\/Diagnostic-de-penibilite-GOBIO.png\",\"contentUrl\":\"https:\\\/\\\/gobio-robot.com\\\/wp-content\\\/uploads\\\/sites\\\/6\\\/2023\\\/02\\\/Diagnostic-de-penibilite-GOBIO.png\",\"width\":2000,\"height\":800,\"caption\":\"Penosidad en el trabajo - GOBIO\"},{\"@type\":\"BreadcrumbList\",\"@id\":\"https:\\\/\\\/gobio-robot.com\\\/pt\\\/percurso-de-integracao\\\/pista-de-aceitabilidade\\\/#breadcrumb\",\"itemListElement\":[{\"@type\":\"ListItem\",\"position\":1,\"name\":\"Home\",\"item\":\"https:\\\/\\\/gobio-robot.com\\\/pt\\\/\"},{\"@type\":\"ListItem\",\"position\":2,\"name\":\"Percurso de integra\u00e7\u00e3o\",\"item\":\"https:\\\/\\\/gobio-robot.com\\\/pt\\\/percurso-de-integracao\\\/\"},{\"@type\":\"ListItem\",\"position\":3,\"name\":\"Percurso de aceitabilidade\"}]},{\"@type\":\"WebSite\",\"@id\":\"https:\\\/\\\/gobio-robot.com\\\/#website\",\"url\":\"https:\\\/\\\/gobio-robot.com\\\/\",\"name\":\"GOBIO\",\"description\":\"\",\"potentialAction\":[{\"@type\":\"SearchAction\",\"target\":{\"@type\":\"EntryPoint\",\"urlTemplate\":\"https:\\\/\\\/gobio-robot.com\\\/?s={search_term_string}\"},\"query-input\":{\"@type\":\"PropertyValueSpecification\",\"valueRequired\":true,\"valueName\":\"search_term_string\"}}],\"inLanguage\":\"pt\"}]}<\/script>","yoast_head_json":{"title":"Percurso de aceitabilidade - GOBIO","description":"estamos em condi\u00e7\u00f5es de o receber e apresentar as nossas solu\u00e7\u00f5es exoesqueletos com testes e cen\u00e1rios de situa\u00e7\u00f5es durante os nossos Workshops regulares","robots":{"index":"index","follow":"follow","max-snippet":"max-snippet:-1","max-image-preview":"max-image-preview:large","max-video-preview":"max-video-preview:-1"},"canonical":"https:\/\/gobio-robot.com\/pt\/percurso-de-integracao\/pista-de-aceitabilidade\/","og_locale":"pt_PT","og_type":"article","og_title":"Percurso de aceitabilidade - GOBIO","og_description":"estamos em condi\u00e7\u00f5es de o receber e apresentar as nossas solu\u00e7\u00f5es exoesqueletos com testes e cen\u00e1rios de situa\u00e7\u00f5es durante os nossos Workshops regulares","og_url":"https:\/\/gobio-robot.com\/pt\/percurso-de-integracao\/pista-de-aceitabilidade\/","og_site_name":"GOBIO","article_modified_time":"2023-03-20T16:35:01+00:00","og_image":[{"width":2000,"height":800,"url":"https:\/\/gobio-robot.com\/wp-content\/uploads\/sites\/6\/2023\/02\/Diagnostic-de-penibilite-GOBIO.png","type":"image\/png"}],"twitter_card":"summary_large_image","twitter_misc":{"Est. reading time":"1 minute"},"schema":{"@context":"https:\/\/schema.org","@graph":[{"@type":"WebPage","@id":"https:\/\/gobio-robot.com\/pt\/percurso-de-integracao\/pista-de-aceitabilidade\/","url":"https:\/\/gobio-robot.com\/pt\/percurso-de-integracao\/pista-de-aceitabilidade\/","name":"Percurso de aceitabilidade - GOBIO","isPartOf":{"@id":"https:\/\/gobio-robot.com\/#website"},"primaryImageOfPage":{"@id":"https:\/\/gobio-robot.com\/pt\/percurso-de-integracao\/pista-de-aceitabilidade\/#primaryimage"},"image":{"@id":"https:\/\/gobio-robot.com\/pt\/percurso-de-integracao\/pista-de-aceitabilidade\/#primaryimage"},"thumbnailUrl":"https:\/\/gobio-robot.com\/wp-content\/uploads\/sites\/6\/2023\/02\/Diagnostic-de-penibilite-GOBIO.png","datePublished":"2018-07-03T13:15:33+00:00","dateModified":"2023-03-20T16:35:01+00:00","description":"estamos em condi\u00e7\u00f5es de o receber e apresentar as nossas solu\u00e7\u00f5es exoesqueletos com testes e cen\u00e1rios de situa\u00e7\u00f5es durante os nossos Workshops regulares","breadcrumb":{"@id":"https:\/\/gobio-robot.com\/pt\/percurso-de-integracao\/pista-de-aceitabilidade\/#breadcrumb"},"inLanguage":"pt","potentialAction":[{"@type":"ReadAction","target":["https:\/\/gobio-robot.com\/pt\/percurso-de-integracao\/pista-de-aceitabilidade\/"]}]},{"@type":"ImageObject","inLanguage":"pt","@id":"https:\/\/gobio-robot.com\/pt\/percurso-de-integracao\/pista-de-aceitabilidade\/#primaryimage","url":"https:\/\/gobio-robot.com\/wp-content\/uploads\/sites\/6\/2023\/02\/Diagnostic-de-penibilite-GOBIO.png","contentUrl":"https:\/\/gobio-robot.com\/wp-content\/uploads\/sites\/6\/2023\/02\/Diagnostic-de-penibilite-GOBIO.png","width":2000,"height":800,"caption":"Penosidad en el trabajo - GOBIO"},{"@type":"BreadcrumbList","@id":"https:\/\/gobio-robot.com\/pt\/percurso-de-integracao\/pista-de-aceitabilidade\/#breadcrumb","itemListElement":[{"@type":"ListItem","position":1,"name":"Home","item":"https:\/\/gobio-robot.com\/pt\/"},{"@type":"ListItem","position":2,"name":"Percurso de integra\u00e7\u00e3o","item":"https:\/\/gobio-robot.com\/pt\/percurso-de-integracao\/"},{"@type":"ListItem","position":3,"name":"Percurso de aceitabilidade"}]},{"@type":"WebSite","@id":"https:\/\/gobio-robot.com\/#website","url":"https:\/\/gobio-robot.com\/","name":"GOBIO","description":"","potentialAction":[{"@type":"SearchAction","target":{"@type":"EntryPoint","urlTemplate":"https:\/\/gobio-robot.com\/?s={search_term_string}"},"query-input":{"@type":"PropertyValueSpecification","valueRequired":true,"valueName":"search_term_string"}}],"inLanguage":"pt"}]}},"_links":{"self":[{"href":"https:\/\/gobio-robot.com\/pt\/wp-json\/wp\/v2\/pages\/18470","targetHints":{"allow":["GET"]}}],"collection":[{"href":"https:\/\/gobio-robot.com\/pt\/wp-json\/wp\/v2\/pages"}],"about":[{"href":"https:\/\/gobio-robot.com\/pt\/wp-json\/wp\/v2\/types\/page"}],"author":[{"embeddable":true,"href":"https:\/\/gobio-robot.com\/pt\/wp-json\/wp\/v2\/users\/1"}],"replies":[{"embeddable":true,"href":"https:\/\/gobio-robot.com\/pt\/wp-json\/wp\/v2\/comments?post=18470"}],"version-history":[{"count":25,"href":"https:\/\/gobio-robot.com\/pt\/wp-json\/wp\/v2\/pages\/18470\/revisions"}],"predecessor-version":[{"id":21891,"href":"https:\/\/gobio-robot.com\/pt\/wp-json\/wp\/v2\/pages\/18470\/revisions\/21891"}],"up":[{"embeddable":true,"href":"https:\/\/gobio-robot.com\/pt\/wp-json\/wp\/v2\/pages\/18505"}],"wp:featuredmedia":[{"embeddable":true,"href":"https:\/\/gobio-robot.com\/pt\/wp-json\/wp\/v2\/media\/18471"}],"wp:attachment":[{"href":"https:\/\/gobio-robot.com\/pt\/wp-json\/wp\/v2\/media?parent=18470"}],"curies":[{"name":"wp","href":"https:\/\/api.w.org\/{rel}","templated":true}]}}