{"id":18474,"date":"2018-07-03T15:13:08","date_gmt":"2018-07-03T13:13:08","guid":{"rendered":"https:\/\/gobio-robot.com\/tms-et-penibilite\/"},"modified":"2025-11-17T17:54:03","modified_gmt":"2025-11-17T16:54:03","slug":"lme-e-fadiga-2","status":"publish","type":"page","link":"https:\/\/gobio-robot.com\/pt\/lme-e-fadiga-2\/","title":{"rendered":"LME e fadiga"},"content":{"rendered":"<div class=\"wpb-content-wrapper\"><p>[vc_row][vc_column][vc_empty_space height=&#8221;100&#8243;][vc_raw_html css=&#8221;&#8221;]JTVCd3BzZW9fYnJlYWRjcnVtYiU1RA==[\/vc_raw_html][vc_column_text]<\/p>\n<h2>Les\u00f5es m\u00fasculo-esquel\u00e9ticas (LME) e tarefas fisicamente exigentes &#8211; Solu\u00e7\u00f5es de exoesqueleto e bra\u00e7os de gravidade zero<\/h2>\n<p>[\/vc_column_text][\/vc_column][\/vc_row][vc_row content_placement=&#8221;middle&#8221;][vc_column width=&#8221;2\/3&#8243;][vc_column_text]<\/p>\n<h3>LES\u00d5ES M\u00daSCULO-ESQUEL\u00c9TICAS<\/h3>\n<p>As les\u00f5es m\u00fasculo-esquel\u00e9ticas (LME) no trabalho dos membros superiores e inferiores s\u00e3o <strong>les\u00f5es do sistema m\u00fasculo-esquel\u00e9tico<\/strong> para as quais a atividade profissional pode desempenhar um papel ativo na g\u00e9nese, manuten\u00e7\u00e3o ou agravamento. <strong>As les\u00f5es m\u00fasculo-esquel\u00e9ticas (LME) afetam principalmente os m\u00fasculos, tend\u00f5es e nervos<\/strong>, ou seja, os tecidos moles.<\/p>\n<p>As partes do corpo em quest\u00e3o s\u00e3o principalmente o <strong>pesco\u00e7o<\/strong>, os ombros e os <strong>pulsos<\/strong>. As les\u00f5es m\u00fasculo-esquel\u00e9ticas (LME) dos membros inferiores s\u00e3o mais raras e incidem principalmente sobre os <strong>joelhos<\/strong>; s\u00e3o doen\u00e7as que <strong>afetam as articula\u00e7\u00f5es, m\u00fasculos e tend\u00f5es<\/strong>. Podem manifestar-se como <strong>dor<\/strong>, mas tamb\u00e9m como <strong>rigidez<\/strong>, <strong>contus\u00e3o<\/strong> ou <strong>perda de for\u00e7a<\/strong>. Independentemente da sua localiza\u00e7\u00e3o, as les\u00f5es m\u00fasculo-esquel\u00e9ticas (LME) podem tornar-se irrevers\u00edveis e conduzir a uma incapacidade duradoura. A fim de evitar que estas patologias se tornem cr\u00f3nicas, devem <strong>ser diagnosticadas e geridas rapidamente<\/strong>.<\/p>\n<p>As les\u00f5es m\u00fasculo-esquel\u00e9ticas (LME) s\u00e3o <strong>de longe as doen\u00e7as profissionais reconhecidas mais comuns<\/strong>. Em geral, as les\u00f5es m\u00fasculo-esquel\u00e9ticas (LME) est\u00e3o relacionadas com <strong>o posto de trabalho<\/strong> e o seu ambiente envolvente, com<strong> a organiza\u00e7\u00e3o do trabalho<\/strong>, com <strong>o clima social<\/strong> da empresa.<\/p>\n<p>As LME no trabalho s\u00e3o dispendiosas para a empresa. De facto, conduzem \u00e0 desorganiza\u00e7\u00e3o no seio da empresa, podem ser a origem de uma quebra no desempenho da empresa (redu\u00e7\u00e3o da produtividade, qualidade, etc.) e t\u00eam um impacto importante no absentismo e no volume de neg\u00f3cios. <strong>As solu\u00e7\u00f5es de preven\u00e7\u00e3o podem ser implementadas<\/strong>. Alguns fatores de risco das les\u00f5es m\u00fasculo-esquel\u00e9ticas (LME) relacionam-se com as obriga\u00e7\u00f5es regulamentares relacionadas com as tarefas fisicamente exigentes do trabalho.<\/p>\n<p>Com vista a responder a todas estas problem\u00e1ticas, a GOBIO estudou os diferentes tipos de tarefas e as diferentes partes do corpo que s\u00e3o solicitadas e danificadas. A nossa equipa decidiu assim<strong> responder a estas preocupa\u00e7\u00f5es na vida quotidiana dos trabalhadores, oferecendo <\/strong><a href=\"https:\/\/gobio-robot.com\/pt\/exoesqueletos-industriais\/\">solu\u00e7\u00f5es para exoesqueletos e ergoesqueletos<\/a>. Estas solu\u00e7\u00f5es n\u00e3o s\u00f3 <strong>reduzem o risco de les\u00f5es m\u00fasculo-esquel\u00e9ticas (LME)<\/strong>, como tamb\u00e9m conduzem a uma melhoria da qualidade de vida no trabalho dos trabalhadores, bem como da qualidade dos produtos.[\/vc_column_text][\/vc_column][vc_column width=&#8221;1\/3&#8243;][vc_single_image image=&#8221;18502&#8243; img_size=&#8221;medium&#8221; alignment=&#8221;center&#8221; style=&#8221;vc_box_rounded&#8221;][vc_single_image image=&#8221;18503&#8243; img_size=&#8221;medium&#8221; alignment=&#8221;center&#8221;][vc_single_image image=&#8221;18504&#8243; img_size=&#8221;medium&#8221; alignment=&#8221;center&#8221;][\/vc_column][\/vc_row][vc_row][vc_column][vc_column_text]<\/p>\n<h3>TAREFAS FISICAMENTE EXIGENTES<\/h3>\n<h4>Os princ\u00edpios fundamentais da gest\u00e3o das LME no trabalho :<\/h4>\n<p>As tarefas fisicamente exigentes no trabalho, diretamente ligadas \u00e0s LME no trabalho, s\u00e3o definidas como <strong>a exposi\u00e7\u00e3o a um ou mais factores de risco ocupacional suscet\u00edveis de deixar vest\u00edgios duradouros, identific\u00e1veis e irrevers\u00edveis na sa\u00fade.<\/strong><\/p>\n<p>Estes fatores est\u00e3o relacionados com <strong>uma tens\u00e3o f\u00edsica severa<\/strong>, <strong>um ambiente f\u00edsico agressivo<\/strong> ou <strong>determinados ritmos de trabalho<\/strong>. A exposi\u00e7\u00e3o a estes fatores \u00e9 avaliada ap\u00f3s tomar em considera\u00e7\u00e3o as medidas de prote\u00e7\u00e3o coletivas e individuais implementadas na empresa.<\/p>\n<p>Em 2011, foram definidos e consagrados<strong> 10 fatores de risco no C\u00f3digo do Trabalho<\/strong>. Nos termos do Decreto-Lei de 20 de janeiro de 2014, que garante o futuro e a equidade do sistema de pens\u00f5es, est\u00e1 prevista a <strong>cria\u00e7\u00e3o de uma &#8220;Compte Pr\u00e9vention P\u00e9nibilit\u00e9&#8221; (Conta de preven\u00e7\u00e3o)<\/strong>, cuja aplica\u00e7\u00e3o \u00e9 gradual: 4 fatores de risco entraram em vigor em 2015, os outros 6 em 2016.<\/p>\n<p><strong>Os 10 fatores de risco s\u00e3o os seguintes:<\/strong><\/p>\n<ol>\n<li>movimenta\u00e7\u00e3o manual de cargas;<\/li>\n<li>posturas dolorosas ou posi\u00e7\u00f5es que for\u00e7am as articula\u00e7\u00f5es;<\/li>\n<li>vibra\u00e7\u00f5es mec\u00e2nicas;<\/li>\n<li>atividades realizadas num ambiente hiperb\u00e1rico (altas press\u00f5es) &#8211; em vigor desde 2015;<\/li>\n<li>agentes qu\u00edmicos perigosos, incluindo poeiras e fumos;<\/li>\n<li>temperaturas extremas;<\/li>\n<li>ru\u00eddo;<\/li>\n<li>trabalho noturno &#8211; em vigor desde 2015;<\/li>\n<li>trabalho por turnos sucessivos alternados &#8211; em vigor desde 2015;<\/li>\n<li>trabalho repetitivo &#8211; em vigor desde 2015.<\/li>\n<\/ol>\n<p>[\/vc_column_text][\/vc_column][\/vc_row][vc_row][vc_column][vc_empty_space][vc_row_inner content_placement=&#8221;middle&#8221;][vc_column_inner width=&#8221;1\/4&#8243;][vc_column_text]Conhe\u00e7a abaixo os diferentes recursos do INRS (Instituto Nacional Franc\u00eas de Pesquisa e Seguran\u00e7a no Trabalho):[\/vc_column_text][\/vc_column_inner][vc_column_inner width=&#8221;1\/4&#8243;]<div class=\"ult-content-box-container \" >\t<a class=\"ult-content-box-anchor\" href=\"https:\/\/gobio-robot.com\/wp-content\/uploads\/sites\/6\/2019\/02\/Acquisition-et-int\u00e9gration-dun-exosquelette-en-entreprise-INRS.pdf\" title=\"Exosquelettes au travail impact sur la sant\u00e9 et la securit\u00e9 des operateurs - INRS\" target=\"_blank\" rel=\"noopener\" >\t\t<div class=\"ult-content-box\" style=\"background-color:#f2f2f2;box-shadow: px px px px none;padding:25px;min-height:272px;-webkit-transition: all 700ms ease;-moz-transition: all 700ms ease;-ms-transition: all 700ms ease;-o-transition: all 700ms ease;transition: all 700ms ease;\"  data-hover_bg_color=\"#f9f9f9\"  data-hover_box_shadow=\"none\"     data-bg=\"#f2f2f2\" >[vc_icon icon_fontawesome=&#8221;fas fa-file-alt&#8221; color=&#8221;custom&#8221; background_style=&#8221;rounded-outline&#8221; background_color=&#8221;custom&#8221; size=&#8221;lg&#8221; align=&#8221;center&#8221; custom_color=&#8221;#cd5b1b&#8221; custom_background_color=&#8221;#cd5b1b&#8221;][vc_column_text]O exoesqueleto no trabalho, impacto na sa\u00fade e na seguran\u00e7a dos operadores[\/vc_column_text]\t\t<\/div>\t<\/a><\/div>[\/vc_column_inner][vc_column_inner width=&#8221;1\/4&#8243;]<div class=\"ult-content-box-container \" >\t<a class=\"ult-content-box-anchor\" href=\"https:\/\/gobio-robot.com\/wp-content\/uploads\/sites\/6\/2019\/02\/Exosquelettes-au-travail-impact-sur-la-sant\u00e9-et-la-securit\u00e9-des-operateurs-INRS.pdf\" title=\"Acquisition et int\u00e9gration d&#039;un exosquelette en entreprise - INRS\" target=\"_blank\" rel=\"noopener\" >\t\t<div class=\"ult-content-box\" style=\"background-color:#f2f2f2;box-shadow: px px px px none;padding:25px;min-height:272px;-webkit-transition: all 700ms ease;-moz-transition: all 700ms ease;-ms-transition: all 700ms ease;-o-transition: all 700ms ease;transition: all 700ms ease;\"  data-hover_bg_color=\"#f9f9f9\"  data-hover_box_shadow=\"none\"     data-bg=\"#f2f2f2\" >[vc_icon icon_fontawesome=&#8221;fas fa-file-alt&#8221; color=&#8221;custom&#8221; background_style=&#8221;rounded-outline&#8221; background_color=&#8221;custom&#8221; size=&#8221;lg&#8221; align=&#8221;center&#8221; custom_color=&#8221;#cd5b1b&#8221; custom_background_color=&#8221;#cd5b1b&#8221;][vc_column_text]Aquisi\u00e7\u00e3o e integra\u00e7\u00e3o de um exoesqueleto numa empresa[\/vc_column_text]\t\t<\/div>\t<\/a><\/div>[\/vc_column_inner][vc_column_inner width=&#8221;1\/4&#8243;]<div class=\"ult-content-box-container \" >\t<a class=\"ult-content-box-anchor\" href=\"https:\/\/gobio-robot.com\/wp-content\/uploads\/sites\/6\/2019\/02\/Exosquelettes-sant\u00e9-et-s\u00e9curit\u00e9-au-travail-INRS.pdf\" title=\"Exosquelettes, sant\u00e9 et s\u00e9curit\u00e9 au travail - INRS\" target=\"_blank\" rel=\"noopener\" >\t\t<div class=\"ult-content-box\" style=\"background-color:#f2f2f2;box-shadow: px px px px none;padding:25px;min-height:272px;-webkit-transition: all 700ms ease;-moz-transition: all 700ms ease;-ms-transition: all 700ms ease;-o-transition: all 700ms ease;transition: all 700ms ease;\"  data-hover_bg_color=\"#f9f9f9\"  data-hover_box_shadow=\"none\"     data-bg=\"#f2f2f2\" >[vc_icon icon_fontawesome=&#8221;fas fa-file-alt&#8221; color=&#8221;custom&#8221; background_style=&#8221;rounded-outline&#8221; background_color=&#8221;custom&#8221; size=&#8221;lg&#8221; align=&#8221;center&#8221; custom_color=&#8221;#cd5b1b&#8221; custom_background_color=&#8221;#cd5b1b&#8221;][vc_column_text]Exoesqueleto, sa\u00fade e seguran\u00e7a no trabalho[\/vc_column_text]\t\t<\/div>\t<\/a><\/div>[\/vc_column_inner][\/vc_row_inner][\/vc_column][\/vc_row][vc_row][vc_column][vc_empty_space height=&#8221;50px&#8221;][\/vc_column][\/vc_row]<\/p>\n<\/div>","protected":false},"excerpt":{"rendered":"<p>[vc_row][vc_column][vc_empty_space height=&#8221;100&#8243;][vc_raw_html css=&#8221;&#8221;]JTVCd3BzZW9fYnJlYWRjcnVtYiU1RA==[\/vc_raw_html][vc_column_text] Les\u00f5es m\u00fasculo-esquel\u00e9ticas (LME) e tarefas fisicamente exigentes &#8211; Solu\u00e7\u00f5es de exoesqueleto e bra\u00e7os de gravidade zero [\/vc_column_text][\/vc_column][\/vc_row][vc_row content_placement=&#8221;middle&#8221;][vc_column width=&#8221;2\/3&#8243;][vc_column_text] LES\u00d5ES M\u00daSCULO-ESQUEL\u00c9TICAS As les\u00f5es m\u00fasculo-esquel\u00e9ticas (LME) no trabalho&hellip;<\/p>\n","protected":false},"author":1,"featured_media":24400,"parent":0,"menu_order":0,"comment_status":"closed","ping_status":"closed","template":"page-avec-slider.php","meta":{"_acf_changed":false,"footnotes":""},"class_list":["post-18474","page","type-page","status-publish","has-post-thumbnail","hentry"],"acf":[],"yoast_head":"<title>LME e fadiga - GOBIO<\/title>\n<meta name=\"description\" content=\"GOBIO decidiu responder aos problemas de LME no trabalho oferecendo exoesqueletos, ergosqueletos e bra\u00e7os de gravidade zero.\" \/>\n<meta name=\"robots\" content=\"index, follow, max-snippet:-1, max-image-preview:large, max-video-preview:-1\" \/>\n<link rel=\"canonical\" href=\"https:\/\/gobio-robot.com\/pt\/lme-e-fadiga-2\/\" \/>\n<meta property=\"og:locale\" content=\"pt_PT\" \/>\n<meta property=\"og:type\" content=\"article\" \/>\n<meta property=\"og:title\" content=\"LME e fadiga - GOBIO\" \/>\n<meta property=\"og:description\" content=\"GOBIO decidiu responder aos problemas de LME no trabalho oferecendo exoesqueletos, ergosqueletos e bra\u00e7os de gravidade zero.\" \/>\n<meta property=\"og:url\" content=\"https:\/\/gobio-robot.com\/pt\/lme-e-fadiga-2\/\" \/>\n<meta property=\"og:site_name\" content=\"GOBIO\" \/>\n<meta property=\"article:modified_time\" content=\"2025-11-17T16:54:03+00:00\" \/>\n<meta property=\"og:image\" content=\"https:\/\/gobio-robot.com\/wp-content\/uploads\/sites\/6\/2025\/10\/TMS2.png\" \/>\n\t<meta property=\"og:image:width\" content=\"2000\" \/>\n\t<meta property=\"og:image:height\" content=\"800\" \/>\n\t<meta property=\"og:image:type\" content=\"image\/png\" \/>\n<meta name=\"twitter:card\" content=\"summary_large_image\" \/>\n<meta name=\"twitter:label1\" content=\"Est. reading time\" \/>\n\t<meta name=\"twitter:data1\" content=\"5 minutes\" \/>\n<script type=\"application\/ld+json\" class=\"yoast-schema-graph\">{\"@context\":\"https:\\\/\\\/schema.org\",\"@graph\":[{\"@type\":\"WebPage\",\"@id\":\"https:\\\/\\\/gobio-robot.com\\\/pt\\\/lme-e-fadiga-2\\\/\",\"url\":\"https:\\\/\\\/gobio-robot.com\\\/pt\\\/lme-e-fadiga-2\\\/\",\"name\":\"LME e fadiga - GOBIO\",\"isPartOf\":{\"@id\":\"https:\\\/\\\/gobio-robot.com\\\/#website\"},\"primaryImageOfPage\":{\"@id\":\"https:\\\/\\\/gobio-robot.com\\\/pt\\\/lme-e-fadiga-2\\\/#primaryimage\"},\"image\":{\"@id\":\"https:\\\/\\\/gobio-robot.com\\\/pt\\\/lme-e-fadiga-2\\\/#primaryimage\"},\"thumbnailUrl\":\"https:\\\/\\\/gobio-robot.com\\\/wp-content\\\/uploads\\\/sites\\\/6\\\/2025\\\/10\\\/TMS2.png\",\"datePublished\":\"2018-07-03T13:13:08+00:00\",\"dateModified\":\"2025-11-17T16:54:03+00:00\",\"description\":\"GOBIO decidiu responder aos problemas de LME no trabalho oferecendo exoesqueletos, ergosqueletos e bra\u00e7os de gravidade zero.\",\"breadcrumb\":{\"@id\":\"https:\\\/\\\/gobio-robot.com\\\/pt\\\/lme-e-fadiga-2\\\/#breadcrumb\"},\"inLanguage\":\"pt\",\"potentialAction\":[{\"@type\":\"ReadAction\",\"target\":[\"https:\\\/\\\/gobio-robot.com\\\/pt\\\/lme-e-fadiga-2\\\/\"]}]},{\"@type\":\"ImageObject\",\"inLanguage\":\"pt\",\"@id\":\"https:\\\/\\\/gobio-robot.com\\\/pt\\\/lme-e-fadiga-2\\\/#primaryimage\",\"url\":\"https:\\\/\\\/gobio-robot.com\\\/wp-content\\\/uploads\\\/sites\\\/6\\\/2025\\\/10\\\/TMS2.png\",\"contentUrl\":\"https:\\\/\\\/gobio-robot.com\\\/wp-content\\\/uploads\\\/sites\\\/6\\\/2025\\\/10\\\/TMS2.png\",\"width\":2000,\"height\":800},{\"@type\":\"BreadcrumbList\",\"@id\":\"https:\\\/\\\/gobio-robot.com\\\/pt\\\/lme-e-fadiga-2\\\/#breadcrumb\",\"itemListElement\":[{\"@type\":\"ListItem\",\"position\":1,\"name\":\"Home\",\"item\":\"https:\\\/\\\/gobio-robot.com\\\/pt\\\/\"},{\"@type\":\"ListItem\",\"position\":2,\"name\":\"LME e fadiga\"}]},{\"@type\":\"WebSite\",\"@id\":\"https:\\\/\\\/gobio-robot.com\\\/#website\",\"url\":\"https:\\\/\\\/gobio-robot.com\\\/\",\"name\":\"GOBIO\",\"description\":\"\",\"potentialAction\":[{\"@type\":\"SearchAction\",\"target\":{\"@type\":\"EntryPoint\",\"urlTemplate\":\"https:\\\/\\\/gobio-robot.com\\\/?s={search_term_string}\"},\"query-input\":{\"@type\":\"PropertyValueSpecification\",\"valueRequired\":true,\"valueName\":\"search_term_string\"}}],\"inLanguage\":\"pt\"}]}<\/script>","yoast_head_json":{"title":"LME e fadiga - GOBIO","description":"GOBIO decidiu responder aos problemas de LME no trabalho oferecendo exoesqueletos, ergosqueletos e bra\u00e7os de gravidade zero.","robots":{"index":"index","follow":"follow","max-snippet":"max-snippet:-1","max-image-preview":"max-image-preview:large","max-video-preview":"max-video-preview:-1"},"canonical":"https:\/\/gobio-robot.com\/pt\/lme-e-fadiga-2\/","og_locale":"pt_PT","og_type":"article","og_title":"LME e fadiga - GOBIO","og_description":"GOBIO decidiu responder aos problemas de LME no trabalho oferecendo exoesqueletos, ergosqueletos e bra\u00e7os de gravidade zero.","og_url":"https:\/\/gobio-robot.com\/pt\/lme-e-fadiga-2\/","og_site_name":"GOBIO","article_modified_time":"2025-11-17T16:54:03+00:00","og_image":[{"width":2000,"height":800,"url":"https:\/\/gobio-robot.com\/wp-content\/uploads\/sites\/6\/2025\/10\/TMS2.png","type":"image\/png"}],"twitter_card":"summary_large_image","twitter_misc":{"Est. reading time":"5 minutes"},"schema":{"@context":"https:\/\/schema.org","@graph":[{"@type":"WebPage","@id":"https:\/\/gobio-robot.com\/pt\/lme-e-fadiga-2\/","url":"https:\/\/gobio-robot.com\/pt\/lme-e-fadiga-2\/","name":"LME e fadiga - GOBIO","isPartOf":{"@id":"https:\/\/gobio-robot.com\/#website"},"primaryImageOfPage":{"@id":"https:\/\/gobio-robot.com\/pt\/lme-e-fadiga-2\/#primaryimage"},"image":{"@id":"https:\/\/gobio-robot.com\/pt\/lme-e-fadiga-2\/#primaryimage"},"thumbnailUrl":"https:\/\/gobio-robot.com\/wp-content\/uploads\/sites\/6\/2025\/10\/TMS2.png","datePublished":"2018-07-03T13:13:08+00:00","dateModified":"2025-11-17T16:54:03+00:00","description":"GOBIO decidiu responder aos problemas de LME no trabalho oferecendo exoesqueletos, ergosqueletos e bra\u00e7os de gravidade zero.","breadcrumb":{"@id":"https:\/\/gobio-robot.com\/pt\/lme-e-fadiga-2\/#breadcrumb"},"inLanguage":"pt","potentialAction":[{"@type":"ReadAction","target":["https:\/\/gobio-robot.com\/pt\/lme-e-fadiga-2\/"]}]},{"@type":"ImageObject","inLanguage":"pt","@id":"https:\/\/gobio-robot.com\/pt\/lme-e-fadiga-2\/#primaryimage","url":"https:\/\/gobio-robot.com\/wp-content\/uploads\/sites\/6\/2025\/10\/TMS2.png","contentUrl":"https:\/\/gobio-robot.com\/wp-content\/uploads\/sites\/6\/2025\/10\/TMS2.png","width":2000,"height":800},{"@type":"BreadcrumbList","@id":"https:\/\/gobio-robot.com\/pt\/lme-e-fadiga-2\/#breadcrumb","itemListElement":[{"@type":"ListItem","position":1,"name":"Home","item":"https:\/\/gobio-robot.com\/pt\/"},{"@type":"ListItem","position":2,"name":"LME e fadiga"}]},{"@type":"WebSite","@id":"https:\/\/gobio-robot.com\/#website","url":"https:\/\/gobio-robot.com\/","name":"GOBIO","description":"","potentialAction":[{"@type":"SearchAction","target":{"@type":"EntryPoint","urlTemplate":"https:\/\/gobio-robot.com\/?s={search_term_string}"},"query-input":{"@type":"PropertyValueSpecification","valueRequired":true,"valueName":"search_term_string"}}],"inLanguage":"pt"}]}},"_links":{"self":[{"href":"https:\/\/gobio-robot.com\/pt\/wp-json\/wp\/v2\/pages\/18474","targetHints":{"allow":["GET"]}}],"collection":[{"href":"https:\/\/gobio-robot.com\/pt\/wp-json\/wp\/v2\/pages"}],"about":[{"href":"https:\/\/gobio-robot.com\/pt\/wp-json\/wp\/v2\/types\/page"}],"author":[{"embeddable":true,"href":"https:\/\/gobio-robot.com\/pt\/wp-json\/wp\/v2\/users\/1"}],"replies":[{"embeddable":true,"href":"https:\/\/gobio-robot.com\/pt\/wp-json\/wp\/v2\/comments?post=18474"}],"version-history":[{"count":5,"href":"https:\/\/gobio-robot.com\/pt\/wp-json\/wp\/v2\/pages\/18474\/revisions"}],"predecessor-version":[{"id":25202,"href":"https:\/\/gobio-robot.com\/pt\/wp-json\/wp\/v2\/pages\/18474\/revisions\/25202"}],"wp:featuredmedia":[{"embeddable":true,"href":"https:\/\/gobio-robot.com\/pt\/wp-json\/wp\/v2\/media\/24400"}],"wp:attachment":[{"href":"https:\/\/gobio-robot.com\/pt\/wp-json\/wp\/v2\/media?parent=18474"}],"curies":[{"name":"wp","href":"https:\/\/api.w.org\/{rel}","templated":true}]}}