{"id":18505,"date":"2018-07-03T15:11:42","date_gmt":"2018-07-03T13:11:42","guid":{"rendered":"https:\/\/gobio-robot.com\/parcours-dintegration\/"},"modified":"2023-08-29T15:41:43","modified_gmt":"2023-08-29T13:41:43","slug":"percurso-de-integracao","status":"publish","type":"page","link":"https:\/\/gobio-robot.com\/pt\/percurso-de-integracao\/","title":{"rendered":"Percurso de integra\u00e7\u00e3o"},"content":{"rendered":"<div class=\"wpb-content-wrapper\"><p>[vc_row][vc_column][vc_column_text]<\/p>\n<h2>Percurso de integra\u00e7\u00e3o<\/h2>\n<p><strong>Como \u00e9 que o programa de integra\u00e7\u00e3o de exoesqueletos funciona no GOBIO?<\/strong>[\/vc_column_text][\/vc_column][\/vc_row][vc_row][vc_column][vc_row_inner equal_height=&#8221;yes&#8221; content_placement=&#8221;middle&#8221;][vc_column_inner width=&#8221;2\/3&#8243;][vc_column_text]<\/p>\n<h3>LES\u00d5ES M\u00daSCULO-ESQUEL\u00c9TICAS (LME) E TAREFAS FISICAMENTE EXIGENTES<\/h3>\n<p><strong>A integra\u00e7\u00e3o de exoesqueletos para prevenir <a href=\"https:\/\/gobio-robot.com\/pt\/lme-e-fadiga-2\/\">les\u00f5es m\u00fasculo-esquel\u00e9ticas (LME)<\/a><\/strong> \u00e9 uma estrat\u00e9gia promissora. As les\u00f5es m\u00fasculo-esquel\u00e9ticas (LME), que incluem danos no sistema m\u00fasculo-esquel\u00e9tico, podem ter origem, persistir ou intensificar-se no decurso da atividade profissional.<\/p>\n<p>As tarefas de trabalho fisicamente exigentes implicam a exposi\u00e7\u00e3o a um ou<strong> mais factores de risco profissional suscept\u00edveis de ter um impacto duradouro, identific\u00e1vel e irrevers\u00edvel na sa\u00fade<\/strong>. A integra\u00e7\u00e3o de exoesqueletos pode revelar-se ben\u00e9fica para reduzir as perturba\u00e7\u00f5es m\u00fasculo-esquel\u00e9ticas (LME) e os constrangimentos associados a estas tarefas fisicamente exigentes. Para saber mais sobre as perturba\u00e7\u00f5es m\u00fasculo-esquel\u00e9ticas (MSD) e as tarefas fisicamente exigentes, explore os benef\u00edcios da integra\u00e7\u00e3o de exoesqueletos.[\/vc_column_text][\/vc_column_inner][vc_column_inner width=&#8221;1\/3&#8243;][vc_btn title=&#8221;Leia mais&#8221; style=&#8221;custom&#8221; custom_background=&#8221;#cd5b1b&#8221; custom_text=&#8221;#ffffff&#8221; align=&#8221;center&#8221; link=&#8221;url:https%3A%2F%2Fgobio-robot.com%2Fpt%2Fpercurso-de-integracao%2Flme-e-fadiga%2F|title:MSDs%20e%20fadiga&#8221;][\/vc_column_inner][\/vc_row_inner][vc_separator][vc_row_inner content_placement=&#8221;middle&#8221;][vc_column_inner width=&#8221;2\/3&#8243;][vc_column_text]<\/p>\n<h3>DIAGN\u00d3STICO DE TAREFAS FISICAMENTE EXIGENTES<\/h3>\n<p>Para todos os profissionais preocupados em melhorar as condi\u00e7\u00f5es de trabalho dos seus trabalhadores, <strong>oferecemos solu\u00e7\u00f5es como resposta \u00e0 exposi\u00e7\u00e3o a les\u00f5es m\u00fasculo-esquel\u00e9ticas (LME)<\/strong>.<\/p>\n<p>Efetuar o nosso diagn\u00f3stico de tarefas fisicamente exigentes online. Permitir-nos-\u00e1 oferecer-lhe <strong>uma solu\u00e7\u00e3o adaptada \u00e0 problem\u00e1tica da sua atividade<\/strong>. Constitui tamb\u00e9m um pr\u00e9-requisito para participar num dos nossos muitos workshops organizados em toda a Fran\u00e7a.[\/vc_column_text][\/vc_column_inner][vc_column_inner width=&#8221;1\/3&#8243;][vc_btn title=&#8221;Leia mais&#8221; style=&#8221;custom&#8221; custom_background=&#8221;#cd5b1b&#8221; custom_text=&#8221;#ffffff&#8221; align=&#8221;center&#8221; link=&#8221;url:https%3A%2F%2Fgobio-robot.com%2Fpt%2Fpercurso-de-integracao%2Fdiagnostico-de-caracter-penoso%2F|title:Diagn%C3%B3stico%20de%20car%C3%A1cter%20penoso&#8221;][\/vc_column_inner][\/vc_row_inner][vc_empty_space][\/vc_column][\/vc_row]<\/p>\n<\/div>","protected":false},"excerpt":{"rendered":"<p>[vc_row][vc_column][vc_column_text] Percurso de integra\u00e7\u00e3o Como \u00e9 que o programa de integra\u00e7\u00e3o de exoesqueletos funciona no GOBIO?[\/vc_column_text][\/vc_column][\/vc_row][vc_row][vc_column][vc_row_inner equal_height=&#8221;yes&#8221; content_placement=&#8221;middle&#8221;][vc_column_inner width=&#8221;2\/3&#8243;][vc_column_text] LES\u00d5ES M\u00daSCULO-ESQUEL\u00c9TICAS (LME) E TAREFAS FISICAMENTE EXIGENTES A integra\u00e7\u00e3o de exoesqueletos&hellip;<\/p>\n","protected":false},"author":1,"featured_media":23474,"parent":0,"menu_order":0,"comment_status":"closed","ping_status":"closed","template":"","meta":{"_acf_changed":false,"footnotes":""},"class_list":["post-18505","page","type-page","status-publish","has-post-thumbnail","hentry"],"acf":[],"yoast_head":"<title>Integra\u00e7\u00e3o de exoesqueletos nas empresas - GOBIO<\/title>\n<meta name=\"description\" content=\"Integra\u00e7\u00e3o de exoesqueletos - Fa\u00e7a um diagn\u00f3stico da sua carga de trabalho e depois participe nos nossas oficinas de apresenta\u00e7\u00e3o e teste de exoesqueleto.\" \/>\n<meta name=\"robots\" content=\"index, follow, max-snippet:-1, max-image-preview:large, max-video-preview:-1\" \/>\n<link rel=\"canonical\" href=\"https:\/\/gobio-robot.com\/pt\/percurso-de-integracao\/\" \/>\n<meta property=\"og:locale\" content=\"pt_PT\" \/>\n<meta property=\"og:type\" content=\"article\" \/>\n<meta property=\"og:title\" content=\"Integra\u00e7\u00e3o de exoesqueletos nas empresas - GOBIO\" \/>\n<meta property=\"og:description\" content=\"Integra\u00e7\u00e3o de exoesqueletos - Fa\u00e7a um diagn\u00f3stico da sua carga de trabalho e depois participe nos nossas oficinas de apresenta\u00e7\u00e3o e teste de exoesqueleto.\" \/>\n<meta property=\"og:url\" content=\"https:\/\/gobio-robot.com\/pt\/percurso-de-integracao\/\" \/>\n<meta property=\"og:site_name\" content=\"GOBIO\" \/>\n<meta property=\"article:modified_time\" content=\"2023-08-29T13:41:43+00:00\" \/>\n<meta property=\"og:image\" content=\"https:\/\/gobio-robot.com\/wp-content\/uploads\/sites\/6\/2023\/02\/Diagnostic-de-penibilite-GOBIO.png\" \/>\n\t<meta property=\"og:image:width\" content=\"2000\" \/>\n\t<meta property=\"og:image:height\" content=\"800\" \/>\n\t<meta property=\"og:image:type\" content=\"image\/png\" \/>\n<meta name=\"twitter:card\" content=\"summary_large_image\" \/>\n<meta name=\"twitter:label1\" content=\"Est. reading time\" \/>\n\t<meta name=\"twitter:data1\" content=\"2 minutes\" \/>\n<script type=\"application\/ld+json\" class=\"yoast-schema-graph\">{\"@context\":\"https:\\\/\\\/schema.org\",\"@graph\":[{\"@type\":\"WebPage\",\"@id\":\"https:\\\/\\\/gobio-robot.com\\\/pt\\\/percurso-de-integracao\\\/\",\"url\":\"https:\\\/\\\/gobio-robot.com\\\/pt\\\/percurso-de-integracao\\\/\",\"name\":\"Integra\u00e7\u00e3o de exoesqueletos nas empresas - GOBIO\",\"isPartOf\":{\"@id\":\"https:\\\/\\\/gobio-robot.com\\\/#website\"},\"primaryImageOfPage\":{\"@id\":\"https:\\\/\\\/gobio-robot.com\\\/pt\\\/percurso-de-integracao\\\/#primaryimage\"},\"image\":{\"@id\":\"https:\\\/\\\/gobio-robot.com\\\/pt\\\/percurso-de-integracao\\\/#primaryimage\"},\"thumbnailUrl\":\"https:\\\/\\\/gobio-robot.com\\\/wp-content\\\/uploads\\\/sites\\\/6\\\/2025\\\/06\\\/slider-parcours.jpg\",\"datePublished\":\"2018-07-03T13:11:42+00:00\",\"dateModified\":\"2023-08-29T13:41:43+00:00\",\"description\":\"Integra\u00e7\u00e3o de exoesqueletos - Fa\u00e7a um diagn\u00f3stico da sua carga de trabalho e depois participe nos nossas oficinas de apresenta\u00e7\u00e3o e teste de exoesqueleto.\",\"breadcrumb\":{\"@id\":\"https:\\\/\\\/gobio-robot.com\\\/pt\\\/percurso-de-integracao\\\/#breadcrumb\"},\"inLanguage\":\"pt\",\"potentialAction\":[{\"@type\":\"ReadAction\",\"target\":[\"https:\\\/\\\/gobio-robot.com\\\/pt\\\/percurso-de-integracao\\\/\"]}]},{\"@type\":\"ImageObject\",\"inLanguage\":\"pt\",\"@id\":\"https:\\\/\\\/gobio-robot.com\\\/pt\\\/percurso-de-integracao\\\/#primaryimage\",\"url\":\"https:\\\/\\\/gobio-robot.com\\\/wp-content\\\/uploads\\\/sites\\\/6\\\/2025\\\/06\\\/slider-parcours.jpg\",\"contentUrl\":\"https:\\\/\\\/gobio-robot.com\\\/wp-content\\\/uploads\\\/sites\\\/6\\\/2025\\\/06\\\/slider-parcours.jpg\",\"width\":2000,\"height\":800,\"caption\":\"Parcours d'int\u00e9gration | GOBIO\"},{\"@type\":\"BreadcrumbList\",\"@id\":\"https:\\\/\\\/gobio-robot.com\\\/pt\\\/percurso-de-integracao\\\/#breadcrumb\",\"itemListElement\":[{\"@type\":\"ListItem\",\"position\":1,\"name\":\"Home\",\"item\":\"https:\\\/\\\/gobio-robot.com\\\/pt\\\/\"},{\"@type\":\"ListItem\",\"position\":2,\"name\":\"Percurso de integra\u00e7\u00e3o\"}]},{\"@type\":\"WebSite\",\"@id\":\"https:\\\/\\\/gobio-robot.com\\\/#website\",\"url\":\"https:\\\/\\\/gobio-robot.com\\\/\",\"name\":\"GOBIO\",\"description\":\"\",\"potentialAction\":[{\"@type\":\"SearchAction\",\"target\":{\"@type\":\"EntryPoint\",\"urlTemplate\":\"https:\\\/\\\/gobio-robot.com\\\/?s={search_term_string}\"},\"query-input\":{\"@type\":\"PropertyValueSpecification\",\"valueRequired\":true,\"valueName\":\"search_term_string\"}}],\"inLanguage\":\"pt\"}]}<\/script>","yoast_head_json":{"title":"Integra\u00e7\u00e3o de exoesqueletos nas empresas - GOBIO","description":"Integra\u00e7\u00e3o de exoesqueletos - Fa\u00e7a um diagn\u00f3stico da sua carga de trabalho e depois participe nos nossas oficinas de apresenta\u00e7\u00e3o e teste de exoesqueleto.","robots":{"index":"index","follow":"follow","max-snippet":"max-snippet:-1","max-image-preview":"max-image-preview:large","max-video-preview":"max-video-preview:-1"},"canonical":"https:\/\/gobio-robot.com\/pt\/percurso-de-integracao\/","og_locale":"pt_PT","og_type":"article","og_title":"Integra\u00e7\u00e3o de exoesqueletos nas empresas - GOBIO","og_description":"Integra\u00e7\u00e3o de exoesqueletos - Fa\u00e7a um diagn\u00f3stico da sua carga de trabalho e depois participe nos nossas oficinas de apresenta\u00e7\u00e3o e teste de exoesqueleto.","og_url":"https:\/\/gobio-robot.com\/pt\/percurso-de-integracao\/","og_site_name":"GOBIO","article_modified_time":"2023-08-29T13:41:43+00:00","og_image":[{"width":2000,"height":800,"url":"https:\/\/gobio-robot.com\/wp-content\/uploads\/sites\/6\/2023\/02\/Diagnostic-de-penibilite-GOBIO.png","type":"image\/png"}],"twitter_card":"summary_large_image","twitter_misc":{"Est. reading time":"2 minutes"},"schema":{"@context":"https:\/\/schema.org","@graph":[{"@type":"WebPage","@id":"https:\/\/gobio-robot.com\/pt\/percurso-de-integracao\/","url":"https:\/\/gobio-robot.com\/pt\/percurso-de-integracao\/","name":"Integra\u00e7\u00e3o de exoesqueletos nas empresas - GOBIO","isPartOf":{"@id":"https:\/\/gobio-robot.com\/#website"},"primaryImageOfPage":{"@id":"https:\/\/gobio-robot.com\/pt\/percurso-de-integracao\/#primaryimage"},"image":{"@id":"https:\/\/gobio-robot.com\/pt\/percurso-de-integracao\/#primaryimage"},"thumbnailUrl":"https:\/\/gobio-robot.com\/wp-content\/uploads\/sites\/6\/2025\/06\/slider-parcours.jpg","datePublished":"2018-07-03T13:11:42+00:00","dateModified":"2023-08-29T13:41:43+00:00","description":"Integra\u00e7\u00e3o de exoesqueletos - Fa\u00e7a um diagn\u00f3stico da sua carga de trabalho e depois participe nos nossas oficinas de apresenta\u00e7\u00e3o e teste de exoesqueleto.","breadcrumb":{"@id":"https:\/\/gobio-robot.com\/pt\/percurso-de-integracao\/#breadcrumb"},"inLanguage":"pt","potentialAction":[{"@type":"ReadAction","target":["https:\/\/gobio-robot.com\/pt\/percurso-de-integracao\/"]}]},{"@type":"ImageObject","inLanguage":"pt","@id":"https:\/\/gobio-robot.com\/pt\/percurso-de-integracao\/#primaryimage","url":"https:\/\/gobio-robot.com\/wp-content\/uploads\/sites\/6\/2025\/06\/slider-parcours.jpg","contentUrl":"https:\/\/gobio-robot.com\/wp-content\/uploads\/sites\/6\/2025\/06\/slider-parcours.jpg","width":2000,"height":800,"caption":"Parcours d'int\u00e9gration | GOBIO"},{"@type":"BreadcrumbList","@id":"https:\/\/gobio-robot.com\/pt\/percurso-de-integracao\/#breadcrumb","itemListElement":[{"@type":"ListItem","position":1,"name":"Home","item":"https:\/\/gobio-robot.com\/pt\/"},{"@type":"ListItem","position":2,"name":"Percurso de integra\u00e7\u00e3o"}]},{"@type":"WebSite","@id":"https:\/\/gobio-robot.com\/#website","url":"https:\/\/gobio-robot.com\/","name":"GOBIO","description":"","potentialAction":[{"@type":"SearchAction","target":{"@type":"EntryPoint","urlTemplate":"https:\/\/gobio-robot.com\/?s={search_term_string}"},"query-input":{"@type":"PropertyValueSpecification","valueRequired":true,"valueName":"search_term_string"}}],"inLanguage":"pt"}]}},"_links":{"self":[{"href":"https:\/\/gobio-robot.com\/pt\/wp-json\/wp\/v2\/pages\/18505","targetHints":{"allow":["GET"]}}],"collection":[{"href":"https:\/\/gobio-robot.com\/pt\/wp-json\/wp\/v2\/pages"}],"about":[{"href":"https:\/\/gobio-robot.com\/pt\/wp-json\/wp\/v2\/types\/page"}],"author":[{"embeddable":true,"href":"https:\/\/gobio-robot.com\/pt\/wp-json\/wp\/v2\/users\/1"}],"replies":[{"embeddable":true,"href":"https:\/\/gobio-robot.com\/pt\/wp-json\/wp\/v2\/comments?post=18505"}],"version-history":[{"count":5,"href":"https:\/\/gobio-robot.com\/pt\/wp-json\/wp\/v2\/pages\/18505\/revisions"}],"predecessor-version":[{"id":22063,"href":"https:\/\/gobio-robot.com\/pt\/wp-json\/wp\/v2\/pages\/18505\/revisions\/22063"}],"wp:featuredmedia":[{"embeddable":true,"href":"https:\/\/gobio-robot.com\/pt\/wp-json\/wp\/v2\/media\/23474"}],"wp:attachment":[{"href":"https:\/\/gobio-robot.com\/pt\/wp-json\/wp\/v2\/media?parent=18505"}],"curies":[{"name":"wp","href":"https:\/\/api.w.org\/{rel}","templated":true}]}}