{"id":18506,"date":"2018-07-03T14:01:09","date_gmt":"2018-07-03T12:01:09","guid":{"rendered":"https:\/\/gobio-robot.com\/europe-technologies\/"},"modified":"2023-04-28T14:31:12","modified_gmt":"2023-04-28T12:31:12","slug":"europe-technologies","status":"publish","type":"page","link":"https:\/\/gobio-robot.com\/pt\/empresa\/europe-technologies\/","title":{"rendered":"EUROPE TECHNOLOGIES"},"content":{"rendered":"<div class=\"wpb-content-wrapper\"><p>[vc_row][vc_column][vc_column_text]<\/p>\n<h2>EUROPE TECHNOLOGIES<\/h2>\n<p>Em 2017, GOBIO ROBOT torna-se GOBIO. A sua atividade est\u00e1 integrada como uma marca do grupo EUROPE TECHNOLOGIES.<\/p>\n<p>Com mais de 30 anos de experi\u00eancia, o grupo Europe Technologies proporciona-lhe a sua experi\u00eancia em:<\/p>\n<p>&nbsp;<\/p>\n<ol>\n<li><strong>A industrializa\u00e7\u00e3o e fabrico de pe\u00e7as, e de montagens comp\u00f3sitas e met\u00e1licas.<\/strong><\/li>\n<li><strong>A conce\u00e7\u00e3o e fabrico de m\u00e1quinas e c\u00e9lulas robotizadas que integram os nossos processos (tratamento de superf\u00edcies, soldadura, corte, montagem, maquinagem, polimento, etc.).<\/strong><\/li>\n<li><strong>Servi\u00e7os internacionais de manuten\u00e7\u00e3o e repara\u00e7\u00e3o (aeronaves, navios, etc.).<\/strong><\/li>\n<\/ol>\n<p>Organizado em 2 unidades de atividade: <strong>Produtos\/Processos e Servi\u00e7os<\/strong>, apoiamos desde a I&amp;D at\u00e9 \u00e0 industrializa\u00e7\u00e3o das suas pe\u00e7as e processos.[\/vc_column_text][\/vc_column][\/vc_row][vc_row][vc_column][vc_single_image image=&#8221;18582&#8243; img_size=&#8221;600&#215;239&#8243; alignment=&#8221;center&#8221; onclick=&#8221;custom_link&#8221; img_link_target=&#8221;_blank&#8221; link=&#8221;https:\/\/europetechnologies.com\/&#8221;][vc_column_text]Para mais informa\u00e7\u00f5es, visite-nos em <a href=\"https:\/\/europetechnologies.com\/\">Europe Technologies<\/a>.[\/vc_column_text][\/vc_column][\/vc_row][vc_row][vc_column][vc_empty_space][\/vc_column][\/vc_row]<\/p>\n<\/div>","protected":false},"excerpt":{"rendered":"<p>[vc_row][vc_column][vc_column_text] EUROPE TECHNOLOGIES Em 2017, GOBIO ROBOT torna-se GOBIO. A sua atividade est\u00e1 integrada como uma marca do grupo EUROPE TECHNOLOGIES. Com mais de 30 anos de experi\u00eancia, o grupo&hellip;<\/p>\n","protected":false},"author":1,"featured_media":18491,"parent":18581,"menu_order":0,"comment_status":"closed","ping_status":"closed","template":"","meta":{"_acf_changed":false,"footnotes":""},"class_list":["post-18506","page","type-page","status-publish","has-post-thumbnail","hentry"],"acf":[],"yoast_head":"<title>GOBIO - Europe Technologies<\/title>\n<meta name=\"robots\" content=\"index, follow, max-snippet:-1, max-image-preview:large, max-video-preview:-1\" \/>\n<link rel=\"canonical\" href=\"https:\/\/gobio-robot.com\/pt\/empresa\/europe-technologies\/\" \/>\n<meta property=\"og:locale\" content=\"pt_PT\" \/>\n<meta property=\"og:type\" content=\"article\" \/>\n<meta property=\"og:title\" content=\"GOBIO - Europe Technologies\" \/>\n<meta property=\"og:description\" content=\"[vc_row][vc_column][vc_column_text] EUROPE TECHNOLOGIES Em 2017, GOBIO ROBOT torna-se GOBIO. A sua atividade est\u00e1 integrada como uma marca do grupo EUROPE TECHNOLOGIES. Com mais de 30 anos de experi\u00eancia, o grupo&hellip;\" \/>\n<meta property=\"og:url\" content=\"https:\/\/gobio-robot.com\/pt\/empresa\/europe-technologies\/\" \/>\n<meta property=\"og:site_name\" content=\"GOBIO\" \/>\n<meta property=\"article:modified_time\" content=\"2023-04-28T12:31:12+00:00\" \/>\n<meta property=\"og:image\" content=\"https:\/\/gobio-robot.com\/wp-content\/uploads\/sites\/6\/2020\/11\/GOBIO-solutions-dassistance-physique-\u00e0-lop\u00e9rateur.jpg\" \/>\n\t<meta property=\"og:image:width\" content=\"2000\" \/>\n\t<meta property=\"og:image:height\" content=\"1000\" \/>\n\t<meta property=\"og:image:type\" content=\"image\/jpeg\" \/>\n<meta name=\"twitter:card\" content=\"summary_large_image\" \/>\n<meta name=\"twitter:label1\" content=\"Est. reading time\" \/>\n\t<meta name=\"twitter:data1\" content=\"1 minute\" \/>\n<script type=\"application\/ld+json\" class=\"yoast-schema-graph\">{\"@context\":\"https:\\\/\\\/schema.org\",\"@graph\":[{\"@type\":\"WebPage\",\"@id\":\"https:\\\/\\\/gobio-robot.com\\\/pt\\\/empresa\\\/europe-technologies\\\/\",\"url\":\"https:\\\/\\\/gobio-robot.com\\\/pt\\\/empresa\\\/europe-technologies\\\/\",\"name\":\"GOBIO - Europe Technologies\",\"isPartOf\":{\"@id\":\"https:\\\/\\\/gobio-robot.com\\\/#website\"},\"primaryImageOfPage\":{\"@id\":\"https:\\\/\\\/gobio-robot.com\\\/pt\\\/empresa\\\/europe-technologies\\\/#primaryimage\"},\"image\":{\"@id\":\"https:\\\/\\\/gobio-robot.com\\\/pt\\\/empresa\\\/europe-technologies\\\/#primaryimage\"},\"thumbnailUrl\":\"https:\\\/\\\/gobio-robot.com\\\/wp-content\\\/uploads\\\/sites\\\/6\\\/2020\\\/11\\\/GOBIO-solutions-dassistance-physique-\u00e0-lop\u00e9rateur.jpg\",\"datePublished\":\"2018-07-03T12:01:09+00:00\",\"dateModified\":\"2023-04-28T12:31:12+00:00\",\"breadcrumb\":{\"@id\":\"https:\\\/\\\/gobio-robot.com\\\/pt\\\/empresa\\\/europe-technologies\\\/#breadcrumb\"},\"inLanguage\":\"pt\",\"potentialAction\":[{\"@type\":\"ReadAction\",\"target\":[\"https:\\\/\\\/gobio-robot.com\\\/pt\\\/empresa\\\/europe-technologies\\\/\"]}]},{\"@type\":\"ImageObject\",\"inLanguage\":\"pt\",\"@id\":\"https:\\\/\\\/gobio-robot.com\\\/pt\\\/empresa\\\/europe-technologies\\\/#primaryimage\",\"url\":\"https:\\\/\\\/gobio-robot.com\\\/wp-content\\\/uploads\\\/sites\\\/6\\\/2020\\\/11\\\/GOBIO-solutions-dassistance-physique-\u00e0-lop\u00e9rateur.jpg\",\"contentUrl\":\"https:\\\/\\\/gobio-robot.com\\\/wp-content\\\/uploads\\\/sites\\\/6\\\/2020\\\/11\\\/GOBIO-solutions-dassistance-physique-\u00e0-lop\u00e9rateur.jpg\",\"width\":2000,\"height\":1000},{\"@type\":\"BreadcrumbList\",\"@id\":\"https:\\\/\\\/gobio-robot.com\\\/pt\\\/empresa\\\/europe-technologies\\\/#breadcrumb\",\"itemListElement\":[{\"@type\":\"ListItem\",\"position\":1,\"name\":\"Home\",\"item\":\"https:\\\/\\\/gobio-robot.com\\\/pt\\\/\"},{\"@type\":\"ListItem\",\"position\":2,\"name\":\"Empresa\",\"item\":\"https:\\\/\\\/gobio-robot.com\\\/pt\\\/empresa\\\/\"},{\"@type\":\"ListItem\",\"position\":3,\"name\":\"EUROPE TECHNOLOGIES\"}]},{\"@type\":\"WebSite\",\"@id\":\"https:\\\/\\\/gobio-robot.com\\\/#website\",\"url\":\"https:\\\/\\\/gobio-robot.com\\\/\",\"name\":\"GOBIO\",\"description\":\"\",\"potentialAction\":[{\"@type\":\"SearchAction\",\"target\":{\"@type\":\"EntryPoint\",\"urlTemplate\":\"https:\\\/\\\/gobio-robot.com\\\/?s={search_term_string}\"},\"query-input\":{\"@type\":\"PropertyValueSpecification\",\"valueRequired\":true,\"valueName\":\"search_term_string\"}}],\"inLanguage\":\"pt\"}]}<\/script>","yoast_head_json":{"title":"GOBIO - Europe Technologies","robots":{"index":"index","follow":"follow","max-snippet":"max-snippet:-1","max-image-preview":"max-image-preview:large","max-video-preview":"max-video-preview:-1"},"canonical":"https:\/\/gobio-robot.com\/pt\/empresa\/europe-technologies\/","og_locale":"pt_PT","og_type":"article","og_title":"GOBIO - Europe Technologies","og_description":"[vc_row][vc_column][vc_column_text] EUROPE TECHNOLOGIES Em 2017, GOBIO ROBOT torna-se GOBIO. A sua atividade est\u00e1 integrada como uma marca do grupo EUROPE TECHNOLOGIES. Com mais de 30 anos de experi\u00eancia, o grupo&hellip;","og_url":"https:\/\/gobio-robot.com\/pt\/empresa\/europe-technologies\/","og_site_name":"GOBIO","article_modified_time":"2023-04-28T12:31:12+00:00","og_image":[{"width":2000,"height":1000,"url":"https:\/\/gobio-robot.com\/wp-content\/uploads\/sites\/6\/2020\/11\/GOBIO-solutions-dassistance-physique-\u00e0-lop\u00e9rateur.jpg","type":"image\/jpeg"}],"twitter_card":"summary_large_image","twitter_misc":{"Est. reading time":"1 minute"},"schema":{"@context":"https:\/\/schema.org","@graph":[{"@type":"WebPage","@id":"https:\/\/gobio-robot.com\/pt\/empresa\/europe-technologies\/","url":"https:\/\/gobio-robot.com\/pt\/empresa\/europe-technologies\/","name":"GOBIO - Europe Technologies","isPartOf":{"@id":"https:\/\/gobio-robot.com\/#website"},"primaryImageOfPage":{"@id":"https:\/\/gobio-robot.com\/pt\/empresa\/europe-technologies\/#primaryimage"},"image":{"@id":"https:\/\/gobio-robot.com\/pt\/empresa\/europe-technologies\/#primaryimage"},"thumbnailUrl":"https:\/\/gobio-robot.com\/wp-content\/uploads\/sites\/6\/2020\/11\/GOBIO-solutions-dassistance-physique-\u00e0-lop\u00e9rateur.jpg","datePublished":"2018-07-03T12:01:09+00:00","dateModified":"2023-04-28T12:31:12+00:00","breadcrumb":{"@id":"https:\/\/gobio-robot.com\/pt\/empresa\/europe-technologies\/#breadcrumb"},"inLanguage":"pt","potentialAction":[{"@type":"ReadAction","target":["https:\/\/gobio-robot.com\/pt\/empresa\/europe-technologies\/"]}]},{"@type":"ImageObject","inLanguage":"pt","@id":"https:\/\/gobio-robot.com\/pt\/empresa\/europe-technologies\/#primaryimage","url":"https:\/\/gobio-robot.com\/wp-content\/uploads\/sites\/6\/2020\/11\/GOBIO-solutions-dassistance-physique-\u00e0-lop\u00e9rateur.jpg","contentUrl":"https:\/\/gobio-robot.com\/wp-content\/uploads\/sites\/6\/2020\/11\/GOBIO-solutions-dassistance-physique-\u00e0-lop\u00e9rateur.jpg","width":2000,"height":1000},{"@type":"BreadcrumbList","@id":"https:\/\/gobio-robot.com\/pt\/empresa\/europe-technologies\/#breadcrumb","itemListElement":[{"@type":"ListItem","position":1,"name":"Home","item":"https:\/\/gobio-robot.com\/pt\/"},{"@type":"ListItem","position":2,"name":"Empresa","item":"https:\/\/gobio-robot.com\/pt\/empresa\/"},{"@type":"ListItem","position":3,"name":"EUROPE TECHNOLOGIES"}]},{"@type":"WebSite","@id":"https:\/\/gobio-robot.com\/#website","url":"https:\/\/gobio-robot.com\/","name":"GOBIO","description":"","potentialAction":[{"@type":"SearchAction","target":{"@type":"EntryPoint","urlTemplate":"https:\/\/gobio-robot.com\/?s={search_term_string}"},"query-input":{"@type":"PropertyValueSpecification","valueRequired":true,"valueName":"search_term_string"}}],"inLanguage":"pt"}]}},"_links":{"self":[{"href":"https:\/\/gobio-robot.com\/pt\/wp-json\/wp\/v2\/pages\/18506","targetHints":{"allow":["GET"]}}],"collection":[{"href":"https:\/\/gobio-robot.com\/pt\/wp-json\/wp\/v2\/pages"}],"about":[{"href":"https:\/\/gobio-robot.com\/pt\/wp-json\/wp\/v2\/types\/page"}],"author":[{"embeddable":true,"href":"https:\/\/gobio-robot.com\/pt\/wp-json\/wp\/v2\/users\/1"}],"replies":[{"embeddable":true,"href":"https:\/\/gobio-robot.com\/pt\/wp-json\/wp\/v2\/comments?post=18506"}],"version-history":[{"count":24,"href":"https:\/\/gobio-robot.com\/pt\/wp-json\/wp\/v2\/pages\/18506\/revisions"}],"predecessor-version":[{"id":19156,"href":"https:\/\/gobio-robot.com\/pt\/wp-json\/wp\/v2\/pages\/18506\/revisions\/19156"}],"up":[{"embeddable":true,"href":"https:\/\/gobio-robot.com\/pt\/wp-json\/wp\/v2\/pages\/18581"}],"wp:featuredmedia":[{"embeddable":true,"href":"https:\/\/gobio-robot.com\/pt\/wp-json\/wp\/v2\/media\/18491"}],"wp:attachment":[{"href":"https:\/\/gobio-robot.com\/pt\/wp-json\/wp\/v2\/media?parent=18506"}],"curies":[{"name":"wp","href":"https:\/\/api.w.org\/{rel}","templated":true}]}}