{"id":18508,"date":"2018-07-03T14:00:48","date_gmt":"2018-07-03T12:00:48","guid":{"rendered":"https:\/\/gobio-robot.com\/partenaires\/"},"modified":"2025-10-16T10:40:50","modified_gmt":"2025-10-16T08:40:50","slug":"parceiros","status":"publish","type":"page","link":"https:\/\/gobio-robot.com\/pt\/empresa\/parceiros\/","title":{"rendered":"Parceiros"},"content":{"rendered":"<div class=\"wpb-content-wrapper\"><p>[vc_row][vc_column][vc_row_inner content_placement=&#8221;middle&#8221;][vc_column_inner width=&#8221;2\/3&#8243;][vc_column_text css=&#8221;&#8221;]<\/p>\n<h3>NOONEE<\/h3>\n<p>A empresa <a href=\"https:\/\/shop.noonee.com\/en\"><strong>Noonee<\/strong><\/a>, criada por pesquisadores da Universidade Polit\u00e9cnica de Zurique, desenvolveu um exoesqueleto para os membros inferiores com o objetivo de aliviar as posturas sentar-levantar. Em 2017, a sede foi transferida para Stuttgart, onde o produto foi finalizado em colabora\u00e7\u00e3o com grupos automotivos alem\u00e3es. A equipe, composta por cerca de quinze colaboradores, conta com uma rede global de distribuidores que contribui hoje para o crescimento e o sucesso desta solu\u00e7\u00e3o. A GOBIO distribui a Cadeira Sem Assento no territ\u00f3rio franc\u00eas.[\/vc_column_text][\/vc_column_inner][vc_column_inner width=&#8221;1\/3&#8243; css=&#8221;.vc_custom_1547633245931{margin-top: 25px !important;margin-right: 25px !important;margin-bottom: 25px !important;margin-left: 25px !important;}&#8221;][vc_single_image image=&#8221;23962&#8243; img_size=&#8221;full&#8221; css=&#8221;&#8221; image_hover=&#8221;&#8221;][\/vc_column_inner][\/vc_row_inner][vc_separator][vc_row_inner content_placement=&#8221;middle&#8221;][vc_column_inner width=&#8221;2\/3&#8243;][vc_column_text css=&#8221;&#8221;]<\/p>\n<h3>SKELEX<\/h3>\n<p>Criada por Gaurav Genani e incubada em 2013 na YES!Delft, a <a href=\"https:\/\/www.skelex.com\/\">SKELEX \u00a0<\/a>\u00e9 apoiada pelo governo holand\u00eas, investidores institucionais e parceiros industriais.<\/p>\n<p>Focada em P&amp;D e detentora de um portf\u00f3lio de patentes globais, a empresa SkelEx desenvolveu um exoesqueleto de assist\u00eancia para trabalho com bra\u00e7os levantados, que comercializa desde novembro de 2017. A empresa conta atualmente com uma dezena de colaboradores e inicia seu crescimento internacional. A GOBIO distribui o modelo IP12 nos territ\u00f3rios franc\u00eas, su\u00ed\u00e7o e luxemburgu\u00eas.[\/vc_column_text][\/vc_column_inner][vc_column_inner width=&#8221;1\/3&#8243; css=&#8221;.vc_custom_1547633283731{margin-top: 25px !important;margin-right: 25px !important;margin-bottom: 25px !important;margin-left: 25px !important;}&#8221;][vc_single_image image=&#8221;23970&#8243; img_size=&#8221;full&#8221; css=&#8221;&#8221; image_hover=&#8221;&#8221;][\/vc_column_inner][\/vc_row_inner][vc_separator][vc_row_inner content_placement=&#8221;middle&#8221;][vc_column_inner width=&#8221;2\/3&#8243;][vc_column_text css=&#8221;&#8221;]<\/p>\n<h3>AUFRATECH<\/h3>\n<p><a href=\"https:\/\/aufratech.com\/\"><strong data-start=\"127\" data-end=\"140\">AUFRATECH<\/strong> <\/a>\u00e9 uma empresa francesa especializada no desenvolvimento de solu\u00e7\u00f5es tecnol\u00f3gicas inovadoras dedicadas \u00e0 melhoria das condi\u00e7\u00f5es de trabalho. A empresa especializa-se no desenvolvimento, fabrica\u00e7\u00e3o e distribui\u00e7\u00e3o de exoesqueletos e dispositivos de assist\u00eancia f\u00edsica, especificamente projetados para reduzir dist\u00farbios musculoesquel\u00e9ticos relacionados a atividades profissionais intensivas \u2014 particularmente nos setores de limpeza industrial de alta press\u00e3o. Gra\u00e7as a esse know-how, a AUFRATECH acompanha as empresas na redu\u00e7\u00e3o da penosidade, na preven\u00e7\u00e3o de riscos e na otimiza\u00e7\u00e3o da produtividade.[\/vc_column_text][\/vc_column_inner][vc_column_inner width=&#8221;1\/3&#8243; css=&#8221;.vc_custom_1547633283731{margin-top: 25px !important;margin-right: 25px !important;margin-bottom: 25px !important;margin-left: 25px !important;}&#8221;][vc_single_image image=&#8221;23958&#8243; img_size=&#8221;full&#8221; css=&#8221;&#8221; image_hover=&#8221;&#8221;][\/vc_column_inner][\/vc_row_inner][vc_separator][vc_row_inner equal_height=&#8221;yes&#8221; content_placement=&#8221;middle&#8221;][vc_column_inner width=&#8221;2\/3&#8243;][vc_column_text css=&#8221;&#8221;]<\/p>\n<h3 data-start=\"94\" data-end=\"109\">SPINEBAND<\/h3>\n<p data-start=\"110\" data-end=\"557\"><a href=\"https:\/\/spineband.se\/en\/\"><strong data-start=\"110\" data-end=\"123\">SPINEBAND<\/strong> <\/a>\u00e9 uma marca sueca especializada em solu\u00e7\u00f5es ergon\u00f4micas inovadoras para aliviar a nuca e prevenir dist\u00farbios musculoesquel\u00e9ticos. Nascida da experi\u00eancia de um soldador, a ideia foi transformada em um dispositivo patenteado, certificado CE e desenvolvido com especialistas em fisioterapia e design. Leve, ajust\u00e1vel e eficaz, o Spineband melhora o conforto e a sa\u00fade dos profissionais expostos a tens\u00f5es posturais.<\/p>\n<p>[\/vc_column_text][\/vc_column_inner][vc_column_inner width=&#8221;1\/3&#8243; css=&#8221;.vc_custom_1547633283731{margin-top: 25px !important;margin-right: 25px !important;margin-bottom: 25px !important;margin-left: 25px !important;}&#8221;][vc_single_image image=&#8221;23954&#8243; img_size=&#8221;full&#8221; css=&#8221;&#8221; image_hover=&#8221;&#8221;][\/vc_column_inner][\/vc_row_inner][vc_separator][vc_row_inner equal_height=&#8221;yes&#8221; content_placement=&#8221;middle&#8221;][vc_column_inner width=&#8221;2\/3&#8243;][vc_column_text css=&#8221;&#8221;]<\/p>\n<h3 data-start=\"94\" data-end=\"109\">REACTEC<\/h3>\n<p data-start=\"195\" data-end=\"743\"><a href=\"https:\/\/www.reactec.com\/why-reactec\/esg\/\"><strong data-start=\"100\" data-end=\"111\">REACTEC<\/strong> <\/a>\u00e9 uma empresa brit\u00e2nica, origin\u00e1ria da Universidade de Edimburgo em 2001, especializada na preven\u00e7\u00e3o de riscos ocupacionais. Sua tecnologia inovadora baseia-se em um rel\u00f3gio inteligente, associado a uma plataforma de an\u00e1lise, para monitorar em tempo real a exposi\u00e7\u00e3o dos trabalhadores a vibra\u00e7\u00f5es, ru\u00eddo, poeira e ambientes de risco. Ao transformar dados em informa\u00e7\u00f5es acion\u00e1veis, a REACTEC ajuda as empresas a proteger a sa\u00fade de seus colaboradores, ao mesmo tempo em que melhora a seguran\u00e7a e o desempenho no trabalho.<\/p>\n<p>[\/vc_column_text][\/vc_column_inner][vc_column_inner width=&#8221;1\/3&#8243; css=&#8221;.vc_custom_1547633283731{margin-top: 25px !important;margin-right: 25px !important;margin-bottom: 25px !important;margin-left: 25px !important;}&#8221;][vc_single_image image=&#8221;23974&#8243; img_size=&#8221;full&#8221; css=&#8221;&#8221; image_hover=&#8221;&#8221;][\/vc_column_inner][\/vc_row_inner][vc_separator][vc_row_inner equal_height=&#8221;yes&#8221; content_placement=&#8221;middle&#8221;][vc_column_inner width=&#8221;2\/3&#8243;][vc_column_text css=&#8221;&#8221;]<\/p>\n<h3 data-start=\"94\" data-end=\"109\">UGAP<\/h3>\n<p data-start=\"195\" data-end=\"743\"><a href=\"https:\/\/www.ugap.fr\/?at_medium=Sponsored_links&amp;at_campaign=526&amp;at_platform=google&amp;at_creation=UGAP_Marque_GEN_Exact&amp;at_variant=563768633271&amp;at_network=g&amp;at_term=ugap&amp;at_adcampaignid=130243871&amp;at_adgroupid=8577840671&amp;at_adextensionid&amp;gad_source=1&amp;gad_campaignid=130243871&amp;gclid=Cj0KCQjww4TGBhCKARIsAFLXndRUVmRSQoPJxyKJ4DeQMUnE7hBoS2uj_QiSdqpsxHshuWYKvIwOiHYaAp8cEALw_wcB\">A UGAP<\/a> (Uni\u00e3o dos Grupos de Compras P\u00fablicas) \u00e9 a central de compras p\u00fablicas francesa. Ela oferece \u00e0s organiza\u00e7\u00f5es p\u00fablicas um cat\u00e1logo completo de bens e servi\u00e7os, acess\u00edvel sem procedimento de concorr\u00eancia, garantindo assim simplicidade, rapidez e seguran\u00e7a jur\u00eddica. Ao facilitar o acesso a solu\u00e7\u00f5es inovadoras e de alto desempenho, a UGAP contribui para modernizar a a\u00e7\u00e3o p\u00fablica, ao mesmo tempo em que apoia o desenvolvimento econ\u00f4mico das empresas parceiras.<\/p>\n<p>[\/vc_column_text][\/vc_column_inner][vc_column_inner width=&#8221;1\/3&#8243; css=&#8221;.vc_custom_1547633283731{margin-top: 25px !important;margin-right: 25px !important;margin-bottom: 25px !important;margin-left: 25px !important;}&#8221;][vc_single_image image=&#8221;23978&#8243; img_size=&#8221;full&#8221; css=&#8221;&#8221; image_hover=&#8221;&#8221;][\/vc_column_inner][\/vc_row_inner][vc_empty_space][\/vc_column][\/vc_row]<\/p>\n<\/div>","protected":false},"excerpt":{"rendered":"<p>[vc_row][vc_column][vc_row_inner content_placement=&#8221;middle&#8221;][vc_column_inner width=&#8221;2\/3&#8243;][vc_column_text css=&#8221;&#8221;] NOONEE A empresa Noonee, criada por pesquisadores da Universidade Polit\u00e9cnica de Zurique, desenvolveu um exoesqueleto para os membros inferiores com o objetivo de aliviar as posturas&hellip;<\/p>\n","protected":false},"author":1,"featured_media":23987,"parent":18581,"menu_order":0,"comment_status":"closed","ping_status":"closed","template":"","meta":{"_acf_changed":false,"footnotes":""},"class_list":["post-18508","page","type-page","status-publish","has-post-thumbnail","hentry"],"acf":[],"yoast_head":"<title>Parceiros - GOBIO<\/title>\n<meta name=\"robots\" content=\"index, follow, max-snippet:-1, max-image-preview:large, max-video-preview:-1\" \/>\n<link rel=\"canonical\" href=\"https:\/\/gobio-robot.com\/pt\/empresa\/parceiros\/\" \/>\n<meta property=\"og:locale\" content=\"pt_PT\" \/>\n<meta property=\"og:type\" content=\"article\" \/>\n<meta property=\"og:title\" content=\"Parceiros - GOBIO\" \/>\n<meta property=\"og:description\" content=\"[vc_row][vc_column][vc_row_inner content_placement=&#8221;middle&#8221;][vc_column_inner width=&#8221;2\/3&#8243;][vc_column_text css=&#8221;&#8221;] NOONEE A empresa Noonee, criada por pesquisadores da Universidade Polit\u00e9cnica de Zurique, desenvolveu um exoesqueleto para os membros inferiores com o objetivo de aliviar as posturas&hellip;\" \/>\n<meta property=\"og:url\" content=\"https:\/\/gobio-robot.com\/pt\/empresa\/parceiros\/\" \/>\n<meta property=\"og:site_name\" content=\"GOBIO\" \/>\n<meta property=\"article:modified_time\" content=\"2025-10-16T08:40:50+00:00\" \/>\n<meta property=\"og:image\" content=\"https:\/\/gobio-robot.com\/wp-content\/uploads\/sites\/6\/2025\/09\/HEADER-Partenairespng-1024x410.png\" \/>\n\t<meta property=\"og:image:width\" content=\"1024\" \/>\n\t<meta property=\"og:image:height\" content=\"410\" \/>\n\t<meta property=\"og:image:type\" content=\"image\/png\" \/>\n<meta name=\"twitter:card\" content=\"summary_large_image\" \/>\n<meta name=\"twitter:label1\" content=\"Est. reading time\" \/>\n\t<meta name=\"twitter:data1\" content=\"5 minutes\" \/>\n<script type=\"application\/ld+json\" class=\"yoast-schema-graph\">{\"@context\":\"https:\\\/\\\/schema.org\",\"@graph\":[{\"@type\":\"WebPage\",\"@id\":\"https:\\\/\\\/gobio-robot.com\\\/pt\\\/empresa\\\/parceiros\\\/\",\"url\":\"https:\\\/\\\/gobio-robot.com\\\/pt\\\/empresa\\\/parceiros\\\/\",\"name\":\"Parceiros - GOBIO\",\"isPartOf\":{\"@id\":\"https:\\\/\\\/gobio-robot.com\\\/#website\"},\"primaryImageOfPage\":{\"@id\":\"https:\\\/\\\/gobio-robot.com\\\/pt\\\/empresa\\\/parceiros\\\/#primaryimage\"},\"image\":{\"@id\":\"https:\\\/\\\/gobio-robot.com\\\/pt\\\/empresa\\\/parceiros\\\/#primaryimage\"},\"thumbnailUrl\":\"https:\\\/\\\/gobio-robot.com\\\/wp-content\\\/uploads\\\/sites\\\/6\\\/2025\\\/09\\\/HEADER-Partenairespng.png\",\"datePublished\":\"2018-07-03T12:00:48+00:00\",\"dateModified\":\"2025-10-16T08:40:50+00:00\",\"breadcrumb\":{\"@id\":\"https:\\\/\\\/gobio-robot.com\\\/pt\\\/empresa\\\/parceiros\\\/#breadcrumb\"},\"inLanguage\":\"pt\",\"potentialAction\":[{\"@type\":\"ReadAction\",\"target\":[\"https:\\\/\\\/gobio-robot.com\\\/pt\\\/empresa\\\/parceiros\\\/\"]}]},{\"@type\":\"ImageObject\",\"inLanguage\":\"pt\",\"@id\":\"https:\\\/\\\/gobio-robot.com\\\/pt\\\/empresa\\\/parceiros\\\/#primaryimage\",\"url\":\"https:\\\/\\\/gobio-robot.com\\\/wp-content\\\/uploads\\\/sites\\\/6\\\/2025\\\/09\\\/HEADER-Partenairespng.png\",\"contentUrl\":\"https:\\\/\\\/gobio-robot.com\\\/wp-content\\\/uploads\\\/sites\\\/6\\\/2025\\\/09\\\/HEADER-Partenairespng.png\",\"width\":2000,\"height\":800,\"caption\":\"GOBIO-Partenaires\"},{\"@type\":\"BreadcrumbList\",\"@id\":\"https:\\\/\\\/gobio-robot.com\\\/pt\\\/empresa\\\/parceiros\\\/#breadcrumb\",\"itemListElement\":[{\"@type\":\"ListItem\",\"position\":1,\"name\":\"Home\",\"item\":\"https:\\\/\\\/gobio-robot.com\\\/pt\\\/\"},{\"@type\":\"ListItem\",\"position\":2,\"name\":\"Empresa\",\"item\":\"https:\\\/\\\/gobio-robot.com\\\/pt\\\/empresa\\\/\"},{\"@type\":\"ListItem\",\"position\":3,\"name\":\"Parceiros\"}]},{\"@type\":\"WebSite\",\"@id\":\"https:\\\/\\\/gobio-robot.com\\\/#website\",\"url\":\"https:\\\/\\\/gobio-robot.com\\\/\",\"name\":\"GOBIO\",\"description\":\"\",\"potentialAction\":[{\"@type\":\"SearchAction\",\"target\":{\"@type\":\"EntryPoint\",\"urlTemplate\":\"https:\\\/\\\/gobio-robot.com\\\/?s={search_term_string}\"},\"query-input\":{\"@type\":\"PropertyValueSpecification\",\"valueRequired\":true,\"valueName\":\"search_term_string\"}}],\"inLanguage\":\"pt\"}]}<\/script>","yoast_head_json":{"title":"Parceiros - GOBIO","robots":{"index":"index","follow":"follow","max-snippet":"max-snippet:-1","max-image-preview":"max-image-preview:large","max-video-preview":"max-video-preview:-1"},"canonical":"https:\/\/gobio-robot.com\/pt\/empresa\/parceiros\/","og_locale":"pt_PT","og_type":"article","og_title":"Parceiros - GOBIO","og_description":"[vc_row][vc_column][vc_row_inner content_placement=&#8221;middle&#8221;][vc_column_inner width=&#8221;2\/3&#8243;][vc_column_text css=&#8221;&#8221;] NOONEE A empresa Noonee, criada por pesquisadores da Universidade Polit\u00e9cnica de Zurique, desenvolveu um exoesqueleto para os membros inferiores com o objetivo de aliviar as posturas&hellip;","og_url":"https:\/\/gobio-robot.com\/pt\/empresa\/parceiros\/","og_site_name":"GOBIO","article_modified_time":"2025-10-16T08:40:50+00:00","og_image":[{"width":1024,"height":410,"url":"https:\/\/gobio-robot.com\/wp-content\/uploads\/sites\/6\/2025\/09\/HEADER-Partenairespng-1024x410.png","type":"image\/png"}],"twitter_card":"summary_large_image","twitter_misc":{"Est. reading time":"5 minutes"},"schema":{"@context":"https:\/\/schema.org","@graph":[{"@type":"WebPage","@id":"https:\/\/gobio-robot.com\/pt\/empresa\/parceiros\/","url":"https:\/\/gobio-robot.com\/pt\/empresa\/parceiros\/","name":"Parceiros - GOBIO","isPartOf":{"@id":"https:\/\/gobio-robot.com\/#website"},"primaryImageOfPage":{"@id":"https:\/\/gobio-robot.com\/pt\/empresa\/parceiros\/#primaryimage"},"image":{"@id":"https:\/\/gobio-robot.com\/pt\/empresa\/parceiros\/#primaryimage"},"thumbnailUrl":"https:\/\/gobio-robot.com\/wp-content\/uploads\/sites\/6\/2025\/09\/HEADER-Partenairespng.png","datePublished":"2018-07-03T12:00:48+00:00","dateModified":"2025-10-16T08:40:50+00:00","breadcrumb":{"@id":"https:\/\/gobio-robot.com\/pt\/empresa\/parceiros\/#breadcrumb"},"inLanguage":"pt","potentialAction":[{"@type":"ReadAction","target":["https:\/\/gobio-robot.com\/pt\/empresa\/parceiros\/"]}]},{"@type":"ImageObject","inLanguage":"pt","@id":"https:\/\/gobio-robot.com\/pt\/empresa\/parceiros\/#primaryimage","url":"https:\/\/gobio-robot.com\/wp-content\/uploads\/sites\/6\/2025\/09\/HEADER-Partenairespng.png","contentUrl":"https:\/\/gobio-robot.com\/wp-content\/uploads\/sites\/6\/2025\/09\/HEADER-Partenairespng.png","width":2000,"height":800,"caption":"GOBIO-Partenaires"},{"@type":"BreadcrumbList","@id":"https:\/\/gobio-robot.com\/pt\/empresa\/parceiros\/#breadcrumb","itemListElement":[{"@type":"ListItem","position":1,"name":"Home","item":"https:\/\/gobio-robot.com\/pt\/"},{"@type":"ListItem","position":2,"name":"Empresa","item":"https:\/\/gobio-robot.com\/pt\/empresa\/"},{"@type":"ListItem","position":3,"name":"Parceiros"}]},{"@type":"WebSite","@id":"https:\/\/gobio-robot.com\/#website","url":"https:\/\/gobio-robot.com\/","name":"GOBIO","description":"","potentialAction":[{"@type":"SearchAction","target":{"@type":"EntryPoint","urlTemplate":"https:\/\/gobio-robot.com\/?s={search_term_string}"},"query-input":{"@type":"PropertyValueSpecification","valueRequired":true,"valueName":"search_term_string"}}],"inLanguage":"pt"}]}},"_links":{"self":[{"href":"https:\/\/gobio-robot.com\/pt\/wp-json\/wp\/v2\/pages\/18508","targetHints":{"allow":["GET"]}}],"collection":[{"href":"https:\/\/gobio-robot.com\/pt\/wp-json\/wp\/v2\/pages"}],"about":[{"href":"https:\/\/gobio-robot.com\/pt\/wp-json\/wp\/v2\/types\/page"}],"author":[{"embeddable":true,"href":"https:\/\/gobio-robot.com\/pt\/wp-json\/wp\/v2\/users\/1"}],"replies":[{"embeddable":true,"href":"https:\/\/gobio-robot.com\/pt\/wp-json\/wp\/v2\/comments?post=18508"}],"version-history":[{"count":5,"href":"https:\/\/gobio-robot.com\/pt\/wp-json\/wp\/v2\/pages\/18508\/revisions"}],"predecessor-version":[{"id":24392,"href":"https:\/\/gobio-robot.com\/pt\/wp-json\/wp\/v2\/pages\/18508\/revisions\/24392"}],"up":[{"embeddable":true,"href":"https:\/\/gobio-robot.com\/pt\/wp-json\/wp\/v2\/pages\/18581"}],"wp:featuredmedia":[{"embeddable":true,"href":"https:\/\/gobio-robot.com\/pt\/wp-json\/wp\/v2\/media\/23987"}],"wp:attachment":[{"href":"https:\/\/gobio-robot.com\/pt\/wp-json\/wp\/v2\/media?parent=18508"}],"curies":[{"name":"wp","href":"https:\/\/api.w.org\/{rel}","templated":true}]}}