{"id":18511,"date":"2018-07-03T14:00:16","date_gmt":"2018-07-03T12:00:16","guid":{"rendered":"https:\/\/gobio-robot.com\/nos-references\/"},"modified":"2025-10-16T10:07:05","modified_gmt":"2025-10-16T08:07:05","slug":"nossas-referencias","status":"publish","type":"page","link":"https:\/\/gobio-robot.com\/pt\/empresa\/nossas-referencias\/","title":{"rendered":"As nossas refer\u00eancias"},"content":{"rendered":"<div class=\"wpb-content-wrapper\"><p>[vc_row][vc_column][vc_column_text]<\/p>\n<h2>As nossas refer\u00eancias<\/h2>\n<p>Orgulhamo-nos de ter o apoio e a confian\u00e7a de numerosos clientes em diversos sectores de atividade: como transportes, alimenta\u00e7\u00e3o, log\u00edstica, energia e constru\u00e7\u00e3o.[\/vc_column_text][vc_row_inner][vc_column_inner width=&#8221;1\/4&#8243;][vc_single_image image=&#8221;18554&#8243; img_size=&#8221;full&#8221; alignment=&#8221;center&#8221; image_hover=&#8221;&#8221;][vc_single_image image=&#8221;18557&#8243; img_size=&#8221;full&#8221; alignment=&#8221;center&#8221; image_hover=&#8221;&#8221;][vc_single_image image=&#8221;18532&#8243; img_size=&#8221;full&#8221; alignment=&#8221;center&#8221; image_hover=&#8221;&#8221;][vc_single_image image=&#8221;18552&#8243; img_size=&#8221;full&#8221; alignment=&#8221;center&#8221; image_hover=&#8221;&#8221;][vc_single_image image=&#8221;18550&#8243; img_size=&#8221;full&#8221; alignment=&#8221;center&#8221; image_hover=&#8221;&#8221;][vc_single_image image=&#8221;18549&#8243; img_size=&#8221;full&#8221; alignment=&#8221;center&#8221; image_hover=&#8221;&#8221;][vc_single_image image=&#8221;18548&#8243; img_size=&#8221;full&#8221; alignment=&#8221;center&#8221; image_hover=&#8221;&#8221;][vc_single_image image=&#8221;18566&#8243; img_size=&#8221;full&#8221; alignment=&#8221;center&#8221; image_hover=&#8221;&#8221;][vc_single_image image=&#8221;18574&#8243; img_size=&#8221;full&#8221; alignment=&#8221;center&#8221; image_hover=&#8221;&#8221;][vc_single_image image=&#8221;23788&#8243; img_size=&#8221;full&#8221; alignment=&#8221;center&#8221; css=&#8221;&#8221; image_hover=&#8221;&#8221;][\/vc_column_inner][vc_column_inner width=&#8221;1\/4&#8243;][vc_single_image image=&#8221;18547&#8243; img_size=&#8221;full&#8221; alignment=&#8221;center&#8221; image_hover=&#8221;&#8221;][vc_single_image image=&#8221;23764&#8243; img_size=&#8221;full&#8221; alignment=&#8221;center&#8221; css=&#8221;&#8221; image_hover=&#8221;&#8221;][vc_single_image image=&#8221;18544&#8243; img_size=&#8221;full&#8221; alignment=&#8221;center&#8221; image_hover=&#8221;&#8221;][vc_single_image image=&#8221;18559&#8243; img_size=&#8221;full&#8221; alignment=&#8221;center&#8221; image_hover=&#8221;&#8221;][vc_single_image image=&#8221;18560&#8243; img_size=&#8221;full&#8221; alignment=&#8221;center&#8221; image_hover=&#8221;&#8221;][vc_single_image image=&#8221;18558&#8243; img_size=&#8221;full&#8221; alignment=&#8221;center&#8221; image_hover=&#8221;&#8221;][vc_single_image image=&#8221;18563&#8243; img_size=&#8221;full&#8221; alignment=&#8221;center&#8221; image_hover=&#8221;&#8221;][vc_single_image image=&#8221;18567&#8243; img_size=&#8221;full&#8221; alignment=&#8221;center&#8221; image_hover=&#8221;&#8221;][vc_single_image image=&#8221;23780&#8243; img_size=&#8221;full&#8221; alignment=&#8221;center&#8221; css=&#8221;&#8221; image_hover=&#8221;&#8221;][vc_single_image image=&#8221;23792&#8243; img_size=&#8221;full&#8221; alignment=&#8221;center&#8221; css=&#8221;&#8221; image_hover=&#8221;&#8221;][\/vc_column_inner][vc_column_inner width=&#8221;1\/4&#8243;][vc_single_image image=&#8221;18540&#8243; img_size=&#8221;full&#8221; alignment=&#8221;center&#8221; image_hover=&#8221;&#8221;][vc_single_image image=&#8221;18572&#8243; img_size=&#8221;full&#8221; alignment=&#8221;center&#8221; image_hover=&#8221;&#8221;][vc_single_image image=&#8221;18536&#8243; img_size=&#8221;full&#8221; alignment=&#8221;center&#8221; image_hover=&#8221;&#8221;][vc_single_image image=&#8221;18573&#8243; img_size=&#8221;full&#8221; alignment=&#8221;center&#8221; image_hover=&#8221;&#8221;][vc_single_image image=&#8221;18541&#8243; img_size=&#8221;full&#8221; alignment=&#8221;center&#8221; image_hover=&#8221;&#8221;][vc_single_image image=&#8221;18562&#8243; img_size=&#8221;full&#8221; alignment=&#8221;center&#8221; image_hover=&#8221;&#8221;][vc_single_image image=&#8221;23776&#8243; img_size=&#8221;full&#8221; alignment=&#8221;center&#8221; css=&#8221;&#8221; image_hover=&#8221;&#8221;][vc_single_image image=&#8221;23784&#8243; img_size=&#8221;full&#8221; alignment=&#8221;center&#8221; css=&#8221;&#8221; image_hover=&#8221;&#8221;][vc_single_image image=&#8221;23772&#8243; img_size=&#8221;full&#8221; alignment=&#8221;center&#8221; css=&#8221;&#8221; image_hover=&#8221;&#8221;][\/vc_column_inner][vc_column_inner width=&#8221;1\/4&#8243;][vc_single_image image=&#8221;18551&#8243; img_size=&#8221;full&#8221; alignment=&#8221;center&#8221; image_hover=&#8221;&#8221;][vc_single_image image=&#8221;18564&#8243; img_size=&#8221;full&#8221; alignment=&#8221;center&#8221; image_hover=&#8221;&#8221;][vc_single_image image=&#8221;18561&#8243; img_size=&#8221;full&#8221; alignment=&#8221;center&#8221; image_hover=&#8221;&#8221;][vc_single_image image=&#8221;18527&#8243; img_size=&#8221;full&#8221; alignment=&#8221;center&#8221; image_hover=&#8221;&#8221;][vc_single_image image=&#8221;18512&#8243; img_size=&#8221;full&#8221; alignment=&#8221;center&#8221; image_hover=&#8221;&#8221;][vc_single_image image=&#8221;18565&#8243; img_size=&#8221;full&#8221; alignment=&#8221;center&#8221; image_hover=&#8221;&#8221;][vc_single_image image=&#8221;23760&#8243; img_size=&#8221;full&#8221; alignment=&#8221;center&#8221; css=&#8221;&#8221; image_hover=&#8221;&#8221;][vc_single_image image=&#8221;23768&#8243; img_size=&#8221;full&#8221; alignment=&#8221;center&#8221; css=&#8221;&#8221; image_hover=&#8221;&#8221;][\/vc_column_inner][\/vc_row_inner][vc_empty_space][\/vc_column][\/vc_row]<\/p>\n<\/div>","protected":false},"excerpt":{"rendered":"<p>[vc_row][vc_column][vc_column_text] As nossas refer\u00eancias Orgulhamo-nos de ter o apoio e a confian\u00e7a de numerosos clientes em diversos sectores de atividade: como transportes, alimenta\u00e7\u00e3o, log\u00edstica, energia e constru\u00e7\u00e3o.[\/vc_column_text][vc_row_inner][vc_column_inner width=&#8221;1\/4&#8243;][vc_single_image image=&#8221;18554&#8243; img_size=&#8221;full&#8221;&hellip;<\/p>\n","protected":false},"author":1,"featured_media":18513,"parent":18581,"menu_order":0,"comment_status":"closed","ping_status":"closed","template":"","meta":{"_acf_changed":false,"footnotes":""},"class_list":["post-18511","page","type-page","status-publish","has-post-thumbnail","hentry"],"acf":[],"yoast_head":"<title>As nossas refer\u00eancias - GOBIO<\/title>\n<meta name=\"robots\" content=\"index, follow, max-snippet:-1, max-image-preview:large, max-video-preview:-1\" \/>\n<link rel=\"canonical\" href=\"https:\/\/gobio-robot.com\/pt\/empresa\/nossas-referencias\/\" \/>\n<meta property=\"og:locale\" content=\"pt_PT\" \/>\n<meta property=\"og:type\" content=\"article\" \/>\n<meta property=\"og:title\" content=\"As nossas refer\u00eancias - GOBIO\" \/>\n<meta property=\"og:description\" content=\"[vc_row][vc_column][vc_column_text] As nossas refer\u00eancias Orgulhamo-nos de ter o apoio e a confian\u00e7a de numerosos clientes em diversos sectores de atividade: como transportes, alimenta\u00e7\u00e3o, log\u00edstica, energia e constru\u00e7\u00e3o.[\/vc_column_text][vc_row_inner][vc_column_inner width=&#8221;1\/4&#8243;][vc_single_image image=&#8221;18554&#8243; img_size=&#8221;full&#8221;&hellip;\" \/>\n<meta property=\"og:url\" content=\"https:\/\/gobio-robot.com\/pt\/empresa\/nossas-referencias\/\" \/>\n<meta property=\"og:site_name\" content=\"GOBIO\" \/>\n<meta property=\"article:modified_time\" content=\"2025-10-16T08:07:05+00:00\" \/>\n<meta property=\"og:image\" content=\"https:\/\/gobio-robot.com\/wp-content\/uploads\/sites\/6\/2023\/02\/IP14-exosquelette-posture-assis-debout-GOBIO.jpg\" \/>\n\t<meta property=\"og:image:width\" content=\"2000\" \/>\n\t<meta property=\"og:image:height\" content=\"800\" \/>\n\t<meta property=\"og:image:type\" content=\"image\/jpeg\" \/>\n<meta name=\"twitter:card\" content=\"summary_large_image\" \/>\n<meta name=\"twitter:label1\" content=\"Est. reading time\" \/>\n\t<meta name=\"twitter:data1\" content=\"9 minutes\" \/>\n<script type=\"application\/ld+json\" class=\"yoast-schema-graph\">{\"@context\":\"https:\\\/\\\/schema.org\",\"@graph\":[{\"@type\":\"WebPage\",\"@id\":\"https:\\\/\\\/gobio-robot.com\\\/pt\\\/empresa\\\/nossas-referencias\\\/\",\"url\":\"https:\\\/\\\/gobio-robot.com\\\/pt\\\/empresa\\\/nossas-referencias\\\/\",\"name\":\"As nossas refer\u00eancias - GOBIO\",\"isPartOf\":{\"@id\":\"https:\\\/\\\/gobio-robot.com\\\/#website\"},\"primaryImageOfPage\":{\"@id\":\"https:\\\/\\\/gobio-robot.com\\\/pt\\\/empresa\\\/nossas-referencias\\\/#primaryimage\"},\"image\":{\"@id\":\"https:\\\/\\\/gobio-robot.com\\\/pt\\\/empresa\\\/nossas-referencias\\\/#primaryimage\"},\"thumbnailUrl\":\"https:\\\/\\\/gobio-robot.com\\\/wp-content\\\/uploads\\\/sites\\\/6\\\/2023\\\/02\\\/IP14-exosquelette-posture-assis-debout-GOBIO.jpg\",\"datePublished\":\"2018-07-03T12:00:16+00:00\",\"dateModified\":\"2025-10-16T08:07:05+00:00\",\"breadcrumb\":{\"@id\":\"https:\\\/\\\/gobio-robot.com\\\/pt\\\/empresa\\\/nossas-referencias\\\/#breadcrumb\"},\"inLanguage\":\"pt\",\"potentialAction\":[{\"@type\":\"ReadAction\",\"target\":[\"https:\\\/\\\/gobio-robot.com\\\/pt\\\/empresa\\\/nossas-referencias\\\/\"]}]},{\"@type\":\"ImageObject\",\"inLanguage\":\"pt\",\"@id\":\"https:\\\/\\\/gobio-robot.com\\\/pt\\\/empresa\\\/nossas-referencias\\\/#primaryimage\",\"url\":\"https:\\\/\\\/gobio-robot.com\\\/wp-content\\\/uploads\\\/sites\\\/6\\\/2023\\\/02\\\/IP14-exosquelette-posture-assis-debout-GOBIO.jpg\",\"contentUrl\":\"https:\\\/\\\/gobio-robot.com\\\/wp-content\\\/uploads\\\/sites\\\/6\\\/2023\\\/02\\\/IP14-exosquelette-posture-assis-debout-GOBIO.jpg\",\"width\":2000,\"height\":800,\"caption\":\"Ergoesqueleto de altern\u00e2ncia de posturas sentadas\\\/de p\u00e9 IP14 - GOBIO\"},{\"@type\":\"BreadcrumbList\",\"@id\":\"https:\\\/\\\/gobio-robot.com\\\/pt\\\/empresa\\\/nossas-referencias\\\/#breadcrumb\",\"itemListElement\":[{\"@type\":\"ListItem\",\"position\":1,\"name\":\"Home\",\"item\":\"https:\\\/\\\/gobio-robot.com\\\/pt\\\/\"},{\"@type\":\"ListItem\",\"position\":2,\"name\":\"Empresa\",\"item\":\"https:\\\/\\\/gobio-robot.com\\\/pt\\\/empresa\\\/\"},{\"@type\":\"ListItem\",\"position\":3,\"name\":\"As nossas refer\u00eancias\"}]},{\"@type\":\"WebSite\",\"@id\":\"https:\\\/\\\/gobio-robot.com\\\/#website\",\"url\":\"https:\\\/\\\/gobio-robot.com\\\/\",\"name\":\"GOBIO\",\"description\":\"\",\"potentialAction\":[{\"@type\":\"SearchAction\",\"target\":{\"@type\":\"EntryPoint\",\"urlTemplate\":\"https:\\\/\\\/gobio-robot.com\\\/?s={search_term_string}\"},\"query-input\":{\"@type\":\"PropertyValueSpecification\",\"valueRequired\":true,\"valueName\":\"search_term_string\"}}],\"inLanguage\":\"pt\"}]}<\/script>","yoast_head_json":{"title":"As nossas refer\u00eancias - GOBIO","robots":{"index":"index","follow":"follow","max-snippet":"max-snippet:-1","max-image-preview":"max-image-preview:large","max-video-preview":"max-video-preview:-1"},"canonical":"https:\/\/gobio-robot.com\/pt\/empresa\/nossas-referencias\/","og_locale":"pt_PT","og_type":"article","og_title":"As nossas refer\u00eancias - GOBIO","og_description":"[vc_row][vc_column][vc_column_text] As nossas refer\u00eancias Orgulhamo-nos de ter o apoio e a confian\u00e7a de numerosos clientes em diversos sectores de atividade: como transportes, alimenta\u00e7\u00e3o, log\u00edstica, energia e constru\u00e7\u00e3o.[\/vc_column_text][vc_row_inner][vc_column_inner width=&#8221;1\/4&#8243;][vc_single_image image=&#8221;18554&#8243; img_size=&#8221;full&#8221;&hellip;","og_url":"https:\/\/gobio-robot.com\/pt\/empresa\/nossas-referencias\/","og_site_name":"GOBIO","article_modified_time":"2025-10-16T08:07:05+00:00","og_image":[{"width":2000,"height":800,"url":"https:\/\/gobio-robot.com\/wp-content\/uploads\/sites\/6\/2023\/02\/IP14-exosquelette-posture-assis-debout-GOBIO.jpg","type":"image\/jpeg"}],"twitter_card":"summary_large_image","twitter_misc":{"Est. reading time":"9 minutes"},"schema":{"@context":"https:\/\/schema.org","@graph":[{"@type":"WebPage","@id":"https:\/\/gobio-robot.com\/pt\/empresa\/nossas-referencias\/","url":"https:\/\/gobio-robot.com\/pt\/empresa\/nossas-referencias\/","name":"As nossas refer\u00eancias - GOBIO","isPartOf":{"@id":"https:\/\/gobio-robot.com\/#website"},"primaryImageOfPage":{"@id":"https:\/\/gobio-robot.com\/pt\/empresa\/nossas-referencias\/#primaryimage"},"image":{"@id":"https:\/\/gobio-robot.com\/pt\/empresa\/nossas-referencias\/#primaryimage"},"thumbnailUrl":"https:\/\/gobio-robot.com\/wp-content\/uploads\/sites\/6\/2023\/02\/IP14-exosquelette-posture-assis-debout-GOBIO.jpg","datePublished":"2018-07-03T12:00:16+00:00","dateModified":"2025-10-16T08:07:05+00:00","breadcrumb":{"@id":"https:\/\/gobio-robot.com\/pt\/empresa\/nossas-referencias\/#breadcrumb"},"inLanguage":"pt","potentialAction":[{"@type":"ReadAction","target":["https:\/\/gobio-robot.com\/pt\/empresa\/nossas-referencias\/"]}]},{"@type":"ImageObject","inLanguage":"pt","@id":"https:\/\/gobio-robot.com\/pt\/empresa\/nossas-referencias\/#primaryimage","url":"https:\/\/gobio-robot.com\/wp-content\/uploads\/sites\/6\/2023\/02\/IP14-exosquelette-posture-assis-debout-GOBIO.jpg","contentUrl":"https:\/\/gobio-robot.com\/wp-content\/uploads\/sites\/6\/2023\/02\/IP14-exosquelette-posture-assis-debout-GOBIO.jpg","width":2000,"height":800,"caption":"Ergoesqueleto de altern\u00e2ncia de posturas sentadas\/de p\u00e9 IP14 - GOBIO"},{"@type":"BreadcrumbList","@id":"https:\/\/gobio-robot.com\/pt\/empresa\/nossas-referencias\/#breadcrumb","itemListElement":[{"@type":"ListItem","position":1,"name":"Home","item":"https:\/\/gobio-robot.com\/pt\/"},{"@type":"ListItem","position":2,"name":"Empresa","item":"https:\/\/gobio-robot.com\/pt\/empresa\/"},{"@type":"ListItem","position":3,"name":"As nossas refer\u00eancias"}]},{"@type":"WebSite","@id":"https:\/\/gobio-robot.com\/#website","url":"https:\/\/gobio-robot.com\/","name":"GOBIO","description":"","potentialAction":[{"@type":"SearchAction","target":{"@type":"EntryPoint","urlTemplate":"https:\/\/gobio-robot.com\/?s={search_term_string}"},"query-input":{"@type":"PropertyValueSpecification","valueRequired":true,"valueName":"search_term_string"}}],"inLanguage":"pt"}]}},"_links":{"self":[{"href":"https:\/\/gobio-robot.com\/pt\/wp-json\/wp\/v2\/pages\/18511","targetHints":{"allow":["GET"]}}],"collection":[{"href":"https:\/\/gobio-robot.com\/pt\/wp-json\/wp\/v2\/pages"}],"about":[{"href":"https:\/\/gobio-robot.com\/pt\/wp-json\/wp\/v2\/types\/page"}],"author":[{"embeddable":true,"href":"https:\/\/gobio-robot.com\/pt\/wp-json\/wp\/v2\/users\/1"}],"replies":[{"embeddable":true,"href":"https:\/\/gobio-robot.com\/pt\/wp-json\/wp\/v2\/comments?post=18511"}],"version-history":[{"count":5,"href":"https:\/\/gobio-robot.com\/pt\/wp-json\/wp\/v2\/pages\/18511\/revisions"}],"predecessor-version":[{"id":24379,"href":"https:\/\/gobio-robot.com\/pt\/wp-json\/wp\/v2\/pages\/18511\/revisions\/24379"}],"up":[{"embeddable":true,"href":"https:\/\/gobio-robot.com\/pt\/wp-json\/wp\/v2\/pages\/18581"}],"wp:featuredmedia":[{"embeddable":true,"href":"https:\/\/gobio-robot.com\/pt\/wp-json\/wp\/v2\/media\/18513"}],"wp:attachment":[{"href":"https:\/\/gobio-robot.com\/pt\/wp-json\/wp\/v2\/media?parent=18511"}],"curies":[{"name":"wp","href":"https:\/\/api.w.org\/{rel}","templated":true}]}}