{"id":18577,"date":"2017-05-26T09:52:51","date_gmt":"2017-05-26T07:52:51","guid":{"rendered":"https:\/\/gobio-robot.com\/recrutement\/"},"modified":"2023-03-02T12:41:26","modified_gmt":"2023-03-02T11:41:26","slug":"recrutamento","status":"publish","type":"page","link":"https:\/\/gobio-robot.com\/pt\/empresa\/recrutamento\/","title":{"rendered":"Recrutamento"},"content":{"rendered":"<div class=\"wpb-content-wrapper\"><p>[vc_row][vc_column][vc_column_text]<\/p>\n<h2>Ofertas de emprego e candidaturas espont\u00e2neas<\/h2>\n<p><span style=\"font-size: 1.2em; color: #000080;\">Gosta de enfrentar desafios e quer contribuir para um grupo internacional com conhecimentos espec\u00edficos e \u00fanicos?<\/span>[\/vc_column_text][vc_btn title=&#8221;Junte-se ao grupo Europe Technologies !&#8221; style=&#8221;custom&#8221; custom_background=&#8221;#cd5b1b&#8221; custom_text=&#8221;#ffffff&#8221; align=&#8221;left&#8221; i_icon_fontawesome=&#8221;fas fa-share-square&#8221; add_icon=&#8221;true&#8221; link=&#8221;url:https%3A%2F%2Feuropetechnologies.com%2Frejoignez-nous%2Foffres-demploi%2F%231584551961719-27920c65-41a4|title:offres%20d&#8217;emploi|target:_blank&#8221;][vc_column_text]<em>Ao clicar no bot\u00e3o acima, ser\u00e1 redirecionado para o website europetechnologies.com.\u00a0<\/em><\/p>\n<p><em>Aqui poder\u00e1 consultar as ofertas de emprego das diferentes marcas do grupo e candidatar-se online.<\/em>[\/vc_column_text][vc_empty_space][\/vc_column][\/vc_row]<\/p>\n<\/div>","protected":false},"excerpt":{"rendered":"<p>[vc_row][vc_column][vc_column_text] Ofertas de emprego e candidaturas espont\u00e2neas Gosta de enfrentar desafios e quer contribuir para um grupo internacional com conhecimentos espec\u00edficos e \u00fanicos?[\/vc_column_text][vc_btn title=&#8221;Junte-se ao grupo Europe Technologies !&#8221; style=&#8221;custom&#8221;&hellip;<\/p>\n","protected":false},"author":1,"featured_media":18578,"parent":18581,"menu_order":0,"comment_status":"closed","ping_status":"closed","template":"","meta":{"_acf_changed":false,"footnotes":""},"class_list":["post-18577","page","type-page","status-publish","has-post-thumbnail","hentry"],"acf":[],"yoast_head":"<title>Recrutamento - GOBIO<\/title>\n<meta name=\"robots\" content=\"index, follow, max-snippet:-1, max-image-preview:large, max-video-preview:-1\" \/>\n<link rel=\"canonical\" href=\"https:\/\/gobio-robot.com\/pt\/empresa\/recrutamento\/\" \/>\n<meta property=\"og:locale\" content=\"pt_PT\" \/>\n<meta property=\"og:type\" content=\"article\" \/>\n<meta property=\"og:title\" content=\"Recrutamento - GOBIO\" \/>\n<meta property=\"og:description\" content=\"[vc_row][vc_column][vc_column_text] Ofertas de emprego e candidaturas espont\u00e2neas Gosta de enfrentar desafios e quer contribuir para um grupo internacional com conhecimentos espec\u00edficos e \u00fanicos?[\/vc_column_text][vc_btn title=&#8221;Junte-se ao grupo Europe Technologies !&#8221; style=&#8221;custom&#8221;&hellip;\" \/>\n<meta property=\"og:url\" content=\"https:\/\/gobio-robot.com\/pt\/empresa\/recrutamento\/\" \/>\n<meta property=\"og:site_name\" content=\"GOBIO\" \/>\n<meta property=\"article:modified_time\" content=\"2023-03-02T11:41:26+00:00\" \/>\n<meta property=\"og:image\" content=\"https:\/\/gobio-robot.com\/wp-content\/uploads\/sites\/6\/2020\/05\/Rejoignez-nous.jpg\" \/>\n\t<meta property=\"og:image:width\" content=\"2000\" \/>\n\t<meta property=\"og:image:height\" content=\"1500\" \/>\n\t<meta property=\"og:image:type\" content=\"image\/jpeg\" \/>\n<meta name=\"twitter:card\" content=\"summary_large_image\" \/>\n<meta name=\"twitter:label1\" content=\"Est. reading time\" \/>\n\t<meta name=\"twitter:data1\" content=\"1 minute\" \/>\n<script type=\"application\/ld+json\" class=\"yoast-schema-graph\">{\"@context\":\"https:\\\/\\\/schema.org\",\"@graph\":[{\"@type\":\"WebPage\",\"@id\":\"https:\\\/\\\/gobio-robot.com\\\/pt\\\/empresa\\\/recrutamento\\\/\",\"url\":\"https:\\\/\\\/gobio-robot.com\\\/pt\\\/empresa\\\/recrutamento\\\/\",\"name\":\"Recrutamento - GOBIO\",\"isPartOf\":{\"@id\":\"https:\\\/\\\/gobio-robot.com\\\/#website\"},\"primaryImageOfPage\":{\"@id\":\"https:\\\/\\\/gobio-robot.com\\\/pt\\\/empresa\\\/recrutamento\\\/#primaryimage\"},\"image\":{\"@id\":\"https:\\\/\\\/gobio-robot.com\\\/pt\\\/empresa\\\/recrutamento\\\/#primaryimage\"},\"thumbnailUrl\":\"https:\\\/\\\/gobio-robot.com\\\/wp-content\\\/uploads\\\/sites\\\/6\\\/2020\\\/05\\\/Rejoignez-nous.jpg\",\"datePublished\":\"2017-05-26T07:52:51+00:00\",\"dateModified\":\"2023-03-02T11:41:26+00:00\",\"breadcrumb\":{\"@id\":\"https:\\\/\\\/gobio-robot.com\\\/pt\\\/empresa\\\/recrutamento\\\/#breadcrumb\"},\"inLanguage\":\"pt\",\"potentialAction\":[{\"@type\":\"ReadAction\",\"target\":[\"https:\\\/\\\/gobio-robot.com\\\/pt\\\/empresa\\\/recrutamento\\\/\"]}]},{\"@type\":\"ImageObject\",\"inLanguage\":\"pt\",\"@id\":\"https:\\\/\\\/gobio-robot.com\\\/pt\\\/empresa\\\/recrutamento\\\/#primaryimage\",\"url\":\"https:\\\/\\\/gobio-robot.com\\\/wp-content\\\/uploads\\\/sites\\\/6\\\/2020\\\/05\\\/Rejoignez-nous.jpg\",\"contentUrl\":\"https:\\\/\\\/gobio-robot.com\\\/wp-content\\\/uploads\\\/sites\\\/6\\\/2020\\\/05\\\/Rejoignez-nous.jpg\",\"width\":2000,\"height\":1500},{\"@type\":\"BreadcrumbList\",\"@id\":\"https:\\\/\\\/gobio-robot.com\\\/pt\\\/empresa\\\/recrutamento\\\/#breadcrumb\",\"itemListElement\":[{\"@type\":\"ListItem\",\"position\":1,\"name\":\"Home\",\"item\":\"https:\\\/\\\/gobio-robot.com\\\/pt\\\/\"},{\"@type\":\"ListItem\",\"position\":2,\"name\":\"Empresa\",\"item\":\"https:\\\/\\\/gobio-robot.com\\\/pt\\\/empresa\\\/\"},{\"@type\":\"ListItem\",\"position\":3,\"name\":\"Recrutamento\"}]},{\"@type\":\"WebSite\",\"@id\":\"https:\\\/\\\/gobio-robot.com\\\/#website\",\"url\":\"https:\\\/\\\/gobio-robot.com\\\/\",\"name\":\"GOBIO\",\"description\":\"\",\"potentialAction\":[{\"@type\":\"SearchAction\",\"target\":{\"@type\":\"EntryPoint\",\"urlTemplate\":\"https:\\\/\\\/gobio-robot.com\\\/?s={search_term_string}\"},\"query-input\":{\"@type\":\"PropertyValueSpecification\",\"valueRequired\":true,\"valueName\":\"search_term_string\"}}],\"inLanguage\":\"pt\"}]}<\/script>","yoast_head_json":{"title":"Recrutamento - GOBIO","robots":{"index":"index","follow":"follow","max-snippet":"max-snippet:-1","max-image-preview":"max-image-preview:large","max-video-preview":"max-video-preview:-1"},"canonical":"https:\/\/gobio-robot.com\/pt\/empresa\/recrutamento\/","og_locale":"pt_PT","og_type":"article","og_title":"Recrutamento - GOBIO","og_description":"[vc_row][vc_column][vc_column_text] Ofertas de emprego e candidaturas espont\u00e2neas Gosta de enfrentar desafios e quer contribuir para um grupo internacional com conhecimentos espec\u00edficos e \u00fanicos?[\/vc_column_text][vc_btn title=&#8221;Junte-se ao grupo Europe Technologies !&#8221; style=&#8221;custom&#8221;&hellip;","og_url":"https:\/\/gobio-robot.com\/pt\/empresa\/recrutamento\/","og_site_name":"GOBIO","article_modified_time":"2023-03-02T11:41:26+00:00","og_image":[{"width":2000,"height":1500,"url":"https:\/\/gobio-robot.com\/wp-content\/uploads\/sites\/6\/2020\/05\/Rejoignez-nous.jpg","type":"image\/jpeg"}],"twitter_card":"summary_large_image","twitter_misc":{"Est. reading time":"1 minute"},"schema":{"@context":"https:\/\/schema.org","@graph":[{"@type":"WebPage","@id":"https:\/\/gobio-robot.com\/pt\/empresa\/recrutamento\/","url":"https:\/\/gobio-robot.com\/pt\/empresa\/recrutamento\/","name":"Recrutamento - GOBIO","isPartOf":{"@id":"https:\/\/gobio-robot.com\/#website"},"primaryImageOfPage":{"@id":"https:\/\/gobio-robot.com\/pt\/empresa\/recrutamento\/#primaryimage"},"image":{"@id":"https:\/\/gobio-robot.com\/pt\/empresa\/recrutamento\/#primaryimage"},"thumbnailUrl":"https:\/\/gobio-robot.com\/wp-content\/uploads\/sites\/6\/2020\/05\/Rejoignez-nous.jpg","datePublished":"2017-05-26T07:52:51+00:00","dateModified":"2023-03-02T11:41:26+00:00","breadcrumb":{"@id":"https:\/\/gobio-robot.com\/pt\/empresa\/recrutamento\/#breadcrumb"},"inLanguage":"pt","potentialAction":[{"@type":"ReadAction","target":["https:\/\/gobio-robot.com\/pt\/empresa\/recrutamento\/"]}]},{"@type":"ImageObject","inLanguage":"pt","@id":"https:\/\/gobio-robot.com\/pt\/empresa\/recrutamento\/#primaryimage","url":"https:\/\/gobio-robot.com\/wp-content\/uploads\/sites\/6\/2020\/05\/Rejoignez-nous.jpg","contentUrl":"https:\/\/gobio-robot.com\/wp-content\/uploads\/sites\/6\/2020\/05\/Rejoignez-nous.jpg","width":2000,"height":1500},{"@type":"BreadcrumbList","@id":"https:\/\/gobio-robot.com\/pt\/empresa\/recrutamento\/#breadcrumb","itemListElement":[{"@type":"ListItem","position":1,"name":"Home","item":"https:\/\/gobio-robot.com\/pt\/"},{"@type":"ListItem","position":2,"name":"Empresa","item":"https:\/\/gobio-robot.com\/pt\/empresa\/"},{"@type":"ListItem","position":3,"name":"Recrutamento"}]},{"@type":"WebSite","@id":"https:\/\/gobio-robot.com\/#website","url":"https:\/\/gobio-robot.com\/","name":"GOBIO","description":"","potentialAction":[{"@type":"SearchAction","target":{"@type":"EntryPoint","urlTemplate":"https:\/\/gobio-robot.com\/?s={search_term_string}"},"query-input":{"@type":"PropertyValueSpecification","valueRequired":true,"valueName":"search_term_string"}}],"inLanguage":"pt"}]}},"_links":{"self":[{"href":"https:\/\/gobio-robot.com\/pt\/wp-json\/wp\/v2\/pages\/18577","targetHints":{"allow":["GET"]}}],"collection":[{"href":"https:\/\/gobio-robot.com\/pt\/wp-json\/wp\/v2\/pages"}],"about":[{"href":"https:\/\/gobio-robot.com\/pt\/wp-json\/wp\/v2\/types\/page"}],"author":[{"embeddable":true,"href":"https:\/\/gobio-robot.com\/pt\/wp-json\/wp\/v2\/users\/1"}],"replies":[{"embeddable":true,"href":"https:\/\/gobio-robot.com\/pt\/wp-json\/wp\/v2\/comments?post=18577"}],"version-history":[{"count":2,"href":"https:\/\/gobio-robot.com\/pt\/wp-json\/wp\/v2\/pages\/18577\/revisions"}],"predecessor-version":[{"id":18802,"href":"https:\/\/gobio-robot.com\/pt\/wp-json\/wp\/v2\/pages\/18577\/revisions\/18802"}],"up":[{"embeddable":true,"href":"https:\/\/gobio-robot.com\/pt\/wp-json\/wp\/v2\/pages\/18581"}],"wp:featuredmedia":[{"embeddable":true,"href":"https:\/\/gobio-robot.com\/pt\/wp-json\/wp\/v2\/media\/18578"}],"wp:attachment":[{"href":"https:\/\/gobio-robot.com\/pt\/wp-json\/wp\/v2\/media?parent=18577"}],"curies":[{"name":"wp","href":"https:\/\/api.w.org\/{rel}","templated":true}]}}