{"id":18579,"date":"2017-05-26T09:52:06","date_gmt":"2017-05-26T07:52:06","guid":{"rendered":"https:\/\/gobio-robot.com\/profil-historique\/"},"modified":"2025-10-16T14:00:58","modified_gmt":"2025-10-16T12:00:58","slug":"perfil-historia","status":"publish","type":"page","link":"https:\/\/gobio-robot.com\/pt\/empresa\/perfil-historia\/","title":{"rendered":"Perfil &#8211; Hist\u00f3ria"},"content":{"rendered":"<div class=\"wpb-content-wrapper\"><p>[vc_row background_style=&#8221;repeat&#8221; css=&#8221;.vc_custom_1494518320412{margin-top: 60px !important;margin-bottom: 30px !important;}&#8221;][vc_column][vc_column_text]<\/p>\n<h2>Perfil &#8211; Hist\u00f3rico<\/h2>\n<p>[\/vc_column_text][vc_empty_space height=&#8221;20&#8243;][vc_row_inner equal_height=&#8221;yes&#8221; gap=&#8221;15&#8243;][vc_column_inner width=&#8221;1\/3&#8243; css=&#8221;.vc_custom_1760616004733{border-top-width: 2px !important;border-right-width: 2px !important;border-bottom-width: 2px !important;border-left-width: 2px !important;background-color: #2F37870D !important;border-radius: 20px !important;}&#8221;][vc_single_image image=&#8221;24242&#8243; alignment=&#8221;center&#8221; css=&#8221;&#8221; image_hover=&#8221;&#8221;][vc_column_text css=&#8221;&#8221;]<\/p>\n<p style=\"text-align: center;\"><span style=\"font-size: 1.2em;\"><strong><span style=\"background-color: rgba(47, 55, 135, 1); color: #ffffff; padding: 2px 6px; border-radius: 4px;\">2014<\/span><\/strong><\/span><\/p>\n<div class=\"css-1b6n4o1\">\n<div class=\"MuiBox-root css-5xxm1b\">\n<div>\n<p class=\"css-wx0oy0\" style=\"text-align: center;\"><span style=\"color: #009de0;\">Cria\u00e7\u00e3o do GOBIO por Beno\u00eet Sagot-Duvauroux<\/span><\/p>\n<\/div>\n<\/div>\n<\/div>\n<p>[\/vc_column_text][\/vc_column_inner][vc_column_inner width=&#8221;1\/3&#8243; css=&#8221;.vc_custom_1760616016473{border-top-width: 2px !important;border-right-width: 2px !important;border-bottom-width: 2px !important;border-left-width: 2px !important;background-color: #2F37870D !important;border-radius: 20px !important;}&#8221;][vc_single_image image=&#8221;24234&#8243; alignment=&#8221;center&#8221; css=&#8221;&#8221; image_hover=&#8221;&#8221;][vc_column_text css=&#8221;&#8221;]<\/p>\n<p style=\"text-align: center;\"><span style=\"font-size: 1.2em;\"><strong><span style=\"background-color: rgba(47, 55, 135, 1); color: #ffffff; padding: 2px 6px; border-radius: 4px;\">2017<\/span><\/strong><\/span><\/p>\n<p style=\"text-align: center;\"><span style=\"color: #009de0;\">A GOBIO junta-se ao grupo EUROPE TECHNOLOGIES<\/span><\/p>\n<p>[\/vc_column_text][\/vc_column_inner][vc_column_inner width=&#8221;1\/3&#8243; css=&#8221;.vc_custom_1760616027844{border-top-width: 2px !important;border-right-width: 2px !important;border-bottom-width: 2px !important;border-left-width: 2px !important;background-color: #2F37870D !important;border-radius: 20px !important;}&#8221;][vc_single_image image=&#8221;24238&#8243; alignment=&#8221;center&#8221; css=&#8221;&#8221; image_hover=&#8221;&#8221;][vc_column_text css=&#8221;&#8221;]<\/p>\n<p style=\"text-align: center;\"><span style=\"font-size: 1.2em;\"><strong><span style=\"background-color: rgba(47, 55, 135, 1); color: #ffffff; padding: 2px 6px; border-radius: 4px;\">2025<\/span><\/strong><\/span><\/p>\n<p style=\"text-align: center;\"><span style=\"color: #009de0;\">Integra\u00e7\u00e3o na Unidade de Neg\u00f3cios &#8220;EUROPE TECHNOLOGIES DISTRIBUTION&#8221;<\/span><\/p>\n<p>[\/vc_column_text][\/vc_column_inner][\/vc_row_inner][vc_empty_space height=&#8221;35&#8243;][\/vc_column][\/vc_row][vc_row content_placement=&#8221;middle&#8221;][vc_column width=&#8221;2\/3&#8243;][vc_column_text css=&#8221;&#8221;]A GOBIO foi desenvolvida em Nantes, em parceria com v\u00e1rios parques tecnol\u00f3gicos e laborat\u00f3rios universit\u00e1rios de investiga\u00e7\u00e3o na regi\u00e3o ocidental de Fran\u00e7a. A equipa tem agora a ambi\u00e7\u00e3o de se tornar o l\u00edder europeu em sistemas de assist\u00eancia f\u00edsica aos operadores.<\/p>\n<p>A GOBIO desenvolve uma gama completa de exoesqueletos (ativos ou passivos), assim como bra\u00e7os articulados de gravidade zero, para satisfazer as diferentes necessidades das empresas em termos de aplica\u00e7\u00f5es industriais ou log\u00edsticas. Tamb\u00e9m oferece m\u00f3dulos de forma\u00e7\u00e3o espec\u00edficos, concebidos para promover a aceitabilidade de comportamentos e utiliza\u00e7\u00f5es relacionadas com Dispositivos de Assist\u00eancia F\u00edsica (DAF).<\/p>\n<p>A GOBIO \u00e9, assim, um parceiro privilegiado das ind\u00fastrias mec\u00e2nica, log\u00edstica e agroalimentar, bem como dos transportes, da constru\u00e7\u00e3o civil, das autarquias ou estabelecimentos de sa\u00fade que se preocupam com a redu\u00e7\u00e3o da penosidade ou mesmo das DORT. Ela j\u00e1 conta entre seus clientes com empresas como a Renault, a Stellantis, a SNCF, ou como parceiros a Airbus e a Total D\u00e9veloppement, e a UGAP, central de compras p\u00fablicas que facilita o acesso a solu\u00e7\u00f5es ergon\u00f4micas inovadoras.[\/vc_column_text][\/vc_column][vc_column width=&#8221;1\/3&#8243;][vc_single_image image=&#8221;23657&#8243; img_size=&#8221;439*485&#8243; css=&#8221;&#8221; image_hover=&#8221;&#8221;][\/vc_column][\/vc_row][vc_row][vc_column][vc_empty_space][\/vc_column][\/vc_row][vc_row background_style=&#8221;repeat&#8221; css=&#8221;.vc_custom_1494518320412{margin-top: 60px !important;margin-bottom: 30px !important;}&#8221;][vc_column][vc_column_text]<\/p>\n<h2 style=\"text-align: center;\">A nossa hist\u00f3ria &#8211; <span lang=\"ES\">Empresa de exoesqueletos<\/span><\/h2>\n<p>[\/vc_column_text][vc_row_inner][vc_column_inner width=&#8221;1\/3&#8243;][vc_single_image image=&#8221;24242&#8243; alignment=&#8221;center&#8221; css=&#8221;&#8221; image_hover=&#8221;&#8221;][vc_column_text css=&#8221;&#8221;]<\/p>\n<p style=\"text-align: center;\"><span style=\"font-size: 1.2em;\"><strong><span style=\"background-color: rgba(47, 55, 135, 1); color: #ffffff; padding: 2px 6px; border-radius: 4px;\">2014<\/span><\/strong><\/span><\/p>\n<div class=\"css-1b6n4o1\">\n<div class=\"MuiBox-root css-5xxm1b\">\n<div>\n<p class=\"css-wx0oy0\" style=\"text-align: center;\"><span style=\"color: #009de0;\">Cria\u00e7\u00e3o do GOBIO por Beno\u00eet Sagot-Duvauroux<\/span><\/p>\n<\/div>\n<\/div>\n<\/div>\n<p>[\/vc_column_text][\/vc_column_inner][vc_column_inner width=&#8221;1\/3&#8243;][vc_single_image image=&#8221;24234&#8243; alignment=&#8221;center&#8221; css=&#8221;&#8221; image_hover=&#8221;&#8221;][vc_column_text css=&#8221;&#8221;]<\/p>\n<p style=\"text-align: center;\"><span style=\"font-size: 1.2em;\"><strong><span style=\"background-color: rgba(47, 55, 135, 1); color: #ffffff; padding: 2px 6px; border-radius: 4px;\">2017<\/span><\/strong><\/span><\/p>\n<p style=\"text-align: center;\"><span style=\"color: #009de0;\">A GOBIO junta-se ao grupo EUROPE TECHNOLOGIES<\/span><\/p>\n<p>[\/vc_column_text][\/vc_column_inner][vc_column_inner width=&#8221;1\/3&#8243;][vc_single_image image=&#8221;24238&#8243; alignment=&#8221;center&#8221; css=&#8221;&#8221; image_hover=&#8221;&#8221;][vc_column_text css=&#8221;&#8221;]<\/p>\n<p style=\"text-align: center;\"><span style=\"font-size: 1.2em;\"><strong><span style=\"background-color: rgba(47, 55, 135, 1); color: #ffffff; padding: 2px 6px; border-radius: 4px;\">2025<\/span><\/strong><\/span><\/p>\n<p style=\"text-align: center;\"><span style=\"color: #009de0;\">Integra\u00e7\u00e3o na Unidade de Neg\u00f3cios &#8220;EUROPE TECHNOLOGIES DISTRIBUTION&#8221;<\/span><\/p>\n<p>[\/vc_column_text][\/vc_column_inner][\/vc_row_inner][vc_empty_space height=&#8221;35&#8243;][vc_column_text css_animation=&#8221;none&#8221; css=&#8221;&#8221; el_class=&#8221;introduction&#8221;]<\/p>\n<p style=\"text-align: center;\">A equipa GOBIO vem do mundo industrial e responde \u00e0s necessidades dos clientes utilizando as mais recentes tecnologias mec\u00e2nicas e rob\u00f3ticas, que adapta \u00e0s suas necessidades. A equipa tem vindo a desenvolver uma gama completa de dispositivos de assist\u00eancia ao operador composta por:<\/p>\n<p>[\/vc_column_text][vc_column_text css=&#8221;&#8221;]<\/p>\n<ul>\n<li style=\"text-align: center;\"><a href=\"https:\/\/gobio-robot.com\/pt\/exoesqueletos-industriais\/\">exoesqueletos<\/a><\/li>\n<\/ul>\n<p>[\/vc_column_text][vc_column_text]Estas solu\u00e7\u00f5es satisfazem as diferentes necessidades das empresas em termos de aplica\u00e7\u00f5es industriais ou log\u00edsticas. Como equipa inovadora, a GOBIO proporciona uma resposta individualizada aos profissionais que desejam melhorar as condi\u00e7\u00f5es de trabalho dos seus trabalhadores.[\/vc_column_text][vc_column_text]<\/p>\n<h4>As nossas solu\u00e7\u00f5es integram os seguintes per\u00edmetros:<\/h4>\n<p>[\/vc_column_text][vc_row_inner][vc_column_inner width=&#8221;1\/4&#8243; offset=&#8221;vc_col-xs-6&#8243;][vc_single_image image=&#8221;18599&#8243; alignment=&#8221;center&#8221; image_hover=&#8221;&#8221;][vc_column_text]<\/p>\n<h5 style=\"text-align: center;\">Movimenta\u00e7\u00e3o de cargas<\/h5>\n<p>[\/vc_column_text][\/vc_column_inner][vc_column_inner width=&#8221;1\/4&#8243; offset=&#8221;vc_col-xs-6&#8243;][vc_single_image image=&#8221;18593&#8243; alignment=&#8221;center&#8221; image_hover=&#8221;&#8221;][vc_column_text]<\/p>\n<h5 style=\"text-align: center;\">Trabalhos de bra\u00e7os elevados<\/h5>\n<p>[\/vc_column_text][\/vc_column_inner][vc_column_inner width=&#8221;1\/4&#8243; offset=&#8221;vc_col-xs-6&#8243;][vc_single_image image=&#8221;18600&#8243; alignment=&#8221;center&#8221; image_hover=&#8221;&#8221;][vc_column_text]<\/p>\n<h5 style=\"text-align: center;\">Posturas dolorosas e repetitivas<\/h5>\n<p>[\/vc_column_text][\/vc_column_inner][vc_column_inner width=&#8221;1\/4&#8243; offset=&#8221;vc_col-xs-6&#8243;][vc_single_image image=&#8221;18598&#8243; alignment=&#8221;center&#8221; image_hover=&#8221;&#8221;][vc_column_text]<\/p>\n<h5 style=\"text-align: center;\">Manuten\u00e7\u00e3o e colabora\u00e7\u00e3o<\/h5>\n<p>[\/vc_column_text][\/vc_column_inner][\/vc_row_inner][\/vc_column][\/vc_row]<\/p>\n<\/div>","protected":false},"excerpt":{"rendered":"<p>[vc_row background_style=&#8221;repeat&#8221; css=&#8221;.vc_custom_1494518320412{margin-top: 60px !important;margin-bottom: 30px !important;}&#8221;][vc_column][vc_column_text] Perfil &#8211; Hist\u00f3rico [\/vc_column_text][vc_empty_space height=&#8221;20&#8243;][vc_row_inner equal_height=&#8221;yes&#8221; gap=&#8221;15&#8243;][vc_column_inner width=&#8221;1\/3&#8243; css=&#8221;.vc_custom_1760616004733{border-top-width: 2px !important;border-right-width: 2px !important;border-bottom-width: 2px !important;border-left-width: 2px !important;background-color: #2F37870D !important;border-radius: 20px !important;}&#8221;][vc_single_image image=&#8221;24242&#8243; alignment=&#8221;center&#8221;&hellip;<\/p>\n","protected":false},"author":1,"featured_media":18500,"parent":18581,"menu_order":0,"comment_status":"closed","ping_status":"closed","template":"","meta":{"_acf_changed":false,"footnotes":""},"class_list":["post-18579","page","type-page","status-publish","has-post-thumbnail","hentry"],"acf":[],"yoast_head":"<title>Perfil - Hist\u00f3ria - GOBIO<\/title>\n<meta name=\"robots\" content=\"index, follow, max-snippet:-1, max-image-preview:large, max-video-preview:-1\" \/>\n<link rel=\"canonical\" href=\"https:\/\/gobio-robot.com\/pt\/empresa\/perfil-historia\/\" \/>\n<meta property=\"og:locale\" content=\"pt_PT\" \/>\n<meta property=\"og:type\" content=\"article\" \/>\n<meta property=\"og:title\" content=\"Perfil - Hist\u00f3ria - GOBIO\" \/>\n<meta property=\"og:description\" content=\"[vc_row background_style=&#8221;repeat&#8221; css=&#8221;.vc_custom_1494518320412{margin-top: 60px !important;margin-bottom: 30px !important;}&#8221;][vc_column][vc_column_text] Perfil &#8211; Hist\u00f3rico [\/vc_column_text][vc_empty_space height=&#8221;20&#8243;][vc_row_inner equal_height=&#8221;yes&#8221; gap=&#8221;15&#8243;][vc_column_inner width=&#8221;1\/3&#8243; css=&#8221;.vc_custom_1760616004733{border-top-width: 2px !important;border-right-width: 2px !important;border-bottom-width: 2px !important;border-left-width: 2px !important;background-color: #2F37870D !important;border-radius: 20px !important;}&#8221;][vc_single_image image=&#8221;24242&#8243; alignment=&#8221;center&#8221;&hellip;\" \/>\n<meta property=\"og:url\" content=\"https:\/\/gobio-robot.com\/pt\/empresa\/perfil-historia\/\" \/>\n<meta property=\"og:site_name\" content=\"GOBIO\" \/>\n<meta property=\"article:modified_time\" content=\"2025-10-16T12:00:58+00:00\" \/>\n<meta property=\"og:image\" content=\"https:\/\/gobio-robot.com\/wp-content\/uploads\/sites\/6\/2023\/02\/Gant-bionique-IRONHAND\u00ae-GOBIO.png\" \/>\n\t<meta property=\"og:image:width\" content=\"2000\" \/>\n\t<meta property=\"og:image:height\" content=\"800\" \/>\n\t<meta property=\"og:image:type\" content=\"image\/png\" \/>\n<meta name=\"twitter:card\" content=\"summary_large_image\" \/>\n<meta name=\"twitter:label1\" content=\"Est. reading time\" \/>\n\t<meta name=\"twitter:data1\" content=\"3 minutes\" \/>\n<script type=\"application\/ld+json\" class=\"yoast-schema-graph\">{\"@context\":\"https:\\\/\\\/schema.org\",\"@graph\":[{\"@type\":\"WebPage\",\"@id\":\"https:\\\/\\\/gobio-robot.com\\\/pt\\\/empresa\\\/perfil-historia\\\/\",\"url\":\"https:\\\/\\\/gobio-robot.com\\\/pt\\\/empresa\\\/perfil-historia\\\/\",\"name\":\"Perfil - Hist\u00f3ria - GOBIO\",\"isPartOf\":{\"@id\":\"https:\\\/\\\/gobio-robot.com\\\/#website\"},\"primaryImageOfPage\":{\"@id\":\"https:\\\/\\\/gobio-robot.com\\\/pt\\\/empresa\\\/perfil-historia\\\/#primaryimage\"},\"image\":{\"@id\":\"https:\\\/\\\/gobio-robot.com\\\/pt\\\/empresa\\\/perfil-historia\\\/#primaryimage\"},\"thumbnailUrl\":\"https:\\\/\\\/gobio-robot.com\\\/wp-content\\\/uploads\\\/sites\\\/6\\\/2023\\\/02\\\/Gant-bionique-IRONHAND\u00ae-GOBIO.png\",\"datePublished\":\"2017-05-26T07:52:06+00:00\",\"dateModified\":\"2025-10-16T12:00:58+00:00\",\"breadcrumb\":{\"@id\":\"https:\\\/\\\/gobio-robot.com\\\/pt\\\/empresa\\\/perfil-historia\\\/#breadcrumb\"},\"inLanguage\":\"pt\",\"potentialAction\":[{\"@type\":\"ReadAction\",\"target\":[\"https:\\\/\\\/gobio-robot.com\\\/pt\\\/empresa\\\/perfil-historia\\\/\"]}]},{\"@type\":\"ImageObject\",\"inLanguage\":\"pt\",\"@id\":\"https:\\\/\\\/gobio-robot.com\\\/pt\\\/empresa\\\/perfil-historia\\\/#primaryimage\",\"url\":\"https:\\\/\\\/gobio-robot.com\\\/wp-content\\\/uploads\\\/sites\\\/6\\\/2023\\\/02\\\/Gant-bionique-IRONHAND\u00ae-GOBIO.png\",\"contentUrl\":\"https:\\\/\\\/gobio-robot.com\\\/wp-content\\\/uploads\\\/sites\\\/6\\\/2023\\\/02\\\/Gant-bionique-IRONHAND\u00ae-GOBIO.png\",\"width\":2000,\"height\":800},{\"@type\":\"BreadcrumbList\",\"@id\":\"https:\\\/\\\/gobio-robot.com\\\/pt\\\/empresa\\\/perfil-historia\\\/#breadcrumb\",\"itemListElement\":[{\"@type\":\"ListItem\",\"position\":1,\"name\":\"Home\",\"item\":\"https:\\\/\\\/gobio-robot.com\\\/pt\\\/\"},{\"@type\":\"ListItem\",\"position\":2,\"name\":\"Empresa\",\"item\":\"https:\\\/\\\/gobio-robot.com\\\/pt\\\/empresa\\\/\"},{\"@type\":\"ListItem\",\"position\":3,\"name\":\"Perfil &#8211; Hist\u00f3ria\"}]},{\"@type\":\"WebSite\",\"@id\":\"https:\\\/\\\/gobio-robot.com\\\/#website\",\"url\":\"https:\\\/\\\/gobio-robot.com\\\/\",\"name\":\"GOBIO\",\"description\":\"\",\"potentialAction\":[{\"@type\":\"SearchAction\",\"target\":{\"@type\":\"EntryPoint\",\"urlTemplate\":\"https:\\\/\\\/gobio-robot.com\\\/?s={search_term_string}\"},\"query-input\":{\"@type\":\"PropertyValueSpecification\",\"valueRequired\":true,\"valueName\":\"search_term_string\"}}],\"inLanguage\":\"pt\"}]}<\/script>","yoast_head_json":{"title":"Perfil - Hist\u00f3ria - GOBIO","robots":{"index":"index","follow":"follow","max-snippet":"max-snippet:-1","max-image-preview":"max-image-preview:large","max-video-preview":"max-video-preview:-1"},"canonical":"https:\/\/gobio-robot.com\/pt\/empresa\/perfil-historia\/","og_locale":"pt_PT","og_type":"article","og_title":"Perfil - Hist\u00f3ria - GOBIO","og_description":"[vc_row background_style=&#8221;repeat&#8221; css=&#8221;.vc_custom_1494518320412{margin-top: 60px !important;margin-bottom: 30px !important;}&#8221;][vc_column][vc_column_text] Perfil &#8211; Hist\u00f3rico [\/vc_column_text][vc_empty_space height=&#8221;20&#8243;][vc_row_inner equal_height=&#8221;yes&#8221; gap=&#8221;15&#8243;][vc_column_inner width=&#8221;1\/3&#8243; css=&#8221;.vc_custom_1760616004733{border-top-width: 2px !important;border-right-width: 2px !important;border-bottom-width: 2px !important;border-left-width: 2px !important;background-color: #2F37870D !important;border-radius: 20px !important;}&#8221;][vc_single_image image=&#8221;24242&#8243; alignment=&#8221;center&#8221;&hellip;","og_url":"https:\/\/gobio-robot.com\/pt\/empresa\/perfil-historia\/","og_site_name":"GOBIO","article_modified_time":"2025-10-16T12:00:58+00:00","og_image":[{"width":2000,"height":800,"url":"https:\/\/gobio-robot.com\/wp-content\/uploads\/sites\/6\/2023\/02\/Gant-bionique-IRONHAND\u00ae-GOBIO.png","type":"image\/png"}],"twitter_card":"summary_large_image","twitter_misc":{"Est. reading time":"3 minutes"},"schema":{"@context":"https:\/\/schema.org","@graph":[{"@type":"WebPage","@id":"https:\/\/gobio-robot.com\/pt\/empresa\/perfil-historia\/","url":"https:\/\/gobio-robot.com\/pt\/empresa\/perfil-historia\/","name":"Perfil - Hist\u00f3ria - GOBIO","isPartOf":{"@id":"https:\/\/gobio-robot.com\/#website"},"primaryImageOfPage":{"@id":"https:\/\/gobio-robot.com\/pt\/empresa\/perfil-historia\/#primaryimage"},"image":{"@id":"https:\/\/gobio-robot.com\/pt\/empresa\/perfil-historia\/#primaryimage"},"thumbnailUrl":"https:\/\/gobio-robot.com\/wp-content\/uploads\/sites\/6\/2023\/02\/Gant-bionique-IRONHAND\u00ae-GOBIO.png","datePublished":"2017-05-26T07:52:06+00:00","dateModified":"2025-10-16T12:00:58+00:00","breadcrumb":{"@id":"https:\/\/gobio-robot.com\/pt\/empresa\/perfil-historia\/#breadcrumb"},"inLanguage":"pt","potentialAction":[{"@type":"ReadAction","target":["https:\/\/gobio-robot.com\/pt\/empresa\/perfil-historia\/"]}]},{"@type":"ImageObject","inLanguage":"pt","@id":"https:\/\/gobio-robot.com\/pt\/empresa\/perfil-historia\/#primaryimage","url":"https:\/\/gobio-robot.com\/wp-content\/uploads\/sites\/6\/2023\/02\/Gant-bionique-IRONHAND\u00ae-GOBIO.png","contentUrl":"https:\/\/gobio-robot.com\/wp-content\/uploads\/sites\/6\/2023\/02\/Gant-bionique-IRONHAND\u00ae-GOBIO.png","width":2000,"height":800},{"@type":"BreadcrumbList","@id":"https:\/\/gobio-robot.com\/pt\/empresa\/perfil-historia\/#breadcrumb","itemListElement":[{"@type":"ListItem","position":1,"name":"Home","item":"https:\/\/gobio-robot.com\/pt\/"},{"@type":"ListItem","position":2,"name":"Empresa","item":"https:\/\/gobio-robot.com\/pt\/empresa\/"},{"@type":"ListItem","position":3,"name":"Perfil &#8211; Hist\u00f3ria"}]},{"@type":"WebSite","@id":"https:\/\/gobio-robot.com\/#website","url":"https:\/\/gobio-robot.com\/","name":"GOBIO","description":"","potentialAction":[{"@type":"SearchAction","target":{"@type":"EntryPoint","urlTemplate":"https:\/\/gobio-robot.com\/?s={search_term_string}"},"query-input":{"@type":"PropertyValueSpecification","valueRequired":true,"valueName":"search_term_string"}}],"inLanguage":"pt"}]}},"_links":{"self":[{"href":"https:\/\/gobio-robot.com\/pt\/wp-json\/wp\/v2\/pages\/18579","targetHints":{"allow":["GET"]}}],"collection":[{"href":"https:\/\/gobio-robot.com\/pt\/wp-json\/wp\/v2\/pages"}],"about":[{"href":"https:\/\/gobio-robot.com\/pt\/wp-json\/wp\/v2\/types\/page"}],"author":[{"embeddable":true,"href":"https:\/\/gobio-robot.com\/pt\/wp-json\/wp\/v2\/users\/1"}],"replies":[{"embeddable":true,"href":"https:\/\/gobio-robot.com\/pt\/wp-json\/wp\/v2\/comments?post=18579"}],"version-history":[{"count":5,"href":"https:\/\/gobio-robot.com\/pt\/wp-json\/wp\/v2\/pages\/18579\/revisions"}],"predecessor-version":[{"id":24449,"href":"https:\/\/gobio-robot.com\/pt\/wp-json\/wp\/v2\/pages\/18579\/revisions\/24449"}],"up":[{"embeddable":true,"href":"https:\/\/gobio-robot.com\/pt\/wp-json\/wp\/v2\/pages\/18581"}],"wp:featuredmedia":[{"embeddable":true,"href":"https:\/\/gobio-robot.com\/pt\/wp-json\/wp\/v2\/media\/18500"}],"wp:attachment":[{"href":"https:\/\/gobio-robot.com\/pt\/wp-json\/wp\/v2\/media?parent=18579"}],"curies":[{"name":"wp","href":"https:\/\/api.w.org\/{rel}","templated":true}]}}