{"id":23009,"date":"2025-01-27T10:54:42","date_gmt":"2025-01-27T09:54:42","guid":{"rendered":"https:\/\/gobio-robot.com\/?page_id=23009"},"modified":"2025-12-10T16:30:49","modified_gmt":"2025-12-10T15:30:49","slug":"ip19-ergoesqueleto-musculos-das-costas","status":"publish","type":"page","link":"https:\/\/gobio-robot.com\/pt\/exoesqueletos-industriais\/ip19-ergoesqueleto-musculos-das-costas\/","title":{"rendered":"IP19 &#8211; exosqueleto para assist\u00eancia aos m\u00fasculos das costas"},"content":{"rendered":"<div class=\"wpb-content-wrapper\"><p>[vc_row][vc_column][vc_empty_space height=&#8221;100&#8243;][vc_raw_html css=&#8221;&#8221;]JTVCd3BzZW9fYnJlYWRjcnVtYiU1RA==[\/vc_raw_html][vc_column_text css=&#8221;&#8221;]<\/p>\n<h2><strong>IP19 |<\/strong> Modelo SKELEX exosqueleto para assist\u00eancia aos m\u00fasculos das costas<\/h2>\n<p>[\/vc_column_text][\/vc_column][\/vc_row][vc_row content_placement=&#8221;middle&#8221;][vc_column width=&#8221;2\/3&#8243;][vc_column_text css=&#8221;&#8221;]O IP19 \u00e9 um exosqueleto concebido para proteger as costas e os joelhos dos operadores. Alivia a press\u00e3o nas zonas mais afetadas por posturas inc\u00f3modas, melhorando simultaneamente a postura e a seguran\u00e7a dos usuarios.<\/p>\n<p>Leve e de utiliza\u00e7\u00e3o simples, ajusta-se intuitivamente para se adaptar a todas as morfologias. F\u00e1cil de colocar, pode ser usado durante todo o dia sem perturbar o usuarios.[\/vc_column_text][vc_column_text css=&#8221;&#8221;]<\/p>\n<h3>PRINCIPAIS VANTAGENS<\/h3>\n<p>[\/vc_column_text][vc_row_inner][vc_column_inner width=&#8221;1\/3&#8243; offset=&#8221;vc_col-xs-4&#8243;][vc_single_image image=&#8221;23012&#8243; img_size=&#8221;120*120&#8243; alignment=&#8221;center&#8221; css=&#8221;&#8221; image_hover=&#8221;&#8221;][vc_column_text css=&#8221;&#8221;]<\/p>\n<p style=\"text-align: center;\">F\u00e1cil de usar<\/p>\n<p>[\/vc_column_text][\/vc_column_inner][vc_column_inner width=&#8221;1\/3&#8243; offset=&#8221;vc_col-xs-4&#8243;][vc_single_image image=&#8221;18488&#8243; img_size=&#8221;120*120&#8243; alignment=&#8221;center&#8221; css=&#8221;&#8221; image_hover=&#8221;&#8221;][vc_column_text css=&#8221;&#8221;]<\/p>\n<p style=\"text-align: center;\">Leve<\/p>\n<p>[\/vc_column_text][\/vc_column_inner][vc_column_inner width=&#8221;1\/3&#8243; offset=&#8221;vc_col-xs-4&#8243;][vc_single_image image=&#8221;23016&#8243; img_size=&#8221;120*120&#8243; alignment=&#8221;center&#8221; css=&#8221;&#8221; image_hover=&#8221;&#8221;][vc_column_text css=&#8221;&#8221;]<\/p>\n<p style=\"text-align: center;\">Polival\u00eancia e adaptabilidade<\/p>\n<p>[\/vc_column_text][\/vc_column_inner][\/vc_row_inner][vc_empty_space height=&#8221;40&#8243;][\/vc_column][vc_column width=&#8221;1\/3&#8243;][vc_single_image image=&#8221;24870&#8243; img_size=&#8221;450*550&#8243; alignment=&#8221;center&#8221; css=&#8221;&#8221; image_hover=&#8221;&#8221;][\/vc_column][\/vc_row][vc_row content_placement=&#8221;top&#8221;][vc_column width=&#8221;2\/3&#8243;][vc_column_text css=&#8221;&#8221;]<\/p>\n<h3>CARATER\u00cdSTICAS<\/h3>\n<p>O IP19 reduz eficazmente a press\u00e3o na regi\u00e3o lombar, mantendo a coluna vertebral numa posi\u00e7\u00e3o otimizada.\u00a0 A fixa\u00e7\u00e3o nos membros inferiores permite que o exoesqueleto ofere\u00e7a suporte adicional durante movimentos repetitivos ou na posi\u00e7\u00e3o ajoelhada, <strong>diminuindo o risco de dist\u00farbios musculoesquel\u00e9ticos (DME).<\/strong><\/p>\n<p>Sem componentes eletr\u00f3nicos, oferece um apoio muscular passivo, discreto e leve.[\/vc_column_text][vc_column_text css=&#8221;&#8221;]<\/p>\n<h3><span lang=\"PT\">\u00c2MBITOS DE APLICA\u00c7\u00c3O <\/span><\/h3>\n<p>O exosqueleto IP19 destina-se a ser utilizado nos sectores da <strong>log\u00edstica<\/strong>, <strong>agricultura<\/strong>, <strong>sa\u00fade<\/strong>, <strong>constru\u00e7\u00e3o<\/strong>, bem como na <strong>ind\u00fastria<\/strong>.<\/p>\n<p>Os usarios que operam nestes sectores t\u00eam frequentemente de se agachar, curvar ou levantar cargas pesadas. Estas posturas exigem um grande esfor\u00e7o das costas e dos joelhos. Os movimentos repetitivos ou a perman\u00eancia prolongada em determinadas posi\u00e7\u00f5es baixas podem provocar fadiga muscular, les\u00f5es e o desenvolvimento de les\u00f5es m\u00fasculo-esquel\u00e9ticas (LME).<\/p>\n<p>Gra\u00e7as \u00e0 tecnologia patenteada, o IP19 modela SKELEX reduz os esfor\u00e7os relacionados com o manuseamento em 20%. Assim, melhora as condi\u00e7\u00f5es de seguran\u00e7a, de conforto e de produtividade no trabalho.[\/vc_column_text][\/vc_column][vc_column width=&#8221;1\/3&#8243;]<div class=\"ult-content-box-container \" >\t<a class=\"ult-content-box-anchor\" href=\"https:\/\/gobio-robot.com\/pt\/descargas\/\" title=\"Descargue nuestro volante\" >\t\t<div class=\"ult-content-box\" style=\"background-color:rgba(0,157,224,0.15);box-shadow: px px px px none;padding:15px;margin-top:5px;margin-right:15px;margin-bottom:5px;margin-left:15px;min-height:250px;-webkit-transition: all 700ms ease;-moz-transition: all 700ms ease;-ms-transition: all 700ms ease;-o-transition: all 700ms ease;transition: all 700ms ease;\"  data-hover_bg_color=\"rgba(205,91,27,0.15)\"  data-hover_box_shadow=\"none\"    data-normal_margins=\"margin-top:5px;margin-right:15px;margin-bottom:5px;margin-left:15px;\"   data-bg=\"rgba(0,157,224,0.15)\" >[vc_single_image image=&#8221;23593&#8243; img_size=&#8221;150*212&#8243; alignment=&#8221;center&#8221; css=&#8221;&#8221; image_hover=&#8221;&#8221;][vc_column_text css=&#8221;&#8221;]<\/p>\n<p style=\"text-align: center;\"><span style=\"color: #2f3787;\"><strong><span style=\"font-size: 1.1em;\">Descarregue a nossa brochura completa sobre o exosqueleto IP19<\/span><\/strong><\/span><strong><span style=\"color: #2f3787; font-size: 1.1em;\">\u00a0<\/span><\/strong><\/p>\n<p>[\/vc_column_text][vc_btn title=&#8221;Descarregar&#8221; style=&#8221;custom&#8221; custom_background=&#8221;#cd5b1b&#8221; custom_text=&#8221;#ffffff&#8221; align=&#8221;center&#8221; i_icon_fontawesome=&#8221;fas fa-file-download&#8221; css=&#8221;&#8221; add_icon=&#8221;true&#8221; link=&#8221;url:https%3A%2F%2Fgobio-robot.com%2Fpt%2Fdescargas%2F|title:Descarregue%20a%20nossa%20brochura!&#8221;]\t\t<\/div>\t<\/a><\/div>[\/vc_column][\/vc_row][vc_row][vc_column][vc_column_text css=&#8221;&#8221;]<\/p>\n<p style=\"text-align: center;\"><a href=\"https:\/\/gobio-robot.com\/pt\/contacto\/\" target=\"_blank\" rel=\"noopener\"><span style=\"color: #cd5b1b;\"> <u> <strong> Contacte-nos para efetuar a sua encomenda!<\/strong> <\/u> <\/span><\/a><\/p>\n<p>[\/vc_column_text][vc_empty_space][\/vc_column][\/vc_row][vc_row el_class=&#8221;block-half-col&#8221;][vc_column][vc_column_text css=&#8221;&#8221;]<\/p>\n<h2 style=\"text-align: center;\">Exemplos de aplica\u00e7\u00e3o do nosso exoesqueleto IP19 &#8211; Skelex<\/h2>\n<p>[\/vc_column_text][vc_empty_space][vc_row_inner content_placement=&#8221;middle&#8221; el_class=&#8221;range-alternance&#8221;][vc_column_inner width=&#8221;1\/2&#8243;][vc_single_image image=&#8221;24883&#8243; img_size=&#8221;585&#215;520&#8243; alignment=&#8221;center&#8221; css=&#8221;&#8221; image_hover=&#8221;&#8221;][\/vc_column_inner][vc_column_inner width=&#8221;1\/2&#8243;][vc_column_text css=&#8221;&#8221;]<\/p>\n<h3>Viticultura<\/h3>\n<p>Operador equipado com o exoesqueleto IP19 durante a vindima[\/vc_column_text][\/vc_column_inner][\/vc_row_inner][vc_row_inner content_placement=&#8221;middle&#8221;][vc_column_inner width=&#8221;1\/2&#8243;][vc_column_text css=&#8221;&#8221;]<\/p>\n<h3>Log\u00edstica<\/h3>\n<p>[\/vc_column_text][\/vc_column_inner][vc_column_inner width=&#8221;1\/2&#8243;][vc_single_image image=&#8221;24902&#8243; img_size=&#8221;585&#215;520&#8243; alignment=&#8221;center&#8221; css=&#8221;&#8221; image_hover=&#8221;&#8221;][\/vc_column_inner][\/vc_row_inner][vc_row_inner content_placement=&#8221;middle&#8221; el_class=&#8221;range-alternance&#8221;][vc_column_inner width=&#8221;1\/2&#8243;][vc_single_image image=&#8221;24898&#8243; img_size=&#8221;585&#215;520&#8243; alignment=&#8221;center&#8221; css=&#8221;&#8221; image_hover=&#8221;&#8221;][\/vc_column_inner][vc_column_inner width=&#8221;1\/2&#8243;][vc_column_text css=&#8221;&#8221;]<\/p>\n<h3>Agricultura<\/h3>\n<p>Horticultores equipados com o exoesqueleto IP19<\/p>\n<h3><\/h3>\n<p>[\/vc_column_text][\/vc_column_inner][\/vc_row_inner][vc_row_inner content_placement=&#8221;middle&#8221;][vc_column_inner width=&#8221;1\/2&#8243;][vc_column_text css=&#8221;&#8221;]<\/p>\n<h3>Mec\u00e2nica<\/h3>\n<p>Utiliza\u00e7\u00e3o do exoesqueleto IP19 durante o Bol d&#8217;Or 2025[\/vc_column_text][\/vc_column_inner][vc_column_inner width=&#8221;1\/2&#8243;][vc_single_image image=&#8221;24875&#8243; img_size=&#8221;585&#215;520&#8243; alignment=&#8221;center&#8221; css=&#8221;&#8221; image_hover=&#8221;&#8221;][\/vc_column_inner][\/vc_row_inner][vc_row_inner content_placement=&#8221;middle&#8221; el_class=&#8221;range-alternance&#8221;][vc_column_inner width=&#8221;1\/2&#8243;][vc_single_image image=&#8221;24906&#8243; img_size=&#8221;585&#215;520&#8243; alignment=&#8221;center&#8221; css=&#8221;&#8221; image_hover=&#8221;&#8221;][\/vc_column_inner][vc_column_inner width=&#8221;1\/2&#8243;][vc_column_text css=&#8221;&#8221;]<\/p>\n<h3>Ferrovi\u00e1rio<\/h3>\n<p>Utiliza\u00e7\u00e3o do IP19 por um t\u00e9cnico de manuten\u00e7\u00e3o mec\u00e2nica ferrovi\u00e1ria[\/vc_column_text][\/vc_column_inner][\/vc_row_inner][vc_row_inner content_placement=&#8221;middle&#8221;][vc_column_inner width=&#8221;1\/2&#8243;][vc_column_text css=&#8221;&#8221;]<\/p>\n<h3>Obras p\u00fablicas<\/h3>\n<p>O exoesqueleto IP19 auxilia os operadores, reduzindo o esfor\u00e7o durante a coloca\u00e7\u00e3o de pavimentos, para uma repara\u00e7\u00e3o mais r\u00e1pida e menos penosa da pavimenta\u00e7\u00e3o.[\/vc_column_text][\/vc_column_inner][vc_column_inner width=&#8221;1\/2&#8243;][vc_single_image image=&#8221;25362&#8243; img_size=&#8221;585&#215;520&#8243; alignment=&#8221;center&#8221; css=&#8221;&#8221; image_hover=&#8221;&#8221;][\/vc_column_inner][\/vc_row_inner][vc_row_inner content_placement=&#8221;middle&#8221;][vc_column_inner width=&#8221;1\/2&#8243;][vc_video link=&#8221;https:\/\/www.youtube.com\/watch?v=xRxvS_34sOI&#8221; css=&#8221;&#8221;][\/vc_column_inner][vc_column_inner width=&#8221;1\/2&#8243;][vc_column_text css=&#8221;&#8221;]Projetado para aliviar as \u00e1reas mais solicitadas, o exoesqueleto IP19 oferece suporte direcionado para as costas e joelhos durante tarefas repetitivas ou extenuantes. Ergon\u00f4mico e ajust\u00e1vel, ele se adapta naturalmente a cada usu\u00e1rio para prevenir fadiga e riscos de LER\/DORT.<\/p>\n<p>Assista ao nosso v\u00eddeo de apresenta\u00e7\u00e3o do exoesqueleto IP19 para descobrir em imagens suas vantagens![\/vc_column_text][\/vc_column_inner][\/vc_row_inner][\/vc_column][\/vc_row][vc_row][vc_column][vc_empty_space height=&#8221;22&#8243;][\/vc_column][\/vc_row][vc_row][vc_column][vc_btn title=&#8221;Baixe nossa brochura dedicada ao exoesqueleto IP19 para descobrir suas caracter\u00edsticas, vantagens, aplica\u00e7\u00f5es&#8230;&#8221; style=&#8221;custom&#8221; custom_background=&#8221;#CD5B1B&#8221; custom_text=&#8221;#FFFFFF&#8221; size=&#8221;lg&#8221; align=&#8221;center&#8221; i_icon_fontawesome=&#8221;fas fa-download&#8221; css=&#8221;&#8221; button_block=&#8221;true&#8221; add_icon=&#8221;true&#8221; link=&#8221;url:https%3A%2F%2Fgobio-robot.com%2Fpt%2Fdescargas%2F|title:Descarregue%20a%20nossa%20brochura!&#8221;][vc_empty_space][\/vc_column][\/vc_row][vc_row][vc_column][vc_column_text css=&#8221;&#8221;]<\/p>\n<h3>Descubra nossa linha de exoesqueletos GOBIO<\/h3>\n<p>[\/vc_column_text]<div id=\"ult-carousel-257147776869e0fe059056d\" class=\"ult-carousel-wrapper   ult_horizontal\" data-gutter=\"15\" data-rtl=\"false\" ><div class=\"ult-carousel-421798721069e0fe05904cf \" >[vc_single_image image=&#8221;22145&#8243; img_size=&#8221;250*250&#8243; alignment=&#8221;center&#8221; style=&#8221;vc_box_circle&#8221; onclick=&#8221;custom_link&#8221; css=&#8221;.vc_custom_1760692286316{background-color: #FFFFFF !important;}&#8221; image_hover=&#8221;&#8221; link=&#8221;https:\/\/gobio-robot.com\/pt\/exoesqueletos-industriais\/ip11-exoesqueleto-de-cabeza-modelo-skelex\/&#8221; title=&#8221;IP11&#8243;][vc_single_image image=&#8221;23827&#8243; img_size=&#8221;250*250&#8243; alignment=&#8221;center&#8221; style=&#8221;vc_box_circle&#8221; onclick=&#8221;custom_link&#8221; css=&#8221;.vc_custom_1760692220671{background-color: #FFFFFF !important;}&#8221; image_hover=&#8221;&#8221; link=&#8221;https:\/\/gobio-robot.com\/pt\/exoesqueletos-industriais\/ip-12-exoesqueleto-para-postura-e-apoio-de-bracos-em-altura\/&#8221; title=&#8221;IP12&#8243;][vc_single_image image=&#8221;24128&#8243; img_size=&#8221;250*250&#8243; alignment=&#8221;center&#8221; style=&#8221;vc_box_circle&#8221; onclick=&#8221;custom_link&#8221; css=&#8221;.vc_custom_1760692230653{background-color: #FFFFFF !important;}&#8221; image_hover=&#8221;&#8221; link=&#8221;https:\/\/gobio-robot.com\/pt\/exoesqueletos-industriais\/ip13-alivio-de-dores-lombares\/&#8221; title=&#8221;IP13&#8243;][vc_single_image image=&#8221;24132&#8243; img_size=&#8221;250*250&#8243; alignment=&#8221;center&#8221; style=&#8221;vc_box_circle&#8221; onclick=&#8221;custom_link&#8221; css=&#8221;.vc_custom_1760692241541{background-color: #FFFFFF !important;}&#8221; image_hover=&#8221;&#8221; link=&#8221;https:\/\/gobio-robot.com\/pt\/exoesqueletos-industriais\/ip-14-cadeira-de-exoesqueleto-para-postura-de-pe\/&#8221; title=&#8221;IP14&#8243;][vc_single_image image=&#8221;24136&#8243; img_size=&#8221;250*250&#8243; alignment=&#8221;center&#8221; style=&#8221;vc_box_circle&#8221; onclick=&#8221;custom_link&#8221; css=&#8221;.vc_custom_1760692252855{background-color: #FFFFFF !important;}&#8221; image_hover=&#8221;&#8221; link=&#8221;https:\/\/gobio-robot.com\/pt\/exoesqueletos-industriais\/ironhand-guante-bionico\/&#8221; title=&#8221;IRONHAND\u00ae&#8221;]<\/div><\/div>\t\t\t<script type=\"text\/javascript\">\n\t\t\t\tjQuery(document).ready(function ($) {\n\t\t\t\t\tif( typeof jQuery('.ult-carousel-421798721069e0fe05904cf').slick == \"function\"){\n\t\t\t\t\t\t$('.ult-carousel-421798721069e0fe05904cf').slick({dots: false,autoplay: true,autoplaySpeed: \"3000\",speed: \"300\",infinite: true,arrows: true,nextArrow: '<button type=\"button\" role=\"button\" aria-label=\"Next\" style=\"color:#2F3787; font-size:20px;\" class=\"slick-next default\"><i class=\"ultsl-arrow-right6\"><\/i><\/button>',prevArrow: '<button type=\"button\" role=\"button\" aria-label=\"Previous\" style=\"color:#2F3787; font-size:20px;\" class=\"slick-prev default\"><i class=\"ultsl-arrow-left6\"><\/i><\/button>',slidesToScroll:3,slidesToShow:3,swipe: true,draggable: true,touchMove: true,pauseOnHover: true,pauseOnFocus: false,responsive: [\n\t\t\t\t\t\t\t{\n\t\t\t\t\t\t\t  breakpoint: 1026,\n\t\t\t\t\t\t\t  settings: {\n\t\t\t\t\t\t\t\tslidesToShow: 3,\n\t\t\t\t\t\t\t\tslidesToScroll: 3,  \n\t\t\t\t\t\t\t  }\n\t\t\t\t\t\t\t},\n\t\t\t\t\t\t\t{\n\t\t\t\t\t\t\t  breakpoint: 1025,\n\t\t\t\t\t\t\t  settings: {\n\t\t\t\t\t\t\t\tslidesToShow: 3,\n\t\t\t\t\t\t\t\tslidesToScroll: 3\n\t\t\t\t\t\t\t  }\n\t\t\t\t\t\t\t},\n\t\t\t\t\t\t\t{\n\t\t\t\t\t\t\t  breakpoint: 760,\n\t\t\t\t\t\t\t  settings: {\n\t\t\t\t\t\t\t\tslidesToShow: 2,\n\t\t\t\t\t\t\t\tslidesToScroll: 2\n\t\t\t\t\t\t\t  }\n\t\t\t\t\t\t\t}\n\t\t\t\t\t\t],pauseOnDotsHover: true,customPaging: function(slider, i) {\n                   return '<i type=\"button\" style= \"color:#333333;\" class=\"ultsl-record\" data-role=\"none\"><\/i>';\n                },});\n\t\t\t\t\t}\n\t\t\t\t});\n\t\t\t<\/script>\n\t\t\t[vc_empty_space height=&#8221;50&#8243;][\/vc_column][\/vc_row]<\/p>\n<\/div>","protected":false},"excerpt":{"rendered":"<p>[vc_row][vc_column][vc_empty_space height=&#8221;100&#8243;][vc_raw_html css=&#8221;&#8221;]JTVCd3BzZW9fYnJlYWRjcnVtYiU1RA==[\/vc_raw_html][vc_column_text css=&#8221;&#8221;] IP19 | Modelo SKELEX exosqueleto para assist\u00eancia aos m\u00fasculos das costas [\/vc_column_text][\/vc_column][\/vc_row][vc_row content_placement=&#8221;middle&#8221;][vc_column width=&#8221;2\/3&#8243;][vc_column_text css=&#8221;&#8221;]O IP19 \u00e9 um exosqueleto concebido para proteger as costas e os&hellip;<\/p>\n","protected":false},"author":2,"featured_media":24762,"parent":18431,"menu_order":0,"comment_status":"closed","ping_status":"closed","template":"page-avec-slider.php","meta":{"_acf_changed":false,"footnotes":""},"class_list":["post-23009","page","type-page","status-publish","has-post-thumbnail","hentry"],"acf":[],"yoast_head":"<title>Ergoesqueleto de postura, exoesqueleto \u2013 IP03 LiftSuit\u00ae | GOBIO<\/title>\n<meta name=\"description\" content=\"Descubra o IP03 Lifsuit\u00ae, um ergoesqueleto de postura para as costas. Alivia os m\u00fasculos das costas e da anca durante o transporte de objectos.\" \/>\n<meta name=\"robots\" content=\"index, follow, max-snippet:-1, max-image-preview:large, max-video-preview:-1\" \/>\n<link rel=\"canonical\" href=\"https:\/\/gobio-robot.com\/pt\/exoesqueletos-industriais\/ip19-ergoesqueleto-musculos-das-costas\/\" \/>\n<meta property=\"og:locale\" content=\"pt_PT\" \/>\n<meta property=\"og:type\" content=\"article\" \/>\n<meta property=\"og:title\" content=\"Ergoesqueleto de postura, exoesqueleto \u2013 IP03 LiftSuit\u00ae | GOBIO\" \/>\n<meta property=\"og:description\" content=\"Descubra o IP03 Lifsuit\u00ae, um ergoesqueleto de postura para as costas. Alivia os m\u00fasculos das costas e da anca durante o transporte de objectos.\" \/>\n<meta property=\"og:url\" content=\"https:\/\/gobio-robot.com\/pt\/exoesqueletos-industriais\/ip19-ergoesqueleto-musculos-das-costas\/\" \/>\n<meta property=\"og:site_name\" content=\"GOBIO\" \/>\n<meta property=\"article:modified_time\" content=\"2025-12-10T15:30:49+00:00\" \/>\n<meta property=\"og:image\" content=\"https:\/\/gobio-robot.com\/wp-content\/uploads\/sites\/6\/2025\/10\/Exosquelette-IP19-GOBIO-1024x410.png\" \/>\n\t<meta property=\"og:image:width\" content=\"1024\" \/>\n\t<meta property=\"og:image:height\" content=\"410\" \/>\n\t<meta property=\"og:image:type\" content=\"image\/png\" \/>\n<meta name=\"twitter:card\" content=\"summary_large_image\" \/>\n<meta name=\"twitter:label1\" content=\"Est. reading time\" \/>\n\t<meta name=\"twitter:data1\" content=\"4 minutes\" \/>\n<script type=\"application\/ld+json\" class=\"yoast-schema-graph\">{\"@context\":\"https:\\\/\\\/schema.org\",\"@graph\":[{\"@type\":\"WebPage\",\"@id\":\"https:\\\/\\\/gobio-robot.com\\\/pt\\\/exoesqueletos-industriais\\\/ip19-ergoesqueleto-musculos-das-costas\\\/\",\"url\":\"https:\\\/\\\/gobio-robot.com\\\/pt\\\/exoesqueletos-industriais\\\/ip19-ergoesqueleto-musculos-das-costas\\\/\",\"name\":\"Ergoesqueleto de postura, exoesqueleto \u2013 IP03 LiftSuit\u00ae | GOBIO\",\"isPartOf\":{\"@id\":\"https:\\\/\\\/gobio-robot.com\\\/#website\"},\"primaryImageOfPage\":{\"@id\":\"https:\\\/\\\/gobio-robot.com\\\/pt\\\/exoesqueletos-industriais\\\/ip19-ergoesqueleto-musculos-das-costas\\\/#primaryimage\"},\"image\":{\"@id\":\"https:\\\/\\\/gobio-robot.com\\\/pt\\\/exoesqueletos-industriais\\\/ip19-ergoesqueleto-musculos-das-costas\\\/#primaryimage\"},\"thumbnailUrl\":\"https:\\\/\\\/gobio-robot.com\\\/wp-content\\\/uploads\\\/sites\\\/6\\\/2025\\\/10\\\/Exosquelette-IP19-GOBIO.png\",\"datePublished\":\"2025-01-27T09:54:42+00:00\",\"dateModified\":\"2025-12-10T15:30:49+00:00\",\"description\":\"Descubra o IP03 Lifsuit\u00ae, um ergoesqueleto de postura para as costas. Alivia os m\u00fasculos das costas e da anca durante o transporte de objectos.\",\"breadcrumb\":{\"@id\":\"https:\\\/\\\/gobio-robot.com\\\/pt\\\/exoesqueletos-industriais\\\/ip19-ergoesqueleto-musculos-das-costas\\\/#breadcrumb\"},\"inLanguage\":\"pt\",\"potentialAction\":[{\"@type\":\"ReadAction\",\"target\":[\"https:\\\/\\\/gobio-robot.com\\\/pt\\\/exoesqueletos-industriais\\\/ip19-ergoesqueleto-musculos-das-costas\\\/\"]}]},{\"@type\":\"ImageObject\",\"inLanguage\":\"pt\",\"@id\":\"https:\\\/\\\/gobio-robot.com\\\/pt\\\/exoesqueletos-industriais\\\/ip19-ergoesqueleto-musculos-das-costas\\\/#primaryimage\",\"url\":\"https:\\\/\\\/gobio-robot.com\\\/wp-content\\\/uploads\\\/sites\\\/6\\\/2025\\\/10\\\/Exosquelette-IP19-GOBIO.png\",\"contentUrl\":\"https:\\\/\\\/gobio-robot.com\\\/wp-content\\\/uploads\\\/sites\\\/6\\\/2025\\\/10\\\/Exosquelette-IP19-GOBIO.png\",\"width\":2000,\"height\":800,\"caption\":\"Exosquelette-IP19-GOBIO\"},{\"@type\":\"BreadcrumbList\",\"@id\":\"https:\\\/\\\/gobio-robot.com\\\/pt\\\/exoesqueletos-industriais\\\/ip19-ergoesqueleto-musculos-das-costas\\\/#breadcrumb\",\"itemListElement\":[{\"@type\":\"ListItem\",\"position\":1,\"name\":\"Home\",\"item\":\"https:\\\/\\\/gobio-robot.com\\\/pt\\\/\"},{\"@type\":\"ListItem\",\"position\":2,\"name\":\"As nossas solu\u00e7\u00f5es de exoesqueletos industriais\",\"item\":\"https:\\\/\\\/gobio-robot.com\\\/pt\\\/exoesqueletos-industriais\\\/\"},{\"@type\":\"ListItem\",\"position\":3,\"name\":\"IP19 &#8211; exosqueleto para assist\u00eancia aos m\u00fasculos das costas\"}]},{\"@type\":\"WebSite\",\"@id\":\"https:\\\/\\\/gobio-robot.com\\\/#website\",\"url\":\"https:\\\/\\\/gobio-robot.com\\\/\",\"name\":\"GOBIO\",\"description\":\"\",\"potentialAction\":[{\"@type\":\"SearchAction\",\"target\":{\"@type\":\"EntryPoint\",\"urlTemplate\":\"https:\\\/\\\/gobio-robot.com\\\/?s={search_term_string}\"},\"query-input\":{\"@type\":\"PropertyValueSpecification\",\"valueRequired\":true,\"valueName\":\"search_term_string\"}}],\"inLanguage\":\"pt\"}]}<\/script>","yoast_head_json":{"title":"Ergoesqueleto de postura, exoesqueleto \u2013 IP03 LiftSuit\u00ae | GOBIO","description":"Descubra o IP03 Lifsuit\u00ae, um ergoesqueleto de postura para as costas. Alivia os m\u00fasculos das costas e da anca durante o transporte de objectos.","robots":{"index":"index","follow":"follow","max-snippet":"max-snippet:-1","max-image-preview":"max-image-preview:large","max-video-preview":"max-video-preview:-1"},"canonical":"https:\/\/gobio-robot.com\/pt\/exoesqueletos-industriais\/ip19-ergoesqueleto-musculos-das-costas\/","og_locale":"pt_PT","og_type":"article","og_title":"Ergoesqueleto de postura, exoesqueleto \u2013 IP03 LiftSuit\u00ae | GOBIO","og_description":"Descubra o IP03 Lifsuit\u00ae, um ergoesqueleto de postura para as costas. Alivia os m\u00fasculos das costas e da anca durante o transporte de objectos.","og_url":"https:\/\/gobio-robot.com\/pt\/exoesqueletos-industriais\/ip19-ergoesqueleto-musculos-das-costas\/","og_site_name":"GOBIO","article_modified_time":"2025-12-10T15:30:49+00:00","og_image":[{"width":1024,"height":410,"url":"https:\/\/gobio-robot.com\/wp-content\/uploads\/sites\/6\/2025\/10\/Exosquelette-IP19-GOBIO-1024x410.png","type":"image\/png"}],"twitter_card":"summary_large_image","twitter_misc":{"Est. reading time":"4 minutes"},"schema":{"@context":"https:\/\/schema.org","@graph":[{"@type":"WebPage","@id":"https:\/\/gobio-robot.com\/pt\/exoesqueletos-industriais\/ip19-ergoesqueleto-musculos-das-costas\/","url":"https:\/\/gobio-robot.com\/pt\/exoesqueletos-industriais\/ip19-ergoesqueleto-musculos-das-costas\/","name":"Ergoesqueleto de postura, exoesqueleto \u2013 IP03 LiftSuit\u00ae | GOBIO","isPartOf":{"@id":"https:\/\/gobio-robot.com\/#website"},"primaryImageOfPage":{"@id":"https:\/\/gobio-robot.com\/pt\/exoesqueletos-industriais\/ip19-ergoesqueleto-musculos-das-costas\/#primaryimage"},"image":{"@id":"https:\/\/gobio-robot.com\/pt\/exoesqueletos-industriais\/ip19-ergoesqueleto-musculos-das-costas\/#primaryimage"},"thumbnailUrl":"https:\/\/gobio-robot.com\/wp-content\/uploads\/sites\/6\/2025\/10\/Exosquelette-IP19-GOBIO.png","datePublished":"2025-01-27T09:54:42+00:00","dateModified":"2025-12-10T15:30:49+00:00","description":"Descubra o IP03 Lifsuit\u00ae, um ergoesqueleto de postura para as costas. Alivia os m\u00fasculos das costas e da anca durante o transporte de objectos.","breadcrumb":{"@id":"https:\/\/gobio-robot.com\/pt\/exoesqueletos-industriais\/ip19-ergoesqueleto-musculos-das-costas\/#breadcrumb"},"inLanguage":"pt","potentialAction":[{"@type":"ReadAction","target":["https:\/\/gobio-robot.com\/pt\/exoesqueletos-industriais\/ip19-ergoesqueleto-musculos-das-costas\/"]}]},{"@type":"ImageObject","inLanguage":"pt","@id":"https:\/\/gobio-robot.com\/pt\/exoesqueletos-industriais\/ip19-ergoesqueleto-musculos-das-costas\/#primaryimage","url":"https:\/\/gobio-robot.com\/wp-content\/uploads\/sites\/6\/2025\/10\/Exosquelette-IP19-GOBIO.png","contentUrl":"https:\/\/gobio-robot.com\/wp-content\/uploads\/sites\/6\/2025\/10\/Exosquelette-IP19-GOBIO.png","width":2000,"height":800,"caption":"Exosquelette-IP19-GOBIO"},{"@type":"BreadcrumbList","@id":"https:\/\/gobio-robot.com\/pt\/exoesqueletos-industriais\/ip19-ergoesqueleto-musculos-das-costas\/#breadcrumb","itemListElement":[{"@type":"ListItem","position":1,"name":"Home","item":"https:\/\/gobio-robot.com\/pt\/"},{"@type":"ListItem","position":2,"name":"As nossas solu\u00e7\u00f5es de exoesqueletos industriais","item":"https:\/\/gobio-robot.com\/pt\/exoesqueletos-industriais\/"},{"@type":"ListItem","position":3,"name":"IP19 &#8211; exosqueleto para assist\u00eancia aos m\u00fasculos das costas"}]},{"@type":"WebSite","@id":"https:\/\/gobio-robot.com\/#website","url":"https:\/\/gobio-robot.com\/","name":"GOBIO","description":"","potentialAction":[{"@type":"SearchAction","target":{"@type":"EntryPoint","urlTemplate":"https:\/\/gobio-robot.com\/?s={search_term_string}"},"query-input":{"@type":"PropertyValueSpecification","valueRequired":true,"valueName":"search_term_string"}}],"inLanguage":"pt"}]}},"_links":{"self":[{"href":"https:\/\/gobio-robot.com\/pt\/wp-json\/wp\/v2\/pages\/23009","targetHints":{"allow":["GET"]}}],"collection":[{"href":"https:\/\/gobio-robot.com\/pt\/wp-json\/wp\/v2\/pages"}],"about":[{"href":"https:\/\/gobio-robot.com\/pt\/wp-json\/wp\/v2\/types\/page"}],"author":[{"embeddable":true,"href":"https:\/\/gobio-robot.com\/pt\/wp-json\/wp\/v2\/users\/2"}],"replies":[{"embeddable":true,"href":"https:\/\/gobio-robot.com\/pt\/wp-json\/wp\/v2\/comments?post=23009"}],"version-history":[{"count":5,"href":"https:\/\/gobio-robot.com\/pt\/wp-json\/wp\/v2\/pages\/23009\/revisions"}],"predecessor-version":[{"id":25371,"href":"https:\/\/gobio-robot.com\/pt\/wp-json\/wp\/v2\/pages\/23009\/revisions\/25371"}],"up":[{"embeddable":true,"href":"https:\/\/gobio-robot.com\/pt\/wp-json\/wp\/v2\/pages\/18431"}],"wp:featuredmedia":[{"embeddable":true,"href":"https:\/\/gobio-robot.com\/pt\/wp-json\/wp\/v2\/media\/24762"}],"wp:attachment":[{"href":"https:\/\/gobio-robot.com\/pt\/wp-json\/wp\/v2\/media?parent=23009"}],"curies":[{"name":"wp","href":"https:\/\/api.w.org\/{rel}","templated":true}]}}